{"id":34672,"date":"2025-06-06T09:00:48","date_gmt":"2025-06-06T09:00:48","guid":{"rendered":"https:\/\/digitalworkflowmasters.com\/?page_id=34672"},"modified":"2025-07-20T11:52:59","modified_gmt":"2025-07-20T11:52:59","slug":"terms-and-conditions","status":"publish","type":"page","link":"https:\/\/digitalworkflowmasters.com\/romana\/terms-and-conditions\/","title":{"rendered":"Terms and conditions"},"content":{"rendered":"\t\t<div data-elementor-type=\"wp-page\" data-elementor-id=\"34672\" class=\"elementor elementor-34672\" data-elementor-post-type=\"page\">\n\t\t\t\t<div class=\"elementor-element elementor-element-08feea9 e-flex e-con-boxed cmsmasters-block-default e-con e-parent\" data-id=\"08feea9\" data-element_type=\"container\">\n\t\t\t\t\t<div class=\"e-con-inner\">\n\t\t\t\t<div class=\"elementor-element elementor-element-708787c cmsmasters-block-default cmsmasters-sticky-default elementor-widget elementor-widget-text-editor\" data-id=\"708787c\" data-element_type=\"widget\" data-widget_type=\"text-editor.default\">\n\t\t\t\t<div class=\"elementor-widget-container\">\n\t\t\t\t\t\t\t\t\t<section class=\"elementor-section elementor-top-section elementor-element elementor-element-e096393 elementor-section-boxed elementor-section-gap-beside-yes elementor-section-height-default elementor-section-height-default elementor-section-column-vertical-align-stretch\" data-id=\"e096393\" data-element_type=\"section\">\n<div class=\"elementor-container elementor-column-gap-default\">\n<div class=\"elementor-column elementor-col-100 elementor-top-column elementor-element elementor-element-3cef9c5\" data-id=\"3cef9c5\" data-element_type=\"column\">\n<div class=\"elementor-widget-wrap elementor-element-populated\">\n<div class=\"elementor-element elementor-element-aa5f8b8 elementor-widget elementor-widget-text-editor\" data-id=\"aa5f8b8\" data-element_type=\"widget\" data-widget_type=\"text-editor.default\">\n<div class=\"elementor-widget-container\">\n<ol>\n<li style=\"list-style-type: none;\">\n<ol>\n<li>\n<h2 data-start=\"346\" data-end=\"371\">1. Informa\u021bii generale<\/h2>\n<p data-start=\"373\" data-end=\"485\">Acest website este de\u021binut \u0219i administrat de <strong data-start=\"418\" data-end=\"442\">Workflow Masters SRL.<\/strong><\/p>\n<p data-start=\"801\" data-end=\"976\">Acces\u00e2nd sau utiliz\u00e2nd acest website, sunte\u021bi de acord cu <strong data-start=\"859\" data-end=\"885\">Termenii \u0219i Condi\u021biile<\/strong> prezentate mai jos. Dac\u0103 nu sunte\u021bi de acord cu ace\u0219tia, v\u0103 rug\u0103m s\u0103 nu utiliza\u021bi site-ul.<\/p>\n<h2 data-start=\"978\" data-end=\"993\">2. Defini\u021bii<\/h2>\n<ul data-start=\"995\" data-end=\"1307\">\n<li data-start=\"995\" data-end=\"1069\">\n<p data-start=\"997\" data-end=\"1069\"><strong data-start=\"997\" data-end=\"1012\">Utilizator:<\/strong> orice persoan\u0103 fizic\u0103 sau juridic\u0103 ce acceseaz\u0103 site-ul.<\/p>\n<\/li>\n<li data-start=\"1070\" data-end=\"1198\">\n<p data-start=\"1072\" data-end=\"1198\"><strong data-start=\"1072\" data-end=\"1084\">Website:<\/strong> platforma online apar\u021bin\u00e2nd Workflow Masters SRL, utilizat\u0103 pentru prezentarea produselor \u0219i serviciilor oferite.<\/p>\n<\/li>\n<li data-start=\"1199\" data-end=\"1307\">\n<p data-start=\"1201\" data-end=\"1307\"><strong data-start=\"1201\" data-end=\"1213\">Produse:<\/strong> bunurile prezentate pe site, care pot fi oferite spre v\u00e2nzare sau doar cu scop de prezentare.<\/p>\n<\/li>\n<\/ul>\n<h2 data-start=\"1309\" data-end=\"1331\">3. Scopul site-ului<\/h2>\n<p data-start=\"1333\" data-end=\"1645\">Website-ul func\u021bioneaz\u0103 ca un <strong data-start=\"1363\" data-end=\"1395\">magazin online de prezentare<\/strong>, oferind informa\u021bii detaliate despre produsele disponibile. Comenzile pot fi plasate online sau prin alte mijloace specificate pe site. Workflow Masters SRL \u00ee\u0219i rezerv\u0103 dreptul de a modifica, completa sau \u0219terge con\u021binutul site-ului \u00een orice moment.<\/p>\n<h2 data-start=\"1647\" data-end=\"1691\">4. Drepturile de proprietate intelectual\u0103<\/h2>\n<p data-start=\"1693\" data-end=\"2017\">Toate materialele de pe site (texte, imagini, logo-uri, elemente grafice, scripturi, software) sunt proprietatea Workflow Masters SRL sau a partenerilor s\u0103i \u0219i sunt protejate de legisla\u021bia privind drepturile de autor. Este interzis\u0103 copierea, distribuirea sau folosirea lor \u00een scop comercial f\u0103r\u0103 acordul scris al companiei.<\/p>\n<h2 data-start=\"2019\" data-end=\"2043\">5. Comenzi \u0219i produse<\/h2>\n<ul data-start=\"2045\" data-end=\"2362\">\n<li data-start=\"2045\" data-end=\"2118\">\n<p data-start=\"2047\" data-end=\"2118\">Produsele prezentate pe site pot fi disponibile \u00een stoc sau la comand\u0103.<\/p>\n<\/li>\n<li data-start=\"2119\" data-end=\"2264\">\n<p data-start=\"2121\" data-end=\"2264\">Informa\u021biile despre produse (imagini, descrieri, pre\u021buri) sunt oferite cu titlu informativ \u0219i pot suferi modific\u0103ri f\u0103r\u0103 notificare prealabil\u0103.<\/p>\n<\/li>\n<li data-start=\"2265\" data-end=\"2362\">\n<p data-start=\"2267\" data-end=\"2362\">Workflow Masters SRL nu garanteaz\u0103 c\u0103 toate produsele afi\u0219ate sunt disponibile \u00een orice moment.<\/p>\n<\/li>\n<\/ul>\n<h2 data-start=\"2364\" data-end=\"2386\">6. Pre\u021buri \u0219i pl\u0103\u021bi<\/h2>\n<p data-start=\"2388\" data-end=\"2417\">Dac\u0103 site-ul include pre\u021buri:<\/p>\n<ul data-start=\"2419\" data-end=\"2659\">\n<li data-start=\"2419\" data-end=\"2528\">\n<p data-start=\"2421\" data-end=\"2528\">Pre\u021burile afi\u0219ate sunt exprimate \u00een RON \u0219i pot include sau nu TVA, \u00een func\u021bie de statutul fiscal al firmei.<\/p>\n<\/li>\n<li data-start=\"2529\" data-end=\"2659\">\n<p data-start=\"2531\" data-end=\"2659\">Modalit\u0103\u021bile de plat\u0103 vor fi specificate clar \u00een pagina de comand\u0103 (ex. numerar la livrare, transfer bancar, plata online etc.).<\/p>\n<\/li>\n<\/ul>\n<h2 data-start=\"2661\" data-end=\"2674\">7. Livrare<\/h2>\n<p data-start=\"2676\" data-end=\"2705\">Dac\u0103 site-ul permite comenzi:<\/p>\n<ul data-start=\"2707\" data-end=\"2900\">\n<li data-start=\"2707\" data-end=\"2789\">\n<p data-start=\"2709\" data-end=\"2789\">Termenele \u0219i costurile de livrare vor fi comunicate \u00een timpul plas\u0103rii comenzii.<\/p>\n<\/li>\n<li data-start=\"2790\" data-end=\"2900\">\n<p data-start=\"2792\" data-end=\"2900\">Workflow Masters SRL nu este responsabil\u0103 pentru \u00eent\u00e2rzierile cauzate de furnizorii de servicii de curierat.<\/p>\n<\/li>\n<\/ul>\n<h2 data-start=\"2902\" data-end=\"2928\">8. Garan\u021bii \u0219i retururi<\/h2>\n<p data-start=\"2930\" data-end=\"2945\">Dac\u0103 se aplic\u0103:<\/p>\n<ul data-start=\"2947\" data-end=\"3183\">\n<li data-start=\"2947\" data-end=\"3029\">\n<p data-start=\"2949\" data-end=\"3029\">Produsele comercializate beneficiaz\u0103 de garan\u021bie conform legisla\u021biei \u00een vigoare.<\/p>\n<\/li>\n<li data-start=\"3030\" data-end=\"3183\">\n<p data-start=\"3032\" data-end=\"3183\">Dreptul de retur poate fi exercitat de consumatori \u00een termen de 14 zile de la primirea produsului, cu respectarea condi\u021biilor prev\u0103zute de OUG 34\/2014.<\/p>\n<\/li>\n<\/ul>\n<h2 data-start=\"3185\" data-end=\"3201\">9. R\u0103spundere<\/h2>\n<p data-start=\"3203\" data-end=\"3252\">Workflow Masters SRL nu este responsabil\u0103 pentru:<\/p>\n<ul data-start=\"3254\" data-end=\"3440\">\n<li data-start=\"3254\" data-end=\"3300\">\n<p data-start=\"3256\" data-end=\"3300\">Erori sau omisiuni din con\u021binutul site-ului.<\/p>\n<\/li>\n<li data-start=\"3301\" data-end=\"3367\">\n<p data-start=\"3303\" data-end=\"3367\">Pierderi directe sau indirecte generate de utilizarea site-ului.<\/p>\n<\/li>\n<li data-start=\"3368\" data-end=\"3440\">\n<p data-start=\"3370\" data-end=\"3440\">Func\u021bionarea defectuoas\u0103 a site-ului sau indisponibilitatea temporar\u0103.<\/p>\n<\/li>\n<\/ul>\n<h2 data-start=\"3442\" data-end=\"3487\">10. Confiden\u021bialitate \u0219i protec\u021bia datelor<\/h2>\n<p data-start=\"3489\" data-end=\"3701\">Datele cu caracter personal colectate prin intermediul site-ului sunt prelucrate conform Regulamentului (UE) 2016\/679 (GDPR). Pentru mai multe informa\u021bii, v\u0103 rug\u0103m s\u0103 consulta\u021bi <strong data-start=\"3667\" data-end=\"3700\">Politica de Confiden\u021bialitate<\/strong>.<\/p>\n<h2 data-start=\"3703\" data-end=\"3731\">11. Legisla\u021bie aplicabil\u0103<\/h2>\n<p data-start=\"3733\" data-end=\"3942\">Ace\u0219ti termeni sunt guverna\u021bi de legisla\u021bia rom\u00e2n\u0103. Orice litigiu ap\u0103rut \u00eentre Workflow Masters SRL \u0219i utilizatori va fi solu\u021bionat pe cale amiabil\u0103 sau, \u00een caz contrar, de instan\u021bele competente din Baia Mare.<\/p>\n<h2 data-start=\"3944\" data-end=\"3961\">12. Modific\u0103ri<\/h2>\n<p data-start=\"3963\" data-end=\"4153\">Workflow Masters SRL \u00ee\u0219i rezerv\u0103 dreptul de a modifica ace\u0219ti termeni \u0219i condi\u021bii \u00een orice moment. Versiunea actualizat\u0103 va fi publicat\u0103 pe site \u0219i va intra \u00een vigoare de la data public\u0103rii.<\/p>\n<\/li>\n<\/ol>\n<\/li>\n<\/ol>\n<\/div>\n<\/div>\n<\/div>\n<\/div>\n<\/div>\n<\/section>\t\t\t\t\t\t\t\t<\/div>\n\t\t\t\t<\/div>\n\t\t\t\t\t<\/div>\n\t\t\t\t<\/div>\n\t\t\t\t<\/div>\n\t\t","protected":false},"excerpt":{"rendered":"<p>1. Informa\u021bii generale Acest website este de\u021binut \u0219i administrat de Workflow Masters SRL. Acces\u00e2nd sau utiliz\u00e2nd acest website, sunte\u021bi de acord cu Termenii \u0219i Condi\u021biile prezentate mai jos. Dac\u0103 nu sunte\u021bi de acord cu ace\u0219tia, v\u0103 rug\u0103m s\u0103 nu utiliza\u021bi site-ul. 2. Defini\u021bii Utilizator: orice persoan\u0103 fizic\u0103 sau juridic\u0103 ce acceseaz\u0103 site-ul. Website: platforma online&#8230;<\/p>\n","protected":false},"author":1,"featured_media":0,"parent":0,"menu_order":0,"comment_status":"closed","ping_status":"closed","template":"","meta":{"_acf_changed":false,"om_disable_all_campaigns":false,"footnotes":""},"class_list":["post-34672","page","type-page","status-publish","hentry"],"acf":[],"yoast_head":"<!-- This site is optimized with the Yoast SEO plugin v25.3 - https:\/\/yoast.com\/wordpress\/plugins\/seo\/ -->\n<title>Terms and conditions - Digital Workflow Masters<\/title>\n<meta name=\"robots\" content=\"index, follow, max-snippet:-1, max-image-preview:large, max-video-preview:-1\" \/>\n<link rel=\"canonical\" href=\"https:\/\/digitalworkflowmasters.com\/romana\/terms-and-conditions\/\" \/>\n<meta property=\"og:locale\" content=\"ro_RO\" \/>\n<meta property=\"og:type\" content=\"article\" \/>\n<meta property=\"og:title\" content=\"Terms and conditions - Digital Workflow Masters\" \/>\n<meta property=\"og:description\" content=\"1. Informa\u021bii generale Acest website este de\u021binut \u0219i administrat de Workflow Masters SRL. Acces\u00e2nd sau utiliz\u00e2nd acest website, sunte\u021bi de acord cu Termenii \u0219i Condi\u021biile prezentate mai jos. Dac\u0103 nu sunte\u021bi de acord cu ace\u0219tia, v\u0103 rug\u0103m s\u0103 nu utiliza\u021bi site-ul. 2. Defini\u021bii Utilizator: orice persoan\u0103 fizic\u0103 sau juridic\u0103 ce acceseaz\u0103 site-ul. Website: platforma online...\" \/>\n<meta property=\"og:url\" content=\"https:\/\/digitalworkflowmasters.com\/romana\/terms-and-conditions\/\" \/>\n<meta property=\"og:site_name\" content=\"Digital Workflow Masters\" \/>\n<meta property=\"article:publisher\" content=\"https:\/\/www.facebook.com\/digitalworkflowmasters\/\" \/>\n<meta property=\"article:modified_time\" content=\"2025-07-20T11:52:59+00:00\" \/>\n<meta name=\"twitter:card\" content=\"summary_large_image\" \/>\n<meta name=\"twitter:label1\" content=\"Timp estimat pentru citire\" \/>\n\t<meta name=\"twitter:data1\" content=\"5 minute\" \/>\n<script type=\"application\/ld+json\" class=\"yoast-schema-graph\">{\"@context\":\"https:\/\/schema.org\",\"@graph\":[{\"@type\":\"WebPage\",\"@id\":\"https:\/\/digitalworkflowmasters.com\/romana\/terms-and-conditions\/\",\"url\":\"https:\/\/digitalworkflowmasters.com\/romana\/terms-and-conditions\/\",\"name\":\"Terms and conditions - Digital Workflow Masters\",\"isPartOf\":{\"@id\":\"https:\/\/digitalworkflowmasters.com\/romana\/#website\"},\"datePublished\":\"2025-06-06T09:00:48+00:00\",\"dateModified\":\"2025-07-20T11:52:59+00:00\",\"breadcrumb\":{\"@id\":\"https:\/\/digitalworkflowmasters.com\/romana\/terms-and-conditions\/#breadcrumb\"},\"inLanguage\":\"ro-RO\",\"potentialAction\":[{\"@type\":\"ReadAction\",\"target\":[\"https:\/\/digitalworkflowmasters.com\/romana\/terms-and-conditions\/\"]}]},{\"@type\":\"BreadcrumbList\",\"@id\":\"https:\/\/digitalworkflowmasters.com\/romana\/terms-and-conditions\/#breadcrumb\",\"itemListElement\":[{\"@type\":\"ListItem\",\"position\":1,\"name\":\"Home\",\"item\":\"https:\/\/digitalworkflowmasters.com\/romana\/\"},{\"@type\":\"ListItem\",\"position\":2,\"name\":\"Terms and conditions\"}]},{\"@type\":\"WebSite\",\"@id\":\"https:\/\/digitalworkflowmasters.com\/romana\/#website\",\"url\":\"https:\/\/digitalworkflowmasters.com\/romana\/\",\"name\":\"Digital Workflow Masters\",\"description\":\"Premium Dental Equipment\",\"publisher\":{\"@id\":\"https:\/\/digitalworkflowmasters.com\/romana\/#organization\"},\"potentialAction\":[{\"@type\":\"SearchAction\",\"target\":{\"@type\":\"EntryPoint\",\"urlTemplate\":\"https:\/\/digitalworkflowmasters.com\/romana\/?s={search_term_string}\"},\"query-input\":{\"@type\":\"PropertyValueSpecification\",\"valueRequired\":true,\"valueName\":\"search_term_string\"}}],\"inLanguage\":\"ro-RO\"},{\"@type\":\"Organization\",\"@id\":\"https:\/\/digitalworkflowmasters.com\/romana\/#organization\",\"name\":\"Digital Workflow Masters\",\"url\":\"https:\/\/digitalworkflowmasters.com\/romana\/\",\"logo\":{\"@type\":\"ImageObject\",\"inLanguage\":\"ro-RO\",\"@id\":\"https:\/\/digitalworkflowmasters.com\/romana\/#\/schema\/logo\/image\/\",\"url\":\"https:\/\/digitalworkflowmasters.com\/romana\/wp-content\/uploads\/2025\/08\/1.png\",\"contentUrl\":\"https:\/\/digitalworkflowmasters.com\/romana\/wp-content\/uploads\/2025\/08\/1.png\",\"width\":1080,\"height\":1080,\"caption\":\"Digital Workflow Masters\"},\"image\":{\"@id\":\"https:\/\/digitalworkflowmasters.com\/romana\/#\/schema\/logo\/image\/\"},\"sameAs\":[\"https:\/\/www.facebook.com\/digitalworkflowmasters\/\",\"https:\/\/www.instagram.com\/digitalworkflowmasters\/\"]}]}<\/script>\n<!-- \/ Yoast SEO plugin. -->","yoast_head_json":{"title":"Terms and conditions - Digital Workflow Masters","robots":{"index":"index","follow":"follow","max-snippet":"max-snippet:-1","max-image-preview":"max-image-preview:large","max-video-preview":"max-video-preview:-1"},"canonical":"https:\/\/digitalworkflowmasters.com\/romana\/terms-and-conditions\/","og_locale":"ro_RO","og_type":"article","og_title":"Terms and conditions - Digital Workflow Masters","og_description":"1. Informa\u021bii generale Acest website este de\u021binut \u0219i administrat de Workflow Masters SRL. Acces\u00e2nd sau utiliz\u00e2nd acest website, sunte\u021bi de acord cu Termenii \u0219i Condi\u021biile prezentate mai jos. Dac\u0103 nu sunte\u021bi de acord cu ace\u0219tia, v\u0103 rug\u0103m s\u0103 nu utiliza\u021bi site-ul. 2. Defini\u021bii Utilizator: orice persoan\u0103 fizic\u0103 sau juridic\u0103 ce acceseaz\u0103 site-ul. Website: platforma online...","og_url":"https:\/\/digitalworkflowmasters.com\/romana\/terms-and-conditions\/","og_site_name":"Digital Workflow Masters","article_publisher":"https:\/\/www.facebook.com\/digitalworkflowmasters\/","article_modified_time":"2025-07-20T11:52:59+00:00","twitter_card":"summary_large_image","twitter_misc":{"Timp estimat pentru citire":"5 minute"},"schema":{"@context":"https:\/\/schema.org","@graph":[{"@type":"WebPage","@id":"https:\/\/digitalworkflowmasters.com\/romana\/terms-and-conditions\/","url":"https:\/\/digitalworkflowmasters.com\/romana\/terms-and-conditions\/","name":"Terms and conditions - Digital Workflow Masters","isPartOf":{"@id":"https:\/\/digitalworkflowmasters.com\/romana\/#website"},"datePublished":"2025-06-06T09:00:48+00:00","dateModified":"2025-07-20T11:52:59+00:00","breadcrumb":{"@id":"https:\/\/digitalworkflowmasters.com\/romana\/terms-and-conditions\/#breadcrumb"},"inLanguage":"ro-RO","potentialAction":[{"@type":"ReadAction","target":["https:\/\/digitalworkflowmasters.com\/romana\/terms-and-conditions\/"]}]},{"@type":"BreadcrumbList","@id":"https:\/\/digitalworkflowmasters.com\/romana\/terms-and-conditions\/#breadcrumb","itemListElement":[{"@type":"ListItem","position":1,"name":"Home","item":"https:\/\/digitalworkflowmasters.com\/romana\/"},{"@type":"ListItem","position":2,"name":"Terms and conditions"}]},{"@type":"WebSite","@id":"https:\/\/digitalworkflowmasters.com\/romana\/#website","url":"https:\/\/digitalworkflowmasters.com\/romana\/","name":"Digital Workflow Masters","description":"Premium Dental Equipment","publisher":{"@id":"https:\/\/digitalworkflowmasters.com\/romana\/#organization"},"potentialAction":[{"@type":"SearchAction","target":{"@type":"EntryPoint","urlTemplate":"https:\/\/digitalworkflowmasters.com\/romana\/?s={search_term_string}"},"query-input":{"@type":"PropertyValueSpecification","valueRequired":true,"valueName":"search_term_string"}}],"inLanguage":"ro-RO"},{"@type":"Organization","@id":"https:\/\/digitalworkflowmasters.com\/romana\/#organization","name":"Digital Workflow Masters","url":"https:\/\/digitalworkflowmasters.com\/romana\/","logo":{"@type":"ImageObject","inLanguage":"ro-RO","@id":"https:\/\/digitalworkflowmasters.com\/romana\/#\/schema\/logo\/image\/","url":"https:\/\/digitalworkflowmasters.com\/romana\/wp-content\/uploads\/2025\/08\/1.png","contentUrl":"https:\/\/digitalworkflowmasters.com\/romana\/wp-content\/uploads\/2025\/08\/1.png","width":1080,"height":1080,"caption":"Digital Workflow Masters"},"image":{"@id":"https:\/\/digitalworkflowmasters.com\/romana\/#\/schema\/logo\/image\/"},"sameAs":["https:\/\/www.facebook.com\/digitalworkflowmasters\/","https:\/\/www.instagram.com\/digitalworkflowmasters\/"]}]}},"_links":{"self":[{"href":"https:\/\/digitalworkflowmasters.com\/romana\/wp-json\/wp\/v2\/pages\/34672","targetHints":{"allow":["GET"]}}],"collection":[{"href":"https:\/\/digitalworkflowmasters.com\/romana\/wp-json\/wp\/v2\/pages"}],"about":[{"href":"https:\/\/digitalworkflowmasters.com\/romana\/wp-json\/wp\/v2\/types\/page"}],"author":[{"embeddable":true,"href":"https:\/\/digitalworkflowmasters.com\/romana\/wp-json\/wp\/v2\/users\/1"}],"replies":[{"embeddable":true,"href":"https:\/\/digitalworkflowmasters.com\/romana\/wp-json\/wp\/v2\/comments?post=34672"}],"version-history":[{"count":0,"href":"https:\/\/digitalworkflowmasters.com\/romana\/wp-json\/wp\/v2\/pages\/34672\/revisions"}],"wp:attachment":[{"href":"https:\/\/digitalworkflowmasters.com\/romana\/wp-json\/wp\/v2\/media?parent=34672"}],"curies":[{"name":"wp","href":"https:\/\/api.w.org\/{rel}","templated":true}]}}