{"id":13320,"date":"2025-03-26T08:33:39","date_gmt":"2025-03-26T08:33:39","guid":{"rendered":"https:\/\/digitalworkflowmasters.com\/?post_type=product&#038;p=13320"},"modified":"2025-06-25T19:54:52","modified_gmt":"2025-06-25T19:54:52","slug":"optisplint-6-body-scan-kit","status":"publish","type":"product","link":"https:\/\/digitalworkflowmasters.com\/romana\/shop\/optisplint-6-body-scan-kit\/","title":{"rendered":"OPTISPLINT 6-Body Scan Kit (Single-Arch Kit)"},"content":{"rendered":"<p data-start=\"210\" data-end=\"582\"><strong data-start=\"210\" data-end=\"240\">OPTISPLINT 6-Body Scan Kit<\/strong> este un kit revolu\u021bionar destinat restaur\u0103rilor pe arcad\u0103 complet\u0103, ce ofer\u0103 o alternativ\u0103 eficient\u0103 \u0219i precis\u0103 la fotogrammetrie, utiliz\u00e2nd doar un scaner intraoral \u0219i un flux digital complet. Este proiectat pentru tratamente <strong data-start=\"468\" data-end=\"480\">All-on-X<\/strong> cu \u00eenc\u0103rcare imediat\u0103, elimin\u00e2nd nevoia de modele fizice \u0219i simplific\u00e2nd \u00eentregul proces restaurativ.<\/p>\n<p data-start=\"584\" data-end=\"956\">Acest kit permite captarea precis\u0103 a pozi\u021biei implanturilor folosind <strong data-start=\"653\" data-end=\"670\">6 scan bodies<\/strong> individuale, care se conecteaz\u0103 u\u0219or \u00eentr-un jig stabil cu ajutorul cadrelor incluse. Este compatibil cu majoritatea platformelor de implanturi \u0219i se integreaz\u0103 perfect cu scanere intraorale \u0219i tehnologia CAD\/CAM, permi\u021b\u00e2nd ob\u021binerea unei proteze finale cu <strong data-start=\"928\" data-end=\"955\">pasivitate verificabil\u0103<\/strong>.<\/p>\n<p data-start=\"958\" data-end=\"972\">Kitul include:<\/p>\n<ul data-start=\"973\" data-end=\"1164\">\n<li data-start=\"973\" data-end=\"1024\">\n<p data-start=\"975\" data-end=\"1024\">6 scan bodies (compatibile cu diferite platforme)<\/p>\n<\/li>\n<li data-start=\"1025\" data-end=\"1047\">\n<p data-start=\"1027\" data-end=\"1047\">6 \u0219uruburi de fixare<\/p>\n<\/li>\n<li data-start=\"1048\" data-end=\"1079\">\n<p data-start=\"1050\" data-end=\"1079\">Cadre de asamblare pentru jig<\/p>\n<\/li>\n<li data-start=\"1080\" data-end=\"1164\">\n<p data-start=\"1082\" data-end=\"1164\">12 <strong data-start=\"1085\" data-end=\"1097\">SNAPCAPS<\/strong> \u2013 pentru captarea digital\u0103 optim\u0103 \u0219i ajustarea protezei provizorii<\/p>\n<\/li>\n<\/ul>\n<p data-start=\"1166\" data-end=\"1361\">Aceast\u0103 solu\u021bie este ideal\u0103 pentru utilizare unic\u0103, per pacient, \u0219i permite verificarea pasivit\u0103\u021bii <strong data-start=\"1266\" data-end=\"1294\">\u00een afara cavit\u0103\u021bii orale<\/strong>, pe un model de ghips scanat, \u00eenainte de plasarea protezei finale.<\/p>\n<hr data-start=\"1363\" data-end=\"1366\" \/>\n<h3 data-start=\"1368\" data-end=\"1417\"><strong data-start=\"1372\" data-end=\"1417\">Utiliz\u0103ri ale OPTISPLINT 6-Body Scan Kit:<\/strong><\/h3>\n<ul data-start=\"1418\" data-end=\"1644\">\n<li data-start=\"1418\" data-end=\"1474\">\n<p data-start=\"1420\" data-end=\"1474\">Restaur\u0103ri All-on-4 \/ All-on-6 cu \u00eenc\u0103rcare imediat\u0103<\/p>\n<\/li>\n<li data-start=\"1475\" data-end=\"1531\">\n<p data-start=\"1477\" data-end=\"1531\">Scanare digital\u0103 a implanturilor cu scaner intraoral<\/p>\n<\/li>\n<li data-start=\"1532\" data-end=\"1587\">\n<p data-start=\"1534\" data-end=\"1587\">Eliminarea nevoii de fotogrammetrie sau model fizic<\/p>\n<\/li>\n<li data-start=\"1588\" data-end=\"1644\">\n<p data-start=\"1590\" data-end=\"1644\">Validarea pasivit\u0103\u021bii protezei finale \u00een afara gurii<\/p>\n<\/li>\n<\/ul>\n<h3 data-start=\"1651\" data-end=\"1668\"><strong data-start=\"1655\" data-end=\"1668\">Avantaje:<\/strong><\/h3>\n<ul data-start=\"1669\" data-end=\"1961\">\n<li data-start=\"1669\" data-end=\"1714\">\n<p data-start=\"1671\" data-end=\"1714\"><strong data-start=\"1671\" data-end=\"1712\">Flux digital complet f\u0103r\u0103 model fizic<\/strong><\/p>\n<\/li>\n<li data-start=\"1715\" data-end=\"1754\">\n<p data-start=\"1717\" data-end=\"1754\"><strong data-start=\"1717\" data-end=\"1752\">Pasivitate confirmat\u0103 extraoral<\/strong><\/p>\n<\/li>\n<li data-start=\"1755\" data-end=\"1812\">\n<p data-start=\"1757\" data-end=\"1812\"><strong data-start=\"1757\" data-end=\"1810\">Ideal pentru scanare intraoral\u0103 rapid\u0103 \u0219i precis\u0103<\/strong><\/p>\n<\/li>\n<li data-start=\"1813\" data-end=\"1861\">\n<p data-start=\"1815\" data-end=\"1861\"><strong data-start=\"1815\" data-end=\"1859\">Include 6 scan bodies, cadre \u0219i SNAPCAPS<\/strong><\/p>\n<\/li>\n<li data-start=\"1862\" data-end=\"1910\">\n<p data-start=\"1864\" data-end=\"1910\"><strong data-start=\"1864\" data-end=\"1908\">Compatibil cu desktop scanner \u0219i CAD\/CAM<\/strong><\/p>\n<\/li>\n<li data-start=\"1911\" data-end=\"1961\">\n<p data-start=\"1913\" data-end=\"1961\"><strong data-start=\"1913\" data-end=\"1959\">U\u0219or de utilizat \u00eentr-un singur caz clinic<\/strong><\/p>\n<\/li>\n<\/ul>\n","protected":false},"excerpt":{"rendered":"<p data-start=\"2014\" data-end=\"2168\"><strong data-start=\"2014\" data-end=\"2044\">OPTISPLINT 6-Body Scan Kit<\/strong> este solu\u021bia digital\u0103 complet\u0103 pentru restaur\u0103ri All-on-X. Captare precis\u0103, pasivitate verificabil\u0103 \u0219i f\u0103r\u0103 fotogrammetrie.<\/p>\n","protected":false},"featured_media":33373,"template":"","meta":{"_acf_changed":false,"om_disable_all_campaigns":false},"product_brand":[],"product_cat":[477],"product_tag":[],"class_list":{"0":"post-13320","1":"product","2":"type-product","3":"status-publish","4":"has-post-thumbnail","6":"product_cat-optisplint-chirurgie","8":"first","9":"instock","10":"shipping-taxable","11":"purchasable","12":"product-type-simple"},"acf":[],"yoast_head":"<!-- This site is optimized with the Yoast SEO plugin v25.3 - https:\/\/yoast.com\/wordpress\/plugins\/seo\/ -->\n<title>OPTISPLINT 6-Body Scan Kit (Single-Arch Kit) - Digital Workflow Masters<\/title>\n<meta name=\"description\" content=\"OPTISPLINT 6-Body Scan Kit \u2013 solu\u021bie digital\u0103 complet\u0103 pentru All-on-X. 6 scan bodies, SNAPCAPS \u0219i jig. F\u0103r\u0103 fotogrammetrie, cu pasivitate garantat\u0103.\" \/>\n<meta name=\"robots\" content=\"index, follow, max-snippet:-1, max-image-preview:large, max-video-preview:-1\" \/>\n<link rel=\"canonical\" href=\"https:\/\/digitalworkflowmasters.com\/romana\/shop\/optisplint-6-body-scan-kit\/\" \/>\n<meta property=\"og:locale\" content=\"ro_RO\" \/>\n<meta property=\"og:type\" content=\"article\" \/>\n<meta property=\"og:title\" content=\"OPTISPLINT 6-Body Scan Kit (Single-Arch Kit) - Digital Workflow Masters\" \/>\n<meta property=\"og:description\" content=\"OPTISPLINT 6-Body Scan Kit \u2013 solu\u021bie digital\u0103 complet\u0103 pentru All-on-X. 6 scan bodies, SNAPCAPS \u0219i jig. F\u0103r\u0103 fotogrammetrie, cu pasivitate garantat\u0103.\" \/>\n<meta property=\"og:url\" content=\"https:\/\/digitalworkflowmasters.com\/romana\/shop\/optisplint-6-body-scan-kit\/\" \/>\n<meta property=\"og:site_name\" content=\"Digital Workflow Masters\" \/>\n<meta property=\"article:publisher\" content=\"https:\/\/www.facebook.com\/digitalworkflowmasters\/\" \/>\n<meta property=\"article:modified_time\" content=\"2025-06-25T19:54:52+00:00\" \/>\n<meta property=\"og:image\" content=\"https:\/\/digitalworkflowmasters.com\/romana\/wp-content\/uploads\/2025\/03\/OptiSplint-Kit-6-Scan-Bodies.png\" \/>\n\t<meta property=\"og:image:width\" content=\"1130\" \/>\n\t<meta property=\"og:image:height\" content=\"1224\" \/>\n\t<meta property=\"og:image:type\" content=\"image\/png\" \/>\n<meta name=\"twitter:card\" content=\"summary_large_image\" \/>\n<meta name=\"twitter:label1\" content=\"Timp estimat pentru citire\" \/>\n\t<meta name=\"twitter:data1\" content=\"2 minute\" \/>\n<script type=\"application\/ld+json\" class=\"yoast-schema-graph\">{\"@context\":\"https:\/\/schema.org\",\"@graph\":[{\"@type\":\"WebPage\",\"@id\":\"https:\/\/digitalworkflowmasters.com\/romana\/shop\/optisplint-6-body-scan-kit\/\",\"url\":\"https:\/\/digitalworkflowmasters.com\/romana\/shop\/optisplint-6-body-scan-kit\/\",\"name\":\"OPTISPLINT 6-Body Scan Kit (Single-Arch Kit) - Digital Workflow Masters\",\"isPartOf\":{\"@id\":\"https:\/\/digitalworkflowmasters.com\/romana\/#website\"},\"primaryImageOfPage\":{\"@id\":\"https:\/\/digitalworkflowmasters.com\/romana\/shop\/optisplint-6-body-scan-kit\/#primaryimage\"},\"image\":{\"@id\":\"https:\/\/digitalworkflowmasters.com\/romana\/shop\/optisplint-6-body-scan-kit\/#primaryimage\"},\"thumbnailUrl\":\"https:\/\/digitalworkflowmasters.com\/romana\/wp-content\/uploads\/2025\/03\/OptiSplint-Kit-6-Scan-Bodies.png\",\"datePublished\":\"2025-03-26T08:33:39+00:00\",\"dateModified\":\"2025-06-25T19:54:52+00:00\",\"description\":\"OPTISPLINT 6-Body Scan Kit \u2013 solu\u021bie digital\u0103 complet\u0103 pentru All-on-X. 6 scan bodies, SNAPCAPS \u0219i jig. F\u0103r\u0103 fotogrammetrie, cu pasivitate garantat\u0103.\",\"breadcrumb\":{\"@id\":\"https:\/\/digitalworkflowmasters.com\/romana\/shop\/optisplint-6-body-scan-kit\/#breadcrumb\"},\"inLanguage\":\"ro-RO\",\"potentialAction\":[{\"@type\":\"ReadAction\",\"target\":[\"https:\/\/digitalworkflowmasters.com\/romana\/shop\/optisplint-6-body-scan-kit\/\"]}]},{\"@type\":\"ImageObject\",\"inLanguage\":\"ro-RO\",\"@id\":\"https:\/\/digitalworkflowmasters.com\/romana\/shop\/optisplint-6-body-scan-kit\/#primaryimage\",\"url\":\"https:\/\/digitalworkflowmasters.com\/romana\/wp-content\/uploads\/2025\/03\/OptiSplint-Kit-6-Scan-Bodies.png\",\"contentUrl\":\"https:\/\/digitalworkflowmasters.com\/romana\/wp-content\/uploads\/2025\/03\/OptiSplint-Kit-6-Scan-Bodies.png\",\"width\":1130,\"height\":1224},{\"@type\":\"BreadcrumbList\",\"@id\":\"https:\/\/digitalworkflowmasters.com\/romana\/shop\/optisplint-6-body-scan-kit\/#breadcrumb\",\"itemListElement\":[{\"@type\":\"ListItem\",\"position\":1,\"name\":\"Home\",\"item\":\"https:\/\/digitalworkflowmasters.com\/romana\/\"},{\"@type\":\"ListItem\",\"position\":2,\"name\":\"Products\",\"item\":\"https:\/\/digitalworkflowmasters.com\/romana\/shop\/\"},{\"@type\":\"ListItem\",\"position\":3,\"name\":\"Chirurgie\",\"item\":\"https:\/\/digitalworkflowmasters.com\/romana\/product-category\/chirurgie\/\"},{\"@type\":\"ListItem\",\"position\":4,\"name\":\"OptiSplint, Chirurgie\",\"item\":\"https:\/\/digitalworkflowmasters.com\/romana\/product-category\/chirurgie\/optisplint-chirurgie\/\"},{\"@type\":\"ListItem\",\"position\":5,\"name\":\"OPTISPLINT 6-Body Scan Kit (Single-Arch Kit)\"}]},{\"@type\":\"WebSite\",\"@id\":\"https:\/\/digitalworkflowmasters.com\/romana\/#website\",\"url\":\"https:\/\/digitalworkflowmasters.com\/romana\/\",\"name\":\"Digital Workflow Masters\",\"description\":\"Premium Dental Equipment\",\"publisher\":{\"@id\":\"https:\/\/digitalworkflowmasters.com\/romana\/#organization\"},\"potentialAction\":[{\"@type\":\"SearchAction\",\"target\":{\"@type\":\"EntryPoint\",\"urlTemplate\":\"https:\/\/digitalworkflowmasters.com\/romana\/?s={search_term_string}\"},\"query-input\":{\"@type\":\"PropertyValueSpecification\",\"valueRequired\":true,\"valueName\":\"search_term_string\"}}],\"inLanguage\":\"ro-RO\"},{\"@type\":\"Organization\",\"@id\":\"https:\/\/digitalworkflowmasters.com\/romana\/#organization\",\"name\":\"Digital Workflow Masters\",\"url\":\"https:\/\/digitalworkflowmasters.com\/romana\/\",\"logo\":{\"@type\":\"ImageObject\",\"inLanguage\":\"ro-RO\",\"@id\":\"https:\/\/digitalworkflowmasters.com\/romana\/#\/schema\/logo\/image\/\",\"url\":\"https:\/\/digitalworkflowmasters.com\/romana\/wp-content\/uploads\/2025\/08\/1.png\",\"contentUrl\":\"https:\/\/digitalworkflowmasters.com\/romana\/wp-content\/uploads\/2025\/08\/1.png\",\"width\":1080,\"height\":1080,\"caption\":\"Digital Workflow Masters\"},\"image\":{\"@id\":\"https:\/\/digitalworkflowmasters.com\/romana\/#\/schema\/logo\/image\/\"},\"sameAs\":[\"https:\/\/www.facebook.com\/digitalworkflowmasters\/\",\"https:\/\/www.instagram.com\/digitalworkflowmasters\/\"]}]}<\/script>\n<!-- \/ Yoast SEO plugin. -->","yoast_head_json":{"title":"OPTISPLINT 6-Body Scan Kit (Single-Arch Kit) - Digital Workflow Masters","description":"OPTISPLINT 6-Body Scan Kit \u2013 solu\u021bie digital\u0103 complet\u0103 pentru All-on-X. 6 scan bodies, SNAPCAPS \u0219i jig. F\u0103r\u0103 fotogrammetrie, cu pasivitate garantat\u0103.","robots":{"index":"index","follow":"follow","max-snippet":"max-snippet:-1","max-image-preview":"max-image-preview:large","max-video-preview":"max-video-preview:-1"},"canonical":"https:\/\/digitalworkflowmasters.com\/romana\/shop\/optisplint-6-body-scan-kit\/","og_locale":"ro_RO","og_type":"article","og_title":"OPTISPLINT 6-Body Scan Kit (Single-Arch Kit) - Digital Workflow Masters","og_description":"OPTISPLINT 6-Body Scan Kit \u2013 solu\u021bie digital\u0103 complet\u0103 pentru All-on-X. 6 scan bodies, SNAPCAPS \u0219i jig. F\u0103r\u0103 fotogrammetrie, cu pasivitate garantat\u0103.","og_url":"https:\/\/digitalworkflowmasters.com\/romana\/shop\/optisplint-6-body-scan-kit\/","og_site_name":"Digital Workflow Masters","article_publisher":"https:\/\/www.facebook.com\/digitalworkflowmasters\/","article_modified_time":"2025-06-25T19:54:52+00:00","og_image":[{"width":1130,"height":1224,"url":"https:\/\/digitalworkflowmasters.com\/romana\/wp-content\/uploads\/2025\/03\/OptiSplint-Kit-6-Scan-Bodies.png","type":"image\/png"}],"twitter_card":"summary_large_image","twitter_misc":{"Timp estimat pentru citire":"2 minute"},"schema":{"@context":"https:\/\/schema.org","@graph":[{"@type":"WebPage","@id":"https:\/\/digitalworkflowmasters.com\/romana\/shop\/optisplint-6-body-scan-kit\/","url":"https:\/\/digitalworkflowmasters.com\/romana\/shop\/optisplint-6-body-scan-kit\/","name":"OPTISPLINT 6-Body Scan Kit (Single-Arch Kit) - Digital Workflow Masters","isPartOf":{"@id":"https:\/\/digitalworkflowmasters.com\/romana\/#website"},"primaryImageOfPage":{"@id":"https:\/\/digitalworkflowmasters.com\/romana\/shop\/optisplint-6-body-scan-kit\/#primaryimage"},"image":{"@id":"https:\/\/digitalworkflowmasters.com\/romana\/shop\/optisplint-6-body-scan-kit\/#primaryimage"},"thumbnailUrl":"https:\/\/digitalworkflowmasters.com\/romana\/wp-content\/uploads\/2025\/03\/OptiSplint-Kit-6-Scan-Bodies.png","datePublished":"2025-03-26T08:33:39+00:00","dateModified":"2025-06-25T19:54:52+00:00","description":"OPTISPLINT 6-Body Scan Kit \u2013 solu\u021bie digital\u0103 complet\u0103 pentru All-on-X. 6 scan bodies, SNAPCAPS \u0219i jig. F\u0103r\u0103 fotogrammetrie, cu pasivitate garantat\u0103.","breadcrumb":{"@id":"https:\/\/digitalworkflowmasters.com\/romana\/shop\/optisplint-6-body-scan-kit\/#breadcrumb"},"inLanguage":"ro-RO","potentialAction":[{"@type":"ReadAction","target":["https:\/\/digitalworkflowmasters.com\/romana\/shop\/optisplint-6-body-scan-kit\/"]}]},{"@type":"ImageObject","inLanguage":"ro-RO","@id":"https:\/\/digitalworkflowmasters.com\/romana\/shop\/optisplint-6-body-scan-kit\/#primaryimage","url":"https:\/\/digitalworkflowmasters.com\/romana\/wp-content\/uploads\/2025\/03\/OptiSplint-Kit-6-Scan-Bodies.png","contentUrl":"https:\/\/digitalworkflowmasters.com\/romana\/wp-content\/uploads\/2025\/03\/OptiSplint-Kit-6-Scan-Bodies.png","width":1130,"height":1224},{"@type":"BreadcrumbList","@id":"https:\/\/digitalworkflowmasters.com\/romana\/shop\/optisplint-6-body-scan-kit\/#breadcrumb","itemListElement":[{"@type":"ListItem","position":1,"name":"Home","item":"https:\/\/digitalworkflowmasters.com\/romana\/"},{"@type":"ListItem","position":2,"name":"Products","item":"https:\/\/digitalworkflowmasters.com\/romana\/shop\/"},{"@type":"ListItem","position":3,"name":"Chirurgie","item":"https:\/\/digitalworkflowmasters.com\/romana\/product-category\/chirurgie\/"},{"@type":"ListItem","position":4,"name":"OptiSplint, Chirurgie","item":"https:\/\/digitalworkflowmasters.com\/romana\/product-category\/chirurgie\/optisplint-chirurgie\/"},{"@type":"ListItem","position":5,"name":"OPTISPLINT 6-Body Scan Kit (Single-Arch Kit)"}]},{"@type":"WebSite","@id":"https:\/\/digitalworkflowmasters.com\/romana\/#website","url":"https:\/\/digitalworkflowmasters.com\/romana\/","name":"Digital Workflow Masters","description":"Premium Dental Equipment","publisher":{"@id":"https:\/\/digitalworkflowmasters.com\/romana\/#organization"},"potentialAction":[{"@type":"SearchAction","target":{"@type":"EntryPoint","urlTemplate":"https:\/\/digitalworkflowmasters.com\/romana\/?s={search_term_string}"},"query-input":{"@type":"PropertyValueSpecification","valueRequired":true,"valueName":"search_term_string"}}],"inLanguage":"ro-RO"},{"@type":"Organization","@id":"https:\/\/digitalworkflowmasters.com\/romana\/#organization","name":"Digital Workflow Masters","url":"https:\/\/digitalworkflowmasters.com\/romana\/","logo":{"@type":"ImageObject","inLanguage":"ro-RO","@id":"https:\/\/digitalworkflowmasters.com\/romana\/#\/schema\/logo\/image\/","url":"https:\/\/digitalworkflowmasters.com\/romana\/wp-content\/uploads\/2025\/08\/1.png","contentUrl":"https:\/\/digitalworkflowmasters.com\/romana\/wp-content\/uploads\/2025\/08\/1.png","width":1080,"height":1080,"caption":"Digital Workflow Masters"},"image":{"@id":"https:\/\/digitalworkflowmasters.com\/romana\/#\/schema\/logo\/image\/"},"sameAs":["https:\/\/www.facebook.com\/digitalworkflowmasters\/","https:\/\/www.instagram.com\/digitalworkflowmasters\/"]}]}},"_links":{"self":[{"href":"https:\/\/digitalworkflowmasters.com\/romana\/wp-json\/wp\/v2\/product\/13320","targetHints":{"allow":["GET"]}}],"collection":[{"href":"https:\/\/digitalworkflowmasters.com\/romana\/wp-json\/wp\/v2\/product"}],"about":[{"href":"https:\/\/digitalworkflowmasters.com\/romana\/wp-json\/wp\/v2\/types\/product"}],"version-history":[{"count":0,"href":"https:\/\/digitalworkflowmasters.com\/romana\/wp-json\/wp\/v2\/product\/13320\/revisions"}],"wp:featuredmedia":[{"embeddable":true,"href":"https:\/\/digitalworkflowmasters.com\/romana\/wp-json\/wp\/v2\/media\/33373"}],"wp:attachment":[{"href":"https:\/\/digitalworkflowmasters.com\/romana\/wp-json\/wp\/v2\/media?parent=13320"}],"wp:term":[{"taxonomy":"product_brand","embeddable":true,"href":"https:\/\/digitalworkflowmasters.com\/romana\/wp-json\/wp\/v2\/product_brand?post=13320"},{"taxonomy":"product_cat","embeddable":true,"href":"https:\/\/digitalworkflowmasters.com\/romana\/wp-json\/wp\/v2\/product_cat?post=13320"},{"taxonomy":"product_tag","embeddable":true,"href":"https:\/\/digitalworkflowmasters.com\/romana\/wp-json\/wp\/v2\/product_tag?post=13320"}],"curies":[{"name":"wp","href":"https:\/\/api.w.org\/{rel}","templated":true}]}}