{"id":13322,"date":"2025-03-26T08:33:40","date_gmt":"2025-03-26T08:33:40","guid":{"rendered":"https:\/\/digitalworkflowmasters.com\/?post_type=product&#038;p=13322"},"modified":"2025-06-25T19:43:06","modified_gmt":"2025-06-25T19:43:06","slug":"optisplint-archtracers-for-intraoral-alignment","status":"publish","type":"product","link":"https:\/\/digitalworkflowmasters.com\/romana\/shop\/optisplint-archtracers-for-intraoral-alignment\/","title":{"rendered":"OPTISPLINT Archtracers pentru aliniere intraoral\u0103"},"content":{"rendered":"<h3 data-start=\"161\" data-end=\"241\"><strong data-start=\"165\" data-end=\"241\">OPTISPLINT Archtracers (pentru aliniere intraoral\u0103)<\/strong><\/h3>\n<p data-start=\"243\" data-end=\"648\"><strong data-start=\"243\" data-end=\"269\">OPTISPLINT Archtracers<\/strong> sunt dispozitive reutilizabile de aliniere intraoral\u0103, concepute pentru a \u00eenlocui metodele tradi\u021bionale precum TADS, \u0219uruburile de ancorare osoas\u0103 sau riscurile asociate controlului slab al din\u021bilor \u00een timpul interven\u021biilor chirurgicale. Aceste componente revolu\u021bionare simplific\u0103 \u0219i eficientizeaz\u0103 procesul de aliniere chirurgical\u0103 \u0219i digital\u0103, fiind u\u0219or de aplicat \u0219i scanat.<\/p>\n<p data-start=\"650\" data-end=\"949\">Archtracers sunt compatibile cu cele mai moderne fluxuri digitale, inclusiv <strong data-start=\"726\" data-end=\"744\">fotogrammetrie<\/strong> \u0219i <strong data-start=\"748\" data-end=\"770\">sisteme intraorale<\/strong> \u2013 \u00een special cu sistemul OPTISPLINT. Prin integrarea lor \u00een planificarea digital\u0103, se ob\u021bine o aliniere mai rapid\u0103, mai precis\u0103 \u0219i mai sigur\u0103 \u00een timpul procedurilor chirurgicale.<\/p>\n<p data-start=\"951\" data-end=\"1100\">Pentru utilizare corect\u0103, Archtracers necesit\u0103 \u0219uruburi osoase de 10 mm sau 12 mm, cu diametrul filetat sub 1.8 mm \u0219i diametrul capului peste 2.0 mm.<\/p>\n<hr data-start=\"1102\" data-end=\"1105\" \/>\n<h3 data-start=\"1107\" data-end=\"1152\"><strong data-start=\"1111\" data-end=\"1152\">Utiliz\u0103ri ale OPTISPLINT Archtracers:<\/strong><\/h3>\n<ul data-start=\"1153\" data-end=\"1401\">\n<li data-start=\"1153\" data-end=\"1211\">\n<p data-start=\"1155\" data-end=\"1211\">Aliniere intraoral\u0103 rapid\u0103 \u00een interven\u021bii chirurgicale<\/p>\n<\/li>\n<li data-start=\"1212\" data-end=\"1277\">\n<p data-start=\"1214\" data-end=\"1277\">Scanare digital\u0103 precis\u0103 pentru restaur\u0103ri implanto-protetice<\/p>\n<\/li>\n<li data-start=\"1278\" data-end=\"1332\">\n<p data-start=\"1280\" data-end=\"1332\">Suport pentru fotogrammetrie \u0219i scanare intraoral\u0103<\/p>\n<\/li>\n<li data-start=\"1333\" data-end=\"1401\">\n<p data-start=\"1335\" data-end=\"1401\">\u00cenlocuirea metodelor clasice (TADS, \u0219uruburi de ancorare osoas\u0103)<\/p>\n<\/li>\n<\/ul>\n<hr data-start=\"1403\" data-end=\"1406\" \/>\n<h3 data-start=\"1408\" data-end=\"1425\"><strong data-start=\"1412\" data-end=\"1425\">Avantaje:<\/strong><\/h3>\n<ul data-start=\"1426\" data-end=\"1643\">\n<li data-start=\"1426\" data-end=\"1460\">\n<p data-start=\"1428\" data-end=\"1460\"><strong data-start=\"1428\" data-end=\"1458\">Reutilizabile \u0219i economice<\/strong><\/p>\n<\/li>\n<li data-start=\"1461\" data-end=\"1493\">\n<p data-start=\"1463\" data-end=\"1493\"><strong data-start=\"1463\" data-end=\"1491\">U\u0219or de plasat \u0219i scanat<\/strong><\/p>\n<\/li>\n<li data-start=\"1494\" data-end=\"1532\">\n<p data-start=\"1496\" data-end=\"1532\"><strong data-start=\"1496\" data-end=\"1530\">Precizie excelent\u0103 \u00een aliniere<\/strong><\/p>\n<\/li>\n<li data-start=\"1533\" data-end=\"1591\">\n<p data-start=\"1535\" data-end=\"1591\"><strong data-start=\"1535\" data-end=\"1589\">Compatibile cu OPTISPLINT \u0219i alte fluxuri digitale<\/strong><\/p>\n<\/li>\n<li data-start=\"1592\" data-end=\"1643\">\n<p data-start=\"1594\" data-end=\"1643\"><strong data-start=\"1594\" data-end=\"1641\">Reduc timpul \u0219i riscul \u00een timpul chirurgiei<\/strong><\/p>\n<\/li>\n<\/ul>\n","protected":false},"excerpt":{"rendered":"<p data-start=\"1696\" data-end=\"1873\"><strong data-start=\"1696\" data-end=\"1722\">OPTISPLINT Archtracers<\/strong> sunt dispozitive reutilizabile pentru aliniere intraoral\u0103 digital\u0103, compatibile cu fotogrammetrie \u0219i scanare intraoral\u0103. Precise, rapide \u0219i eficiente.<\/p>\n","protected":false},"featured_media":33376,"template":"","meta":{"_acf_changed":false,"om_disable_all_campaigns":false},"product_brand":[],"product_cat":[477],"product_tag":[],"class_list":{"0":"post-13322","1":"product","2":"type-product","3":"status-publish","4":"has-post-thumbnail","6":"product_cat-optisplint-chirurgie","8":"first","9":"instock","10":"shipping-taxable","11":"purchasable","12":"product-type-simple"},"acf":[],"yoast_head":"<!-- This site is optimized with the Yoast SEO plugin v25.3 - https:\/\/yoast.com\/wordpress\/plugins\/seo\/ -->\n<title>OPTISPLINT Archtracers pentru aliniere intraoral\u0103 - Digital Workflow Masters<\/title>\n<meta name=\"description\" content=\"OPTISPLINT Archtracers \u2013 solu\u021bie reutilizabil\u0103 pentru aliniere intraoral\u0103. Precise, u\u0219or de scanat \u0219i compatibile cu OPTISPLINT \u0219i fotogrammetrie.\" \/>\n<meta name=\"robots\" content=\"index, follow, max-snippet:-1, max-image-preview:large, max-video-preview:-1\" \/>\n<link rel=\"canonical\" href=\"https:\/\/digitalworkflowmasters.com\/romana\/shop\/optisplint-archtracers-for-intraoral-alignment\/\" \/>\n<meta property=\"og:locale\" content=\"ro_RO\" \/>\n<meta property=\"og:type\" content=\"article\" \/>\n<meta property=\"og:title\" content=\"OPTISPLINT Archtracers pentru aliniere intraoral\u0103 - Digital Workflow Masters\" \/>\n<meta property=\"og:description\" content=\"OPTISPLINT Archtracers \u2013 solu\u021bie reutilizabil\u0103 pentru aliniere intraoral\u0103. Precise, u\u0219or de scanat \u0219i compatibile cu OPTISPLINT \u0219i fotogrammetrie.\" \/>\n<meta property=\"og:url\" content=\"https:\/\/digitalworkflowmasters.com\/romana\/shop\/optisplint-archtracers-for-intraoral-alignment\/\" \/>\n<meta property=\"og:site_name\" content=\"Digital Workflow Masters\" \/>\n<meta property=\"article:publisher\" content=\"https:\/\/www.facebook.com\/digitalworkflowmasters\/\" \/>\n<meta property=\"article:modified_time\" content=\"2025-06-25T19:43:06+00:00\" \/>\n<meta property=\"og:image\" content=\"https:\/\/digitalworkflowmasters.com\/romana\/wp-content\/uploads\/2025\/03\/IMG_8927-min-scaled.jpg\" \/>\n\t<meta property=\"og:image:width\" content=\"2560\" \/>\n\t<meta property=\"og:image:height\" content=\"1707\" \/>\n\t<meta property=\"og:image:type\" content=\"image\/jpeg\" \/>\n<meta name=\"twitter:card\" content=\"summary_large_image\" \/>\n<meta name=\"twitter:label1\" content=\"Timp estimat pentru citire\" \/>\n\t<meta name=\"twitter:data1\" content=\"1 minut\" \/>\n<script type=\"application\/ld+json\" class=\"yoast-schema-graph\">{\"@context\":\"https:\/\/schema.org\",\"@graph\":[{\"@type\":\"WebPage\",\"@id\":\"https:\/\/digitalworkflowmasters.com\/romana\/shop\/optisplint-archtracers-for-intraoral-alignment\/\",\"url\":\"https:\/\/digitalworkflowmasters.com\/romana\/shop\/optisplint-archtracers-for-intraoral-alignment\/\",\"name\":\"OPTISPLINT Archtracers pentru aliniere intraoral\u0103 - Digital Workflow Masters\",\"isPartOf\":{\"@id\":\"https:\/\/digitalworkflowmasters.com\/romana\/#website\"},\"primaryImageOfPage\":{\"@id\":\"https:\/\/digitalworkflowmasters.com\/romana\/shop\/optisplint-archtracers-for-intraoral-alignment\/#primaryimage\"},\"image\":{\"@id\":\"https:\/\/digitalworkflowmasters.com\/romana\/shop\/optisplint-archtracers-for-intraoral-alignment\/#primaryimage\"},\"thumbnailUrl\":\"https:\/\/digitalworkflowmasters.com\/romana\/wp-content\/uploads\/2025\/03\/IMG_8927-min-scaled.jpg\",\"datePublished\":\"2025-03-26T08:33:40+00:00\",\"dateModified\":\"2025-06-25T19:43:06+00:00\",\"description\":\"OPTISPLINT Archtracers \u2013 solu\u021bie reutilizabil\u0103 pentru aliniere intraoral\u0103. Precise, u\u0219or de scanat \u0219i compatibile cu OPTISPLINT \u0219i fotogrammetrie.\",\"breadcrumb\":{\"@id\":\"https:\/\/digitalworkflowmasters.com\/romana\/shop\/optisplint-archtracers-for-intraoral-alignment\/#breadcrumb\"},\"inLanguage\":\"ro-RO\",\"potentialAction\":[{\"@type\":\"ReadAction\",\"target\":[\"https:\/\/digitalworkflowmasters.com\/romana\/shop\/optisplint-archtracers-for-intraoral-alignment\/\"]}]},{\"@type\":\"ImageObject\",\"inLanguage\":\"ro-RO\",\"@id\":\"https:\/\/digitalworkflowmasters.com\/romana\/shop\/optisplint-archtracers-for-intraoral-alignment\/#primaryimage\",\"url\":\"https:\/\/digitalworkflowmasters.com\/romana\/wp-content\/uploads\/2025\/03\/IMG_8927-min-scaled.jpg\",\"contentUrl\":\"https:\/\/digitalworkflowmasters.com\/romana\/wp-content\/uploads\/2025\/03\/IMG_8927-min-scaled.jpg\",\"width\":2560,\"height\":1707},{\"@type\":\"BreadcrumbList\",\"@id\":\"https:\/\/digitalworkflowmasters.com\/romana\/shop\/optisplint-archtracers-for-intraoral-alignment\/#breadcrumb\",\"itemListElement\":[{\"@type\":\"ListItem\",\"position\":1,\"name\":\"Home\",\"item\":\"https:\/\/digitalworkflowmasters.com\/romana\/\"},{\"@type\":\"ListItem\",\"position\":2,\"name\":\"Products\",\"item\":\"https:\/\/digitalworkflowmasters.com\/romana\/shop\/\"},{\"@type\":\"ListItem\",\"position\":3,\"name\":\"Chirurgie\",\"item\":\"https:\/\/digitalworkflowmasters.com\/romana\/product-category\/chirurgie\/\"},{\"@type\":\"ListItem\",\"position\":4,\"name\":\"OptiSplint, Chirurgie\",\"item\":\"https:\/\/digitalworkflowmasters.com\/romana\/product-category\/chirurgie\/optisplint-chirurgie\/\"},{\"@type\":\"ListItem\",\"position\":5,\"name\":\"OPTISPLINT Archtracers pentru aliniere intraoral\u0103\"}]},{\"@type\":\"WebSite\",\"@id\":\"https:\/\/digitalworkflowmasters.com\/romana\/#website\",\"url\":\"https:\/\/digitalworkflowmasters.com\/romana\/\",\"name\":\"Digital Workflow Masters\",\"description\":\"Premium Dental Equipment\",\"publisher\":{\"@id\":\"https:\/\/digitalworkflowmasters.com\/romana\/#organization\"},\"potentialAction\":[{\"@type\":\"SearchAction\",\"target\":{\"@type\":\"EntryPoint\",\"urlTemplate\":\"https:\/\/digitalworkflowmasters.com\/romana\/?s={search_term_string}\"},\"query-input\":{\"@type\":\"PropertyValueSpecification\",\"valueRequired\":true,\"valueName\":\"search_term_string\"}}],\"inLanguage\":\"ro-RO\"},{\"@type\":\"Organization\",\"@id\":\"https:\/\/digitalworkflowmasters.com\/romana\/#organization\",\"name\":\"Digital Workflow Masters\",\"url\":\"https:\/\/digitalworkflowmasters.com\/romana\/\",\"logo\":{\"@type\":\"ImageObject\",\"inLanguage\":\"ro-RO\",\"@id\":\"https:\/\/digitalworkflowmasters.com\/romana\/#\/schema\/logo\/image\/\",\"url\":\"https:\/\/digitalworkflowmasters.com\/romana\/wp-content\/uploads\/2025\/08\/1.png\",\"contentUrl\":\"https:\/\/digitalworkflowmasters.com\/romana\/wp-content\/uploads\/2025\/08\/1.png\",\"width\":1080,\"height\":1080,\"caption\":\"Digital Workflow Masters\"},\"image\":{\"@id\":\"https:\/\/digitalworkflowmasters.com\/romana\/#\/schema\/logo\/image\/\"},\"sameAs\":[\"https:\/\/www.facebook.com\/digitalworkflowmasters\/\",\"https:\/\/www.instagram.com\/digitalworkflowmasters\/\"]}]}<\/script>\n<!-- \/ Yoast SEO plugin. -->","yoast_head_json":{"title":"OPTISPLINT Archtracers pentru aliniere intraoral\u0103 - Digital Workflow Masters","description":"OPTISPLINT Archtracers \u2013 solu\u021bie reutilizabil\u0103 pentru aliniere intraoral\u0103. Precise, u\u0219or de scanat \u0219i compatibile cu OPTISPLINT \u0219i fotogrammetrie.","robots":{"index":"index","follow":"follow","max-snippet":"max-snippet:-1","max-image-preview":"max-image-preview:large","max-video-preview":"max-video-preview:-1"},"canonical":"https:\/\/digitalworkflowmasters.com\/romana\/shop\/optisplint-archtracers-for-intraoral-alignment\/","og_locale":"ro_RO","og_type":"article","og_title":"OPTISPLINT Archtracers pentru aliniere intraoral\u0103 - Digital Workflow Masters","og_description":"OPTISPLINT Archtracers \u2013 solu\u021bie reutilizabil\u0103 pentru aliniere intraoral\u0103. Precise, u\u0219or de scanat \u0219i compatibile cu OPTISPLINT \u0219i fotogrammetrie.","og_url":"https:\/\/digitalworkflowmasters.com\/romana\/shop\/optisplint-archtracers-for-intraoral-alignment\/","og_site_name":"Digital Workflow Masters","article_publisher":"https:\/\/www.facebook.com\/digitalworkflowmasters\/","article_modified_time":"2025-06-25T19:43:06+00:00","og_image":[{"width":2560,"height":1707,"url":"https:\/\/digitalworkflowmasters.com\/romana\/wp-content\/uploads\/2025\/03\/IMG_8927-min-scaled.jpg","type":"image\/jpeg"}],"twitter_card":"summary_large_image","twitter_misc":{"Timp estimat pentru citire":"1 minut"},"schema":{"@context":"https:\/\/schema.org","@graph":[{"@type":"WebPage","@id":"https:\/\/digitalworkflowmasters.com\/romana\/shop\/optisplint-archtracers-for-intraoral-alignment\/","url":"https:\/\/digitalworkflowmasters.com\/romana\/shop\/optisplint-archtracers-for-intraoral-alignment\/","name":"OPTISPLINT Archtracers pentru aliniere intraoral\u0103 - Digital Workflow Masters","isPartOf":{"@id":"https:\/\/digitalworkflowmasters.com\/romana\/#website"},"primaryImageOfPage":{"@id":"https:\/\/digitalworkflowmasters.com\/romana\/shop\/optisplint-archtracers-for-intraoral-alignment\/#primaryimage"},"image":{"@id":"https:\/\/digitalworkflowmasters.com\/romana\/shop\/optisplint-archtracers-for-intraoral-alignment\/#primaryimage"},"thumbnailUrl":"https:\/\/digitalworkflowmasters.com\/romana\/wp-content\/uploads\/2025\/03\/IMG_8927-min-scaled.jpg","datePublished":"2025-03-26T08:33:40+00:00","dateModified":"2025-06-25T19:43:06+00:00","description":"OPTISPLINT Archtracers \u2013 solu\u021bie reutilizabil\u0103 pentru aliniere intraoral\u0103. Precise, u\u0219or de scanat \u0219i compatibile cu OPTISPLINT \u0219i fotogrammetrie.","breadcrumb":{"@id":"https:\/\/digitalworkflowmasters.com\/romana\/shop\/optisplint-archtracers-for-intraoral-alignment\/#breadcrumb"},"inLanguage":"ro-RO","potentialAction":[{"@type":"ReadAction","target":["https:\/\/digitalworkflowmasters.com\/romana\/shop\/optisplint-archtracers-for-intraoral-alignment\/"]}]},{"@type":"ImageObject","inLanguage":"ro-RO","@id":"https:\/\/digitalworkflowmasters.com\/romana\/shop\/optisplint-archtracers-for-intraoral-alignment\/#primaryimage","url":"https:\/\/digitalworkflowmasters.com\/romana\/wp-content\/uploads\/2025\/03\/IMG_8927-min-scaled.jpg","contentUrl":"https:\/\/digitalworkflowmasters.com\/romana\/wp-content\/uploads\/2025\/03\/IMG_8927-min-scaled.jpg","width":2560,"height":1707},{"@type":"BreadcrumbList","@id":"https:\/\/digitalworkflowmasters.com\/romana\/shop\/optisplint-archtracers-for-intraoral-alignment\/#breadcrumb","itemListElement":[{"@type":"ListItem","position":1,"name":"Home","item":"https:\/\/digitalworkflowmasters.com\/romana\/"},{"@type":"ListItem","position":2,"name":"Products","item":"https:\/\/digitalworkflowmasters.com\/romana\/shop\/"},{"@type":"ListItem","position":3,"name":"Chirurgie","item":"https:\/\/digitalworkflowmasters.com\/romana\/product-category\/chirurgie\/"},{"@type":"ListItem","position":4,"name":"OptiSplint, Chirurgie","item":"https:\/\/digitalworkflowmasters.com\/romana\/product-category\/chirurgie\/optisplint-chirurgie\/"},{"@type":"ListItem","position":5,"name":"OPTISPLINT Archtracers pentru aliniere intraoral\u0103"}]},{"@type":"WebSite","@id":"https:\/\/digitalworkflowmasters.com\/romana\/#website","url":"https:\/\/digitalworkflowmasters.com\/romana\/","name":"Digital Workflow Masters","description":"Premium Dental Equipment","publisher":{"@id":"https:\/\/digitalworkflowmasters.com\/romana\/#organization"},"potentialAction":[{"@type":"SearchAction","target":{"@type":"EntryPoint","urlTemplate":"https:\/\/digitalworkflowmasters.com\/romana\/?s={search_term_string}"},"query-input":{"@type":"PropertyValueSpecification","valueRequired":true,"valueName":"search_term_string"}}],"inLanguage":"ro-RO"},{"@type":"Organization","@id":"https:\/\/digitalworkflowmasters.com\/romana\/#organization","name":"Digital Workflow Masters","url":"https:\/\/digitalworkflowmasters.com\/romana\/","logo":{"@type":"ImageObject","inLanguage":"ro-RO","@id":"https:\/\/digitalworkflowmasters.com\/romana\/#\/schema\/logo\/image\/","url":"https:\/\/digitalworkflowmasters.com\/romana\/wp-content\/uploads\/2025\/08\/1.png","contentUrl":"https:\/\/digitalworkflowmasters.com\/romana\/wp-content\/uploads\/2025\/08\/1.png","width":1080,"height":1080,"caption":"Digital Workflow Masters"},"image":{"@id":"https:\/\/digitalworkflowmasters.com\/romana\/#\/schema\/logo\/image\/"},"sameAs":["https:\/\/www.facebook.com\/digitalworkflowmasters\/","https:\/\/www.instagram.com\/digitalworkflowmasters\/"]}]}},"_links":{"self":[{"href":"https:\/\/digitalworkflowmasters.com\/romana\/wp-json\/wp\/v2\/product\/13322","targetHints":{"allow":["GET"]}}],"collection":[{"href":"https:\/\/digitalworkflowmasters.com\/romana\/wp-json\/wp\/v2\/product"}],"about":[{"href":"https:\/\/digitalworkflowmasters.com\/romana\/wp-json\/wp\/v2\/types\/product"}],"version-history":[{"count":0,"href":"https:\/\/digitalworkflowmasters.com\/romana\/wp-json\/wp\/v2\/product\/13322\/revisions"}],"wp:featuredmedia":[{"embeddable":true,"href":"https:\/\/digitalworkflowmasters.com\/romana\/wp-json\/wp\/v2\/media\/33376"}],"wp:attachment":[{"href":"https:\/\/digitalworkflowmasters.com\/romana\/wp-json\/wp\/v2\/media?parent=13322"}],"wp:term":[{"taxonomy":"product_brand","embeddable":true,"href":"https:\/\/digitalworkflowmasters.com\/romana\/wp-json\/wp\/v2\/product_brand?post=13322"},{"taxonomy":"product_cat","embeddable":true,"href":"https:\/\/digitalworkflowmasters.com\/romana\/wp-json\/wp\/v2\/product_cat?post=13322"},{"taxonomy":"product_tag","embeddable":true,"href":"https:\/\/digitalworkflowmasters.com\/romana\/wp-json\/wp\/v2\/product_tag?post=13322"}],"curies":[{"name":"wp","href":"https:\/\/api.w.org\/{rel}","templated":true}]}}