{"id":13336,"date":"2025-03-26T08:33:40","date_gmt":"2025-03-26T08:33:40","guid":{"rendered":"https:\/\/digitalworkflowmasters.com\/?post_type=product&#038;p=13336"},"modified":"2025-06-25T19:53:31","modified_gmt":"2025-06-25T19:53:31","slug":"optisplint-dual-cure-composite","status":"publish","type":"product","link":"https:\/\/digitalworkflowmasters.com\/romana\/shop\/optisplint-dual-cure-composite\/","title":{"rendered":"OPTISPLINT Dual-Cure Composite (OPTIWELD)"},"content":{"rendered":"<p data-start=\"204\" data-end=\"622\"><strong data-start=\"204\" data-end=\"238\">OPTISPLINT Dual-Cure Composite<\/strong>, cunoscut sub denumirea <strong data-start=\"263\" data-end=\"275\">OPTIWELD<\/strong>, este un compozit avansat cu \u00eent\u0103rire dual\u0103 (chimic\u0103 \u0219i foto) conceput special pentru fixarea bracketurilor OPTISPLINT \u00een restaur\u0103rile pe implanturi. Formulat pentru precizie, durabilitate \u0219i u\u0219urin\u021b\u0103 \u00een scanare, acest material este esen\u021bial \u00een asigurarea unei fix\u0103ri solide \u0219i predictibile \u00een aplica\u021biile de fotogrammetrie \u0219i scanare intraoral\u0103.<\/p>\n<p data-start=\"624\" data-end=\"946\">OPTIWELD ofer\u0103 \u00eent\u0103rire rapid\u0103 la lumin\u0103 \u00een doar 30 de secunde \u0219i \u00eent\u0103rire complet\u0103 \u00een 3\u20134 minute chiar \u0219i \u00een zonele unde lumina nu p\u0103trunde. Culoarea A3.5 alb-c\u0103ldu\u021b (off-white) \u00eel face mult mai u\u0219or de scanat dec\u00e2t compozitele roz tradi\u021bionale, iar radiopacitatea sa asigur\u0103 vizibilitate clar\u0103 pe imagistica radiologic\u0103.<\/p>\n<p data-start=\"948\" data-end=\"1226\">Cu o v\u00e2scozitate mare, similar\u0103 materialelor post-core, OPTIWELD nu curge \u00een cavitatea oral\u0103 \u00een timpul aplic\u0103rii. De asemenea, are o contrac\u021bie volumetric\u0103 extrem de sc\u0103zut\u0103 (doar 3.3%), ceea ce minimizeaz\u0103 riscurile de distorsiune a ghidajului OPTISPLINT \u00een urma polimeriz\u0103rii.<\/p>\n<hr data-start=\"1228\" data-end=\"1231\" \/>\n<h3 data-start=\"1233\" data-end=\"1264\"><strong data-start=\"1237\" data-end=\"1264\">Utiliz\u0103ri ale OPTIWELD:<\/strong><\/h3>\n<ul data-start=\"1265\" data-end=\"1555\">\n<li data-start=\"1265\" data-end=\"1345\">\n<p data-start=\"1267\" data-end=\"1345\">Fixarea bracketurilor OPTISPLINT pentru scanare intraoral\u0103 \u0219i fotogrammetrie<\/p>\n<\/li>\n<li data-start=\"1346\" data-end=\"1398\">\n<p data-start=\"1348\" data-end=\"1398\">Restaur\u0103ri implanto-protetice pe arcad\u0103 complet\u0103<\/p>\n<\/li>\n<li data-start=\"1399\" data-end=\"1489\">\n<p data-start=\"1401\" data-end=\"1489\">Situa\u021bii clinice \u00een care este necesar\u0103 o \u00eent\u0103rire fiabil\u0103 \u00een zone f\u0103r\u0103 acces la lumin\u0103<\/p>\n<\/li>\n<li data-start=\"1490\" data-end=\"1555\">\n<p data-start=\"1492\" data-end=\"1555\">Aplic\u0103ri unde este necesar\u0103 stabilitate dimensional\u0103 ridicat\u0103<\/p>\n<\/li>\n<\/ul>\n<hr data-start=\"1557\" data-end=\"1560\" \/>\n<h3 data-start=\"1562\" data-end=\"1579\"><strong data-start=\"1566\" data-end=\"1579\">Avantaje:<\/strong><\/h3>\n<ul data-start=\"1580\" data-end=\"1962\">\n<li data-start=\"1580\" data-end=\"1656\">\n<p data-start=\"1582\" data-end=\"1656\"><strong data-start=\"1582\" data-end=\"1609\">Dual-cure (foto + auto)<\/strong> \u2013 \u00eent\u0103rire complet\u0103, inclusiv sub bracketuri<\/p>\n<\/li>\n<li data-start=\"1657\" data-end=\"1709\">\n<p data-start=\"1659\" data-end=\"1709\"><strong data-start=\"1659\" data-end=\"1679\">V\u00e2scozitate mare<\/strong> \u2013 nu curge, u\u0219or de aplicat<\/p>\n<\/li>\n<li data-start=\"1710\" data-end=\"1777\">\n<p data-start=\"1712\" data-end=\"1777\"><strong data-start=\"1712\" data-end=\"1744\">Culoare A3.5, u\u0219or scanabil\u0103<\/strong> \u2013 ideal\u0103 pentru sisteme optice<\/p>\n<\/li>\n<li data-start=\"1778\" data-end=\"1827\">\n<p data-start=\"1780\" data-end=\"1827\"><strong data-start=\"1780\" data-end=\"1825\">Rezisten\u021b\u0103 mare \u0219i duritate dup\u0103 \u00eent\u0103rire<\/strong><\/p>\n<\/li>\n<li data-start=\"1828\" data-end=\"1894\">\n<p data-start=\"1830\" data-end=\"1894\"><strong data-start=\"1830\" data-end=\"1859\">Contrac\u021bie sc\u0103zut\u0103 (3.3%)<\/strong> \u2013 precizie ridicat\u0103 a splintului<\/p>\n<\/li>\n<li data-start=\"1895\" data-end=\"1962\">\n<p data-start=\"1897\" data-end=\"1962\"><strong data-start=\"1897\" data-end=\"1921\">Radiopac \u0219i rentabil<\/strong> \u2013 calitate \u00eenalt\u0103 la un pre\u021b accesibil<\/p>\n<\/li>\n<\/ul>\n","protected":false},"excerpt":{"rendered":"<p data-start=\"2015\" data-end=\"2189\"><strong data-start=\"2015\" data-end=\"2060\">OPTISPLINT Dual-Cure Composite (OPTIWELD)<\/strong> este compozitul ideal pentru fixarea bracketurilor \u00een scan\u0103ri implantare. Alb, v\u00e2scos, cu \u00eent\u0103rire rapid\u0103 \u0219i precizie garantat\u0103.<\/p>\n","protected":false},"featured_media":33390,"template":"","meta":{"_acf_changed":false,"om_disable_all_campaigns":false},"product_brand":[],"product_cat":[477],"product_tag":[],"class_list":{"0":"post-13336","1":"product","2":"type-product","3":"status-publish","4":"has-post-thumbnail","6":"product_cat-optisplint-chirurgie","8":"first","9":"instock","10":"shipping-taxable","11":"purchasable","12":"product-type-simple"},"acf":[],"yoast_head":"<!-- This site is optimized with the Yoast SEO plugin v25.3 - https:\/\/yoast.com\/wordpress\/plugins\/seo\/ -->\n<title>OPTISPLINT Dual-Cure Composite (OPTIWELD) - Digital Workflow Masters<\/title>\n<meta name=\"description\" content=\"OPTISPLINT Dual-Cure Composite \u2013 compozit alb, scanabil \u0219i cu \u00eent\u0103rire rapid\u0103. Ideal pentru fixarea bracketurilor \u00een restaur\u0103ri implantare precise.\" \/>\n<meta name=\"robots\" content=\"index, follow, max-snippet:-1, max-image-preview:large, max-video-preview:-1\" \/>\n<link rel=\"canonical\" href=\"https:\/\/digitalworkflowmasters.com\/romana\/shop\/optisplint-dual-cure-composite\/\" \/>\n<meta property=\"og:locale\" content=\"ro_RO\" \/>\n<meta property=\"og:type\" content=\"article\" \/>\n<meta property=\"og:title\" content=\"OPTISPLINT Dual-Cure Composite (OPTIWELD) - Digital Workflow Masters\" \/>\n<meta property=\"og:description\" content=\"OPTISPLINT Dual-Cure Composite \u2013 compozit alb, scanabil \u0219i cu \u00eent\u0103rire rapid\u0103. Ideal pentru fixarea bracketurilor \u00een restaur\u0103ri implantare precise.\" \/>\n<meta property=\"og:url\" content=\"https:\/\/digitalworkflowmasters.com\/romana\/shop\/optisplint-dual-cure-composite\/\" \/>\n<meta property=\"og:site_name\" content=\"Digital Workflow Masters\" \/>\n<meta property=\"article:publisher\" content=\"https:\/\/www.facebook.com\/digitalworkflowmasters\/\" \/>\n<meta property=\"article:modified_time\" content=\"2025-06-25T19:53:31+00:00\" \/>\n<meta property=\"og:image\" content=\"https:\/\/digitalworkflowmasters.com\/romana\/wp-content\/uploads\/2025\/03\/optiweld-min.jpg\" \/>\n\t<meta property=\"og:image:width\" content=\"1024\" \/>\n\t<meta property=\"og:image:height\" content=\"1024\" \/>\n\t<meta property=\"og:image:type\" content=\"image\/jpeg\" \/>\n<meta name=\"twitter:card\" content=\"summary_large_image\" \/>\n<meta name=\"twitter:label1\" content=\"Timp estimat pentru citire\" \/>\n\t<meta name=\"twitter:data1\" content=\"2 minute\" \/>\n<script type=\"application\/ld+json\" class=\"yoast-schema-graph\">{\"@context\":\"https:\/\/schema.org\",\"@graph\":[{\"@type\":\"WebPage\",\"@id\":\"https:\/\/digitalworkflowmasters.com\/romana\/shop\/optisplint-dual-cure-composite\/\",\"url\":\"https:\/\/digitalworkflowmasters.com\/romana\/shop\/optisplint-dual-cure-composite\/\",\"name\":\"OPTISPLINT Dual-Cure Composite (OPTIWELD) - Digital Workflow Masters\",\"isPartOf\":{\"@id\":\"https:\/\/digitalworkflowmasters.com\/romana\/#website\"},\"primaryImageOfPage\":{\"@id\":\"https:\/\/digitalworkflowmasters.com\/romana\/shop\/optisplint-dual-cure-composite\/#primaryimage\"},\"image\":{\"@id\":\"https:\/\/digitalworkflowmasters.com\/romana\/shop\/optisplint-dual-cure-composite\/#primaryimage\"},\"thumbnailUrl\":\"https:\/\/digitalworkflowmasters.com\/romana\/wp-content\/uploads\/2025\/03\/optiweld-min.jpg\",\"datePublished\":\"2025-03-26T08:33:40+00:00\",\"dateModified\":\"2025-06-25T19:53:31+00:00\",\"description\":\"OPTISPLINT Dual-Cure Composite \u2013 compozit alb, scanabil \u0219i cu \u00eent\u0103rire rapid\u0103. Ideal pentru fixarea bracketurilor \u00een restaur\u0103ri implantare precise.\",\"breadcrumb\":{\"@id\":\"https:\/\/digitalworkflowmasters.com\/romana\/shop\/optisplint-dual-cure-composite\/#breadcrumb\"},\"inLanguage\":\"ro-RO\",\"potentialAction\":[{\"@type\":\"ReadAction\",\"target\":[\"https:\/\/digitalworkflowmasters.com\/romana\/shop\/optisplint-dual-cure-composite\/\"]}]},{\"@type\":\"ImageObject\",\"inLanguage\":\"ro-RO\",\"@id\":\"https:\/\/digitalworkflowmasters.com\/romana\/shop\/optisplint-dual-cure-composite\/#primaryimage\",\"url\":\"https:\/\/digitalworkflowmasters.com\/romana\/wp-content\/uploads\/2025\/03\/optiweld-min.jpg\",\"contentUrl\":\"https:\/\/digitalworkflowmasters.com\/romana\/wp-content\/uploads\/2025\/03\/optiweld-min.jpg\",\"width\":1024,\"height\":1024},{\"@type\":\"BreadcrumbList\",\"@id\":\"https:\/\/digitalworkflowmasters.com\/romana\/shop\/optisplint-dual-cure-composite\/#breadcrumb\",\"itemListElement\":[{\"@type\":\"ListItem\",\"position\":1,\"name\":\"Home\",\"item\":\"https:\/\/digitalworkflowmasters.com\/romana\/\"},{\"@type\":\"ListItem\",\"position\":2,\"name\":\"Products\",\"item\":\"https:\/\/digitalworkflowmasters.com\/romana\/shop\/\"},{\"@type\":\"ListItem\",\"position\":3,\"name\":\"Chirurgie\",\"item\":\"https:\/\/digitalworkflowmasters.com\/romana\/product-category\/chirurgie\/\"},{\"@type\":\"ListItem\",\"position\":4,\"name\":\"OptiSplint, Chirurgie\",\"item\":\"https:\/\/digitalworkflowmasters.com\/romana\/product-category\/chirurgie\/optisplint-chirurgie\/\"},{\"@type\":\"ListItem\",\"position\":5,\"name\":\"OPTISPLINT Dual-Cure Composite (OPTIWELD)\"}]},{\"@type\":\"WebSite\",\"@id\":\"https:\/\/digitalworkflowmasters.com\/romana\/#website\",\"url\":\"https:\/\/digitalworkflowmasters.com\/romana\/\",\"name\":\"Digital Workflow Masters\",\"description\":\"Premium Dental Equipment\",\"publisher\":{\"@id\":\"https:\/\/digitalworkflowmasters.com\/romana\/#organization\"},\"potentialAction\":[{\"@type\":\"SearchAction\",\"target\":{\"@type\":\"EntryPoint\",\"urlTemplate\":\"https:\/\/digitalworkflowmasters.com\/romana\/?s={search_term_string}\"},\"query-input\":{\"@type\":\"PropertyValueSpecification\",\"valueRequired\":true,\"valueName\":\"search_term_string\"}}],\"inLanguage\":\"ro-RO\"},{\"@type\":\"Organization\",\"@id\":\"https:\/\/digitalworkflowmasters.com\/romana\/#organization\",\"name\":\"Digital Workflow Masters\",\"url\":\"https:\/\/digitalworkflowmasters.com\/romana\/\",\"logo\":{\"@type\":\"ImageObject\",\"inLanguage\":\"ro-RO\",\"@id\":\"https:\/\/digitalworkflowmasters.com\/romana\/#\/schema\/logo\/image\/\",\"url\":\"https:\/\/digitalworkflowmasters.com\/romana\/wp-content\/uploads\/2025\/08\/1.png\",\"contentUrl\":\"https:\/\/digitalworkflowmasters.com\/romana\/wp-content\/uploads\/2025\/08\/1.png\",\"width\":1080,\"height\":1080,\"caption\":\"Digital Workflow Masters\"},\"image\":{\"@id\":\"https:\/\/digitalworkflowmasters.com\/romana\/#\/schema\/logo\/image\/\"},\"sameAs\":[\"https:\/\/www.facebook.com\/digitalworkflowmasters\/\",\"https:\/\/www.instagram.com\/digitalworkflowmasters\/\"]}]}<\/script>\n<!-- \/ Yoast SEO plugin. -->","yoast_head_json":{"title":"OPTISPLINT Dual-Cure Composite (OPTIWELD) - Digital Workflow Masters","description":"OPTISPLINT Dual-Cure Composite \u2013 compozit alb, scanabil \u0219i cu \u00eent\u0103rire rapid\u0103. Ideal pentru fixarea bracketurilor \u00een restaur\u0103ri implantare precise.","robots":{"index":"index","follow":"follow","max-snippet":"max-snippet:-1","max-image-preview":"max-image-preview:large","max-video-preview":"max-video-preview:-1"},"canonical":"https:\/\/digitalworkflowmasters.com\/romana\/shop\/optisplint-dual-cure-composite\/","og_locale":"ro_RO","og_type":"article","og_title":"OPTISPLINT Dual-Cure Composite (OPTIWELD) - Digital Workflow Masters","og_description":"OPTISPLINT Dual-Cure Composite \u2013 compozit alb, scanabil \u0219i cu \u00eent\u0103rire rapid\u0103. Ideal pentru fixarea bracketurilor \u00een restaur\u0103ri implantare precise.","og_url":"https:\/\/digitalworkflowmasters.com\/romana\/shop\/optisplint-dual-cure-composite\/","og_site_name":"Digital Workflow Masters","article_publisher":"https:\/\/www.facebook.com\/digitalworkflowmasters\/","article_modified_time":"2025-06-25T19:53:31+00:00","og_image":[{"width":1024,"height":1024,"url":"https:\/\/digitalworkflowmasters.com\/romana\/wp-content\/uploads\/2025\/03\/optiweld-min.jpg","type":"image\/jpeg"}],"twitter_card":"summary_large_image","twitter_misc":{"Timp estimat pentru citire":"2 minute"},"schema":{"@context":"https:\/\/schema.org","@graph":[{"@type":"WebPage","@id":"https:\/\/digitalworkflowmasters.com\/romana\/shop\/optisplint-dual-cure-composite\/","url":"https:\/\/digitalworkflowmasters.com\/romana\/shop\/optisplint-dual-cure-composite\/","name":"OPTISPLINT Dual-Cure Composite (OPTIWELD) - Digital Workflow Masters","isPartOf":{"@id":"https:\/\/digitalworkflowmasters.com\/romana\/#website"},"primaryImageOfPage":{"@id":"https:\/\/digitalworkflowmasters.com\/romana\/shop\/optisplint-dual-cure-composite\/#primaryimage"},"image":{"@id":"https:\/\/digitalworkflowmasters.com\/romana\/shop\/optisplint-dual-cure-composite\/#primaryimage"},"thumbnailUrl":"https:\/\/digitalworkflowmasters.com\/romana\/wp-content\/uploads\/2025\/03\/optiweld-min.jpg","datePublished":"2025-03-26T08:33:40+00:00","dateModified":"2025-06-25T19:53:31+00:00","description":"OPTISPLINT Dual-Cure Composite \u2013 compozit alb, scanabil \u0219i cu \u00eent\u0103rire rapid\u0103. Ideal pentru fixarea bracketurilor \u00een restaur\u0103ri implantare precise.","breadcrumb":{"@id":"https:\/\/digitalworkflowmasters.com\/romana\/shop\/optisplint-dual-cure-composite\/#breadcrumb"},"inLanguage":"ro-RO","potentialAction":[{"@type":"ReadAction","target":["https:\/\/digitalworkflowmasters.com\/romana\/shop\/optisplint-dual-cure-composite\/"]}]},{"@type":"ImageObject","inLanguage":"ro-RO","@id":"https:\/\/digitalworkflowmasters.com\/romana\/shop\/optisplint-dual-cure-composite\/#primaryimage","url":"https:\/\/digitalworkflowmasters.com\/romana\/wp-content\/uploads\/2025\/03\/optiweld-min.jpg","contentUrl":"https:\/\/digitalworkflowmasters.com\/romana\/wp-content\/uploads\/2025\/03\/optiweld-min.jpg","width":1024,"height":1024},{"@type":"BreadcrumbList","@id":"https:\/\/digitalworkflowmasters.com\/romana\/shop\/optisplint-dual-cure-composite\/#breadcrumb","itemListElement":[{"@type":"ListItem","position":1,"name":"Home","item":"https:\/\/digitalworkflowmasters.com\/romana\/"},{"@type":"ListItem","position":2,"name":"Products","item":"https:\/\/digitalworkflowmasters.com\/romana\/shop\/"},{"@type":"ListItem","position":3,"name":"Chirurgie","item":"https:\/\/digitalworkflowmasters.com\/romana\/product-category\/chirurgie\/"},{"@type":"ListItem","position":4,"name":"OptiSplint, Chirurgie","item":"https:\/\/digitalworkflowmasters.com\/romana\/product-category\/chirurgie\/optisplint-chirurgie\/"},{"@type":"ListItem","position":5,"name":"OPTISPLINT Dual-Cure Composite (OPTIWELD)"}]},{"@type":"WebSite","@id":"https:\/\/digitalworkflowmasters.com\/romana\/#website","url":"https:\/\/digitalworkflowmasters.com\/romana\/","name":"Digital Workflow Masters","description":"Premium Dental Equipment","publisher":{"@id":"https:\/\/digitalworkflowmasters.com\/romana\/#organization"},"potentialAction":[{"@type":"SearchAction","target":{"@type":"EntryPoint","urlTemplate":"https:\/\/digitalworkflowmasters.com\/romana\/?s={search_term_string}"},"query-input":{"@type":"PropertyValueSpecification","valueRequired":true,"valueName":"search_term_string"}}],"inLanguage":"ro-RO"},{"@type":"Organization","@id":"https:\/\/digitalworkflowmasters.com\/romana\/#organization","name":"Digital Workflow Masters","url":"https:\/\/digitalworkflowmasters.com\/romana\/","logo":{"@type":"ImageObject","inLanguage":"ro-RO","@id":"https:\/\/digitalworkflowmasters.com\/romana\/#\/schema\/logo\/image\/","url":"https:\/\/digitalworkflowmasters.com\/romana\/wp-content\/uploads\/2025\/08\/1.png","contentUrl":"https:\/\/digitalworkflowmasters.com\/romana\/wp-content\/uploads\/2025\/08\/1.png","width":1080,"height":1080,"caption":"Digital Workflow Masters"},"image":{"@id":"https:\/\/digitalworkflowmasters.com\/romana\/#\/schema\/logo\/image\/"},"sameAs":["https:\/\/www.facebook.com\/digitalworkflowmasters\/","https:\/\/www.instagram.com\/digitalworkflowmasters\/"]}]}},"_links":{"self":[{"href":"https:\/\/digitalworkflowmasters.com\/romana\/wp-json\/wp\/v2\/product\/13336","targetHints":{"allow":["GET"]}}],"collection":[{"href":"https:\/\/digitalworkflowmasters.com\/romana\/wp-json\/wp\/v2\/product"}],"about":[{"href":"https:\/\/digitalworkflowmasters.com\/romana\/wp-json\/wp\/v2\/types\/product"}],"version-history":[{"count":0,"href":"https:\/\/digitalworkflowmasters.com\/romana\/wp-json\/wp\/v2\/product\/13336\/revisions"}],"wp:featuredmedia":[{"embeddable":true,"href":"https:\/\/digitalworkflowmasters.com\/romana\/wp-json\/wp\/v2\/media\/33390"}],"wp:attachment":[{"href":"https:\/\/digitalworkflowmasters.com\/romana\/wp-json\/wp\/v2\/media?parent=13336"}],"wp:term":[{"taxonomy":"product_brand","embeddable":true,"href":"https:\/\/digitalworkflowmasters.com\/romana\/wp-json\/wp\/v2\/product_brand?post=13336"},{"taxonomy":"product_cat","embeddable":true,"href":"https:\/\/digitalworkflowmasters.com\/romana\/wp-json\/wp\/v2\/product_cat?post=13336"},{"taxonomy":"product_tag","embeddable":true,"href":"https:\/\/digitalworkflowmasters.com\/romana\/wp-json\/wp\/v2\/product_tag?post=13336"}],"curies":[{"name":"wp","href":"https:\/\/api.w.org\/{rel}","templated":true}]}}