{"id":13343,"date":"2025-03-26T08:33:40","date_gmt":"2025-03-26T08:33:40","guid":{"rendered":"https:\/\/digitalworkflowmasters.com\/?post_type=product&#038;p=13343"},"modified":"2025-06-25T19:52:17","modified_gmt":"2025-06-25T19:52:17","slug":"keysplint-hard-resin","status":"publish","type":"product","link":"https:\/\/digitalworkflowmasters.com\/romana\/shop\/keysplint-hard-resin\/","title":{"rendered":"Rasina KeySplint Hard"},"content":{"rendered":"<p data-start=\"164\" data-end=\"589\"><strong data-start=\"164\" data-end=\"182\">KeySplint Hard<\/strong> este o r\u0103\u0219in\u0103 fotopolimerizabil\u0103 biocompatibil\u0103, clasa IIa, destinat\u0103 imprim\u0103rii 3D de <strong data-start=\"270\" data-end=\"287\">guturi rigide<\/strong> pentru tratamente func\u021bionale \u0219i de protec\u021bie \u00een stomatologie. Proiectat\u0103 pentru a oferi o <strong data-start=\"379\" data-end=\"460\">rigiditate controlat\u0103, stabilitate dimensional\u0103 excelent\u0103 \u0219i claritate optic\u0103<\/strong>, aceast\u0103 r\u0103\u0219in\u0103 este ideal\u0103 pentru dispozitive precum gutiere ocluzale, de stabilizare, sau pentru tratamentul tulbur\u0103rilor ATM.<\/p>\n<p data-start=\"591\" data-end=\"886\">Cu o compozi\u021bie special\u0103 ce confer\u0103 rezisten\u021b\u0103 la fisuri, abraziune \u0219i deformare, KeySplint Hard este perfect\u0103 pentru utilizare pe termen lung, p\u0103str\u00e2ndu-\u0219i forma chiar \u0219i sub sarcini ocluzale ridicate. Este validat\u0103 pentru mai multe imprimante 3D \u0219i este aprobat\u0103 FDA \u0219i CE pentru uz intraoral.<\/p>\n<p data-start=\"888\" data-end=\"998\">Disponibil\u0103 \u00eentr-o nuan\u021b\u0103 transparent\u0103, KeySplint Hard ofer\u0103 at\u00e2t estetic\u0103, c\u00e2t \u0219i func\u021bionalitate superioar\u0103.<\/p>\n<hr data-start=\"1000\" data-end=\"1003\" \/>\n<h3 data-start=\"1005\" data-end=\"1042\"><strong data-start=\"1009\" data-end=\"1042\">Utiliz\u0103ri ale KeySplint Hard:<\/strong><\/h3>\n<ul data-start=\"1043\" data-end=\"1235\">\n<li data-start=\"1043\" data-end=\"1085\">\n<p data-start=\"1045\" data-end=\"1085\">Gutiere ocluzale rigide (bite splints)<\/p>\n<\/li>\n<li data-start=\"1086\" data-end=\"1123\">\n<p data-start=\"1088\" data-end=\"1123\">Gutiere de stabilizare pentru ATM<\/p>\n<\/li>\n<li data-start=\"1124\" data-end=\"1183\">\n<p data-start=\"1126\" data-end=\"1183\">Dispozitive de protec\u021bie nocturn\u0103 (anti-bruxism) rigide<\/p>\n<\/li>\n<li data-start=\"1184\" data-end=\"1235\">\n<p data-start=\"1186\" data-end=\"1235\">Aparate func\u021bionale ortodontice sau de reten\u021bie<\/p>\n<\/li>\n<\/ul>\n<hr data-start=\"1237\" data-end=\"1240\" \/>\n<h3 data-start=\"1242\" data-end=\"1259\"><strong data-start=\"1246\" data-end=\"1259\">Avantaje:<\/strong><\/h3>\n<ul data-start=\"1260\" data-end=\"1546\">\n<li data-start=\"1260\" data-end=\"1321\">\n<p data-start=\"1262\" data-end=\"1321\"><strong data-start=\"1262\" data-end=\"1290\">Biocompatibil\u0103 clasa IIa<\/strong> \u2013 sigur\u0103 pentru uz prelungit<\/p>\n<\/li>\n<li data-start=\"1322\" data-end=\"1392\">\n<p data-start=\"1324\" data-end=\"1392\"><strong data-start=\"1324\" data-end=\"1363\">Rigiditate \u0219i stabilitate excelente<\/strong> \u2013 nu se deformeaz\u0103 \u00een timp<\/p>\n<\/li>\n<li data-start=\"1393\" data-end=\"1449\">\n<p data-start=\"1395\" data-end=\"1449\"><strong data-start=\"1395\" data-end=\"1417\">Claritate ridicat\u0103<\/strong> \u2013 aspect estetic, transparent<\/p>\n<\/li>\n<li data-start=\"1450\" data-end=\"1491\">\n<p data-start=\"1452\" data-end=\"1491\"><strong data-start=\"1452\" data-end=\"1489\">Rezisten\u021b\u0103 la abraziune \u0219i fisuri<\/strong><\/p>\n<\/li>\n<li data-start=\"1492\" data-end=\"1546\">\n<p data-start=\"1494\" data-end=\"1546\"><strong data-start=\"1494\" data-end=\"1544\">Compatibil\u0103 cu multiple imprimante 3D validate<\/strong><\/p>\n<\/li>\n<\/ul>\n","protected":false},"excerpt":{"rendered":"<p data-start=\"1599\" data-end=\"1767\"><strong data-start=\"1599\" data-end=\"1617\">KeySplint Hard<\/strong> este o r\u0103\u0219in\u0103 rigid\u0103 biocompatibil\u0103 pentru gutiere 3D de protec\u021bie \u0219i tratament. Precis\u0103, stabil\u0103 \u0219i ideal\u0103 pentru aplica\u021bii clinice de lung\u0103 durat\u0103.<\/p>\n","protected":false},"featured_media":33397,"template":"","meta":{"_acf_changed":false,"om_disable_all_campaigns":false},"product_brand":[],"product_cat":[323,479],"product_tag":[],"class_list":{"0":"post-13343","1":"product","2":"type-product","3":"status-publish","4":"has-post-thumbnail","6":"product_cat-cad-cam","7":"product_cat-cad-cam-consumabile-radiologie","9":"first","10":"instock","11":"shipping-taxable","12":"purchasable","13":"product-type-simple"},"acf":[],"yoast_head":"<!-- This site is optimized with the Yoast SEO plugin v25.3 - https:\/\/yoast.com\/wordpress\/plugins\/seo\/ -->\n<title>Rasina KeySplint Hard - Digital Workflow Masters<\/title>\n<meta name=\"description\" content=\"KeySplint Hard \u2013 r\u0103\u0219in\u0103 rigid\u0103 biocompatibil\u0103 pentru gutiere 3D. Stabilitate, transparen\u021b\u0103 \u0219i rezisten\u021b\u0103 ideale pentru tratamente func\u021bionale \u0219i ocluzale.\" \/>\n<meta name=\"robots\" content=\"index, follow, max-snippet:-1, max-image-preview:large, max-video-preview:-1\" \/>\n<link rel=\"canonical\" href=\"https:\/\/digitalworkflowmasters.com\/romana\/shop\/keysplint-hard-resin\/\" \/>\n<meta property=\"og:locale\" content=\"ro_RO\" \/>\n<meta property=\"og:type\" content=\"article\" \/>\n<meta property=\"og:title\" content=\"Rasina KeySplint Hard - Digital Workflow Masters\" \/>\n<meta property=\"og:description\" content=\"KeySplint Hard \u2013 r\u0103\u0219in\u0103 rigid\u0103 biocompatibil\u0103 pentru gutiere 3D. Stabilitate, transparen\u021b\u0103 \u0219i rezisten\u021b\u0103 ideale pentru tratamente func\u021bionale \u0219i ocluzale.\" \/>\n<meta property=\"og:url\" content=\"https:\/\/digitalworkflowmasters.com\/romana\/shop\/keysplint-hard-resin\/\" \/>\n<meta property=\"og:site_name\" content=\"Digital Workflow Masters\" \/>\n<meta property=\"article:publisher\" content=\"https:\/\/www.facebook.com\/digitalworkflowmasters\/\" \/>\n<meta property=\"article:modified_time\" content=\"2025-06-25T19:52:17+00:00\" \/>\n<meta property=\"og:image\" content=\"https:\/\/digitalworkflowmasters.com\/romana\/wp-content\/uploads\/2025\/03\/ksh-loctite.jpg\" \/>\n\t<meta property=\"og:image:width\" content=\"1000\" \/>\n\t<meta property=\"og:image:height\" content=\"1000\" \/>\n\t<meta property=\"og:image:type\" content=\"image\/jpeg\" \/>\n<meta name=\"twitter:card\" content=\"summary_large_image\" \/>\n<meta name=\"twitter:label1\" content=\"Timp estimat pentru citire\" \/>\n\t<meta name=\"twitter:data1\" content=\"1 minut\" \/>\n<script type=\"application\/ld+json\" class=\"yoast-schema-graph\">{\"@context\":\"https:\/\/schema.org\",\"@graph\":[{\"@type\":\"WebPage\",\"@id\":\"https:\/\/digitalworkflowmasters.com\/romana\/shop\/keysplint-hard-resin\/\",\"url\":\"https:\/\/digitalworkflowmasters.com\/romana\/shop\/keysplint-hard-resin\/\",\"name\":\"Rasina KeySplint Hard - Digital Workflow Masters\",\"isPartOf\":{\"@id\":\"https:\/\/digitalworkflowmasters.com\/romana\/#website\"},\"primaryImageOfPage\":{\"@id\":\"https:\/\/digitalworkflowmasters.com\/romana\/shop\/keysplint-hard-resin\/#primaryimage\"},\"image\":{\"@id\":\"https:\/\/digitalworkflowmasters.com\/romana\/shop\/keysplint-hard-resin\/#primaryimage\"},\"thumbnailUrl\":\"https:\/\/digitalworkflowmasters.com\/romana\/wp-content\/uploads\/2025\/03\/ksh-loctite.jpg\",\"datePublished\":\"2025-03-26T08:33:40+00:00\",\"dateModified\":\"2025-06-25T19:52:17+00:00\",\"description\":\"KeySplint Hard \u2013 r\u0103\u0219in\u0103 rigid\u0103 biocompatibil\u0103 pentru gutiere 3D. Stabilitate, transparen\u021b\u0103 \u0219i rezisten\u021b\u0103 ideale pentru tratamente func\u021bionale \u0219i ocluzale.\",\"breadcrumb\":{\"@id\":\"https:\/\/digitalworkflowmasters.com\/romana\/shop\/keysplint-hard-resin\/#breadcrumb\"},\"inLanguage\":\"ro-RO\",\"potentialAction\":[{\"@type\":\"ReadAction\",\"target\":[\"https:\/\/digitalworkflowmasters.com\/romana\/shop\/keysplint-hard-resin\/\"]}]},{\"@type\":\"ImageObject\",\"inLanguage\":\"ro-RO\",\"@id\":\"https:\/\/digitalworkflowmasters.com\/romana\/shop\/keysplint-hard-resin\/#primaryimage\",\"url\":\"https:\/\/digitalworkflowmasters.com\/romana\/wp-content\/uploads\/2025\/03\/ksh-loctite.jpg\",\"contentUrl\":\"https:\/\/digitalworkflowmasters.com\/romana\/wp-content\/uploads\/2025\/03\/ksh-loctite.jpg\",\"width\":1000,\"height\":1000},{\"@type\":\"BreadcrumbList\",\"@id\":\"https:\/\/digitalworkflowmasters.com\/romana\/shop\/keysplint-hard-resin\/#breadcrumb\",\"itemListElement\":[{\"@type\":\"ListItem\",\"position\":1,\"name\":\"Home\",\"item\":\"https:\/\/digitalworkflowmasters.com\/romana\/\"},{\"@type\":\"ListItem\",\"position\":2,\"name\":\"Products\",\"item\":\"https:\/\/digitalworkflowmasters.com\/romana\/shop\/\"},{\"@type\":\"ListItem\",\"position\":3,\"name\":\"CAD\/CAM consumabile, radiologie\",\"item\":\"https:\/\/digitalworkflowmasters.com\/romana\/product-category\/cad-cam-cad-cam\/cad-cam-consumabile-radiologie\/\"},{\"@type\":\"ListItem\",\"position\":4,\"name\":\"Rasina KeySplint Hard\"}]},{\"@type\":\"WebSite\",\"@id\":\"https:\/\/digitalworkflowmasters.com\/romana\/#website\",\"url\":\"https:\/\/digitalworkflowmasters.com\/romana\/\",\"name\":\"Digital Workflow Masters\",\"description\":\"Premium Dental Equipment\",\"publisher\":{\"@id\":\"https:\/\/digitalworkflowmasters.com\/romana\/#organization\"},\"potentialAction\":[{\"@type\":\"SearchAction\",\"target\":{\"@type\":\"EntryPoint\",\"urlTemplate\":\"https:\/\/digitalworkflowmasters.com\/romana\/?s={search_term_string}\"},\"query-input\":{\"@type\":\"PropertyValueSpecification\",\"valueRequired\":true,\"valueName\":\"search_term_string\"}}],\"inLanguage\":\"ro-RO\"},{\"@type\":\"Organization\",\"@id\":\"https:\/\/digitalworkflowmasters.com\/romana\/#organization\",\"name\":\"Digital Workflow Masters\",\"url\":\"https:\/\/digitalworkflowmasters.com\/romana\/\",\"logo\":{\"@type\":\"ImageObject\",\"inLanguage\":\"ro-RO\",\"@id\":\"https:\/\/digitalworkflowmasters.com\/romana\/#\/schema\/logo\/image\/\",\"url\":\"https:\/\/digitalworkflowmasters.com\/romana\/wp-content\/uploads\/2025\/08\/1.png\",\"contentUrl\":\"https:\/\/digitalworkflowmasters.com\/romana\/wp-content\/uploads\/2025\/08\/1.png\",\"width\":1080,\"height\":1080,\"caption\":\"Digital Workflow Masters\"},\"image\":{\"@id\":\"https:\/\/digitalworkflowmasters.com\/romana\/#\/schema\/logo\/image\/\"},\"sameAs\":[\"https:\/\/www.facebook.com\/digitalworkflowmasters\/\",\"https:\/\/www.instagram.com\/digitalworkflowmasters\/\"]}]}<\/script>\n<!-- \/ Yoast SEO plugin. -->","yoast_head_json":{"title":"Rasina KeySplint Hard - Digital Workflow Masters","description":"KeySplint Hard \u2013 r\u0103\u0219in\u0103 rigid\u0103 biocompatibil\u0103 pentru gutiere 3D. Stabilitate, transparen\u021b\u0103 \u0219i rezisten\u021b\u0103 ideale pentru tratamente func\u021bionale \u0219i ocluzale.","robots":{"index":"index","follow":"follow","max-snippet":"max-snippet:-1","max-image-preview":"max-image-preview:large","max-video-preview":"max-video-preview:-1"},"canonical":"https:\/\/digitalworkflowmasters.com\/romana\/shop\/keysplint-hard-resin\/","og_locale":"ro_RO","og_type":"article","og_title":"Rasina KeySplint Hard - Digital Workflow Masters","og_description":"KeySplint Hard \u2013 r\u0103\u0219in\u0103 rigid\u0103 biocompatibil\u0103 pentru gutiere 3D. Stabilitate, transparen\u021b\u0103 \u0219i rezisten\u021b\u0103 ideale pentru tratamente func\u021bionale \u0219i ocluzale.","og_url":"https:\/\/digitalworkflowmasters.com\/romana\/shop\/keysplint-hard-resin\/","og_site_name":"Digital Workflow Masters","article_publisher":"https:\/\/www.facebook.com\/digitalworkflowmasters\/","article_modified_time":"2025-06-25T19:52:17+00:00","og_image":[{"width":1000,"height":1000,"url":"https:\/\/digitalworkflowmasters.com\/romana\/wp-content\/uploads\/2025\/03\/ksh-loctite.jpg","type":"image\/jpeg"}],"twitter_card":"summary_large_image","twitter_misc":{"Timp estimat pentru citire":"1 minut"},"schema":{"@context":"https:\/\/schema.org","@graph":[{"@type":"WebPage","@id":"https:\/\/digitalworkflowmasters.com\/romana\/shop\/keysplint-hard-resin\/","url":"https:\/\/digitalworkflowmasters.com\/romana\/shop\/keysplint-hard-resin\/","name":"Rasina KeySplint Hard - Digital Workflow Masters","isPartOf":{"@id":"https:\/\/digitalworkflowmasters.com\/romana\/#website"},"primaryImageOfPage":{"@id":"https:\/\/digitalworkflowmasters.com\/romana\/shop\/keysplint-hard-resin\/#primaryimage"},"image":{"@id":"https:\/\/digitalworkflowmasters.com\/romana\/shop\/keysplint-hard-resin\/#primaryimage"},"thumbnailUrl":"https:\/\/digitalworkflowmasters.com\/romana\/wp-content\/uploads\/2025\/03\/ksh-loctite.jpg","datePublished":"2025-03-26T08:33:40+00:00","dateModified":"2025-06-25T19:52:17+00:00","description":"KeySplint Hard \u2013 r\u0103\u0219in\u0103 rigid\u0103 biocompatibil\u0103 pentru gutiere 3D. Stabilitate, transparen\u021b\u0103 \u0219i rezisten\u021b\u0103 ideale pentru tratamente func\u021bionale \u0219i ocluzale.","breadcrumb":{"@id":"https:\/\/digitalworkflowmasters.com\/romana\/shop\/keysplint-hard-resin\/#breadcrumb"},"inLanguage":"ro-RO","potentialAction":[{"@type":"ReadAction","target":["https:\/\/digitalworkflowmasters.com\/romana\/shop\/keysplint-hard-resin\/"]}]},{"@type":"ImageObject","inLanguage":"ro-RO","@id":"https:\/\/digitalworkflowmasters.com\/romana\/shop\/keysplint-hard-resin\/#primaryimage","url":"https:\/\/digitalworkflowmasters.com\/romana\/wp-content\/uploads\/2025\/03\/ksh-loctite.jpg","contentUrl":"https:\/\/digitalworkflowmasters.com\/romana\/wp-content\/uploads\/2025\/03\/ksh-loctite.jpg","width":1000,"height":1000},{"@type":"BreadcrumbList","@id":"https:\/\/digitalworkflowmasters.com\/romana\/shop\/keysplint-hard-resin\/#breadcrumb","itemListElement":[{"@type":"ListItem","position":1,"name":"Home","item":"https:\/\/digitalworkflowmasters.com\/romana\/"},{"@type":"ListItem","position":2,"name":"Products","item":"https:\/\/digitalworkflowmasters.com\/romana\/shop\/"},{"@type":"ListItem","position":3,"name":"CAD\/CAM consumabile, radiologie","item":"https:\/\/digitalworkflowmasters.com\/romana\/product-category\/cad-cam-cad-cam\/cad-cam-consumabile-radiologie\/"},{"@type":"ListItem","position":4,"name":"Rasina KeySplint Hard"}]},{"@type":"WebSite","@id":"https:\/\/digitalworkflowmasters.com\/romana\/#website","url":"https:\/\/digitalworkflowmasters.com\/romana\/","name":"Digital Workflow Masters","description":"Premium Dental Equipment","publisher":{"@id":"https:\/\/digitalworkflowmasters.com\/romana\/#organization"},"potentialAction":[{"@type":"SearchAction","target":{"@type":"EntryPoint","urlTemplate":"https:\/\/digitalworkflowmasters.com\/romana\/?s={search_term_string}"},"query-input":{"@type":"PropertyValueSpecification","valueRequired":true,"valueName":"search_term_string"}}],"inLanguage":"ro-RO"},{"@type":"Organization","@id":"https:\/\/digitalworkflowmasters.com\/romana\/#organization","name":"Digital Workflow Masters","url":"https:\/\/digitalworkflowmasters.com\/romana\/","logo":{"@type":"ImageObject","inLanguage":"ro-RO","@id":"https:\/\/digitalworkflowmasters.com\/romana\/#\/schema\/logo\/image\/","url":"https:\/\/digitalworkflowmasters.com\/romana\/wp-content\/uploads\/2025\/08\/1.png","contentUrl":"https:\/\/digitalworkflowmasters.com\/romana\/wp-content\/uploads\/2025\/08\/1.png","width":1080,"height":1080,"caption":"Digital Workflow Masters"},"image":{"@id":"https:\/\/digitalworkflowmasters.com\/romana\/#\/schema\/logo\/image\/"},"sameAs":["https:\/\/www.facebook.com\/digitalworkflowmasters\/","https:\/\/www.instagram.com\/digitalworkflowmasters\/"]}]}},"_links":{"self":[{"href":"https:\/\/digitalworkflowmasters.com\/romana\/wp-json\/wp\/v2\/product\/13343","targetHints":{"allow":["GET"]}}],"collection":[{"href":"https:\/\/digitalworkflowmasters.com\/romana\/wp-json\/wp\/v2\/product"}],"about":[{"href":"https:\/\/digitalworkflowmasters.com\/romana\/wp-json\/wp\/v2\/types\/product"}],"version-history":[{"count":0,"href":"https:\/\/digitalworkflowmasters.com\/romana\/wp-json\/wp\/v2\/product\/13343\/revisions"}],"wp:featuredmedia":[{"embeddable":true,"href":"https:\/\/digitalworkflowmasters.com\/romana\/wp-json\/wp\/v2\/media\/33397"}],"wp:attachment":[{"href":"https:\/\/digitalworkflowmasters.com\/romana\/wp-json\/wp\/v2\/media?parent=13343"}],"wp:term":[{"taxonomy":"product_brand","embeddable":true,"href":"https:\/\/digitalworkflowmasters.com\/romana\/wp-json\/wp\/v2\/product_brand?post=13343"},{"taxonomy":"product_cat","embeddable":true,"href":"https:\/\/digitalworkflowmasters.com\/romana\/wp-json\/wp\/v2\/product_cat?post=13343"},{"taxonomy":"product_tag","embeddable":true,"href":"https:\/\/digitalworkflowmasters.com\/romana\/wp-json\/wp\/v2\/product_tag?post=13343"}],"curies":[{"name":"wp","href":"https:\/\/api.w.org\/{rel}","templated":true}]}}