{"id":13758,"date":"2025-03-26T08:33:46","date_gmt":"2025-03-26T08:33:46","guid":{"rendered":"https:\/\/digitalworkflowmasters.com\/?post_type=product&#038;p=13758"},"modified":"2025-06-25T19:30:25","modified_gmt":"2025-06-25T19:30:25","slug":"optisplint-scancap-ti-mua","status":"publish","type":"product","link":"https:\/\/digitalworkflowmasters.com\/romana\/shop\/optisplint-scancap-ti-mua\/","title":{"rendered":"OPTISPLINT SCANCAP Ti MUA"},"content":{"rendered":"<p data-start=\"384\" data-end=\"768\">Variantele de unic\u0103 folosin\u021b\u0103 ale acestor SCANCAP-uri MUA sunt incluse \u00een fiecare KIT OPTISPLINT, \u00eens\u0103 pentru o experien\u021b\u0103 autentic\u0103, po\u021bi achizi\u021biona variantele reutilizabile din titan de gradul\u202f4. Aceste SCANCAP-uri optimizeaz\u0103 protocoalele de aliniere \u00een toate scan\u0103rile tisulare realizate cu jig\u2011urile OPTISPLINT. Investe\u0219te \u00eentr-un instrument de calitate \u0219i observ\u0103 rezultatele!<\/p>\n<p data-start=\"770\" data-end=\"1016\">SCANCAP-urile noastre MUA sunt compatibile cu orice \u0219urub OPTISPLINT \u0219i includ un \u0219urub hexagonal de 1,27\u202fmm \/ 0,050\u202finch. Opteaz\u0103 pentru performan\u021b\u0103 \u0219i eficien\u021b\u0103. Alege OPTISPLINT SCANCAP \u0219i \u00eencepe s\u0103 ob\u021bii rezultate remarcabile! Comand\u0103-le azi!<\/p>\n","protected":false},"excerpt":{"rendered":"<p data-start=\"384\" data-end=\"768\">Variantele de unic\u0103 folosin\u021b\u0103 ale acestor SCANCAP-uri MUA sunt incluse \u00een fiecare KIT OPTISPLINT, \u00eens\u0103 pentru o experien\u021b\u0103 autentic\u0103, po\u021bi achizi\u021biona variantele reutilizabile din titan de gradul\u202f4. Aceste SCANCAP-uri optimizeaz\u0103 protocoalele de aliniere \u00een toate scan\u0103rile tisulare realizate cu jig\u2011urile OPTISPLINT. Investe\u0219te \u00eentr-un instrument de calitate \u0219i observ\u0103 rezultatele!<\/p>\n<p data-start=\"770\" data-end=\"1016\">SCANCAP-urile noastre MUA sunt compatibile cu orice \u0219urub OPTISPLINT \u0219i includ un \u0219urub hexagonal de 1,27\u202fmm \/ 0,050\u202finch. Opteaz\u0103 pentru performan\u021b\u0103 \u0219i eficien\u021b\u0103. Alege OPTISPLINT SCANCAP \u0219i \u00eencepe s\u0103 ob\u021bii rezultate remarcabile! Comand\u0103-le azi!<\/p>\n","protected":false},"featured_media":33433,"template":"","meta":{"_acf_changed":false,"om_disable_all_campaigns":false},"product_brand":[],"product_cat":[477],"product_tag":[],"class_list":{"0":"post-13758","1":"product","2":"type-product","3":"status-publish","4":"has-post-thumbnail","6":"product_cat-optisplint-chirurgie","8":"first","9":"instock","10":"shipping-taxable","11":"purchasable","12":"product-type-simple"},"acf":[],"yoast_head":"<!-- This site is optimized with the Yoast SEO plugin v25.3 - https:\/\/yoast.com\/wordpress\/plugins\/seo\/ -->\n<title>OPTISPLINT SCANCAP Ti MUA - Digital Workflow Masters<\/title>\n<meta name=\"description\" content=\"Achizi\u021bioneaz\u0103 SCANCAP\u2011urile MUA reutilizabile din titan de grad\u202f4 pentru scan\u0103ri tisulare precise \u0219i eficiente. Compatibile cu \u0219uruburile OPTISPLINT. Ob\u021bine rezultate remarcabile!\" \/>\n<meta name=\"robots\" content=\"index, follow, max-snippet:-1, max-image-preview:large, max-video-preview:-1\" \/>\n<link rel=\"canonical\" href=\"https:\/\/digitalworkflowmasters.com\/romana\/shop\/optisplint-scancap-ti-mua\/\" \/>\n<meta property=\"og:locale\" content=\"ro_RO\" \/>\n<meta property=\"og:type\" content=\"article\" \/>\n<meta property=\"og:title\" content=\"OPTISPLINT SCANCAP Ti MUA - Digital Workflow Masters\" \/>\n<meta property=\"og:description\" content=\"Achizi\u021bioneaz\u0103 SCANCAP\u2011urile MUA reutilizabile din titan de grad\u202f4 pentru scan\u0103ri tisulare precise \u0219i eficiente. Compatibile cu \u0219uruburile OPTISPLINT. Ob\u021bine rezultate remarcabile!\" \/>\n<meta property=\"og:url\" content=\"https:\/\/digitalworkflowmasters.com\/romana\/shop\/optisplint-scancap-ti-mua\/\" \/>\n<meta property=\"og:site_name\" content=\"Digital Workflow Masters\" \/>\n<meta property=\"article:publisher\" content=\"https:\/\/www.facebook.com\/digitalworkflowmasters\/\" \/>\n<meta property=\"article:modified_time\" content=\"2025-06-25T19:30:25+00:00\" \/>\n<meta property=\"og:image\" content=\"https:\/\/digitalworkflowmasters.com\/romana\/wp-content\/uploads\/2025\/03\/ezgif-2-021c3a341b.jpg\" \/>\n\t<meta property=\"og:image:width\" content=\"493\" \/>\n\t<meta property=\"og:image:height\" content=\"493\" \/>\n\t<meta property=\"og:image:type\" content=\"image\/jpeg\" \/>\n<meta name=\"twitter:card\" content=\"summary_large_image\" \/>\n<meta name=\"twitter:label1\" content=\"Timp estimat pentru citire\" \/>\n\t<meta name=\"twitter:data1\" content=\"1 minut\" \/>\n<script type=\"application\/ld+json\" class=\"yoast-schema-graph\">{\"@context\":\"https:\/\/schema.org\",\"@graph\":[{\"@type\":\"WebPage\",\"@id\":\"https:\/\/digitalworkflowmasters.com\/romana\/shop\/optisplint-scancap-ti-mua\/\",\"url\":\"https:\/\/digitalworkflowmasters.com\/romana\/shop\/optisplint-scancap-ti-mua\/\",\"name\":\"OPTISPLINT SCANCAP Ti MUA - Digital Workflow Masters\",\"isPartOf\":{\"@id\":\"https:\/\/digitalworkflowmasters.com\/romana\/#website\"},\"primaryImageOfPage\":{\"@id\":\"https:\/\/digitalworkflowmasters.com\/romana\/shop\/optisplint-scancap-ti-mua\/#primaryimage\"},\"image\":{\"@id\":\"https:\/\/digitalworkflowmasters.com\/romana\/shop\/optisplint-scancap-ti-mua\/#primaryimage\"},\"thumbnailUrl\":\"https:\/\/digitalworkflowmasters.com\/romana\/wp-content\/uploads\/2025\/03\/ezgif-2-021c3a341b.jpg\",\"datePublished\":\"2025-03-26T08:33:46+00:00\",\"dateModified\":\"2025-06-25T19:30:25+00:00\",\"description\":\"Achizi\u021bioneaz\u0103 SCANCAP\u2011urile MUA reutilizabile din titan de grad\u202f4 pentru scan\u0103ri tisulare precise \u0219i eficiente. Compatibile cu \u0219uruburile OPTISPLINT. Ob\u021bine rezultate remarcabile!\",\"breadcrumb\":{\"@id\":\"https:\/\/digitalworkflowmasters.com\/romana\/shop\/optisplint-scancap-ti-mua\/#breadcrumb\"},\"inLanguage\":\"ro-RO\",\"potentialAction\":[{\"@type\":\"ReadAction\",\"target\":[\"https:\/\/digitalworkflowmasters.com\/romana\/shop\/optisplint-scancap-ti-mua\/\"]}]},{\"@type\":\"ImageObject\",\"inLanguage\":\"ro-RO\",\"@id\":\"https:\/\/digitalworkflowmasters.com\/romana\/shop\/optisplint-scancap-ti-mua\/#primaryimage\",\"url\":\"https:\/\/digitalworkflowmasters.com\/romana\/wp-content\/uploads\/2025\/03\/ezgif-2-021c3a341b.jpg\",\"contentUrl\":\"https:\/\/digitalworkflowmasters.com\/romana\/wp-content\/uploads\/2025\/03\/ezgif-2-021c3a341b.jpg\",\"width\":493,\"height\":493},{\"@type\":\"BreadcrumbList\",\"@id\":\"https:\/\/digitalworkflowmasters.com\/romana\/shop\/optisplint-scancap-ti-mua\/#breadcrumb\",\"itemListElement\":[{\"@type\":\"ListItem\",\"position\":1,\"name\":\"Home\",\"item\":\"https:\/\/digitalworkflowmasters.com\/romana\/\"},{\"@type\":\"ListItem\",\"position\":2,\"name\":\"Products\",\"item\":\"https:\/\/digitalworkflowmasters.com\/romana\/shop\/\"},{\"@type\":\"ListItem\",\"position\":3,\"name\":\"Chirurgie\",\"item\":\"https:\/\/digitalworkflowmasters.com\/romana\/product-category\/chirurgie\/\"},{\"@type\":\"ListItem\",\"position\":4,\"name\":\"OptiSplint, Chirurgie\",\"item\":\"https:\/\/digitalworkflowmasters.com\/romana\/product-category\/chirurgie\/optisplint-chirurgie\/\"},{\"@type\":\"ListItem\",\"position\":5,\"name\":\"OPTISPLINT SCANCAP Ti MUA\"}]},{\"@type\":\"WebSite\",\"@id\":\"https:\/\/digitalworkflowmasters.com\/romana\/#website\",\"url\":\"https:\/\/digitalworkflowmasters.com\/romana\/\",\"name\":\"Digital Workflow Masters\",\"description\":\"Premium Dental Equipment\",\"publisher\":{\"@id\":\"https:\/\/digitalworkflowmasters.com\/romana\/#organization\"},\"potentialAction\":[{\"@type\":\"SearchAction\",\"target\":{\"@type\":\"EntryPoint\",\"urlTemplate\":\"https:\/\/digitalworkflowmasters.com\/romana\/?s={search_term_string}\"},\"query-input\":{\"@type\":\"PropertyValueSpecification\",\"valueRequired\":true,\"valueName\":\"search_term_string\"}}],\"inLanguage\":\"ro-RO\"},{\"@type\":\"Organization\",\"@id\":\"https:\/\/digitalworkflowmasters.com\/romana\/#organization\",\"name\":\"Digital Workflow Masters\",\"url\":\"https:\/\/digitalworkflowmasters.com\/romana\/\",\"logo\":{\"@type\":\"ImageObject\",\"inLanguage\":\"ro-RO\",\"@id\":\"https:\/\/digitalworkflowmasters.com\/romana\/#\/schema\/logo\/image\/\",\"url\":\"https:\/\/digitalworkflowmasters.com\/romana\/wp-content\/uploads\/2025\/08\/1.png\",\"contentUrl\":\"https:\/\/digitalworkflowmasters.com\/romana\/wp-content\/uploads\/2025\/08\/1.png\",\"width\":1080,\"height\":1080,\"caption\":\"Digital Workflow Masters\"},\"image\":{\"@id\":\"https:\/\/digitalworkflowmasters.com\/romana\/#\/schema\/logo\/image\/\"},\"sameAs\":[\"https:\/\/www.facebook.com\/digitalworkflowmasters\/\",\"https:\/\/www.instagram.com\/digitalworkflowmasters\/\"]}]}<\/script>\n<!-- \/ Yoast SEO plugin. -->","yoast_head_json":{"title":"OPTISPLINT SCANCAP Ti MUA - Digital Workflow Masters","description":"Achizi\u021bioneaz\u0103 SCANCAP\u2011urile MUA reutilizabile din titan de grad\u202f4 pentru scan\u0103ri tisulare precise \u0219i eficiente. Compatibile cu \u0219uruburile OPTISPLINT. Ob\u021bine rezultate remarcabile!","robots":{"index":"index","follow":"follow","max-snippet":"max-snippet:-1","max-image-preview":"max-image-preview:large","max-video-preview":"max-video-preview:-1"},"canonical":"https:\/\/digitalworkflowmasters.com\/romana\/shop\/optisplint-scancap-ti-mua\/","og_locale":"ro_RO","og_type":"article","og_title":"OPTISPLINT SCANCAP Ti MUA - Digital Workflow Masters","og_description":"Achizi\u021bioneaz\u0103 SCANCAP\u2011urile MUA reutilizabile din titan de grad\u202f4 pentru scan\u0103ri tisulare precise \u0219i eficiente. Compatibile cu \u0219uruburile OPTISPLINT. Ob\u021bine rezultate remarcabile!","og_url":"https:\/\/digitalworkflowmasters.com\/romana\/shop\/optisplint-scancap-ti-mua\/","og_site_name":"Digital Workflow Masters","article_publisher":"https:\/\/www.facebook.com\/digitalworkflowmasters\/","article_modified_time":"2025-06-25T19:30:25+00:00","og_image":[{"width":493,"height":493,"url":"https:\/\/digitalworkflowmasters.com\/romana\/wp-content\/uploads\/2025\/03\/ezgif-2-021c3a341b.jpg","type":"image\/jpeg"}],"twitter_card":"summary_large_image","twitter_misc":{"Timp estimat pentru citire":"1 minut"},"schema":{"@context":"https:\/\/schema.org","@graph":[{"@type":"WebPage","@id":"https:\/\/digitalworkflowmasters.com\/romana\/shop\/optisplint-scancap-ti-mua\/","url":"https:\/\/digitalworkflowmasters.com\/romana\/shop\/optisplint-scancap-ti-mua\/","name":"OPTISPLINT SCANCAP Ti MUA - Digital Workflow Masters","isPartOf":{"@id":"https:\/\/digitalworkflowmasters.com\/romana\/#website"},"primaryImageOfPage":{"@id":"https:\/\/digitalworkflowmasters.com\/romana\/shop\/optisplint-scancap-ti-mua\/#primaryimage"},"image":{"@id":"https:\/\/digitalworkflowmasters.com\/romana\/shop\/optisplint-scancap-ti-mua\/#primaryimage"},"thumbnailUrl":"https:\/\/digitalworkflowmasters.com\/romana\/wp-content\/uploads\/2025\/03\/ezgif-2-021c3a341b.jpg","datePublished":"2025-03-26T08:33:46+00:00","dateModified":"2025-06-25T19:30:25+00:00","description":"Achizi\u021bioneaz\u0103 SCANCAP\u2011urile MUA reutilizabile din titan de grad\u202f4 pentru scan\u0103ri tisulare precise \u0219i eficiente. Compatibile cu \u0219uruburile OPTISPLINT. Ob\u021bine rezultate remarcabile!","breadcrumb":{"@id":"https:\/\/digitalworkflowmasters.com\/romana\/shop\/optisplint-scancap-ti-mua\/#breadcrumb"},"inLanguage":"ro-RO","potentialAction":[{"@type":"ReadAction","target":["https:\/\/digitalworkflowmasters.com\/romana\/shop\/optisplint-scancap-ti-mua\/"]}]},{"@type":"ImageObject","inLanguage":"ro-RO","@id":"https:\/\/digitalworkflowmasters.com\/romana\/shop\/optisplint-scancap-ti-mua\/#primaryimage","url":"https:\/\/digitalworkflowmasters.com\/romana\/wp-content\/uploads\/2025\/03\/ezgif-2-021c3a341b.jpg","contentUrl":"https:\/\/digitalworkflowmasters.com\/romana\/wp-content\/uploads\/2025\/03\/ezgif-2-021c3a341b.jpg","width":493,"height":493},{"@type":"BreadcrumbList","@id":"https:\/\/digitalworkflowmasters.com\/romana\/shop\/optisplint-scancap-ti-mua\/#breadcrumb","itemListElement":[{"@type":"ListItem","position":1,"name":"Home","item":"https:\/\/digitalworkflowmasters.com\/romana\/"},{"@type":"ListItem","position":2,"name":"Products","item":"https:\/\/digitalworkflowmasters.com\/romana\/shop\/"},{"@type":"ListItem","position":3,"name":"Chirurgie","item":"https:\/\/digitalworkflowmasters.com\/romana\/product-category\/chirurgie\/"},{"@type":"ListItem","position":4,"name":"OptiSplint, Chirurgie","item":"https:\/\/digitalworkflowmasters.com\/romana\/product-category\/chirurgie\/optisplint-chirurgie\/"},{"@type":"ListItem","position":5,"name":"OPTISPLINT SCANCAP Ti MUA"}]},{"@type":"WebSite","@id":"https:\/\/digitalworkflowmasters.com\/romana\/#website","url":"https:\/\/digitalworkflowmasters.com\/romana\/","name":"Digital Workflow Masters","description":"Premium Dental Equipment","publisher":{"@id":"https:\/\/digitalworkflowmasters.com\/romana\/#organization"},"potentialAction":[{"@type":"SearchAction","target":{"@type":"EntryPoint","urlTemplate":"https:\/\/digitalworkflowmasters.com\/romana\/?s={search_term_string}"},"query-input":{"@type":"PropertyValueSpecification","valueRequired":true,"valueName":"search_term_string"}}],"inLanguage":"ro-RO"},{"@type":"Organization","@id":"https:\/\/digitalworkflowmasters.com\/romana\/#organization","name":"Digital Workflow Masters","url":"https:\/\/digitalworkflowmasters.com\/romana\/","logo":{"@type":"ImageObject","inLanguage":"ro-RO","@id":"https:\/\/digitalworkflowmasters.com\/romana\/#\/schema\/logo\/image\/","url":"https:\/\/digitalworkflowmasters.com\/romana\/wp-content\/uploads\/2025\/08\/1.png","contentUrl":"https:\/\/digitalworkflowmasters.com\/romana\/wp-content\/uploads\/2025\/08\/1.png","width":1080,"height":1080,"caption":"Digital Workflow Masters"},"image":{"@id":"https:\/\/digitalworkflowmasters.com\/romana\/#\/schema\/logo\/image\/"},"sameAs":["https:\/\/www.facebook.com\/digitalworkflowmasters\/","https:\/\/www.instagram.com\/digitalworkflowmasters\/"]}]}},"_links":{"self":[{"href":"https:\/\/digitalworkflowmasters.com\/romana\/wp-json\/wp\/v2\/product\/13758","targetHints":{"allow":["GET"]}}],"collection":[{"href":"https:\/\/digitalworkflowmasters.com\/romana\/wp-json\/wp\/v2\/product"}],"about":[{"href":"https:\/\/digitalworkflowmasters.com\/romana\/wp-json\/wp\/v2\/types\/product"}],"version-history":[{"count":0,"href":"https:\/\/digitalworkflowmasters.com\/romana\/wp-json\/wp\/v2\/product\/13758\/revisions"}],"wp:featuredmedia":[{"embeddable":true,"href":"https:\/\/digitalworkflowmasters.com\/romana\/wp-json\/wp\/v2\/media\/33433"}],"wp:attachment":[{"href":"https:\/\/digitalworkflowmasters.com\/romana\/wp-json\/wp\/v2\/media?parent=13758"}],"wp:term":[{"taxonomy":"product_brand","embeddable":true,"href":"https:\/\/digitalworkflowmasters.com\/romana\/wp-json\/wp\/v2\/product_brand?post=13758"},{"taxonomy":"product_cat","embeddable":true,"href":"https:\/\/digitalworkflowmasters.com\/romana\/wp-json\/wp\/v2\/product_cat?post=13758"},{"taxonomy":"product_tag","embeddable":true,"href":"https:\/\/digitalworkflowmasters.com\/romana\/wp-json\/wp\/v2\/product_tag?post=13758"}],"curies":[{"name":"wp","href":"https:\/\/api.w.org\/{rel}","templated":true}]}}