{"id":14096,"date":"2025-03-26T08:33:47","date_gmt":"2025-03-26T08:33:47","guid":{"rendered":"https:\/\/digitalworkflowmasters.com\/?post_type=product&#038;p=14096"},"modified":"2025-06-25T19:13:45","modified_gmt":"2025-06-25T19:13:45","slug":"3shape-trios-core-intraoral-scanner","status":"publish","type":"product","link":"https:\/\/digitalworkflowmasters.com\/romana\/shop\/3shape-trios-core-intraoral-scanner\/","title":{"rendered":"Scanner Intraoral 3Shape TRIOS CORE"},"content":{"rendered":"<p data-start=\"602\" data-end=\"1125\">Scannerul intraoral 3Shape TRIOS CORE este o solu\u021bie eficient\u0103 \u0219i accesibil\u0103 pentru amprentarea digital\u0103, proiectat\u0103 special pentru cabinetele care au nevoie de func\u021bionalit\u0103\u021bi esen\u021biale \u0219i conexiune rapid\u0103 cu laboratoarele dentare. Acest scanner 3D intraoral este optimizat pentru procesele de tip \u201escanare \u0219i trimitere\u201d, oferind rezultate fiabile cu ajutorul inteligen\u021bei artificiale integrate \u0219i imagini color realiste care sprijin\u0103 consulta\u021biile cu pacien\u021bii \u0219i acceptarea planurilor de tratament.<\/p>\n<p data-start=\"1127\" data-end=\"1201\"><strong data-start=\"1127\" data-end=\"1201\">Caracteristici principale ale scannerului intraoral 3Shape TRIOS CORE:<\/strong><\/p>\n<ul data-start=\"1203\" data-end=\"1817\">\n<li data-start=\"1203\" data-end=\"1415\">\n<p data-start=\"1205\" data-end=\"1415\"><strong data-start=\"1205\" data-end=\"1255\">Optimizat pentru colaborarea cu laboratoarele:<\/strong> Conectare direct\u0103 cu peste 25.000 de laboratoare prin 3Shape Unite Cloud, care ofer\u0103 \u0219i gestionare mobil\u0103 \u0219i securitate a datelor conform standardului HIPAA.<\/p>\n<\/li>\n<li data-start=\"1416\" data-end=\"1562\">\n<p data-start=\"1418\" data-end=\"1562\"><strong data-start=\"1418\" data-end=\"1448\">M\u0103surarea nuan\u021bei dentare:<\/strong> Func\u021bia TRIOS Shade Measurement permite evaluarea precis\u0103 a culorilor, \u00eembun\u0103t\u0103\u021bind comunicarea cu laboratorul.<\/p>\n<\/li>\n<li data-start=\"1563\" data-end=\"1694\">\n<p data-start=\"1565\" data-end=\"1694\"><strong data-start=\"1565\" data-end=\"1589\">Fiabil \u0219i ergonomic:<\/strong> Design u\u0219or, durabil, cu inel de aluminiu \u0219i buton de control intuitiv, pentru manevrare confortabil\u0103.<\/p>\n<\/li>\n<li data-start=\"1695\" data-end=\"1817\">\n<p data-start=\"1697\" data-end=\"1817\"><strong data-start=\"1697\" data-end=\"1734\">Conectivitate prin cablu (USB-C):<\/strong> Asigur\u0103 sesiuni de scanare stabile \u0219i continue, f\u0103r\u0103 probleme legate de baterie.<\/p>\n<\/li>\n<\/ul>\n<p data-start=\"1819\" data-end=\"2053\">TRIOS CORE este ideal pentru clinici care doresc eficien\u021b\u0103, precizie \u0219i conectivitate rapid\u0103 cu laboratorul, f\u0103r\u0103 a compromite calitatea sau fiabilitatea. Ofer\u0103 o experien\u021b\u0103 de scanare intuitiv\u0103 \u0219i rapid\u0103, perfect\u0103 pentru uzul zilnic.<\/p>\n<p data-start=\"2055\" data-end=\"2080\"><strong data-start=\"2055\" data-end=\"2080\">Specifica\u021bii tehnice:<\/strong><\/p>\n<ul data-start=\"2082\" data-end=\"2541\">\n<li data-start=\"2082\" data-end=\"2122\">\n<p data-start=\"2084\" data-end=\"2122\"><strong data-start=\"2084\" data-end=\"2099\">Dimensiuni:<\/strong> 4.8 x 4.0 x 27.3 cm.<\/p>\n<\/li>\n<li data-start=\"2123\" data-end=\"2214\">\n<p data-start=\"2125\" data-end=\"2214\"><strong data-start=\"2125\" data-end=\"2138\">Greutate:<\/strong> 340 grame \u2013 design ergonomic \u0219i confortabil pentru utilizare \u00eendelungat\u0103.<\/p>\n<\/li>\n<li data-start=\"2215\" data-end=\"2305\">\n<p data-start=\"2217\" data-end=\"2305\"><strong data-start=\"2217\" data-end=\"2239\">Vitez\u0103 de scanare:<\/strong> P\u00e2n\u0103 la 1.400 imagini pe secund\u0103 \u2013 scanare rapid\u0103 \u0219i eficient\u0103.<\/p>\n<\/li>\n<li data-start=\"2306\" data-end=\"2409\">\n<p data-start=\"2308\" data-end=\"2409\"><strong data-start=\"2308\" data-end=\"2330\">Formate de ie\u0219ire:<\/strong> Compatibil cu DCM, STL \u0219i PLY \u2013 u\u0219or de integrat \u00een diverse sisteme CAD\/CAM.<\/p>\n<\/li>\n<li data-start=\"2410\" data-end=\"2541\">\n<p data-start=\"2412\" data-end=\"2541\"><strong data-start=\"2412\" data-end=\"2440\">Precizie asistat\u0103 de AI:<\/strong> Rezultate dovedite pentru scan\u0103ri de la un singur dinte p\u00e2n\u0103 la arcade \u00eentregi \u0219i cazuri edentate.<\/p>\n<\/li>\n<\/ul>\n","protected":false},"excerpt":{"rendered":"<p>Scannerul intraoral 3Shape TRIOS CORE ofer\u0103 func\u021bionalitate esen\u021bial\u0103 pentru amprentare digital\u0103 precis\u0103, la un pre\u021b accesibil, ideal pentru cabinetele care doresc scanare rapid\u0103 \u0219i integrare direct\u0103 cu laboratorul.<\/p>\n","protected":false},"featured_media":33451,"template":"","meta":{"_acf_changed":false,"om_disable_all_campaigns":false},"product_brand":[],"product_cat":[482],"product_tag":[483],"class_list":{"0":"post-14096","1":"product","2":"type-product","3":"status-publish","4":"has-post-thumbnail","6":"product_cat-scannere-intraorale","7":"product_tag-3shape-intraoral-scanners","9":"first","10":"instock","11":"shipping-taxable","12":"product-type-simple"},"acf":[],"yoast_head":"<!-- This site is optimized with the Yoast SEO plugin v25.3 - https:\/\/yoast.com\/wordpress\/plugins\/seo\/ -->\n<title>Scanner Intraoral 3Shape TRIOS CORE - Digital Workflow Masters<\/title>\n<meta name=\"description\" content=\"Alege TRIOS CORE \u2013 scanner intraoral fiabil, cu scanare AI \u0219i culori realiste, creat pentru amprentare digital\u0103 simpl\u0103 \u0219i conectare rapid\u0103 cu peste 25.000 de laboratoare dentare.\" \/>\n<meta name=\"robots\" content=\"index, follow, max-snippet:-1, max-image-preview:large, max-video-preview:-1\" \/>\n<link rel=\"canonical\" href=\"https:\/\/digitalworkflowmasters.com\/romana\/shop\/3shape-trios-core-intraoral-scanner\/\" \/>\n<meta property=\"og:locale\" content=\"ro_RO\" \/>\n<meta property=\"og:type\" content=\"article\" \/>\n<meta property=\"og:title\" content=\"Scanner Intraoral 3Shape TRIOS CORE - Digital Workflow Masters\" \/>\n<meta property=\"og:description\" content=\"Alege TRIOS CORE \u2013 scanner intraoral fiabil, cu scanare AI \u0219i culori realiste, creat pentru amprentare digital\u0103 simpl\u0103 \u0219i conectare rapid\u0103 cu peste 25.000 de laboratoare dentare.\" \/>\n<meta property=\"og:url\" content=\"https:\/\/digitalworkflowmasters.com\/romana\/shop\/3shape-trios-core-intraoral-scanner\/\" \/>\n<meta property=\"og:site_name\" content=\"Digital Workflow Masters\" \/>\n<meta property=\"article:publisher\" content=\"https:\/\/www.facebook.com\/digitalworkflowmasters\/\" \/>\n<meta property=\"article:modified_time\" content=\"2025-06-25T19:13:45+00:00\" \/>\n<meta property=\"og:image\" content=\"https:\/\/digitalworkflowmasters.com\/romana\/wp-content\/uploads\/2025\/03\/scanner-intraoral-trios-core-min.jpg\" \/>\n\t<meta property=\"og:image:width\" content=\"800\" \/>\n\t<meta property=\"og:image:height\" content=\"800\" \/>\n\t<meta property=\"og:image:type\" content=\"image\/jpeg\" \/>\n<meta name=\"twitter:card\" content=\"summary_large_image\" \/>\n<meta name=\"twitter:label1\" content=\"Timp estimat pentru citire\" \/>\n\t<meta name=\"twitter:data1\" content=\"2 minute\" \/>\n<script type=\"application\/ld+json\" class=\"yoast-schema-graph\">{\"@context\":\"https:\/\/schema.org\",\"@graph\":[{\"@type\":\"WebPage\",\"@id\":\"https:\/\/digitalworkflowmasters.com\/romana\/shop\/3shape-trios-core-intraoral-scanner\/\",\"url\":\"https:\/\/digitalworkflowmasters.com\/romana\/shop\/3shape-trios-core-intraoral-scanner\/\",\"name\":\"Scanner Intraoral 3Shape TRIOS CORE - Digital Workflow Masters\",\"isPartOf\":{\"@id\":\"https:\/\/digitalworkflowmasters.com\/romana\/#website\"},\"primaryImageOfPage\":{\"@id\":\"https:\/\/digitalworkflowmasters.com\/romana\/shop\/3shape-trios-core-intraoral-scanner\/#primaryimage\"},\"image\":{\"@id\":\"https:\/\/digitalworkflowmasters.com\/romana\/shop\/3shape-trios-core-intraoral-scanner\/#primaryimage\"},\"thumbnailUrl\":\"https:\/\/digitalworkflowmasters.com\/romana\/wp-content\/uploads\/2025\/03\/scanner-intraoral-trios-core-min.jpg\",\"datePublished\":\"2025-03-26T08:33:47+00:00\",\"dateModified\":\"2025-06-25T19:13:45+00:00\",\"description\":\"Alege TRIOS CORE \u2013 scanner intraoral fiabil, cu scanare AI \u0219i culori realiste, creat pentru amprentare digital\u0103 simpl\u0103 \u0219i conectare rapid\u0103 cu peste 25.000 de laboratoare dentare.\",\"breadcrumb\":{\"@id\":\"https:\/\/digitalworkflowmasters.com\/romana\/shop\/3shape-trios-core-intraoral-scanner\/#breadcrumb\"},\"inLanguage\":\"ro-RO\",\"potentialAction\":[{\"@type\":\"ReadAction\",\"target\":[\"https:\/\/digitalworkflowmasters.com\/romana\/shop\/3shape-trios-core-intraoral-scanner\/\"]}]},{\"@type\":\"ImageObject\",\"inLanguage\":\"ro-RO\",\"@id\":\"https:\/\/digitalworkflowmasters.com\/romana\/shop\/3shape-trios-core-intraoral-scanner\/#primaryimage\",\"url\":\"https:\/\/digitalworkflowmasters.com\/romana\/wp-content\/uploads\/2025\/03\/scanner-intraoral-trios-core-min.jpg\",\"contentUrl\":\"https:\/\/digitalworkflowmasters.com\/romana\/wp-content\/uploads\/2025\/03\/scanner-intraoral-trios-core-min.jpg\",\"width\":800,\"height\":800},{\"@type\":\"BreadcrumbList\",\"@id\":\"https:\/\/digitalworkflowmasters.com\/romana\/shop\/3shape-trios-core-intraoral-scanner\/#breadcrumb\",\"itemListElement\":[{\"@type\":\"ListItem\",\"position\":1,\"name\":\"Home\",\"item\":\"https:\/\/digitalworkflowmasters.com\/romana\/\"},{\"@type\":\"ListItem\",\"position\":2,\"name\":\"Products\",\"item\":\"https:\/\/digitalworkflowmasters.com\/romana\/shop\/\"},{\"@type\":\"ListItem\",\"position\":3,\"name\":\"CAD CAM\",\"item\":\"https:\/\/digitalworkflowmasters.com\/romana\/product-category\/cad-cam\/\"},{\"@type\":\"ListItem\",\"position\":4,\"name\":\"Scannere Intraorale\",\"item\":\"https:\/\/digitalworkflowmasters.com\/romana\/product-category\/cad-cam\/scannere-intraorale\/\"},{\"@type\":\"ListItem\",\"position\":5,\"name\":\"Scanner Intraoral 3Shape TRIOS CORE\"}]},{\"@type\":\"WebSite\",\"@id\":\"https:\/\/digitalworkflowmasters.com\/romana\/#website\",\"url\":\"https:\/\/digitalworkflowmasters.com\/romana\/\",\"name\":\"Digital Workflow Masters\",\"description\":\"Premium Dental Equipment\",\"publisher\":{\"@id\":\"https:\/\/digitalworkflowmasters.com\/romana\/#organization\"},\"potentialAction\":[{\"@type\":\"SearchAction\",\"target\":{\"@type\":\"EntryPoint\",\"urlTemplate\":\"https:\/\/digitalworkflowmasters.com\/romana\/?s={search_term_string}\"},\"query-input\":{\"@type\":\"PropertyValueSpecification\",\"valueRequired\":true,\"valueName\":\"search_term_string\"}}],\"inLanguage\":\"ro-RO\"},{\"@type\":\"Organization\",\"@id\":\"https:\/\/digitalworkflowmasters.com\/romana\/#organization\",\"name\":\"Digital Workflow Masters\",\"url\":\"https:\/\/digitalworkflowmasters.com\/romana\/\",\"logo\":{\"@type\":\"ImageObject\",\"inLanguage\":\"ro-RO\",\"@id\":\"https:\/\/digitalworkflowmasters.com\/romana\/#\/schema\/logo\/image\/\",\"url\":\"https:\/\/digitalworkflowmasters.com\/romana\/wp-content\/uploads\/2025\/08\/1.png\",\"contentUrl\":\"https:\/\/digitalworkflowmasters.com\/romana\/wp-content\/uploads\/2025\/08\/1.png\",\"width\":1080,\"height\":1080,\"caption\":\"Digital Workflow Masters\"},\"image\":{\"@id\":\"https:\/\/digitalworkflowmasters.com\/romana\/#\/schema\/logo\/image\/\"},\"sameAs\":[\"https:\/\/www.facebook.com\/digitalworkflowmasters\/\",\"https:\/\/www.instagram.com\/digitalworkflowmasters\/\"]}]}<\/script>\n<!-- \/ Yoast SEO plugin. -->","yoast_head_json":{"title":"Scanner Intraoral 3Shape TRIOS CORE - Digital Workflow Masters","description":"Alege TRIOS CORE \u2013 scanner intraoral fiabil, cu scanare AI \u0219i culori realiste, creat pentru amprentare digital\u0103 simpl\u0103 \u0219i conectare rapid\u0103 cu peste 25.000 de laboratoare dentare.","robots":{"index":"index","follow":"follow","max-snippet":"max-snippet:-1","max-image-preview":"max-image-preview:large","max-video-preview":"max-video-preview:-1"},"canonical":"https:\/\/digitalworkflowmasters.com\/romana\/shop\/3shape-trios-core-intraoral-scanner\/","og_locale":"ro_RO","og_type":"article","og_title":"Scanner Intraoral 3Shape TRIOS CORE - Digital Workflow Masters","og_description":"Alege TRIOS CORE \u2013 scanner intraoral fiabil, cu scanare AI \u0219i culori realiste, creat pentru amprentare digital\u0103 simpl\u0103 \u0219i conectare rapid\u0103 cu peste 25.000 de laboratoare dentare.","og_url":"https:\/\/digitalworkflowmasters.com\/romana\/shop\/3shape-trios-core-intraoral-scanner\/","og_site_name":"Digital Workflow Masters","article_publisher":"https:\/\/www.facebook.com\/digitalworkflowmasters\/","article_modified_time":"2025-06-25T19:13:45+00:00","og_image":[{"width":800,"height":800,"url":"https:\/\/digitalworkflowmasters.com\/romana\/wp-content\/uploads\/2025\/03\/scanner-intraoral-trios-core-min.jpg","type":"image\/jpeg"}],"twitter_card":"summary_large_image","twitter_misc":{"Timp estimat pentru citire":"2 minute"},"schema":{"@context":"https:\/\/schema.org","@graph":[{"@type":"WebPage","@id":"https:\/\/digitalworkflowmasters.com\/romana\/shop\/3shape-trios-core-intraoral-scanner\/","url":"https:\/\/digitalworkflowmasters.com\/romana\/shop\/3shape-trios-core-intraoral-scanner\/","name":"Scanner Intraoral 3Shape TRIOS CORE - Digital Workflow Masters","isPartOf":{"@id":"https:\/\/digitalworkflowmasters.com\/romana\/#website"},"primaryImageOfPage":{"@id":"https:\/\/digitalworkflowmasters.com\/romana\/shop\/3shape-trios-core-intraoral-scanner\/#primaryimage"},"image":{"@id":"https:\/\/digitalworkflowmasters.com\/romana\/shop\/3shape-trios-core-intraoral-scanner\/#primaryimage"},"thumbnailUrl":"https:\/\/digitalworkflowmasters.com\/romana\/wp-content\/uploads\/2025\/03\/scanner-intraoral-trios-core-min.jpg","datePublished":"2025-03-26T08:33:47+00:00","dateModified":"2025-06-25T19:13:45+00:00","description":"Alege TRIOS CORE \u2013 scanner intraoral fiabil, cu scanare AI \u0219i culori realiste, creat pentru amprentare digital\u0103 simpl\u0103 \u0219i conectare rapid\u0103 cu peste 25.000 de laboratoare dentare.","breadcrumb":{"@id":"https:\/\/digitalworkflowmasters.com\/romana\/shop\/3shape-trios-core-intraoral-scanner\/#breadcrumb"},"inLanguage":"ro-RO","potentialAction":[{"@type":"ReadAction","target":["https:\/\/digitalworkflowmasters.com\/romana\/shop\/3shape-trios-core-intraoral-scanner\/"]}]},{"@type":"ImageObject","inLanguage":"ro-RO","@id":"https:\/\/digitalworkflowmasters.com\/romana\/shop\/3shape-trios-core-intraoral-scanner\/#primaryimage","url":"https:\/\/digitalworkflowmasters.com\/romana\/wp-content\/uploads\/2025\/03\/scanner-intraoral-trios-core-min.jpg","contentUrl":"https:\/\/digitalworkflowmasters.com\/romana\/wp-content\/uploads\/2025\/03\/scanner-intraoral-trios-core-min.jpg","width":800,"height":800},{"@type":"BreadcrumbList","@id":"https:\/\/digitalworkflowmasters.com\/romana\/shop\/3shape-trios-core-intraoral-scanner\/#breadcrumb","itemListElement":[{"@type":"ListItem","position":1,"name":"Home","item":"https:\/\/digitalworkflowmasters.com\/romana\/"},{"@type":"ListItem","position":2,"name":"Products","item":"https:\/\/digitalworkflowmasters.com\/romana\/shop\/"},{"@type":"ListItem","position":3,"name":"CAD CAM","item":"https:\/\/digitalworkflowmasters.com\/romana\/product-category\/cad-cam\/"},{"@type":"ListItem","position":4,"name":"Scannere Intraorale","item":"https:\/\/digitalworkflowmasters.com\/romana\/product-category\/cad-cam\/scannere-intraorale\/"},{"@type":"ListItem","position":5,"name":"Scanner Intraoral 3Shape TRIOS CORE"}]},{"@type":"WebSite","@id":"https:\/\/digitalworkflowmasters.com\/romana\/#website","url":"https:\/\/digitalworkflowmasters.com\/romana\/","name":"Digital Workflow Masters","description":"Premium Dental Equipment","publisher":{"@id":"https:\/\/digitalworkflowmasters.com\/romana\/#organization"},"potentialAction":[{"@type":"SearchAction","target":{"@type":"EntryPoint","urlTemplate":"https:\/\/digitalworkflowmasters.com\/romana\/?s={search_term_string}"},"query-input":{"@type":"PropertyValueSpecification","valueRequired":true,"valueName":"search_term_string"}}],"inLanguage":"ro-RO"},{"@type":"Organization","@id":"https:\/\/digitalworkflowmasters.com\/romana\/#organization","name":"Digital Workflow Masters","url":"https:\/\/digitalworkflowmasters.com\/romana\/","logo":{"@type":"ImageObject","inLanguage":"ro-RO","@id":"https:\/\/digitalworkflowmasters.com\/romana\/#\/schema\/logo\/image\/","url":"https:\/\/digitalworkflowmasters.com\/romana\/wp-content\/uploads\/2025\/08\/1.png","contentUrl":"https:\/\/digitalworkflowmasters.com\/romana\/wp-content\/uploads\/2025\/08\/1.png","width":1080,"height":1080,"caption":"Digital Workflow Masters"},"image":{"@id":"https:\/\/digitalworkflowmasters.com\/romana\/#\/schema\/logo\/image\/"},"sameAs":["https:\/\/www.facebook.com\/digitalworkflowmasters\/","https:\/\/www.instagram.com\/digitalworkflowmasters\/"]}]}},"_links":{"self":[{"href":"https:\/\/digitalworkflowmasters.com\/romana\/wp-json\/wp\/v2\/product\/14096","targetHints":{"allow":["GET"]}}],"collection":[{"href":"https:\/\/digitalworkflowmasters.com\/romana\/wp-json\/wp\/v2\/product"}],"about":[{"href":"https:\/\/digitalworkflowmasters.com\/romana\/wp-json\/wp\/v2\/types\/product"}],"version-history":[{"count":0,"href":"https:\/\/digitalworkflowmasters.com\/romana\/wp-json\/wp\/v2\/product\/14096\/revisions"}],"wp:featuredmedia":[{"embeddable":true,"href":"https:\/\/digitalworkflowmasters.com\/romana\/wp-json\/wp\/v2\/media\/33451"}],"wp:attachment":[{"href":"https:\/\/digitalworkflowmasters.com\/romana\/wp-json\/wp\/v2\/media?parent=14096"}],"wp:term":[{"taxonomy":"product_brand","embeddable":true,"href":"https:\/\/digitalworkflowmasters.com\/romana\/wp-json\/wp\/v2\/product_brand?post=14096"},{"taxonomy":"product_cat","embeddable":true,"href":"https:\/\/digitalworkflowmasters.com\/romana\/wp-json\/wp\/v2\/product_cat?post=14096"},{"taxonomy":"product_tag","embeddable":true,"href":"https:\/\/digitalworkflowmasters.com\/romana\/wp-json\/wp\/v2\/product_tag?post=14096"}],"curies":[{"name":"wp","href":"https:\/\/api.w.org\/{rel}","templated":true}]}}