{"id":14114,"date":"2025-03-26T08:33:47","date_gmt":"2025-03-26T08:33:47","guid":{"rendered":"https:\/\/digitalworkflowmasters.com\/?post_type=product&#038;p=14114"},"modified":"2025-06-25T19:23:35","modified_gmt":"2025-06-25T19:23:35","slug":"corpus-vac-midi-semi-wet-suction-system","status":"publish","type":"product","link":"https:\/\/digitalworkflowmasters.com\/romana\/shop\/corpus-vac-midi-semi-wet-suction-system\/","title":{"rendered":"Pompa aspiratie semi-umeda Corpus VAC MIDI"},"content":{"rendered":"<h3 data-start=\"340\" data-end=\"457\"><strong data-start=\"344\" data-end=\"457\">Pompa de Aspira\u021bie Semi-Umed\u0103 Corpus VAC MIDI \u2013 Compact\u0103, Silen\u021bioas\u0103 \u0219i Eficient\u0103 pentru 1-2 Unituri Dentare<\/strong><\/h3>\n<p data-start=\"459\" data-end=\"957\"><strong data-start=\"459\" data-end=\"478\">Corpus VAC MIDI<\/strong> este o pomp\u0103 de aspira\u021bie semi-umed\u0103 compact\u0103, ideal\u0103 pentru interven\u021bii stomatologice care necesit\u0103 un sistem fiabil pentru un unit dentar, cu posibilitatea de a alterna \u00eentre dou\u0103 unituri. Cu o durat\u0103 de func\u021bionare continu\u0103 de 8-10 ore, este solu\u021bia ideal\u0103 pentru clinici care au nevoie de performan\u021b\u0103 constant\u0103 pe termen lung. Carcasa insonorizat\u0103 \u0219i acoperit\u0103 electrostatic faciliteaz\u0103 cur\u0103\u021barea \u0219i \u00eentre\u021binerea, asigur\u00e2nd \u00een acela\u0219i timp un mediu de lucru mai confortabil.<\/p>\n<h3 data-start=\"959\" data-end=\"988\"><strong data-start=\"963\" data-end=\"988\">Beneficii principale:<\/strong><\/h3>\n<ul data-start=\"990\" data-end=\"1420\">\n<li data-start=\"990\" data-end=\"1111\">\n<p data-start=\"992\" data-end=\"1111\"><strong data-start=\"992\" data-end=\"1016\">Func\u021bionare extins\u0103:<\/strong> Suport\u0103 p\u00e2n\u0103 la 10 ore de utilizare continu\u0103, oferind fiabilitate pentru \u00eentreaga zi de lucru.<\/p>\n<\/li>\n<li data-start=\"1112\" data-end=\"1228\">\n<p data-start=\"1114\" data-end=\"1228\"><strong data-start=\"1114\" data-end=\"1138\">Carcas\u0103 fonoizolat\u0103:<\/strong> Suprafa\u021ba neted\u0103, lucioas\u0103 \u0219i u\u0219or de \u00eentre\u021binut reduce zgomotul \u0219i cre\u0219te durabilitatea.<\/p>\n<\/li>\n<li data-start=\"1229\" data-end=\"1420\">\n<p data-start=\"1231\" data-end=\"1420\"><strong data-start=\"1231\" data-end=\"1256\">Componente integrate:<\/strong> Include separator aer-ap\u0103, pomp\u0103 automat\u0103 de drenaj, control electronic, sistem antivibra\u021bie \u0219i carcas\u0103 insonorizat\u0103 pentru o func\u021bionare silen\u021bioas\u0103 \u0219i eficient\u0103.<\/p>\n<\/li>\n<\/ul>\n<h3 data-start=\"1422\" data-end=\"1451\"><strong data-start=\"1426\" data-end=\"1451\">Specifica\u021bii tehnice:<\/strong><\/h3>\n<ul data-start=\"1453\" data-end=\"1652\">\n<li data-start=\"1453\" data-end=\"1478\">\n<p data-start=\"1455\" data-end=\"1478\"><strong data-start=\"1455\" data-end=\"1470\">Alimentare:<\/strong> 220 V<\/p>\n<\/li>\n<li data-start=\"1479\" data-end=\"1538\">\n<p data-start=\"1481\" data-end=\"1538\"><strong data-start=\"1481\" data-end=\"1498\">Putere motor:<\/strong> 0,450 kW la 60 Hz \/ 0,370 kW la 50 Hz<\/p>\n<\/li>\n<li data-start=\"1539\" data-end=\"1582\">\n<p data-start=\"1541\" data-end=\"1582\"><strong data-start=\"1541\" data-end=\"1563\">Debit aer aspirat:<\/strong> 1300 litri\/minut<\/p>\n<\/li>\n<li data-start=\"1583\" data-end=\"1652\">\n<p data-start=\"1585\" data-end=\"1652\"><strong data-start=\"1585\" data-end=\"1600\">Dimensiuni:<\/strong> 31 cm (l\u0103\u021bime) x 43 cm (\u00een\u0103l\u021bime) x 40 cm (lungime)<\/p>\n<\/li>\n<\/ul>\n<p data-start=\"1654\" data-end=\"1854\"><strong data-start=\"1654\" data-end=\"1854\">Aceast\u0103 pomp\u0103 de aspira\u021bie semi-umed\u0103 este alegerea perfect\u0103 pentru cabinetele care caut\u0103 o solu\u021bie compact\u0103, silen\u021bioas\u0103 \u0219i cu \u00eentre\u021binere redus\u0103, dedicat\u0103 unuia sau a dou\u0103 unituri stomatologice.<\/strong><\/p>\n","protected":false},"excerpt":{"rendered":"<p>Pompa de aspira\u021bie semi-umed\u0103 Corpus VAC MIDI \u2013 compact\u0103, silen\u021bioas\u0103, pentru 1-2 unituri dentare. Func\u021bionare continu\u0103 8-10 ore, cu drenaj automat \u0219i separator integrat.<\/p>\n","protected":false},"featured_media":33463,"template":"","meta":{"_acf_changed":false,"om_disable_all_campaigns":false},"product_brand":[],"product_cat":[338],"product_tag":[484],"class_list":{"0":"post-14114","1":"product","2":"type-product","3":"status-publish","4":"has-post-thumbnail","6":"product_cat-sisteme-de-aspiratie","7":"product_tag-corpus-vac-suction-systems","9":"first","10":"instock","11":"shipping-taxable","12":"product-type-simple"},"acf":[],"yoast_head":"<!-- This site is optimized with the Yoast SEO plugin v25.3 - https:\/\/yoast.com\/wordpress\/plugins\/seo\/ -->\n<title>Pompa aspiratie semi-umeda Corpus VAC MIDI - Digital Workflow Masters<\/title>\n<meta name=\"description\" content=\"Pompa aspira\u021bie semi-umed\u0103 Corpus VAC MIDI \u2013 aspirator stomatologic compact \u0219i silen\u021bios, pentru 1-2 unituri. 8-10 ore de func\u021bionare, \u00eentre\u021binere u\u0219oar\u0103, performan\u021b\u0103 fiabil\u0103.\" \/>\n<meta name=\"robots\" content=\"index, follow, max-snippet:-1, max-image-preview:large, max-video-preview:-1\" \/>\n<link rel=\"canonical\" href=\"https:\/\/digitalworkflowmasters.com\/romana\/shop\/corpus-vac-midi-semi-wet-suction-system\/\" \/>\n<meta property=\"og:locale\" content=\"ro_RO\" \/>\n<meta property=\"og:type\" content=\"article\" \/>\n<meta property=\"og:title\" content=\"Pompa aspiratie semi-umeda Corpus VAC MIDI - Digital Workflow Masters\" \/>\n<meta property=\"og:description\" content=\"Pompa aspira\u021bie semi-umed\u0103 Corpus VAC MIDI \u2013 aspirator stomatologic compact \u0219i silen\u021bios, pentru 1-2 unituri. 8-10 ore de func\u021bionare, \u00eentre\u021binere u\u0219oar\u0103, performan\u021b\u0103 fiabil\u0103.\" \/>\n<meta property=\"og:url\" content=\"https:\/\/digitalworkflowmasters.com\/romana\/shop\/corpus-vac-midi-semi-wet-suction-system\/\" \/>\n<meta property=\"og:site_name\" content=\"Digital Workflow Masters\" \/>\n<meta property=\"article:publisher\" content=\"https:\/\/www.facebook.com\/digitalworkflowmasters\/\" \/>\n<meta property=\"article:modified_time\" content=\"2025-06-25T19:23:35+00:00\" \/>\n<meta property=\"og:image\" content=\"https:\/\/digitalworkflowmasters.com\/romana\/wp-content\/uploads\/2025\/03\/COrpus-VAC-MIDI-min.jpg\" \/>\n\t<meta property=\"og:image:width\" content=\"1000\" \/>\n\t<meta property=\"og:image:height\" content=\"1000\" \/>\n\t<meta property=\"og:image:type\" content=\"image\/jpeg\" \/>\n<meta name=\"twitter:card\" content=\"summary_large_image\" \/>\n<meta name=\"twitter:label1\" content=\"Timp estimat pentru citire\" \/>\n\t<meta name=\"twitter:data1\" content=\"2 minute\" \/>\n<script type=\"application\/ld+json\" class=\"yoast-schema-graph\">{\"@context\":\"https:\/\/schema.org\",\"@graph\":[{\"@type\":\"WebPage\",\"@id\":\"https:\/\/digitalworkflowmasters.com\/romana\/shop\/corpus-vac-midi-semi-wet-suction-system\/\",\"url\":\"https:\/\/digitalworkflowmasters.com\/romana\/shop\/corpus-vac-midi-semi-wet-suction-system\/\",\"name\":\"Pompa aspiratie semi-umeda Corpus VAC MIDI - Digital Workflow Masters\",\"isPartOf\":{\"@id\":\"https:\/\/digitalworkflowmasters.com\/romana\/#website\"},\"primaryImageOfPage\":{\"@id\":\"https:\/\/digitalworkflowmasters.com\/romana\/shop\/corpus-vac-midi-semi-wet-suction-system\/#primaryimage\"},\"image\":{\"@id\":\"https:\/\/digitalworkflowmasters.com\/romana\/shop\/corpus-vac-midi-semi-wet-suction-system\/#primaryimage\"},\"thumbnailUrl\":\"https:\/\/digitalworkflowmasters.com\/romana\/wp-content\/uploads\/2025\/03\/COrpus-VAC-MIDI-min.jpg\",\"datePublished\":\"2025-03-26T08:33:47+00:00\",\"dateModified\":\"2025-06-25T19:23:35+00:00\",\"description\":\"Pompa aspira\u021bie semi-umed\u0103 Corpus VAC MIDI \u2013 aspirator stomatologic compact \u0219i silen\u021bios, pentru 1-2 unituri. 8-10 ore de func\u021bionare, \u00eentre\u021binere u\u0219oar\u0103, performan\u021b\u0103 fiabil\u0103.\",\"breadcrumb\":{\"@id\":\"https:\/\/digitalworkflowmasters.com\/romana\/shop\/corpus-vac-midi-semi-wet-suction-system\/#breadcrumb\"},\"inLanguage\":\"ro-RO\",\"potentialAction\":[{\"@type\":\"ReadAction\",\"target\":[\"https:\/\/digitalworkflowmasters.com\/romana\/shop\/corpus-vac-midi-semi-wet-suction-system\/\"]}]},{\"@type\":\"ImageObject\",\"inLanguage\":\"ro-RO\",\"@id\":\"https:\/\/digitalworkflowmasters.com\/romana\/shop\/corpus-vac-midi-semi-wet-suction-system\/#primaryimage\",\"url\":\"https:\/\/digitalworkflowmasters.com\/romana\/wp-content\/uploads\/2025\/03\/COrpus-VAC-MIDI-min.jpg\",\"contentUrl\":\"https:\/\/digitalworkflowmasters.com\/romana\/wp-content\/uploads\/2025\/03\/COrpus-VAC-MIDI-min.jpg\",\"width\":1000,\"height\":1000},{\"@type\":\"BreadcrumbList\",\"@id\":\"https:\/\/digitalworkflowmasters.com\/romana\/shop\/corpus-vac-midi-semi-wet-suction-system\/#breadcrumb\",\"itemListElement\":[{\"@type\":\"ListItem\",\"position\":1,\"name\":\"Home\",\"item\":\"https:\/\/digitalworkflowmasters.com\/romana\/\"},{\"@type\":\"ListItem\",\"position\":2,\"name\":\"Products\",\"item\":\"https:\/\/digitalworkflowmasters.com\/romana\/shop\/\"},{\"@type\":\"ListItem\",\"position\":3,\"name\":\"Camera Tehnica\",\"item\":\"https:\/\/digitalworkflowmasters.com\/romana\/product-category\/camera-tehnica\/\"},{\"@type\":\"ListItem\",\"position\":4,\"name\":\"Sisteme de aspiratie\",\"item\":\"https:\/\/digitalworkflowmasters.com\/romana\/product-category\/camera-tehnica\/sisteme-de-aspiratie\/\"},{\"@type\":\"ListItem\",\"position\":5,\"name\":\"Pompa aspiratie semi-umeda Corpus VAC MIDI\"}]},{\"@type\":\"WebSite\",\"@id\":\"https:\/\/digitalworkflowmasters.com\/romana\/#website\",\"url\":\"https:\/\/digitalworkflowmasters.com\/romana\/\",\"name\":\"Digital Workflow Masters\",\"description\":\"Premium Dental Equipment\",\"publisher\":{\"@id\":\"https:\/\/digitalworkflowmasters.com\/romana\/#organization\"},\"potentialAction\":[{\"@type\":\"SearchAction\",\"target\":{\"@type\":\"EntryPoint\",\"urlTemplate\":\"https:\/\/digitalworkflowmasters.com\/romana\/?s={search_term_string}\"},\"query-input\":{\"@type\":\"PropertyValueSpecification\",\"valueRequired\":true,\"valueName\":\"search_term_string\"}}],\"inLanguage\":\"ro-RO\"},{\"@type\":\"Organization\",\"@id\":\"https:\/\/digitalworkflowmasters.com\/romana\/#organization\",\"name\":\"Digital Workflow Masters\",\"url\":\"https:\/\/digitalworkflowmasters.com\/romana\/\",\"logo\":{\"@type\":\"ImageObject\",\"inLanguage\":\"ro-RO\",\"@id\":\"https:\/\/digitalworkflowmasters.com\/romana\/#\/schema\/logo\/image\/\",\"url\":\"https:\/\/digitalworkflowmasters.com\/romana\/wp-content\/uploads\/2025\/08\/1.png\",\"contentUrl\":\"https:\/\/digitalworkflowmasters.com\/romana\/wp-content\/uploads\/2025\/08\/1.png\",\"width\":1080,\"height\":1080,\"caption\":\"Digital Workflow Masters\"},\"image\":{\"@id\":\"https:\/\/digitalworkflowmasters.com\/romana\/#\/schema\/logo\/image\/\"},\"sameAs\":[\"https:\/\/www.facebook.com\/digitalworkflowmasters\/\",\"https:\/\/www.instagram.com\/digitalworkflowmasters\/\"]}]}<\/script>\n<!-- \/ Yoast SEO plugin. -->","yoast_head_json":{"title":"Pompa aspiratie semi-umeda Corpus VAC MIDI - Digital Workflow Masters","description":"Pompa aspira\u021bie semi-umed\u0103 Corpus VAC MIDI \u2013 aspirator stomatologic compact \u0219i silen\u021bios, pentru 1-2 unituri. 8-10 ore de func\u021bionare, \u00eentre\u021binere u\u0219oar\u0103, performan\u021b\u0103 fiabil\u0103.","robots":{"index":"index","follow":"follow","max-snippet":"max-snippet:-1","max-image-preview":"max-image-preview:large","max-video-preview":"max-video-preview:-1"},"canonical":"https:\/\/digitalworkflowmasters.com\/romana\/shop\/corpus-vac-midi-semi-wet-suction-system\/","og_locale":"ro_RO","og_type":"article","og_title":"Pompa aspiratie semi-umeda Corpus VAC MIDI - Digital Workflow Masters","og_description":"Pompa aspira\u021bie semi-umed\u0103 Corpus VAC MIDI \u2013 aspirator stomatologic compact \u0219i silen\u021bios, pentru 1-2 unituri. 8-10 ore de func\u021bionare, \u00eentre\u021binere u\u0219oar\u0103, performan\u021b\u0103 fiabil\u0103.","og_url":"https:\/\/digitalworkflowmasters.com\/romana\/shop\/corpus-vac-midi-semi-wet-suction-system\/","og_site_name":"Digital Workflow Masters","article_publisher":"https:\/\/www.facebook.com\/digitalworkflowmasters\/","article_modified_time":"2025-06-25T19:23:35+00:00","og_image":[{"width":1000,"height":1000,"url":"https:\/\/digitalworkflowmasters.com\/romana\/wp-content\/uploads\/2025\/03\/COrpus-VAC-MIDI-min.jpg","type":"image\/jpeg"}],"twitter_card":"summary_large_image","twitter_misc":{"Timp estimat pentru citire":"2 minute"},"schema":{"@context":"https:\/\/schema.org","@graph":[{"@type":"WebPage","@id":"https:\/\/digitalworkflowmasters.com\/romana\/shop\/corpus-vac-midi-semi-wet-suction-system\/","url":"https:\/\/digitalworkflowmasters.com\/romana\/shop\/corpus-vac-midi-semi-wet-suction-system\/","name":"Pompa aspiratie semi-umeda Corpus VAC MIDI - Digital Workflow Masters","isPartOf":{"@id":"https:\/\/digitalworkflowmasters.com\/romana\/#website"},"primaryImageOfPage":{"@id":"https:\/\/digitalworkflowmasters.com\/romana\/shop\/corpus-vac-midi-semi-wet-suction-system\/#primaryimage"},"image":{"@id":"https:\/\/digitalworkflowmasters.com\/romana\/shop\/corpus-vac-midi-semi-wet-suction-system\/#primaryimage"},"thumbnailUrl":"https:\/\/digitalworkflowmasters.com\/romana\/wp-content\/uploads\/2025\/03\/COrpus-VAC-MIDI-min.jpg","datePublished":"2025-03-26T08:33:47+00:00","dateModified":"2025-06-25T19:23:35+00:00","description":"Pompa aspira\u021bie semi-umed\u0103 Corpus VAC MIDI \u2013 aspirator stomatologic compact \u0219i silen\u021bios, pentru 1-2 unituri. 8-10 ore de func\u021bionare, \u00eentre\u021binere u\u0219oar\u0103, performan\u021b\u0103 fiabil\u0103.","breadcrumb":{"@id":"https:\/\/digitalworkflowmasters.com\/romana\/shop\/corpus-vac-midi-semi-wet-suction-system\/#breadcrumb"},"inLanguage":"ro-RO","potentialAction":[{"@type":"ReadAction","target":["https:\/\/digitalworkflowmasters.com\/romana\/shop\/corpus-vac-midi-semi-wet-suction-system\/"]}]},{"@type":"ImageObject","inLanguage":"ro-RO","@id":"https:\/\/digitalworkflowmasters.com\/romana\/shop\/corpus-vac-midi-semi-wet-suction-system\/#primaryimage","url":"https:\/\/digitalworkflowmasters.com\/romana\/wp-content\/uploads\/2025\/03\/COrpus-VAC-MIDI-min.jpg","contentUrl":"https:\/\/digitalworkflowmasters.com\/romana\/wp-content\/uploads\/2025\/03\/COrpus-VAC-MIDI-min.jpg","width":1000,"height":1000},{"@type":"BreadcrumbList","@id":"https:\/\/digitalworkflowmasters.com\/romana\/shop\/corpus-vac-midi-semi-wet-suction-system\/#breadcrumb","itemListElement":[{"@type":"ListItem","position":1,"name":"Home","item":"https:\/\/digitalworkflowmasters.com\/romana\/"},{"@type":"ListItem","position":2,"name":"Products","item":"https:\/\/digitalworkflowmasters.com\/romana\/shop\/"},{"@type":"ListItem","position":3,"name":"Camera Tehnica","item":"https:\/\/digitalworkflowmasters.com\/romana\/product-category\/camera-tehnica\/"},{"@type":"ListItem","position":4,"name":"Sisteme de aspiratie","item":"https:\/\/digitalworkflowmasters.com\/romana\/product-category\/camera-tehnica\/sisteme-de-aspiratie\/"},{"@type":"ListItem","position":5,"name":"Pompa aspiratie semi-umeda Corpus VAC MIDI"}]},{"@type":"WebSite","@id":"https:\/\/digitalworkflowmasters.com\/romana\/#website","url":"https:\/\/digitalworkflowmasters.com\/romana\/","name":"Digital Workflow Masters","description":"Premium Dental Equipment","publisher":{"@id":"https:\/\/digitalworkflowmasters.com\/romana\/#organization"},"potentialAction":[{"@type":"SearchAction","target":{"@type":"EntryPoint","urlTemplate":"https:\/\/digitalworkflowmasters.com\/romana\/?s={search_term_string}"},"query-input":{"@type":"PropertyValueSpecification","valueRequired":true,"valueName":"search_term_string"}}],"inLanguage":"ro-RO"},{"@type":"Organization","@id":"https:\/\/digitalworkflowmasters.com\/romana\/#organization","name":"Digital Workflow Masters","url":"https:\/\/digitalworkflowmasters.com\/romana\/","logo":{"@type":"ImageObject","inLanguage":"ro-RO","@id":"https:\/\/digitalworkflowmasters.com\/romana\/#\/schema\/logo\/image\/","url":"https:\/\/digitalworkflowmasters.com\/romana\/wp-content\/uploads\/2025\/08\/1.png","contentUrl":"https:\/\/digitalworkflowmasters.com\/romana\/wp-content\/uploads\/2025\/08\/1.png","width":1080,"height":1080,"caption":"Digital Workflow Masters"},"image":{"@id":"https:\/\/digitalworkflowmasters.com\/romana\/#\/schema\/logo\/image\/"},"sameAs":["https:\/\/www.facebook.com\/digitalworkflowmasters\/","https:\/\/www.instagram.com\/digitalworkflowmasters\/"]}]}},"_links":{"self":[{"href":"https:\/\/digitalworkflowmasters.com\/romana\/wp-json\/wp\/v2\/product\/14114","targetHints":{"allow":["GET"]}}],"collection":[{"href":"https:\/\/digitalworkflowmasters.com\/romana\/wp-json\/wp\/v2\/product"}],"about":[{"href":"https:\/\/digitalworkflowmasters.com\/romana\/wp-json\/wp\/v2\/types\/product"}],"version-history":[{"count":0,"href":"https:\/\/digitalworkflowmasters.com\/romana\/wp-json\/wp\/v2\/product\/14114\/revisions"}],"wp:featuredmedia":[{"embeddable":true,"href":"https:\/\/digitalworkflowmasters.com\/romana\/wp-json\/wp\/v2\/media\/33463"}],"wp:attachment":[{"href":"https:\/\/digitalworkflowmasters.com\/romana\/wp-json\/wp\/v2\/media?parent=14114"}],"wp:term":[{"taxonomy":"product_brand","embeddable":true,"href":"https:\/\/digitalworkflowmasters.com\/romana\/wp-json\/wp\/v2\/product_brand?post=14114"},{"taxonomy":"product_cat","embeddable":true,"href":"https:\/\/digitalworkflowmasters.com\/romana\/wp-json\/wp\/v2\/product_cat?post=14114"},{"taxonomy":"product_tag","embeddable":true,"href":"https:\/\/digitalworkflowmasters.com\/romana\/wp-json\/wp\/v2\/product_tag?post=14114"}],"curies":[{"name":"wp","href":"https:\/\/api.w.org\/{rel}","templated":true}]}}