{"id":14124,"date":"2025-03-26T08:33:48","date_gmt":"2025-03-26T08:33:48","guid":{"rendered":"https:\/\/digitalworkflowmasters.com\/?post_type=product&#038;p=14124"},"modified":"2025-06-25T19:03:44","modified_gmt":"2025-06-25T19:03:44","slug":"d-tec-cloud-led-lighting-system","status":"publish","type":"product","link":"https:\/\/digitalworkflowmasters.com\/romana\/shop\/d-tec-cloud-led-lighting-system\/","title":{"rendered":"Sistem iluminare LED D-TEC Cloud"},"content":{"rendered":"<h2 data-start=\"700\" data-end=\"745\"><strong data-start=\"703\" data-end=\"743\">Sistemul de Iluminat LED D-TEC Cloud<\/strong><\/h2>\n<p data-start=\"746\" data-end=\"1129\"><strong data-start=\"746\" data-end=\"761\">D-TEC Cloud<\/strong> este un sistem de iluminat avansat, proiectat special pentru a oferi o iluminare uniform\u0103, f\u0103r\u0103 umbre, \u00een cabinetele medicale \u0219i clinicile dentare. Cu un design elegant \u0219i minimalist, acest <strong data-start=\"952\" data-end=\"977\">corp iluminat premium<\/strong>, <strong data-start=\"979\" data-end=\"1001\">fabricat \u00een Suedia<\/strong>, este solu\u021bia ideal\u0103 pentru medii clinice care necesit\u0103 vizibilitate maxim\u0103 \u0219i lumin\u0103 natural\u0103 pentru lucr\u0103ri de mare precizie.<\/p>\n<p data-start=\"1131\" data-end=\"1359\">Echipat cu tehnologie LED SunLike de ultim\u0103 genera\u021bie \u0219i un indice de redare a culorilor (CRI) ridicat, <strong data-start=\"1235\" data-end=\"1244\">Cloud<\/strong> reproduce fidel lumina natural\u0103, reduc\u00e2nd oboseala ocular\u0103 \u0219i oferind confort vizual \u00een timpul lucrului prelungit.<\/p>\n<h3 data-start=\"1361\" data-end=\"1390\"><strong data-start=\"1365\" data-end=\"1390\">Beneficii principale:<\/strong><\/h3>\n<ul data-start=\"1392\" data-end=\"1787\">\n<li data-start=\"1392\" data-end=\"1530\">\n<p data-start=\"1394\" data-end=\"1530\"><strong data-start=\"1394\" data-end=\"1419\">Iluminare F\u0103r\u0103 Umbre:<\/strong> Sursa de lumin\u0103 difuz\u0103 elimin\u0103 umbrele, oferind vizibilitate excelent\u0103 pentru activit\u0103\u021bile medicale de fine\u021be.<\/p>\n<\/li>\n<li data-start=\"1531\" data-end=\"1638\">\n<p data-start=\"1533\" data-end=\"1638\"><strong data-start=\"1533\" data-end=\"1553\">Lumin\u0103 Natural\u0103:<\/strong> CRI ridicat pentru redarea exact\u0103 a culorilor, esen\u021bial\u0103 \u00een diagnostic \u0219i tratament.<\/p>\n<\/li>\n<li data-start=\"1639\" data-end=\"1787\">\n<p data-start=\"1641\" data-end=\"1787\"><strong data-start=\"1641\" data-end=\"1679\">Design Modern \u0219i Instalare U\u0219oar\u0103:<\/strong> Profil sub\u021bire, cu multiple op\u021biuni de montaj \u2013 u\u0219or de adaptat la orice spa\u021biu clinic, \u00eentre\u021binere facil\u0103.<\/p>\n<\/li>\n<\/ul>\n<h3 data-start=\"1789\" data-end=\"1818\"><strong data-start=\"1793\" data-end=\"1818\">Specifica\u021bii tehnice:<\/strong><\/h3>\n<ul data-start=\"1820\" data-end=\"2194\">\n<li data-start=\"1820\" data-end=\"1930\">\n<p data-start=\"1822\" data-end=\"1930\"><strong data-start=\"1822\" data-end=\"1837\">Dimensiuni:<\/strong> Acoperire optim\u0103 pentru aplica\u021bii clinice; dimensiuni personalizabile \u00een func\u021bie de nevoi.<\/p>\n<\/li>\n<li data-start=\"1931\" data-end=\"2017\">\n<p data-start=\"1933\" data-end=\"2017\"><strong data-start=\"1933\" data-end=\"1965\">CRI (Color Rendering Index):<\/strong> CRI ridicat, cu lumin\u0103 apropiat\u0103 de cea natural\u0103.<\/p>\n<\/li>\n<li data-start=\"2018\" data-end=\"2106\">\n<p data-start=\"2020\" data-end=\"2106\"><strong data-start=\"2020\" data-end=\"2040\">Surs\u0103 de lumin\u0103:<\/strong> Tehnologie LED avansat\u0103 pentru iluminare bl\u00e2nd\u0103 \u0219i echilibrat\u0103.<\/p>\n<\/li>\n<li data-start=\"2107\" data-end=\"2194\">\n<p data-start=\"2109\" data-end=\"2194\"><strong data-start=\"2109\" data-end=\"2120\">Design:<\/strong> Sub\u021bire, cu montaj facil \u2013 ideal pentru spa\u021bii medicale \u0219i stomatologice.<\/p>\n<\/li>\n<\/ul>\n<hr data-start=\"2196\" data-end=\"2199\" \/>\n<p data-start=\"2201\" data-end=\"2517\"><strong data-start=\"2201\" data-end=\"2216\">D-TEC Cloud<\/strong> este un <strong data-start=\"2225\" data-end=\"2265\">corp iluminat pentru cabinet medical<\/strong> \u0219i stomatologic de \u00eenalt\u0103 calitate, conceput pentru a r\u0103spunde cerin\u021belor stricte ale lucrului medical de precizie. Performan\u021ba sa fiabil\u0103, lumina confortabil\u0103 \u0219i estetica modern\u0103 \u00eel fac o alegere excelent\u0103 pentru orice clinic\u0103 ce urm\u0103re\u0219te excelen\u021ba.<\/p>\n","protected":false},"excerpt":{"rendered":"<p>Corp iluminat LED de ultim\u0103 genera\u021bie pentru cabinete medicale \u0219i clinici dentare, cu lumin\u0103 difuz\u0103, f\u0103r\u0103 umbre \u0219i cu tehnologie SunLike \u2013 fabricat \u00een Suedia.<\/p>\n","protected":false},"featured_media":33471,"template":"","meta":{"_acf_changed":false,"om_disable_all_campaigns":false},"product_brand":[],"product_cat":[485],"product_tag":[486],"class_list":{"0":"post-14124","1":"product","2":"type-product","3":"status-publish","4":"has-post-thumbnail","6":"product_cat-sisteme-de-iluminat","7":"product_tag-clinical-lighting","9":"first","10":"instock","11":"shipping-taxable","12":"product-type-simple"},"acf":[],"yoast_head":"<!-- This site is optimized with the Yoast SEO plugin v25.3 - https:\/\/yoast.com\/wordpress\/plugins\/seo\/ -->\n<title>Sistem iluminare LED D-TEC Cloud - Digital Workflow Masters<\/title>\n<meta name=\"description\" content=\"Corp iluminat premium LED D-TEC Cloud, fabricat \u00een Suedia \u2013 iluminare f\u0103r\u0103 umbre, lumin\u0103 natural\u0103, ideal\u0103 pentru cabinete medicale \u0219i clinici dentare.\" \/>\n<meta name=\"robots\" content=\"index, follow, max-snippet:-1, max-image-preview:large, max-video-preview:-1\" \/>\n<link rel=\"canonical\" href=\"https:\/\/digitalworkflowmasters.com\/romana\/shop\/d-tec-cloud-led-lighting-system\/\" \/>\n<meta property=\"og:locale\" content=\"ro_RO\" \/>\n<meta property=\"og:type\" content=\"article\" \/>\n<meta property=\"og:title\" content=\"Sistem iluminare LED D-TEC Cloud - Digital Workflow Masters\" \/>\n<meta property=\"og:description\" content=\"Corp iluminat premium LED D-TEC Cloud, fabricat \u00een Suedia \u2013 iluminare f\u0103r\u0103 umbre, lumin\u0103 natural\u0103, ideal\u0103 pentru cabinete medicale \u0219i clinici dentare.\" \/>\n<meta property=\"og:url\" content=\"https:\/\/digitalworkflowmasters.com\/romana\/shop\/d-tec-cloud-led-lighting-system\/\" \/>\n<meta property=\"og:site_name\" content=\"Digital Workflow Masters\" \/>\n<meta property=\"article:publisher\" content=\"https:\/\/www.facebook.com\/digitalworkflowmasters\/\" \/>\n<meta property=\"article:modified_time\" content=\"2025-06-25T19:03:44+00:00\" \/>\n<meta property=\"og:image\" content=\"https:\/\/digitalworkflowmasters.com\/romana\/wp-content\/uploads\/2025\/03\/dtech-cloud-1-min.jpg\" \/>\n\t<meta property=\"og:image:width\" content=\"1000\" \/>\n\t<meta property=\"og:image:height\" content=\"1000\" \/>\n\t<meta property=\"og:image:type\" content=\"image\/jpeg\" \/>\n<meta name=\"twitter:card\" content=\"summary_large_image\" \/>\n<meta name=\"twitter:label1\" content=\"Timp estimat pentru citire\" \/>\n\t<meta name=\"twitter:data1\" content=\"2 minute\" \/>\n<script type=\"application\/ld+json\" class=\"yoast-schema-graph\">{\"@context\":\"https:\/\/schema.org\",\"@graph\":[{\"@type\":\"WebPage\",\"@id\":\"https:\/\/digitalworkflowmasters.com\/romana\/shop\/d-tec-cloud-led-lighting-system\/\",\"url\":\"https:\/\/digitalworkflowmasters.com\/romana\/shop\/d-tec-cloud-led-lighting-system\/\",\"name\":\"Sistem iluminare LED D-TEC Cloud - Digital Workflow Masters\",\"isPartOf\":{\"@id\":\"https:\/\/digitalworkflowmasters.com\/romana\/#website\"},\"primaryImageOfPage\":{\"@id\":\"https:\/\/digitalworkflowmasters.com\/romana\/shop\/d-tec-cloud-led-lighting-system\/#primaryimage\"},\"image\":{\"@id\":\"https:\/\/digitalworkflowmasters.com\/romana\/shop\/d-tec-cloud-led-lighting-system\/#primaryimage\"},\"thumbnailUrl\":\"https:\/\/digitalworkflowmasters.com\/romana\/wp-content\/uploads\/2025\/03\/dtech-cloud-1-min.jpg\",\"datePublished\":\"2025-03-26T08:33:48+00:00\",\"dateModified\":\"2025-06-25T19:03:44+00:00\",\"description\":\"Corp iluminat premium LED D-TEC Cloud, fabricat \u00een Suedia \u2013 iluminare f\u0103r\u0103 umbre, lumin\u0103 natural\u0103, ideal\u0103 pentru cabinete medicale \u0219i clinici dentare.\",\"breadcrumb\":{\"@id\":\"https:\/\/digitalworkflowmasters.com\/romana\/shop\/d-tec-cloud-led-lighting-system\/#breadcrumb\"},\"inLanguage\":\"ro-RO\",\"potentialAction\":[{\"@type\":\"ReadAction\",\"target\":[\"https:\/\/digitalworkflowmasters.com\/romana\/shop\/d-tec-cloud-led-lighting-system\/\"]}]},{\"@type\":\"ImageObject\",\"inLanguage\":\"ro-RO\",\"@id\":\"https:\/\/digitalworkflowmasters.com\/romana\/shop\/d-tec-cloud-led-lighting-system\/#primaryimage\",\"url\":\"https:\/\/digitalworkflowmasters.com\/romana\/wp-content\/uploads\/2025\/03\/dtech-cloud-1-min.jpg\",\"contentUrl\":\"https:\/\/digitalworkflowmasters.com\/romana\/wp-content\/uploads\/2025\/03\/dtech-cloud-1-min.jpg\",\"width\":1000,\"height\":1000},{\"@type\":\"BreadcrumbList\",\"@id\":\"https:\/\/digitalworkflowmasters.com\/romana\/shop\/d-tec-cloud-led-lighting-system\/#breadcrumb\",\"itemListElement\":[{\"@type\":\"ListItem\",\"position\":1,\"name\":\"Home\",\"item\":\"https:\/\/digitalworkflowmasters.com\/romana\/\"},{\"@type\":\"ListItem\",\"position\":2,\"name\":\"Products\",\"item\":\"https:\/\/digitalworkflowmasters.com\/romana\/shop\/\"},{\"@type\":\"ListItem\",\"position\":3,\"name\":\"Iluminat Clinic\",\"item\":\"https:\/\/digitalworkflowmasters.com\/romana\/product-category\/sisteme-de-iluminat\/\"},{\"@type\":\"ListItem\",\"position\":4,\"name\":\"Sistem iluminare LED D-TEC Cloud\"}]},{\"@type\":\"WebSite\",\"@id\":\"https:\/\/digitalworkflowmasters.com\/romana\/#website\",\"url\":\"https:\/\/digitalworkflowmasters.com\/romana\/\",\"name\":\"Digital Workflow Masters\",\"description\":\"Premium Dental Equipment\",\"publisher\":{\"@id\":\"https:\/\/digitalworkflowmasters.com\/romana\/#organization\"},\"potentialAction\":[{\"@type\":\"SearchAction\",\"target\":{\"@type\":\"EntryPoint\",\"urlTemplate\":\"https:\/\/digitalworkflowmasters.com\/romana\/?s={search_term_string}\"},\"query-input\":{\"@type\":\"PropertyValueSpecification\",\"valueRequired\":true,\"valueName\":\"search_term_string\"}}],\"inLanguage\":\"ro-RO\"},{\"@type\":\"Organization\",\"@id\":\"https:\/\/digitalworkflowmasters.com\/romana\/#organization\",\"name\":\"Digital Workflow Masters\",\"url\":\"https:\/\/digitalworkflowmasters.com\/romana\/\",\"logo\":{\"@type\":\"ImageObject\",\"inLanguage\":\"ro-RO\",\"@id\":\"https:\/\/digitalworkflowmasters.com\/romana\/#\/schema\/logo\/image\/\",\"url\":\"https:\/\/digitalworkflowmasters.com\/romana\/wp-content\/uploads\/2025\/08\/1.png\",\"contentUrl\":\"https:\/\/digitalworkflowmasters.com\/romana\/wp-content\/uploads\/2025\/08\/1.png\",\"width\":1080,\"height\":1080,\"caption\":\"Digital Workflow Masters\"},\"image\":{\"@id\":\"https:\/\/digitalworkflowmasters.com\/romana\/#\/schema\/logo\/image\/\"},\"sameAs\":[\"https:\/\/www.facebook.com\/digitalworkflowmasters\/\",\"https:\/\/www.instagram.com\/digitalworkflowmasters\/\"]}]}<\/script>\n<!-- \/ Yoast SEO plugin. -->","yoast_head_json":{"title":"Sistem iluminare LED D-TEC Cloud - Digital Workflow Masters","description":"Corp iluminat premium LED D-TEC Cloud, fabricat \u00een Suedia \u2013 iluminare f\u0103r\u0103 umbre, lumin\u0103 natural\u0103, ideal\u0103 pentru cabinete medicale \u0219i clinici dentare.","robots":{"index":"index","follow":"follow","max-snippet":"max-snippet:-1","max-image-preview":"max-image-preview:large","max-video-preview":"max-video-preview:-1"},"canonical":"https:\/\/digitalworkflowmasters.com\/romana\/shop\/d-tec-cloud-led-lighting-system\/","og_locale":"ro_RO","og_type":"article","og_title":"Sistem iluminare LED D-TEC Cloud - Digital Workflow Masters","og_description":"Corp iluminat premium LED D-TEC Cloud, fabricat \u00een Suedia \u2013 iluminare f\u0103r\u0103 umbre, lumin\u0103 natural\u0103, ideal\u0103 pentru cabinete medicale \u0219i clinici dentare.","og_url":"https:\/\/digitalworkflowmasters.com\/romana\/shop\/d-tec-cloud-led-lighting-system\/","og_site_name":"Digital Workflow Masters","article_publisher":"https:\/\/www.facebook.com\/digitalworkflowmasters\/","article_modified_time":"2025-06-25T19:03:44+00:00","og_image":[{"width":1000,"height":1000,"url":"https:\/\/digitalworkflowmasters.com\/romana\/wp-content\/uploads\/2025\/03\/dtech-cloud-1-min.jpg","type":"image\/jpeg"}],"twitter_card":"summary_large_image","twitter_misc":{"Timp estimat pentru citire":"2 minute"},"schema":{"@context":"https:\/\/schema.org","@graph":[{"@type":"WebPage","@id":"https:\/\/digitalworkflowmasters.com\/romana\/shop\/d-tec-cloud-led-lighting-system\/","url":"https:\/\/digitalworkflowmasters.com\/romana\/shop\/d-tec-cloud-led-lighting-system\/","name":"Sistem iluminare LED D-TEC Cloud - Digital Workflow Masters","isPartOf":{"@id":"https:\/\/digitalworkflowmasters.com\/romana\/#website"},"primaryImageOfPage":{"@id":"https:\/\/digitalworkflowmasters.com\/romana\/shop\/d-tec-cloud-led-lighting-system\/#primaryimage"},"image":{"@id":"https:\/\/digitalworkflowmasters.com\/romana\/shop\/d-tec-cloud-led-lighting-system\/#primaryimage"},"thumbnailUrl":"https:\/\/digitalworkflowmasters.com\/romana\/wp-content\/uploads\/2025\/03\/dtech-cloud-1-min.jpg","datePublished":"2025-03-26T08:33:48+00:00","dateModified":"2025-06-25T19:03:44+00:00","description":"Corp iluminat premium LED D-TEC Cloud, fabricat \u00een Suedia \u2013 iluminare f\u0103r\u0103 umbre, lumin\u0103 natural\u0103, ideal\u0103 pentru cabinete medicale \u0219i clinici dentare.","breadcrumb":{"@id":"https:\/\/digitalworkflowmasters.com\/romana\/shop\/d-tec-cloud-led-lighting-system\/#breadcrumb"},"inLanguage":"ro-RO","potentialAction":[{"@type":"ReadAction","target":["https:\/\/digitalworkflowmasters.com\/romana\/shop\/d-tec-cloud-led-lighting-system\/"]}]},{"@type":"ImageObject","inLanguage":"ro-RO","@id":"https:\/\/digitalworkflowmasters.com\/romana\/shop\/d-tec-cloud-led-lighting-system\/#primaryimage","url":"https:\/\/digitalworkflowmasters.com\/romana\/wp-content\/uploads\/2025\/03\/dtech-cloud-1-min.jpg","contentUrl":"https:\/\/digitalworkflowmasters.com\/romana\/wp-content\/uploads\/2025\/03\/dtech-cloud-1-min.jpg","width":1000,"height":1000},{"@type":"BreadcrumbList","@id":"https:\/\/digitalworkflowmasters.com\/romana\/shop\/d-tec-cloud-led-lighting-system\/#breadcrumb","itemListElement":[{"@type":"ListItem","position":1,"name":"Home","item":"https:\/\/digitalworkflowmasters.com\/romana\/"},{"@type":"ListItem","position":2,"name":"Products","item":"https:\/\/digitalworkflowmasters.com\/romana\/shop\/"},{"@type":"ListItem","position":3,"name":"Iluminat Clinic","item":"https:\/\/digitalworkflowmasters.com\/romana\/product-category\/sisteme-de-iluminat\/"},{"@type":"ListItem","position":4,"name":"Sistem iluminare LED D-TEC Cloud"}]},{"@type":"WebSite","@id":"https:\/\/digitalworkflowmasters.com\/romana\/#website","url":"https:\/\/digitalworkflowmasters.com\/romana\/","name":"Digital Workflow Masters","description":"Premium Dental Equipment","publisher":{"@id":"https:\/\/digitalworkflowmasters.com\/romana\/#organization"},"potentialAction":[{"@type":"SearchAction","target":{"@type":"EntryPoint","urlTemplate":"https:\/\/digitalworkflowmasters.com\/romana\/?s={search_term_string}"},"query-input":{"@type":"PropertyValueSpecification","valueRequired":true,"valueName":"search_term_string"}}],"inLanguage":"ro-RO"},{"@type":"Organization","@id":"https:\/\/digitalworkflowmasters.com\/romana\/#organization","name":"Digital Workflow Masters","url":"https:\/\/digitalworkflowmasters.com\/romana\/","logo":{"@type":"ImageObject","inLanguage":"ro-RO","@id":"https:\/\/digitalworkflowmasters.com\/romana\/#\/schema\/logo\/image\/","url":"https:\/\/digitalworkflowmasters.com\/romana\/wp-content\/uploads\/2025\/08\/1.png","contentUrl":"https:\/\/digitalworkflowmasters.com\/romana\/wp-content\/uploads\/2025\/08\/1.png","width":1080,"height":1080,"caption":"Digital Workflow Masters"},"image":{"@id":"https:\/\/digitalworkflowmasters.com\/romana\/#\/schema\/logo\/image\/"},"sameAs":["https:\/\/www.facebook.com\/digitalworkflowmasters\/","https:\/\/www.instagram.com\/digitalworkflowmasters\/"]}]}},"_links":{"self":[{"href":"https:\/\/digitalworkflowmasters.com\/romana\/wp-json\/wp\/v2\/product\/14124","targetHints":{"allow":["GET"]}}],"collection":[{"href":"https:\/\/digitalworkflowmasters.com\/romana\/wp-json\/wp\/v2\/product"}],"about":[{"href":"https:\/\/digitalworkflowmasters.com\/romana\/wp-json\/wp\/v2\/types\/product"}],"version-history":[{"count":0,"href":"https:\/\/digitalworkflowmasters.com\/romana\/wp-json\/wp\/v2\/product\/14124\/revisions"}],"wp:featuredmedia":[{"embeddable":true,"href":"https:\/\/digitalworkflowmasters.com\/romana\/wp-json\/wp\/v2\/media\/33471"}],"wp:attachment":[{"href":"https:\/\/digitalworkflowmasters.com\/romana\/wp-json\/wp\/v2\/media?parent=14124"}],"wp:term":[{"taxonomy":"product_brand","embeddable":true,"href":"https:\/\/digitalworkflowmasters.com\/romana\/wp-json\/wp\/v2\/product_brand?post=14124"},{"taxonomy":"product_cat","embeddable":true,"href":"https:\/\/digitalworkflowmasters.com\/romana\/wp-json\/wp\/v2\/product_cat?post=14124"},{"taxonomy":"product_tag","embeddable":true,"href":"https:\/\/digitalworkflowmasters.com\/romana\/wp-json\/wp\/v2\/product_tag?post=14124"}],"curies":[{"name":"wp","href":"https:\/\/api.w.org\/{rel}","templated":true}]}}