{"id":14130,"date":"2025-03-26T08:33:48","date_gmt":"2025-03-26T08:33:48","guid":{"rendered":"https:\/\/digitalworkflowmasters.com\/?post_type=product&#038;p=14130"},"modified":"2025-06-25T19:02:00","modified_gmt":"2025-06-25T19:02:00","slug":"d-tec-clair-led-lighting-system","status":"publish","type":"product","link":"https:\/\/digitalworkflowmasters.com\/romana\/shop\/d-tec-clair-led-lighting-system\/","title":{"rendered":"Sistem iluminare LED D-TEC Clair"},"content":{"rendered":"<p data-start=\"742\" data-end=\"1296\">O solu\u021bie de iluminare inovatoare \u0219i igienic\u0103, proiectat\u0103 special pentru a \u00eembun\u0103t\u0103\u021bi vizibilitatea \u0219i fidelitatea culorilor \u00een medii clinice. Cu un panou LED mare \u0219i eficient energetic, <strong data-start=\"929\" data-end=\"938\">Clair<\/strong> ofer\u0103 o iluminare ampl\u0103 \u0219i uniform distribuit\u0103, ideal\u0103 pentru <strong data-start=\"1001\" data-end=\"1036\">iluminarea cabinetelor medicale<\/strong>, <strong data-start=\"1038\" data-end=\"1060\">clinicilor dentare<\/strong> \u0219i altor spa\u021bii din domeniul s\u0103n\u0103t\u0103\u021bii. Acest <strong data-start=\"1107\" data-end=\"1135\">corp de iluminat premium<\/strong>, <strong data-start=\"1137\" data-end=\"1159\">fabricat \u00een Suedia<\/strong>, combin\u0103 emisia minim\u0103 de c\u0103ldur\u0103 cu o redare excelent\u0103 a culorilor, asigur\u00e2nd confortul personalului medical \u0219i precizie \u00een diagnostic.<\/p>\n<h3 data-start=\"1298\" data-end=\"1327\"><strong data-start=\"1302\" data-end=\"1327\">Beneficii principale:<\/strong><\/h3>\n<ul data-start=\"1329\" data-end=\"1768\">\n<li data-start=\"1329\" data-end=\"1483\">\n<p data-start=\"1331\" data-end=\"1483\"><strong data-start=\"1331\" data-end=\"1365\">Igienic \u0219i Eficient Energetic:<\/strong> Designul s\u0103u emite foarte pu\u021bin\u0103 c\u0103ldur\u0103, men\u021bin\u00e2nd confortul \u00een timpul consulta\u021biilor \u0219i un mediu optim \u00een cabinete.<\/p>\n<\/li>\n<li data-start=\"1484\" data-end=\"1614\">\n<p data-start=\"1486\" data-end=\"1614\"><strong data-start=\"1486\" data-end=\"1518\">Iluminare Larg\u0103 \u0219i Uniform\u0103:<\/strong> Panoul de mari dimensiuni reduce umbrele \u0219i ofer\u0103 o lumin\u0103 constant\u0103 \u0219i clar\u0103 \u00een zona de lucru.<\/p>\n<\/li>\n<li data-start=\"1615\" data-end=\"1768\">\n<p data-start=\"1617\" data-end=\"1768\"><strong data-start=\"1617\" data-end=\"1653\">Redare Cromatic\u0103 Ridicat\u0103 (CRI):<\/strong> Asigur\u0103 o fidelitate excelent\u0103 a culorilor \u2013 esen\u021bial\u0103 \u00een activit\u0103\u021bile ce necesit\u0103 precizie \u0219i aten\u021bie la detalii.<\/p>\n<\/li>\n<\/ul>\n<h3 data-start=\"1770\" data-end=\"1799\"><strong data-start=\"1774\" data-end=\"1799\">Specifica\u021bii tehnice:<\/strong><\/h3>\n<ul data-start=\"1801\" data-end=\"2076\">\n<li data-start=\"1801\" data-end=\"1895\">\n<p data-start=\"1803\" data-end=\"1895\"><strong data-start=\"1803\" data-end=\"1818\">Dimensiuni:<\/strong> 1530 x 670 mm \u2013 acoperire extins\u0103 pentru zonele de examinare \u0219i tratament.<\/p>\n<\/li>\n<li data-start=\"1896\" data-end=\"1974\">\n<p data-start=\"1898\" data-end=\"1974\"><strong data-start=\"1898\" data-end=\"1930\">CRI (Color Rendering Index):<\/strong> CRI ridicat, apropiat de lumina natural\u0103.<\/p>\n<\/li>\n<li data-start=\"1975\" data-end=\"2076\">\n<p data-start=\"1977\" data-end=\"2076\"><strong data-start=\"1977\" data-end=\"1988\">Design:<\/strong> Montaj pe tavan, cu profil sub\u021bire \u2013 eficien\u021b\u0103 maxim\u0103 cu impact minim asupra spa\u021biului.<\/p>\n<\/li>\n<\/ul>\n<hr data-start=\"2078\" data-end=\"2081\" \/>\n<p data-start=\"2083\" data-end=\"2364\"><strong data-start=\"2083\" data-end=\"2104\">Clair de la D-TEC<\/strong> este un <strong data-start=\"2113\" data-end=\"2146\">corp iluminat clinic\u0103 dentar\u0103<\/strong> \u0219i medical\u0103 de \u00eenalt\u0103 calitate, ideal pentru profesioni\u0219ti care caut\u0103 precizie, confort vizual \u0219i economie de energie. Fabricat \u00een Suedia, acest sistem se remarc\u0103 prin fiabilitate, ergonomie \u0219i performan\u021b\u0103 superioar\u0103.<\/p>\n","protected":false},"excerpt":{"rendered":"<p>Corp iluminat LED premium pentru cabinete medicale \u0219i clinici dentare, fabricat \u00een Suedia, cu acurate\u021be cromatic\u0103 ridicat\u0103 \u0219i eficien\u021b\u0103 energetic\u0103.<\/p>\n","protected":false},"featured_media":33475,"template":"","meta":{"_acf_changed":false,"om_disable_all_campaigns":false},"product_brand":[],"product_cat":[485],"product_tag":[486],"class_list":{"0":"post-14130","1":"product","2":"type-product","3":"status-publish","4":"has-post-thumbnail","6":"product_cat-sisteme-de-iluminat","7":"product_tag-clinical-lighting","9":"first","10":"instock","11":"shipping-taxable","12":"product-type-simple"},"acf":[],"yoast_head":"<!-- This site is optimized with the Yoast SEO plugin v25.3 - https:\/\/yoast.com\/wordpress\/plugins\/seo\/ -->\n<title>Sistem iluminare LED D-TEC Clair - Digital Workflow Masters<\/title>\n<meta name=\"description\" content=\"Corp iluminat premium LED Clair de la D-TEC, fabricat \u00een Suedia \u2013 ideal pentru iluminarea cabinetelor medicale \u0219i clinicilor dentare, cu randament ridicat \u0219i acurate\u021be excelent\u0103 a culorilor.\" \/>\n<meta name=\"robots\" content=\"index, follow, max-snippet:-1, max-image-preview:large, max-video-preview:-1\" \/>\n<link rel=\"canonical\" href=\"https:\/\/digitalworkflowmasters.com\/romana\/shop\/d-tec-clair-led-lighting-system\/\" \/>\n<meta property=\"og:locale\" content=\"ro_RO\" \/>\n<meta property=\"og:type\" content=\"article\" \/>\n<meta property=\"og:title\" content=\"Sistem iluminare LED D-TEC Clair - Digital Workflow Masters\" \/>\n<meta property=\"og:description\" content=\"Corp iluminat premium LED Clair de la D-TEC, fabricat \u00een Suedia \u2013 ideal pentru iluminarea cabinetelor medicale \u0219i clinicilor dentare, cu randament ridicat \u0219i acurate\u021be excelent\u0103 a culorilor.\" \/>\n<meta property=\"og:url\" content=\"https:\/\/digitalworkflowmasters.com\/romana\/shop\/d-tec-clair-led-lighting-system\/\" \/>\n<meta property=\"og:site_name\" content=\"Digital Workflow Masters\" \/>\n<meta property=\"article:publisher\" content=\"https:\/\/www.facebook.com\/digitalworkflowmasters\/\" \/>\n<meta property=\"article:modified_time\" content=\"2025-06-25T19:02:00+00:00\" \/>\n<meta property=\"og:image\" content=\"https:\/\/digitalworkflowmasters.com\/romana\/wp-content\/uploads\/2025\/03\/dtech-clair1-min.jpg\" \/>\n\t<meta property=\"og:image:width\" content=\"1000\" \/>\n\t<meta property=\"og:image:height\" content=\"1000\" \/>\n\t<meta property=\"og:image:type\" content=\"image\/jpeg\" \/>\n<meta name=\"twitter:card\" content=\"summary_large_image\" \/>\n<meta name=\"twitter:label1\" content=\"Timp estimat pentru citire\" \/>\n\t<meta name=\"twitter:data1\" content=\"2 minute\" \/>\n<script type=\"application\/ld+json\" class=\"yoast-schema-graph\">{\"@context\":\"https:\/\/schema.org\",\"@graph\":[{\"@type\":\"WebPage\",\"@id\":\"https:\/\/digitalworkflowmasters.com\/romana\/shop\/d-tec-clair-led-lighting-system\/\",\"url\":\"https:\/\/digitalworkflowmasters.com\/romana\/shop\/d-tec-clair-led-lighting-system\/\",\"name\":\"Sistem iluminare LED D-TEC Clair - Digital Workflow Masters\",\"isPartOf\":{\"@id\":\"https:\/\/digitalworkflowmasters.com\/romana\/#website\"},\"primaryImageOfPage\":{\"@id\":\"https:\/\/digitalworkflowmasters.com\/romana\/shop\/d-tec-clair-led-lighting-system\/#primaryimage\"},\"image\":{\"@id\":\"https:\/\/digitalworkflowmasters.com\/romana\/shop\/d-tec-clair-led-lighting-system\/#primaryimage\"},\"thumbnailUrl\":\"https:\/\/digitalworkflowmasters.com\/romana\/wp-content\/uploads\/2025\/03\/dtech-clair1-min.jpg\",\"datePublished\":\"2025-03-26T08:33:48+00:00\",\"dateModified\":\"2025-06-25T19:02:00+00:00\",\"description\":\"Corp iluminat premium LED Clair de la D-TEC, fabricat \u00een Suedia \u2013 ideal pentru iluminarea cabinetelor medicale \u0219i clinicilor dentare, cu randament ridicat \u0219i acurate\u021be excelent\u0103 a culorilor.\",\"breadcrumb\":{\"@id\":\"https:\/\/digitalworkflowmasters.com\/romana\/shop\/d-tec-clair-led-lighting-system\/#breadcrumb\"},\"inLanguage\":\"ro-RO\",\"potentialAction\":[{\"@type\":\"ReadAction\",\"target\":[\"https:\/\/digitalworkflowmasters.com\/romana\/shop\/d-tec-clair-led-lighting-system\/\"]}]},{\"@type\":\"ImageObject\",\"inLanguage\":\"ro-RO\",\"@id\":\"https:\/\/digitalworkflowmasters.com\/romana\/shop\/d-tec-clair-led-lighting-system\/#primaryimage\",\"url\":\"https:\/\/digitalworkflowmasters.com\/romana\/wp-content\/uploads\/2025\/03\/dtech-clair1-min.jpg\",\"contentUrl\":\"https:\/\/digitalworkflowmasters.com\/romana\/wp-content\/uploads\/2025\/03\/dtech-clair1-min.jpg\",\"width\":1000,\"height\":1000},{\"@type\":\"BreadcrumbList\",\"@id\":\"https:\/\/digitalworkflowmasters.com\/romana\/shop\/d-tec-clair-led-lighting-system\/#breadcrumb\",\"itemListElement\":[{\"@type\":\"ListItem\",\"position\":1,\"name\":\"Home\",\"item\":\"https:\/\/digitalworkflowmasters.com\/romana\/\"},{\"@type\":\"ListItem\",\"position\":2,\"name\":\"Products\",\"item\":\"https:\/\/digitalworkflowmasters.com\/romana\/shop\/\"},{\"@type\":\"ListItem\",\"position\":3,\"name\":\"Iluminat Clinic\",\"item\":\"https:\/\/digitalworkflowmasters.com\/romana\/product-category\/sisteme-de-iluminat\/\"},{\"@type\":\"ListItem\",\"position\":4,\"name\":\"Sistem iluminare LED D-TEC Clair\"}]},{\"@type\":\"WebSite\",\"@id\":\"https:\/\/digitalworkflowmasters.com\/romana\/#website\",\"url\":\"https:\/\/digitalworkflowmasters.com\/romana\/\",\"name\":\"Digital Workflow Masters\",\"description\":\"Premium Dental Equipment\",\"publisher\":{\"@id\":\"https:\/\/digitalworkflowmasters.com\/romana\/#organization\"},\"potentialAction\":[{\"@type\":\"SearchAction\",\"target\":{\"@type\":\"EntryPoint\",\"urlTemplate\":\"https:\/\/digitalworkflowmasters.com\/romana\/?s={search_term_string}\"},\"query-input\":{\"@type\":\"PropertyValueSpecification\",\"valueRequired\":true,\"valueName\":\"search_term_string\"}}],\"inLanguage\":\"ro-RO\"},{\"@type\":\"Organization\",\"@id\":\"https:\/\/digitalworkflowmasters.com\/romana\/#organization\",\"name\":\"Digital Workflow Masters\",\"url\":\"https:\/\/digitalworkflowmasters.com\/romana\/\",\"logo\":{\"@type\":\"ImageObject\",\"inLanguage\":\"ro-RO\",\"@id\":\"https:\/\/digitalworkflowmasters.com\/romana\/#\/schema\/logo\/image\/\",\"url\":\"https:\/\/digitalworkflowmasters.com\/romana\/wp-content\/uploads\/2025\/08\/1.png\",\"contentUrl\":\"https:\/\/digitalworkflowmasters.com\/romana\/wp-content\/uploads\/2025\/08\/1.png\",\"width\":1080,\"height\":1080,\"caption\":\"Digital Workflow Masters\"},\"image\":{\"@id\":\"https:\/\/digitalworkflowmasters.com\/romana\/#\/schema\/logo\/image\/\"},\"sameAs\":[\"https:\/\/www.facebook.com\/digitalworkflowmasters\/\",\"https:\/\/www.instagram.com\/digitalworkflowmasters\/\"]}]}<\/script>\n<!-- \/ Yoast SEO plugin. -->","yoast_head_json":{"title":"Sistem iluminare LED D-TEC Clair - Digital Workflow Masters","description":"Corp iluminat premium LED Clair de la D-TEC, fabricat \u00een Suedia \u2013 ideal pentru iluminarea cabinetelor medicale \u0219i clinicilor dentare, cu randament ridicat \u0219i acurate\u021be excelent\u0103 a culorilor.","robots":{"index":"index","follow":"follow","max-snippet":"max-snippet:-1","max-image-preview":"max-image-preview:large","max-video-preview":"max-video-preview:-1"},"canonical":"https:\/\/digitalworkflowmasters.com\/romana\/shop\/d-tec-clair-led-lighting-system\/","og_locale":"ro_RO","og_type":"article","og_title":"Sistem iluminare LED D-TEC Clair - Digital Workflow Masters","og_description":"Corp iluminat premium LED Clair de la D-TEC, fabricat \u00een Suedia \u2013 ideal pentru iluminarea cabinetelor medicale \u0219i clinicilor dentare, cu randament ridicat \u0219i acurate\u021be excelent\u0103 a culorilor.","og_url":"https:\/\/digitalworkflowmasters.com\/romana\/shop\/d-tec-clair-led-lighting-system\/","og_site_name":"Digital Workflow Masters","article_publisher":"https:\/\/www.facebook.com\/digitalworkflowmasters\/","article_modified_time":"2025-06-25T19:02:00+00:00","og_image":[{"width":1000,"height":1000,"url":"https:\/\/digitalworkflowmasters.com\/romana\/wp-content\/uploads\/2025\/03\/dtech-clair1-min.jpg","type":"image\/jpeg"}],"twitter_card":"summary_large_image","twitter_misc":{"Timp estimat pentru citire":"2 minute"},"schema":{"@context":"https:\/\/schema.org","@graph":[{"@type":"WebPage","@id":"https:\/\/digitalworkflowmasters.com\/romana\/shop\/d-tec-clair-led-lighting-system\/","url":"https:\/\/digitalworkflowmasters.com\/romana\/shop\/d-tec-clair-led-lighting-system\/","name":"Sistem iluminare LED D-TEC Clair - Digital Workflow Masters","isPartOf":{"@id":"https:\/\/digitalworkflowmasters.com\/romana\/#website"},"primaryImageOfPage":{"@id":"https:\/\/digitalworkflowmasters.com\/romana\/shop\/d-tec-clair-led-lighting-system\/#primaryimage"},"image":{"@id":"https:\/\/digitalworkflowmasters.com\/romana\/shop\/d-tec-clair-led-lighting-system\/#primaryimage"},"thumbnailUrl":"https:\/\/digitalworkflowmasters.com\/romana\/wp-content\/uploads\/2025\/03\/dtech-clair1-min.jpg","datePublished":"2025-03-26T08:33:48+00:00","dateModified":"2025-06-25T19:02:00+00:00","description":"Corp iluminat premium LED Clair de la D-TEC, fabricat \u00een Suedia \u2013 ideal pentru iluminarea cabinetelor medicale \u0219i clinicilor dentare, cu randament ridicat \u0219i acurate\u021be excelent\u0103 a culorilor.","breadcrumb":{"@id":"https:\/\/digitalworkflowmasters.com\/romana\/shop\/d-tec-clair-led-lighting-system\/#breadcrumb"},"inLanguage":"ro-RO","potentialAction":[{"@type":"ReadAction","target":["https:\/\/digitalworkflowmasters.com\/romana\/shop\/d-tec-clair-led-lighting-system\/"]}]},{"@type":"ImageObject","inLanguage":"ro-RO","@id":"https:\/\/digitalworkflowmasters.com\/romana\/shop\/d-tec-clair-led-lighting-system\/#primaryimage","url":"https:\/\/digitalworkflowmasters.com\/romana\/wp-content\/uploads\/2025\/03\/dtech-clair1-min.jpg","contentUrl":"https:\/\/digitalworkflowmasters.com\/romana\/wp-content\/uploads\/2025\/03\/dtech-clair1-min.jpg","width":1000,"height":1000},{"@type":"BreadcrumbList","@id":"https:\/\/digitalworkflowmasters.com\/romana\/shop\/d-tec-clair-led-lighting-system\/#breadcrumb","itemListElement":[{"@type":"ListItem","position":1,"name":"Home","item":"https:\/\/digitalworkflowmasters.com\/romana\/"},{"@type":"ListItem","position":2,"name":"Products","item":"https:\/\/digitalworkflowmasters.com\/romana\/shop\/"},{"@type":"ListItem","position":3,"name":"Iluminat Clinic","item":"https:\/\/digitalworkflowmasters.com\/romana\/product-category\/sisteme-de-iluminat\/"},{"@type":"ListItem","position":4,"name":"Sistem iluminare LED D-TEC Clair"}]},{"@type":"WebSite","@id":"https:\/\/digitalworkflowmasters.com\/romana\/#website","url":"https:\/\/digitalworkflowmasters.com\/romana\/","name":"Digital Workflow Masters","description":"Premium Dental Equipment","publisher":{"@id":"https:\/\/digitalworkflowmasters.com\/romana\/#organization"},"potentialAction":[{"@type":"SearchAction","target":{"@type":"EntryPoint","urlTemplate":"https:\/\/digitalworkflowmasters.com\/romana\/?s={search_term_string}"},"query-input":{"@type":"PropertyValueSpecification","valueRequired":true,"valueName":"search_term_string"}}],"inLanguage":"ro-RO"},{"@type":"Organization","@id":"https:\/\/digitalworkflowmasters.com\/romana\/#organization","name":"Digital Workflow Masters","url":"https:\/\/digitalworkflowmasters.com\/romana\/","logo":{"@type":"ImageObject","inLanguage":"ro-RO","@id":"https:\/\/digitalworkflowmasters.com\/romana\/#\/schema\/logo\/image\/","url":"https:\/\/digitalworkflowmasters.com\/romana\/wp-content\/uploads\/2025\/08\/1.png","contentUrl":"https:\/\/digitalworkflowmasters.com\/romana\/wp-content\/uploads\/2025\/08\/1.png","width":1080,"height":1080,"caption":"Digital Workflow Masters"},"image":{"@id":"https:\/\/digitalworkflowmasters.com\/romana\/#\/schema\/logo\/image\/"},"sameAs":["https:\/\/www.facebook.com\/digitalworkflowmasters\/","https:\/\/www.instagram.com\/digitalworkflowmasters\/"]}]}},"_links":{"self":[{"href":"https:\/\/digitalworkflowmasters.com\/romana\/wp-json\/wp\/v2\/product\/14130","targetHints":{"allow":["GET"]}}],"collection":[{"href":"https:\/\/digitalworkflowmasters.com\/romana\/wp-json\/wp\/v2\/product"}],"about":[{"href":"https:\/\/digitalworkflowmasters.com\/romana\/wp-json\/wp\/v2\/types\/product"}],"version-history":[{"count":0,"href":"https:\/\/digitalworkflowmasters.com\/romana\/wp-json\/wp\/v2\/product\/14130\/revisions"}],"wp:featuredmedia":[{"embeddable":true,"href":"https:\/\/digitalworkflowmasters.com\/romana\/wp-json\/wp\/v2\/media\/33475"}],"wp:attachment":[{"href":"https:\/\/digitalworkflowmasters.com\/romana\/wp-json\/wp\/v2\/media?parent=14130"}],"wp:term":[{"taxonomy":"product_brand","embeddable":true,"href":"https:\/\/digitalworkflowmasters.com\/romana\/wp-json\/wp\/v2\/product_brand?post=14130"},{"taxonomy":"product_cat","embeddable":true,"href":"https:\/\/digitalworkflowmasters.com\/romana\/wp-json\/wp\/v2\/product_cat?post=14130"},{"taxonomy":"product_tag","embeddable":true,"href":"https:\/\/digitalworkflowmasters.com\/romana\/wp-json\/wp\/v2\/product_tag?post=14130"}],"curies":[{"name":"wp","href":"https:\/\/api.w.org\/{rel}","templated":true}]}}