{"id":14143,"date":"2025-03-26T08:33:48","date_gmt":"2025-03-26T08:33:48","guid":{"rendered":"https:\/\/digitalworkflowmasters.com\/?post_type=product&#038;p=14143"},"modified":"2025-06-25T19:05:12","modified_gmt":"2025-06-25T19:05:12","slug":"durr-tornado-2-air-compressor","status":"publish","type":"product","link":"https:\/\/digitalworkflowmasters.com\/romana\/shop\/durr-tornado-2-air-compressor\/","title":{"rendered":"Durr Tornado 2 Air Compressor"},"content":{"rendered":"<h2 data-start=\"634\" data-end=\"720\">Compresor f\u0103r\u0103 ulei D\u00fcrr Tornado 2 \u2013 Performan\u021b\u0103 silen\u021bioas\u0103 pentru unituri dentare<\/h2>\n<p data-start=\"722\" data-end=\"1256\">Compresorul de aer <strong data-start=\"741\" data-end=\"759\">D\u00fcrr Tornado 2<\/strong> este un compresor f\u0103r\u0103 ulei, puternic \u0219i fiabil, conceput pentru a deservi p\u00e2n\u0103 la trei unituri stomatologice. Datorit\u0103 func\u021bion\u0103rii sale ultra-silen\u021bioase, cu un nivel de zgomot de doar 54 dB, acest <strong data-start=\"960\" data-end=\"985\">compresor unit dentar<\/strong> asigur\u0103 un mediu mai pl\u0103cut at\u00e2t pentru pacient, c\u00e2t \u0219i pentru echipa medical\u0103. Capota sa aerodinamic\u0103 pentru reducerea zgomotului \u0219i unitatea de uscare cu membran\u0103 garanteaz\u0103 un aer curat, uscat \u0219i lipsit de contaminan\u021bi \u2013 esen\u021bial \u00een orice cabinet stomatologic modern.<\/p>\n<h3 data-start=\"1258\" data-end=\"1288\">Caracteristici principale:<\/h3>\n<ul data-start=\"1290\" data-end=\"1768\">\n<li data-start=\"1290\" data-end=\"1456\">\n<p data-start=\"1292\" data-end=\"1456\"><strong data-start=\"1292\" data-end=\"1317\">F\u0103r\u0103 ulei \u0219i igienic:<\/strong> Furnizeaz\u0103 aer uscat \u0219i curat, vital \u00een aplica\u021biile dentare, cu rezervor tratat antibacterian pentru a preveni coroziunea \u0219i contaminarea.<\/p>\n<\/li>\n<li data-start=\"1457\" data-end=\"1601\">\n<p data-start=\"1459\" data-end=\"1601\"><strong data-start=\"1459\" data-end=\"1484\">Eficien\u021b\u0103 energetic\u0103:<\/strong> Consum\u0103 cu p\u00e2n\u0103 la 15% mai pu\u021bin\u0103 energie fa\u021b\u0103 de modelele similare, reduc\u00e2nd costurile \u0219i impactul asupra mediului.<\/p>\n<\/li>\n<li data-start=\"1602\" data-end=\"1768\">\n<p data-start=\"1604\" data-end=\"1768\"><strong data-start=\"1604\" data-end=\"1629\">Uscare prin membran\u0103:<\/strong> Asigur\u0103 o umiditate sc\u0103zut\u0103 a aerului, cu un punct de rou\u0103 de p\u00e2n\u0103 la \u2264 5 \u00b0C, protej\u00e2nd instrumentarul de deterior\u0103ri cauzate de umezeal\u0103.<\/p>\n<\/li>\n<\/ul>\n<h3 data-start=\"1770\" data-end=\"1795\">Specifica\u021bii tehnice:<\/h3>\n<ul data-start=\"1797\" data-end=\"2098\">\n<li data-start=\"1797\" data-end=\"1820\">\n<p data-start=\"1799\" data-end=\"1820\"><strong data-start=\"1799\" data-end=\"1812\">Tensiune:<\/strong> 230 V<\/p>\n<\/li>\n<li data-start=\"1821\" data-end=\"1848\">\n<p data-start=\"1823\" data-end=\"1848\"><strong data-start=\"1823\" data-end=\"1837\">Frecven\u021b\u0103:<\/strong> 50\u201360 Hz<\/p>\n<\/li>\n<li data-start=\"1849\" data-end=\"1889\">\n<p data-start=\"1851\" data-end=\"1889\"><strong data-start=\"1851\" data-end=\"1871\">Debit la 5 bari:<\/strong> 125 litri\/minut<\/p>\n<\/li>\n<li data-start=\"1890\" data-end=\"1927\">\n<p data-start=\"1892\" data-end=\"1927\"><strong data-start=\"1892\" data-end=\"1916\">Capacitate rezervor:<\/strong> 20 litri<\/p>\n<\/li>\n<li data-start=\"1928\" data-end=\"1978\">\n<p data-start=\"1930\" data-end=\"1978\"><strong data-start=\"1930\" data-end=\"1950\">Nivel de zgomot:<\/strong> 54 dB(A) cu capot\u0103 fonic\u0103<\/p>\n<\/li>\n<li data-start=\"1979\" data-end=\"2051\">\n<p data-start=\"1981\" data-end=\"2051\"><strong data-start=\"1981\" data-end=\"2008\">Dimensiuni (\u00ce x L x A):<\/strong> 64 x 48 x 38 cm (cu usc\u0103tor cu membran\u0103)<\/p>\n<\/li>\n<li data-start=\"2052\" data-end=\"2098\">\n<p data-start=\"2054\" data-end=\"2098\"><strong data-start=\"2054\" data-end=\"2067\">Greutate:<\/strong> 38 kg (cu usc\u0103tor cu membran\u0103)<\/p>\n<\/li>\n<\/ul>\n<p data-start=\"2100\" data-end=\"2338\"><strong data-start=\"2100\" data-end=\"2118\">D\u00fcrr Tornado 2<\/strong> este solu\u021bia ideal\u0103 pentru cabinetele stomatologice care caut\u0103 un <strong data-start=\"2185\" data-end=\"2216\">compresor unit stomatologic<\/strong> fiabil, economic \u0219i silen\u021bios, cu aer de calitate superioar\u0103 pentru protejarea instrumentelor \u0219i a s\u0103n\u0103t\u0103\u021bii pacien\u021bilor.<\/p>\n","protected":false},"excerpt":{"rendered":"<p>D\u00fcrr Tornado 2 \u2013 Compresor f\u0103r\u0103 ulei, silen\u021bios \u0219i eficient, ideal pentru p\u00e2n\u0103 la 3 unituri stomatologice. Ofer\u0103 aer uscat \u0219i curat, protej\u00e2nd instrumentele \u0219i confortul pacien\u021bilor.<\/p>\n","protected":false},"featured_media":33483,"template":"","meta":{"_acf_changed":false,"om_disable_all_campaigns":false},"product_brand":[],"product_cat":[142],"product_tag":[487],"class_list":{"0":"post-14143","1":"product","2":"type-product","3":"status-publish","4":"has-post-thumbnail","6":"product_cat-compresoare","7":"product_tag-durr-air-compressors","9":"first","10":"instock","11":"shipping-taxable","12":"product-type-simple"},"acf":[],"yoast_head":"<!-- This site is optimized with the Yoast SEO plugin v25.3 - https:\/\/yoast.com\/wordpress\/plugins\/seo\/ -->\n<title>Durr Tornado 2 Air Compressor - Digital Workflow Masters<\/title>\n<meta name=\"description\" content=\"Compresor unit stomatologic f\u0103r\u0103 ulei D\u00fcrr Tornado 2 \u2013 silen\u021bios, eficient energetic, cu aer uscat \u0219i igienic pentru p\u00e2n\u0103 la 3 unituri dentare. Ideal pentru clinici moderne.\" \/>\n<meta name=\"robots\" content=\"index, follow, max-snippet:-1, max-image-preview:large, max-video-preview:-1\" \/>\n<link rel=\"canonical\" href=\"https:\/\/digitalworkflowmasters.com\/romana\/shop\/durr-tornado-2-air-compressor\/\" \/>\n<meta property=\"og:locale\" content=\"ro_RO\" \/>\n<meta property=\"og:type\" content=\"article\" \/>\n<meta property=\"og:title\" content=\"Durr Tornado 2 Air Compressor - Digital Workflow Masters\" \/>\n<meta property=\"og:description\" content=\"Compresor unit stomatologic f\u0103r\u0103 ulei D\u00fcrr Tornado 2 \u2013 silen\u021bios, eficient energetic, cu aer uscat \u0219i igienic pentru p\u00e2n\u0103 la 3 unituri dentare. Ideal pentru clinici moderne.\" \/>\n<meta property=\"og:url\" content=\"https:\/\/digitalworkflowmasters.com\/romana\/shop\/durr-tornado-2-air-compressor\/\" \/>\n<meta property=\"og:site_name\" content=\"Digital Workflow Masters\" \/>\n<meta property=\"article:publisher\" content=\"https:\/\/www.facebook.com\/digitalworkflowmasters\/\" \/>\n<meta property=\"article:modified_time\" content=\"2025-06-25T19:05:12+00:00\" \/>\n<meta property=\"og:image\" content=\"https:\/\/digitalworkflowmasters.com\/romana\/wp-content\/uploads\/2025\/03\/Tornado_2_ProduktbildRichtig.jpg\" \/>\n\t<meta property=\"og:image:width\" content=\"960\" \/>\n\t<meta property=\"og:image:height\" content=\"960\" \/>\n\t<meta property=\"og:image:type\" content=\"image\/jpeg\" \/>\n<meta name=\"twitter:card\" content=\"summary_large_image\" \/>\n<meta name=\"twitter:label1\" content=\"Timp estimat pentru citire\" \/>\n\t<meta name=\"twitter:data1\" content=\"2 minute\" \/>\n<script type=\"application\/ld+json\" class=\"yoast-schema-graph\">{\"@context\":\"https:\/\/schema.org\",\"@graph\":[{\"@type\":\"WebPage\",\"@id\":\"https:\/\/digitalworkflowmasters.com\/romana\/shop\/durr-tornado-2-air-compressor\/\",\"url\":\"https:\/\/digitalworkflowmasters.com\/romana\/shop\/durr-tornado-2-air-compressor\/\",\"name\":\"Durr Tornado 2 Air Compressor - Digital Workflow Masters\",\"isPartOf\":{\"@id\":\"https:\/\/digitalworkflowmasters.com\/romana\/#website\"},\"primaryImageOfPage\":{\"@id\":\"https:\/\/digitalworkflowmasters.com\/romana\/shop\/durr-tornado-2-air-compressor\/#primaryimage\"},\"image\":{\"@id\":\"https:\/\/digitalworkflowmasters.com\/romana\/shop\/durr-tornado-2-air-compressor\/#primaryimage\"},\"thumbnailUrl\":\"https:\/\/digitalworkflowmasters.com\/romana\/wp-content\/uploads\/2025\/03\/Tornado_2_ProduktbildRichtig.jpg\",\"datePublished\":\"2025-03-26T08:33:48+00:00\",\"dateModified\":\"2025-06-25T19:05:12+00:00\",\"description\":\"Compresor unit stomatologic f\u0103r\u0103 ulei D\u00fcrr Tornado 2 \u2013 silen\u021bios, eficient energetic, cu aer uscat \u0219i igienic pentru p\u00e2n\u0103 la 3 unituri dentare. Ideal pentru clinici moderne.\",\"breadcrumb\":{\"@id\":\"https:\/\/digitalworkflowmasters.com\/romana\/shop\/durr-tornado-2-air-compressor\/#breadcrumb\"},\"inLanguage\":\"ro-RO\",\"potentialAction\":[{\"@type\":\"ReadAction\",\"target\":[\"https:\/\/digitalworkflowmasters.com\/romana\/shop\/durr-tornado-2-air-compressor\/\"]}]},{\"@type\":\"ImageObject\",\"inLanguage\":\"ro-RO\",\"@id\":\"https:\/\/digitalworkflowmasters.com\/romana\/shop\/durr-tornado-2-air-compressor\/#primaryimage\",\"url\":\"https:\/\/digitalworkflowmasters.com\/romana\/wp-content\/uploads\/2025\/03\/Tornado_2_ProduktbildRichtig.jpg\",\"contentUrl\":\"https:\/\/digitalworkflowmasters.com\/romana\/wp-content\/uploads\/2025\/03\/Tornado_2_ProduktbildRichtig.jpg\",\"width\":960,\"height\":960},{\"@type\":\"BreadcrumbList\",\"@id\":\"https:\/\/digitalworkflowmasters.com\/romana\/shop\/durr-tornado-2-air-compressor\/#breadcrumb\",\"itemListElement\":[{\"@type\":\"ListItem\",\"position\":1,\"name\":\"Home\",\"item\":\"https:\/\/digitalworkflowmasters.com\/romana\/\"},{\"@type\":\"ListItem\",\"position\":2,\"name\":\"Products\",\"item\":\"https:\/\/digitalworkflowmasters.com\/romana\/shop\/\"},{\"@type\":\"ListItem\",\"position\":3,\"name\":\"Camera Tehnica\",\"item\":\"https:\/\/digitalworkflowmasters.com\/romana\/product-category\/camera-tehnica\/\"},{\"@type\":\"ListItem\",\"position\":4,\"name\":\"Compresoare\",\"item\":\"https:\/\/digitalworkflowmasters.com\/romana\/product-category\/camera-tehnica\/compresoare\/\"},{\"@type\":\"ListItem\",\"position\":5,\"name\":\"Durr Tornado 2 Air Compressor\"}]},{\"@type\":\"WebSite\",\"@id\":\"https:\/\/digitalworkflowmasters.com\/romana\/#website\",\"url\":\"https:\/\/digitalworkflowmasters.com\/romana\/\",\"name\":\"Digital Workflow Masters\",\"description\":\"Premium Dental Equipment\",\"publisher\":{\"@id\":\"https:\/\/digitalworkflowmasters.com\/romana\/#organization\"},\"potentialAction\":[{\"@type\":\"SearchAction\",\"target\":{\"@type\":\"EntryPoint\",\"urlTemplate\":\"https:\/\/digitalworkflowmasters.com\/romana\/?s={search_term_string}\"},\"query-input\":{\"@type\":\"PropertyValueSpecification\",\"valueRequired\":true,\"valueName\":\"search_term_string\"}}],\"inLanguage\":\"ro-RO\"},{\"@type\":\"Organization\",\"@id\":\"https:\/\/digitalworkflowmasters.com\/romana\/#organization\",\"name\":\"Digital Workflow Masters\",\"url\":\"https:\/\/digitalworkflowmasters.com\/romana\/\",\"logo\":{\"@type\":\"ImageObject\",\"inLanguage\":\"ro-RO\",\"@id\":\"https:\/\/digitalworkflowmasters.com\/romana\/#\/schema\/logo\/image\/\",\"url\":\"https:\/\/digitalworkflowmasters.com\/romana\/wp-content\/uploads\/2025\/08\/1.png\",\"contentUrl\":\"https:\/\/digitalworkflowmasters.com\/romana\/wp-content\/uploads\/2025\/08\/1.png\",\"width\":1080,\"height\":1080,\"caption\":\"Digital Workflow Masters\"},\"image\":{\"@id\":\"https:\/\/digitalworkflowmasters.com\/romana\/#\/schema\/logo\/image\/\"},\"sameAs\":[\"https:\/\/www.facebook.com\/digitalworkflowmasters\/\",\"https:\/\/www.instagram.com\/digitalworkflowmasters\/\"]}]}<\/script>\n<!-- \/ Yoast SEO plugin. -->","yoast_head_json":{"title":"Durr Tornado 2 Air Compressor - Digital Workflow Masters","description":"Compresor unit stomatologic f\u0103r\u0103 ulei D\u00fcrr Tornado 2 \u2013 silen\u021bios, eficient energetic, cu aer uscat \u0219i igienic pentru p\u00e2n\u0103 la 3 unituri dentare. Ideal pentru clinici moderne.","robots":{"index":"index","follow":"follow","max-snippet":"max-snippet:-1","max-image-preview":"max-image-preview:large","max-video-preview":"max-video-preview:-1"},"canonical":"https:\/\/digitalworkflowmasters.com\/romana\/shop\/durr-tornado-2-air-compressor\/","og_locale":"ro_RO","og_type":"article","og_title":"Durr Tornado 2 Air Compressor - Digital Workflow Masters","og_description":"Compresor unit stomatologic f\u0103r\u0103 ulei D\u00fcrr Tornado 2 \u2013 silen\u021bios, eficient energetic, cu aer uscat \u0219i igienic pentru p\u00e2n\u0103 la 3 unituri dentare. Ideal pentru clinici moderne.","og_url":"https:\/\/digitalworkflowmasters.com\/romana\/shop\/durr-tornado-2-air-compressor\/","og_site_name":"Digital Workflow Masters","article_publisher":"https:\/\/www.facebook.com\/digitalworkflowmasters\/","article_modified_time":"2025-06-25T19:05:12+00:00","og_image":[{"width":960,"height":960,"url":"https:\/\/digitalworkflowmasters.com\/romana\/wp-content\/uploads\/2025\/03\/Tornado_2_ProduktbildRichtig.jpg","type":"image\/jpeg"}],"twitter_card":"summary_large_image","twitter_misc":{"Timp estimat pentru citire":"2 minute"},"schema":{"@context":"https:\/\/schema.org","@graph":[{"@type":"WebPage","@id":"https:\/\/digitalworkflowmasters.com\/romana\/shop\/durr-tornado-2-air-compressor\/","url":"https:\/\/digitalworkflowmasters.com\/romana\/shop\/durr-tornado-2-air-compressor\/","name":"Durr Tornado 2 Air Compressor - Digital Workflow Masters","isPartOf":{"@id":"https:\/\/digitalworkflowmasters.com\/romana\/#website"},"primaryImageOfPage":{"@id":"https:\/\/digitalworkflowmasters.com\/romana\/shop\/durr-tornado-2-air-compressor\/#primaryimage"},"image":{"@id":"https:\/\/digitalworkflowmasters.com\/romana\/shop\/durr-tornado-2-air-compressor\/#primaryimage"},"thumbnailUrl":"https:\/\/digitalworkflowmasters.com\/romana\/wp-content\/uploads\/2025\/03\/Tornado_2_ProduktbildRichtig.jpg","datePublished":"2025-03-26T08:33:48+00:00","dateModified":"2025-06-25T19:05:12+00:00","description":"Compresor unit stomatologic f\u0103r\u0103 ulei D\u00fcrr Tornado 2 \u2013 silen\u021bios, eficient energetic, cu aer uscat \u0219i igienic pentru p\u00e2n\u0103 la 3 unituri dentare. Ideal pentru clinici moderne.","breadcrumb":{"@id":"https:\/\/digitalworkflowmasters.com\/romana\/shop\/durr-tornado-2-air-compressor\/#breadcrumb"},"inLanguage":"ro-RO","potentialAction":[{"@type":"ReadAction","target":["https:\/\/digitalworkflowmasters.com\/romana\/shop\/durr-tornado-2-air-compressor\/"]}]},{"@type":"ImageObject","inLanguage":"ro-RO","@id":"https:\/\/digitalworkflowmasters.com\/romana\/shop\/durr-tornado-2-air-compressor\/#primaryimage","url":"https:\/\/digitalworkflowmasters.com\/romana\/wp-content\/uploads\/2025\/03\/Tornado_2_ProduktbildRichtig.jpg","contentUrl":"https:\/\/digitalworkflowmasters.com\/romana\/wp-content\/uploads\/2025\/03\/Tornado_2_ProduktbildRichtig.jpg","width":960,"height":960},{"@type":"BreadcrumbList","@id":"https:\/\/digitalworkflowmasters.com\/romana\/shop\/durr-tornado-2-air-compressor\/#breadcrumb","itemListElement":[{"@type":"ListItem","position":1,"name":"Home","item":"https:\/\/digitalworkflowmasters.com\/romana\/"},{"@type":"ListItem","position":2,"name":"Products","item":"https:\/\/digitalworkflowmasters.com\/romana\/shop\/"},{"@type":"ListItem","position":3,"name":"Camera Tehnica","item":"https:\/\/digitalworkflowmasters.com\/romana\/product-category\/camera-tehnica\/"},{"@type":"ListItem","position":4,"name":"Compresoare","item":"https:\/\/digitalworkflowmasters.com\/romana\/product-category\/camera-tehnica\/compresoare\/"},{"@type":"ListItem","position":5,"name":"Durr Tornado 2 Air Compressor"}]},{"@type":"WebSite","@id":"https:\/\/digitalworkflowmasters.com\/romana\/#website","url":"https:\/\/digitalworkflowmasters.com\/romana\/","name":"Digital Workflow Masters","description":"Premium Dental Equipment","publisher":{"@id":"https:\/\/digitalworkflowmasters.com\/romana\/#organization"},"potentialAction":[{"@type":"SearchAction","target":{"@type":"EntryPoint","urlTemplate":"https:\/\/digitalworkflowmasters.com\/romana\/?s={search_term_string}"},"query-input":{"@type":"PropertyValueSpecification","valueRequired":true,"valueName":"search_term_string"}}],"inLanguage":"ro-RO"},{"@type":"Organization","@id":"https:\/\/digitalworkflowmasters.com\/romana\/#organization","name":"Digital Workflow Masters","url":"https:\/\/digitalworkflowmasters.com\/romana\/","logo":{"@type":"ImageObject","inLanguage":"ro-RO","@id":"https:\/\/digitalworkflowmasters.com\/romana\/#\/schema\/logo\/image\/","url":"https:\/\/digitalworkflowmasters.com\/romana\/wp-content\/uploads\/2025\/08\/1.png","contentUrl":"https:\/\/digitalworkflowmasters.com\/romana\/wp-content\/uploads\/2025\/08\/1.png","width":1080,"height":1080,"caption":"Digital Workflow Masters"},"image":{"@id":"https:\/\/digitalworkflowmasters.com\/romana\/#\/schema\/logo\/image\/"},"sameAs":["https:\/\/www.facebook.com\/digitalworkflowmasters\/","https:\/\/www.instagram.com\/digitalworkflowmasters\/"]}]}},"_links":{"self":[{"href":"https:\/\/digitalworkflowmasters.com\/romana\/wp-json\/wp\/v2\/product\/14143","targetHints":{"allow":["GET"]}}],"collection":[{"href":"https:\/\/digitalworkflowmasters.com\/romana\/wp-json\/wp\/v2\/product"}],"about":[{"href":"https:\/\/digitalworkflowmasters.com\/romana\/wp-json\/wp\/v2\/types\/product"}],"version-history":[{"count":0,"href":"https:\/\/digitalworkflowmasters.com\/romana\/wp-json\/wp\/v2\/product\/14143\/revisions"}],"wp:featuredmedia":[{"embeddable":true,"href":"https:\/\/digitalworkflowmasters.com\/romana\/wp-json\/wp\/v2\/media\/33483"}],"wp:attachment":[{"href":"https:\/\/digitalworkflowmasters.com\/romana\/wp-json\/wp\/v2\/media?parent=14143"}],"wp:term":[{"taxonomy":"product_brand","embeddable":true,"href":"https:\/\/digitalworkflowmasters.com\/romana\/wp-json\/wp\/v2\/product_brand?post=14143"},{"taxonomy":"product_cat","embeddable":true,"href":"https:\/\/digitalworkflowmasters.com\/romana\/wp-json\/wp\/v2\/product_cat?post=14143"},{"taxonomy":"product_tag","embeddable":true,"href":"https:\/\/digitalworkflowmasters.com\/romana\/wp-json\/wp\/v2\/product_tag?post=14143"}],"curies":[{"name":"wp","href":"https:\/\/api.w.org\/{rel}","templated":true}]}}