{"id":14169,"date":"2025-03-26T08:33:49","date_gmt":"2025-03-26T08:33:49","guid":{"rendered":"https:\/\/digitalworkflowmasters.com\/?post_type=product&#038;p=14169"},"modified":"2025-06-25T18:51:38","modified_gmt":"2025-06-25T18:51:38","slug":"ekom-do-3-standard-suction-system","status":"publish","type":"product","link":"https:\/\/digitalworkflowmasters.com\/romana\/shop\/ekom-do-3-standard-suction-system\/","title":{"rendered":"Pompa aspiratie semi-umeda EKOM DO 3"},"content":{"rendered":"<h1>Pompa aspira\u021bie unit dentar EKOM DO 3 Standard<\/h1>\n<p data-start=\"1141\" data-end=\"1507\">EKOM DO 3 Standard (model Z) este un sistem de <strong data-start=\"1215\" data-end=\"1255\">pompa aspira\u021bie cabinet stomatologic<\/strong> semiumed\u0103, proiectat\u0103 pentru a deservi eficient 1\u20132 unit\u0103\u021bi dentare. Dispune de un sistem integrat de separare aer\u2011apa \u0219i este preg\u0103tit\u0103 pentru conectare la separator de amalgam, asigur\u00e2nd conformitatea cu normele de igien\u0103 \u0219i protec\u021bie a mediului.<\/p>\n<p data-start=\"1509\" data-end=\"1897\">Modelul Standard ofer\u0103 un <strong data-start=\"1535\" data-end=\"1569\">debit de aspirare de 600\u202fl\/min<\/strong>, cu un vacuum maxim de <strong data-start=\"1593\" data-end=\"1606\">\u2013160\u202fmbar<\/strong>, \u0219i func\u021bionare continu\u0103 (ciclu S1 \u2013 100\u202f%). Nivelul de zgomot ajunge p\u00e2n\u0103 la <strong data-start=\"1685\" data-end=\"1697\">62\u202fdB(A)<\/strong> f\u0103r\u0103 insonorizare, reduc\u00e2ndu\u2011se la <strong data-start=\"1733\" data-end=\"1745\">55\u202fdB(A)<\/strong> dac\u0103 se opteaz\u0103 pentru carcasa fono\u2011absorbant\u0103. Interfa\u021ba touchscreen ofer\u0103 acces rapid la date de func\u021bionare, mentenan\u021b\u0103 programat\u0103 \u0219i diagnosticare.<\/p>\n<p data-start=\"1899\" data-end=\"2069\">Designul compact (520\u202f\u00d7\u202f420\u202f\u00d7\u202f360\u202fmm) \u0219i greutatea de aproximativ 25\u201328\u202fkg fac din aceast\u0103 pomp\u0103 o alegere excelent\u0103 pentru spa\u021bii restr\u00e2nse din cabinetele stomatologice.<\/p>\n<p data-start=\"2071\" data-end=\"2110\"><strong data-start=\"2071\" data-end=\"2108\">Specifica\u021bii tehnice:<\/strong><\/p>\n<ul data-start=\"2111\" data-end=\"2523\">\n<li data-start=\"2111\" data-end=\"2141\">\n<p data-start=\"2113\" data-end=\"2141\"><strong data-start=\"2113\" data-end=\"2135\">Unit\u0103\u021bi deservite:<\/strong> 1\u20132<\/p>\n<\/li>\n<li data-start=\"2142\" data-end=\"2175\">\n<p data-start=\"2144\" data-end=\"2175\"><strong data-start=\"2144\" data-end=\"2163\">Debitul de aer:<\/strong> 600\u202fl\/min<\/p>\n<\/li>\n<li data-start=\"2176\" data-end=\"2207\">\n<p data-start=\"2178\" data-end=\"2207\"><strong data-start=\"2178\" data-end=\"2195\">Vacuum maxim:<\/strong> \u2013160\u202fmbar<\/p>\n<\/li>\n<li data-start=\"2208\" data-end=\"2282\">\n<p data-start=\"2210\" data-end=\"2282\"><strong data-start=\"2210\" data-end=\"2227\">Nivel zgomot:<\/strong> p\u00e2n\u0103 la 62\u202fdB(A) (55\u202fdB(A) cu carcasa insonorizant\u0103)<\/p>\n<\/li>\n<li data-start=\"2283\" data-end=\"2330\">\n<p data-start=\"2285\" data-end=\"2330\"><strong data-start=\"2285\" data-end=\"2301\">Func\u021bionare:<\/strong> continu\u0103, ciclu S1 \u2013 100\u202f%<\/p>\n<\/li>\n<li data-start=\"2331\" data-end=\"2367\">\n<p data-start=\"2333\" data-end=\"2367\"><strong data-start=\"2333\" data-end=\"2348\">Alimentare:<\/strong> 230\u202fV\u202f\/\u202f50\u201360\u202fHz<\/p>\n<\/li>\n<li data-start=\"2368\" data-end=\"2406\">\n<p data-start=\"2370\" data-end=\"2406\"><strong data-start=\"2370\" data-end=\"2385\">Dimensiuni:<\/strong> 520\u202f\u00d7\u202f420\u202f\u00d7\u202f360\u202fmm<\/p>\n<\/li>\n<li data-start=\"2407\" data-end=\"2433\">\n<p data-start=\"2409\" data-end=\"2433\"><strong data-start=\"2409\" data-end=\"2422\">Greutate:<\/strong> 25\u201328\u202fkg<\/p>\n<\/li>\n<li data-start=\"2434\" data-end=\"2523\">\n<p data-start=\"2436\" data-end=\"2523\"><strong data-start=\"2436\" data-end=\"2455\">Caracteristici:<\/strong> touchscreen, separare aer\u2011lichid, compatibilitate separator amalgam<\/p>\n<\/li>\n<\/ul>\n","protected":false},"excerpt":{"rendered":"<p>Pompa aspira\u021bie pentru cabinet stomatologic EKOM DO 3 Standard Z este o solu\u021bie robust\u0103, ideal\u0103 pentru 1\u20132 unit\u0103\u021bi dentare, oferind at\u00e2t aspira\u021bie umed\u0103, c\u00e2t \u0219i uscat\u0103, cu debit mare \u0219i nivel redus de zgomot.<\/p>\n","protected":false},"featured_media":33497,"template":"","meta":{"_acf_changed":false,"om_disable_all_campaigns":false},"product_brand":[],"product_cat":[338],"product_tag":[490],"class_list":{"0":"post-14169","1":"product","2":"type-product","3":"status-publish","4":"has-post-thumbnail","6":"product_cat-sisteme-de-aspiratie","7":"product_tag-ekom-suction-systems","9":"first","10":"instock","11":"shipping-taxable","12":"product-type-simple"},"acf":[],"yoast_head":"<!-- This site is optimized with the Yoast SEO plugin v25.3 - https:\/\/yoast.com\/wordpress\/plugins\/seo\/ -->\n<title>Pompa aspiratie semi-umeda EKOM DO 3 - Digital Workflow Masters<\/title>\n<meta name=\"description\" content=\"Pompa aspira\u021bie cabinet stomatologic EKOM DO 3 Standard Z \u2013 debit 600\u202fl\/min, vacuum \u2013160\u202fmbar, func\u021bionare 100\u202f%, nivel redus de zgomot \u0219i compatibilitate cu separator de amalgam.\" \/>\n<meta name=\"robots\" content=\"index, follow, max-snippet:-1, max-image-preview:large, max-video-preview:-1\" \/>\n<link rel=\"canonical\" href=\"https:\/\/digitalworkflowmasters.com\/romana\/shop\/ekom-do-3-standard-suction-system\/\" \/>\n<meta property=\"og:locale\" content=\"ro_RO\" \/>\n<meta property=\"og:type\" content=\"article\" \/>\n<meta property=\"og:title\" content=\"Pompa aspiratie semi-umeda EKOM DO 3 - Digital Workflow Masters\" \/>\n<meta property=\"og:description\" content=\"Pompa aspira\u021bie cabinet stomatologic EKOM DO 3 Standard Z \u2013 debit 600\u202fl\/min, vacuum \u2013160\u202fmbar, func\u021bionare 100\u202f%, nivel redus de zgomot \u0219i compatibilitate cu separator de amalgam.\" \/>\n<meta property=\"og:url\" content=\"https:\/\/digitalworkflowmasters.com\/romana\/shop\/ekom-do-3-standard-suction-system\/\" \/>\n<meta property=\"og:site_name\" content=\"Digital Workflow Masters\" \/>\n<meta property=\"article:publisher\" content=\"https:\/\/www.facebook.com\/digitalworkflowmasters\/\" \/>\n<meta property=\"article:modified_time\" content=\"2025-06-25T18:51:38+00:00\" \/>\n<meta property=\"og:image\" content=\"https:\/\/digitalworkflowmasters.com\/romana\/wp-content\/uploads\/2025\/03\/EKOM-DO3-basic-min.jpg\" \/>\n\t<meta property=\"og:image:width\" content=\"1000\" \/>\n\t<meta property=\"og:image:height\" content=\"1000\" \/>\n\t<meta property=\"og:image:type\" content=\"image\/jpeg\" \/>\n<meta name=\"twitter:card\" content=\"summary_large_image\" \/>\n<meta name=\"twitter:label1\" content=\"Timp estimat pentru citire\" \/>\n\t<meta name=\"twitter:data1\" content=\"2 minute\" \/>\n<script type=\"application\/ld+json\" class=\"yoast-schema-graph\">{\"@context\":\"https:\/\/schema.org\",\"@graph\":[{\"@type\":\"WebPage\",\"@id\":\"https:\/\/digitalworkflowmasters.com\/romana\/shop\/ekom-do-3-standard-suction-system\/\",\"url\":\"https:\/\/digitalworkflowmasters.com\/romana\/shop\/ekom-do-3-standard-suction-system\/\",\"name\":\"Pompa aspiratie semi-umeda EKOM DO 3 - Digital Workflow Masters\",\"isPartOf\":{\"@id\":\"https:\/\/digitalworkflowmasters.com\/romana\/#website\"},\"primaryImageOfPage\":{\"@id\":\"https:\/\/digitalworkflowmasters.com\/romana\/shop\/ekom-do-3-standard-suction-system\/#primaryimage\"},\"image\":{\"@id\":\"https:\/\/digitalworkflowmasters.com\/romana\/shop\/ekom-do-3-standard-suction-system\/#primaryimage\"},\"thumbnailUrl\":\"https:\/\/digitalworkflowmasters.com\/romana\/wp-content\/uploads\/2025\/03\/EKOM-DO3-basic-min.jpg\",\"datePublished\":\"2025-03-26T08:33:49+00:00\",\"dateModified\":\"2025-06-25T18:51:38+00:00\",\"description\":\"Pompa aspira\u021bie cabinet stomatologic EKOM DO 3 Standard Z \u2013 debit 600\u202fl\/min, vacuum \u2013160\u202fmbar, func\u021bionare 100\u202f%, nivel redus de zgomot \u0219i compatibilitate cu separator de amalgam.\",\"breadcrumb\":{\"@id\":\"https:\/\/digitalworkflowmasters.com\/romana\/shop\/ekom-do-3-standard-suction-system\/#breadcrumb\"},\"inLanguage\":\"ro-RO\",\"potentialAction\":[{\"@type\":\"ReadAction\",\"target\":[\"https:\/\/digitalworkflowmasters.com\/romana\/shop\/ekom-do-3-standard-suction-system\/\"]}]},{\"@type\":\"ImageObject\",\"inLanguage\":\"ro-RO\",\"@id\":\"https:\/\/digitalworkflowmasters.com\/romana\/shop\/ekom-do-3-standard-suction-system\/#primaryimage\",\"url\":\"https:\/\/digitalworkflowmasters.com\/romana\/wp-content\/uploads\/2025\/03\/EKOM-DO3-basic-min.jpg\",\"contentUrl\":\"https:\/\/digitalworkflowmasters.com\/romana\/wp-content\/uploads\/2025\/03\/EKOM-DO3-basic-min.jpg\",\"width\":1000,\"height\":1000},{\"@type\":\"BreadcrumbList\",\"@id\":\"https:\/\/digitalworkflowmasters.com\/romana\/shop\/ekom-do-3-standard-suction-system\/#breadcrumb\",\"itemListElement\":[{\"@type\":\"ListItem\",\"position\":1,\"name\":\"Home\",\"item\":\"https:\/\/digitalworkflowmasters.com\/romana\/\"},{\"@type\":\"ListItem\",\"position\":2,\"name\":\"Products\",\"item\":\"https:\/\/digitalworkflowmasters.com\/romana\/shop\/\"},{\"@type\":\"ListItem\",\"position\":3,\"name\":\"Camera Tehnica\",\"item\":\"https:\/\/digitalworkflowmasters.com\/romana\/product-category\/camera-tehnica\/\"},{\"@type\":\"ListItem\",\"position\":4,\"name\":\"Sisteme de aspiratie\",\"item\":\"https:\/\/digitalworkflowmasters.com\/romana\/product-category\/camera-tehnica\/sisteme-de-aspiratie\/\"},{\"@type\":\"ListItem\",\"position\":5,\"name\":\"Pompa aspiratie semi-umeda EKOM DO 3\"}]},{\"@type\":\"WebSite\",\"@id\":\"https:\/\/digitalworkflowmasters.com\/romana\/#website\",\"url\":\"https:\/\/digitalworkflowmasters.com\/romana\/\",\"name\":\"Digital Workflow Masters\",\"description\":\"Premium Dental Equipment\",\"publisher\":{\"@id\":\"https:\/\/digitalworkflowmasters.com\/romana\/#organization\"},\"potentialAction\":[{\"@type\":\"SearchAction\",\"target\":{\"@type\":\"EntryPoint\",\"urlTemplate\":\"https:\/\/digitalworkflowmasters.com\/romana\/?s={search_term_string}\"},\"query-input\":{\"@type\":\"PropertyValueSpecification\",\"valueRequired\":true,\"valueName\":\"search_term_string\"}}],\"inLanguage\":\"ro-RO\"},{\"@type\":\"Organization\",\"@id\":\"https:\/\/digitalworkflowmasters.com\/romana\/#organization\",\"name\":\"Digital Workflow Masters\",\"url\":\"https:\/\/digitalworkflowmasters.com\/romana\/\",\"logo\":{\"@type\":\"ImageObject\",\"inLanguage\":\"ro-RO\",\"@id\":\"https:\/\/digitalworkflowmasters.com\/romana\/#\/schema\/logo\/image\/\",\"url\":\"https:\/\/digitalworkflowmasters.com\/romana\/wp-content\/uploads\/2025\/08\/1.png\",\"contentUrl\":\"https:\/\/digitalworkflowmasters.com\/romana\/wp-content\/uploads\/2025\/08\/1.png\",\"width\":1080,\"height\":1080,\"caption\":\"Digital Workflow Masters\"},\"image\":{\"@id\":\"https:\/\/digitalworkflowmasters.com\/romana\/#\/schema\/logo\/image\/\"},\"sameAs\":[\"https:\/\/www.facebook.com\/digitalworkflowmasters\/\",\"https:\/\/www.instagram.com\/digitalworkflowmasters\/\"]}]}<\/script>\n<!-- \/ Yoast SEO plugin. -->","yoast_head_json":{"title":"Pompa aspiratie semi-umeda EKOM DO 3 - Digital Workflow Masters","description":"Pompa aspira\u021bie cabinet stomatologic EKOM DO 3 Standard Z \u2013 debit 600\u202fl\/min, vacuum \u2013160\u202fmbar, func\u021bionare 100\u202f%, nivel redus de zgomot \u0219i compatibilitate cu separator de amalgam.","robots":{"index":"index","follow":"follow","max-snippet":"max-snippet:-1","max-image-preview":"max-image-preview:large","max-video-preview":"max-video-preview:-1"},"canonical":"https:\/\/digitalworkflowmasters.com\/romana\/shop\/ekom-do-3-standard-suction-system\/","og_locale":"ro_RO","og_type":"article","og_title":"Pompa aspiratie semi-umeda EKOM DO 3 - Digital Workflow Masters","og_description":"Pompa aspira\u021bie cabinet stomatologic EKOM DO 3 Standard Z \u2013 debit 600\u202fl\/min, vacuum \u2013160\u202fmbar, func\u021bionare 100\u202f%, nivel redus de zgomot \u0219i compatibilitate cu separator de amalgam.","og_url":"https:\/\/digitalworkflowmasters.com\/romana\/shop\/ekom-do-3-standard-suction-system\/","og_site_name":"Digital Workflow Masters","article_publisher":"https:\/\/www.facebook.com\/digitalworkflowmasters\/","article_modified_time":"2025-06-25T18:51:38+00:00","og_image":[{"width":1000,"height":1000,"url":"https:\/\/digitalworkflowmasters.com\/romana\/wp-content\/uploads\/2025\/03\/EKOM-DO3-basic-min.jpg","type":"image\/jpeg"}],"twitter_card":"summary_large_image","twitter_misc":{"Timp estimat pentru citire":"2 minute"},"schema":{"@context":"https:\/\/schema.org","@graph":[{"@type":"WebPage","@id":"https:\/\/digitalworkflowmasters.com\/romana\/shop\/ekom-do-3-standard-suction-system\/","url":"https:\/\/digitalworkflowmasters.com\/romana\/shop\/ekom-do-3-standard-suction-system\/","name":"Pompa aspiratie semi-umeda EKOM DO 3 - Digital Workflow Masters","isPartOf":{"@id":"https:\/\/digitalworkflowmasters.com\/romana\/#website"},"primaryImageOfPage":{"@id":"https:\/\/digitalworkflowmasters.com\/romana\/shop\/ekom-do-3-standard-suction-system\/#primaryimage"},"image":{"@id":"https:\/\/digitalworkflowmasters.com\/romana\/shop\/ekom-do-3-standard-suction-system\/#primaryimage"},"thumbnailUrl":"https:\/\/digitalworkflowmasters.com\/romana\/wp-content\/uploads\/2025\/03\/EKOM-DO3-basic-min.jpg","datePublished":"2025-03-26T08:33:49+00:00","dateModified":"2025-06-25T18:51:38+00:00","description":"Pompa aspira\u021bie cabinet stomatologic EKOM DO 3 Standard Z \u2013 debit 600\u202fl\/min, vacuum \u2013160\u202fmbar, func\u021bionare 100\u202f%, nivel redus de zgomot \u0219i compatibilitate cu separator de amalgam.","breadcrumb":{"@id":"https:\/\/digitalworkflowmasters.com\/romana\/shop\/ekom-do-3-standard-suction-system\/#breadcrumb"},"inLanguage":"ro-RO","potentialAction":[{"@type":"ReadAction","target":["https:\/\/digitalworkflowmasters.com\/romana\/shop\/ekom-do-3-standard-suction-system\/"]}]},{"@type":"ImageObject","inLanguage":"ro-RO","@id":"https:\/\/digitalworkflowmasters.com\/romana\/shop\/ekom-do-3-standard-suction-system\/#primaryimage","url":"https:\/\/digitalworkflowmasters.com\/romana\/wp-content\/uploads\/2025\/03\/EKOM-DO3-basic-min.jpg","contentUrl":"https:\/\/digitalworkflowmasters.com\/romana\/wp-content\/uploads\/2025\/03\/EKOM-DO3-basic-min.jpg","width":1000,"height":1000},{"@type":"BreadcrumbList","@id":"https:\/\/digitalworkflowmasters.com\/romana\/shop\/ekom-do-3-standard-suction-system\/#breadcrumb","itemListElement":[{"@type":"ListItem","position":1,"name":"Home","item":"https:\/\/digitalworkflowmasters.com\/romana\/"},{"@type":"ListItem","position":2,"name":"Products","item":"https:\/\/digitalworkflowmasters.com\/romana\/shop\/"},{"@type":"ListItem","position":3,"name":"Camera Tehnica","item":"https:\/\/digitalworkflowmasters.com\/romana\/product-category\/camera-tehnica\/"},{"@type":"ListItem","position":4,"name":"Sisteme de aspiratie","item":"https:\/\/digitalworkflowmasters.com\/romana\/product-category\/camera-tehnica\/sisteme-de-aspiratie\/"},{"@type":"ListItem","position":5,"name":"Pompa aspiratie semi-umeda EKOM DO 3"}]},{"@type":"WebSite","@id":"https:\/\/digitalworkflowmasters.com\/romana\/#website","url":"https:\/\/digitalworkflowmasters.com\/romana\/","name":"Digital Workflow Masters","description":"Premium Dental Equipment","publisher":{"@id":"https:\/\/digitalworkflowmasters.com\/romana\/#organization"},"potentialAction":[{"@type":"SearchAction","target":{"@type":"EntryPoint","urlTemplate":"https:\/\/digitalworkflowmasters.com\/romana\/?s={search_term_string}"},"query-input":{"@type":"PropertyValueSpecification","valueRequired":true,"valueName":"search_term_string"}}],"inLanguage":"ro-RO"},{"@type":"Organization","@id":"https:\/\/digitalworkflowmasters.com\/romana\/#organization","name":"Digital Workflow Masters","url":"https:\/\/digitalworkflowmasters.com\/romana\/","logo":{"@type":"ImageObject","inLanguage":"ro-RO","@id":"https:\/\/digitalworkflowmasters.com\/romana\/#\/schema\/logo\/image\/","url":"https:\/\/digitalworkflowmasters.com\/romana\/wp-content\/uploads\/2025\/08\/1.png","contentUrl":"https:\/\/digitalworkflowmasters.com\/romana\/wp-content\/uploads\/2025\/08\/1.png","width":1080,"height":1080,"caption":"Digital Workflow Masters"},"image":{"@id":"https:\/\/digitalworkflowmasters.com\/romana\/#\/schema\/logo\/image\/"},"sameAs":["https:\/\/www.facebook.com\/digitalworkflowmasters\/","https:\/\/www.instagram.com\/digitalworkflowmasters\/"]}]}},"_links":{"self":[{"href":"https:\/\/digitalworkflowmasters.com\/romana\/wp-json\/wp\/v2\/product\/14169","targetHints":{"allow":["GET"]}}],"collection":[{"href":"https:\/\/digitalworkflowmasters.com\/romana\/wp-json\/wp\/v2\/product"}],"about":[{"href":"https:\/\/digitalworkflowmasters.com\/romana\/wp-json\/wp\/v2\/types\/product"}],"version-history":[{"count":0,"href":"https:\/\/digitalworkflowmasters.com\/romana\/wp-json\/wp\/v2\/product\/14169\/revisions"}],"wp:featuredmedia":[{"embeddable":true,"href":"https:\/\/digitalworkflowmasters.com\/romana\/wp-json\/wp\/v2\/media\/33497"}],"wp:attachment":[{"href":"https:\/\/digitalworkflowmasters.com\/romana\/wp-json\/wp\/v2\/media?parent=14169"}],"wp:term":[{"taxonomy":"product_brand","embeddable":true,"href":"https:\/\/digitalworkflowmasters.com\/romana\/wp-json\/wp\/v2\/product_brand?post=14169"},{"taxonomy":"product_cat","embeddable":true,"href":"https:\/\/digitalworkflowmasters.com\/romana\/wp-json\/wp\/v2\/product_cat?post=14169"},{"taxonomy":"product_tag","embeddable":true,"href":"https:\/\/digitalworkflowmasters.com\/romana\/wp-json\/wp\/v2\/product_tag?post=14169"}],"curies":[{"name":"wp","href":"https:\/\/api.w.org\/{rel}","templated":true}]}}