{"id":14301,"date":"2025-03-26T08:33:52","date_gmt":"2025-03-26T08:33:52","guid":{"rendered":"https:\/\/digitalworkflowmasters.com\/?post_type=product&#038;p=14301"},"modified":"2025-06-24T08:52:46","modified_gmt":"2025-06-24T08:52:46","slug":"cvdentus-dentsurg-pro","status":"publish","type":"product","link":"https:\/\/digitalworkflowmasters.com\/romana\/shop\/cvdentus-dentsurg-pro\/","title":{"rendered":"Piezo CVDentus DentSurg PRO"},"content":{"rendered":"<h2 data-start=\"174\" data-end=\"259\"><strong data-start=\"177\" data-end=\"259\">CVDentus DentSurg PRO \u2013 Aparat Piezo de Ultim\u0103 Genera\u021bie pentru Piezochirurgie<\/strong><\/h2>\n<p data-start=\"261\" data-end=\"615\"><strong data-start=\"261\" data-end=\"286\">CVDentus DentSurg PRO<\/strong> este un aparat piezo de ultim\u0103 genera\u021bie, proiectat pentru a r\u0103spunde cerin\u021belor variate ale profesioni\u0219tilor din domeniul stomatologic, indiferent de specializare. Datorit\u0103 tehnologiei avansate, interfe\u021bei intuitive \u0219i caracteristicilor complete, se remarc\u0103 drept o alegere de top pe pia\u021ba echipamentelor stomatologice moderne.<\/p>\n<h3 data-start=\"617\" data-end=\"658\"><strong data-start=\"621\" data-end=\"658\">De ce DentSurg PRO se Eviden\u021biaz\u0103<\/strong><\/h3>\n<p data-start=\"660\" data-end=\"828\"><strong data-start=\"660\" data-end=\"676\">DentSurg PRO<\/strong> se distinge prin versatilitate \u0219i precizie. Este singurul aparat piezoelectric de pe pia\u021b\u0103 dedicat tuturor specialit\u0103\u021bilor stomatologice, printre care:<\/p>\n<ul data-start=\"830\" data-end=\"989\">\n<li data-start=\"830\" data-end=\"855\">\n<p data-start=\"832\" data-end=\"855\">Stomatologie general\u0103<\/p>\n<\/li>\n<li data-start=\"856\" data-end=\"870\">\n<p data-start=\"858\" data-end=\"870\">Endodon\u021bie<\/p>\n<\/li>\n<li data-start=\"871\" data-end=\"889\">\n<p data-start=\"873\" data-end=\"889\">Parodontologie<\/p>\n<\/li>\n<li data-start=\"890\" data-end=\"904\">\n<p data-start=\"892\" data-end=\"904\">Ortodon\u021bie<\/p>\n<\/li>\n<li data-start=\"905\" data-end=\"919\">\n<p data-start=\"907\" data-end=\"919\">Pedodon\u021bie<\/p>\n<\/li>\n<li data-start=\"920\" data-end=\"933\">\n<p data-start=\"922\" data-end=\"933\">Protetic\u0103<\/p>\n<\/li>\n<li data-start=\"934\" data-end=\"971\">\n<p data-start=\"936\" data-end=\"971\">Chirurgie oral\u0103 \u0219i maxilo-facial\u0103<\/p>\n<\/li>\n<li data-start=\"972\" data-end=\"989\">\n<p data-start=\"974\" data-end=\"989\">Implantologie<\/p>\n<\/li>\n<\/ul>\n<p data-start=\"991\" data-end=\"1182\">Aceast\u0103 aplicabilitate extins\u0103 permite medicilor stomatologi s\u0103 utilizeze un singur aparat pentru o gam\u0103 larg\u0103 de proceduri, cresc\u00e2nd eficien\u021ba \u0219i reduc\u00e2nd necesitatea mai multor instrumente.<\/p>\n<h3 data-start=\"1184\" data-end=\"1217\"><strong data-start=\"1188\" data-end=\"1217\">Caracteristici Principale<\/strong><\/h3>\n<ul data-start=\"1219\" data-end=\"1988\">\n<li data-start=\"1219\" data-end=\"1369\">\n<p data-start=\"1221\" data-end=\"1369\"><strong data-start=\"1221\" data-end=\"1247\">Ecran tactil de 7 inch<\/strong>: Interfa\u021ba intuitiv\u0103 faciliteaz\u0103 navigarea rapid\u0103 \u0219i accesul imediat la set\u0103rile preferate, optimiz\u00e2nd fluxul de lucru.<\/p>\n<\/li>\n<li data-start=\"1370\" data-end=\"1514\">\n<p data-start=\"1372\" data-end=\"1514\"><strong data-start=\"1372\" data-end=\"1399\">Iluminare LED reglabil\u0103<\/strong>: Ofer\u0103 p\u00e2n\u0103 la 70 de lumeni, cu trei trepte de intensitate, pentru vizibilitate optim\u0103 \u00een timpul interven\u021biilor.<\/p>\n<\/li>\n<li data-start=\"1515\" data-end=\"1657\">\n<p data-start=\"1517\" data-end=\"1657\"><strong data-start=\"1517\" data-end=\"1545\">Piese de m\u00e2n\u0103 ergonomice<\/strong>: U\u0219oare \u0219i autoclavabile, sunt proiectate pentru confort \u0219i utilizare facil\u0103, reduc\u00e2nd oboseala operatorului.<\/p>\n<\/li>\n<li data-start=\"1658\" data-end=\"1783\">\n<p data-start=\"1660\" data-end=\"1783\"><strong data-start=\"1660\" data-end=\"1680\">Software avansat<\/strong>: Meniul intuitiv permite memorarea procedurilor favorite, pentru personalizare \u0219i eficien\u021b\u0103 sporit\u0103.<\/p>\n<\/li>\n<li data-start=\"1784\" data-end=\"1988\">\n<p data-start=\"1786\" data-end=\"1988\"><strong data-start=\"1786\" data-end=\"1815\">Sistem de irigare complet<\/strong>: Componentele autoclavabile \u2013 rezervorul, furtunul din silicon, cablul piesei de m\u00e2n\u0103 \u0219i piesele \u00een sine \u2013 asigur\u0103 standarde ridicate de igien\u0103 \u0219i siguran\u021b\u0103 pentru pacient.<\/p>\n<\/li>\n<\/ul>\n<h3 data-start=\"1990\" data-end=\"2018\"><strong data-start=\"1994\" data-end=\"2018\">Specifica\u021bii Tehnice<\/strong><\/h3>\n<ul data-start=\"2020\" data-end=\"2450\">\n<li data-start=\"2020\" data-end=\"2055\">\n<p data-start=\"2022\" data-end=\"2055\"><strong data-start=\"2022\" data-end=\"2045\">Capacitate rezervor<\/strong>: 500 ml<\/p>\n<\/li>\n<li data-start=\"2056\" data-end=\"2111\">\n<p data-start=\"2058\" data-end=\"2111\"><strong data-start=\"2058\" data-end=\"2080\">Pompe peristaltice<\/strong>: Dou\u0103 pompe u\u0219or de utilizat<\/p>\n<\/li>\n<li data-start=\"2112\" data-end=\"2160\">\n<p data-start=\"2114\" data-end=\"2160\"><strong data-start=\"2114\" data-end=\"2131\">Piese de m\u00e2n\u0103<\/strong>: Dou\u0103 piese piezoelectrice<\/p>\n<\/li>\n<li data-start=\"2161\" data-end=\"2225\">\n<p data-start=\"2163\" data-end=\"2225\"><strong data-start=\"2163\" data-end=\"2183\">Pedal\u0103 de picior<\/strong>: Cablu de 2 metri pentru operare comod\u0103<\/p>\n<\/li>\n<li data-start=\"2226\" data-end=\"2294\">\n<p data-start=\"2228\" data-end=\"2294\"><strong data-start=\"2228\" data-end=\"2252\">Alimentare electric\u0103<\/strong>: Adaptare automat\u0103 a tensiunii (bivolt)<\/p>\n<\/li>\n<li data-start=\"2295\" data-end=\"2367\">\n<p data-start=\"2297\" data-end=\"2367\"><strong data-start=\"2297\" data-end=\"2314\">Portabilitate<\/strong>: Design u\u0219or \u2013 3,45 kg cu accesorii \/ 2,65 kg f\u0103r\u0103<\/p>\n<\/li>\n<li data-start=\"2368\" data-end=\"2427\">\n<p data-start=\"2370\" data-end=\"2427\"><strong data-start=\"2370\" data-end=\"2384\">Dimensiuni<\/strong>: 20,8 cm (L) x 31,8 cm (P) x 22,3 cm (\u00ce)<\/p>\n<\/li>\n<li data-start=\"2428\" data-end=\"2450\">\n<p data-start=\"2430\" data-end=\"2450\"><strong data-start=\"2430\" data-end=\"2442\">Garan\u021bie<\/strong>: 1 an<\/p>\n<\/li>\n<\/ul>\n<p data-start=\"2452\" data-end=\"2565\">Aceste specifica\u021bii subliniaz\u0103 angajamentul aparatului pentru performan\u021b\u0103, siguran\u021b\u0103 \u0219i confortul utilizatorului.<\/p>\n<h3 data-start=\"2567\" data-end=\"2584\"><strong data-start=\"2571\" data-end=\"2584\">Concluzie<\/strong><\/h3>\n<p data-start=\"2586\" data-end=\"2870\"><strong data-start=\"2586\" data-end=\"2611\">CVDentus DentSurg PRO<\/strong> este un aparat piezo avansat, versatil, ideal pentru piezochirurgie \u0219i adaptat cerin\u021belor moderne ale cabinetelor stomatologice. Cu func\u021bii inovatoare, design ergonomic \u0219i aplicabilitate larg\u0103, reprezint\u0103 o investi\u021bie valoroas\u0103 pentru orice practic\u0103 dentar\u0103.<\/p>\n","protected":false},"excerpt":{"rendered":"<p>Singurul aparat piezoelectric conceput pentru toate specialit\u0103\u021bile stomatologice, DentSurg PRO combin\u0103 tehnologia de v\u00e2rf cu o versatilitate unic\u0103 \u00een piezochirurgie.<\/p>\n","protected":false},"featured_media":33583,"template":"","meta":{"_acf_changed":false,"om_disable_all_campaigns":false},"product_brand":[],"product_cat":[454],"product_tag":[],"class_list":{"0":"post-14301","1":"product","2":"type-product","3":"status-publish","4":"has-post-thumbnail","6":"product_cat-piezo-chirurgie","8":"first","9":"instock","10":"shipping-taxable","11":"product-type-simple"},"acf":[],"yoast_head":"<!-- This site is optimized with the Yoast SEO plugin v25.3 - https:\/\/yoast.com\/wordpress\/plugins\/seo\/ -->\n<title>Piezo CVDentus DentSurg PRO - Digital Workflow Masters<\/title>\n<meta name=\"description\" content=\"Descoper\u0103 DentSurg PRO, un aparat piezo performant pentru piezochirurgie, ideal pentru toate specialit\u0103\u021bile stomatologice. Tehnologie avansat\u0103, design ergonomic \u0219i igien\u0103 optim\u0103.\" \/>\n<meta name=\"robots\" content=\"index, follow, max-snippet:-1, max-image-preview:large, max-video-preview:-1\" \/>\n<link rel=\"canonical\" href=\"https:\/\/digitalworkflowmasters.com\/romana\/shop\/cvdentus-dentsurg-pro\/\" \/>\n<meta property=\"og:locale\" content=\"ro_RO\" \/>\n<meta property=\"og:type\" content=\"article\" \/>\n<meta property=\"og:title\" content=\"Piezo CVDentus DentSurg PRO - Digital Workflow Masters\" \/>\n<meta property=\"og:description\" content=\"Descoper\u0103 DentSurg PRO, un aparat piezo performant pentru piezochirurgie, ideal pentru toate specialit\u0103\u021bile stomatologice. Tehnologie avansat\u0103, design ergonomic \u0219i igien\u0103 optim\u0103.\" \/>\n<meta property=\"og:url\" content=\"https:\/\/digitalworkflowmasters.com\/romana\/shop\/cvdentus-dentsurg-pro\/\" \/>\n<meta property=\"og:site_name\" content=\"Digital Workflow Masters\" \/>\n<meta property=\"article:publisher\" content=\"https:\/\/www.facebook.com\/digitalworkflowmasters\/\" \/>\n<meta property=\"article:modified_time\" content=\"2025-06-24T08:52:46+00:00\" \/>\n<meta property=\"og:image\" content=\"https:\/\/digitalworkflowmasters.com\/romana\/wp-content\/uploads\/2025\/03\/Piezo-DentSurg-Pro-1.jpg\" \/>\n\t<meta property=\"og:image:width\" content=\"800\" \/>\n\t<meta property=\"og:image:height\" content=\"800\" \/>\n\t<meta property=\"og:image:type\" content=\"image\/jpeg\" \/>\n<meta name=\"twitter:card\" content=\"summary_large_image\" \/>\n<meta name=\"twitter:label1\" content=\"Timp estimat pentru citire\" \/>\n\t<meta name=\"twitter:data1\" content=\"2 minute\" \/>\n<script type=\"application\/ld+json\" class=\"yoast-schema-graph\">{\"@context\":\"https:\/\/schema.org\",\"@graph\":[{\"@type\":\"WebPage\",\"@id\":\"https:\/\/digitalworkflowmasters.com\/romana\/shop\/cvdentus-dentsurg-pro\/\",\"url\":\"https:\/\/digitalworkflowmasters.com\/romana\/shop\/cvdentus-dentsurg-pro\/\",\"name\":\"Piezo CVDentus DentSurg PRO - Digital Workflow Masters\",\"isPartOf\":{\"@id\":\"https:\/\/digitalworkflowmasters.com\/romana\/#website\"},\"primaryImageOfPage\":{\"@id\":\"https:\/\/digitalworkflowmasters.com\/romana\/shop\/cvdentus-dentsurg-pro\/#primaryimage\"},\"image\":{\"@id\":\"https:\/\/digitalworkflowmasters.com\/romana\/shop\/cvdentus-dentsurg-pro\/#primaryimage\"},\"thumbnailUrl\":\"https:\/\/digitalworkflowmasters.com\/romana\/wp-content\/uploads\/2025\/03\/Piezo-DentSurg-Pro-1.jpg\",\"datePublished\":\"2025-03-26T08:33:52+00:00\",\"dateModified\":\"2025-06-24T08:52:46+00:00\",\"description\":\"Descoper\u0103 DentSurg PRO, un aparat piezo performant pentru piezochirurgie, ideal pentru toate specialit\u0103\u021bile stomatologice. Tehnologie avansat\u0103, design ergonomic \u0219i igien\u0103 optim\u0103.\",\"breadcrumb\":{\"@id\":\"https:\/\/digitalworkflowmasters.com\/romana\/shop\/cvdentus-dentsurg-pro\/#breadcrumb\"},\"inLanguage\":\"ro-RO\",\"potentialAction\":[{\"@type\":\"ReadAction\",\"target\":[\"https:\/\/digitalworkflowmasters.com\/romana\/shop\/cvdentus-dentsurg-pro\/\"]}]},{\"@type\":\"ImageObject\",\"inLanguage\":\"ro-RO\",\"@id\":\"https:\/\/digitalworkflowmasters.com\/romana\/shop\/cvdentus-dentsurg-pro\/#primaryimage\",\"url\":\"https:\/\/digitalworkflowmasters.com\/romana\/wp-content\/uploads\/2025\/03\/Piezo-DentSurg-Pro-1.jpg\",\"contentUrl\":\"https:\/\/digitalworkflowmasters.com\/romana\/wp-content\/uploads\/2025\/03\/Piezo-DentSurg-Pro-1.jpg\",\"width\":800,\"height\":800},{\"@type\":\"BreadcrumbList\",\"@id\":\"https:\/\/digitalworkflowmasters.com\/romana\/shop\/cvdentus-dentsurg-pro\/#breadcrumb\",\"itemListElement\":[{\"@type\":\"ListItem\",\"position\":1,\"name\":\"Home\",\"item\":\"https:\/\/digitalworkflowmasters.com\/romana\/\"},{\"@type\":\"ListItem\",\"position\":2,\"name\":\"Products\",\"item\":\"https:\/\/digitalworkflowmasters.com\/romana\/shop\/\"},{\"@type\":\"ListItem\",\"position\":3,\"name\":\"Chirurgie\",\"item\":\"https:\/\/digitalworkflowmasters.com\/romana\/product-category\/chirurgie\/\"},{\"@type\":\"ListItem\",\"position\":4,\"name\":\"Piezo, Chirurgie\",\"item\":\"https:\/\/digitalworkflowmasters.com\/romana\/product-category\/chirurgie\/piezo-chirurgie\/\"},{\"@type\":\"ListItem\",\"position\":5,\"name\":\"Piezo CVDentus DentSurg PRO\"}]},{\"@type\":\"WebSite\",\"@id\":\"https:\/\/digitalworkflowmasters.com\/romana\/#website\",\"url\":\"https:\/\/digitalworkflowmasters.com\/romana\/\",\"name\":\"Digital Workflow Masters\",\"description\":\"Premium Dental Equipment\",\"publisher\":{\"@id\":\"https:\/\/digitalworkflowmasters.com\/romana\/#organization\"},\"potentialAction\":[{\"@type\":\"SearchAction\",\"target\":{\"@type\":\"EntryPoint\",\"urlTemplate\":\"https:\/\/digitalworkflowmasters.com\/romana\/?s={search_term_string}\"},\"query-input\":{\"@type\":\"PropertyValueSpecification\",\"valueRequired\":true,\"valueName\":\"search_term_string\"}}],\"inLanguage\":\"ro-RO\"},{\"@type\":\"Organization\",\"@id\":\"https:\/\/digitalworkflowmasters.com\/romana\/#organization\",\"name\":\"Digital Workflow Masters\",\"url\":\"https:\/\/digitalworkflowmasters.com\/romana\/\",\"logo\":{\"@type\":\"ImageObject\",\"inLanguage\":\"ro-RO\",\"@id\":\"https:\/\/digitalworkflowmasters.com\/romana\/#\/schema\/logo\/image\/\",\"url\":\"https:\/\/digitalworkflowmasters.com\/romana\/wp-content\/uploads\/2025\/08\/1.png\",\"contentUrl\":\"https:\/\/digitalworkflowmasters.com\/romana\/wp-content\/uploads\/2025\/08\/1.png\",\"width\":1080,\"height\":1080,\"caption\":\"Digital Workflow Masters\"},\"image\":{\"@id\":\"https:\/\/digitalworkflowmasters.com\/romana\/#\/schema\/logo\/image\/\"},\"sameAs\":[\"https:\/\/www.facebook.com\/digitalworkflowmasters\/\",\"https:\/\/www.instagram.com\/digitalworkflowmasters\/\"]}]}<\/script>\n<!-- \/ Yoast SEO plugin. -->","yoast_head_json":{"title":"Piezo CVDentus DentSurg PRO - Digital Workflow Masters","description":"Descoper\u0103 DentSurg PRO, un aparat piezo performant pentru piezochirurgie, ideal pentru toate specialit\u0103\u021bile stomatologice. Tehnologie avansat\u0103, design ergonomic \u0219i igien\u0103 optim\u0103.","robots":{"index":"index","follow":"follow","max-snippet":"max-snippet:-1","max-image-preview":"max-image-preview:large","max-video-preview":"max-video-preview:-1"},"canonical":"https:\/\/digitalworkflowmasters.com\/romana\/shop\/cvdentus-dentsurg-pro\/","og_locale":"ro_RO","og_type":"article","og_title":"Piezo CVDentus DentSurg PRO - Digital Workflow Masters","og_description":"Descoper\u0103 DentSurg PRO, un aparat piezo performant pentru piezochirurgie, ideal pentru toate specialit\u0103\u021bile stomatologice. Tehnologie avansat\u0103, design ergonomic \u0219i igien\u0103 optim\u0103.","og_url":"https:\/\/digitalworkflowmasters.com\/romana\/shop\/cvdentus-dentsurg-pro\/","og_site_name":"Digital Workflow Masters","article_publisher":"https:\/\/www.facebook.com\/digitalworkflowmasters\/","article_modified_time":"2025-06-24T08:52:46+00:00","og_image":[{"width":800,"height":800,"url":"https:\/\/digitalworkflowmasters.com\/romana\/wp-content\/uploads\/2025\/03\/Piezo-DentSurg-Pro-1.jpg","type":"image\/jpeg"}],"twitter_card":"summary_large_image","twitter_misc":{"Timp estimat pentru citire":"2 minute"},"schema":{"@context":"https:\/\/schema.org","@graph":[{"@type":"WebPage","@id":"https:\/\/digitalworkflowmasters.com\/romana\/shop\/cvdentus-dentsurg-pro\/","url":"https:\/\/digitalworkflowmasters.com\/romana\/shop\/cvdentus-dentsurg-pro\/","name":"Piezo CVDentus DentSurg PRO - Digital Workflow Masters","isPartOf":{"@id":"https:\/\/digitalworkflowmasters.com\/romana\/#website"},"primaryImageOfPage":{"@id":"https:\/\/digitalworkflowmasters.com\/romana\/shop\/cvdentus-dentsurg-pro\/#primaryimage"},"image":{"@id":"https:\/\/digitalworkflowmasters.com\/romana\/shop\/cvdentus-dentsurg-pro\/#primaryimage"},"thumbnailUrl":"https:\/\/digitalworkflowmasters.com\/romana\/wp-content\/uploads\/2025\/03\/Piezo-DentSurg-Pro-1.jpg","datePublished":"2025-03-26T08:33:52+00:00","dateModified":"2025-06-24T08:52:46+00:00","description":"Descoper\u0103 DentSurg PRO, un aparat piezo performant pentru piezochirurgie, ideal pentru toate specialit\u0103\u021bile stomatologice. Tehnologie avansat\u0103, design ergonomic \u0219i igien\u0103 optim\u0103.","breadcrumb":{"@id":"https:\/\/digitalworkflowmasters.com\/romana\/shop\/cvdentus-dentsurg-pro\/#breadcrumb"},"inLanguage":"ro-RO","potentialAction":[{"@type":"ReadAction","target":["https:\/\/digitalworkflowmasters.com\/romana\/shop\/cvdentus-dentsurg-pro\/"]}]},{"@type":"ImageObject","inLanguage":"ro-RO","@id":"https:\/\/digitalworkflowmasters.com\/romana\/shop\/cvdentus-dentsurg-pro\/#primaryimage","url":"https:\/\/digitalworkflowmasters.com\/romana\/wp-content\/uploads\/2025\/03\/Piezo-DentSurg-Pro-1.jpg","contentUrl":"https:\/\/digitalworkflowmasters.com\/romana\/wp-content\/uploads\/2025\/03\/Piezo-DentSurg-Pro-1.jpg","width":800,"height":800},{"@type":"BreadcrumbList","@id":"https:\/\/digitalworkflowmasters.com\/romana\/shop\/cvdentus-dentsurg-pro\/#breadcrumb","itemListElement":[{"@type":"ListItem","position":1,"name":"Home","item":"https:\/\/digitalworkflowmasters.com\/romana\/"},{"@type":"ListItem","position":2,"name":"Products","item":"https:\/\/digitalworkflowmasters.com\/romana\/shop\/"},{"@type":"ListItem","position":3,"name":"Chirurgie","item":"https:\/\/digitalworkflowmasters.com\/romana\/product-category\/chirurgie\/"},{"@type":"ListItem","position":4,"name":"Piezo, Chirurgie","item":"https:\/\/digitalworkflowmasters.com\/romana\/product-category\/chirurgie\/piezo-chirurgie\/"},{"@type":"ListItem","position":5,"name":"Piezo CVDentus DentSurg PRO"}]},{"@type":"WebSite","@id":"https:\/\/digitalworkflowmasters.com\/romana\/#website","url":"https:\/\/digitalworkflowmasters.com\/romana\/","name":"Digital Workflow Masters","description":"Premium Dental Equipment","publisher":{"@id":"https:\/\/digitalworkflowmasters.com\/romana\/#organization"},"potentialAction":[{"@type":"SearchAction","target":{"@type":"EntryPoint","urlTemplate":"https:\/\/digitalworkflowmasters.com\/romana\/?s={search_term_string}"},"query-input":{"@type":"PropertyValueSpecification","valueRequired":true,"valueName":"search_term_string"}}],"inLanguage":"ro-RO"},{"@type":"Organization","@id":"https:\/\/digitalworkflowmasters.com\/romana\/#organization","name":"Digital Workflow Masters","url":"https:\/\/digitalworkflowmasters.com\/romana\/","logo":{"@type":"ImageObject","inLanguage":"ro-RO","@id":"https:\/\/digitalworkflowmasters.com\/romana\/#\/schema\/logo\/image\/","url":"https:\/\/digitalworkflowmasters.com\/romana\/wp-content\/uploads\/2025\/08\/1.png","contentUrl":"https:\/\/digitalworkflowmasters.com\/romana\/wp-content\/uploads\/2025\/08\/1.png","width":1080,"height":1080,"caption":"Digital Workflow Masters"},"image":{"@id":"https:\/\/digitalworkflowmasters.com\/romana\/#\/schema\/logo\/image\/"},"sameAs":["https:\/\/www.facebook.com\/digitalworkflowmasters\/","https:\/\/www.instagram.com\/digitalworkflowmasters\/"]}]}},"_links":{"self":[{"href":"https:\/\/digitalworkflowmasters.com\/romana\/wp-json\/wp\/v2\/product\/14301","targetHints":{"allow":["GET"]}}],"collection":[{"href":"https:\/\/digitalworkflowmasters.com\/romana\/wp-json\/wp\/v2\/product"}],"about":[{"href":"https:\/\/digitalworkflowmasters.com\/romana\/wp-json\/wp\/v2\/types\/product"}],"version-history":[{"count":0,"href":"https:\/\/digitalworkflowmasters.com\/romana\/wp-json\/wp\/v2\/product\/14301\/revisions"}],"wp:featuredmedia":[{"embeddable":true,"href":"https:\/\/digitalworkflowmasters.com\/romana\/wp-json\/wp\/v2\/media\/33583"}],"wp:attachment":[{"href":"https:\/\/digitalworkflowmasters.com\/romana\/wp-json\/wp\/v2\/media?parent=14301"}],"wp:term":[{"taxonomy":"product_brand","embeddable":true,"href":"https:\/\/digitalworkflowmasters.com\/romana\/wp-json\/wp\/v2\/product_brand?post=14301"},{"taxonomy":"product_cat","embeddable":true,"href":"https:\/\/digitalworkflowmasters.com\/romana\/wp-json\/wp\/v2\/product_cat?post=14301"},{"taxonomy":"product_tag","embeddable":true,"href":"https:\/\/digitalworkflowmasters.com\/romana\/wp-json\/wp\/v2\/product_tag?post=14301"}],"curies":[{"name":"wp","href":"https:\/\/api.w.org\/{rel}","templated":true}]}}