{"id":14879,"date":"2025-03-26T08:33:52","date_gmt":"2025-03-26T08:33:52","guid":{"rendered":"https:\/\/digitalworkflowmasters.com\/?post_type=product&#038;p=14879"},"modified":"2025-06-25T12:29:16","modified_gmt":"2025-06-25T12:29:16","slug":"miglionico-nt-dental-unit","status":"publish","type":"product","link":"https:\/\/digitalworkflowmasters.com\/romana\/shop\/miglionico-nt-dental-unit\/","title":{"rendered":"Unit Dentar Miglionico NT"},"content":{"rendered":"<h1 data-start=\"170\" data-end=\"217\"><strong data-start=\"170\" data-end=\"217\">Miglionico NT \u2013 Precizie \u00een Fiecare Detaliu<\/strong><\/h1>\n<p data-start=\"219\" data-end=\"283\">Unit dentar digital conceput pentru performan\u021b\u0103 \u00een stomatologie.<\/p>\n<p data-start=\"285\" data-end=\"536\">Proiectat \u0219i fabricat \u00een Italia, Miglionico NT ofer\u0103 tot ce are nevoie un stomatolog modern \u00eentr-un pachet compact \u0219i personalizabil. De la func\u021bii digitale avansate la ergonomie impecabil\u0103, acest scaun stomatologic italian stabile\u0219te un nou standard.<\/p>\n<h3 data-start=\"538\" data-end=\"578\"><strong data-start=\"538\" data-end=\"578\">Control Digital Complet, la \u00cendem\u00e2n\u0103<\/strong><\/h3>\n<p data-start=\"580\" data-end=\"822\">Unitul dentar NT este echipat cu un ecran tactil de 7\u201d din sticl\u0103. Intuitiv, personalizabil \u0219i u\u0219or de utilizat, simplific\u0103 fiecare func\u021bie, de la pozi\u021bionarea pacientului p\u00e2n\u0103 la controlul pieselor de m\u00e2n\u0103 \u2013 ideal pentru cabinetele dinamice.<\/p>\n<h3 data-start=\"824\" data-end=\"860\"><strong data-start=\"824\" data-end=\"860\">Console Inteligente \u0219i Eficiente<\/strong><\/h3>\n<p data-start=\"862\" data-end=\"1019\">Consola medicului ofer\u0103 mobilitate fluid\u0103 \u0219i este disponibil\u0103 \u00een variante cu furtunuri suspendate sau superioare, toate autoclavabile pentru o igien\u0103 optim\u0103.<\/p>\n<p data-start=\"1021\" data-end=\"1180\">Consola asistentei include un ecran tactil, m\u00e2ner ergonomic \u0219i suport pentru patru instrumente, montat\u0103 pe un bra\u021b dublu articulat pentru o pozi\u021bionare u\u0219oar\u0103.<\/p>\n<p><img fetchpriority=\"high\" decoding=\"async\" class=\"alignnone size-full wp-image-34721 cmsmasters_img cmsmasters-lazyload lazyload\" src=\"https:\/\/digitalworkflowmasters.com\/romana\/wp-content\/uploads\/2025\/03\/miglionico_nt-30x20.jpg\" alt=\"\" width=\"1200\" height=\"800\" data-sizes=\"(max-width: 1200px) 100vw, 1200px\" data-src=\"https:\/\/digitalworkflowmasters.com\/romana\/wp-content\/uploads\/2025\/03\/miglionico_nt.jpg\" data-srcset=\"https:\/\/digitalworkflowmasters.com\/romana\/wp-content\/uploads\/2025\/03\/miglionico_nt.jpg 1200w, https:\/\/digitalworkflowmasters.com\/romana\/wp-content\/uploads\/2025\/03\/miglionico_nt-300x200.jpg 300w, https:\/\/digitalworkflowmasters.com\/romana\/wp-content\/uploads\/2025\/03\/miglionico_nt-1024x683.jpg 1024w, https:\/\/digitalworkflowmasters.com\/romana\/wp-content\/uploads\/2025\/03\/miglionico_nt-768x512.jpg 768w, https:\/\/digitalworkflowmasters.com\/romana\/wp-content\/uploads\/2025\/03\/miglionico_nt-450x300.jpg 450w, https:\/\/digitalworkflowmasters.com\/romana\/wp-content\/uploads\/2025\/03\/miglionico_nt-600x400.jpg 600w, https:\/\/digitalworkflowmasters.com\/romana\/wp-content\/uploads\/2025\/03\/miglionico_nt-30x20.jpg 30w, https:\/\/digitalworkflowmasters.com\/romana\/wp-content\/uploads\/2025\/03\/miglionico_nt-15x10.jpg 15w\"><\/p>\n<p data-start=\"1182\" data-end=\"1204\"><strong data-start=\"1182\" data-end=\"1204\">Putere \u0219i Precizie<\/strong><\/p>\n<p data-start=\"1206\" data-end=\"1424\">Dotat cu micromotoare Bien Air pentru lucr\u0103ri de restaurare, endodon\u021bie \u0219i chirurgie, cu un cuplu \u00eentre 0,3 \u0219i 70 Ncm. Func\u021bii precum cruise control \u0219i profiluri de utilizator personalizabile sporesc eficien\u021ba clinic\u0103.<\/p>\n<p data-start=\"1426\" data-end=\"1457\"><strong data-start=\"1426\" data-end=\"1457\">Sisteme de Igien\u0103 Integrate<\/strong><\/p>\n<p data-start=\"1459\" data-end=\"1644\">Compatibil cu aspira\u021bie umed\u0103\/uscat\u0103, cu piese deta\u0219abile autoclavabile \u0219i sisteme de dezinfectare a circuitului de ap\u0103 MDS\/MDS+, unitul NT face sterilizarea zilnic\u0103 simpl\u0103 \u0219i conform\u0103.<\/p>\n<p data-start=\"1646\" data-end=\"1680\"><strong data-start=\"1646\" data-end=\"1680\">Scaun Ergonomic \u0219i Confortabil<\/strong><\/p>\n<p data-start=\"1682\" data-end=\"1908\">Sp\u0103tar anatomic disponibil \u00een versiune cu spum\u0103 de memorie sau standard. Tapi\u021bat cu piele medical\u0103 Skai, u\u0219or de cur\u0103\u021bat. Mi\u0219care sincronizat\u0103 \u0219i op\u021bional, ridicare vertical\u0103 motorizat\u0103 pentru pozi\u021bionare optim\u0103 a pacientului.<\/p>\n<p data-start=\"1910\" data-end=\"1952\"><strong data-start=\"1910\" data-end=\"1952\">Comenzi cu Pedal\u0103 Stabile \u0219i Versatile<\/strong><\/p>\n<p data-start=\"1954\" data-end=\"2093\">Alege \u00eentre control standard, push sau pedala wireless. Toate au baz\u0103 solid\u0103 din o\u021bel \u0219i m\u00e2ner retractabil pentru confort \u0219i control facil.<\/p>\n<p data-start=\"2095\" data-end=\"2135\"><strong data-start=\"2095\" data-end=\"2135\">Creat s\u0103 se Potriveasc\u0103 Stilului T\u0103u<\/strong><\/p>\n<p data-start=\"2137\" data-end=\"2293\">Disponibil \u00eentr-o gam\u0103 larg\u0103 de culori standard \u0219i speciale. Combin\u0103 estetica cu func\u021bionalitatea pentru a se potrivi perfect \u00een orice cabinet stomatologic.<\/p>\n<p data-start=\"2295\" data-end=\"2312\"><strong data-start=\"2295\" data-end=\"2312\">Ideal Pentru:<\/strong><\/p>\n<ul data-start=\"2314\" data-end=\"2519\">\n<li data-start=\"2314\" data-end=\"2381\">\n<p data-start=\"2316\" data-end=\"2381\">Profesioni\u0219ti care caut\u0103 un unit dentar digital complet echipat<\/p>\n<\/li>\n<li data-start=\"2382\" data-end=\"2451\">\n<p data-start=\"2384\" data-end=\"2451\">Cabinete care doresc un unit Miglionico compact \u0219i personalizabil<\/p>\n<\/li>\n<li data-start=\"2452\" data-end=\"2519\">\n<p data-start=\"2454\" data-end=\"2519\">Clinici care pun accent pe igien\u0103, confort \u0219i calitate italian\u0103<\/p>\n<\/li>\n<\/ul>\n<p><span data-ccp-props=\"{}\">\u00a0<\/span><\/p>\n","protected":false},"excerpt":{"rendered":"<p>Unit dentar digital premium Miglionico NT, fabricat \u00een Italia \u2013 cu touchscreen, pedala wireless \u0219i ergonomie de top. Igien\u0103 u\u0219oar\u0103, confort maxim.<\/p>\n","protected":false},"featured_media":33587,"template":"","meta":{"_acf_changed":false,"om_disable_all_campaigns":false},"product_brand":[],"product_cat":[530,522],"product_tag":[523],"class_list":{"0":"post-14879","1":"product","2":"type-product","3":"status-publish","4":"has-post-thumbnail","6":"product_cat-scaune-stomatologice","7":"product_cat-unituri-dentare-moderne","8":"product_tag-miglionico-dental-units","10":"first","11":"instock","12":"shipping-taxable","13":"product-type-simple"},"acf":[],"yoast_head":"<!-- This site is optimized with the Yoast SEO plugin v25.3 - https:\/\/yoast.com\/wordpress\/plugins\/seo\/ -->\n<title>Unit Dentar Miglionico NT - Digital Workflow Masters<\/title>\n<meta name=\"description\" content=\"Descoper\u0103 Miglionico NT \u2013 unit dentar premium cu scaun stomatologic italian, pedala wireless, touchscreen \u0219i sisteme avansate de igien\u0103. Ideal pentru clinici moderne.\" \/>\n<meta name=\"robots\" content=\"index, follow, max-snippet:-1, max-image-preview:large, max-video-preview:-1\" \/>\n<link rel=\"canonical\" href=\"https:\/\/digitalworkflowmasters.com\/romana\/shop\/miglionico-nt-dental-unit\/\" \/>\n<meta property=\"og:locale\" content=\"ro_RO\" \/>\n<meta property=\"og:type\" content=\"article\" \/>\n<meta property=\"og:title\" content=\"Unit Dentar Miglionico NT - Digital Workflow Masters\" \/>\n<meta property=\"og:description\" content=\"Descoper\u0103 Miglionico NT \u2013 unit dentar premium cu scaun stomatologic italian, pedala wireless, touchscreen \u0219i sisteme avansate de igien\u0103. Ideal pentru clinici moderne.\" \/>\n<meta property=\"og:url\" content=\"https:\/\/digitalworkflowmasters.com\/romana\/shop\/miglionico-nt-dental-unit\/\" \/>\n<meta property=\"og:site_name\" content=\"Digital Workflow Masters\" \/>\n<meta property=\"article:publisher\" content=\"https:\/\/www.facebook.com\/digitalworkflowmasters\/\" \/>\n<meta property=\"article:modified_time\" content=\"2025-06-25T12:29:16+00:00\" \/>\n<meta property=\"og:image\" content=\"https:\/\/digitalworkflowmasters.com\/romana\/wp-content\/uploads\/2025\/03\/nt1-min-1.jpg\" \/>\n\t<meta property=\"og:image:width\" content=\"1000\" \/>\n\t<meta property=\"og:image:height\" content=\"1000\" \/>\n\t<meta property=\"og:image:type\" content=\"image\/jpeg\" \/>\n<meta name=\"twitter:card\" content=\"summary_large_image\" \/>\n<meta name=\"twitter:label1\" content=\"Timp estimat pentru citire\" \/>\n\t<meta name=\"twitter:data1\" content=\"2 minute\" \/>\n<script type=\"application\/ld+json\" class=\"yoast-schema-graph\">{\"@context\":\"https:\/\/schema.org\",\"@graph\":[{\"@type\":\"WebPage\",\"@id\":\"https:\/\/digitalworkflowmasters.com\/romana\/shop\/miglionico-nt-dental-unit\/\",\"url\":\"https:\/\/digitalworkflowmasters.com\/romana\/shop\/miglionico-nt-dental-unit\/\",\"name\":\"Unit Dentar Miglionico NT - Digital Workflow Masters\",\"isPartOf\":{\"@id\":\"https:\/\/digitalworkflowmasters.com\/romana\/#website\"},\"primaryImageOfPage\":{\"@id\":\"https:\/\/digitalworkflowmasters.com\/romana\/shop\/miglionico-nt-dental-unit\/#primaryimage\"},\"image\":{\"@id\":\"https:\/\/digitalworkflowmasters.com\/romana\/shop\/miglionico-nt-dental-unit\/#primaryimage\"},\"thumbnailUrl\":\"https:\/\/digitalworkflowmasters.com\/romana\/wp-content\/uploads\/2025\/03\/nt1-min-1.jpg\",\"datePublished\":\"2025-03-26T08:33:52+00:00\",\"dateModified\":\"2025-06-25T12:29:16+00:00\",\"description\":\"Descoper\u0103 Miglionico NT \u2013 unit dentar premium cu scaun stomatologic italian, pedala wireless, touchscreen \u0219i sisteme avansate de igien\u0103. Ideal pentru clinici moderne.\",\"breadcrumb\":{\"@id\":\"https:\/\/digitalworkflowmasters.com\/romana\/shop\/miglionico-nt-dental-unit\/#breadcrumb\"},\"inLanguage\":\"ro-RO\",\"potentialAction\":[{\"@type\":\"ReadAction\",\"target\":[\"https:\/\/digitalworkflowmasters.com\/romana\/shop\/miglionico-nt-dental-unit\/\"]}]},{\"@type\":\"ImageObject\",\"inLanguage\":\"ro-RO\",\"@id\":\"https:\/\/digitalworkflowmasters.com\/romana\/shop\/miglionico-nt-dental-unit\/#primaryimage\",\"url\":\"https:\/\/digitalworkflowmasters.com\/romana\/wp-content\/uploads\/2025\/03\/nt1-min-1.jpg\",\"contentUrl\":\"https:\/\/digitalworkflowmasters.com\/romana\/wp-content\/uploads\/2025\/03\/nt1-min-1.jpg\",\"width\":1000,\"height\":1000},{\"@type\":\"BreadcrumbList\",\"@id\":\"https:\/\/digitalworkflowmasters.com\/romana\/shop\/miglionico-nt-dental-unit\/#breadcrumb\",\"itemListElement\":[{\"@type\":\"ListItem\",\"position\":1,\"name\":\"Home\",\"item\":\"https:\/\/digitalworkflowmasters.com\/romana\/\"},{\"@type\":\"ListItem\",\"position\":2,\"name\":\"Products\",\"item\":\"https:\/\/digitalworkflowmasters.com\/romana\/shop\/\"},{\"@type\":\"ListItem\",\"position\":3,\"name\":\"Unituri Dentare, Unituri Dentare\",\"item\":\"https:\/\/digitalworkflowmasters.com\/romana\/product-category\/unituri-dentare-unituri-dentare\/\"},{\"@type\":\"ListItem\",\"position\":4,\"name\":\"Miglionico, Unituri Dentare\",\"item\":\"https:\/\/digitalworkflowmasters.com\/romana\/product-category\/unituri-dentare-unituri-dentare\/miglionico-unituri-dentare\/\"},{\"@type\":\"ListItem\",\"position\":5,\"name\":\"Unituri Dentare Moderne\",\"item\":\"https:\/\/digitalworkflowmasters.com\/romana\/product-category\/unituri-dentare-unituri-dentare\/miglionico-unituri-dentare\/unituri-dentare-moderne\/\"},{\"@type\":\"ListItem\",\"position\":6,\"name\":\"Unit Dentar Miglionico NT\"}]},{\"@type\":\"WebSite\",\"@id\":\"https:\/\/digitalworkflowmasters.com\/romana\/#website\",\"url\":\"https:\/\/digitalworkflowmasters.com\/romana\/\",\"name\":\"Digital Workflow Masters\",\"description\":\"Premium Dental Equipment\",\"publisher\":{\"@id\":\"https:\/\/digitalworkflowmasters.com\/romana\/#organization\"},\"potentialAction\":[{\"@type\":\"SearchAction\",\"target\":{\"@type\":\"EntryPoint\",\"urlTemplate\":\"https:\/\/digitalworkflowmasters.com\/romana\/?s={search_term_string}\"},\"query-input\":{\"@type\":\"PropertyValueSpecification\",\"valueRequired\":true,\"valueName\":\"search_term_string\"}}],\"inLanguage\":\"ro-RO\"},{\"@type\":\"Organization\",\"@id\":\"https:\/\/digitalworkflowmasters.com\/romana\/#organization\",\"name\":\"Digital Workflow Masters\",\"url\":\"https:\/\/digitalworkflowmasters.com\/romana\/\",\"logo\":{\"@type\":\"ImageObject\",\"inLanguage\":\"ro-RO\",\"@id\":\"https:\/\/digitalworkflowmasters.com\/romana\/#\/schema\/logo\/image\/\",\"url\":\"https:\/\/digitalworkflowmasters.com\/romana\/wp-content\/uploads\/2025\/08\/1.png\",\"contentUrl\":\"https:\/\/digitalworkflowmasters.com\/romana\/wp-content\/uploads\/2025\/08\/1.png\",\"width\":1080,\"height\":1080,\"caption\":\"Digital Workflow Masters\"},\"image\":{\"@id\":\"https:\/\/digitalworkflowmasters.com\/romana\/#\/schema\/logo\/image\/\"},\"sameAs\":[\"https:\/\/www.facebook.com\/digitalworkflowmasters\/\",\"https:\/\/www.instagram.com\/digitalworkflowmasters\/\"]}]}<\/script>\n<!-- \/ Yoast SEO plugin. -->","yoast_head_json":{"title":"Unit Dentar Miglionico NT - Digital Workflow Masters","description":"Descoper\u0103 Miglionico NT \u2013 unit dentar premium cu scaun stomatologic italian, pedala wireless, touchscreen \u0219i sisteme avansate de igien\u0103. Ideal pentru clinici moderne.","robots":{"index":"index","follow":"follow","max-snippet":"max-snippet:-1","max-image-preview":"max-image-preview:large","max-video-preview":"max-video-preview:-1"},"canonical":"https:\/\/digitalworkflowmasters.com\/romana\/shop\/miglionico-nt-dental-unit\/","og_locale":"ro_RO","og_type":"article","og_title":"Unit Dentar Miglionico NT - Digital Workflow Masters","og_description":"Descoper\u0103 Miglionico NT \u2013 unit dentar premium cu scaun stomatologic italian, pedala wireless, touchscreen \u0219i sisteme avansate de igien\u0103. Ideal pentru clinici moderne.","og_url":"https:\/\/digitalworkflowmasters.com\/romana\/shop\/miglionico-nt-dental-unit\/","og_site_name":"Digital Workflow Masters","article_publisher":"https:\/\/www.facebook.com\/digitalworkflowmasters\/","article_modified_time":"2025-06-25T12:29:16+00:00","og_image":[{"width":1000,"height":1000,"url":"https:\/\/digitalworkflowmasters.com\/romana\/wp-content\/uploads\/2025\/03\/nt1-min-1.jpg","type":"image\/jpeg"}],"twitter_card":"summary_large_image","twitter_misc":{"Timp estimat pentru citire":"2 minute"},"schema":{"@context":"https:\/\/schema.org","@graph":[{"@type":"WebPage","@id":"https:\/\/digitalworkflowmasters.com\/romana\/shop\/miglionico-nt-dental-unit\/","url":"https:\/\/digitalworkflowmasters.com\/romana\/shop\/miglionico-nt-dental-unit\/","name":"Unit Dentar Miglionico NT - Digital Workflow Masters","isPartOf":{"@id":"https:\/\/digitalworkflowmasters.com\/romana\/#website"},"primaryImageOfPage":{"@id":"https:\/\/digitalworkflowmasters.com\/romana\/shop\/miglionico-nt-dental-unit\/#primaryimage"},"image":{"@id":"https:\/\/digitalworkflowmasters.com\/romana\/shop\/miglionico-nt-dental-unit\/#primaryimage"},"thumbnailUrl":"https:\/\/digitalworkflowmasters.com\/romana\/wp-content\/uploads\/2025\/03\/nt1-min-1.jpg","datePublished":"2025-03-26T08:33:52+00:00","dateModified":"2025-06-25T12:29:16+00:00","description":"Descoper\u0103 Miglionico NT \u2013 unit dentar premium cu scaun stomatologic italian, pedala wireless, touchscreen \u0219i sisteme avansate de igien\u0103. Ideal pentru clinici moderne.","breadcrumb":{"@id":"https:\/\/digitalworkflowmasters.com\/romana\/shop\/miglionico-nt-dental-unit\/#breadcrumb"},"inLanguage":"ro-RO","potentialAction":[{"@type":"ReadAction","target":["https:\/\/digitalworkflowmasters.com\/romana\/shop\/miglionico-nt-dental-unit\/"]}]},{"@type":"ImageObject","inLanguage":"ro-RO","@id":"https:\/\/digitalworkflowmasters.com\/romana\/shop\/miglionico-nt-dental-unit\/#primaryimage","url":"https:\/\/digitalworkflowmasters.com\/romana\/wp-content\/uploads\/2025\/03\/nt1-min-1.jpg","contentUrl":"https:\/\/digitalworkflowmasters.com\/romana\/wp-content\/uploads\/2025\/03\/nt1-min-1.jpg","width":1000,"height":1000},{"@type":"BreadcrumbList","@id":"https:\/\/digitalworkflowmasters.com\/romana\/shop\/miglionico-nt-dental-unit\/#breadcrumb","itemListElement":[{"@type":"ListItem","position":1,"name":"Home","item":"https:\/\/digitalworkflowmasters.com\/romana\/"},{"@type":"ListItem","position":2,"name":"Products","item":"https:\/\/digitalworkflowmasters.com\/romana\/shop\/"},{"@type":"ListItem","position":3,"name":"Unituri Dentare, Unituri Dentare","item":"https:\/\/digitalworkflowmasters.com\/romana\/product-category\/unituri-dentare-unituri-dentare\/"},{"@type":"ListItem","position":4,"name":"Miglionico, Unituri Dentare","item":"https:\/\/digitalworkflowmasters.com\/romana\/product-category\/unituri-dentare-unituri-dentare\/miglionico-unituri-dentare\/"},{"@type":"ListItem","position":5,"name":"Unituri Dentare Moderne","item":"https:\/\/digitalworkflowmasters.com\/romana\/product-category\/unituri-dentare-unituri-dentare\/miglionico-unituri-dentare\/unituri-dentare-moderne\/"},{"@type":"ListItem","position":6,"name":"Unit Dentar Miglionico NT"}]},{"@type":"WebSite","@id":"https:\/\/digitalworkflowmasters.com\/romana\/#website","url":"https:\/\/digitalworkflowmasters.com\/romana\/","name":"Digital Workflow Masters","description":"Premium Dental Equipment","publisher":{"@id":"https:\/\/digitalworkflowmasters.com\/romana\/#organization"},"potentialAction":[{"@type":"SearchAction","target":{"@type":"EntryPoint","urlTemplate":"https:\/\/digitalworkflowmasters.com\/romana\/?s={search_term_string}"},"query-input":{"@type":"PropertyValueSpecification","valueRequired":true,"valueName":"search_term_string"}}],"inLanguage":"ro-RO"},{"@type":"Organization","@id":"https:\/\/digitalworkflowmasters.com\/romana\/#organization","name":"Digital Workflow Masters","url":"https:\/\/digitalworkflowmasters.com\/romana\/","logo":{"@type":"ImageObject","inLanguage":"ro-RO","@id":"https:\/\/digitalworkflowmasters.com\/romana\/#\/schema\/logo\/image\/","url":"https:\/\/digitalworkflowmasters.com\/romana\/wp-content\/uploads\/2025\/08\/1.png","contentUrl":"https:\/\/digitalworkflowmasters.com\/romana\/wp-content\/uploads\/2025\/08\/1.png","width":1080,"height":1080,"caption":"Digital Workflow Masters"},"image":{"@id":"https:\/\/digitalworkflowmasters.com\/romana\/#\/schema\/logo\/image\/"},"sameAs":["https:\/\/www.facebook.com\/digitalworkflowmasters\/","https:\/\/www.instagram.com\/digitalworkflowmasters\/"]}]}},"_links":{"self":[{"href":"https:\/\/digitalworkflowmasters.com\/romana\/wp-json\/wp\/v2\/product\/14879","targetHints":{"allow":["GET"]}}],"collection":[{"href":"https:\/\/digitalworkflowmasters.com\/romana\/wp-json\/wp\/v2\/product"}],"about":[{"href":"https:\/\/digitalworkflowmasters.com\/romana\/wp-json\/wp\/v2\/types\/product"}],"version-history":[{"count":0,"href":"https:\/\/digitalworkflowmasters.com\/romana\/wp-json\/wp\/v2\/product\/14879\/revisions"}],"wp:featuredmedia":[{"embeddable":true,"href":"https:\/\/digitalworkflowmasters.com\/romana\/wp-json\/wp\/v2\/media\/33587"}],"wp:attachment":[{"href":"https:\/\/digitalworkflowmasters.com\/romana\/wp-json\/wp\/v2\/media?parent=14879"}],"wp:term":[{"taxonomy":"product_brand","embeddable":true,"href":"https:\/\/digitalworkflowmasters.com\/romana\/wp-json\/wp\/v2\/product_brand?post=14879"},{"taxonomy":"product_cat","embeddable":true,"href":"https:\/\/digitalworkflowmasters.com\/romana\/wp-json\/wp\/v2\/product_cat?post=14879"},{"taxonomy":"product_tag","embeddable":true,"href":"https:\/\/digitalworkflowmasters.com\/romana\/wp-json\/wp\/v2\/product_tag?post=14879"}],"curies":[{"name":"wp","href":"https:\/\/api.w.org\/{rel}","templated":true}]}}