{"id":14895,"date":"2025-03-26T08:33:52","date_gmt":"2025-03-26T08:33:52","guid":{"rendered":"https:\/\/digitalworkflowmasters.com\/?post_type=product&#038;p=14895"},"modified":"2025-06-25T12:33:10","modified_gmt":"2025-06-25T12:33:10","slug":"miglionico-p19t-dental-unit","status":"publish","type":"product","link":"https:\/\/digitalworkflowmasters.com\/romana\/shop\/miglionico-p19t-dental-unit\/","title":{"rendered":"Unit Dentar Miglionico P19T"},"content":{"rendered":"<h3 data-start=\"230\" data-end=\"294\"><strong data-start=\"234\" data-end=\"294\">Miglionico P19T \u2013 Unit Dentar Premium Fabricat \u00een Italia<\/strong><\/h3>\n<p data-start=\"296\" data-end=\"378\"><strong data-start=\"296\" data-end=\"378\">Optimizeaz\u0103-\u021bi activitatea cu un design inteligent \u0219i control digital complet.<\/strong><\/p>\n<p data-start=\"380\" data-end=\"594\">Miglionico P19T este un unit dentar digital de ultim\u0103 genera\u021bie, care combin\u0103 confortul ergonomic, m\u0103iestria italian\u0103 \u0219i tehnologia avansat\u0103. Proiectat pentru precizie, se adapteaz\u0103 stilului t\u0103u de lucru\u2014nu invers.<\/p>\n<p><img fetchpriority=\"high\" decoding=\"async\" class=\"wp-image-34715 size-full cmsmasters_img cmsmasters-lazyload lazyload\" src=\"https:\/\/digitalworkflowmasters.com\/romana\/wp-content\/uploads\/2025\/03\/miglionico-30x30.jpg\" alt=\"\" width=\"1500\" height=\"1500\" data-sizes=\"(max-width: 1500px) 100vw, 1500px\" data-src=\"https:\/\/digitalworkflowmasters.com\/romana\/wp-content\/uploads\/2025\/03\/miglionico.jpg\" data-srcset=\"https:\/\/digitalworkflowmasters.com\/romana\/wp-content\/uploads\/2025\/03\/miglionico.jpg 1500w, https:\/\/digitalworkflowmasters.com\/romana\/wp-content\/uploads\/2025\/03\/miglionico-300x300.jpg 300w, https:\/\/digitalworkflowmasters.com\/romana\/wp-content\/uploads\/2025\/03\/miglionico-1024x1024.jpg 1024w, https:\/\/digitalworkflowmasters.com\/romana\/wp-content\/uploads\/2025\/03\/miglionico-150x150.jpg 150w, https:\/\/digitalworkflowmasters.com\/romana\/wp-content\/uploads\/2025\/03\/miglionico-768x768.jpg 768w, https:\/\/digitalworkflowmasters.com\/romana\/wp-content\/uploads\/2025\/03\/miglionico-260x260.jpg 260w, https:\/\/digitalworkflowmasters.com\/romana\/wp-content\/uploads\/2025\/03\/miglionico-600x600.jpg 600w, https:\/\/digitalworkflowmasters.com\/romana\/wp-content\/uploads\/2025\/03\/miglionico-100x100.jpg 100w, https:\/\/digitalworkflowmasters.com\/romana\/wp-content\/uploads\/2025\/03\/miglionico-30x30.jpg 30w, https:\/\/digitalworkflowmasters.com\/romana\/wp-content\/uploads\/2025\/03\/miglionico-10x10.jpg 10w\"><\/p>\n<h3 data-start=\"601\" data-end=\"650\"><strong data-start=\"605\" data-end=\"650\">Acces Total, Flux de Lucru F\u0103r\u0103 Obstacole<\/strong><\/h3>\n<p data-start=\"652\" data-end=\"893\">Datorit\u0103 designului suspendat al scaunului \u0219i bazei compacte, P19T ofer\u0103 spa\u021biu extins pentru picioare \u0219i acces deplin la zona de tratament. Ideal pentru lucrul din pozi\u021bie \u0219ez\u00e2nd\u0103 sau \u00een picioare, tehnici asistate sau solo, din orice unghi.<\/p>\n<hr data-start=\"895\" data-end=\"898\" \/>\n<h3 data-start=\"900\" data-end=\"934\"><strong data-start=\"904\" data-end=\"934\">Consol\u0103 Digital\u0103 Intuitiv\u0103<\/strong><\/h3>\n<p data-start=\"936\" data-end=\"1239\">M\u0103su\u021ba medicului este echipat\u0103 cu ecran tactil color din sticl\u0103 de 7\u201d pentru control rapid al instrumentelor \u0219i mi\u0219c\u0103rilor scaunului. Permite personalizarea set\u0103rilor pentru p\u00e2n\u0103 la 5 utilizatori, activarea func\u021biilor chirurgicale, gestionarea cronometrelor \u0219i multe altele\u2014totul la o atingere distan\u021b\u0103.<\/p>\n<p data-start=\"1241\" data-end=\"1361\">Disponibil \u00een variantele Continental, Interna\u021bional sau Cart, cu componente autoclavabile \u0219i acces facil la instrumente.<\/p>\n<p><img decoding=\"async\" class=\"alignnone wp-image-34717 size-full cmsmasters_img cmsmasters-lazyload lazyload\" src=\"https:\/\/digitalworkflowmasters.com\/romana\/wp-content\/uploads\/2025\/03\/unit-miglionico-p19t_panel-asysty-30x20.jpg\" alt=\"\" width=\"1200\" height=\"800\" data-sizes=\"(max-width: 1200px) 100vw, 1200px\" data-src=\"https:\/\/digitalworkflowmasters.com\/romana\/wp-content\/uploads\/2025\/03\/unit-miglionico-p19t_panel-asysty.jpg\" data-srcset=\"https:\/\/digitalworkflowmasters.com\/romana\/wp-content\/uploads\/2025\/03\/unit-miglionico-p19t_panel-asysty.jpg 1200w, https:\/\/digitalworkflowmasters.com\/romana\/wp-content\/uploads\/2025\/03\/unit-miglionico-p19t_panel-asysty-300x200.jpg 300w, https:\/\/digitalworkflowmasters.com\/romana\/wp-content\/uploads\/2025\/03\/unit-miglionico-p19t_panel-asysty-1024x683.jpg 1024w, https:\/\/digitalworkflowmasters.com\/romana\/wp-content\/uploads\/2025\/03\/unit-miglionico-p19t_panel-asysty-768x512.jpg 768w, https:\/\/digitalworkflowmasters.com\/romana\/wp-content\/uploads\/2025\/03\/unit-miglionico-p19t_panel-asysty-450x300.jpg 450w, https:\/\/digitalworkflowmasters.com\/romana\/wp-content\/uploads\/2025\/03\/unit-miglionico-p19t_panel-asysty-600x400.jpg 600w, https:\/\/digitalworkflowmasters.com\/romana\/wp-content\/uploads\/2025\/03\/unit-miglionico-p19t_panel-asysty-30x20.jpg 30w, https:\/\/digitalworkflowmasters.com\/romana\/wp-content\/uploads\/2025\/03\/unit-miglionico-p19t_panel-asysty-15x10.jpg 15w\"><\/p>\n<h3 data-start=\"1368\" data-end=\"1405\"><strong data-start=\"1372\" data-end=\"1405\">Func\u021bii Avansate de Tratament<\/strong><\/h3>\n<p data-start=\"1407\" data-end=\"1525\">Permite tratamente restaurative, endodontice \u0219i chirurgicale cu ajutorul micromotoarelor BIEN AIR. Func\u021bii principale:<\/p>\n<ul data-start=\"1527\" data-end=\"1677\">\n<li data-start=\"1527\" data-end=\"1556\">\n<p data-start=\"1529\" data-end=\"1556\">Cuplu de la 0,3 la 70 Ncm<\/p>\n<\/li>\n<li data-start=\"1557\" data-end=\"1589\">\n<p data-start=\"1559\" data-end=\"1589\">Control automat (f\u0103r\u0103 m\u00e2ini)<\/p>\n<\/li>\n<li data-start=\"1590\" data-end=\"1623\">\n<p data-start=\"1592\" data-end=\"1623\">Moduri Endo \/ Scaling \/ Perio<\/p>\n<\/li>\n<li data-start=\"1624\" data-end=\"1677\">\n<p data-start=\"1626\" data-end=\"1677\">Scaler integrat, pomp\u0103 peristaltic\u0103 \u0219i multe altele<\/p>\n<\/li>\n<\/ul>\n<hr data-start=\"1679\" data-end=\"1682\" \/>\n<h3 data-start=\"1684\" data-end=\"1715\">\ud83c\udfa5 <strong data-start=\"1691\" data-end=\"1715\">Integrare Multimedia<\/strong><\/h3>\n<p data-start=\"1717\" data-end=\"1915\">Adaug\u0103 camera intraoral\u0103 MI-CAM \u0219i conecteaz\u0103-te la PC cu pachetul Full Media. \u00cenregistreaz\u0103, salveaz\u0103 \u0219i afi\u0219eaz\u0103 imagini \u0219i clipuri video de \u00eenalt\u0103 calitate\u2014controlate direct prin pedala wireless.<\/p>\n<p data-start=\"1917\" data-end=\"2026\">Compatibil \u0219i cu microscoape, aparate radiologice \u0219i dispozitive wireless pentru o clinic\u0103 complet conectat\u0103.<\/p>\n<hr data-start=\"2028\" data-end=\"2031\" \/>\n<h3 data-start=\"2033\" data-end=\"2068\">\ud83d\udca7 <strong data-start=\"2040\" data-end=\"2068\">Igien\u0103 F\u0103r\u0103 Compromisuri<\/strong><\/h3>\n<p data-start=\"2070\" data-end=\"2292\">P19T este echipat cu sistemele MDS \u0219i MDS+ pentru decontaminarea circuitelor de ap\u0103. Igienizeaz\u0103 piese de m\u00e2n\u0103 direct din consol\u0103, dezinfecteaz\u0103 u\u0219or furtunurile de aspira\u021bie \u0219i men\u021bine cele mai \u00eenalte standarde de igien\u0103.<\/p>\n<p data-start=\"2294\" data-end=\"2302\">Include:<\/p>\n<ul data-start=\"2304\" data-end=\"2422\">\n<li data-start=\"2304\" data-end=\"2325\">\n<p data-start=\"2306\" data-end=\"2325\">Separator aer\/ap\u0103<\/p>\n<\/li>\n<li data-start=\"2326\" data-end=\"2350\">\n<p data-start=\"2328\" data-end=\"2350\">Separator de amalgam<\/p>\n<\/li>\n<li data-start=\"2351\" data-end=\"2376\">\n<p data-start=\"2353\" data-end=\"2376\">Cuspidor sterilizabil<\/p>\n<\/li>\n<li data-start=\"2377\" data-end=\"2422\">\n<p data-start=\"2379\" data-end=\"2422\">Furtun suplimentar pentru sedare (op\u021bional)<\/p>\n<\/li>\n<\/ul>\n<hr data-start=\"2424\" data-end=\"2427\" \/>\n<h3 data-start=\"2429\" data-end=\"2468\"><strong data-start=\"2433\" data-end=\"2468\">Scaun Ergonomic pentru Pacien\u021bi<\/strong><\/h3>\n<p data-start=\"2470\" data-end=\"2640\">Stabil, elegant \u0219i confortabil. Acoperit cu piele medical\u0103 Skai f\u0103r\u0103 cus\u0103turi, ofer\u0103 mi\u0219care sincronizat\u0103 \u0219i op\u021bional sp\u0103tar adaptiv cu suport lombar \u0219i spum\u0103 cu memorie.<\/p>\n<p data-start=\"2642\" data-end=\"2650\">Op\u021biuni:<\/p>\n<ul data-start=\"2652\" data-end=\"2777\">\n<li data-start=\"2652\" data-end=\"2683\">\n<p data-start=\"2654\" data-end=\"2683\">XL MEMORY FOAM sau STANDARD<\/p>\n<\/li>\n<li data-start=\"2684\" data-end=\"2733\">\n<p data-start=\"2686\" data-end=\"2733\">Trei \u00een\u0103l\u021bimi diferite pentru copii \u0219i adul\u021bi<\/p>\n<\/li>\n<li data-start=\"2734\" data-end=\"2777\">\n<p data-start=\"2736\" data-end=\"2777\">Perni\u021be moi pentru tratamente \u00eendelungate<\/p>\n<\/li>\n<\/ul>\n<hr data-start=\"2779\" data-end=\"2782\" \/>\n<h3 data-start=\"2784\" data-end=\"2824\">\ud83e\uddb6 <strong data-start=\"2791\" data-end=\"2824\">Pedal\u0103 Fiabil\u0103, Control Total<\/strong><\/h3>\n<p data-start=\"2826\" data-end=\"2972\">Baz\u0103 din o\u021bel solid cu m\u00e2ner retractabil. Disponibil\u0103 \u00een variante cu fir, wireless sau cu buton\u2014proiectat\u0103 pentru stabilitate \u0219i control intuitiv.<\/p>\n<hr data-start=\"2974\" data-end=\"2977\" \/>\n<h3 data-start=\"2979\" data-end=\"3014\">\ud83d\uddbc\ufe0f <strong data-start=\"2987\" data-end=\"3014\">Design cu Impact Vizual<\/strong><\/h3>\n<p data-start=\"3016\" data-end=\"3162\">Cu o gam\u0103 larg\u0103 de culori standard \u0219i speciale, Miglionico P19T se integreaz\u0103 perfect \u00een orice cabinet modern\u2014unde tehnologia \u00eent\u00e2lne\u0219te elegan\u021ba.<\/p>\n<hr data-start=\"3164\" data-end=\"3167\" \/>\n<h3 data-start=\"3169\" data-end=\"3190\"><strong data-start=\"3173\" data-end=\"3190\">Ideal Pentru:<\/strong><\/h3>\n<ul data-start=\"3192\" data-end=\"3387\">\n<li data-start=\"3192\" data-end=\"3254\">\n<p data-start=\"3194\" data-end=\"3254\">Cabinete care caut\u0103 un unit dentar premium complet digital<\/p>\n<\/li>\n<li data-start=\"3255\" data-end=\"3325\">\n<p data-start=\"3257\" data-end=\"3325\">Medici care apreciaz\u0103 calitatea unui scaun stomatologic din Italia<\/p>\n<\/li>\n<li data-start=\"3326\" data-end=\"3387\">\n<p data-start=\"3328\" data-end=\"3387\">Clinici ce pun accent pe confort, igien\u0103 \u0219i conectivitate<\/p>\n<\/li>\n<\/ul>\n<p><span data-ccp-props=\"{}\">\u00a0<\/span><\/p>\n","protected":false},"excerpt":{"rendered":"<p>Unit dentar premium cu scaun stomatologic fabricat \u00een Italia, consol\u0103 touchscreen, pedal\u0103 wireless \u0219i func\u021bii avansate pentru tratamente digitale complete.<\/p>\n","protected":false},"featured_media":33599,"template":"","meta":{"_acf_changed":false,"om_disable_all_campaigns":false},"product_brand":[],"product_cat":[530,522],"product_tag":[523],"class_list":{"0":"post-14895","1":"product","2":"type-product","3":"status-publish","4":"has-post-thumbnail","6":"product_cat-scaune-stomatologice","7":"product_cat-unituri-dentare-moderne","8":"product_tag-miglionico-dental-units","10":"first","11":"instock","12":"shipping-taxable","13":"product-type-simple"},"acf":[],"yoast_head":"<!-- This site is optimized with the Yoast SEO plugin v25.3 - https:\/\/yoast.com\/wordpress\/plugins\/seo\/ -->\n<title>Unit Dentar Miglionico P19T - Digital Workflow Masters<\/title>\n<meta name=\"description\" content=\"Descoper\u0103 Miglionico P19T \u2013 unit dentar premium cu design italian, consol\u0103 digital\u0103 cu touchscreen, pedal\u0103 wireless \u0219i op\u021biuni multimedia. Performan\u021b\u0103, confort \u0219i igien\u0103 \u00eentr-un singur sistem.\" \/>\n<meta name=\"robots\" content=\"index, follow, max-snippet:-1, max-image-preview:large, max-video-preview:-1\" \/>\n<link rel=\"canonical\" href=\"https:\/\/digitalworkflowmasters.com\/romana\/shop\/miglionico-p19t-dental-unit\/\" \/>\n<meta property=\"og:locale\" content=\"ro_RO\" \/>\n<meta property=\"og:type\" content=\"article\" \/>\n<meta property=\"og:title\" content=\"Unit Dentar Miglionico P19T - Digital Workflow Masters\" \/>\n<meta property=\"og:description\" content=\"Descoper\u0103 Miglionico P19T \u2013 unit dentar premium cu design italian, consol\u0103 digital\u0103 cu touchscreen, pedal\u0103 wireless \u0219i op\u021biuni multimedia. Performan\u021b\u0103, confort \u0219i igien\u0103 \u00eentr-un singur sistem.\" \/>\n<meta property=\"og:url\" content=\"https:\/\/digitalworkflowmasters.com\/romana\/shop\/miglionico-p19t-dental-unit\/\" \/>\n<meta property=\"og:site_name\" content=\"Digital Workflow Masters\" \/>\n<meta property=\"article:publisher\" content=\"https:\/\/www.facebook.com\/digitalworkflowmasters\/\" \/>\n<meta property=\"article:modified_time\" content=\"2025-06-25T12:33:10+00:00\" \/>\n<meta property=\"og:image\" content=\"https:\/\/digitalworkflowmasters.com\/romana\/wp-content\/uploads\/2025\/03\/P19t-min.jpg\" \/>\n\t<meta property=\"og:image:width\" content=\"1080\" \/>\n\t<meta property=\"og:image:height\" content=\"1080\" \/>\n\t<meta property=\"og:image:type\" content=\"image\/jpeg\" \/>\n<meta name=\"twitter:card\" content=\"summary_large_image\" \/>\n<meta name=\"twitter:label1\" content=\"Timp estimat pentru citire\" \/>\n\t<meta name=\"twitter:data1\" content=\"3 minute\" \/>\n<script type=\"application\/ld+json\" class=\"yoast-schema-graph\">{\"@context\":\"https:\/\/schema.org\",\"@graph\":[{\"@type\":\"WebPage\",\"@id\":\"https:\/\/digitalworkflowmasters.com\/romana\/shop\/miglionico-p19t-dental-unit\/\",\"url\":\"https:\/\/digitalworkflowmasters.com\/romana\/shop\/miglionico-p19t-dental-unit\/\",\"name\":\"Unit Dentar Miglionico P19T - Digital Workflow Masters\",\"isPartOf\":{\"@id\":\"https:\/\/digitalworkflowmasters.com\/romana\/#website\"},\"primaryImageOfPage\":{\"@id\":\"https:\/\/digitalworkflowmasters.com\/romana\/shop\/miglionico-p19t-dental-unit\/#primaryimage\"},\"image\":{\"@id\":\"https:\/\/digitalworkflowmasters.com\/romana\/shop\/miglionico-p19t-dental-unit\/#primaryimage\"},\"thumbnailUrl\":\"https:\/\/digitalworkflowmasters.com\/romana\/wp-content\/uploads\/2025\/03\/P19t-min.jpg\",\"datePublished\":\"2025-03-26T08:33:52+00:00\",\"dateModified\":\"2025-06-25T12:33:10+00:00\",\"description\":\"Descoper\u0103 Miglionico P19T \u2013 unit dentar premium cu design italian, consol\u0103 digital\u0103 cu touchscreen, pedal\u0103 wireless \u0219i op\u021biuni multimedia. Performan\u021b\u0103, confort \u0219i igien\u0103 \u00eentr-un singur sistem.\",\"breadcrumb\":{\"@id\":\"https:\/\/digitalworkflowmasters.com\/romana\/shop\/miglionico-p19t-dental-unit\/#breadcrumb\"},\"inLanguage\":\"ro-RO\",\"potentialAction\":[{\"@type\":\"ReadAction\",\"target\":[\"https:\/\/digitalworkflowmasters.com\/romana\/shop\/miglionico-p19t-dental-unit\/\"]}]},{\"@type\":\"ImageObject\",\"inLanguage\":\"ro-RO\",\"@id\":\"https:\/\/digitalworkflowmasters.com\/romana\/shop\/miglionico-p19t-dental-unit\/#primaryimage\",\"url\":\"https:\/\/digitalworkflowmasters.com\/romana\/wp-content\/uploads\/2025\/03\/P19t-min.jpg\",\"contentUrl\":\"https:\/\/digitalworkflowmasters.com\/romana\/wp-content\/uploads\/2025\/03\/P19t-min.jpg\",\"width\":1080,\"height\":1080},{\"@type\":\"BreadcrumbList\",\"@id\":\"https:\/\/digitalworkflowmasters.com\/romana\/shop\/miglionico-p19t-dental-unit\/#breadcrumb\",\"itemListElement\":[{\"@type\":\"ListItem\",\"position\":1,\"name\":\"Home\",\"item\":\"https:\/\/digitalworkflowmasters.com\/romana\/\"},{\"@type\":\"ListItem\",\"position\":2,\"name\":\"Products\",\"item\":\"https:\/\/digitalworkflowmasters.com\/romana\/shop\/\"},{\"@type\":\"ListItem\",\"position\":3,\"name\":\"Unituri Dentare, Unituri Dentare\",\"item\":\"https:\/\/digitalworkflowmasters.com\/romana\/product-category\/unituri-dentare-unituri-dentare\/\"},{\"@type\":\"ListItem\",\"position\":4,\"name\":\"Miglionico, Unituri Dentare\",\"item\":\"https:\/\/digitalworkflowmasters.com\/romana\/product-category\/unituri-dentare-unituri-dentare\/miglionico-unituri-dentare\/\"},{\"@type\":\"ListItem\",\"position\":5,\"name\":\"Unituri Dentare Moderne\",\"item\":\"https:\/\/digitalworkflowmasters.com\/romana\/product-category\/unituri-dentare-unituri-dentare\/miglionico-unituri-dentare\/unituri-dentare-moderne\/\"},{\"@type\":\"ListItem\",\"position\":6,\"name\":\"Unit Dentar Miglionico P19T\"}]},{\"@type\":\"WebSite\",\"@id\":\"https:\/\/digitalworkflowmasters.com\/romana\/#website\",\"url\":\"https:\/\/digitalworkflowmasters.com\/romana\/\",\"name\":\"Digital Workflow Masters\",\"description\":\"Premium Dental Equipment\",\"publisher\":{\"@id\":\"https:\/\/digitalworkflowmasters.com\/romana\/#organization\"},\"potentialAction\":[{\"@type\":\"SearchAction\",\"target\":{\"@type\":\"EntryPoint\",\"urlTemplate\":\"https:\/\/digitalworkflowmasters.com\/romana\/?s={search_term_string}\"},\"query-input\":{\"@type\":\"PropertyValueSpecification\",\"valueRequired\":true,\"valueName\":\"search_term_string\"}}],\"inLanguage\":\"ro-RO\"},{\"@type\":\"Organization\",\"@id\":\"https:\/\/digitalworkflowmasters.com\/romana\/#organization\",\"name\":\"Digital Workflow Masters\",\"url\":\"https:\/\/digitalworkflowmasters.com\/romana\/\",\"logo\":{\"@type\":\"ImageObject\",\"inLanguage\":\"ro-RO\",\"@id\":\"https:\/\/digitalworkflowmasters.com\/romana\/#\/schema\/logo\/image\/\",\"url\":\"https:\/\/digitalworkflowmasters.com\/romana\/wp-content\/uploads\/2025\/08\/1.png\",\"contentUrl\":\"https:\/\/digitalworkflowmasters.com\/romana\/wp-content\/uploads\/2025\/08\/1.png\",\"width\":1080,\"height\":1080,\"caption\":\"Digital Workflow Masters\"},\"image\":{\"@id\":\"https:\/\/digitalworkflowmasters.com\/romana\/#\/schema\/logo\/image\/\"},\"sameAs\":[\"https:\/\/www.facebook.com\/digitalworkflowmasters\/\",\"https:\/\/www.instagram.com\/digitalworkflowmasters\/\"]}]}<\/script>\n<!-- \/ Yoast SEO plugin. -->","yoast_head_json":{"title":"Unit Dentar Miglionico P19T - Digital Workflow Masters","description":"Descoper\u0103 Miglionico P19T \u2013 unit dentar premium cu design italian, consol\u0103 digital\u0103 cu touchscreen, pedal\u0103 wireless \u0219i op\u021biuni multimedia. Performan\u021b\u0103, confort \u0219i igien\u0103 \u00eentr-un singur sistem.","robots":{"index":"index","follow":"follow","max-snippet":"max-snippet:-1","max-image-preview":"max-image-preview:large","max-video-preview":"max-video-preview:-1"},"canonical":"https:\/\/digitalworkflowmasters.com\/romana\/shop\/miglionico-p19t-dental-unit\/","og_locale":"ro_RO","og_type":"article","og_title":"Unit Dentar Miglionico P19T - Digital Workflow Masters","og_description":"Descoper\u0103 Miglionico P19T \u2013 unit dentar premium cu design italian, consol\u0103 digital\u0103 cu touchscreen, pedal\u0103 wireless \u0219i op\u021biuni multimedia. Performan\u021b\u0103, confort \u0219i igien\u0103 \u00eentr-un singur sistem.","og_url":"https:\/\/digitalworkflowmasters.com\/romana\/shop\/miglionico-p19t-dental-unit\/","og_site_name":"Digital Workflow Masters","article_publisher":"https:\/\/www.facebook.com\/digitalworkflowmasters\/","article_modified_time":"2025-06-25T12:33:10+00:00","og_image":[{"width":1080,"height":1080,"url":"https:\/\/digitalworkflowmasters.com\/romana\/wp-content\/uploads\/2025\/03\/P19t-min.jpg","type":"image\/jpeg"}],"twitter_card":"summary_large_image","twitter_misc":{"Timp estimat pentru citire":"3 minute"},"schema":{"@context":"https:\/\/schema.org","@graph":[{"@type":"WebPage","@id":"https:\/\/digitalworkflowmasters.com\/romana\/shop\/miglionico-p19t-dental-unit\/","url":"https:\/\/digitalworkflowmasters.com\/romana\/shop\/miglionico-p19t-dental-unit\/","name":"Unit Dentar Miglionico P19T - Digital Workflow Masters","isPartOf":{"@id":"https:\/\/digitalworkflowmasters.com\/romana\/#website"},"primaryImageOfPage":{"@id":"https:\/\/digitalworkflowmasters.com\/romana\/shop\/miglionico-p19t-dental-unit\/#primaryimage"},"image":{"@id":"https:\/\/digitalworkflowmasters.com\/romana\/shop\/miglionico-p19t-dental-unit\/#primaryimage"},"thumbnailUrl":"https:\/\/digitalworkflowmasters.com\/romana\/wp-content\/uploads\/2025\/03\/P19t-min.jpg","datePublished":"2025-03-26T08:33:52+00:00","dateModified":"2025-06-25T12:33:10+00:00","description":"Descoper\u0103 Miglionico P19T \u2013 unit dentar premium cu design italian, consol\u0103 digital\u0103 cu touchscreen, pedal\u0103 wireless \u0219i op\u021biuni multimedia. Performan\u021b\u0103, confort \u0219i igien\u0103 \u00eentr-un singur sistem.","breadcrumb":{"@id":"https:\/\/digitalworkflowmasters.com\/romana\/shop\/miglionico-p19t-dental-unit\/#breadcrumb"},"inLanguage":"ro-RO","potentialAction":[{"@type":"ReadAction","target":["https:\/\/digitalworkflowmasters.com\/romana\/shop\/miglionico-p19t-dental-unit\/"]}]},{"@type":"ImageObject","inLanguage":"ro-RO","@id":"https:\/\/digitalworkflowmasters.com\/romana\/shop\/miglionico-p19t-dental-unit\/#primaryimage","url":"https:\/\/digitalworkflowmasters.com\/romana\/wp-content\/uploads\/2025\/03\/P19t-min.jpg","contentUrl":"https:\/\/digitalworkflowmasters.com\/romana\/wp-content\/uploads\/2025\/03\/P19t-min.jpg","width":1080,"height":1080},{"@type":"BreadcrumbList","@id":"https:\/\/digitalworkflowmasters.com\/romana\/shop\/miglionico-p19t-dental-unit\/#breadcrumb","itemListElement":[{"@type":"ListItem","position":1,"name":"Home","item":"https:\/\/digitalworkflowmasters.com\/romana\/"},{"@type":"ListItem","position":2,"name":"Products","item":"https:\/\/digitalworkflowmasters.com\/romana\/shop\/"},{"@type":"ListItem","position":3,"name":"Unituri Dentare, Unituri Dentare","item":"https:\/\/digitalworkflowmasters.com\/romana\/product-category\/unituri-dentare-unituri-dentare\/"},{"@type":"ListItem","position":4,"name":"Miglionico, Unituri Dentare","item":"https:\/\/digitalworkflowmasters.com\/romana\/product-category\/unituri-dentare-unituri-dentare\/miglionico-unituri-dentare\/"},{"@type":"ListItem","position":5,"name":"Unituri Dentare Moderne","item":"https:\/\/digitalworkflowmasters.com\/romana\/product-category\/unituri-dentare-unituri-dentare\/miglionico-unituri-dentare\/unituri-dentare-moderne\/"},{"@type":"ListItem","position":6,"name":"Unit Dentar Miglionico P19T"}]},{"@type":"WebSite","@id":"https:\/\/digitalworkflowmasters.com\/romana\/#website","url":"https:\/\/digitalworkflowmasters.com\/romana\/","name":"Digital Workflow Masters","description":"Premium Dental Equipment","publisher":{"@id":"https:\/\/digitalworkflowmasters.com\/romana\/#organization"},"potentialAction":[{"@type":"SearchAction","target":{"@type":"EntryPoint","urlTemplate":"https:\/\/digitalworkflowmasters.com\/romana\/?s={search_term_string}"},"query-input":{"@type":"PropertyValueSpecification","valueRequired":true,"valueName":"search_term_string"}}],"inLanguage":"ro-RO"},{"@type":"Organization","@id":"https:\/\/digitalworkflowmasters.com\/romana\/#organization","name":"Digital Workflow Masters","url":"https:\/\/digitalworkflowmasters.com\/romana\/","logo":{"@type":"ImageObject","inLanguage":"ro-RO","@id":"https:\/\/digitalworkflowmasters.com\/romana\/#\/schema\/logo\/image\/","url":"https:\/\/digitalworkflowmasters.com\/romana\/wp-content\/uploads\/2025\/08\/1.png","contentUrl":"https:\/\/digitalworkflowmasters.com\/romana\/wp-content\/uploads\/2025\/08\/1.png","width":1080,"height":1080,"caption":"Digital Workflow Masters"},"image":{"@id":"https:\/\/digitalworkflowmasters.com\/romana\/#\/schema\/logo\/image\/"},"sameAs":["https:\/\/www.facebook.com\/digitalworkflowmasters\/","https:\/\/www.instagram.com\/digitalworkflowmasters\/"]}]}},"_links":{"self":[{"href":"https:\/\/digitalworkflowmasters.com\/romana\/wp-json\/wp\/v2\/product\/14895","targetHints":{"allow":["GET"]}}],"collection":[{"href":"https:\/\/digitalworkflowmasters.com\/romana\/wp-json\/wp\/v2\/product"}],"about":[{"href":"https:\/\/digitalworkflowmasters.com\/romana\/wp-json\/wp\/v2\/types\/product"}],"version-history":[{"count":0,"href":"https:\/\/digitalworkflowmasters.com\/romana\/wp-json\/wp\/v2\/product\/14895\/revisions"}],"wp:featuredmedia":[{"embeddable":true,"href":"https:\/\/digitalworkflowmasters.com\/romana\/wp-json\/wp\/v2\/media\/33599"}],"wp:attachment":[{"href":"https:\/\/digitalworkflowmasters.com\/romana\/wp-json\/wp\/v2\/media?parent=14895"}],"wp:term":[{"taxonomy":"product_brand","embeddable":true,"href":"https:\/\/digitalworkflowmasters.com\/romana\/wp-json\/wp\/v2\/product_brand?post=14895"},{"taxonomy":"product_cat","embeddable":true,"href":"https:\/\/digitalworkflowmasters.com\/romana\/wp-json\/wp\/v2\/product_cat?post=14895"},{"taxonomy":"product_tag","embeddable":true,"href":"https:\/\/digitalworkflowmasters.com\/romana\/wp-json\/wp\/v2\/product_tag?post=14895"}],"curies":[{"name":"wp","href":"https:\/\/api.w.org\/{rel}","templated":true}]}}