{"id":14932,"date":"2025-03-26T08:33:53","date_gmt":"2025-03-26T08:33:53","guid":{"rendered":"https:\/\/digitalworkflowmasters.com\/?post_type=product&#038;p=14932"},"modified":"2025-06-23T19:45:26","modified_gmt":"2025-06-23T19:45:26","slug":"dfab-chairside-3d-printer","status":"publish","type":"product","link":"https:\/\/digitalworkflowmasters.com\/romana\/shop\/dfab-chairside-3d-printer\/","title":{"rendered":"Imprimanta 3D DFAB Chairside"},"content":{"rendered":"<h2 data-start=\"683\" data-end=\"778\"><strong data-start=\"686\" data-end=\"778\">Imprimanta 3D dentar\u0103 DFAB Chairside \u2013 Tehnologie avansat\u0103 pentru rezultate excep\u021bionale<\/strong><\/h2>\n<p data-start=\"780\" data-end=\"1261\">DFAB Chairside este o imprimant\u0103 3D dentar\u0103 de ultim\u0103 genera\u021bie, conceput\u0103 pentru a transforma fluxul de lucru din clinicile \u0219i laboratoarele dentare. Prin abordarea sa inovatoare, aceast\u0103 imprimant\u0103 permite fabricarea rapid\u0103 a restaur\u0103rilor dentare estetice \u0219i precise \u2013 inclusiv din\u021bi permanen\u021bi \u2013 \u00een doar c\u00e2teva minute. Ideal\u0103 pentru utilizarea \u00eempreun\u0103 cu sisteme CAD CAM dentare, DFAB Chairside simplific\u0103 procedurile complexe \u0219i ofer\u0103 o combina\u021bie rar\u0103 de vitez\u0103 \u0219i precizie.<\/p>\n<hr data-start=\"1263\" data-end=\"1266\" \/>\n<h3 data-start=\"1268\" data-end=\"1315\"><strong data-start=\"1272\" data-end=\"1315\">Caracteristici principale \u0219i beneficii:<\/strong><\/h3>\n<h4 data-start=\"1317\" data-end=\"1374\"><strong data-start=\"1322\" data-end=\"1372\">Restaurare direct\u0103 \u00een cabinet, \u00een 20 de minute<\/strong><\/h4>\n<p data-start=\"1375\" data-end=\"1506\">Creeaz\u0103 coroane, pun\u021bi \u0219i fa\u021bete permanente direct \u00een cabinet, \u00eentr-o singur\u0103 vizit\u0103 a pacientului. Tratament rapid \u0219i confortabil.<\/p>\n<h4 data-start=\"1508\" data-end=\"1553\"><strong data-start=\"1513\" data-end=\"1551\">Tehnologie DLP de ultim\u0103 genera\u021bie<\/strong><\/h4>\n<p data-start=\"1554\" data-end=\"1699\">Folose\u0219te Digital Light Processing (DLP) pentru o rezolu\u021bie excelent\u0103 \u0219i o finisare impecabil\u0103 a suprafe\u021belor \u2013 ideal pentru restaur\u0103ri estetice.<\/p>\n<h4 data-start=\"1701\" data-end=\"1748\"><strong data-start=\"1706\" data-end=\"1746\">Materiale biocompatibile \u2013 Clasa IIa<\/strong><\/h4>\n<p data-start=\"1749\" data-end=\"1886\">Imprim\u0103 lucr\u0103ri permanente sigure \u0219i durabile. DFAB utilizeaz\u0103 materiale special dezvoltate pentru restaur\u0103ri definitive de lung\u0103 durat\u0103.<\/p>\n<h4 data-start=\"1888\" data-end=\"1925\"><strong data-start=\"1893\" data-end=\"1923\">Integrare perfect\u0103 CAD CAM<\/strong><\/h4>\n<p data-start=\"1926\" data-end=\"2072\">Compatibil\u0103 cu sistemele CAD CAM pentru clinici \u0219i laboratoare dentare, ofer\u0103 import direct al fi\u0219ierelor STL \u0219i optimizeaz\u0103 eficien\u021ba procesului.<\/p>\n<h4 data-start=\"2074\" data-end=\"2115\"><strong data-start=\"2079\" data-end=\"2113\">Solu\u021bie economic\u0103 \u0219i eficient\u0103<\/strong><\/h4>\n<p data-start=\"2116\" data-end=\"2238\">Reduce costurile de externalizare \u0219i risipa de materiale. Permite tratamente rapide \u0219i satisfac\u021bie crescut\u0103 a pacientului.<\/p>\n<h4 data-start=\"2240\" data-end=\"2271\"><strong data-start=\"2245\" data-end=\"2269\">Sistem Plug-and-Play<\/strong><\/h4>\n<p data-start=\"2272\" data-end=\"2402\">Interfa\u021b\u0103 intuitiv\u0103, instalare u\u0219oar\u0103 \u0219i necesar minim de instruire \u2013 perfect\u0103 pentru cabinete \u0219i laboratoare de orice dimensiune.<\/p>\n<hr data-start=\"2404\" data-end=\"2407\" \/>\n<h3 data-start=\"2409\" data-end=\"2427\"><strong data-start=\"2413\" data-end=\"2427\">Aplica\u021bii:<\/strong><\/h3>\n<ul data-start=\"2429\" data-end=\"2672\">\n<li data-start=\"2429\" data-end=\"2501\">\n<p data-start=\"2431\" data-end=\"2501\"><strong data-start=\"2431\" data-end=\"2465\">Restaur\u0103ri dentare permanente:<\/strong> Coroane, pun\u021bi, fa\u021bete \u0219i altele.<\/p>\n<\/li>\n<li data-start=\"2502\" data-end=\"2598\">\n<p data-start=\"2504\" data-end=\"2598\"><strong data-start=\"2504\" data-end=\"2546\">Utilizare temporar\u0103 \u0219i pe termen lung:<\/strong> Proteze rezistente pentru diferite nevoi dentare.<\/p>\n<\/li>\n<li data-start=\"2599\" data-end=\"2672\">\n<p data-start=\"2601\" data-end=\"2672\"><strong data-start=\"2601\" data-end=\"2635\">Aparate dentare personalizate:<\/strong> Solu\u021bii adaptate cu precizie maxim\u0103.<\/p>\n<\/li>\n<\/ul>\n<hr data-start=\"2674\" data-end=\"2677\" \/>\n<h3 data-start=\"2679\" data-end=\"2717\"><strong data-start=\"2683\" data-end=\"2717\">De ce s\u0103 alegi DFAB Chairside?<\/strong><\/h3>\n<p data-start=\"2719\" data-end=\"2970\">Imprimanta 3D dentar\u0103 DFAB Chairside ofer\u0103 o combina\u021bie unic\u0103 de vitez\u0103, precizie \u0219i versatilitate. Este alegerea ideal\u0103 pentru profesioni\u0219tii dentari care doresc s\u0103 furnizeze tratamente de top \u0219i s\u0103 r\u0103m\u00e2n\u0103 competitivi \u00een domeniul stomatologic modern.<\/p>\n","protected":false},"excerpt":{"rendered":"<ul>\n<li>Imprimanta 3D dentar\u0103 DFAB Chairside ofer\u0103 restaur\u0103ri permanente de \u00eenalt\u0103 precizie \u00een doar 20 de minute, direct \u00een cabinet. Ideal\u0103 pentru clinici \u0219i laboratoare dentare moderne.<\/li>\n<\/ul>\n","protected":false},"featured_media":33626,"template":"","meta":{"_acf_changed":false,"om_disable_all_campaigns":false},"product_brand":[],"product_cat":[525],"product_tag":[],"class_list":{"0":"post-14932","1":"product","2":"type-product","3":"status-publish","4":"has-post-thumbnail","6":"product_cat-imprimante-3d","8":"first","9":"instock","10":"shipping-taxable","11":"product-type-simple"},"acf":[],"yoast_head":"<!-- This site is optimized with the Yoast SEO plugin v25.3 - https:\/\/yoast.com\/wordpress\/plugins\/seo\/ -->\n<title>Imprimanta 3D DFAB Chairside - Digital Workflow Masters<\/title>\n<meta name=\"description\" content=\"Descoper\u0103 DFAB Chairside \u2013 imprimanta 3D dentar\u0103 care produce coroane, pun\u021bi \u0219i fa\u021bete permanente \u00een 20 de minute. Integrare CAD\/CAM, materiale biocompatibile, eficien\u021b\u0103 maxim\u0103.\" \/>\n<meta name=\"robots\" content=\"index, follow, max-snippet:-1, max-image-preview:large, max-video-preview:-1\" \/>\n<link rel=\"canonical\" href=\"https:\/\/digitalworkflowmasters.com\/romana\/shop\/dfab-chairside-3d-printer\/\" \/>\n<meta property=\"og:locale\" content=\"ro_RO\" \/>\n<meta property=\"og:type\" content=\"article\" \/>\n<meta property=\"og:title\" content=\"Imprimanta 3D DFAB Chairside - Digital Workflow Masters\" \/>\n<meta property=\"og:description\" content=\"Descoper\u0103 DFAB Chairside \u2013 imprimanta 3D dentar\u0103 care produce coroane, pun\u021bi \u0219i fa\u021bete permanente \u00een 20 de minute. Integrare CAD\/CAM, materiale biocompatibile, eficien\u021b\u0103 maxim\u0103.\" \/>\n<meta property=\"og:url\" content=\"https:\/\/digitalworkflowmasters.com\/romana\/shop\/dfab-chairside-3d-printer\/\" \/>\n<meta property=\"og:site_name\" content=\"Digital Workflow Masters\" \/>\n<meta property=\"article:publisher\" content=\"https:\/\/www.facebook.com\/digitalworkflowmasters\/\" \/>\n<meta property=\"article:modified_time\" content=\"2025-06-23T19:45:26+00:00\" \/>\n<meta property=\"og:image\" content=\"https:\/\/digitalworkflowmasters.com\/romana\/wp-content\/uploads\/2025\/03\/Imprimanta-3D-DFAB.jpg\" \/>\n\t<meta property=\"og:image:width\" content=\"1200\" \/>\n\t<meta property=\"og:image:height\" content=\"1200\" \/>\n\t<meta property=\"og:image:type\" content=\"image\/jpeg\" \/>\n<meta name=\"twitter:card\" content=\"summary_large_image\" \/>\n<meta name=\"twitter:label1\" content=\"Timp estimat pentru citire\" \/>\n\t<meta name=\"twitter:data1\" content=\"2 minute\" \/>\n<script type=\"application\/ld+json\" class=\"yoast-schema-graph\">{\"@context\":\"https:\/\/schema.org\",\"@graph\":[{\"@type\":\"WebPage\",\"@id\":\"https:\/\/digitalworkflowmasters.com\/romana\/shop\/dfab-chairside-3d-printer\/\",\"url\":\"https:\/\/digitalworkflowmasters.com\/romana\/shop\/dfab-chairside-3d-printer\/\",\"name\":\"Imprimanta 3D DFAB Chairside - Digital Workflow Masters\",\"isPartOf\":{\"@id\":\"https:\/\/digitalworkflowmasters.com\/romana\/#website\"},\"primaryImageOfPage\":{\"@id\":\"https:\/\/digitalworkflowmasters.com\/romana\/shop\/dfab-chairside-3d-printer\/#primaryimage\"},\"image\":{\"@id\":\"https:\/\/digitalworkflowmasters.com\/romana\/shop\/dfab-chairside-3d-printer\/#primaryimage\"},\"thumbnailUrl\":\"https:\/\/digitalworkflowmasters.com\/romana\/wp-content\/uploads\/2025\/03\/Imprimanta-3D-DFAB.jpg\",\"datePublished\":\"2025-03-26T08:33:53+00:00\",\"dateModified\":\"2025-06-23T19:45:26+00:00\",\"description\":\"Descoper\u0103 DFAB Chairside \u2013 imprimanta 3D dentar\u0103 care produce coroane, pun\u021bi \u0219i fa\u021bete permanente \u00een 20 de minute. Integrare CAD\/CAM, materiale biocompatibile, eficien\u021b\u0103 maxim\u0103.\",\"breadcrumb\":{\"@id\":\"https:\/\/digitalworkflowmasters.com\/romana\/shop\/dfab-chairside-3d-printer\/#breadcrumb\"},\"inLanguage\":\"ro-RO\",\"potentialAction\":[{\"@type\":\"ReadAction\",\"target\":[\"https:\/\/digitalworkflowmasters.com\/romana\/shop\/dfab-chairside-3d-printer\/\"]}]},{\"@type\":\"ImageObject\",\"inLanguage\":\"ro-RO\",\"@id\":\"https:\/\/digitalworkflowmasters.com\/romana\/shop\/dfab-chairside-3d-printer\/#primaryimage\",\"url\":\"https:\/\/digitalworkflowmasters.com\/romana\/wp-content\/uploads\/2025\/03\/Imprimanta-3D-DFAB.jpg\",\"contentUrl\":\"https:\/\/digitalworkflowmasters.com\/romana\/wp-content\/uploads\/2025\/03\/Imprimanta-3D-DFAB.jpg\",\"width\":1200,\"height\":1200},{\"@type\":\"BreadcrumbList\",\"@id\":\"https:\/\/digitalworkflowmasters.com\/romana\/shop\/dfab-chairside-3d-printer\/#breadcrumb\",\"itemListElement\":[{\"@type\":\"ListItem\",\"position\":1,\"name\":\"Home\",\"item\":\"https:\/\/digitalworkflowmasters.com\/romana\/\"},{\"@type\":\"ListItem\",\"position\":2,\"name\":\"Products\",\"item\":\"https:\/\/digitalworkflowmasters.com\/romana\/shop\/\"},{\"@type\":\"ListItem\",\"position\":3,\"name\":\"CAD CAM\",\"item\":\"https:\/\/digitalworkflowmasters.com\/romana\/product-category\/cad-cam\/\"},{\"@type\":\"ListItem\",\"position\":4,\"name\":\"Imprimante 3D\",\"item\":\"https:\/\/digitalworkflowmasters.com\/romana\/product-category\/cad-cam\/imprimante-3d\/\"},{\"@type\":\"ListItem\",\"position\":5,\"name\":\"Imprimanta 3D DFAB Chairside\"}]},{\"@type\":\"WebSite\",\"@id\":\"https:\/\/digitalworkflowmasters.com\/romana\/#website\",\"url\":\"https:\/\/digitalworkflowmasters.com\/romana\/\",\"name\":\"Digital Workflow Masters\",\"description\":\"Premium Dental Equipment\",\"publisher\":{\"@id\":\"https:\/\/digitalworkflowmasters.com\/romana\/#organization\"},\"potentialAction\":[{\"@type\":\"SearchAction\",\"target\":{\"@type\":\"EntryPoint\",\"urlTemplate\":\"https:\/\/digitalworkflowmasters.com\/romana\/?s={search_term_string}\"},\"query-input\":{\"@type\":\"PropertyValueSpecification\",\"valueRequired\":true,\"valueName\":\"search_term_string\"}}],\"inLanguage\":\"ro-RO\"},{\"@type\":\"Organization\",\"@id\":\"https:\/\/digitalworkflowmasters.com\/romana\/#organization\",\"name\":\"Digital Workflow Masters\",\"url\":\"https:\/\/digitalworkflowmasters.com\/romana\/\",\"logo\":{\"@type\":\"ImageObject\",\"inLanguage\":\"ro-RO\",\"@id\":\"https:\/\/digitalworkflowmasters.com\/romana\/#\/schema\/logo\/image\/\",\"url\":\"https:\/\/digitalworkflowmasters.com\/romana\/wp-content\/uploads\/2025\/08\/1.png\",\"contentUrl\":\"https:\/\/digitalworkflowmasters.com\/romana\/wp-content\/uploads\/2025\/08\/1.png\",\"width\":1080,\"height\":1080,\"caption\":\"Digital Workflow Masters\"},\"image\":{\"@id\":\"https:\/\/digitalworkflowmasters.com\/romana\/#\/schema\/logo\/image\/\"},\"sameAs\":[\"https:\/\/www.facebook.com\/digitalworkflowmasters\/\",\"https:\/\/www.instagram.com\/digitalworkflowmasters\/\"]}]}<\/script>\n<!-- \/ Yoast SEO plugin. -->","yoast_head_json":{"title":"Imprimanta 3D DFAB Chairside - Digital Workflow Masters","description":"Descoper\u0103 DFAB Chairside \u2013 imprimanta 3D dentar\u0103 care produce coroane, pun\u021bi \u0219i fa\u021bete permanente \u00een 20 de minute. Integrare CAD\/CAM, materiale biocompatibile, eficien\u021b\u0103 maxim\u0103.","robots":{"index":"index","follow":"follow","max-snippet":"max-snippet:-1","max-image-preview":"max-image-preview:large","max-video-preview":"max-video-preview:-1"},"canonical":"https:\/\/digitalworkflowmasters.com\/romana\/shop\/dfab-chairside-3d-printer\/","og_locale":"ro_RO","og_type":"article","og_title":"Imprimanta 3D DFAB Chairside - Digital Workflow Masters","og_description":"Descoper\u0103 DFAB Chairside \u2013 imprimanta 3D dentar\u0103 care produce coroane, pun\u021bi \u0219i fa\u021bete permanente \u00een 20 de minute. Integrare CAD\/CAM, materiale biocompatibile, eficien\u021b\u0103 maxim\u0103.","og_url":"https:\/\/digitalworkflowmasters.com\/romana\/shop\/dfab-chairside-3d-printer\/","og_site_name":"Digital Workflow Masters","article_publisher":"https:\/\/www.facebook.com\/digitalworkflowmasters\/","article_modified_time":"2025-06-23T19:45:26+00:00","og_image":[{"width":1200,"height":1200,"url":"https:\/\/digitalworkflowmasters.com\/romana\/wp-content\/uploads\/2025\/03\/Imprimanta-3D-DFAB.jpg","type":"image\/jpeg"}],"twitter_card":"summary_large_image","twitter_misc":{"Timp estimat pentru citire":"2 minute"},"schema":{"@context":"https:\/\/schema.org","@graph":[{"@type":"WebPage","@id":"https:\/\/digitalworkflowmasters.com\/romana\/shop\/dfab-chairside-3d-printer\/","url":"https:\/\/digitalworkflowmasters.com\/romana\/shop\/dfab-chairside-3d-printer\/","name":"Imprimanta 3D DFAB Chairside - Digital Workflow Masters","isPartOf":{"@id":"https:\/\/digitalworkflowmasters.com\/romana\/#website"},"primaryImageOfPage":{"@id":"https:\/\/digitalworkflowmasters.com\/romana\/shop\/dfab-chairside-3d-printer\/#primaryimage"},"image":{"@id":"https:\/\/digitalworkflowmasters.com\/romana\/shop\/dfab-chairside-3d-printer\/#primaryimage"},"thumbnailUrl":"https:\/\/digitalworkflowmasters.com\/romana\/wp-content\/uploads\/2025\/03\/Imprimanta-3D-DFAB.jpg","datePublished":"2025-03-26T08:33:53+00:00","dateModified":"2025-06-23T19:45:26+00:00","description":"Descoper\u0103 DFAB Chairside \u2013 imprimanta 3D dentar\u0103 care produce coroane, pun\u021bi \u0219i fa\u021bete permanente \u00een 20 de minute. Integrare CAD\/CAM, materiale biocompatibile, eficien\u021b\u0103 maxim\u0103.","breadcrumb":{"@id":"https:\/\/digitalworkflowmasters.com\/romana\/shop\/dfab-chairside-3d-printer\/#breadcrumb"},"inLanguage":"ro-RO","potentialAction":[{"@type":"ReadAction","target":["https:\/\/digitalworkflowmasters.com\/romana\/shop\/dfab-chairside-3d-printer\/"]}]},{"@type":"ImageObject","inLanguage":"ro-RO","@id":"https:\/\/digitalworkflowmasters.com\/romana\/shop\/dfab-chairside-3d-printer\/#primaryimage","url":"https:\/\/digitalworkflowmasters.com\/romana\/wp-content\/uploads\/2025\/03\/Imprimanta-3D-DFAB.jpg","contentUrl":"https:\/\/digitalworkflowmasters.com\/romana\/wp-content\/uploads\/2025\/03\/Imprimanta-3D-DFAB.jpg","width":1200,"height":1200},{"@type":"BreadcrumbList","@id":"https:\/\/digitalworkflowmasters.com\/romana\/shop\/dfab-chairside-3d-printer\/#breadcrumb","itemListElement":[{"@type":"ListItem","position":1,"name":"Home","item":"https:\/\/digitalworkflowmasters.com\/romana\/"},{"@type":"ListItem","position":2,"name":"Products","item":"https:\/\/digitalworkflowmasters.com\/romana\/shop\/"},{"@type":"ListItem","position":3,"name":"CAD CAM","item":"https:\/\/digitalworkflowmasters.com\/romana\/product-category\/cad-cam\/"},{"@type":"ListItem","position":4,"name":"Imprimante 3D","item":"https:\/\/digitalworkflowmasters.com\/romana\/product-category\/cad-cam\/imprimante-3d\/"},{"@type":"ListItem","position":5,"name":"Imprimanta 3D DFAB Chairside"}]},{"@type":"WebSite","@id":"https:\/\/digitalworkflowmasters.com\/romana\/#website","url":"https:\/\/digitalworkflowmasters.com\/romana\/","name":"Digital Workflow Masters","description":"Premium Dental Equipment","publisher":{"@id":"https:\/\/digitalworkflowmasters.com\/romana\/#organization"},"potentialAction":[{"@type":"SearchAction","target":{"@type":"EntryPoint","urlTemplate":"https:\/\/digitalworkflowmasters.com\/romana\/?s={search_term_string}"},"query-input":{"@type":"PropertyValueSpecification","valueRequired":true,"valueName":"search_term_string"}}],"inLanguage":"ro-RO"},{"@type":"Organization","@id":"https:\/\/digitalworkflowmasters.com\/romana\/#organization","name":"Digital Workflow Masters","url":"https:\/\/digitalworkflowmasters.com\/romana\/","logo":{"@type":"ImageObject","inLanguage":"ro-RO","@id":"https:\/\/digitalworkflowmasters.com\/romana\/#\/schema\/logo\/image\/","url":"https:\/\/digitalworkflowmasters.com\/romana\/wp-content\/uploads\/2025\/08\/1.png","contentUrl":"https:\/\/digitalworkflowmasters.com\/romana\/wp-content\/uploads\/2025\/08\/1.png","width":1080,"height":1080,"caption":"Digital Workflow Masters"},"image":{"@id":"https:\/\/digitalworkflowmasters.com\/romana\/#\/schema\/logo\/image\/"},"sameAs":["https:\/\/www.facebook.com\/digitalworkflowmasters\/","https:\/\/www.instagram.com\/digitalworkflowmasters\/"]}]}},"_links":{"self":[{"href":"https:\/\/digitalworkflowmasters.com\/romana\/wp-json\/wp\/v2\/product\/14932","targetHints":{"allow":["GET"]}}],"collection":[{"href":"https:\/\/digitalworkflowmasters.com\/romana\/wp-json\/wp\/v2\/product"}],"about":[{"href":"https:\/\/digitalworkflowmasters.com\/romana\/wp-json\/wp\/v2\/types\/product"}],"version-history":[{"count":0,"href":"https:\/\/digitalworkflowmasters.com\/romana\/wp-json\/wp\/v2\/product\/14932\/revisions"}],"wp:featuredmedia":[{"embeddable":true,"href":"https:\/\/digitalworkflowmasters.com\/romana\/wp-json\/wp\/v2\/media\/33626"}],"wp:attachment":[{"href":"https:\/\/digitalworkflowmasters.com\/romana\/wp-json\/wp\/v2\/media?parent=14932"}],"wp:term":[{"taxonomy":"product_brand","embeddable":true,"href":"https:\/\/digitalworkflowmasters.com\/romana\/wp-json\/wp\/v2\/product_brand?post=14932"},{"taxonomy":"product_cat","embeddable":true,"href":"https:\/\/digitalworkflowmasters.com\/romana\/wp-json\/wp\/v2\/product_cat?post=14932"},{"taxonomy":"product_tag","embeddable":true,"href":"https:\/\/digitalworkflowmasters.com\/romana\/wp-json\/wp\/v2\/product_tag?post=14932"}],"curies":[{"name":"wp","href":"https:\/\/api.w.org\/{rel}","templated":true}]}}