{"id":14939,"date":"2025-03-26T08:33:53","date_gmt":"2025-03-26T08:33:53","guid":{"rendered":"https:\/\/digitalworkflowmasters.com\/?post_type=product&#038;p=14939"},"modified":"2025-06-23T19:57:41","modified_gmt":"2025-06-23T19:57:41","slug":"dfab-desktop-3d-printer","status":"publish","type":"product","link":"https:\/\/digitalworkflowmasters.com\/romana\/shop\/dfab-desktop-3d-printer\/","title":{"rendered":"DFAB Desktop 3D Printer"},"content":{"rendered":"<h2 data-start=\"165\" data-end=\"279\"><strong data-start=\"168\" data-end=\"279\">Imprimant\u0103 3D Dentara DFAB Desktop \u2013 Precizie \u0219i Flexibilitate pentru Cabinete \u0219i Laboratoare Stomatologice<\/strong><\/h2>\n<p data-start=\"281\" data-end=\"781\">Imprimanta 3D dentar\u0103 DFAB Desktop este solu\u021bia ideal\u0103 pentru profesioni\u0219tii din domeniul stomatologic care caut\u0103 eficien\u021b\u0103 \u0219i versatilitate. Proiectat\u0103 special pentru cabinete \u0219i laboratoare dentare, aceast\u0103 imprimant\u0103 avansat\u0103 permite realizarea restaur\u0103rilor cu precizie \u00eenalt\u0103, inclusiv a din\u021bilor permanen\u021bi, \u00eentr-un mod simplu \u0219i rapid. Compatibil\u0103 cu sistemele CAD CAM dentare, DFAB Desktop este alegerea perfect\u0103 pentru cei care doresc vitez\u0103, acurate\u021be \u0219i fiabilitate \u00een activitatea zilnic\u0103.<\/p>\n<hr data-start=\"783\" data-end=\"786\" \/>\n<h3 data-start=\"788\" data-end=\"835\"><strong data-start=\"792\" data-end=\"835\">Caracteristici \u0219i Beneficii Principale:<\/strong><\/h3>\n<p data-start=\"837\" data-end=\"987\"><strong data-start=\"837\" data-end=\"878\">Imprimare dentar\u0103 de \u00eenalt\u0103 rezolu\u021bie<\/strong><br data-start=\"878\" data-end=\"881\" \/>Tehnologia avansat\u0103 Digital Light Processing (DLP) asigur\u0103 restaur\u0103ri cu detalii fine \u0219i suprafe\u021be netede.<\/p>\n<p data-start=\"989\" data-end=\"1145\"><strong data-start=\"989\" data-end=\"1035\">Restaur\u0103ri permanente \u0219i lucr\u0103ri temporare<\/strong><br data-start=\"1035\" data-end=\"1038\" \/>Imprim\u0103 coroane, pun\u021bi \u0219i fa\u021bete permanente durabile, precum \u0219i proteze temporare de calitate profesional\u0103.<\/p>\n<p data-start=\"1147\" data-end=\"1332\"><strong data-start=\"1147\" data-end=\"1193\">Design compact, ideal pentru spa\u021bii reduse<\/strong><br data-start=\"1193\" data-end=\"1196\" \/>DFAB Desktop are un format mic, perfect pentru cabinetele \u0219i laboratoarele cu spa\u021biu limitat, f\u0103r\u0103 a compromite performan\u021ba industrial\u0103.<\/p>\n<p data-start=\"1334\" data-end=\"1460\"><strong data-start=\"1334\" data-end=\"1366\">Flux de lucru rapid \u0219i sigur<\/strong><br data-start=\"1366\" data-end=\"1369\" \/>Reduce timpul de a\u0219teptare al pacien\u021bilor printr-un proces de imprimare eficient \u0219i fiabil.<\/p>\n<p data-start=\"1462\" data-end=\"1658\"><strong data-start=\"1462\" data-end=\"1501\">Materiale biocompatibile, clasa IIa<\/strong><br data-start=\"1501\" data-end=\"1504\" \/>Folose\u0219te r\u0103\u0219ini certificate pentru restaur\u0103ri permanente, conforme cu cele mai \u00eenalte standarde \u00een ceea ce prive\u0219te siguran\u021ba, durabilitatea \u0219i estetica.<\/p>\n<p data-start=\"1660\" data-end=\"1810\"><strong data-start=\"1660\" data-end=\"1690\">Integrare perfect\u0103 CAD CAM<\/strong><br data-start=\"1690\" data-end=\"1693\" \/>Compatibil\u0103 cu principalele sisteme CAD CAM, suport\u0103 importul direct de fi\u0219iere STL \u0219i alte formate dentare populare.<\/p>\n<p data-start=\"1812\" data-end=\"1978\"><strong data-start=\"1812\" data-end=\"1851\">Operare intuitiv\u0103, u\u0219or de utilizat<\/strong><br data-start=\"1851\" data-end=\"1854\" \/>Sistem plug-and-play cu interfa\u021b\u0103 prietenoas\u0103, ideal at\u00e2t pentru \u00eencep\u0103tori, c\u00e2t \u0219i pentru exper\u021bi \u00een imprimarea 3D dentar\u0103.<\/p>\n<hr data-start=\"1980\" data-end=\"1983\" \/>\n<h3 data-start=\"1985\" data-end=\"2003\"><strong data-start=\"1989\" data-end=\"2003\">Aplica\u021bii:<\/strong><\/h3>\n<ul data-start=\"2005\" data-end=\"2250\">\n<li data-start=\"2005\" data-end=\"2081\">\n<p data-start=\"2007\" data-end=\"2081\"><strong data-start=\"2007\" data-end=\"2032\">Restaur\u0103ri permanente<\/strong>: Coroane, pun\u021bi, inlay-uri, onlay-uri, fa\u021bete.<\/p>\n<\/li>\n<li data-start=\"2082\" data-end=\"2171\">\n<p data-start=\"2084\" data-end=\"2171\"><strong data-start=\"2084\" data-end=\"2121\">Dispozitive dentare personalizate<\/strong>: Guturi de protec\u021bie, ghiduri chirurgicale etc.<\/p>\n<\/li>\n<li data-start=\"2172\" data-end=\"2250\">\n<p data-start=\"2174\" data-end=\"2250\"><strong data-start=\"2174\" data-end=\"2195\">Lucr\u0103ri temporare<\/strong>: Solu\u021bii fiabile pentru nevoi dentare pe termen scurt.<\/p>\n<\/li>\n<\/ul>\n<hr data-start=\"2252\" data-end=\"2255\" \/>\n<h3 data-start=\"2257\" data-end=\"2293\"><strong data-start=\"2261\" data-end=\"2293\">De ce s\u0103 alegi DFAB Desktop?<\/strong><\/h3>\n<p data-start=\"2295\" data-end=\"2633\">DFAB Desktop ofer\u0103 rezultate profesionale la un cost accesibil, fiind alegerea perfect\u0103 pentru orice cabinet sau laborator dentar care dore\u0219te s\u0103 \u00ee\u0219i extind\u0103 capacit\u0103\u021bile. Indiferent dac\u0103 lucrezi cu restaur\u0103ri complexe sau dispozitive simple, aceast\u0103 imprimant\u0103 3D dentar\u0103 \u00ee\u021bi ofer\u0103 combina\u021bia ideal\u0103 de precizie, vitez\u0103 \u0219i versatilitate.<\/p>\n<hr data-start=\"2635\" data-end=\"2638\" \/>\n<h3 data-start=\"2640\" data-end=\"2669\"><strong data-start=\"2644\" data-end=\"2669\">Specifica\u021bii Tehnice:<\/strong><\/h3>\n<ul data-start=\"2671\" data-end=\"2881\">\n<li data-start=\"2671\" data-end=\"2736\">\n<p data-start=\"2673\" data-end=\"2736\">Tehnologie DLP avansat\u0103 pentru imprimare de \u00eenalt\u0103 rezolu\u021bie.<\/p>\n<\/li>\n<li data-start=\"2737\" data-end=\"2806\">\n<p data-start=\"2739\" data-end=\"2806\">Compatibilitate cu diverse r\u0103\u0219ini destinate aplica\u021biilor dentare.<\/p>\n<\/li>\n<li data-start=\"2807\" data-end=\"2881\">\n<p data-start=\"2809\" data-end=\"2881\">Design robust \u0219i compact, potrivit pentru medii clinice \u0219i de laborator.<\/p>\n<\/li>\n<\/ul>\n","protected":false},"excerpt":{"rendered":"<p data-start=\"2922\" data-end=\"3081\">Imprimant\u0103 3D dentar\u0103 de \u00eenalt\u0103 precizie pentru lucr\u0103ri temporare \u0219i restaur\u0103ri permanente. DFAB Desktop \u2013 ideal\u0103 pentru cabinete \u0219i laboratoare stomatologice.<\/p>\n","protected":false},"featured_media":33632,"template":"","meta":{"_acf_changed":false,"om_disable_all_campaigns":false},"product_brand":[],"product_cat":[525],"product_tag":[],"class_list":{"0":"post-14939","1":"product","2":"type-product","3":"status-publish","4":"has-post-thumbnail","6":"product_cat-imprimante-3d","8":"first","9":"instock","10":"shipping-taxable","11":"product-type-simple"},"acf":[],"yoast_head":"<!-- This site is optimized with the Yoast SEO plugin v25.3 - https:\/\/yoast.com\/wordpress\/plugins\/seo\/ -->\n<title>DFAB Desktop 3D Printer - Digital Workflow Masters<\/title>\n<meta name=\"description\" content=\"Descoper\u0103 DFAB Desktop, imprimanta 3D dentar\u0103 profesional\u0103 pentru realizarea rapid\u0103 de coroane, pun\u021bi \u0219i proteze temporare. Compatibil\u0103 CAD CAM, eficient\u0103 \u0219i compact\u0103.\" \/>\n<meta name=\"robots\" content=\"index, follow, max-snippet:-1, max-image-preview:large, max-video-preview:-1\" \/>\n<link rel=\"canonical\" href=\"https:\/\/digitalworkflowmasters.com\/romana\/shop\/dfab-desktop-3d-printer\/\" \/>\n<meta property=\"og:locale\" content=\"ro_RO\" \/>\n<meta property=\"og:type\" content=\"article\" \/>\n<meta property=\"og:title\" content=\"DFAB Desktop 3D Printer - Digital Workflow Masters\" \/>\n<meta property=\"og:description\" content=\"Descoper\u0103 DFAB Desktop, imprimanta 3D dentar\u0103 profesional\u0103 pentru realizarea rapid\u0103 de coroane, pun\u021bi \u0219i proteze temporare. Compatibil\u0103 CAD CAM, eficient\u0103 \u0219i compact\u0103.\" \/>\n<meta property=\"og:url\" content=\"https:\/\/digitalworkflowmasters.com\/romana\/shop\/dfab-desktop-3d-printer\/\" \/>\n<meta property=\"og:site_name\" content=\"Digital Workflow Masters\" \/>\n<meta property=\"article:publisher\" content=\"https:\/\/www.facebook.com\/digitalworkflowmasters\/\" \/>\n<meta property=\"article:modified_time\" content=\"2025-06-23T19:57:41+00:00\" \/>\n<meta property=\"og:image\" content=\"https:\/\/digitalworkflowmasters.com\/romana\/wp-content\/uploads\/2025\/03\/DFAB-Desktop-1-min.jpg\" \/>\n\t<meta property=\"og:image:width\" content=\"1200\" \/>\n\t<meta property=\"og:image:height\" content=\"1200\" \/>\n\t<meta property=\"og:image:type\" content=\"image\/jpeg\" \/>\n<meta name=\"twitter:card\" content=\"summary_large_image\" \/>\n<meta name=\"twitter:label1\" content=\"Timp estimat pentru citire\" \/>\n\t<meta name=\"twitter:data1\" content=\"2 minute\" \/>\n<script type=\"application\/ld+json\" class=\"yoast-schema-graph\">{\"@context\":\"https:\/\/schema.org\",\"@graph\":[{\"@type\":\"WebPage\",\"@id\":\"https:\/\/digitalworkflowmasters.com\/romana\/shop\/dfab-desktop-3d-printer\/\",\"url\":\"https:\/\/digitalworkflowmasters.com\/romana\/shop\/dfab-desktop-3d-printer\/\",\"name\":\"DFAB Desktop 3D Printer - Digital Workflow Masters\",\"isPartOf\":{\"@id\":\"https:\/\/digitalworkflowmasters.com\/romana\/#website\"},\"primaryImageOfPage\":{\"@id\":\"https:\/\/digitalworkflowmasters.com\/romana\/shop\/dfab-desktop-3d-printer\/#primaryimage\"},\"image\":{\"@id\":\"https:\/\/digitalworkflowmasters.com\/romana\/shop\/dfab-desktop-3d-printer\/#primaryimage\"},\"thumbnailUrl\":\"https:\/\/digitalworkflowmasters.com\/romana\/wp-content\/uploads\/2025\/03\/DFAB-Desktop-1-min.jpg\",\"datePublished\":\"2025-03-26T08:33:53+00:00\",\"dateModified\":\"2025-06-23T19:57:41+00:00\",\"description\":\"Descoper\u0103 DFAB Desktop, imprimanta 3D dentar\u0103 profesional\u0103 pentru realizarea rapid\u0103 de coroane, pun\u021bi \u0219i proteze temporare. Compatibil\u0103 CAD CAM, eficient\u0103 \u0219i compact\u0103.\",\"breadcrumb\":{\"@id\":\"https:\/\/digitalworkflowmasters.com\/romana\/shop\/dfab-desktop-3d-printer\/#breadcrumb\"},\"inLanguage\":\"ro-RO\",\"potentialAction\":[{\"@type\":\"ReadAction\",\"target\":[\"https:\/\/digitalworkflowmasters.com\/romana\/shop\/dfab-desktop-3d-printer\/\"]}]},{\"@type\":\"ImageObject\",\"inLanguage\":\"ro-RO\",\"@id\":\"https:\/\/digitalworkflowmasters.com\/romana\/shop\/dfab-desktop-3d-printer\/#primaryimage\",\"url\":\"https:\/\/digitalworkflowmasters.com\/romana\/wp-content\/uploads\/2025\/03\/DFAB-Desktop-1-min.jpg\",\"contentUrl\":\"https:\/\/digitalworkflowmasters.com\/romana\/wp-content\/uploads\/2025\/03\/DFAB-Desktop-1-min.jpg\",\"width\":1200,\"height\":1200},{\"@type\":\"BreadcrumbList\",\"@id\":\"https:\/\/digitalworkflowmasters.com\/romana\/shop\/dfab-desktop-3d-printer\/#breadcrumb\",\"itemListElement\":[{\"@type\":\"ListItem\",\"position\":1,\"name\":\"Home\",\"item\":\"https:\/\/digitalworkflowmasters.com\/romana\/\"},{\"@type\":\"ListItem\",\"position\":2,\"name\":\"Products\",\"item\":\"https:\/\/digitalworkflowmasters.com\/romana\/shop\/\"},{\"@type\":\"ListItem\",\"position\":3,\"name\":\"CAD CAM\",\"item\":\"https:\/\/digitalworkflowmasters.com\/romana\/product-category\/cad-cam\/\"},{\"@type\":\"ListItem\",\"position\":4,\"name\":\"Imprimante 3D\",\"item\":\"https:\/\/digitalworkflowmasters.com\/romana\/product-category\/cad-cam\/imprimante-3d\/\"},{\"@type\":\"ListItem\",\"position\":5,\"name\":\"DFAB Desktop 3D Printer\"}]},{\"@type\":\"WebSite\",\"@id\":\"https:\/\/digitalworkflowmasters.com\/romana\/#website\",\"url\":\"https:\/\/digitalworkflowmasters.com\/romana\/\",\"name\":\"Digital Workflow Masters\",\"description\":\"Premium Dental Equipment\",\"publisher\":{\"@id\":\"https:\/\/digitalworkflowmasters.com\/romana\/#organization\"},\"potentialAction\":[{\"@type\":\"SearchAction\",\"target\":{\"@type\":\"EntryPoint\",\"urlTemplate\":\"https:\/\/digitalworkflowmasters.com\/romana\/?s={search_term_string}\"},\"query-input\":{\"@type\":\"PropertyValueSpecification\",\"valueRequired\":true,\"valueName\":\"search_term_string\"}}],\"inLanguage\":\"ro-RO\"},{\"@type\":\"Organization\",\"@id\":\"https:\/\/digitalworkflowmasters.com\/romana\/#organization\",\"name\":\"Digital Workflow Masters\",\"url\":\"https:\/\/digitalworkflowmasters.com\/romana\/\",\"logo\":{\"@type\":\"ImageObject\",\"inLanguage\":\"ro-RO\",\"@id\":\"https:\/\/digitalworkflowmasters.com\/romana\/#\/schema\/logo\/image\/\",\"url\":\"https:\/\/digitalworkflowmasters.com\/romana\/wp-content\/uploads\/2025\/08\/1.png\",\"contentUrl\":\"https:\/\/digitalworkflowmasters.com\/romana\/wp-content\/uploads\/2025\/08\/1.png\",\"width\":1080,\"height\":1080,\"caption\":\"Digital Workflow Masters\"},\"image\":{\"@id\":\"https:\/\/digitalworkflowmasters.com\/romana\/#\/schema\/logo\/image\/\"},\"sameAs\":[\"https:\/\/www.facebook.com\/digitalworkflowmasters\/\",\"https:\/\/www.instagram.com\/digitalworkflowmasters\/\"]}]}<\/script>\n<!-- \/ Yoast SEO plugin. -->","yoast_head_json":{"title":"DFAB Desktop 3D Printer - Digital Workflow Masters","description":"Descoper\u0103 DFAB Desktop, imprimanta 3D dentar\u0103 profesional\u0103 pentru realizarea rapid\u0103 de coroane, pun\u021bi \u0219i proteze temporare. Compatibil\u0103 CAD CAM, eficient\u0103 \u0219i compact\u0103.","robots":{"index":"index","follow":"follow","max-snippet":"max-snippet:-1","max-image-preview":"max-image-preview:large","max-video-preview":"max-video-preview:-1"},"canonical":"https:\/\/digitalworkflowmasters.com\/romana\/shop\/dfab-desktop-3d-printer\/","og_locale":"ro_RO","og_type":"article","og_title":"DFAB Desktop 3D Printer - Digital Workflow Masters","og_description":"Descoper\u0103 DFAB Desktop, imprimanta 3D dentar\u0103 profesional\u0103 pentru realizarea rapid\u0103 de coroane, pun\u021bi \u0219i proteze temporare. Compatibil\u0103 CAD CAM, eficient\u0103 \u0219i compact\u0103.","og_url":"https:\/\/digitalworkflowmasters.com\/romana\/shop\/dfab-desktop-3d-printer\/","og_site_name":"Digital Workflow Masters","article_publisher":"https:\/\/www.facebook.com\/digitalworkflowmasters\/","article_modified_time":"2025-06-23T19:57:41+00:00","og_image":[{"width":1200,"height":1200,"url":"https:\/\/digitalworkflowmasters.com\/romana\/wp-content\/uploads\/2025\/03\/DFAB-Desktop-1-min.jpg","type":"image\/jpeg"}],"twitter_card":"summary_large_image","twitter_misc":{"Timp estimat pentru citire":"2 minute"},"schema":{"@context":"https:\/\/schema.org","@graph":[{"@type":"WebPage","@id":"https:\/\/digitalworkflowmasters.com\/romana\/shop\/dfab-desktop-3d-printer\/","url":"https:\/\/digitalworkflowmasters.com\/romana\/shop\/dfab-desktop-3d-printer\/","name":"DFAB Desktop 3D Printer - Digital Workflow Masters","isPartOf":{"@id":"https:\/\/digitalworkflowmasters.com\/romana\/#website"},"primaryImageOfPage":{"@id":"https:\/\/digitalworkflowmasters.com\/romana\/shop\/dfab-desktop-3d-printer\/#primaryimage"},"image":{"@id":"https:\/\/digitalworkflowmasters.com\/romana\/shop\/dfab-desktop-3d-printer\/#primaryimage"},"thumbnailUrl":"https:\/\/digitalworkflowmasters.com\/romana\/wp-content\/uploads\/2025\/03\/DFAB-Desktop-1-min.jpg","datePublished":"2025-03-26T08:33:53+00:00","dateModified":"2025-06-23T19:57:41+00:00","description":"Descoper\u0103 DFAB Desktop, imprimanta 3D dentar\u0103 profesional\u0103 pentru realizarea rapid\u0103 de coroane, pun\u021bi \u0219i proteze temporare. Compatibil\u0103 CAD CAM, eficient\u0103 \u0219i compact\u0103.","breadcrumb":{"@id":"https:\/\/digitalworkflowmasters.com\/romana\/shop\/dfab-desktop-3d-printer\/#breadcrumb"},"inLanguage":"ro-RO","potentialAction":[{"@type":"ReadAction","target":["https:\/\/digitalworkflowmasters.com\/romana\/shop\/dfab-desktop-3d-printer\/"]}]},{"@type":"ImageObject","inLanguage":"ro-RO","@id":"https:\/\/digitalworkflowmasters.com\/romana\/shop\/dfab-desktop-3d-printer\/#primaryimage","url":"https:\/\/digitalworkflowmasters.com\/romana\/wp-content\/uploads\/2025\/03\/DFAB-Desktop-1-min.jpg","contentUrl":"https:\/\/digitalworkflowmasters.com\/romana\/wp-content\/uploads\/2025\/03\/DFAB-Desktop-1-min.jpg","width":1200,"height":1200},{"@type":"BreadcrumbList","@id":"https:\/\/digitalworkflowmasters.com\/romana\/shop\/dfab-desktop-3d-printer\/#breadcrumb","itemListElement":[{"@type":"ListItem","position":1,"name":"Home","item":"https:\/\/digitalworkflowmasters.com\/romana\/"},{"@type":"ListItem","position":2,"name":"Products","item":"https:\/\/digitalworkflowmasters.com\/romana\/shop\/"},{"@type":"ListItem","position":3,"name":"CAD CAM","item":"https:\/\/digitalworkflowmasters.com\/romana\/product-category\/cad-cam\/"},{"@type":"ListItem","position":4,"name":"Imprimante 3D","item":"https:\/\/digitalworkflowmasters.com\/romana\/product-category\/cad-cam\/imprimante-3d\/"},{"@type":"ListItem","position":5,"name":"DFAB Desktop 3D Printer"}]},{"@type":"WebSite","@id":"https:\/\/digitalworkflowmasters.com\/romana\/#website","url":"https:\/\/digitalworkflowmasters.com\/romana\/","name":"Digital Workflow Masters","description":"Premium Dental Equipment","publisher":{"@id":"https:\/\/digitalworkflowmasters.com\/romana\/#organization"},"potentialAction":[{"@type":"SearchAction","target":{"@type":"EntryPoint","urlTemplate":"https:\/\/digitalworkflowmasters.com\/romana\/?s={search_term_string}"},"query-input":{"@type":"PropertyValueSpecification","valueRequired":true,"valueName":"search_term_string"}}],"inLanguage":"ro-RO"},{"@type":"Organization","@id":"https:\/\/digitalworkflowmasters.com\/romana\/#organization","name":"Digital Workflow Masters","url":"https:\/\/digitalworkflowmasters.com\/romana\/","logo":{"@type":"ImageObject","inLanguage":"ro-RO","@id":"https:\/\/digitalworkflowmasters.com\/romana\/#\/schema\/logo\/image\/","url":"https:\/\/digitalworkflowmasters.com\/romana\/wp-content\/uploads\/2025\/08\/1.png","contentUrl":"https:\/\/digitalworkflowmasters.com\/romana\/wp-content\/uploads\/2025\/08\/1.png","width":1080,"height":1080,"caption":"Digital Workflow Masters"},"image":{"@id":"https:\/\/digitalworkflowmasters.com\/romana\/#\/schema\/logo\/image\/"},"sameAs":["https:\/\/www.facebook.com\/digitalworkflowmasters\/","https:\/\/www.instagram.com\/digitalworkflowmasters\/"]}]}},"_links":{"self":[{"href":"https:\/\/digitalworkflowmasters.com\/romana\/wp-json\/wp\/v2\/product\/14939","targetHints":{"allow":["GET"]}}],"collection":[{"href":"https:\/\/digitalworkflowmasters.com\/romana\/wp-json\/wp\/v2\/product"}],"about":[{"href":"https:\/\/digitalworkflowmasters.com\/romana\/wp-json\/wp\/v2\/types\/product"}],"version-history":[{"count":0,"href":"https:\/\/digitalworkflowmasters.com\/romana\/wp-json\/wp\/v2\/product\/14939\/revisions"}],"wp:featuredmedia":[{"embeddable":true,"href":"https:\/\/digitalworkflowmasters.com\/romana\/wp-json\/wp\/v2\/media\/33632"}],"wp:attachment":[{"href":"https:\/\/digitalworkflowmasters.com\/romana\/wp-json\/wp\/v2\/media?parent=14939"}],"wp:term":[{"taxonomy":"product_brand","embeddable":true,"href":"https:\/\/digitalworkflowmasters.com\/romana\/wp-json\/wp\/v2\/product_brand?post=14939"},{"taxonomy":"product_cat","embeddable":true,"href":"https:\/\/digitalworkflowmasters.com\/romana\/wp-json\/wp\/v2\/product_cat?post=14939"},{"taxonomy":"product_tag","embeddable":true,"href":"https:\/\/digitalworkflowmasters.com\/romana\/wp-json\/wp\/v2\/product_tag?post=14939"}],"curies":[{"name":"wp","href":"https:\/\/api.w.org\/{rel}","templated":true}]}}