{"id":14965,"date":"2025-03-26T08:33:54","date_gmt":"2025-03-26T08:33:54","guid":{"rendered":"https:\/\/digitalworkflowmasters.com\/?post_type=product&#038;p=14965"},"modified":"2025-06-23T19:17:05","modified_gmt":"2025-06-23T19:17:05","slug":"melatherm-10-evolution-dtb-melag-instrument-washing-machine","status":"publish","type":"product","link":"https:\/\/digitalworkflowmasters.com\/romana\/shop\/melatherm-10-evolution-dtb-melag-instrument-washing-machine\/","title":{"rendered":"Masina spalat instrumentar MELAtherm 10 Evolution DTB MELAG"},"content":{"rendered":"<h2 data-start=\"141\" data-end=\"225\"><strong data-start=\"144\" data-end=\"225\">Melatherm 10 Evolution DTB: Decontaminare Avansat\u0103 a Instrumentarului Medical<\/strong><\/h2>\n<h3 data-start=\"227\" data-end=\"254\"><strong data-start=\"231\" data-end=\"254\">Prezentare general\u0103<\/strong><\/h3>\n<p data-start=\"256\" data-end=\"650\"><strong data-start=\"256\" data-end=\"286\">Melatherm 10 Evolution DTB<\/strong> de la <strong data-start=\"293\" data-end=\"302\">MELAG<\/strong> este o ma\u0219in\u0103 de sp\u0103lat \u0219i dezinfectat instrumentar de ultim\u0103 genera\u021bie, conceput\u0103 pentru eficien\u021b\u0103 superioar\u0103, performan\u021b\u0103 ridicat\u0103 \u0219i utilizare facil\u0103. Adaptat\u0103 cerin\u021belor cabinetelor stomatologice moderne, aceast\u0103 ma\u0219in\u0103 de sp\u0103lat instrumentar medical stabile\u0219te un nou standard \u00een igien\u0103, optimizarea fluxului de lucru \u0219i conformitatea legal\u0103.<\/p>\n<hr data-start=\"652\" data-end=\"655\" \/>\n<h3 data-start=\"657\" data-end=\"690\"><strong data-start=\"661\" data-end=\"690\">Caracteristici principale<\/strong><\/h3>\n<ul data-start=\"692\" data-end=\"1803\">\n<li data-start=\"692\" data-end=\"895\">\n<p data-start=\"694\" data-end=\"895\"><strong data-start=\"694\" data-end=\"718\">Tehnologie AquaBoost<\/strong>: Asigur\u0103 o presiune dubl\u0103 de cl\u0103tire, \u00eembun\u0103t\u0103\u021bind performan\u021ba de cur\u0103\u021bare cu 44% \u0219i permi\u021b\u00e2nd decontaminarea a p\u00e2n\u0103 la 23 de piese de m\u00e2n\u0103 \u0219i instrumente \u00eentr-un singur ciclu.<\/p>\n<\/li>\n<li data-start=\"897\" data-end=\"1045\">\n<p data-start=\"899\" data-end=\"1045\"><strong data-start=\"899\" data-end=\"922\">Display Smart-Touch<\/strong>: Ecran tactil mare, intuitiv, cu tutoriale video integrate pentru o operare simplificat\u0103 \u0219i selec\u021bie u\u0219oar\u0103 a programelor.<\/p>\n<\/li>\n<li data-start=\"1047\" data-end=\"1222\">\n<p data-start=\"1049\" data-end=\"1222\"><strong data-start=\"1049\" data-end=\"1084\">ProControl \u2013 Aprobarea ciclului<\/strong>: Permite aprobarea rapid\u0103 \u0219i digital\u0103 a ciclurilor de cur\u0103\u021bare \u0219i dezinfectare direct pe aparat, asigur\u00e2nd conformitatea legal\u0103 complet\u0103.<\/p>\n<\/li>\n<li data-start=\"1224\" data-end=\"1398\">\n<p data-start=\"1226\" data-end=\"1398\"><strong data-start=\"1226\" data-end=\"1253\">Sistem de uscare activ\u0103<\/strong>: Uscare eficient\u0103 a instrumentelor pentru a preveni coroziunea, a men\u021bine integritatea \u0219i a permite utilizarea imediat\u0103 sau sterilizarea sigur\u0103.<\/p>\n<\/li>\n<li data-start=\"1400\" data-end=\"1537\">\n<p data-start=\"1402\" data-end=\"1537\"><strong data-start=\"1402\" data-end=\"1444\">Interfe\u021be integrate pentru documentare<\/strong>: Toate datele de decontaminare sunt \u00eenregistrate \u0219i stocate automat, preg\u0103tite pentru audit.<\/p>\n<\/li>\n<li data-start=\"1539\" data-end=\"1675\">\n<p data-start=\"1541\" data-end=\"1675\"><strong data-start=\"1541\" data-end=\"1566\">Aplica\u021bia MELAconnect<\/strong>: Monitorizare \u00een timp real a st\u0103rii aparatului \u0219i a progresului ciclurilor direct de pe telefon sau tablet\u0103.<\/p>\n<\/li>\n<li data-start=\"1677\" data-end=\"1803\">\n<p data-start=\"1679\" data-end=\"1803\"><strong data-start=\"1679\" data-end=\"1698\">Design ecologic<\/strong>: Consum redus de ap\u0103 \u0219i energie pentru un impact redus asupra mediului \u0219i costuri opera\u021bionale mai mici.<\/p>\n<\/li>\n<\/ul>\n<hr data-start=\"1805\" data-end=\"1808\" \/>\n<h3 data-start=\"1810\" data-end=\"1827\"><strong data-start=\"1814\" data-end=\"1827\">Aplica\u021bii<\/strong><\/h3>\n<p data-start=\"1829\" data-end=\"1960\"><strong data-start=\"1829\" data-end=\"1859\">Melatherm 10 Evolution DTB<\/strong> este ideal pentru cur\u0103\u021barea \u0219i dezinfectarea unei game variate de instrumente stomatologice, precum:<\/p>\n<ul data-start=\"1962\" data-end=\"2060\">\n<li data-start=\"1962\" data-end=\"1990\">\n<p data-start=\"1964\" data-end=\"1990\">Piese de m\u00e2n\u0103 \u0219i turbine<\/p>\n<\/li>\n<li data-start=\"1991\" data-end=\"2003\">\n<p data-start=\"1993\" data-end=\"2003\">Scaler-e<\/p>\n<\/li>\n<li data-start=\"2004\" data-end=\"2013\">\n<p data-start=\"2006\" data-end=\"2013\">Freze<\/p>\n<\/li>\n<li data-start=\"2014\" data-end=\"2060\">\n<p data-start=\"2016\" data-end=\"2060\">T\u0103vi \u0219i instrumente cu cavit\u0103\u021bi interioare<\/p>\n<\/li>\n<\/ul>\n<p data-start=\"2062\" data-end=\"2223\">Asigur\u0103 o decontaminare complet\u0103, protej\u00e2nd \u00een acela\u0219i timp instrumentarul \u00eempotriva deterior\u0103rii sau uzurii, men\u021bin\u00e2nd func\u021bionalitatea acestuia pe termen lung.<\/p>\n<hr data-start=\"2225\" data-end=\"2228\" \/>\n<h3 data-start=\"2230\" data-end=\"2280\"><strong data-start=\"2234\" data-end=\"2280\">De ce s\u0103 alegi Melatherm 10 Evolution DTB?<\/strong><\/h3>\n<p data-start=\"2282\" data-end=\"2633\"><strong data-start=\"2282\" data-end=\"2312\">Melatherm 10 Evolution DTB<\/strong> ofer\u0103 performan\u021b\u0103 de cur\u0103\u021bare neegalat\u0103, operare intuitiv\u0103 \u0219i func\u021bionare prietenoas\u0103 cu mediul, fiind alegerea ideal\u0103 pentru cabinetele stomatologice care prioritizeaz\u0103 igiena \u0219i eficien\u021ba proceselor. Tehnologia avansat\u0103 simplific\u0103 procesele complexe, permi\u021b\u00e2nd personalului s\u0103 se concentreze pe \u00eengrijirea pacien\u021bilor.<\/p>\n<hr data-start=\"2635\" data-end=\"2638\" \/>\n<h3 data-start=\"2640\" data-end=\"2668\"><strong data-start=\"2644\" data-end=\"2668\">Specifica\u021bii tehnice<\/strong><\/h3>\n<div class=\"_tableContainer_16hzy_1\">\n<div class=\"_tableWrapper_16hzy_14 group flex w-fit flex-col-reverse\" tabindex=\"-1\">\n<table class=\"w-fit min-w-(--thread-content-width)\" data-start=\"2670\" data-end=\"3693\">\n<thead data-start=\"2670\" data-end=\"2752\">\n<tr data-start=\"2670\" data-end=\"2752\">\n<th data-start=\"2670\" data-end=\"2700\" data-col-size=\"sm\"><strong data-start=\"2672\" data-end=\"2685\">Categorie<\/strong><\/th>\n<th data-start=\"2700\" data-end=\"2752\" data-col-size=\"md\"><strong data-start=\"2702\" data-end=\"2713\">Detalii<\/strong><\/th>\n<\/tr>\n<\/thead>\n<tbody data-start=\"2835\" data-end=\"3693\">\n<tr data-start=\"2835\" data-end=\"2923\">\n<td data-start=\"2835\" data-end=\"2864\" data-col-size=\"sm\">Dimensiuni aparat<\/td>\n<td data-col-size=\"md\" data-start=\"2864\" data-end=\"2923\">59,8 \u00d7 81,8 \u00d7 67,8 cm (se potrive\u0219te sub blat de 60 cm)<\/td>\n<\/tr>\n<tr data-start=\"2924\" data-end=\"3005\">\n<td data-start=\"2924\" data-end=\"2953\" data-col-size=\"sm\">Camer\u0103 de sp\u0103lare<\/td>\n<td data-col-size=\"md\" data-start=\"2953\" data-end=\"3005\">46,5 \u00d7 40,5 \u00d7 44,8 cm<\/td>\n<\/tr>\n<tr data-start=\"3006\" data-end=\"3087\">\n<td data-start=\"3006\" data-end=\"3035\" data-col-size=\"sm\">Greutate<\/td>\n<td data-col-size=\"md\" data-start=\"3035\" data-end=\"3087\">86 kg (inclusiv placa de acoperire)<\/td>\n<\/tr>\n<tr data-start=\"3088\" data-end=\"3169\">\n<td data-start=\"3088\" data-end=\"3117\" data-col-size=\"sm\">Conexiune electric\u0103<\/td>\n<td data-col-size=\"md\" data-start=\"3117\" data-end=\"3169\">AC 220-240 V, 50 Hz, 1 \u00d7 16 A<\/td>\n<\/tr>\n<tr data-start=\"3170\" data-end=\"3251\">\n<td data-start=\"3170\" data-end=\"3199\" data-col-size=\"sm\">Consum de energie<\/td>\n<td data-col-size=\"md\" data-start=\"3199\" data-end=\"3251\">3,3 kW<\/td>\n<\/tr>\n<tr data-start=\"3252\" data-end=\"3333\">\n<td data-start=\"3252\" data-end=\"3281\" data-col-size=\"sm\">Programe de cur\u0103\u021bare<\/td>\n<td data-col-size=\"md\" data-start=\"3281\" data-end=\"3333\">Rapid, Universal, Intensiv, Oftalmologie<\/td>\n<\/tr>\n<tr data-start=\"3334\" data-end=\"3444\">\n<td data-start=\"3334\" data-end=\"3363\" data-col-size=\"sm\">Durat\u0103 cicluri<\/td>\n<td data-col-size=\"md\" data-start=\"3363\" data-end=\"3444\">Program Universal: 63 min (inclus uscare activ\u0103, posibilitate de \u00eentrerupere)<\/td>\n<\/tr>\n<tr data-start=\"3445\" data-end=\"3526\">\n<td data-start=\"3445\" data-end=\"3474\" data-col-size=\"sm\">Metod\u0103 de uscare<\/td>\n<td data-col-size=\"md\" data-start=\"3474\" data-end=\"3526\">Uscare activ\u0103 interior \u0219i exterior<\/td>\n<\/tr>\n<tr data-start=\"3527\" data-end=\"3608\">\n<td data-start=\"3527\" data-end=\"3556\" data-col-size=\"sm\">Documentare<\/td>\n<td data-col-size=\"md\" data-start=\"3556\" data-end=\"3608\">Card CF integrat \u0219i interfe\u021be de re\u021bea<\/td>\n<\/tr>\n<tr data-start=\"3609\" data-end=\"3693\">\n<td data-start=\"3609\" data-end=\"3638\" data-col-size=\"sm\">Conformitate<\/td>\n<td data-col-size=\"md\" data-start=\"3638\" data-end=\"3693\">Certificat CE, respect\u0103 toate standardele de igien\u0103<\/td>\n<\/tr>\n<\/tbody>\n<\/table>\n<div class=\"sticky end-(--thread-content-margin) h-0 self-end select-none\">\n<div class=\"absolute end-0 flex items-end\"><\/div>\n<\/div>\n<\/div>\n<\/div>\n<hr data-start=\"3695\" data-end=\"3698\" \/>\n<p data-start=\"3700\" data-end=\"4040\"><strong data-start=\"3700\" data-end=\"3742\">Melatherm 10 Evolution DTB de la MELAG<\/strong> \u00eembin\u0103 eficien\u021ba cu inova\u021bia \u0219i sustenabilitatea, asigur\u00e2nd cele mai \u00eenalte standarde de igien\u0103 pentru practica ta stomatologic\u0103. Cu func\u021bii avansate, reduce interven\u021bia manual\u0103 \u0219i accelereaz\u0103 procesul de decontaminare, stabilind un nou reper \u00een sp\u0103larea \u0219i dezinfectarea instrumentarului medical.<\/p>\n","protected":false},"excerpt":{"rendered":"<p data-start=\"210\" data-end=\"562\"><strong data-start=\"210\" data-end=\"252\">Melatherm 10 Evolution DTB de la MELAG<\/strong> este o ma\u0219in\u0103 de sp\u0103lat instrumentar medical de ultim\u0103 genera\u021bie, ideal\u0103 pentru cabinetele stomatologice care pun accent pe igien\u0103, eficien\u021b\u0103 \u0219i conformitate legal\u0103. Cu tehnologie AquaBoost, uscare activ\u0103 \u0219i documentare automat\u0103, ofer\u0103 decontaminare rapid\u0103 \u0219i sigur\u0103 pentru p\u00e2n\u0103 la 23 de instrumente pe ciclu.<\/p>\n","protected":false},"featured_media":33652,"template":"","meta":{"_acf_changed":false,"om_disable_all_campaigns":false},"product_brand":[],"product_cat":[372],"product_tag":[],"class_list":{"0":"post-14965","1":"product","2":"type-product","3":"status-publish","4":"has-post-thumbnail","6":"product_cat-masini-de-spalat-instrumente","8":"first","9":"instock","10":"shipping-taxable","11":"product-type-simple"},"acf":[],"yoast_head":"<!-- This site is optimized with the Yoast SEO plugin v25.3 - https:\/\/yoast.com\/wordpress\/plugins\/seo\/ -->\n<title>Masina spalat instrumentar MELAtherm 10 Evolution DTB MELAG - Digital Workflow Masters<\/title>\n<meta name=\"description\" content=\"MELAG Melatherm 10 Evolution DTB \u2013 ma\u0219in\u0103 de sp\u0103lat instrumentar performant\u0103 pentru clinici stomatologice, cu uscare activ\u0103 \u0219i control digital.\" \/>\n<meta name=\"robots\" content=\"index, follow, max-snippet:-1, max-image-preview:large, max-video-preview:-1\" \/>\n<link rel=\"canonical\" href=\"https:\/\/digitalworkflowmasters.com\/romana\/shop\/melatherm-10-evolution-dtb-melag-instrument-washing-machine\/\" \/>\n<meta property=\"og:locale\" content=\"ro_RO\" \/>\n<meta property=\"og:type\" content=\"article\" \/>\n<meta property=\"og:title\" content=\"Masina spalat instrumentar MELAtherm 10 Evolution DTB MELAG - Digital Workflow Masters\" \/>\n<meta property=\"og:description\" content=\"MELAG Melatherm 10 Evolution DTB \u2013 ma\u0219in\u0103 de sp\u0103lat instrumentar performant\u0103 pentru clinici stomatologice, cu uscare activ\u0103 \u0219i control digital.\" \/>\n<meta property=\"og:url\" content=\"https:\/\/digitalworkflowmasters.com\/romana\/shop\/melatherm-10-evolution-dtb-melag-instrument-washing-machine\/\" \/>\n<meta property=\"og:site_name\" content=\"Digital Workflow Masters\" \/>\n<meta property=\"article:publisher\" content=\"https:\/\/www.facebook.com\/digitalworkflowmasters\/\" \/>\n<meta property=\"article:modified_time\" content=\"2025-06-23T19:17:05+00:00\" \/>\n<meta property=\"og:image\" content=\"https:\/\/digitalworkflowmasters.com\/romana\/wp-content\/uploads\/2025\/03\/Melatherm-1-min.jpg\" \/>\n\t<meta property=\"og:image:width\" content=\"800\" \/>\n\t<meta property=\"og:image:height\" content=\"800\" \/>\n\t<meta property=\"og:image:type\" content=\"image\/jpeg\" \/>\n<meta name=\"twitter:card\" content=\"summary_large_image\" \/>\n<meta name=\"twitter:label1\" content=\"Timp estimat pentru citire\" \/>\n\t<meta name=\"twitter:data1\" content=\"3 minute\" \/>\n<script type=\"application\/ld+json\" class=\"yoast-schema-graph\">{\"@context\":\"https:\/\/schema.org\",\"@graph\":[{\"@type\":\"WebPage\",\"@id\":\"https:\/\/digitalworkflowmasters.com\/romana\/shop\/melatherm-10-evolution-dtb-melag-instrument-washing-machine\/\",\"url\":\"https:\/\/digitalworkflowmasters.com\/romana\/shop\/melatherm-10-evolution-dtb-melag-instrument-washing-machine\/\",\"name\":\"Masina spalat instrumentar MELAtherm 10 Evolution DTB MELAG - Digital Workflow Masters\",\"isPartOf\":{\"@id\":\"https:\/\/digitalworkflowmasters.com\/romana\/#website\"},\"primaryImageOfPage\":{\"@id\":\"https:\/\/digitalworkflowmasters.com\/romana\/shop\/melatherm-10-evolution-dtb-melag-instrument-washing-machine\/#primaryimage\"},\"image\":{\"@id\":\"https:\/\/digitalworkflowmasters.com\/romana\/shop\/melatherm-10-evolution-dtb-melag-instrument-washing-machine\/#primaryimage\"},\"thumbnailUrl\":\"https:\/\/digitalworkflowmasters.com\/romana\/wp-content\/uploads\/2025\/03\/Melatherm-1-min.jpg\",\"datePublished\":\"2025-03-26T08:33:54+00:00\",\"dateModified\":\"2025-06-23T19:17:05+00:00\",\"description\":\"MELAG Melatherm 10 Evolution DTB \u2013 ma\u0219in\u0103 de sp\u0103lat instrumentar performant\u0103 pentru clinici stomatologice, cu uscare activ\u0103 \u0219i control digital.\",\"breadcrumb\":{\"@id\":\"https:\/\/digitalworkflowmasters.com\/romana\/shop\/melatherm-10-evolution-dtb-melag-instrument-washing-machine\/#breadcrumb\"},\"inLanguage\":\"ro-RO\",\"potentialAction\":[{\"@type\":\"ReadAction\",\"target\":[\"https:\/\/digitalworkflowmasters.com\/romana\/shop\/melatherm-10-evolution-dtb-melag-instrument-washing-machine\/\"]}]},{\"@type\":\"ImageObject\",\"inLanguage\":\"ro-RO\",\"@id\":\"https:\/\/digitalworkflowmasters.com\/romana\/shop\/melatherm-10-evolution-dtb-melag-instrument-washing-machine\/#primaryimage\",\"url\":\"https:\/\/digitalworkflowmasters.com\/romana\/wp-content\/uploads\/2025\/03\/Melatherm-1-min.jpg\",\"contentUrl\":\"https:\/\/digitalworkflowmasters.com\/romana\/wp-content\/uploads\/2025\/03\/Melatherm-1-min.jpg\",\"width\":800,\"height\":800},{\"@type\":\"BreadcrumbList\",\"@id\":\"https:\/\/digitalworkflowmasters.com\/romana\/shop\/melatherm-10-evolution-dtb-melag-instrument-washing-machine\/#breadcrumb\",\"itemListElement\":[{\"@type\":\"ListItem\",\"position\":1,\"name\":\"Home\",\"item\":\"https:\/\/digitalworkflowmasters.com\/romana\/\"},{\"@type\":\"ListItem\",\"position\":2,\"name\":\"Products\",\"item\":\"https:\/\/digitalworkflowmasters.com\/romana\/shop\/\"},{\"@type\":\"ListItem\",\"position\":3,\"name\":\"Camera-de-sterilizare\",\"item\":\"https:\/\/digitalworkflowmasters.com\/romana\/product-category\/camera-de-sterilizare\/\"},{\"@type\":\"ListItem\",\"position\":4,\"name\":\"Ma\u0219ini de sp\u0103lat instrumente\",\"item\":\"https:\/\/digitalworkflowmasters.com\/romana\/product-category\/camera-de-sterilizare\/masini-de-spalat-instrumente\/\"},{\"@type\":\"ListItem\",\"position\":5,\"name\":\"Masina spalat instrumentar MELAtherm 10 Evolution DTB MELAG\"}]},{\"@type\":\"WebSite\",\"@id\":\"https:\/\/digitalworkflowmasters.com\/romana\/#website\",\"url\":\"https:\/\/digitalworkflowmasters.com\/romana\/\",\"name\":\"Digital Workflow Masters\",\"description\":\"Premium Dental Equipment\",\"publisher\":{\"@id\":\"https:\/\/digitalworkflowmasters.com\/romana\/#organization\"},\"potentialAction\":[{\"@type\":\"SearchAction\",\"target\":{\"@type\":\"EntryPoint\",\"urlTemplate\":\"https:\/\/digitalworkflowmasters.com\/romana\/?s={search_term_string}\"},\"query-input\":{\"@type\":\"PropertyValueSpecification\",\"valueRequired\":true,\"valueName\":\"search_term_string\"}}],\"inLanguage\":\"ro-RO\"},{\"@type\":\"Organization\",\"@id\":\"https:\/\/digitalworkflowmasters.com\/romana\/#organization\",\"name\":\"Digital Workflow Masters\",\"url\":\"https:\/\/digitalworkflowmasters.com\/romana\/\",\"logo\":{\"@type\":\"ImageObject\",\"inLanguage\":\"ro-RO\",\"@id\":\"https:\/\/digitalworkflowmasters.com\/romana\/#\/schema\/logo\/image\/\",\"url\":\"https:\/\/digitalworkflowmasters.com\/romana\/wp-content\/uploads\/2025\/08\/1.png\",\"contentUrl\":\"https:\/\/digitalworkflowmasters.com\/romana\/wp-content\/uploads\/2025\/08\/1.png\",\"width\":1080,\"height\":1080,\"caption\":\"Digital Workflow Masters\"},\"image\":{\"@id\":\"https:\/\/digitalworkflowmasters.com\/romana\/#\/schema\/logo\/image\/\"},\"sameAs\":[\"https:\/\/www.facebook.com\/digitalworkflowmasters\/\",\"https:\/\/www.instagram.com\/digitalworkflowmasters\/\"]}]}<\/script>\n<!-- \/ Yoast SEO plugin. -->","yoast_head_json":{"title":"Masina spalat instrumentar MELAtherm 10 Evolution DTB MELAG - Digital Workflow Masters","description":"MELAG Melatherm 10 Evolution DTB \u2013 ma\u0219in\u0103 de sp\u0103lat instrumentar performant\u0103 pentru clinici stomatologice, cu uscare activ\u0103 \u0219i control digital.","robots":{"index":"index","follow":"follow","max-snippet":"max-snippet:-1","max-image-preview":"max-image-preview:large","max-video-preview":"max-video-preview:-1"},"canonical":"https:\/\/digitalworkflowmasters.com\/romana\/shop\/melatherm-10-evolution-dtb-melag-instrument-washing-machine\/","og_locale":"ro_RO","og_type":"article","og_title":"Masina spalat instrumentar MELAtherm 10 Evolution DTB MELAG - Digital Workflow Masters","og_description":"MELAG Melatherm 10 Evolution DTB \u2013 ma\u0219in\u0103 de sp\u0103lat instrumentar performant\u0103 pentru clinici stomatologice, cu uscare activ\u0103 \u0219i control digital.","og_url":"https:\/\/digitalworkflowmasters.com\/romana\/shop\/melatherm-10-evolution-dtb-melag-instrument-washing-machine\/","og_site_name":"Digital Workflow Masters","article_publisher":"https:\/\/www.facebook.com\/digitalworkflowmasters\/","article_modified_time":"2025-06-23T19:17:05+00:00","og_image":[{"width":800,"height":800,"url":"https:\/\/digitalworkflowmasters.com\/romana\/wp-content\/uploads\/2025\/03\/Melatherm-1-min.jpg","type":"image\/jpeg"}],"twitter_card":"summary_large_image","twitter_misc":{"Timp estimat pentru citire":"3 minute"},"schema":{"@context":"https:\/\/schema.org","@graph":[{"@type":"WebPage","@id":"https:\/\/digitalworkflowmasters.com\/romana\/shop\/melatherm-10-evolution-dtb-melag-instrument-washing-machine\/","url":"https:\/\/digitalworkflowmasters.com\/romana\/shop\/melatherm-10-evolution-dtb-melag-instrument-washing-machine\/","name":"Masina spalat instrumentar MELAtherm 10 Evolution DTB MELAG - Digital Workflow Masters","isPartOf":{"@id":"https:\/\/digitalworkflowmasters.com\/romana\/#website"},"primaryImageOfPage":{"@id":"https:\/\/digitalworkflowmasters.com\/romana\/shop\/melatherm-10-evolution-dtb-melag-instrument-washing-machine\/#primaryimage"},"image":{"@id":"https:\/\/digitalworkflowmasters.com\/romana\/shop\/melatherm-10-evolution-dtb-melag-instrument-washing-machine\/#primaryimage"},"thumbnailUrl":"https:\/\/digitalworkflowmasters.com\/romana\/wp-content\/uploads\/2025\/03\/Melatherm-1-min.jpg","datePublished":"2025-03-26T08:33:54+00:00","dateModified":"2025-06-23T19:17:05+00:00","description":"MELAG Melatherm 10 Evolution DTB \u2013 ma\u0219in\u0103 de sp\u0103lat instrumentar performant\u0103 pentru clinici stomatologice, cu uscare activ\u0103 \u0219i control digital.","breadcrumb":{"@id":"https:\/\/digitalworkflowmasters.com\/romana\/shop\/melatherm-10-evolution-dtb-melag-instrument-washing-machine\/#breadcrumb"},"inLanguage":"ro-RO","potentialAction":[{"@type":"ReadAction","target":["https:\/\/digitalworkflowmasters.com\/romana\/shop\/melatherm-10-evolution-dtb-melag-instrument-washing-machine\/"]}]},{"@type":"ImageObject","inLanguage":"ro-RO","@id":"https:\/\/digitalworkflowmasters.com\/romana\/shop\/melatherm-10-evolution-dtb-melag-instrument-washing-machine\/#primaryimage","url":"https:\/\/digitalworkflowmasters.com\/romana\/wp-content\/uploads\/2025\/03\/Melatherm-1-min.jpg","contentUrl":"https:\/\/digitalworkflowmasters.com\/romana\/wp-content\/uploads\/2025\/03\/Melatherm-1-min.jpg","width":800,"height":800},{"@type":"BreadcrumbList","@id":"https:\/\/digitalworkflowmasters.com\/romana\/shop\/melatherm-10-evolution-dtb-melag-instrument-washing-machine\/#breadcrumb","itemListElement":[{"@type":"ListItem","position":1,"name":"Home","item":"https:\/\/digitalworkflowmasters.com\/romana\/"},{"@type":"ListItem","position":2,"name":"Products","item":"https:\/\/digitalworkflowmasters.com\/romana\/shop\/"},{"@type":"ListItem","position":3,"name":"Camera-de-sterilizare","item":"https:\/\/digitalworkflowmasters.com\/romana\/product-category\/camera-de-sterilizare\/"},{"@type":"ListItem","position":4,"name":"Ma\u0219ini de sp\u0103lat instrumente","item":"https:\/\/digitalworkflowmasters.com\/romana\/product-category\/camera-de-sterilizare\/masini-de-spalat-instrumente\/"},{"@type":"ListItem","position":5,"name":"Masina spalat instrumentar MELAtherm 10 Evolution DTB MELAG"}]},{"@type":"WebSite","@id":"https:\/\/digitalworkflowmasters.com\/romana\/#website","url":"https:\/\/digitalworkflowmasters.com\/romana\/","name":"Digital Workflow Masters","description":"Premium Dental Equipment","publisher":{"@id":"https:\/\/digitalworkflowmasters.com\/romana\/#organization"},"potentialAction":[{"@type":"SearchAction","target":{"@type":"EntryPoint","urlTemplate":"https:\/\/digitalworkflowmasters.com\/romana\/?s={search_term_string}"},"query-input":{"@type":"PropertyValueSpecification","valueRequired":true,"valueName":"search_term_string"}}],"inLanguage":"ro-RO"},{"@type":"Organization","@id":"https:\/\/digitalworkflowmasters.com\/romana\/#organization","name":"Digital Workflow Masters","url":"https:\/\/digitalworkflowmasters.com\/romana\/","logo":{"@type":"ImageObject","inLanguage":"ro-RO","@id":"https:\/\/digitalworkflowmasters.com\/romana\/#\/schema\/logo\/image\/","url":"https:\/\/digitalworkflowmasters.com\/romana\/wp-content\/uploads\/2025\/08\/1.png","contentUrl":"https:\/\/digitalworkflowmasters.com\/romana\/wp-content\/uploads\/2025\/08\/1.png","width":1080,"height":1080,"caption":"Digital Workflow Masters"},"image":{"@id":"https:\/\/digitalworkflowmasters.com\/romana\/#\/schema\/logo\/image\/"},"sameAs":["https:\/\/www.facebook.com\/digitalworkflowmasters\/","https:\/\/www.instagram.com\/digitalworkflowmasters\/"]}]}},"_links":{"self":[{"href":"https:\/\/digitalworkflowmasters.com\/romana\/wp-json\/wp\/v2\/product\/14965","targetHints":{"allow":["GET"]}}],"collection":[{"href":"https:\/\/digitalworkflowmasters.com\/romana\/wp-json\/wp\/v2\/product"}],"about":[{"href":"https:\/\/digitalworkflowmasters.com\/romana\/wp-json\/wp\/v2\/types\/product"}],"version-history":[{"count":0,"href":"https:\/\/digitalworkflowmasters.com\/romana\/wp-json\/wp\/v2\/product\/14965\/revisions"}],"wp:featuredmedia":[{"embeddable":true,"href":"https:\/\/digitalworkflowmasters.com\/romana\/wp-json\/wp\/v2\/media\/33652"}],"wp:attachment":[{"href":"https:\/\/digitalworkflowmasters.com\/romana\/wp-json\/wp\/v2\/media?parent=14965"}],"wp:term":[{"taxonomy":"product_brand","embeddable":true,"href":"https:\/\/digitalworkflowmasters.com\/romana\/wp-json\/wp\/v2\/product_brand?post=14965"},{"taxonomy":"product_cat","embeddable":true,"href":"https:\/\/digitalworkflowmasters.com\/romana\/wp-json\/wp\/v2\/product_cat?post=14965"},{"taxonomy":"product_tag","embeddable":true,"href":"https:\/\/digitalworkflowmasters.com\/romana\/wp-json\/wp\/v2\/product_tag?post=14965"}],"curies":[{"name":"wp","href":"https:\/\/api.w.org\/{rel}","templated":true}]}}