{"id":14990,"date":"2025-03-26T08:33:54","date_gmt":"2025-03-26T08:33:54","guid":{"rendered":"https:\/\/digitalworkflowmasters.com\/?post_type=product&#038;p=14990"},"modified":"2025-06-23T19:30:30","modified_gmt":"2025-06-23T19:30:30","slug":"ems-airflow-prophylaxis-master","status":"publish","type":"product","link":"https:\/\/digitalworkflowmasters.com\/romana\/shop\/ems-airflow-prophylaxis-master\/","title":{"rendered":"Statie Profilaxie EMS Airflow Prophylaxis Master"},"content":{"rendered":"<h3 data-start=\"195\" data-end=\"265\"><strong data-start=\"199\" data-end=\"265\">EMS AIRFLOW\u00ae Prophylaxis Master: Sta\u021bie de Profilaxie Complet\u0103<\/strong><\/h3>\n<h4 data-start=\"266\" data-end=\"294\"><strong data-start=\"271\" data-end=\"294\">Prezentare general\u0103<\/strong><\/h4>\n<p data-start=\"296\" data-end=\"657\"><strong data-start=\"296\" data-end=\"331\">EMS AIRFLOW\u00ae Prophylaxis Master<\/strong> este o sta\u021bie de profilaxie de ultim\u0103 genera\u021bie, creat\u0103 pentru a \u00eembun\u0103t\u0103\u021bi semnificativ procedurile de igien\u0103 dentar\u0103, prin integrarea tehnologiilor avansate de detartraj EMS \u0219i airflow. Proiectat\u0103 pentru utilizare profesional\u0103 intensiv\u0103, ofer\u0103 ergonomie superioar\u0103, precizie \u0219i respect\u0103 cele mai \u00eenalte standarde de igien\u0103.<\/p>\n<hr data-start=\"659\" data-end=\"662\" \/>\n<h3 data-start=\"664\" data-end=\"697\"><strong data-start=\"668\" data-end=\"697\">Caracteristici principale<\/strong><\/h3>\n<p data-start=\"699\" data-end=\"913\"><strong data-start=\"699\" data-end=\"739\">Terapia Ghidat\u0103 a Biofilmului (GBT):<\/strong><br data-start=\"739\" data-end=\"742\" \/>Dezvoltat\u0103 special pentru a acoperi cele trei tratamente esen\u021biale ale GBT, aceast\u0103 sta\u021bie ofer\u0103 o solu\u021bie eficient\u0103 pentru preven\u021bia cariilor \u0219i \u00eentre\u021binerea parodontal\u0103.<\/p>\n<p data-start=\"915\" data-end=\"1098\"><strong data-start=\"915\" data-end=\"941\">Func\u021bionalitate dubl\u0103:<\/strong><br data-start=\"941\" data-end=\"944\" \/>Combin\u0103 tehnologiile <strong data-start=\"965\" data-end=\"988\">AIRFLOW\u00ae \u0219i PIEZON\u00ae<\/strong>, permi\u021b\u00e2nd \u00eendep\u0103rtarea eficient\u0103 a biofilmului, petelor \u0219i tartrului at\u00e2t supragingival, c\u00e2t \u0219i subgingival.<\/p>\n<p data-start=\"1100\" data-end=\"1238\"><strong data-start=\"1100\" data-end=\"1121\">Design ergonomic:<\/strong><br data-start=\"1121\" data-end=\"1124\" \/>Dotat\u0103 cu interfe\u021be intuitive \u0219i piese de m\u00e2n\u0103 confortabile, concepute pentru utilizare \u00eendelungat\u0103 \u0219i f\u0103r\u0103 efort.<\/p>\n<p data-start=\"1240\" data-end=\"1376\"><strong data-start=\"1240\" data-end=\"1278\">Irigare cu temperatur\u0103 controlat\u0103:<\/strong><br data-start=\"1278\" data-end=\"1281\" \/>Asigur\u0103 o temperatur\u0103 reglat\u0103 a iriga\u021biei pentru confortul pacientului \u00een timpul tratamentului.<\/p>\n<p data-start=\"1378\" data-end=\"1494\"><strong data-start=\"1378\" data-end=\"1398\">Pedal\u0103 wireless:<\/strong><br data-start=\"1398\" data-end=\"1401\" \/>Permite controlul f\u0103r\u0103 m\u00e2ini, sporind eficien\u021ba fluxului de lucru \u0219i men\u021binerea sterilit\u0103\u021bii.<\/p>\n<p data-start=\"1496\" data-end=\"1618\"><strong data-start=\"1496\" data-end=\"1519\">\u00centre\u021binere facil\u0103:<\/strong><br data-start=\"1519\" data-end=\"1522\" \/>Proiectat\u0103 pentru cur\u0103\u021bare \u0219i \u00eentre\u021binere u\u0219oar\u0103, oferind durabilitate \u0219i performan\u021b\u0103 constant\u0103.<\/p>\n<hr data-start=\"1620\" data-end=\"1623\" \/>\n<h3 data-start=\"1625\" data-end=\"1642\"><strong data-start=\"1629\" data-end=\"1642\">Aplica\u021bii<\/strong><\/h3>\n<p data-start=\"1644\" data-end=\"1788\"><strong data-start=\"1644\" data-end=\"1700\">Sta\u021bia de profilaxie EMS AIRFLOW\u00ae Prophylaxis Master<\/strong> este versatil\u0103 \u0219i ideal\u0103 pentru o gam\u0103 larg\u0103 de tratamente de igien\u0103 dentar\u0103, inclusiv:<\/p>\n<ul data-start=\"1790\" data-end=\"1937\">\n<li data-start=\"1790\" data-end=\"1816\">\n<p data-start=\"1792\" data-end=\"1816\">\u00cendep\u0103rtarea biofilmului<\/p>\n<\/li>\n<li data-start=\"1817\" data-end=\"1837\">\n<p data-start=\"1819\" data-end=\"1837\">Eliminarea petelor<\/p>\n<\/li>\n<li data-start=\"1838\" data-end=\"1890\">\n<p data-start=\"1840\" data-end=\"1890\">Detartraj EMS profesional (\u00eendep\u0103rtarea tartrului)<\/p>\n<\/li>\n<li data-start=\"1891\" data-end=\"1911\">\n<p data-start=\"1893\" data-end=\"1911\">Preven\u021bia cariilor<\/p>\n<\/li>\n<li data-start=\"1912\" data-end=\"1937\">\n<p data-start=\"1914\" data-end=\"1937\">\u00centre\u021binere parodontal\u0103<\/p>\n<\/li>\n<\/ul>\n<p data-start=\"1939\" data-end=\"2073\">Func\u021bionalitatea sa extins\u0103 o face un instrument esen\u021bial pentru orice specialist care dore\u0219te s\u0103 ofere \u00eengrijire profilactic\u0103 de top.<\/p>\n<hr data-start=\"2075\" data-end=\"2078\" \/>\n<h3 data-start=\"2080\" data-end=\"2135\"><strong data-start=\"2084\" data-end=\"2135\">De ce s\u0103 alegi EMS AIRFLOW\u00ae Prophylaxis Master?<\/strong><\/h3>\n<p data-start=\"2137\" data-end=\"2460\">Prin integrarea celor mai avansate tehnologii de detartraj EMS \u0219i airflow, aceast\u0103 sta\u021bie de profilaxie eficientizeaz\u0103 procedurile de igien\u0103 oral\u0103, sporind confortul pacientului \u0219i eficien\u021ba tratamentelor. Respectarea protocolului <strong data-start=\"2368\" data-end=\"2400\">Guided Biofilm Therapy (GBT)<\/strong> garanteaz\u0103 interven\u021bii eficiente, minim invazive \u0219i sigure.<\/p>\n<hr data-start=\"2462\" data-end=\"2465\" \/>\n<h3 data-start=\"2467\" data-end=\"2495\"><strong data-start=\"2471\" data-end=\"2495\">Specifica\u021bii tehnice<\/strong><\/h3>\n<div class=\"_tableContainer_16hzy_1\">\n<div class=\"_tableWrapper_16hzy_14 group flex w-fit flex-col-reverse\" tabindex=\"-1\">\n<table class=\"w-fit min-w-(--thread-content-width)\" data-start=\"2497\" data-end=\"3542\">\n<thead data-start=\"2497\" data-end=\"2583\">\n<tr data-start=\"2497\" data-end=\"2583\">\n<th data-start=\"2497\" data-end=\"2523\" data-col-size=\"sm\">Categorie<\/th>\n<th data-start=\"2523\" data-end=\"2583\" data-col-size=\"md\">Detalii<\/th>\n<\/tr>\n<\/thead>\n<tbody data-start=\"2671\" data-end=\"3542\">\n<tr data-start=\"2671\" data-end=\"2757\">\n<td data-start=\"2671\" data-end=\"2697\" data-col-size=\"sm\">Dimensiuni (L x l x h)<\/td>\n<td data-col-size=\"md\" data-start=\"2697\" data-end=\"2757\">320 mm x 320 mm x 1100 mm<\/td>\n<\/tr>\n<tr data-start=\"2758\" data-end=\"2844\">\n<td data-start=\"2758\" data-end=\"2784\" data-col-size=\"sm\">Greutate<\/td>\n<td data-col-size=\"md\" data-start=\"2784\" data-end=\"2844\">Aproximativ 9 kg<\/td>\n<\/tr>\n<tr data-start=\"2845\" data-end=\"2931\">\n<td data-start=\"2845\" data-end=\"2871\" data-col-size=\"sm\">Alimentare electric\u0103<\/td>\n<td data-col-size=\"md\" data-start=\"2871\" data-end=\"2931\">100\u2013240 V, 50\/60 Hz<\/td>\n<\/tr>\n<tr data-start=\"2932\" data-end=\"3018\">\n<td data-start=\"2932\" data-end=\"2958\" data-col-size=\"sm\">Alimentare cu ap\u0103<\/td>\n<td data-col-size=\"md\" data-start=\"2958\" data-end=\"3018\">Sistem cu flacon integrat sau conectare direct\u0103 la re\u021bea<\/td>\n<\/tr>\n<tr data-start=\"3019\" data-end=\"3105\">\n<td data-start=\"3019\" data-end=\"3045\" data-col-size=\"sm\">Piese de m\u00e2n\u0103<\/td>\n<td data-col-size=\"md\" data-start=\"3045\" data-end=\"3105\">AIRFLOW\u00ae \u0219i PIEZON\u00ae<\/td>\n<\/tr>\n<tr data-start=\"3106\" data-end=\"3192\">\n<td data-start=\"3106\" data-end=\"3132\" data-col-size=\"sm\">Moduri de operare<\/td>\n<td data-col-size=\"md\" data-start=\"3132\" data-end=\"3192\">AIRFLOW\u00ae, PERIOFLOW\u00ae, PIEZON\u00ae<\/td>\n<\/tr>\n<tr data-start=\"3193\" data-end=\"3279\">\n<td data-start=\"3193\" data-end=\"3219\" data-col-size=\"sm\">Pedal\u0103<\/td>\n<td data-col-size=\"md\" data-start=\"3219\" data-end=\"3279\">Wireless, multifunc\u021bional\u0103<\/td>\n<\/tr>\n<tr data-start=\"3280\" data-end=\"3366\">\n<td data-start=\"3280\" data-end=\"3306\" data-col-size=\"sm\">Temperatur\u0103 irigare<\/td>\n<td data-col-size=\"md\" data-start=\"3306\" data-end=\"3366\">Reglabil\u0103, monitorizare \u00een timp real<\/td>\n<\/tr>\n<tr data-start=\"3367\" data-end=\"3453\">\n<td data-start=\"3367\" data-end=\"3393\" data-col-size=\"sm\">Compatibilitate pudr\u0103<\/td>\n<td data-col-size=\"md\" data-start=\"3393\" data-end=\"3453\">Pudr\u0103 AIRFLOW\u00ae PLUS \u0219i alte pudre EMS<\/td>\n<\/tr>\n<tr data-start=\"3454\" data-end=\"3542\">\n<td data-start=\"3454\" data-end=\"3480\" data-col-size=\"sm\">Conformitate<\/td>\n<td data-col-size=\"md\" data-start=\"3480\" data-end=\"3542\">Respect\u0103 standardele interna\u021bionale de igien\u0103 \u0219i siguran\u021b\u0103<\/td>\n<\/tr>\n<\/tbody>\n<\/table>\n<\/div>\n<\/div>\n","protected":false},"excerpt":{"rendered":"<p>Sta\u021bia de profilaxie EMS AIRFLOW\u00ae Prophylaxis Master ofer\u0103 detartraj profesional \u0219i \u00eendep\u0103rtarea biofilmului prin tehnologie avansat\u0103 cu AIRFLOW\u00ae \u0219i PIEZON\u00ae. Ideal\u0103 pentru preven\u021bia cariilor \u0219i \u00eentre\u021binerea parodontal\u0103.<\/p>\n","protected":false},"featured_media":33667,"template":"","meta":{"_acf_changed":false,"om_disable_all_campaigns":false},"product_brand":[],"product_cat":[70],"product_tag":[],"class_list":{"0":"post-14990","1":"product","2":"type-product","3":"status-publish","4":"has-post-thumbnail","6":"product_cat-echipament-de-detartraj-dentar-flux-de-aer","8":"first","9":"instock","10":"shipping-taxable","11":"product-type-simple"},"acf":[],"yoast_head":"<!-- This site is optimized with the Yoast SEO plugin v25.3 - https:\/\/yoast.com\/wordpress\/plugins\/seo\/ -->\n<title>Statie Profilaxie EMS Airflow Prophylaxis Master - Digital Workflow Masters<\/title>\n<meta name=\"description\" content=\"Descoper\u0103 EMS AIRFLOW\u00ae Prophylaxis Master \u2013 sta\u021bie profilaxie de ultim\u0103 genera\u021bie pentru detartraj eficient \u0219i tratamente minim invazive. Respect\u0103 protocolul Guided Biofilm Therapy (GBT).\" \/>\n<meta name=\"robots\" content=\"index, follow, max-snippet:-1, max-image-preview:large, max-video-preview:-1\" \/>\n<link rel=\"canonical\" href=\"https:\/\/digitalworkflowmasters.com\/romana\/shop\/ems-airflow-prophylaxis-master\/\" \/>\n<meta property=\"og:locale\" content=\"ro_RO\" \/>\n<meta property=\"og:type\" content=\"article\" \/>\n<meta property=\"og:title\" content=\"Statie Profilaxie EMS Airflow Prophylaxis Master - Digital Workflow Masters\" \/>\n<meta property=\"og:description\" content=\"Descoper\u0103 EMS AIRFLOW\u00ae Prophylaxis Master \u2013 sta\u021bie profilaxie de ultim\u0103 genera\u021bie pentru detartraj eficient \u0219i tratamente minim invazive. Respect\u0103 protocolul Guided Biofilm Therapy (GBT).\" \/>\n<meta property=\"og:url\" content=\"https:\/\/digitalworkflowmasters.com\/romana\/shop\/ems-airflow-prophylaxis-master\/\" \/>\n<meta property=\"og:site_name\" content=\"Digital Workflow Masters\" \/>\n<meta property=\"article:publisher\" content=\"https:\/\/www.facebook.com\/digitalworkflowmasters\/\" \/>\n<meta property=\"article:modified_time\" content=\"2025-06-23T19:30:30+00:00\" \/>\n<meta property=\"og:image\" content=\"https:\/\/digitalworkflowmasters.com\/romana\/wp-content\/uploads\/2025\/03\/ems-min.jpg\" \/>\n\t<meta property=\"og:image:width\" content=\"1080\" \/>\n\t<meta property=\"og:image:height\" content=\"1080\" \/>\n\t<meta property=\"og:image:type\" content=\"image\/jpeg\" \/>\n<meta name=\"twitter:card\" content=\"summary_large_image\" \/>\n<meta name=\"twitter:label1\" content=\"Timp estimat pentru citire\" \/>\n\t<meta name=\"twitter:data1\" content=\"2 minute\" \/>\n<script type=\"application\/ld+json\" class=\"yoast-schema-graph\">{\"@context\":\"https:\/\/schema.org\",\"@graph\":[{\"@type\":\"WebPage\",\"@id\":\"https:\/\/digitalworkflowmasters.com\/romana\/shop\/ems-airflow-prophylaxis-master\/\",\"url\":\"https:\/\/digitalworkflowmasters.com\/romana\/shop\/ems-airflow-prophylaxis-master\/\",\"name\":\"Statie Profilaxie EMS Airflow Prophylaxis Master - Digital Workflow Masters\",\"isPartOf\":{\"@id\":\"https:\/\/digitalworkflowmasters.com\/romana\/#website\"},\"primaryImageOfPage\":{\"@id\":\"https:\/\/digitalworkflowmasters.com\/romana\/shop\/ems-airflow-prophylaxis-master\/#primaryimage\"},\"image\":{\"@id\":\"https:\/\/digitalworkflowmasters.com\/romana\/shop\/ems-airflow-prophylaxis-master\/#primaryimage\"},\"thumbnailUrl\":\"https:\/\/digitalworkflowmasters.com\/romana\/wp-content\/uploads\/2025\/03\/ems-min.jpg\",\"datePublished\":\"2025-03-26T08:33:54+00:00\",\"dateModified\":\"2025-06-23T19:30:30+00:00\",\"description\":\"Descoper\u0103 EMS AIRFLOW\u00ae Prophylaxis Master \u2013 sta\u021bie profilaxie de ultim\u0103 genera\u021bie pentru detartraj eficient \u0219i tratamente minim invazive. Respect\u0103 protocolul Guided Biofilm Therapy (GBT).\",\"breadcrumb\":{\"@id\":\"https:\/\/digitalworkflowmasters.com\/romana\/shop\/ems-airflow-prophylaxis-master\/#breadcrumb\"},\"inLanguage\":\"ro-RO\",\"potentialAction\":[{\"@type\":\"ReadAction\",\"target\":[\"https:\/\/digitalworkflowmasters.com\/romana\/shop\/ems-airflow-prophylaxis-master\/\"]}]},{\"@type\":\"ImageObject\",\"inLanguage\":\"ro-RO\",\"@id\":\"https:\/\/digitalworkflowmasters.com\/romana\/shop\/ems-airflow-prophylaxis-master\/#primaryimage\",\"url\":\"https:\/\/digitalworkflowmasters.com\/romana\/wp-content\/uploads\/2025\/03\/ems-min.jpg\",\"contentUrl\":\"https:\/\/digitalworkflowmasters.com\/romana\/wp-content\/uploads\/2025\/03\/ems-min.jpg\",\"width\":1080,\"height\":1080},{\"@type\":\"BreadcrumbList\",\"@id\":\"https:\/\/digitalworkflowmasters.com\/romana\/shop\/ems-airflow-prophylaxis-master\/#breadcrumb\",\"itemListElement\":[{\"@type\":\"ListItem\",\"position\":1,\"name\":\"Home\",\"item\":\"https:\/\/digitalworkflowmasters.com\/romana\/\"},{\"@type\":\"ListItem\",\"position\":2,\"name\":\"Products\",\"item\":\"https:\/\/digitalworkflowmasters.com\/romana\/shop\/\"},{\"@type\":\"ListItem\",\"position\":3,\"name\":\"Profilaxie\",\"item\":\"https:\/\/digitalworkflowmasters.com\/romana\/product-category\/profilaxie\/\"},{\"@type\":\"ListItem\",\"position\":4,\"name\":\"Echipament de detartraj dentar, flux de aer\",\"item\":\"https:\/\/digitalworkflowmasters.com\/romana\/product-category\/profilaxie\/echipament-de-detartraj-dentar-flux-de-aer\/\"},{\"@type\":\"ListItem\",\"position\":5,\"name\":\"Statie Profilaxie EMS Airflow Prophylaxis Master\"}]},{\"@type\":\"WebSite\",\"@id\":\"https:\/\/digitalworkflowmasters.com\/romana\/#website\",\"url\":\"https:\/\/digitalworkflowmasters.com\/romana\/\",\"name\":\"Digital Workflow Masters\",\"description\":\"Premium Dental Equipment\",\"publisher\":{\"@id\":\"https:\/\/digitalworkflowmasters.com\/romana\/#organization\"},\"potentialAction\":[{\"@type\":\"SearchAction\",\"target\":{\"@type\":\"EntryPoint\",\"urlTemplate\":\"https:\/\/digitalworkflowmasters.com\/romana\/?s={search_term_string}\"},\"query-input\":{\"@type\":\"PropertyValueSpecification\",\"valueRequired\":true,\"valueName\":\"search_term_string\"}}],\"inLanguage\":\"ro-RO\"},{\"@type\":\"Organization\",\"@id\":\"https:\/\/digitalworkflowmasters.com\/romana\/#organization\",\"name\":\"Digital Workflow Masters\",\"url\":\"https:\/\/digitalworkflowmasters.com\/romana\/\",\"logo\":{\"@type\":\"ImageObject\",\"inLanguage\":\"ro-RO\",\"@id\":\"https:\/\/digitalworkflowmasters.com\/romana\/#\/schema\/logo\/image\/\",\"url\":\"https:\/\/digitalworkflowmasters.com\/romana\/wp-content\/uploads\/2025\/08\/1.png\",\"contentUrl\":\"https:\/\/digitalworkflowmasters.com\/romana\/wp-content\/uploads\/2025\/08\/1.png\",\"width\":1080,\"height\":1080,\"caption\":\"Digital Workflow Masters\"},\"image\":{\"@id\":\"https:\/\/digitalworkflowmasters.com\/romana\/#\/schema\/logo\/image\/\"},\"sameAs\":[\"https:\/\/www.facebook.com\/digitalworkflowmasters\/\",\"https:\/\/www.instagram.com\/digitalworkflowmasters\/\"]}]}<\/script>\n<!-- \/ Yoast SEO plugin. -->","yoast_head_json":{"title":"Statie Profilaxie EMS Airflow Prophylaxis Master - Digital Workflow Masters","description":"Descoper\u0103 EMS AIRFLOW\u00ae Prophylaxis Master \u2013 sta\u021bie profilaxie de ultim\u0103 genera\u021bie pentru detartraj eficient \u0219i tratamente minim invazive. Respect\u0103 protocolul Guided Biofilm Therapy (GBT).","robots":{"index":"index","follow":"follow","max-snippet":"max-snippet:-1","max-image-preview":"max-image-preview:large","max-video-preview":"max-video-preview:-1"},"canonical":"https:\/\/digitalworkflowmasters.com\/romana\/shop\/ems-airflow-prophylaxis-master\/","og_locale":"ro_RO","og_type":"article","og_title":"Statie Profilaxie EMS Airflow Prophylaxis Master - Digital Workflow Masters","og_description":"Descoper\u0103 EMS AIRFLOW\u00ae Prophylaxis Master \u2013 sta\u021bie profilaxie de ultim\u0103 genera\u021bie pentru detartraj eficient \u0219i tratamente minim invazive. Respect\u0103 protocolul Guided Biofilm Therapy (GBT).","og_url":"https:\/\/digitalworkflowmasters.com\/romana\/shop\/ems-airflow-prophylaxis-master\/","og_site_name":"Digital Workflow Masters","article_publisher":"https:\/\/www.facebook.com\/digitalworkflowmasters\/","article_modified_time":"2025-06-23T19:30:30+00:00","og_image":[{"width":1080,"height":1080,"url":"https:\/\/digitalworkflowmasters.com\/romana\/wp-content\/uploads\/2025\/03\/ems-min.jpg","type":"image\/jpeg"}],"twitter_card":"summary_large_image","twitter_misc":{"Timp estimat pentru citire":"2 minute"},"schema":{"@context":"https:\/\/schema.org","@graph":[{"@type":"WebPage","@id":"https:\/\/digitalworkflowmasters.com\/romana\/shop\/ems-airflow-prophylaxis-master\/","url":"https:\/\/digitalworkflowmasters.com\/romana\/shop\/ems-airflow-prophylaxis-master\/","name":"Statie Profilaxie EMS Airflow Prophylaxis Master - Digital Workflow Masters","isPartOf":{"@id":"https:\/\/digitalworkflowmasters.com\/romana\/#website"},"primaryImageOfPage":{"@id":"https:\/\/digitalworkflowmasters.com\/romana\/shop\/ems-airflow-prophylaxis-master\/#primaryimage"},"image":{"@id":"https:\/\/digitalworkflowmasters.com\/romana\/shop\/ems-airflow-prophylaxis-master\/#primaryimage"},"thumbnailUrl":"https:\/\/digitalworkflowmasters.com\/romana\/wp-content\/uploads\/2025\/03\/ems-min.jpg","datePublished":"2025-03-26T08:33:54+00:00","dateModified":"2025-06-23T19:30:30+00:00","description":"Descoper\u0103 EMS AIRFLOW\u00ae Prophylaxis Master \u2013 sta\u021bie profilaxie de ultim\u0103 genera\u021bie pentru detartraj eficient \u0219i tratamente minim invazive. Respect\u0103 protocolul Guided Biofilm Therapy (GBT).","breadcrumb":{"@id":"https:\/\/digitalworkflowmasters.com\/romana\/shop\/ems-airflow-prophylaxis-master\/#breadcrumb"},"inLanguage":"ro-RO","potentialAction":[{"@type":"ReadAction","target":["https:\/\/digitalworkflowmasters.com\/romana\/shop\/ems-airflow-prophylaxis-master\/"]}]},{"@type":"ImageObject","inLanguage":"ro-RO","@id":"https:\/\/digitalworkflowmasters.com\/romana\/shop\/ems-airflow-prophylaxis-master\/#primaryimage","url":"https:\/\/digitalworkflowmasters.com\/romana\/wp-content\/uploads\/2025\/03\/ems-min.jpg","contentUrl":"https:\/\/digitalworkflowmasters.com\/romana\/wp-content\/uploads\/2025\/03\/ems-min.jpg","width":1080,"height":1080},{"@type":"BreadcrumbList","@id":"https:\/\/digitalworkflowmasters.com\/romana\/shop\/ems-airflow-prophylaxis-master\/#breadcrumb","itemListElement":[{"@type":"ListItem","position":1,"name":"Home","item":"https:\/\/digitalworkflowmasters.com\/romana\/"},{"@type":"ListItem","position":2,"name":"Products","item":"https:\/\/digitalworkflowmasters.com\/romana\/shop\/"},{"@type":"ListItem","position":3,"name":"Profilaxie","item":"https:\/\/digitalworkflowmasters.com\/romana\/product-category\/profilaxie\/"},{"@type":"ListItem","position":4,"name":"Echipament de detartraj dentar, flux de aer","item":"https:\/\/digitalworkflowmasters.com\/romana\/product-category\/profilaxie\/echipament-de-detartraj-dentar-flux-de-aer\/"},{"@type":"ListItem","position":5,"name":"Statie Profilaxie EMS Airflow Prophylaxis Master"}]},{"@type":"WebSite","@id":"https:\/\/digitalworkflowmasters.com\/romana\/#website","url":"https:\/\/digitalworkflowmasters.com\/romana\/","name":"Digital Workflow Masters","description":"Premium Dental Equipment","publisher":{"@id":"https:\/\/digitalworkflowmasters.com\/romana\/#organization"},"potentialAction":[{"@type":"SearchAction","target":{"@type":"EntryPoint","urlTemplate":"https:\/\/digitalworkflowmasters.com\/romana\/?s={search_term_string}"},"query-input":{"@type":"PropertyValueSpecification","valueRequired":true,"valueName":"search_term_string"}}],"inLanguage":"ro-RO"},{"@type":"Organization","@id":"https:\/\/digitalworkflowmasters.com\/romana\/#organization","name":"Digital Workflow Masters","url":"https:\/\/digitalworkflowmasters.com\/romana\/","logo":{"@type":"ImageObject","inLanguage":"ro-RO","@id":"https:\/\/digitalworkflowmasters.com\/romana\/#\/schema\/logo\/image\/","url":"https:\/\/digitalworkflowmasters.com\/romana\/wp-content\/uploads\/2025\/08\/1.png","contentUrl":"https:\/\/digitalworkflowmasters.com\/romana\/wp-content\/uploads\/2025\/08\/1.png","width":1080,"height":1080,"caption":"Digital Workflow Masters"},"image":{"@id":"https:\/\/digitalworkflowmasters.com\/romana\/#\/schema\/logo\/image\/"},"sameAs":["https:\/\/www.facebook.com\/digitalworkflowmasters\/","https:\/\/www.instagram.com\/digitalworkflowmasters\/"]}]}},"_links":{"self":[{"href":"https:\/\/digitalworkflowmasters.com\/romana\/wp-json\/wp\/v2\/product\/14990","targetHints":{"allow":["GET"]}}],"collection":[{"href":"https:\/\/digitalworkflowmasters.com\/romana\/wp-json\/wp\/v2\/product"}],"about":[{"href":"https:\/\/digitalworkflowmasters.com\/romana\/wp-json\/wp\/v2\/types\/product"}],"version-history":[{"count":0,"href":"https:\/\/digitalworkflowmasters.com\/romana\/wp-json\/wp\/v2\/product\/14990\/revisions"}],"wp:featuredmedia":[{"embeddable":true,"href":"https:\/\/digitalworkflowmasters.com\/romana\/wp-json\/wp\/v2\/media\/33667"}],"wp:attachment":[{"href":"https:\/\/digitalworkflowmasters.com\/romana\/wp-json\/wp\/v2\/media?parent=14990"}],"wp:term":[{"taxonomy":"product_brand","embeddable":true,"href":"https:\/\/digitalworkflowmasters.com\/romana\/wp-json\/wp\/v2\/product_brand?post=14990"},{"taxonomy":"product_cat","embeddable":true,"href":"https:\/\/digitalworkflowmasters.com\/romana\/wp-json\/wp\/v2\/product_cat?post=14990"},{"taxonomy":"product_tag","embeddable":true,"href":"https:\/\/digitalworkflowmasters.com\/romana\/wp-json\/wp\/v2\/product_tag?post=14990"}],"curies":[{"name":"wp","href":"https:\/\/api.w.org\/{rel}","templated":true}]}}