{"id":14993,"date":"2025-03-26T08:33:54","date_gmt":"2025-03-26T08:33:54","guid":{"rendered":"https:\/\/digitalworkflowmasters.com\/?post_type=product&#038;p=14993"},"modified":"2025-06-23T19:19:40","modified_gmt":"2025-06-23T19:19:40","slug":"varios-combi-pro-nsk","status":"publish","type":"product","link":"https:\/\/digitalworkflowmasters.com\/romana\/shop\/varios-combi-pro-nsk\/","title":{"rendered":"Varios Combi Pro NSK"},"content":{"rendered":"<h3 data-start=\"153\" data-end=\"252\"><strong data-start=\"157\" data-end=\"252\">Varios Combi Pro de la NSK \u2013 Sistem avansat de detartraj \u0219i aparat de profilaxie cu airflow<\/strong><\/h3>\n<h4 data-start=\"254\" data-end=\"282\"><strong data-start=\"259\" data-end=\"282\">Prezentare general\u0103<\/strong><\/h4>\n<p data-start=\"284\" data-end=\"514\"><strong data-start=\"284\" data-end=\"314\">Varios Combi Pro de la NSK<\/strong> este un <strong data-start=\"323\" data-end=\"388\">sistem inovator de detartraj ultrasonic \u0219i terapie cu pulbere<\/strong>, conceput pentru a oferi o solu\u021bie complet\u0103, eficient\u0103 \u0219i confortabil\u0103 \u00een igiena oral\u0103 profesional\u0103 \u0219i controlul biofilmului.<\/p>\n<hr data-start=\"516\" data-end=\"519\" \/>\n<h3 data-start=\"521\" data-end=\"554\"><strong data-start=\"525\" data-end=\"554\">Caracteristici principale<\/strong><\/h3>\n<h4 data-start=\"556\" data-end=\"587\"><strong data-start=\"561\" data-end=\"587\">Func\u021bionalitate dubl\u0103:<\/strong><\/h4>\n<ul data-start=\"588\" data-end=\"1019\">\n<li data-start=\"588\" data-end=\"837\">\n<p data-start=\"590\" data-end=\"837\"><strong data-start=\"590\" data-end=\"615\">Detartraj ultrasonic:<\/strong> Datorit\u0103 motorului iPiezo de ultim\u0103 genera\u021bie de la NSK, aparatul ofer\u0103 o performan\u021b\u0103 constant\u0103 \u0219i eficient\u0103, adapt\u00e2ndu-se automat presiunii exercitate de medicul stomatolog \u2013 similar cu utilizarea unui instrument manual.<\/p>\n<\/li>\n<li data-start=\"838\" data-end=\"1019\">\n<p data-start=\"840\" data-end=\"1019\"><strong data-start=\"840\" data-end=\"863\">Terapie cu pulbere:<\/strong> Ideal pentru cur\u0103\u021barea eficient\u0103, at\u00e2t <strong data-start=\"903\" data-end=\"920\">supragingival<\/strong>, c\u00e2t \u0219i <strong data-start=\"929\" data-end=\"944\">subgingival<\/strong>, elimin\u00e2nd biofilmul \u0219i petele dentare cu disconfort minim pentru pacient.<\/p>\n<\/li>\n<\/ul>\n<h4 data-start=\"1021\" data-end=\"1047\"><strong data-start=\"1026\" data-end=\"1047\">Design ergonomic:<\/strong><\/h4>\n<ul data-start=\"1048\" data-end=\"1282\">\n<li data-start=\"1048\" data-end=\"1165\">\n<p data-start=\"1050\" data-end=\"1165\"><strong data-start=\"1050\" data-end=\"1076\">Pies\u0103 de m\u00e2n\u0103 sub\u021bire:<\/strong> U\u0219oar\u0103 \u0219i bine echilibrat\u0103, ofer\u0103 acces excelent \u0219i manevrabilitate \u00een cavitatea bucal\u0103.<\/p>\n<\/li>\n<li data-start=\"1166\" data-end=\"1282\">\n<p data-start=\"1168\" data-end=\"1282\"><strong data-start=\"1168\" data-end=\"1186\">Duza compact\u0103:<\/strong> Permite accesul facil la din\u021bii posteriori, reduc\u00e2nd necesitatea retragerii buzei \u0219i obrazului.<\/p>\n<\/li>\n<\/ul>\n<h4 data-start=\"1284\" data-end=\"1313\"><strong data-start=\"1289\" data-end=\"1313\">Interfa\u021b\u0103 intuitiv\u0103:<\/strong><\/h4>\n<ul data-start=\"1314\" data-end=\"1615\">\n<li data-start=\"1314\" data-end=\"1461\">\n<p data-start=\"1316\" data-end=\"1461\"><strong data-start=\"1316\" data-end=\"1333\">Display clar:<\/strong> Afi\u0219eaz\u0103 rapid programul selectat, nivelul de putere \u0219i volumul de ap\u0103 din spray, cresc\u00e2nd eficien\u021ba \u0219i siguran\u021ba \u00een utilizare.<\/p>\n<\/li>\n<li data-start=\"1462\" data-end=\"1615\">\n<p data-start=\"1464\" data-end=\"1615\"><strong data-start=\"1464\" data-end=\"1492\">Pedal\u0103 multifunc\u021bional\u0103:<\/strong> Permite schimbarea modurilor \u0219i ajustarea set\u0103rilor f\u0103r\u0103 a folosi m\u00e2inile, oferind control complet \u00een timpul procedurilor.<\/p>\n<\/li>\n<\/ul>\n<h4 data-start=\"1617\" data-end=\"1645\"><strong data-start=\"1622\" data-end=\"1645\">U\u0219or de \u00eentre\u021binut:<\/strong><\/h4>\n<ul data-start=\"1646\" data-end=\"1952\">\n<li data-start=\"1646\" data-end=\"1814\">\n<p data-start=\"1648\" data-end=\"1814\"><strong data-start=\"1648\" data-end=\"1674\">Componente deta\u0219abile:<\/strong> Designul modular, cu piese deta\u0219abile (unitate, camere, piese de m\u00e2n\u0103), permite schimbarea rapid\u0103 \u00eentre aplica\u021bii \u0219i faciliteaz\u0103 cur\u0103\u021barea.<\/p>\n<\/li>\n<li data-start=\"1815\" data-end=\"1952\">\n<p data-start=\"1817\" data-end=\"1952\"><strong data-start=\"1817\" data-end=\"1845\">Func\u021bie de autocur\u0103\u021bare:<\/strong> Cur\u0103\u021b\u0103 automat piesa de m\u00e2n\u0103 \u0219i furtunul dup\u0103 utilizare, asigur\u00e2nd igien\u0103 optim\u0103 \u0219i performan\u021b\u0103 de durat\u0103.<\/p>\n<\/li>\n<\/ul>\n<hr data-start=\"1954\" data-end=\"1957\" \/>\n<h3 data-start=\"1959\" data-end=\"2021\"><strong data-start=\"1963\" data-end=\"2021\">Aplica\u021bii ale sistemului de detartraj Varios Combi Pro<\/strong><\/h3>\n<p data-start=\"2023\" data-end=\"2129\">Aparatul de profilaxie NSK <strong data-start=\"2050\" data-end=\"2070\">Varios Combi Pro<\/strong> este ideal pentru o gam\u0103 larg\u0103 de proceduri stomatologice:<\/p>\n<ul data-start=\"2131\" data-end=\"2288\">\n<li data-start=\"2131\" data-end=\"2156\">\n<p data-start=\"2133\" data-end=\"2156\">Detartraj supragingival<\/p>\n<\/li>\n<li data-start=\"2157\" data-end=\"2192\">\n<p data-start=\"2159\" data-end=\"2192\">Detartraj subgingival (debridare)<\/p>\n<\/li>\n<li data-start=\"2193\" data-end=\"2229\">\n<p data-start=\"2195\" data-end=\"2229\">\u00cendep\u0103rtarea biofilmului bacterian<\/p>\n<\/li>\n<li data-start=\"2230\" data-end=\"2262\">\n<p data-start=\"2232\" data-end=\"2262\">Eliminarea petelor de pe din\u021bi<\/p>\n<\/li>\n<li data-start=\"2263\" data-end=\"2288\">\n<p data-start=\"2265\" data-end=\"2288\">\u00centre\u021binere parodontal\u0103<\/p>\n<\/li>\n<\/ul>\n<hr data-start=\"2290\" data-end=\"2293\" \/>\n<h3 data-start=\"2295\" data-end=\"2367\"><strong data-start=\"2299\" data-end=\"2367\">De ce s\u0103 alegi sistemul de detartraj Varios Combi Pro de la NSK?<\/strong><\/h3>\n<p data-start=\"2369\" data-end=\"2712\">Prin integrarea tehnologiei de detartraj ultrasonic \u0219i terapiei cu pulbere \u00eentr-un singur aparat, <strong data-start=\"2467\" data-end=\"2487\">Varios Combi Pro<\/strong> optimizeaz\u0103 procedurile de profilaxie dentar\u0103. Designul ergonomic, interfa\u021ba prietenoas\u0103 \u0219i u\u0219urin\u021ba \u00een \u00eentre\u021binere fac din acest <strong data-start=\"2618\" data-end=\"2646\">aparat de profilaxie NSK<\/strong> un instrument indispensabil \u00een orice cabinet stomatologic modern.<\/p>\n<hr data-start=\"2714\" data-end=\"2717\" \/>\n<h3 data-start=\"2719\" data-end=\"2747\"><strong data-start=\"2723\" data-end=\"2747\">Specifica\u021bii tehnice<\/strong><\/h3>\n<div class=\"_tableContainer_16hzy_1\">\n<div class=\"_tableWrapper_16hzy_14 group flex w-fit flex-col-reverse\" tabindex=\"-1\">\n<table class=\"w-fit min-w-(--thread-content-width)\" data-start=\"2749\" data-end=\"3770\">\n<thead data-start=\"2749\" data-end=\"2827\">\n<tr data-start=\"2749\" data-end=\"2827\">\n<th data-start=\"2749\" data-end=\"2778\" data-col-size=\"sm\"><strong data-start=\"2751\" data-end=\"2764\">Categorie<\/strong><\/th>\n<th data-start=\"2778\" data-end=\"2827\" data-col-size=\"md\"><strong data-start=\"2780\" data-end=\"2791\">Detalii<\/strong><\/th>\n<\/tr>\n<\/thead>\n<tbody data-start=\"2906\" data-end=\"3770\">\n<tr data-start=\"2906\" data-end=\"2983\">\n<td data-start=\"2906\" data-end=\"2934\" data-col-size=\"sm\">Alimentare electric\u0103<\/td>\n<td data-col-size=\"md\" data-start=\"2934\" data-end=\"2983\">AC 100-240 V, 50\/60 Hz<\/td>\n<\/tr>\n<tr data-start=\"2984\" data-end=\"3062\">\n<td data-start=\"2984\" data-end=\"3013\" data-col-size=\"sm\">Frecven\u021b\u0103 ultrasonic\u0103<\/td>\n<td data-col-size=\"md\" data-start=\"3013\" data-end=\"3062\">28-32 kHz<\/td>\n<\/tr>\n<tr data-start=\"3063\" data-end=\"3140\">\n<td data-start=\"3063\" data-end=\"3092\" data-col-size=\"sm\">Dimensiuni (L x l x h)<\/td>\n<td data-col-size=\"md\" data-start=\"3092\" data-end=\"3140\">225 mm x 290 mm x 162 mm (cu camer\u0103 inclus\u0103)<\/td>\n<\/tr>\n<tr data-start=\"3141\" data-end=\"3217\">\n<td data-start=\"3141\" data-end=\"3169\" data-col-size=\"sm\">Greutate unitate<\/td>\n<td data-col-size=\"md\" data-start=\"3169\" data-end=\"3217\">2,7 kg (f\u0103r\u0103 sticl\u0103 de irigare \u0219i camer\u0103)<\/td>\n<\/tr>\n<tr data-start=\"3218\" data-end=\"3294\">\n<td data-start=\"3218\" data-end=\"3246\" data-col-size=\"sm\">Volum sticl\u0103 de ap\u0103<\/td>\n<td data-col-size=\"md\" data-start=\"3246\" data-end=\"3294\">400 mL<\/td>\n<\/tr>\n<tr data-start=\"3295\" data-end=\"3371\">\n<td data-start=\"3295\" data-end=\"3323\" data-col-size=\"sm\">Piese de m\u00e2n\u0103 incluse<\/td>\n<td data-col-size=\"md\" data-start=\"3323\" data-end=\"3371\">PROPHY (duz\u0103 60\u00b0), VA2LUX<\/td>\n<\/tr>\n<tr data-start=\"3372\" data-end=\"3448\">\n<td data-start=\"3372\" data-end=\"3400\" data-col-size=\"sm\">Moduri de operare<\/td>\n<td data-col-size=\"md\" data-start=\"3400\" data-end=\"3448\">Supragingival, Subgingival, Ultrasonic<\/td>\n<\/tr>\n<tr data-start=\"3449\" data-end=\"3525\">\n<td data-start=\"3449\" data-end=\"3477\" data-col-size=\"sm\">Niveluri de putere<\/td>\n<td data-col-size=\"md\" data-start=\"3477\" data-end=\"3525\">10 niveluri reglabile<\/td>\n<\/tr>\n<tr data-start=\"3526\" data-end=\"3602\">\n<td data-start=\"3526\" data-end=\"3554\" data-col-size=\"sm\">Volum ap\u0103 spray<\/td>\n<td data-col-size=\"md\" data-start=\"3554\" data-end=\"3602\">Reglabil<\/td>\n<\/tr>\n<tr data-start=\"3603\" data-end=\"3679\">\n<td data-start=\"3603\" data-end=\"3631\" data-col-size=\"sm\">Pedal\u0103 de control<\/td>\n<td data-col-size=\"md\" data-start=\"3631\" data-end=\"3679\">Pedal\u0103 multifunc\u021bional\u0103<\/td>\n<\/tr>\n<tr data-start=\"3680\" data-end=\"3770\">\n<td data-start=\"3680\" data-end=\"3708\" data-col-size=\"sm\">Conformitate<\/td>\n<td data-col-size=\"md\" data-start=\"3708\" data-end=\"3770\">Respect\u0103 standardele interna\u021bionale de igien\u0103 \u0219i siguran\u021b\u0103<\/td>\n<\/tr>\n<\/tbody>\n<\/table>\n<div class=\"sticky end-(--thread-content-margin) h-0 self-end select-none\">\n<div class=\"absolute end-0 flex items-end\"><\/div>\n<\/div>\n<\/div>\n<\/div>\n<hr data-start=\"3772\" data-end=\"3775\" \/>\n<h3 data-start=\"3777\" data-end=\"3794\"><strong data-start=\"3781\" data-end=\"3794\">Concluzie<\/strong><\/h3>\n<p data-start=\"3796\" data-end=\"4115\"><strong data-start=\"3796\" data-end=\"3816\">Varios Combi Pro<\/strong> este un <strong data-start=\"3825\" data-end=\"3860\">sistem de detartraj profesional<\/strong> \u0219i un <strong data-start=\"3867\" data-end=\"3895\">aparat de profilaxie NSK<\/strong> care \u00eembin\u0103 inova\u021bia, precizia \u0219i confortul \u00eentr-o solu\u021bie complet\u0103 pentru tratamente eficiente \u0219i sigure. Este alegerea ideal\u0103 pentru medicii stomatologi care vor s\u0103 ofere servicii de profilaxie de top pacien\u021bilor lor.<\/p>\n","protected":false},"excerpt":{"rendered":"<p>Varios Combi Pro \u2013 Sistem de detartraj \u0219i aparat de profilaxie NSK cu ultrasunete \u0219i airflow<\/p>\n","protected":false},"featured_media":33669,"template":"","meta":{"_acf_changed":false,"om_disable_all_campaigns":false},"product_brand":[],"product_cat":[70],"product_tag":[],"class_list":{"0":"post-14993","1":"product","2":"type-product","3":"status-publish","4":"has-post-thumbnail","6":"product_cat-echipament-de-detartraj-dentar-flux-de-aer","8":"first","9":"instock","10":"shipping-taxable","11":"product-type-simple"},"acf":[],"yoast_head":"<!-- This site is optimized with the Yoast SEO plugin v25.3 - https:\/\/yoast.com\/wordpress\/plugins\/seo\/ -->\n<title>Varios Combi Pro NSK - Digital Workflow Masters<\/title>\n<meta name=\"description\" content=\"Aparat profesional NSK pentru detartraj \u0219i profilaxie dentar\u0103. Ultrasonice + airflow, ideal pentru igieniz\u0103ri, biofilm \u0219i \u00eentre\u021binere parodontal\u0103.\" \/>\n<meta name=\"robots\" content=\"index, follow, max-snippet:-1, max-image-preview:large, max-video-preview:-1\" \/>\n<link rel=\"canonical\" href=\"https:\/\/digitalworkflowmasters.com\/romana\/shop\/varios-combi-pro-nsk\/\" \/>\n<meta property=\"og:locale\" content=\"ro_RO\" \/>\n<meta property=\"og:type\" content=\"article\" \/>\n<meta property=\"og:title\" content=\"Varios Combi Pro NSK - Digital Workflow Masters\" \/>\n<meta property=\"og:description\" content=\"Aparat profesional NSK pentru detartraj \u0219i profilaxie dentar\u0103. Ultrasonice + airflow, ideal pentru igieniz\u0103ri, biofilm \u0219i \u00eentre\u021binere parodontal\u0103.\" \/>\n<meta property=\"og:url\" content=\"https:\/\/digitalworkflowmasters.com\/romana\/shop\/varios-combi-pro-nsk\/\" \/>\n<meta property=\"og:site_name\" content=\"Digital Workflow Masters\" \/>\n<meta property=\"article:publisher\" content=\"https:\/\/www.facebook.com\/digitalworkflowmasters\/\" \/>\n<meta property=\"article:modified_time\" content=\"2025-06-23T19:19:40+00:00\" \/>\n<meta property=\"og:image\" content=\"https:\/\/digitalworkflowmasters.com\/romana\/wp-content\/uploads\/2025\/03\/NSK-min.jpg\" \/>\n\t<meta property=\"og:image:width\" content=\"1080\" \/>\n\t<meta property=\"og:image:height\" content=\"1080\" \/>\n\t<meta property=\"og:image:type\" content=\"image\/jpeg\" \/>\n<meta name=\"twitter:card\" content=\"summary_large_image\" \/>\n<meta name=\"twitter:label1\" content=\"Timp estimat pentru citire\" \/>\n\t<meta name=\"twitter:data1\" content=\"3 minute\" \/>\n<script type=\"application\/ld+json\" class=\"yoast-schema-graph\">{\"@context\":\"https:\/\/schema.org\",\"@graph\":[{\"@type\":\"WebPage\",\"@id\":\"https:\/\/digitalworkflowmasters.com\/romana\/shop\/varios-combi-pro-nsk\/\",\"url\":\"https:\/\/digitalworkflowmasters.com\/romana\/shop\/varios-combi-pro-nsk\/\",\"name\":\"Varios Combi Pro NSK - Digital Workflow Masters\",\"isPartOf\":{\"@id\":\"https:\/\/digitalworkflowmasters.com\/romana\/#website\"},\"primaryImageOfPage\":{\"@id\":\"https:\/\/digitalworkflowmasters.com\/romana\/shop\/varios-combi-pro-nsk\/#primaryimage\"},\"image\":{\"@id\":\"https:\/\/digitalworkflowmasters.com\/romana\/shop\/varios-combi-pro-nsk\/#primaryimage\"},\"thumbnailUrl\":\"https:\/\/digitalworkflowmasters.com\/romana\/wp-content\/uploads\/2025\/03\/NSK-min.jpg\",\"datePublished\":\"2025-03-26T08:33:54+00:00\",\"dateModified\":\"2025-06-23T19:19:40+00:00\",\"description\":\"Aparat profesional NSK pentru detartraj \u0219i profilaxie dentar\u0103. Ultrasonice + airflow, ideal pentru igieniz\u0103ri, biofilm \u0219i \u00eentre\u021binere parodontal\u0103.\",\"breadcrumb\":{\"@id\":\"https:\/\/digitalworkflowmasters.com\/romana\/shop\/varios-combi-pro-nsk\/#breadcrumb\"},\"inLanguage\":\"ro-RO\",\"potentialAction\":[{\"@type\":\"ReadAction\",\"target\":[\"https:\/\/digitalworkflowmasters.com\/romana\/shop\/varios-combi-pro-nsk\/\"]}]},{\"@type\":\"ImageObject\",\"inLanguage\":\"ro-RO\",\"@id\":\"https:\/\/digitalworkflowmasters.com\/romana\/shop\/varios-combi-pro-nsk\/#primaryimage\",\"url\":\"https:\/\/digitalworkflowmasters.com\/romana\/wp-content\/uploads\/2025\/03\/NSK-min.jpg\",\"contentUrl\":\"https:\/\/digitalworkflowmasters.com\/romana\/wp-content\/uploads\/2025\/03\/NSK-min.jpg\",\"width\":1080,\"height\":1080},{\"@type\":\"BreadcrumbList\",\"@id\":\"https:\/\/digitalworkflowmasters.com\/romana\/shop\/varios-combi-pro-nsk\/#breadcrumb\",\"itemListElement\":[{\"@type\":\"ListItem\",\"position\":1,\"name\":\"Home\",\"item\":\"https:\/\/digitalworkflowmasters.com\/romana\/\"},{\"@type\":\"ListItem\",\"position\":2,\"name\":\"Products\",\"item\":\"https:\/\/digitalworkflowmasters.com\/romana\/shop\/\"},{\"@type\":\"ListItem\",\"position\":3,\"name\":\"Profilaxie\",\"item\":\"https:\/\/digitalworkflowmasters.com\/romana\/product-category\/profilaxie\/\"},{\"@type\":\"ListItem\",\"position\":4,\"name\":\"Echipament de detartraj dentar, flux de aer\",\"item\":\"https:\/\/digitalworkflowmasters.com\/romana\/product-category\/profilaxie\/echipament-de-detartraj-dentar-flux-de-aer\/\"},{\"@type\":\"ListItem\",\"position\":5,\"name\":\"Varios Combi Pro NSK\"}]},{\"@type\":\"WebSite\",\"@id\":\"https:\/\/digitalworkflowmasters.com\/romana\/#website\",\"url\":\"https:\/\/digitalworkflowmasters.com\/romana\/\",\"name\":\"Digital Workflow Masters\",\"description\":\"Premium Dental Equipment\",\"publisher\":{\"@id\":\"https:\/\/digitalworkflowmasters.com\/romana\/#organization\"},\"potentialAction\":[{\"@type\":\"SearchAction\",\"target\":{\"@type\":\"EntryPoint\",\"urlTemplate\":\"https:\/\/digitalworkflowmasters.com\/romana\/?s={search_term_string}\"},\"query-input\":{\"@type\":\"PropertyValueSpecification\",\"valueRequired\":true,\"valueName\":\"search_term_string\"}}],\"inLanguage\":\"ro-RO\"},{\"@type\":\"Organization\",\"@id\":\"https:\/\/digitalworkflowmasters.com\/romana\/#organization\",\"name\":\"Digital Workflow Masters\",\"url\":\"https:\/\/digitalworkflowmasters.com\/romana\/\",\"logo\":{\"@type\":\"ImageObject\",\"inLanguage\":\"ro-RO\",\"@id\":\"https:\/\/digitalworkflowmasters.com\/romana\/#\/schema\/logo\/image\/\",\"url\":\"https:\/\/digitalworkflowmasters.com\/romana\/wp-content\/uploads\/2025\/08\/1.png\",\"contentUrl\":\"https:\/\/digitalworkflowmasters.com\/romana\/wp-content\/uploads\/2025\/08\/1.png\",\"width\":1080,\"height\":1080,\"caption\":\"Digital Workflow Masters\"},\"image\":{\"@id\":\"https:\/\/digitalworkflowmasters.com\/romana\/#\/schema\/logo\/image\/\"},\"sameAs\":[\"https:\/\/www.facebook.com\/digitalworkflowmasters\/\",\"https:\/\/www.instagram.com\/digitalworkflowmasters\/\"]}]}<\/script>\n<!-- \/ Yoast SEO plugin. -->","yoast_head_json":{"title":"Varios Combi Pro NSK - Digital Workflow Masters","description":"Aparat profesional NSK pentru detartraj \u0219i profilaxie dentar\u0103. Ultrasonice + airflow, ideal pentru igieniz\u0103ri, biofilm \u0219i \u00eentre\u021binere parodontal\u0103.","robots":{"index":"index","follow":"follow","max-snippet":"max-snippet:-1","max-image-preview":"max-image-preview:large","max-video-preview":"max-video-preview:-1"},"canonical":"https:\/\/digitalworkflowmasters.com\/romana\/shop\/varios-combi-pro-nsk\/","og_locale":"ro_RO","og_type":"article","og_title":"Varios Combi Pro NSK - Digital Workflow Masters","og_description":"Aparat profesional NSK pentru detartraj \u0219i profilaxie dentar\u0103. Ultrasonice + airflow, ideal pentru igieniz\u0103ri, biofilm \u0219i \u00eentre\u021binere parodontal\u0103.","og_url":"https:\/\/digitalworkflowmasters.com\/romana\/shop\/varios-combi-pro-nsk\/","og_site_name":"Digital Workflow Masters","article_publisher":"https:\/\/www.facebook.com\/digitalworkflowmasters\/","article_modified_time":"2025-06-23T19:19:40+00:00","og_image":[{"width":1080,"height":1080,"url":"https:\/\/digitalworkflowmasters.com\/romana\/wp-content\/uploads\/2025\/03\/NSK-min.jpg","type":"image\/jpeg"}],"twitter_card":"summary_large_image","twitter_misc":{"Timp estimat pentru citire":"3 minute"},"schema":{"@context":"https:\/\/schema.org","@graph":[{"@type":"WebPage","@id":"https:\/\/digitalworkflowmasters.com\/romana\/shop\/varios-combi-pro-nsk\/","url":"https:\/\/digitalworkflowmasters.com\/romana\/shop\/varios-combi-pro-nsk\/","name":"Varios Combi Pro NSK - Digital Workflow Masters","isPartOf":{"@id":"https:\/\/digitalworkflowmasters.com\/romana\/#website"},"primaryImageOfPage":{"@id":"https:\/\/digitalworkflowmasters.com\/romana\/shop\/varios-combi-pro-nsk\/#primaryimage"},"image":{"@id":"https:\/\/digitalworkflowmasters.com\/romana\/shop\/varios-combi-pro-nsk\/#primaryimage"},"thumbnailUrl":"https:\/\/digitalworkflowmasters.com\/romana\/wp-content\/uploads\/2025\/03\/NSK-min.jpg","datePublished":"2025-03-26T08:33:54+00:00","dateModified":"2025-06-23T19:19:40+00:00","description":"Aparat profesional NSK pentru detartraj \u0219i profilaxie dentar\u0103. Ultrasonice + airflow, ideal pentru igieniz\u0103ri, biofilm \u0219i \u00eentre\u021binere parodontal\u0103.","breadcrumb":{"@id":"https:\/\/digitalworkflowmasters.com\/romana\/shop\/varios-combi-pro-nsk\/#breadcrumb"},"inLanguage":"ro-RO","potentialAction":[{"@type":"ReadAction","target":["https:\/\/digitalworkflowmasters.com\/romana\/shop\/varios-combi-pro-nsk\/"]}]},{"@type":"ImageObject","inLanguage":"ro-RO","@id":"https:\/\/digitalworkflowmasters.com\/romana\/shop\/varios-combi-pro-nsk\/#primaryimage","url":"https:\/\/digitalworkflowmasters.com\/romana\/wp-content\/uploads\/2025\/03\/NSK-min.jpg","contentUrl":"https:\/\/digitalworkflowmasters.com\/romana\/wp-content\/uploads\/2025\/03\/NSK-min.jpg","width":1080,"height":1080},{"@type":"BreadcrumbList","@id":"https:\/\/digitalworkflowmasters.com\/romana\/shop\/varios-combi-pro-nsk\/#breadcrumb","itemListElement":[{"@type":"ListItem","position":1,"name":"Home","item":"https:\/\/digitalworkflowmasters.com\/romana\/"},{"@type":"ListItem","position":2,"name":"Products","item":"https:\/\/digitalworkflowmasters.com\/romana\/shop\/"},{"@type":"ListItem","position":3,"name":"Profilaxie","item":"https:\/\/digitalworkflowmasters.com\/romana\/product-category\/profilaxie\/"},{"@type":"ListItem","position":4,"name":"Echipament de detartraj dentar, flux de aer","item":"https:\/\/digitalworkflowmasters.com\/romana\/product-category\/profilaxie\/echipament-de-detartraj-dentar-flux-de-aer\/"},{"@type":"ListItem","position":5,"name":"Varios Combi Pro NSK"}]},{"@type":"WebSite","@id":"https:\/\/digitalworkflowmasters.com\/romana\/#website","url":"https:\/\/digitalworkflowmasters.com\/romana\/","name":"Digital Workflow Masters","description":"Premium Dental Equipment","publisher":{"@id":"https:\/\/digitalworkflowmasters.com\/romana\/#organization"},"potentialAction":[{"@type":"SearchAction","target":{"@type":"EntryPoint","urlTemplate":"https:\/\/digitalworkflowmasters.com\/romana\/?s={search_term_string}"},"query-input":{"@type":"PropertyValueSpecification","valueRequired":true,"valueName":"search_term_string"}}],"inLanguage":"ro-RO"},{"@type":"Organization","@id":"https:\/\/digitalworkflowmasters.com\/romana\/#organization","name":"Digital Workflow Masters","url":"https:\/\/digitalworkflowmasters.com\/romana\/","logo":{"@type":"ImageObject","inLanguage":"ro-RO","@id":"https:\/\/digitalworkflowmasters.com\/romana\/#\/schema\/logo\/image\/","url":"https:\/\/digitalworkflowmasters.com\/romana\/wp-content\/uploads\/2025\/08\/1.png","contentUrl":"https:\/\/digitalworkflowmasters.com\/romana\/wp-content\/uploads\/2025\/08\/1.png","width":1080,"height":1080,"caption":"Digital Workflow Masters"},"image":{"@id":"https:\/\/digitalworkflowmasters.com\/romana\/#\/schema\/logo\/image\/"},"sameAs":["https:\/\/www.facebook.com\/digitalworkflowmasters\/","https:\/\/www.instagram.com\/digitalworkflowmasters\/"]}]}},"_links":{"self":[{"href":"https:\/\/digitalworkflowmasters.com\/romana\/wp-json\/wp\/v2\/product\/14993","targetHints":{"allow":["GET"]}}],"collection":[{"href":"https:\/\/digitalworkflowmasters.com\/romana\/wp-json\/wp\/v2\/product"}],"about":[{"href":"https:\/\/digitalworkflowmasters.com\/romana\/wp-json\/wp\/v2\/types\/product"}],"version-history":[{"count":0,"href":"https:\/\/digitalworkflowmasters.com\/romana\/wp-json\/wp\/v2\/product\/14993\/revisions"}],"wp:featuredmedia":[{"embeddable":true,"href":"https:\/\/digitalworkflowmasters.com\/romana\/wp-json\/wp\/v2\/media\/33669"}],"wp:attachment":[{"href":"https:\/\/digitalworkflowmasters.com\/romana\/wp-json\/wp\/v2\/media?parent=14993"}],"wp:term":[{"taxonomy":"product_brand","embeddable":true,"href":"https:\/\/digitalworkflowmasters.com\/romana\/wp-json\/wp\/v2\/product_brand?post=14993"},{"taxonomy":"product_cat","embeddable":true,"href":"https:\/\/digitalworkflowmasters.com\/romana\/wp-json\/wp\/v2\/product_cat?post=14993"},{"taxonomy":"product_tag","embeddable":true,"href":"https:\/\/digitalworkflowmasters.com\/romana\/wp-json\/wp\/v2\/product_tag?post=14993"}],"curies":[{"name":"wp","href":"https:\/\/api.w.org\/{rel}","templated":true}]}}