{"id":15019,"date":"2025-03-26T08:33:55","date_gmt":"2025-03-26T08:33:55","guid":{"rendered":"https:\/\/digitalworkflowmasters.com\/?post_type=product&#038;p=15019"},"modified":"2025-06-23T19:11:17","modified_gmt":"2025-06-23T19:11:17","slug":"waterlase-iplus-ysgg-laser","status":"publish","type":"product","link":"https:\/\/digitalworkflowmasters.com\/romana\/shop\/waterlase-iplus-ysgg-laser\/","title":{"rendered":"WaterLase iPlus YSGG"},"content":{"rendered":"<h1 data-start=\"214\" data-end=\"286\"><strong data-start=\"216\" data-end=\"286\">WaterLase iPlus YSGG Go \u2013 Laser dentar pentru \u021besuturi dure \u0219i moi<\/strong><\/h1>\n<h2 data-start=\"288\" data-end=\"306\"><strong data-start=\"291\" data-end=\"306\">Introducere<\/strong><\/h2>\n<p data-start=\"308\" data-end=\"687\">Dac\u0103 \u00ee\u021bi dore\u0219ti tratamente dentare moderne, eficiente \u0219i confortabile, <strong data-start=\"380\" data-end=\"407\">WaterLase iPlus YSGG Go<\/strong> este alegerea ideal\u0103. Acest laser dentar de ultim\u0103 genera\u021bie permite interven\u021bii minim invazive, f\u0103r\u0103 freze, f\u0103r\u0103 durere, f\u0103r\u0103 anestezie \u00een multe cazuri \u0219i cu o recuperare mult mai rapid\u0103. Este perfect pentru clinici care vor s\u0103 ofere servicii premium \u0219i s\u0103-\u0219i creasc\u0103 reputa\u021bia.<\/p>\n<h2 data-start=\"689\" data-end=\"730\"><strong data-start=\"692\" data-end=\"730\">Specifica\u021bii tehnice \u0219i explica\u021bii<\/strong><\/h2>\n<p data-start=\"732\" data-end=\"780\"><strong data-start=\"736\" data-end=\"778\">\u2022 Lungime de und\u0103: Er,Cr:YSGG 2.780\u202fnm<\/strong><\/p>\n<p data-start=\"781\" data-end=\"897\">Perfect adaptat\u0103 pentru absorb\u021bia \u00een ap\u0103 \u0219i hidroxiapatit\u0103 \u2013 eficient\u0103 pe \u021besuturi dure (os, smal\u021b) \u0219i moi (gingii).<\/p>\n<p data-start=\"899\" data-end=\"927\"><strong data-start=\"903\" data-end=\"925\">\u2022 Putere: 0,1\u201310\u202fW<\/strong><\/p>\n<p data-start=\"928\" data-end=\"1033\">Permite ajust\u0103ri precise \u00een func\u021bie de procedura efectuat\u0103 \u2013 de la detartraj la interven\u021bii chirurgicale.<\/p>\n<p data-start=\"1035\" data-end=\"1096\"><strong data-start=\"1039\" data-end=\"1094\">\u2022 Frecven\u021b\u0103: 5\u2013100\u202fHz, Energie puls: p\u00e2n\u0103 la 600\u202fmJ<\/strong><\/p>\n<p data-start=\"1097\" data-end=\"1183\">Flexibilitate complet\u0103 \u00een controlul impulsurilor pentru rezultate sigure \u0219i eficiente.<\/p>\n<p data-start=\"1185\" data-end=\"1233\"><strong data-start=\"1189\" data-end=\"1231\">\u2022 Moduri puls: H (60\u202f\u00b5s) \u0219i S (700\u202f\u00b5s)<\/strong><\/p>\n<p data-start=\"1234\" data-end=\"1327\">Controleaz\u0103 ad\u00e2ncimea \u0219i efectul termic asupra \u021besuturilor \u2013 siguran\u021b\u0103 maxim\u0103 pentru pacient.<\/p>\n<p data-start=\"1329\" data-end=\"1377\"><strong data-start=\"1333\" data-end=\"1375\">\u2022 Diametru v\u00e2rfuri (tips): 200\u20131200\u202f\u00b5m<\/strong><\/p>\n<p data-start=\"1378\" data-end=\"1457\">Gama variat\u0103 de tips-uri permite adaptarea u\u0219oar\u0103 la orice interven\u021bie dentar\u0103.<\/p>\n<p data-start=\"1459\" data-end=\"1498\"><strong data-start=\"1463\" data-end=\"1496\">\u2022 Distan\u021b\u0103 de lucru: 0,5\u20135\u202fmm<\/strong><\/p>\n<p data-start=\"1499\" data-end=\"1573\">Interac\u021biune non-contact, pentru precizie sporit\u0103 \u0219i confort \u00een utilizare.<\/p>\n<p data-start=\"1575\" data-end=\"1644\"><strong data-start=\"1579\" data-end=\"1642\">\u2022 Clasificare laser: Clasa IV, Laser de pozi\u021bionare: 635\u202fnm<\/strong><\/p>\n<p data-start=\"1645\" data-end=\"1717\">Respect\u0103 cele mai \u00eenalte standarde de siguran\u021b\u0103 \u0219i control \u00een utilizare.<\/p>\n<p data-start=\"1719\" data-end=\"1771\"><strong data-start=\"1723\" data-end=\"1769\">\u2022 Dimensiuni: 28\u00d748\u00d784\u202fcm, Greutate: 34\u202fkg<\/strong><\/p>\n<p data-start=\"1772\" data-end=\"1832\">Design mobil \u0219i compact \u2013 ideal pentru orice cabinet dentar.<\/p>\n<p data-start=\"1834\" data-end=\"1913\"><strong data-start=\"1838\" data-end=\"1911\">\u2022 Alimentare: Aer comprimat (5,5\u20138,2\u202fbar) + ap\u0103 distilat\u0103\/de-ionizat\u0103<\/strong><\/p>\n<p data-start=\"1914\" data-end=\"1951\">Sistem de lucru eficient \u0219i economic.<\/p>\n<h2 data-start=\"1953\" data-end=\"1975\"><strong data-start=\"1956\" data-end=\"1975\">Ideal pentru&#8230;<\/strong><\/h2>\n<ul data-start=\"1977\" data-end=\"2265\">\n<li data-start=\"1977\" data-end=\"2031\">\n<p data-start=\"1979\" data-end=\"2031\">Tratamentul cavit\u0103\u021bilor f\u0103r\u0103 frez\u0103 \u0219i f\u0103r\u0103 durere.<\/p>\n<\/li>\n<li data-start=\"2032\" data-end=\"2105\">\n<p data-start=\"2034\" data-end=\"2105\">Proceduri parodontale, gingivectomii, frenectomii, acces chirurgical.<\/p>\n<\/li>\n<li data-start=\"2106\" data-end=\"2137\">\n<p data-start=\"2108\" data-end=\"2137\">Tratamente peri-implantare.<\/p>\n<\/li>\n<li data-start=\"2138\" data-end=\"2182\">\n<p data-start=\"2140\" data-end=\"2182\">Practici pediatrice \u0219i pacien\u021bi anxio\u0219i.<\/p>\n<\/li>\n<li data-start=\"2183\" data-end=\"2265\">\n<p data-start=\"2185\" data-end=\"2265\">Cabinete care doresc cre\u0219terea calit\u0103\u021bii serviciilor prin tehnologie avansat\u0103.<\/p>\n<\/li>\n<\/ul>\n<h2 data-start=\"2267\" data-end=\"2293\"><strong data-start=\"2270\" data-end=\"2293\">\u00centreb\u0103ri frecvente<\/strong><\/h2>\n<p data-start=\"2295\" data-end=\"2323\"><strong data-start=\"2299\" data-end=\"2321\">1. Ce este inclus?<\/strong><\/p>\n<p data-start=\"2324\" data-end=\"2480\">Sistemul complet include unitatea laser retroalveolar\u0103, piesa de m\u00e2n\u0103, fibrele optice \u0219i <strong data-start=\"2413\" data-end=\"2446\">sistemul de pl\u0103cu\u021be fosforice<\/strong> pentru imagistic\u0103 retroalveolar\u0103.<\/p>\n<p data-start=\"2482\" data-end=\"2549\"><strong data-start=\"2486\" data-end=\"2547\">2. C\u00e2t\u0103 garan\u021bie se ofer\u0103 pentru WaterLase iPlus YSGG Go?<\/strong><\/p>\n<p data-start=\"2550\" data-end=\"2633\">Beneficiezi de <strong data-start=\"2565\" data-end=\"2591\">2 ani garan\u021bie extins\u0103<\/strong> cu posibilitate de suport tehnic dedicat.<\/p>\n<p data-start=\"2635\" data-end=\"2687\"><strong data-start=\"2639\" data-end=\"2685\">3. Instalarea \u0219i transportul sunt incluse?<\/strong><\/p>\n<p data-start=\"2688\" data-end=\"2779\"><strong data-start=\"2688\" data-end=\"2700\">Absolut!<\/strong> Transportul, instalarea \u00een cabinet \u0219i trainingul ini\u021bial sunt incluse \u00een pre\u021b.<\/p>\n<h2 data-start=\"2781\" data-end=\"2797\"><strong data-start=\"2784\" data-end=\"2797\">Concluzie<\/strong><\/h2>\n<p data-start=\"2799\" data-end=\"3058\"><strong data-start=\"2799\" data-end=\"2826\">WaterLase iPlus YSGG Go<\/strong> este mai mult dec\u00e2t un simplu laser dentar \u2013 este un partener de \u00eencredere pentru tratamente avansate, sigure \u0219i rapide. Cu performan\u021b\u0103 dovedit\u0103, adaptabilitate \u0219i suport complet, \u00ee\u021bi duce practica stomatologic\u0103 la urm\u0103torul nivel.<\/p>\n","protected":false},"excerpt":{"rendered":"<p>WaterLase iPlus YSGG Go \u2013 laser dentar de top pentru \u021besuturi dure \u0219i moi, cu performan\u021b\u0103 ridicat\u0103, tratamente f\u0103r\u0103 frez\u0103 \u0219i durere, garan\u021bie extins\u0103 2 ani \u0219i instalare inclus\u0103.<\/p>\n","protected":false},"featured_media":33675,"template":"","meta":{"_acf_changed":false,"om_disable_all_campaigns":false},"product_brand":[],"product_cat":[453],"product_tag":[],"class_list":{"0":"post-15019","1":"product","2":"type-product","3":"status-publish","4":"has-post-thumbnail","6":"product_cat-laser-chirurgie","8":"first","9":"instock","10":"shipping-taxable","11":"product-type-simple"},"acf":[],"yoast_head":"<!-- This site is optimized with the Yoast SEO plugin v25.3 - https:\/\/yoast.com\/wordpress\/plugins\/seo\/ -->\n<title>WaterLase iPlus YSGG - Digital Workflow Masters<\/title>\n<meta name=\"description\" content=\"Laser dentar WaterLase iPlus YSGG Go \u2013 tratamente rapide, f\u0103r\u0103 durere, pe \u021besuturi dure \u0219i moi. Garan\u021bie extins\u0103 2 ani, instalare inclus\u0103. Ideal pentru cabinete moderne.\" \/>\n<meta name=\"robots\" content=\"index, follow, max-snippet:-1, max-image-preview:large, max-video-preview:-1\" \/>\n<link rel=\"canonical\" href=\"https:\/\/digitalworkflowmasters.com\/romana\/shop\/waterlase-iplus-ysgg-laser\/\" \/>\n<meta property=\"og:locale\" content=\"ro_RO\" \/>\n<meta property=\"og:type\" content=\"article\" \/>\n<meta property=\"og:title\" content=\"WaterLase iPlus YSGG - Digital Workflow Masters\" \/>\n<meta property=\"og:description\" content=\"Laser dentar WaterLase iPlus YSGG Go \u2013 tratamente rapide, f\u0103r\u0103 durere, pe \u021besuturi dure \u0219i moi. Garan\u021bie extins\u0103 2 ani, instalare inclus\u0103. Ideal pentru cabinete moderne.\" \/>\n<meta property=\"og:url\" content=\"https:\/\/digitalworkflowmasters.com\/romana\/shop\/waterlase-iplus-ysgg-laser\/\" \/>\n<meta property=\"og:site_name\" content=\"Digital Workflow Masters\" \/>\n<meta property=\"article:publisher\" content=\"https:\/\/www.facebook.com\/digitalworkflowmasters\/\" \/>\n<meta property=\"article:modified_time\" content=\"2025-06-23T19:11:17+00:00\" \/>\n<meta property=\"og:image\" content=\"https:\/\/digitalworkflowmasters.com\/romana\/wp-content\/uploads\/2025\/03\/Untitled-1.png\" \/>\n\t<meta property=\"og:image:width\" content=\"1000\" \/>\n\t<meta property=\"og:image:height\" content=\"1000\" \/>\n\t<meta property=\"og:image:type\" content=\"image\/png\" \/>\n<meta name=\"twitter:card\" content=\"summary_large_image\" \/>\n<meta name=\"twitter:label1\" content=\"Timp estimat pentru citire\" \/>\n\t<meta name=\"twitter:data1\" content=\"2 minute\" \/>\n<script type=\"application\/ld+json\" class=\"yoast-schema-graph\">{\"@context\":\"https:\/\/schema.org\",\"@graph\":[{\"@type\":\"WebPage\",\"@id\":\"https:\/\/digitalworkflowmasters.com\/romana\/shop\/waterlase-iplus-ysgg-laser\/\",\"url\":\"https:\/\/digitalworkflowmasters.com\/romana\/shop\/waterlase-iplus-ysgg-laser\/\",\"name\":\"WaterLase iPlus YSGG - Digital Workflow Masters\",\"isPartOf\":{\"@id\":\"https:\/\/digitalworkflowmasters.com\/romana\/#website\"},\"primaryImageOfPage\":{\"@id\":\"https:\/\/digitalworkflowmasters.com\/romana\/shop\/waterlase-iplus-ysgg-laser\/#primaryimage\"},\"image\":{\"@id\":\"https:\/\/digitalworkflowmasters.com\/romana\/shop\/waterlase-iplus-ysgg-laser\/#primaryimage\"},\"thumbnailUrl\":\"https:\/\/digitalworkflowmasters.com\/romana\/wp-content\/uploads\/2025\/03\/Untitled-1.png\",\"datePublished\":\"2025-03-26T08:33:55+00:00\",\"dateModified\":\"2025-06-23T19:11:17+00:00\",\"description\":\"Laser dentar WaterLase iPlus YSGG Go \u2013 tratamente rapide, f\u0103r\u0103 durere, pe \u021besuturi dure \u0219i moi. Garan\u021bie extins\u0103 2 ani, instalare inclus\u0103. Ideal pentru cabinete moderne.\",\"breadcrumb\":{\"@id\":\"https:\/\/digitalworkflowmasters.com\/romana\/shop\/waterlase-iplus-ysgg-laser\/#breadcrumb\"},\"inLanguage\":\"ro-RO\",\"potentialAction\":[{\"@type\":\"ReadAction\",\"target\":[\"https:\/\/digitalworkflowmasters.com\/romana\/shop\/waterlase-iplus-ysgg-laser\/\"]}]},{\"@type\":\"ImageObject\",\"inLanguage\":\"ro-RO\",\"@id\":\"https:\/\/digitalworkflowmasters.com\/romana\/shop\/waterlase-iplus-ysgg-laser\/#primaryimage\",\"url\":\"https:\/\/digitalworkflowmasters.com\/romana\/wp-content\/uploads\/2025\/03\/Untitled-1.png\",\"contentUrl\":\"https:\/\/digitalworkflowmasters.com\/romana\/wp-content\/uploads\/2025\/03\/Untitled-1.png\",\"width\":1000,\"height\":1000},{\"@type\":\"BreadcrumbList\",\"@id\":\"https:\/\/digitalworkflowmasters.com\/romana\/shop\/waterlase-iplus-ysgg-laser\/#breadcrumb\",\"itemListElement\":[{\"@type\":\"ListItem\",\"position\":1,\"name\":\"Home\",\"item\":\"https:\/\/digitalworkflowmasters.com\/romana\/\"},{\"@type\":\"ListItem\",\"position\":2,\"name\":\"Products\",\"item\":\"https:\/\/digitalworkflowmasters.com\/romana\/shop\/\"},{\"@type\":\"ListItem\",\"position\":3,\"name\":\"Chirurgie\",\"item\":\"https:\/\/digitalworkflowmasters.com\/romana\/product-category\/chirurgie\/\"},{\"@type\":\"ListItem\",\"position\":4,\"name\":\"Laser, Chirurgie\",\"item\":\"https:\/\/digitalworkflowmasters.com\/romana\/product-category\/chirurgie\/laser-chirurgie\/\"},{\"@type\":\"ListItem\",\"position\":5,\"name\":\"WaterLase iPlus YSGG\"}]},{\"@type\":\"WebSite\",\"@id\":\"https:\/\/digitalworkflowmasters.com\/romana\/#website\",\"url\":\"https:\/\/digitalworkflowmasters.com\/romana\/\",\"name\":\"Digital Workflow Masters\",\"description\":\"Premium Dental Equipment\",\"publisher\":{\"@id\":\"https:\/\/digitalworkflowmasters.com\/romana\/#organization\"},\"potentialAction\":[{\"@type\":\"SearchAction\",\"target\":{\"@type\":\"EntryPoint\",\"urlTemplate\":\"https:\/\/digitalworkflowmasters.com\/romana\/?s={search_term_string}\"},\"query-input\":{\"@type\":\"PropertyValueSpecification\",\"valueRequired\":true,\"valueName\":\"search_term_string\"}}],\"inLanguage\":\"ro-RO\"},{\"@type\":\"Organization\",\"@id\":\"https:\/\/digitalworkflowmasters.com\/romana\/#organization\",\"name\":\"Digital Workflow Masters\",\"url\":\"https:\/\/digitalworkflowmasters.com\/romana\/\",\"logo\":{\"@type\":\"ImageObject\",\"inLanguage\":\"ro-RO\",\"@id\":\"https:\/\/digitalworkflowmasters.com\/romana\/#\/schema\/logo\/image\/\",\"url\":\"https:\/\/digitalworkflowmasters.com\/romana\/wp-content\/uploads\/2025\/08\/1.png\",\"contentUrl\":\"https:\/\/digitalworkflowmasters.com\/romana\/wp-content\/uploads\/2025\/08\/1.png\",\"width\":1080,\"height\":1080,\"caption\":\"Digital Workflow Masters\"},\"image\":{\"@id\":\"https:\/\/digitalworkflowmasters.com\/romana\/#\/schema\/logo\/image\/\"},\"sameAs\":[\"https:\/\/www.facebook.com\/digitalworkflowmasters\/\",\"https:\/\/www.instagram.com\/digitalworkflowmasters\/\"]}]}<\/script>\n<!-- \/ Yoast SEO plugin. -->","yoast_head_json":{"title":"WaterLase iPlus YSGG - Digital Workflow Masters","description":"Laser dentar WaterLase iPlus YSGG Go \u2013 tratamente rapide, f\u0103r\u0103 durere, pe \u021besuturi dure \u0219i moi. Garan\u021bie extins\u0103 2 ani, instalare inclus\u0103. Ideal pentru cabinete moderne.","robots":{"index":"index","follow":"follow","max-snippet":"max-snippet:-1","max-image-preview":"max-image-preview:large","max-video-preview":"max-video-preview:-1"},"canonical":"https:\/\/digitalworkflowmasters.com\/romana\/shop\/waterlase-iplus-ysgg-laser\/","og_locale":"ro_RO","og_type":"article","og_title":"WaterLase iPlus YSGG - Digital Workflow Masters","og_description":"Laser dentar WaterLase iPlus YSGG Go \u2013 tratamente rapide, f\u0103r\u0103 durere, pe \u021besuturi dure \u0219i moi. Garan\u021bie extins\u0103 2 ani, instalare inclus\u0103. Ideal pentru cabinete moderne.","og_url":"https:\/\/digitalworkflowmasters.com\/romana\/shop\/waterlase-iplus-ysgg-laser\/","og_site_name":"Digital Workflow Masters","article_publisher":"https:\/\/www.facebook.com\/digitalworkflowmasters\/","article_modified_time":"2025-06-23T19:11:17+00:00","og_image":[{"width":1000,"height":1000,"url":"https:\/\/digitalworkflowmasters.com\/romana\/wp-content\/uploads\/2025\/03\/Untitled-1.png","type":"image\/png"}],"twitter_card":"summary_large_image","twitter_misc":{"Timp estimat pentru citire":"2 minute"},"schema":{"@context":"https:\/\/schema.org","@graph":[{"@type":"WebPage","@id":"https:\/\/digitalworkflowmasters.com\/romana\/shop\/waterlase-iplus-ysgg-laser\/","url":"https:\/\/digitalworkflowmasters.com\/romana\/shop\/waterlase-iplus-ysgg-laser\/","name":"WaterLase iPlus YSGG - Digital Workflow Masters","isPartOf":{"@id":"https:\/\/digitalworkflowmasters.com\/romana\/#website"},"primaryImageOfPage":{"@id":"https:\/\/digitalworkflowmasters.com\/romana\/shop\/waterlase-iplus-ysgg-laser\/#primaryimage"},"image":{"@id":"https:\/\/digitalworkflowmasters.com\/romana\/shop\/waterlase-iplus-ysgg-laser\/#primaryimage"},"thumbnailUrl":"https:\/\/digitalworkflowmasters.com\/romana\/wp-content\/uploads\/2025\/03\/Untitled-1.png","datePublished":"2025-03-26T08:33:55+00:00","dateModified":"2025-06-23T19:11:17+00:00","description":"Laser dentar WaterLase iPlus YSGG Go \u2013 tratamente rapide, f\u0103r\u0103 durere, pe \u021besuturi dure \u0219i moi. Garan\u021bie extins\u0103 2 ani, instalare inclus\u0103. Ideal pentru cabinete moderne.","breadcrumb":{"@id":"https:\/\/digitalworkflowmasters.com\/romana\/shop\/waterlase-iplus-ysgg-laser\/#breadcrumb"},"inLanguage":"ro-RO","potentialAction":[{"@type":"ReadAction","target":["https:\/\/digitalworkflowmasters.com\/romana\/shop\/waterlase-iplus-ysgg-laser\/"]}]},{"@type":"ImageObject","inLanguage":"ro-RO","@id":"https:\/\/digitalworkflowmasters.com\/romana\/shop\/waterlase-iplus-ysgg-laser\/#primaryimage","url":"https:\/\/digitalworkflowmasters.com\/romana\/wp-content\/uploads\/2025\/03\/Untitled-1.png","contentUrl":"https:\/\/digitalworkflowmasters.com\/romana\/wp-content\/uploads\/2025\/03\/Untitled-1.png","width":1000,"height":1000},{"@type":"BreadcrumbList","@id":"https:\/\/digitalworkflowmasters.com\/romana\/shop\/waterlase-iplus-ysgg-laser\/#breadcrumb","itemListElement":[{"@type":"ListItem","position":1,"name":"Home","item":"https:\/\/digitalworkflowmasters.com\/romana\/"},{"@type":"ListItem","position":2,"name":"Products","item":"https:\/\/digitalworkflowmasters.com\/romana\/shop\/"},{"@type":"ListItem","position":3,"name":"Chirurgie","item":"https:\/\/digitalworkflowmasters.com\/romana\/product-category\/chirurgie\/"},{"@type":"ListItem","position":4,"name":"Laser, Chirurgie","item":"https:\/\/digitalworkflowmasters.com\/romana\/product-category\/chirurgie\/laser-chirurgie\/"},{"@type":"ListItem","position":5,"name":"WaterLase iPlus YSGG"}]},{"@type":"WebSite","@id":"https:\/\/digitalworkflowmasters.com\/romana\/#website","url":"https:\/\/digitalworkflowmasters.com\/romana\/","name":"Digital Workflow Masters","description":"Premium Dental Equipment","publisher":{"@id":"https:\/\/digitalworkflowmasters.com\/romana\/#organization"},"potentialAction":[{"@type":"SearchAction","target":{"@type":"EntryPoint","urlTemplate":"https:\/\/digitalworkflowmasters.com\/romana\/?s={search_term_string}"},"query-input":{"@type":"PropertyValueSpecification","valueRequired":true,"valueName":"search_term_string"}}],"inLanguage":"ro-RO"},{"@type":"Organization","@id":"https:\/\/digitalworkflowmasters.com\/romana\/#organization","name":"Digital Workflow Masters","url":"https:\/\/digitalworkflowmasters.com\/romana\/","logo":{"@type":"ImageObject","inLanguage":"ro-RO","@id":"https:\/\/digitalworkflowmasters.com\/romana\/#\/schema\/logo\/image\/","url":"https:\/\/digitalworkflowmasters.com\/romana\/wp-content\/uploads\/2025\/08\/1.png","contentUrl":"https:\/\/digitalworkflowmasters.com\/romana\/wp-content\/uploads\/2025\/08\/1.png","width":1080,"height":1080,"caption":"Digital Workflow Masters"},"image":{"@id":"https:\/\/digitalworkflowmasters.com\/romana\/#\/schema\/logo\/image\/"},"sameAs":["https:\/\/www.facebook.com\/digitalworkflowmasters\/","https:\/\/www.instagram.com\/digitalworkflowmasters\/"]}]}},"_links":{"self":[{"href":"https:\/\/digitalworkflowmasters.com\/romana\/wp-json\/wp\/v2\/product\/15019","targetHints":{"allow":["GET"]}}],"collection":[{"href":"https:\/\/digitalworkflowmasters.com\/romana\/wp-json\/wp\/v2\/product"}],"about":[{"href":"https:\/\/digitalworkflowmasters.com\/romana\/wp-json\/wp\/v2\/types\/product"}],"version-history":[{"count":0,"href":"https:\/\/digitalworkflowmasters.com\/romana\/wp-json\/wp\/v2\/product\/15019\/revisions"}],"wp:featuredmedia":[{"embeddable":true,"href":"https:\/\/digitalworkflowmasters.com\/romana\/wp-json\/wp\/v2\/media\/33675"}],"wp:attachment":[{"href":"https:\/\/digitalworkflowmasters.com\/romana\/wp-json\/wp\/v2\/media?parent=15019"}],"wp:term":[{"taxonomy":"product_brand","embeddable":true,"href":"https:\/\/digitalworkflowmasters.com\/romana\/wp-json\/wp\/v2\/product_brand?post=15019"},{"taxonomy":"product_cat","embeddable":true,"href":"https:\/\/digitalworkflowmasters.com\/romana\/wp-json\/wp\/v2\/product_cat?post=15019"},{"taxonomy":"product_tag","embeddable":true,"href":"https:\/\/digitalworkflowmasters.com\/romana\/wp-json\/wp\/v2\/product_tag?post=15019"}],"curies":[{"name":"wp","href":"https:\/\/api.w.org\/{rel}","templated":true}]}}