{"id":15084,"date":"2025-03-26T08:33:55","date_gmt":"2025-03-26T08:33:55","guid":{"rendered":"https:\/\/digitalworkflowmasters.com\/?post_type=product&#038;p=15084"},"modified":"2025-06-23T19:14:22","modified_gmt":"2025-06-23T19:14:22","slug":"dental-apron-for-kids","status":"publish","type":"product","link":"https:\/\/digitalworkflowmasters.com\/romana\/shop\/dental-apron-for-kids\/","title":{"rendered":"Sort polumbat pentru copii Rego"},"content":{"rendered":"<p data-start=\"105\" data-end=\"227\"><strong data-start=\"105\" data-end=\"225\">Protejeaz\u0103-i pe cei mici \u00een timpul vizitelor la dentist cu \u0219or\u021burile noastre dentare special concepute pentru copii.<\/strong><\/p>\n<p data-start=\"229\" data-end=\"564\">Aceste \u0219or\u021buri radiologice pentru copii ofer\u0103 protec\u021bia esen\u021bial\u0103 \u00eempotriva radia\u021biilor, asigur\u00e2nd totodat\u0103 confort \u0219i siguran\u021b\u0103 \u00een timpul procedurilor cu raze X. Realizate din materiale u\u0219oare \u0219i de \u00eenalt\u0103 calitate, \u0219or\u021burile sunt dimensionate perfect pentru copii, oferind acoperire complet\u0103 f\u0103r\u0103 a le limita libertatea de mi\u0219care.<\/p>\n<p data-start=\"566\" data-end=\"756\">Indiferent dac\u0103 este vorba de un control de rutin\u0103 sau de investiga\u021bii imagistice mai avansate, aceste \u0219or\u021buri reprezint\u0103 un accesoriu esen\u021bial pentru siguran\u021ba \u00een stomatologia pediatric\u0103.<\/p>\n<p data-start=\"758\" data-end=\"909\"><strong data-start=\"758\" data-end=\"909\">Ofer\u0103-i copilului t\u0103u cea mai bun\u0103 protec\u021bie cu \u0219or\u021burile noastre radiologice confortabile \u0219i sigure, special create pentru cei mici. Comand\u0103 acum!<\/strong><\/p>\n","protected":false},"excerpt":{"rendered":"<p>Protejeaz\u0103-i pe cei mici \u00een timpul vizitelor la dentist cu \u0219or\u021burile noastre dentare special concepute pentru copii. Aceste \u0219or\u021buri radiologice pentru copii ofer\u0103 protec\u021bia esen\u021bial\u0103 \u00eempotriva radia\u021biilor, asigur\u00e2nd totodat\u0103 confort \u0219i siguran\u021b\u0103 \u00een timpul procedurilor cu raze X. Realizate din materiale u\u0219oare \u0219i de \u00eenalt\u0103 calitate, \u0219or\u021burile sunt dimensionate perfect pentru copii, oferind acoperire complet\u0103&#8230;<\/p>\n","protected":false},"featured_media":33681,"template":"","meta":{"_acf_changed":false,"om_disable_all_campaigns":false},"product_brand":[],"product_cat":[527],"product_tag":[],"class_list":{"0":"post-15084","1":"product","2":"type-product","3":"status-publish","4":"has-post-thumbnail","6":"product_cat-sorturi","8":"first","9":"instock","10":"shipping-taxable","11":"product-type-simple"},"acf":[],"yoast_head":"<!-- This site is optimized with the Yoast SEO plugin v25.3 - https:\/\/yoast.com\/wordpress\/plugins\/seo\/ -->\n<title>Sort polumbat pentru copii Rego - Digital Workflow Masters<\/title>\n<meta name=\"description\" content=\"\u0218or\u021b radiologic pentru copii \u2013 protec\u021bie eficient\u0103, confort \u0219i siguran\u021b\u0103 \u00een timpul radiografiilor dentare. Ideal pentru cabinete de stomatologie pediatric\u0103.\" \/>\n<meta name=\"robots\" content=\"index, follow, max-snippet:-1, max-image-preview:large, max-video-preview:-1\" \/>\n<link rel=\"canonical\" href=\"https:\/\/digitalworkflowmasters.com\/romana\/shop\/dental-apron-for-kids\/\" \/>\n<meta property=\"og:locale\" content=\"ro_RO\" \/>\n<meta property=\"og:type\" content=\"article\" \/>\n<meta property=\"og:title\" content=\"Sort polumbat pentru copii Rego - Digital Workflow Masters\" \/>\n<meta property=\"og:description\" content=\"\u0218or\u021b radiologic pentru copii \u2013 protec\u021bie eficient\u0103, confort \u0219i siguran\u021b\u0103 \u00een timpul radiografiilor dentare. Ideal pentru cabinete de stomatologie pediatric\u0103.\" \/>\n<meta property=\"og:url\" content=\"https:\/\/digitalworkflowmasters.com\/romana\/shop\/dental-apron-for-kids\/\" \/>\n<meta property=\"og:site_name\" content=\"Digital Workflow Masters\" \/>\n<meta property=\"article:publisher\" content=\"https:\/\/www.facebook.com\/digitalworkflowmasters\/\" \/>\n<meta property=\"article:modified_time\" content=\"2025-06-23T19:14:22+00:00\" \/>\n<meta property=\"og:image\" content=\"https:\/\/digitalworkflowmasters.com\/romana\/wp-content\/uploads\/2025\/03\/image-removebg-preview-10.png\" \/>\n\t<meta property=\"og:image:width\" content=\"384\" \/>\n\t<meta property=\"og:image:height\" content=\"543\" \/>\n\t<meta property=\"og:image:type\" content=\"image\/png\" \/>\n<meta name=\"twitter:card\" content=\"summary_large_image\" \/>\n<meta name=\"twitter:label1\" content=\"Timp estimat pentru citire\" \/>\n\t<meta name=\"twitter:data1\" content=\"1 minut\" \/>\n<script type=\"application\/ld+json\" class=\"yoast-schema-graph\">{\"@context\":\"https:\/\/schema.org\",\"@graph\":[{\"@type\":\"WebPage\",\"@id\":\"https:\/\/digitalworkflowmasters.com\/romana\/shop\/dental-apron-for-kids\/\",\"url\":\"https:\/\/digitalworkflowmasters.com\/romana\/shop\/dental-apron-for-kids\/\",\"name\":\"Sort polumbat pentru copii Rego - Digital Workflow Masters\",\"isPartOf\":{\"@id\":\"https:\/\/digitalworkflowmasters.com\/romana\/#website\"},\"primaryImageOfPage\":{\"@id\":\"https:\/\/digitalworkflowmasters.com\/romana\/shop\/dental-apron-for-kids\/#primaryimage\"},\"image\":{\"@id\":\"https:\/\/digitalworkflowmasters.com\/romana\/shop\/dental-apron-for-kids\/#primaryimage\"},\"thumbnailUrl\":\"https:\/\/digitalworkflowmasters.com\/romana\/wp-content\/uploads\/2025\/03\/image-removebg-preview-10.png\",\"datePublished\":\"2025-03-26T08:33:55+00:00\",\"dateModified\":\"2025-06-23T19:14:22+00:00\",\"description\":\"\u0218or\u021b radiologic pentru copii \u2013 protec\u021bie eficient\u0103, confort \u0219i siguran\u021b\u0103 \u00een timpul radiografiilor dentare. Ideal pentru cabinete de stomatologie pediatric\u0103.\",\"breadcrumb\":{\"@id\":\"https:\/\/digitalworkflowmasters.com\/romana\/shop\/dental-apron-for-kids\/#breadcrumb\"},\"inLanguage\":\"ro-RO\",\"potentialAction\":[{\"@type\":\"ReadAction\",\"target\":[\"https:\/\/digitalworkflowmasters.com\/romana\/shop\/dental-apron-for-kids\/\"]}]},{\"@type\":\"ImageObject\",\"inLanguage\":\"ro-RO\",\"@id\":\"https:\/\/digitalworkflowmasters.com\/romana\/shop\/dental-apron-for-kids\/#primaryimage\",\"url\":\"https:\/\/digitalworkflowmasters.com\/romana\/wp-content\/uploads\/2025\/03\/image-removebg-preview-10.png\",\"contentUrl\":\"https:\/\/digitalworkflowmasters.com\/romana\/wp-content\/uploads\/2025\/03\/image-removebg-preview-10.png\",\"width\":384,\"height\":543},{\"@type\":\"BreadcrumbList\",\"@id\":\"https:\/\/digitalworkflowmasters.com\/romana\/shop\/dental-apron-for-kids\/#breadcrumb\",\"itemListElement\":[{\"@type\":\"ListItem\",\"position\":1,\"name\":\"Home\",\"item\":\"https:\/\/digitalworkflowmasters.com\/romana\/\"},{\"@type\":\"ListItem\",\"position\":2,\"name\":\"Products\",\"item\":\"https:\/\/digitalworkflowmasters.com\/romana\/shop\/\"},{\"@type\":\"ListItem\",\"position\":3,\"name\":\"Radiografie Dentara\",\"item\":\"https:\/\/digitalworkflowmasters.com\/romana\/product-category\/radiografie-dentara\/\"},{\"@type\":\"ListItem\",\"position\":4,\"name\":\"Sorturi\",\"item\":\"https:\/\/digitalworkflowmasters.com\/romana\/product-category\/radiografie-dentara\/sorturi\/\"},{\"@type\":\"ListItem\",\"position\":5,\"name\":\"Sort polumbat pentru copii Rego\"}]},{\"@type\":\"WebSite\",\"@id\":\"https:\/\/digitalworkflowmasters.com\/romana\/#website\",\"url\":\"https:\/\/digitalworkflowmasters.com\/romana\/\",\"name\":\"Digital Workflow Masters\",\"description\":\"Premium Dental Equipment\",\"publisher\":{\"@id\":\"https:\/\/digitalworkflowmasters.com\/romana\/#organization\"},\"potentialAction\":[{\"@type\":\"SearchAction\",\"target\":{\"@type\":\"EntryPoint\",\"urlTemplate\":\"https:\/\/digitalworkflowmasters.com\/romana\/?s={search_term_string}\"},\"query-input\":{\"@type\":\"PropertyValueSpecification\",\"valueRequired\":true,\"valueName\":\"search_term_string\"}}],\"inLanguage\":\"ro-RO\"},{\"@type\":\"Organization\",\"@id\":\"https:\/\/digitalworkflowmasters.com\/romana\/#organization\",\"name\":\"Digital Workflow Masters\",\"url\":\"https:\/\/digitalworkflowmasters.com\/romana\/\",\"logo\":{\"@type\":\"ImageObject\",\"inLanguage\":\"ro-RO\",\"@id\":\"https:\/\/digitalworkflowmasters.com\/romana\/#\/schema\/logo\/image\/\",\"url\":\"https:\/\/digitalworkflowmasters.com\/romana\/wp-content\/uploads\/2025\/08\/1.png\",\"contentUrl\":\"https:\/\/digitalworkflowmasters.com\/romana\/wp-content\/uploads\/2025\/08\/1.png\",\"width\":1080,\"height\":1080,\"caption\":\"Digital Workflow Masters\"},\"image\":{\"@id\":\"https:\/\/digitalworkflowmasters.com\/romana\/#\/schema\/logo\/image\/\"},\"sameAs\":[\"https:\/\/www.facebook.com\/digitalworkflowmasters\/\",\"https:\/\/www.instagram.com\/digitalworkflowmasters\/\"]}]}<\/script>\n<!-- \/ Yoast SEO plugin. -->","yoast_head_json":{"title":"Sort polumbat pentru copii Rego - Digital Workflow Masters","description":"\u0218or\u021b radiologic pentru copii \u2013 protec\u021bie eficient\u0103, confort \u0219i siguran\u021b\u0103 \u00een timpul radiografiilor dentare. Ideal pentru cabinete de stomatologie pediatric\u0103.","robots":{"index":"index","follow":"follow","max-snippet":"max-snippet:-1","max-image-preview":"max-image-preview:large","max-video-preview":"max-video-preview:-1"},"canonical":"https:\/\/digitalworkflowmasters.com\/romana\/shop\/dental-apron-for-kids\/","og_locale":"ro_RO","og_type":"article","og_title":"Sort polumbat pentru copii Rego - Digital Workflow Masters","og_description":"\u0218or\u021b radiologic pentru copii \u2013 protec\u021bie eficient\u0103, confort \u0219i siguran\u021b\u0103 \u00een timpul radiografiilor dentare. Ideal pentru cabinete de stomatologie pediatric\u0103.","og_url":"https:\/\/digitalworkflowmasters.com\/romana\/shop\/dental-apron-for-kids\/","og_site_name":"Digital Workflow Masters","article_publisher":"https:\/\/www.facebook.com\/digitalworkflowmasters\/","article_modified_time":"2025-06-23T19:14:22+00:00","og_image":[{"width":384,"height":543,"url":"https:\/\/digitalworkflowmasters.com\/romana\/wp-content\/uploads\/2025\/03\/image-removebg-preview-10.png","type":"image\/png"}],"twitter_card":"summary_large_image","twitter_misc":{"Timp estimat pentru citire":"1 minut"},"schema":{"@context":"https:\/\/schema.org","@graph":[{"@type":"WebPage","@id":"https:\/\/digitalworkflowmasters.com\/romana\/shop\/dental-apron-for-kids\/","url":"https:\/\/digitalworkflowmasters.com\/romana\/shop\/dental-apron-for-kids\/","name":"Sort polumbat pentru copii Rego - Digital Workflow Masters","isPartOf":{"@id":"https:\/\/digitalworkflowmasters.com\/romana\/#website"},"primaryImageOfPage":{"@id":"https:\/\/digitalworkflowmasters.com\/romana\/shop\/dental-apron-for-kids\/#primaryimage"},"image":{"@id":"https:\/\/digitalworkflowmasters.com\/romana\/shop\/dental-apron-for-kids\/#primaryimage"},"thumbnailUrl":"https:\/\/digitalworkflowmasters.com\/romana\/wp-content\/uploads\/2025\/03\/image-removebg-preview-10.png","datePublished":"2025-03-26T08:33:55+00:00","dateModified":"2025-06-23T19:14:22+00:00","description":"\u0218or\u021b radiologic pentru copii \u2013 protec\u021bie eficient\u0103, confort \u0219i siguran\u021b\u0103 \u00een timpul radiografiilor dentare. Ideal pentru cabinete de stomatologie pediatric\u0103.","breadcrumb":{"@id":"https:\/\/digitalworkflowmasters.com\/romana\/shop\/dental-apron-for-kids\/#breadcrumb"},"inLanguage":"ro-RO","potentialAction":[{"@type":"ReadAction","target":["https:\/\/digitalworkflowmasters.com\/romana\/shop\/dental-apron-for-kids\/"]}]},{"@type":"ImageObject","inLanguage":"ro-RO","@id":"https:\/\/digitalworkflowmasters.com\/romana\/shop\/dental-apron-for-kids\/#primaryimage","url":"https:\/\/digitalworkflowmasters.com\/romana\/wp-content\/uploads\/2025\/03\/image-removebg-preview-10.png","contentUrl":"https:\/\/digitalworkflowmasters.com\/romana\/wp-content\/uploads\/2025\/03\/image-removebg-preview-10.png","width":384,"height":543},{"@type":"BreadcrumbList","@id":"https:\/\/digitalworkflowmasters.com\/romana\/shop\/dental-apron-for-kids\/#breadcrumb","itemListElement":[{"@type":"ListItem","position":1,"name":"Home","item":"https:\/\/digitalworkflowmasters.com\/romana\/"},{"@type":"ListItem","position":2,"name":"Products","item":"https:\/\/digitalworkflowmasters.com\/romana\/shop\/"},{"@type":"ListItem","position":3,"name":"Radiografie Dentara","item":"https:\/\/digitalworkflowmasters.com\/romana\/product-category\/radiografie-dentara\/"},{"@type":"ListItem","position":4,"name":"Sorturi","item":"https:\/\/digitalworkflowmasters.com\/romana\/product-category\/radiografie-dentara\/sorturi\/"},{"@type":"ListItem","position":5,"name":"Sort polumbat pentru copii Rego"}]},{"@type":"WebSite","@id":"https:\/\/digitalworkflowmasters.com\/romana\/#website","url":"https:\/\/digitalworkflowmasters.com\/romana\/","name":"Digital Workflow Masters","description":"Premium Dental Equipment","publisher":{"@id":"https:\/\/digitalworkflowmasters.com\/romana\/#organization"},"potentialAction":[{"@type":"SearchAction","target":{"@type":"EntryPoint","urlTemplate":"https:\/\/digitalworkflowmasters.com\/romana\/?s={search_term_string}"},"query-input":{"@type":"PropertyValueSpecification","valueRequired":true,"valueName":"search_term_string"}}],"inLanguage":"ro-RO"},{"@type":"Organization","@id":"https:\/\/digitalworkflowmasters.com\/romana\/#organization","name":"Digital Workflow Masters","url":"https:\/\/digitalworkflowmasters.com\/romana\/","logo":{"@type":"ImageObject","inLanguage":"ro-RO","@id":"https:\/\/digitalworkflowmasters.com\/romana\/#\/schema\/logo\/image\/","url":"https:\/\/digitalworkflowmasters.com\/romana\/wp-content\/uploads\/2025\/08\/1.png","contentUrl":"https:\/\/digitalworkflowmasters.com\/romana\/wp-content\/uploads\/2025\/08\/1.png","width":1080,"height":1080,"caption":"Digital Workflow Masters"},"image":{"@id":"https:\/\/digitalworkflowmasters.com\/romana\/#\/schema\/logo\/image\/"},"sameAs":["https:\/\/www.facebook.com\/digitalworkflowmasters\/","https:\/\/www.instagram.com\/digitalworkflowmasters\/"]}]}},"_links":{"self":[{"href":"https:\/\/digitalworkflowmasters.com\/romana\/wp-json\/wp\/v2\/product\/15084","targetHints":{"allow":["GET"]}}],"collection":[{"href":"https:\/\/digitalworkflowmasters.com\/romana\/wp-json\/wp\/v2\/product"}],"about":[{"href":"https:\/\/digitalworkflowmasters.com\/romana\/wp-json\/wp\/v2\/types\/product"}],"version-history":[{"count":0,"href":"https:\/\/digitalworkflowmasters.com\/romana\/wp-json\/wp\/v2\/product\/15084\/revisions"}],"wp:featuredmedia":[{"embeddable":true,"href":"https:\/\/digitalworkflowmasters.com\/romana\/wp-json\/wp\/v2\/media\/33681"}],"wp:attachment":[{"href":"https:\/\/digitalworkflowmasters.com\/romana\/wp-json\/wp\/v2\/media?parent=15084"}],"wp:term":[{"taxonomy":"product_brand","embeddable":true,"href":"https:\/\/digitalworkflowmasters.com\/romana\/wp-json\/wp\/v2\/product_brand?post=15084"},{"taxonomy":"product_cat","embeddable":true,"href":"https:\/\/digitalworkflowmasters.com\/romana\/wp-json\/wp\/v2\/product_cat?post=15084"},{"taxonomy":"product_tag","embeddable":true,"href":"https:\/\/digitalworkflowmasters.com\/romana\/wp-json\/wp\/v2\/product_tag?post=15084"}],"curies":[{"name":"wp","href":"https:\/\/api.w.org\/{rel}","templated":true}]}}