{"id":34660,"date":"2025-06-05T09:37:07","date_gmt":"2025-06-05T09:37:07","guid":{"rendered":"https:\/\/digitalworkflowmasters.com\/?post_type=product&#038;p=34660"},"modified":"2025-06-23T18:59:54","modified_gmt":"2025-06-23T18:59:54","slug":"x-mind-dc-intraoral-x-ray-unit-with-scan-exam-one-digital-imaging-plate-scanner","status":"publish","type":"product","link":"https:\/\/digitalworkflowmasters.com\/romana\/shop\/x-mind-dc-intraoral-x-ray-unit-with-scan-exam-one-digital-imaging-plate-scanner\/","title":{"rendered":"Radiologie intraorala X-Mind cu sistem placute fosforice Scan eXam\u2122 One"},"content":{"rendered":"<h1 data-start=\"0\" data-end=\"70\"><strong data-start=\"5\" data-end=\"69\">Radiologie intraoral\u0103 de v\u00e2rf: X\u2011Mind X\u2011Ray &amp; Scan eXam\u2122 One<\/strong><\/h1>\n<p data-start=\"72\" data-end=\"127\"><span class=\"relative -mx-px my-[-0.2rem] rounded px-px py-[0.2rem] transition-colors duration-100 ease-in-out\">Ai nevoie de o solu\u021bie performant\u0103 \u0219i eficient\u0103 pentru radiologia intraoral\u0103? Pachetul X\u2011Mind DC + Scan eXam\u2122 One ofer\u0103 imagini clare, flux rapid de lucru \u0219i pl\u0103ci fosforice reutilizabile \u2013 perfect pentru o diagnosticare precis\u0103, confort pacient \u0219i integrare \u00een cabinetul stomatologic modern.<\/span><\/p>\n<hr data-start=\"129\" data-end=\"132\" \/>\n<h2 data-start=\"134\" data-end=\"165\"><strong data-start=\"137\" data-end=\"165\">\ud83d\udee0\ufe0f Specifica\u021bii tehnice<\/strong><\/h2>\n<ul data-start=\"167\" data-end=\"904\">\n<li data-start=\"167\" data-end=\"246\">\n<p data-start=\"169\" data-end=\"246\"><span class=\"relative -mx-px my-[-0.2rem] rounded px-px py-[0.2rem] transition-colors duration-100 ease-in-out\"><strong data-start=\"0\" data-end=\"14\" data-is-only-node=\"\">Tehnologie<\/strong>: pl\u0103ci fosforice reutilizabile (Photo Stimulated Phosphor) \u2013 economie pe termen lung \u0219i sustenabilitate<\/span><\/p>\n<\/li>\n<li data-start=\"247\" data-end=\"326\">\n<p data-start=\"249\" data-end=\"326\"><span class=\"relative -mx-px my-[-0.2rem] rounded px-px py-[0.2rem] transition-colors duration-100 ease-in-out\"><strong data-start=\"0\" data-end=\"20\" data-is-only-node=\"\">Dimensiune pixel<\/strong>: <strong data-start=\"22\" data-end=\"31\">30\u202f\u00b5m<\/strong> (Super Resolution) &amp; <strong data-start=\"53\" data-end=\"62\">60\u202f\u00b5m<\/strong> (High Resolution) \u2013 optim: detalii fine versus vitez\u0103<\/span><\/p>\n<\/li>\n<li data-start=\"327\" data-end=\"406\">\n<p data-start=\"329\" data-end=\"406\"><span class=\"relative -mx-px my-[-0.2rem] rounded px-px py-[0.2rem] transition-colors duration-100 ease-in-out\"><strong data-start=\"0\" data-end=\"23\" data-is-only-node=\"\">Rezolu\u021bie teoretic\u0103<\/strong>: <strong data-start=\"25\" data-end=\"37\">17 lp\/mm<\/strong> \u2013 claritate ridicat\u0103 pentru detec\u021bie precoce<\/span><\/p>\n<\/li>\n<li data-start=\"407\" data-end=\"486\">\n<p data-start=\"409\" data-end=\"486\"><span class=\"relative -mx-px my-[-0.2rem] rounded px-px py-[0.2rem] transition-colors duration-100 ease-in-out\"><strong data-start=\"0\" data-end=\"20\" data-is-only-node=\"\">Ad\u00e2ncime de bi\u0163i<\/strong>: <strong data-start=\"22\" data-end=\"32\">16\u2011bit<\/strong> \u2013 reproducere tonuri de gri eficiente<\/span><\/p>\n<\/li>\n<li data-start=\"487\" data-end=\"568\">\n<p data-start=\"489\" data-end=\"568\"><span class=\"relative -mx-px my-[-0.2rem] rounded px-px py-[0.2rem] transition-colors duration-100 ease-in-out\"><strong data-start=\"0\" data-end=\"17\" data-is-only-node=\"\">Conectivitate<\/strong>: Ethernet RJ\u201145, DHCP \u2013 u\u0219or de integrat \u00een re\u021bele existente<\/span><\/p>\n<\/li>\n<li data-start=\"569\" data-end=\"652\">\n<p data-start=\"571\" data-end=\"652\"><span class=\"relative -mx-px my-[-0.2rem] rounded px-px py-[0.2rem] transition-colors duration-100 ease-in-out\"><strong data-start=\"0\" data-end=\"25\" data-is-only-node=\"\">Dimensiuni &amp; greutate<\/strong>: compacte (~168\u00d7233\u00d7328\u202fmm, ~4\u202fkg) \u2013 ideal pe scaun, birou sau montat<\/span><\/p>\n<\/li>\n<li data-start=\"653\" data-end=\"736\">\n<p data-start=\"655\" data-end=\"736\"><span class=\"relative -mx-px my-[-0.2rem] rounded px-px py-[0.2rem] transition-colors duration-100 ease-in-out\"><strong data-start=\"0\" data-end=\"16\" data-is-only-node=\"\">Sistem iDOT\u2122<\/strong>: marcaj automat al pl\u0103cilor \u2013 monitorizare uzur\u0103 \u0219i calitate continu\u0103<\/span><\/p>\n<\/li>\n<li data-start=\"653\" data-end=\"736\">\n<p data-start=\"655\" data-end=\"736\"><span class=\"relative -mx-px my-[-0.2rem] rounded px-px py-[0.2rem] transition-colors duration-100 ease-in-out\"><strong data-start=\"0\" data-end=\"22\" data-is-only-node=\"\">Flux automat cu AI<\/strong>: MagicSort\u2122 \u0219i SmartFocus\u2122 (prin DTX Studio Clinic) \u2013 recunoa\u0219tere din\u021bi \u0219i clasificare rapid\u0103<\/span><\/p>\n<\/li>\n<li data-start=\"821\" data-end=\"904\">\n<p data-start=\"823\" data-end=\"904\"><span class=\"relative -mx-px my-[-0.2rem] rounded px-px py-[0.2rem] transition-colors duration-100 ease-in-out\"><strong data-start=\"0\" data-end=\"19\" data-is-only-node=\"\">Igien\u0103 avansat\u0103<\/strong>: modul hands\u2011free \u0219i decontaminare UV integrat\u0103 \u2013 operare sigur\u0103, f\u0103r\u0103 contact direct<\/span><\/p>\n<\/li>\n<\/ul>\n<hr data-start=\"906\" data-end=\"909\" \/>\n<h2 data-start=\"911\" data-end=\"936\"><strong data-start=\"914\" data-end=\"936\">\ud83c\udfaf Ideal pentru&#8230;<\/strong><\/h2>\n<ul data-start=\"937\" data-end=\"1112\">\n<li data-start=\"937\" data-end=\"980\">\n<p data-start=\"939\" data-end=\"980\"><span class=\"relative -mx-px my-[-0.2rem] rounded px-px py-[0.2rem] transition-colors duration-100 ease-in-out\"><strong data-start=\"0\" data-end=\"49\" data-is-only-node=\"\">Stomatologie general\u0103, endodon\u021bie, pedodon\u021bie<\/strong> \u2013 pentru detalii fine \u0219i diagnostic complex<\/span><\/p>\n<\/li>\n<li data-start=\"981\" data-end=\"1024\">\n<p data-start=\"983\" data-end=\"1024\"><span class=\"relative -mx-px my-[-0.2rem] rounded px-px py-[0.2rem] transition-colors duration-100 ease-in-out\"><strong data-start=\"0\" data-end=\"32\" data-is-only-node=\"\">Cabinete cu volum mediu\u2011mare<\/strong> \u2013 flux rapid \u0219i pl\u0103ci reutilizabile reduc costurile<\/span><\/p>\n<\/li>\n<li data-start=\"1025\" data-end=\"1068\">\n<p data-start=\"1027\" data-end=\"1068\"><span class=\"relative -mx-px my-[-0.2rem] rounded px-px py-[0.2rem] transition-colors duration-100 ease-in-out\"><strong data-start=\"0\" data-end=\"29\" data-is-only-node=\"\">Practici multi\u2011utilizator<\/strong> \u2013 conectivitate \u00een re\u021bea, u\u0219or de partajat \u00eentre s\u0103li<\/span><\/p>\n<\/li>\n<li data-start=\"1069\" data-end=\"1112\">\n<p data-start=\"1071\" data-end=\"1112\"><span class=\"relative -mx-px my-[-0.2rem] rounded px-px py-[0.2rem] transition-colors duration-100 ease-in-out\"><strong data-start=\"0\" data-end=\"23\" data-is-only-node=\"\">Pacien\u021bi pediatrici<\/strong> \u2013 pl\u0103ci flexibile \u0219i rat\u0103 redus\u0103 de expunere<\/span><\/p>\n<\/li>\n<\/ul>\n<hr data-start=\"1114\" data-end=\"1117\" \/>\n<h2 data-start=\"1119\" data-end=\"1147\"><strong data-start=\"1122\" data-end=\"1147\">\u2753 \u00centreb\u0103ri frecvente<\/strong><\/h2>\n<ol data-start=\"1149\" data-end=\"1505\">\n<li data-start=\"1149\" data-end=\"1283\">\n<p data-start=\"1152\" data-end=\"1283\"><span class=\"relative -mx-px my-[-0.2rem] rounded px-px py-[0.2rem] transition-colors duration-100 ease-in-out\"><strong data-start=\"0\" data-end=\"19\" data-is-last-node=\"\" data-is-only-node=\"\">Ce este inclus?<\/strong><\/span><br data-start=\"1191\" data-end=\"1194\" \/><span class=\"relative -mx-px my-[-0.2rem] rounded px-px py-[0.2rem] transition-colors duration-100 ease-in-out\">\u2013 Aparatul retroalveolar X\u2011Mind DC<\/span><br data-start=\"1236\" data-end=\"1239\" \/><span class=\"relative -mx-px my-[-0.2rem] rounded px-px py-[0.2rem] transition-colors duration-100 ease-in-out\">\u2013 Scanner pl\u0103ci fosforice X\u2011Mind\/KaVo Scan eXam\u2122 One<\/span><\/p>\n<\/li>\n<li data-start=\"1285\" data-end=\"1374\">\n<p data-start=\"1288\" data-end=\"1374\"><span class=\"relative -mx-px my-[-0.2rem] rounded px-px py-[0.2rem] transition-colors duration-100 ease-in-out\"><strong data-start=\"0\" data-end=\"58\" data-is-last-node=\"\" data-is-only-node=\"\">C\u00e2t\u0103 garan\u021bie se ofer\u0103 pentru X\u2011Mind + Scan eXam\u2122 One?<\/strong><\/span><br data-start=\"1327\" data-end=\"1330\" \/><span class=\"relative -mx-px my-[-0.2rem] rounded px-px py-[0.2rem] transition-colors duration-100 ease-in-out\">\u2013 2 ani garan\u021bie extins\u0103<\/span><\/p>\n<\/li>\n<li data-start=\"1376\" data-end=\"1505\">\n<p data-start=\"1379\" data-end=\"1505\"><span class=\"relative -mx-px my-[-0.2rem] rounded px-px py-[0.2rem] transition-colors duration-100 ease-in-out\"><strong data-start=\"0\" data-end=\"43\" data-is-last-node=\"\" data-is-only-node=\"\">Instalarea \u0219i transportul sunt incluse?<\/strong><\/span><br data-start=\"1418\" data-end=\"1421\" \/><span class=\"relative -mx-px my-[-0.2rem] rounded px-px py-[0.2rem] transition-colors duration-100 ease-in-out\">\u2013 Absolut: transport gratuit \u0219i instalare complet\u0103, conform politice comerciale.<\/span><\/p>\n<\/li>\n<\/ol>\n<hr data-start=\"1507\" data-end=\"1510\" \/>\n<h2 data-start=\"1512\" data-end=\"1530\"><strong data-start=\"1515\" data-end=\"1530\">\u2705 Concluzie<\/strong><\/h2>\n<p data-start=\"1532\" data-end=\"1771\">Pachetul <strong data-start=\"1541\" data-end=\"1571\">X\u2011Mind DC + Scan eXam\u2122 One<\/strong> reune\u0219te tehnologie avansat\u0103, durabilitate \u0219i integrare eficient\u0103. O alegere inteligent\u0103 pentru cabinete moderne: pl\u0103ci economice, imagini de calitate superioar\u0103, diagnostic rapid \u0219i patient-centric.<\/p>\n","protected":false},"excerpt":{"rendered":"<p>Sistem complet de radiologie intraoral\u0103: X\u2011Mind DC + scanner cu pl\u0103ci fosforice Scan eXam\u2122 One \u2013 claritate 17\u202flp\/mm, eficien\u021b\u0103 AI \u0219i garan\u021bie 2 ani.<\/p>\n","protected":false},"featured_media":34661,"template":"","meta":{"_acf_changed":false,"om_disable_all_campaigns":false},"product_brand":[],"product_cat":[531],"product_tag":[],"class_list":{"0":"post-34660","1":"product","2":"type-product","3":"status-publish","4":"has-post-thumbnail","6":"product_cat-imagistica-intraorala","8":"first","9":"instock","10":"shipping-taxable","11":"product-type-simple"},"acf":[],"yoast_head":"<!-- This site is optimized with the Yoast SEO plugin v25.3 - https:\/\/yoast.com\/wordpress\/plugins\/seo\/ -->\n<title>Radiologie intraorala X-Mind cu sistem placute fosforice Scan eXam\u2122 One - Digital Workflow Masters<\/title>\n<meta name=\"description\" content=\"Radiologie intraoral\u0103 performant\u0103: X\u2011Mind DC + Scan eXam\u2122 One cu pl\u0103ci fosforice, rezolu\u021bie 17\u202flp\/mm, 16\u2011bit \u0219i garan\u021bie 2 ani \u2013 solu\u021bie complet\u0103 pentru cabinete moderne.\" \/>\n<meta name=\"robots\" content=\"index, follow, max-snippet:-1, max-image-preview:large, max-video-preview:-1\" \/>\n<link rel=\"canonical\" href=\"https:\/\/digitalworkflowmasters.com\/romana\/shop\/x-mind-dc-intraoral-x-ray-unit-with-scan-exam-one-digital-imaging-plate-scanner\/\" \/>\n<meta property=\"og:locale\" content=\"ro_RO\" \/>\n<meta property=\"og:type\" content=\"article\" \/>\n<meta property=\"og:title\" content=\"Radiologie intraorala X-Mind cu sistem placute fosforice Scan eXam\u2122 One - Digital Workflow Masters\" \/>\n<meta property=\"og:description\" content=\"Radiologie intraoral\u0103 performant\u0103: X\u2011Mind DC + Scan eXam\u2122 One cu pl\u0103ci fosforice, rezolu\u021bie 17\u202flp\/mm, 16\u2011bit \u0219i garan\u021bie 2 ani \u2013 solu\u021bie complet\u0103 pentru cabinete moderne.\" \/>\n<meta property=\"og:url\" content=\"https:\/\/digitalworkflowmasters.com\/romana\/shop\/x-mind-dc-intraoral-x-ray-unit-with-scan-exam-one-digital-imaging-plate-scanner\/\" \/>\n<meta property=\"og:site_name\" content=\"Digital Workflow Masters\" \/>\n<meta property=\"article:publisher\" content=\"https:\/\/www.facebook.com\/digitalworkflowmasters\/\" \/>\n<meta property=\"article:modified_time\" content=\"2025-06-23T18:59:54+00:00\" \/>\n<meta property=\"og:image\" content=\"https:\/\/digitalworkflowmasters.com\/romana\/wp-content\/uploads\/2025\/06\/dexis-800x800-1.png\" \/>\n\t<meta property=\"og:image:width\" content=\"800\" \/>\n\t<meta property=\"og:image:height\" content=\"800\" \/>\n\t<meta property=\"og:image:type\" content=\"image\/png\" \/>\n<meta name=\"twitter:card\" content=\"summary_large_image\" \/>\n<meta name=\"twitter:label1\" content=\"Timp estimat pentru citire\" \/>\n\t<meta name=\"twitter:data1\" content=\"2 minute\" \/>\n<script type=\"application\/ld+json\" class=\"yoast-schema-graph\">{\"@context\":\"https:\/\/schema.org\",\"@graph\":[{\"@type\":\"WebPage\",\"@id\":\"https:\/\/digitalworkflowmasters.com\/romana\/shop\/x-mind-dc-intraoral-x-ray-unit-with-scan-exam-one-digital-imaging-plate-scanner\/\",\"url\":\"https:\/\/digitalworkflowmasters.com\/romana\/shop\/x-mind-dc-intraoral-x-ray-unit-with-scan-exam-one-digital-imaging-plate-scanner\/\",\"name\":\"Radiologie intraorala X-Mind cu sistem placute fosforice Scan eXam\u2122 One - Digital Workflow Masters\",\"isPartOf\":{\"@id\":\"https:\/\/digitalworkflowmasters.com\/romana\/#website\"},\"primaryImageOfPage\":{\"@id\":\"https:\/\/digitalworkflowmasters.com\/romana\/shop\/x-mind-dc-intraoral-x-ray-unit-with-scan-exam-one-digital-imaging-plate-scanner\/#primaryimage\"},\"image\":{\"@id\":\"https:\/\/digitalworkflowmasters.com\/romana\/shop\/x-mind-dc-intraoral-x-ray-unit-with-scan-exam-one-digital-imaging-plate-scanner\/#primaryimage\"},\"thumbnailUrl\":\"https:\/\/digitalworkflowmasters.com\/romana\/wp-content\/uploads\/2025\/06\/dexis-800x800-1.png\",\"datePublished\":\"2025-06-05T09:37:07+00:00\",\"dateModified\":\"2025-06-23T18:59:54+00:00\",\"description\":\"Radiologie intraoral\u0103 performant\u0103: X\u2011Mind DC + Scan eXam\u2122 One cu pl\u0103ci fosforice, rezolu\u021bie 17\u202flp\/mm, 16\u2011bit \u0219i garan\u021bie 2 ani \u2013 solu\u021bie complet\u0103 pentru cabinete moderne.\",\"breadcrumb\":{\"@id\":\"https:\/\/digitalworkflowmasters.com\/romana\/shop\/x-mind-dc-intraoral-x-ray-unit-with-scan-exam-one-digital-imaging-plate-scanner\/#breadcrumb\"},\"inLanguage\":\"ro-RO\",\"potentialAction\":[{\"@type\":\"ReadAction\",\"target\":[\"https:\/\/digitalworkflowmasters.com\/romana\/shop\/x-mind-dc-intraoral-x-ray-unit-with-scan-exam-one-digital-imaging-plate-scanner\/\"]}]},{\"@type\":\"ImageObject\",\"inLanguage\":\"ro-RO\",\"@id\":\"https:\/\/digitalworkflowmasters.com\/romana\/shop\/x-mind-dc-intraoral-x-ray-unit-with-scan-exam-one-digital-imaging-plate-scanner\/#primaryimage\",\"url\":\"https:\/\/digitalworkflowmasters.com\/romana\/wp-content\/uploads\/2025\/06\/dexis-800x800-1.png\",\"contentUrl\":\"https:\/\/digitalworkflowmasters.com\/romana\/wp-content\/uploads\/2025\/06\/dexis-800x800-1.png\",\"width\":800,\"height\":800},{\"@type\":\"BreadcrumbList\",\"@id\":\"https:\/\/digitalworkflowmasters.com\/romana\/shop\/x-mind-dc-intraoral-x-ray-unit-with-scan-exam-one-digital-imaging-plate-scanner\/#breadcrumb\",\"itemListElement\":[{\"@type\":\"ListItem\",\"position\":1,\"name\":\"Home\",\"item\":\"https:\/\/digitalworkflowmasters.com\/romana\/\"},{\"@type\":\"ListItem\",\"position\":2,\"name\":\"Products\",\"item\":\"https:\/\/digitalworkflowmasters.com\/romana\/shop\/\"},{\"@type\":\"ListItem\",\"position\":3,\"name\":\"Imagistic\u0103 intraoral\u0103\",\"item\":\"https:\/\/digitalworkflowmasters.com\/romana\/product-category\/imagistica-intraorala\/\"},{\"@type\":\"ListItem\",\"position\":4,\"name\":\"Radiologie intraorala X-Mind cu sistem placute fosforice Scan eXam\u2122 One\"}]},{\"@type\":\"WebSite\",\"@id\":\"https:\/\/digitalworkflowmasters.com\/romana\/#website\",\"url\":\"https:\/\/digitalworkflowmasters.com\/romana\/\",\"name\":\"Digital Workflow Masters\",\"description\":\"Premium Dental Equipment\",\"publisher\":{\"@id\":\"https:\/\/digitalworkflowmasters.com\/romana\/#organization\"},\"potentialAction\":[{\"@type\":\"SearchAction\",\"target\":{\"@type\":\"EntryPoint\",\"urlTemplate\":\"https:\/\/digitalworkflowmasters.com\/romana\/?s={search_term_string}\"},\"query-input\":{\"@type\":\"PropertyValueSpecification\",\"valueRequired\":true,\"valueName\":\"search_term_string\"}}],\"inLanguage\":\"ro-RO\"},{\"@type\":\"Organization\",\"@id\":\"https:\/\/digitalworkflowmasters.com\/romana\/#organization\",\"name\":\"Digital Workflow Masters\",\"url\":\"https:\/\/digitalworkflowmasters.com\/romana\/\",\"logo\":{\"@type\":\"ImageObject\",\"inLanguage\":\"ro-RO\",\"@id\":\"https:\/\/digitalworkflowmasters.com\/romana\/#\/schema\/logo\/image\/\",\"url\":\"https:\/\/digitalworkflowmasters.com\/romana\/wp-content\/uploads\/2025\/08\/1.png\",\"contentUrl\":\"https:\/\/digitalworkflowmasters.com\/romana\/wp-content\/uploads\/2025\/08\/1.png\",\"width\":1080,\"height\":1080,\"caption\":\"Digital Workflow Masters\"},\"image\":{\"@id\":\"https:\/\/digitalworkflowmasters.com\/romana\/#\/schema\/logo\/image\/\"},\"sameAs\":[\"https:\/\/www.facebook.com\/digitalworkflowmasters\/\",\"https:\/\/www.instagram.com\/digitalworkflowmasters\/\"]}]}<\/script>\n<!-- \/ Yoast SEO plugin. -->","yoast_head_json":{"title":"Radiologie intraorala X-Mind cu sistem placute fosforice Scan eXam\u2122 One - Digital Workflow Masters","description":"Radiologie intraoral\u0103 performant\u0103: X\u2011Mind DC + Scan eXam\u2122 One cu pl\u0103ci fosforice, rezolu\u021bie 17\u202flp\/mm, 16\u2011bit \u0219i garan\u021bie 2 ani \u2013 solu\u021bie complet\u0103 pentru cabinete moderne.","robots":{"index":"index","follow":"follow","max-snippet":"max-snippet:-1","max-image-preview":"max-image-preview:large","max-video-preview":"max-video-preview:-1"},"canonical":"https:\/\/digitalworkflowmasters.com\/romana\/shop\/x-mind-dc-intraoral-x-ray-unit-with-scan-exam-one-digital-imaging-plate-scanner\/","og_locale":"ro_RO","og_type":"article","og_title":"Radiologie intraorala X-Mind cu sistem placute fosforice Scan eXam\u2122 One - Digital Workflow Masters","og_description":"Radiologie intraoral\u0103 performant\u0103: X\u2011Mind DC + Scan eXam\u2122 One cu pl\u0103ci fosforice, rezolu\u021bie 17\u202flp\/mm, 16\u2011bit \u0219i garan\u021bie 2 ani \u2013 solu\u021bie complet\u0103 pentru cabinete moderne.","og_url":"https:\/\/digitalworkflowmasters.com\/romana\/shop\/x-mind-dc-intraoral-x-ray-unit-with-scan-exam-one-digital-imaging-plate-scanner\/","og_site_name":"Digital Workflow Masters","article_publisher":"https:\/\/www.facebook.com\/digitalworkflowmasters\/","article_modified_time":"2025-06-23T18:59:54+00:00","og_image":[{"width":800,"height":800,"url":"https:\/\/digitalworkflowmasters.com\/romana\/wp-content\/uploads\/2025\/06\/dexis-800x800-1.png","type":"image\/png"}],"twitter_card":"summary_large_image","twitter_misc":{"Timp estimat pentru citire":"2 minute"},"schema":{"@context":"https:\/\/schema.org","@graph":[{"@type":"WebPage","@id":"https:\/\/digitalworkflowmasters.com\/romana\/shop\/x-mind-dc-intraoral-x-ray-unit-with-scan-exam-one-digital-imaging-plate-scanner\/","url":"https:\/\/digitalworkflowmasters.com\/romana\/shop\/x-mind-dc-intraoral-x-ray-unit-with-scan-exam-one-digital-imaging-plate-scanner\/","name":"Radiologie intraorala X-Mind cu sistem placute fosforice Scan eXam\u2122 One - Digital Workflow Masters","isPartOf":{"@id":"https:\/\/digitalworkflowmasters.com\/romana\/#website"},"primaryImageOfPage":{"@id":"https:\/\/digitalworkflowmasters.com\/romana\/shop\/x-mind-dc-intraoral-x-ray-unit-with-scan-exam-one-digital-imaging-plate-scanner\/#primaryimage"},"image":{"@id":"https:\/\/digitalworkflowmasters.com\/romana\/shop\/x-mind-dc-intraoral-x-ray-unit-with-scan-exam-one-digital-imaging-plate-scanner\/#primaryimage"},"thumbnailUrl":"https:\/\/digitalworkflowmasters.com\/romana\/wp-content\/uploads\/2025\/06\/dexis-800x800-1.png","datePublished":"2025-06-05T09:37:07+00:00","dateModified":"2025-06-23T18:59:54+00:00","description":"Radiologie intraoral\u0103 performant\u0103: X\u2011Mind DC + Scan eXam\u2122 One cu pl\u0103ci fosforice, rezolu\u021bie 17\u202flp\/mm, 16\u2011bit \u0219i garan\u021bie 2 ani \u2013 solu\u021bie complet\u0103 pentru cabinete moderne.","breadcrumb":{"@id":"https:\/\/digitalworkflowmasters.com\/romana\/shop\/x-mind-dc-intraoral-x-ray-unit-with-scan-exam-one-digital-imaging-plate-scanner\/#breadcrumb"},"inLanguage":"ro-RO","potentialAction":[{"@type":"ReadAction","target":["https:\/\/digitalworkflowmasters.com\/romana\/shop\/x-mind-dc-intraoral-x-ray-unit-with-scan-exam-one-digital-imaging-plate-scanner\/"]}]},{"@type":"ImageObject","inLanguage":"ro-RO","@id":"https:\/\/digitalworkflowmasters.com\/romana\/shop\/x-mind-dc-intraoral-x-ray-unit-with-scan-exam-one-digital-imaging-plate-scanner\/#primaryimage","url":"https:\/\/digitalworkflowmasters.com\/romana\/wp-content\/uploads\/2025\/06\/dexis-800x800-1.png","contentUrl":"https:\/\/digitalworkflowmasters.com\/romana\/wp-content\/uploads\/2025\/06\/dexis-800x800-1.png","width":800,"height":800},{"@type":"BreadcrumbList","@id":"https:\/\/digitalworkflowmasters.com\/romana\/shop\/x-mind-dc-intraoral-x-ray-unit-with-scan-exam-one-digital-imaging-plate-scanner\/#breadcrumb","itemListElement":[{"@type":"ListItem","position":1,"name":"Home","item":"https:\/\/digitalworkflowmasters.com\/romana\/"},{"@type":"ListItem","position":2,"name":"Products","item":"https:\/\/digitalworkflowmasters.com\/romana\/shop\/"},{"@type":"ListItem","position":3,"name":"Imagistic\u0103 intraoral\u0103","item":"https:\/\/digitalworkflowmasters.com\/romana\/product-category\/imagistica-intraorala\/"},{"@type":"ListItem","position":4,"name":"Radiologie intraorala X-Mind cu sistem placute fosforice Scan eXam\u2122 One"}]},{"@type":"WebSite","@id":"https:\/\/digitalworkflowmasters.com\/romana\/#website","url":"https:\/\/digitalworkflowmasters.com\/romana\/","name":"Digital Workflow Masters","description":"Premium Dental Equipment","publisher":{"@id":"https:\/\/digitalworkflowmasters.com\/romana\/#organization"},"potentialAction":[{"@type":"SearchAction","target":{"@type":"EntryPoint","urlTemplate":"https:\/\/digitalworkflowmasters.com\/romana\/?s={search_term_string}"},"query-input":{"@type":"PropertyValueSpecification","valueRequired":true,"valueName":"search_term_string"}}],"inLanguage":"ro-RO"},{"@type":"Organization","@id":"https:\/\/digitalworkflowmasters.com\/romana\/#organization","name":"Digital Workflow Masters","url":"https:\/\/digitalworkflowmasters.com\/romana\/","logo":{"@type":"ImageObject","inLanguage":"ro-RO","@id":"https:\/\/digitalworkflowmasters.com\/romana\/#\/schema\/logo\/image\/","url":"https:\/\/digitalworkflowmasters.com\/romana\/wp-content\/uploads\/2025\/08\/1.png","contentUrl":"https:\/\/digitalworkflowmasters.com\/romana\/wp-content\/uploads\/2025\/08\/1.png","width":1080,"height":1080,"caption":"Digital Workflow Masters"},"image":{"@id":"https:\/\/digitalworkflowmasters.com\/romana\/#\/schema\/logo\/image\/"},"sameAs":["https:\/\/www.facebook.com\/digitalworkflowmasters\/","https:\/\/www.instagram.com\/digitalworkflowmasters\/"]}]}},"_links":{"self":[{"href":"https:\/\/digitalworkflowmasters.com\/romana\/wp-json\/wp\/v2\/product\/34660","targetHints":{"allow":["GET"]}}],"collection":[{"href":"https:\/\/digitalworkflowmasters.com\/romana\/wp-json\/wp\/v2\/product"}],"about":[{"href":"https:\/\/digitalworkflowmasters.com\/romana\/wp-json\/wp\/v2\/types\/product"}],"version-history":[{"count":0,"href":"https:\/\/digitalworkflowmasters.com\/romana\/wp-json\/wp\/v2\/product\/34660\/revisions"}],"wp:featuredmedia":[{"embeddable":true,"href":"https:\/\/digitalworkflowmasters.com\/romana\/wp-json\/wp\/v2\/media\/34661"}],"wp:attachment":[{"href":"https:\/\/digitalworkflowmasters.com\/romana\/wp-json\/wp\/v2\/media?parent=34660"}],"wp:term":[{"taxonomy":"product_brand","embeddable":true,"href":"https:\/\/digitalworkflowmasters.com\/romana\/wp-json\/wp\/v2\/product_brand?post=34660"},{"taxonomy":"product_cat","embeddable":true,"href":"https:\/\/digitalworkflowmasters.com\/romana\/wp-json\/wp\/v2\/product_cat?post=34660"},{"taxonomy":"product_tag","embeddable":true,"href":"https:\/\/digitalworkflowmasters.com\/romana\/wp-json\/wp\/v2\/product_tag?post=34660"}],"curies":[{"name":"wp","href":"https:\/\/api.w.org\/{rel}","templated":true}]}}