{"id":35687,"date":"2025-08-20T18:43:20","date_gmt":"2025-08-20T18:43:20","guid":{"rendered":"https:\/\/digitalworkflowmasters.com\/romana\/?post_type=product&#038;p=35687"},"modified":"2025-08-20T18:49:47","modified_gmt":"2025-08-20T18:49:47","slug":"scanner-intraoral-helios-680-eighteeth","status":"publish","type":"product","link":"https:\/\/digitalworkflowmasters.com\/romana\/shop\/scanner-intraoral-helios-680-eighteeth\/","title":{"rendered":"Scanner Intraoral Helios 680 Eighteeth"},"content":{"rendered":"\t\t<div data-elementor-type=\"product-post\" data-elementor-id=\"35687\" class=\"elementor elementor-35687\" data-elementor-post-type=\"product\">\n\t\t\t\t<div class=\"elementor-element elementor-element-50932a8b e-flex e-con-boxed cmsmasters-block-default e-con e-parent\" data-id=\"50932a8b\" data-element_type=\"container\">\n\t\t\t\t\t<div class=\"e-con-inner\">\n\t\t\t\t<div class=\"elementor-element elementor-element-5b1987a9 cmsmasters-block-default cmsmasters-sticky-default elementor-widget elementor-widget-text-editor\" data-id=\"5b1987a9\" data-element_type=\"widget\" data-widget_type=\"text-editor.default\">\n\t\t\t\t<div class=\"elementor-widget-container\">\n\t\t\t\t\t\t\t\t\t<h2 data-start=\"44\" data-end=\"108\"><strong data-start=\"48\" data-end=\"108\">Helios 680 \u2013 Scanner Intraoral de Performan\u021b\u0103 Superioar\u0103<\/strong><\/h2><p data-start=\"110\" data-end=\"315\"><strong data-start=\"110\" data-end=\"168\">Descoper\u0103 urm\u0103torul nivel \u00een scanarea digital\u0103 dentar\u0103<\/strong> cu <strong data-start=\"172\" data-end=\"196\">Helios 680 Eighteeth<\/strong>, un <em data-start=\"201\" data-end=\"220\">scanner intraoral<\/em> compact, fiabil \u0219i inovator, ideal pentru ob\u021binerea rapid\u0103 a unei <em data-start=\"287\" data-end=\"306\">amprente digitale<\/em> precise.<\/p><h4 data-start=\"317\" data-end=\"339\">Beneficii cheie:<\/h4><ul data-start=\"341\" data-end=\"986\"><li data-start=\"341\" data-end=\"419\"><p data-start=\"343\" data-end=\"419\"><span class=\"relative -mx-px my-[-0.2rem] rounded px-px py-[0.2rem] transition-colors duration-100 ease-in-out\"><strong data-start=\"0\" data-end=\"25\" data-is-only-node=\"\">Precizie profesional\u0103<\/strong> \u2013 Scan\u0103rile full\u2011arch ating o acurate\u021be excep\u021bional\u0103 de <strong data-start=\"82\" data-end=\"91\">16\u202f\u03bcm<\/strong>, oferind <em data-start=\"101\" data-end=\"122\">amprent\u0103 dentar\u0103 3D<\/em> de calitate superioar\u0103 \u00eentr-un workflow f\u0103r\u0103 compromisuri.<\/span><\/p><\/li><li data-start=\"420\" data-end=\"498\"><p data-start=\"422\" data-end=\"498\"><span class=\"relative -mx-px my-[-0.2rem] rounded px-px py-[0.2rem] transition-colors duration-100 ease-in-out\"><strong data-start=\"0\" data-end=\"22\" data-is-only-node=\"\">Vitez\u0103 remarcabil\u0103<\/strong> \u2013 Cu <strong data-start=\"28\" data-end=\"51\">30 cadre pe secund\u0103<\/strong>, Helios\u202f680 asigur\u0103 o scanare lin\u0103 \u0219i fluid\u0103<\/span>.<\/p><\/li><li data-start=\"499\" data-end=\"577\"><p data-start=\"501\" data-end=\"577\"><span class=\"relative -mx-px my-[-0.2rem] rounded px-px py-[0.2rem] transition-colors duration-100 ease-in-out\"><strong data-start=\"0\" data-end=\"25\" data-is-only-node=\"\">U\u0219urin\u021b\u0103 \u00een utilizare<\/strong> \u2013 Elimin\u0103 necesitatea calibr\u0103rilor manuale, datorit\u0103 <strong data-start=\"79\" data-end=\"120\">tehnologiei avansate de autocalibrare<\/strong>, economisind timp pre\u021bios<\/span>.<\/p><\/li><li data-start=\"578\" data-end=\"656\"><p data-start=\"580\" data-end=\"656\"><span class=\"relative -mx-px my-[-0.2rem] rounded px-px py-[0.2rem] transition-colors duration-100 ease-in-out\"><strong data-start=\"0\" data-end=\"25\" data-is-only-node=\"\">Conectivitate modern\u0103<\/strong> \u2013 Func\u021bioneaz\u0103 printr-o platform\u0103 <strong data-start=\"60\" data-end=\"87\">cloud alimentat\u0103 de AWS<\/strong>, oferind acces global, laten\u021b\u0103 redus\u0103 \u0219i fiabilitate ridicat\u0103<\/span>.<\/p><\/li><li data-start=\"657\" data-end=\"737\"><p data-start=\"659\" data-end=\"737\"><span class=\"relative -mx-px my-[-0.2rem] rounded px-px py-[0.2rem] transition-colors duration-100 ease-in-out\"><strong data-start=\"0\" data-end=\"28\" data-is-only-node=\"\">Design ergonomic \u0219i u\u0219or<\/strong> \u2013 C\u00e2nt\u0103re\u0219te doar <strong data-start=\"47\" data-end=\"58\">161,5\u202fg<\/strong>, oferind un confort deosebit \u00een timpul utiliz\u0103rii prin reducerea oboselii operatorului<\/span>.<\/p><\/li><li data-start=\"738\" data-end=\"820\"><p data-start=\"740\" data-end=\"820\"><span class=\"relative -mx-px my-[-0.2rem] rounded px-px py-[0.2rem] transition-colors duration-100 ease-in-out\"><strong data-start=\"0\" data-end=\"20\" data-is-only-node=\"\">Analiz\u0103 avansat\u0103<\/strong> \u2013 Software-ul integrat permite simul\u0103ri ortodontice \u0219i analiza ocluzal\u0103, al\u0103turi de crearea rapid\u0103 de modele digitale<\/span>.<\/p><\/li><li data-start=\"821\" data-end=\"903\"><p data-start=\"823\" data-end=\"903\"><span class=\"relative -mx-px my-[-0.2rem] rounded px-px py-[0.2rem] transition-colors duration-100 ease-in-out\"><strong data-start=\"0\" data-end=\"33\" data-is-only-node=\"\">Confort sporit pentru pacient<\/strong> \u2013 Designul f\u0103r\u0103 pulbere, cu v\u00e2rfuri rotunjite, maximizeaz\u0103 confortul pacientului \u0219i elimin\u0103 riscurile asociate scan\u0103rilor tradi\u021bionale<\/span>.<\/p><\/li><li data-start=\"904\" data-end=\"986\"><p data-start=\"906\" data-end=\"986\"><span class=\"relative -mx-px my-[-0.2rem] rounded px-px py-[0.2rem] transition-colors duration-100 ease-in-out\"><strong data-start=\"0\" data-end=\"22\" data-is-only-node=\"\">Configurare rapid\u0103<\/strong> \u2013 Sistemul <strong data-start=\"34\" data-end=\"49\">Plug &amp; Scan<\/strong> cu un singur cablu reduce dezordinea \u0219i simplific\u0103 instalarea<\/span>.<\/p><\/li><\/ul>\t\t\t\t\t\t\t\t<\/div>\n\t\t\t\t<\/div>\n\t\t\t\t\t<\/div>\n\t\t\t\t<\/div>\n\t\t<div class=\"elementor-element elementor-element-01bdfd7 e-flex e-con-boxed cmsmasters-block-default e-con e-parent\" data-id=\"01bdfd7\" data-element_type=\"container\">\n\t\t\t\t\t<div class=\"e-con-inner\">\n\t\t\t\t<div class=\"elementor-element elementor-element-7afa870 cmsmasters-block-default cmsmasters-sticky-default elementor-widget elementor-widget-image\" data-id=\"7afa870\" data-element_type=\"widget\" data-widget_type=\"image.default\">\n\t\t\t\t<div class=\"elementor-widget-container\">\n\t\t\t\t\t\t\t\t\t\t\t\t\t\t\t<img fetchpriority=\"high\" decoding=\"async\" width=\"725\" height=\"1024\" src=\"https:\/\/digitalworkflowmasters.com\/romana\/wp-content\/uploads\/2025\/08\/Brochure-for-Helios-680-Intraora-30x30.jpg\" class=\"attachment-large size-large wp-image-35688 cmsmasters_img cmsmasters-lazyload lazyload\" alt=\"\" data-sizes=\"(max-width: 725px) 100vw, 725px\" data-src=\"https:\/\/digitalworkflowmasters.com\/romana\/wp-content\/uploads\/2025\/08\/Brochure-for-Helios-680-Intraora-725x1024.jpg\" data-srcset=\"https:\/\/digitalworkflowmasters.com\/romana\/wp-content\/uploads\/2025\/08\/Brochure-for-Helios-680-Intraora-725x1024.jpg 725w, https:\/\/digitalworkflowmasters.com\/romana\/wp-content\/uploads\/2025\/08\/Brochure-for-Helios-680-Intraora-212x300.jpg 212w, https:\/\/digitalworkflowmasters.com\/romana\/wp-content\/uploads\/2025\/08\/Brochure-for-Helios-680-Intraora-768x1085.jpg 768w, https:\/\/digitalworkflowmasters.com\/romana\/wp-content\/uploads\/2025\/08\/Brochure-for-Helios-680-Intraora-1087x1536.jpg 1087w, https:\/\/digitalworkflowmasters.com\/romana\/wp-content\/uploads\/2025\/08\/Brochure-for-Helios-680-Intraora-600x848.jpg 600w, https:\/\/digitalworkflowmasters.com\/romana\/wp-content\/uploads\/2025\/08\/Brochure-for-Helios-680-Intraora-30x42.jpg 30w, https:\/\/digitalworkflowmasters.com\/romana\/wp-content\/uploads\/2025\/08\/Brochure-for-Helios-680-Intraora-7x10.jpg 7w, https:\/\/digitalworkflowmasters.com\/romana\/wp-content\/uploads\/2025\/08\/Brochure-for-Helios-680-Intraora.jpg 1241w\">\t\t\t\t\t\t\t\t\t\t\t\t\t\t\t<\/div>\n\t\t\t\t<\/div>\n\t\t\t\t\t<\/div>\n\t\t\t\t<\/div>\n\t\t<div class=\"elementor-element elementor-element-dfcba3d e-flex e-con-boxed cmsmasters-block-default e-con e-parent\" data-id=\"dfcba3d\" data-element_type=\"container\">\n\t\t\t\t\t<div class=\"e-con-inner\">\n\t\t\t\t<div class=\"elementor-element elementor-element-c6e0bcc cmsmasters-block-default cmsmasters-sticky-default elementor-widget elementor-widget-image\" data-id=\"c6e0bcc\" data-element_type=\"widget\" data-widget_type=\"image.default\">\n\t\t\t\t<div class=\"elementor-widget-container\">\n\t\t\t\t\t\t\t\t\t\t\t\t\t\t\t<img decoding=\"async\" width=\"725\" height=\"1024\" src=\"https:\/\/digitalworkflowmasters.com\/romana\/wp-content\/uploads\/2025\/08\/Brochure-for-Helios-680-Intraora-1-30x30.jpg\" class=\"attachment-large size-large wp-image-35691 cmsmasters_img cmsmasters-lazyload lazyload\" alt=\"\" data-sizes=\"(max-width: 725px) 100vw, 725px\" data-src=\"https:\/\/digitalworkflowmasters.com\/romana\/wp-content\/uploads\/2025\/08\/Brochure-for-Helios-680-Intraora-1-725x1024.jpg\" data-srcset=\"https:\/\/digitalworkflowmasters.com\/romana\/wp-content\/uploads\/2025\/08\/Brochure-for-Helios-680-Intraora-1-725x1024.jpg 725w, https:\/\/digitalworkflowmasters.com\/romana\/wp-content\/uploads\/2025\/08\/Brochure-for-Helios-680-Intraora-1-212x300.jpg 212w, https:\/\/digitalworkflowmasters.com\/romana\/wp-content\/uploads\/2025\/08\/Brochure-for-Helios-680-Intraora-1-768x1085.jpg 768w, https:\/\/digitalworkflowmasters.com\/romana\/wp-content\/uploads\/2025\/08\/Brochure-for-Helios-680-Intraora-1-1087x1536.jpg 1087w, https:\/\/digitalworkflowmasters.com\/romana\/wp-content\/uploads\/2025\/08\/Brochure-for-Helios-680-Intraora-1-600x848.jpg 600w, https:\/\/digitalworkflowmasters.com\/romana\/wp-content\/uploads\/2025\/08\/Brochure-for-Helios-680-Intraora-1-30x42.jpg 30w, https:\/\/digitalworkflowmasters.com\/romana\/wp-content\/uploads\/2025\/08\/Brochure-for-Helios-680-Intraora-1-7x10.jpg 7w, https:\/\/digitalworkflowmasters.com\/romana\/wp-content\/uploads\/2025\/08\/Brochure-for-Helios-680-Intraora-1.jpg 1241w\">\t\t\t\t\t\t\t\t\t\t\t\t\t\t\t<\/div>\n\t\t\t\t<\/div>\n\t\t\t\t\t<\/div>\n\t\t\t\t<\/div>\n\t\t<div class=\"elementor-element elementor-element-af8fa0e e-flex e-con-boxed cmsmasters-block-default e-con e-parent\" data-id=\"af8fa0e\" data-element_type=\"container\">\n\t\t\t\t\t<div class=\"e-con-inner\">\n\t\t\t\t<div class=\"elementor-element elementor-element-edc05e8 cmsmasters-block-default cmsmasters-sticky-default elementor-widget elementor-widget-image\" data-id=\"edc05e8\" data-element_type=\"widget\" data-widget_type=\"image.default\">\n\t\t\t\t<div class=\"elementor-widget-container\">\n\t\t\t\t\t\t\t\t\t\t\t\t\t\t\t<img decoding=\"async\" width=\"725\" height=\"1024\" src=\"https:\/\/digitalworkflowmasters.com\/romana\/wp-content\/uploads\/2025\/08\/Brochure-for-Helios-680-Intraora-2-30x30.jpg\" class=\"attachment-large size-large wp-image-35692 cmsmasters_img cmsmasters-lazyload lazyload\" alt=\"\" data-sizes=\"(max-width: 725px) 100vw, 725px\" data-src=\"https:\/\/digitalworkflowmasters.com\/romana\/wp-content\/uploads\/2025\/08\/Brochure-for-Helios-680-Intraora-2-725x1024.jpg\" data-srcset=\"https:\/\/digitalworkflowmasters.com\/romana\/wp-content\/uploads\/2025\/08\/Brochure-for-Helios-680-Intraora-2-725x1024.jpg 725w, https:\/\/digitalworkflowmasters.com\/romana\/wp-content\/uploads\/2025\/08\/Brochure-for-Helios-680-Intraora-2-212x300.jpg 212w, https:\/\/digitalworkflowmasters.com\/romana\/wp-content\/uploads\/2025\/08\/Brochure-for-Helios-680-Intraora-2-768x1085.jpg 768w, https:\/\/digitalworkflowmasters.com\/romana\/wp-content\/uploads\/2025\/08\/Brochure-for-Helios-680-Intraora-2-1087x1536.jpg 1087w, https:\/\/digitalworkflowmasters.com\/romana\/wp-content\/uploads\/2025\/08\/Brochure-for-Helios-680-Intraora-2-600x848.jpg 600w, https:\/\/digitalworkflowmasters.com\/romana\/wp-content\/uploads\/2025\/08\/Brochure-for-Helios-680-Intraora-2-30x42.jpg 30w, https:\/\/digitalworkflowmasters.com\/romana\/wp-content\/uploads\/2025\/08\/Brochure-for-Helios-680-Intraora-2-7x10.jpg 7w, https:\/\/digitalworkflowmasters.com\/romana\/wp-content\/uploads\/2025\/08\/Brochure-for-Helios-680-Intraora-2.jpg 1241w\">\t\t\t\t\t\t\t\t\t\t\t\t\t\t\t<\/div>\n\t\t\t\t<\/div>\n\t\t\t\t\t<\/div>\n\t\t\t\t<\/div>\n\t\t\t\t<\/div>\n\t\t","protected":false},"excerpt":{"rendered":"<p>Helios 680 \u2013 scanner intraoral premium la un pre\u021b corect. Amprent\u0103 digital\u0103 3D rapid\u0103 \u0219i precis\u0103.<\/p>\n","protected":false},"featured_media":35696,"template":"","meta":{"_acf_changed":false,"om_disable_all_campaigns":false},"product_brand":[],"product_cat":[482],"product_tag":[],"class_list":{"0":"post-35687","1":"product","2":"type-product","3":"status-publish","4":"has-post-thumbnail","6":"product_cat-scannere-intraorale","8":"first","9":"instock","10":"shipping-taxable","11":"product-type-simple"},"acf":[],"yoast_head":"<!-- This site is optimized with the Yoast SEO plugin v25.3 - https:\/\/yoast.com\/wordpress\/plugins\/seo\/ -->\n<title>Scanner Intraoral Helios 680 Eighteeth - Digital Workflow Masters<\/title>\n<meta name=\"description\" content=\"Scanner intraoral Helios 680 Eighteeth \u2013 precizie \u0219i vitez\u0103 pentru amprent\u0103 digital\u0103 \u0219i amprent\u0103 dentar\u0103 3D rapid\u0103 \u0219i confortabil\u0103.\" \/>\n<meta name=\"robots\" content=\"index, follow, max-snippet:-1, max-image-preview:large, max-video-preview:-1\" \/>\n<link rel=\"canonical\" href=\"https:\/\/digitalworkflowmasters.com\/romana\/shop\/scanner-intraoral-helios-680-eighteeth\/\" \/>\n<meta property=\"og:locale\" content=\"ro_RO\" \/>\n<meta property=\"og:type\" content=\"article\" \/>\n<meta property=\"og:title\" content=\"Scanner Intraoral Helios 680 Eighteeth - Digital Workflow Masters\" \/>\n<meta property=\"og:description\" content=\"Scanner intraoral Helios 680 Eighteeth \u2013 precizie \u0219i vitez\u0103 pentru amprent\u0103 digital\u0103 \u0219i amprent\u0103 dentar\u0103 3D rapid\u0103 \u0219i confortabil\u0103.\" \/>\n<meta property=\"og:url\" content=\"https:\/\/digitalworkflowmasters.com\/romana\/shop\/scanner-intraoral-helios-680-eighteeth\/\" \/>\n<meta property=\"og:site_name\" content=\"Digital Workflow Masters\" \/>\n<meta property=\"article:publisher\" content=\"https:\/\/www.facebook.com\/digitalworkflowmasters\/\" \/>\n<meta property=\"article:modified_time\" content=\"2025-08-20T18:49:47+00:00\" \/>\n<meta property=\"og:image\" content=\"https:\/\/digitalworkflowmasters.com\/romana\/wp-content\/uploads\/2025\/08\/helios680.jpg\" \/>\n\t<meta property=\"og:image:width\" content=\"1080\" \/>\n\t<meta property=\"og:image:height\" content=\"1080\" \/>\n\t<meta property=\"og:image:type\" content=\"image\/jpeg\" \/>\n<meta name=\"twitter:card\" content=\"summary_large_image\" \/>\n<meta name=\"twitter:label1\" content=\"Timp estimat pentru citire\" \/>\n\t<meta name=\"twitter:data1\" content=\"2 minute\" \/>\n<script type=\"application\/ld+json\" class=\"yoast-schema-graph\">{\"@context\":\"https:\/\/schema.org\",\"@graph\":[{\"@type\":\"WebPage\",\"@id\":\"https:\/\/digitalworkflowmasters.com\/romana\/shop\/scanner-intraoral-helios-680-eighteeth\/\",\"url\":\"https:\/\/digitalworkflowmasters.com\/romana\/shop\/scanner-intraoral-helios-680-eighteeth\/\",\"name\":\"Scanner Intraoral Helios 680 Eighteeth - Digital Workflow Masters\",\"isPartOf\":{\"@id\":\"https:\/\/digitalworkflowmasters.com\/romana\/#website\"},\"primaryImageOfPage\":{\"@id\":\"https:\/\/digitalworkflowmasters.com\/romana\/shop\/scanner-intraoral-helios-680-eighteeth\/#primaryimage\"},\"image\":{\"@id\":\"https:\/\/digitalworkflowmasters.com\/romana\/shop\/scanner-intraoral-helios-680-eighteeth\/#primaryimage\"},\"thumbnailUrl\":\"https:\/\/digitalworkflowmasters.com\/romana\/wp-content\/uploads\/2025\/08\/helios680.jpg\",\"datePublished\":\"2025-08-20T18:43:20+00:00\",\"dateModified\":\"2025-08-20T18:49:47+00:00\",\"description\":\"Scanner intraoral Helios 680 Eighteeth \u2013 precizie \u0219i vitez\u0103 pentru amprent\u0103 digital\u0103 \u0219i amprent\u0103 dentar\u0103 3D rapid\u0103 \u0219i confortabil\u0103.\",\"breadcrumb\":{\"@id\":\"https:\/\/digitalworkflowmasters.com\/romana\/shop\/scanner-intraoral-helios-680-eighteeth\/#breadcrumb\"},\"inLanguage\":\"ro-RO\",\"potentialAction\":[{\"@type\":\"ReadAction\",\"target\":[\"https:\/\/digitalworkflowmasters.com\/romana\/shop\/scanner-intraoral-helios-680-eighteeth\/\"]}]},{\"@type\":\"ImageObject\",\"inLanguage\":\"ro-RO\",\"@id\":\"https:\/\/digitalworkflowmasters.com\/romana\/shop\/scanner-intraoral-helios-680-eighteeth\/#primaryimage\",\"url\":\"https:\/\/digitalworkflowmasters.com\/romana\/wp-content\/uploads\/2025\/08\/helios680.jpg\",\"contentUrl\":\"https:\/\/digitalworkflowmasters.com\/romana\/wp-content\/uploads\/2025\/08\/helios680.jpg\",\"width\":1080,\"height\":1080},{\"@type\":\"BreadcrumbList\",\"@id\":\"https:\/\/digitalworkflowmasters.com\/romana\/shop\/scanner-intraoral-helios-680-eighteeth\/#breadcrumb\",\"itemListElement\":[{\"@type\":\"ListItem\",\"position\":1,\"name\":\"Home\",\"item\":\"https:\/\/digitalworkflowmasters.com\/romana\/\"},{\"@type\":\"ListItem\",\"position\":2,\"name\":\"Products\",\"item\":\"https:\/\/digitalworkflowmasters.com\/romana\/shop\/\"},{\"@type\":\"ListItem\",\"position\":3,\"name\":\"CAD CAM\",\"item\":\"https:\/\/digitalworkflowmasters.com\/romana\/product-category\/cad-cam\/\"},{\"@type\":\"ListItem\",\"position\":4,\"name\":\"Scannere Intraorale\",\"item\":\"https:\/\/digitalworkflowmasters.com\/romana\/product-category\/cad-cam\/scannere-intraorale\/\"},{\"@type\":\"ListItem\",\"position\":5,\"name\":\"Scanner Intraoral Helios 680 Eighteeth\"}]},{\"@type\":\"WebSite\",\"@id\":\"https:\/\/digitalworkflowmasters.com\/romana\/#website\",\"url\":\"https:\/\/digitalworkflowmasters.com\/romana\/\",\"name\":\"Digital Workflow Masters\",\"description\":\"Premium Dental Equipment\",\"publisher\":{\"@id\":\"https:\/\/digitalworkflowmasters.com\/romana\/#organization\"},\"potentialAction\":[{\"@type\":\"SearchAction\",\"target\":{\"@type\":\"EntryPoint\",\"urlTemplate\":\"https:\/\/digitalworkflowmasters.com\/romana\/?s={search_term_string}\"},\"query-input\":{\"@type\":\"PropertyValueSpecification\",\"valueRequired\":true,\"valueName\":\"search_term_string\"}}],\"inLanguage\":\"ro-RO\"},{\"@type\":\"Organization\",\"@id\":\"https:\/\/digitalworkflowmasters.com\/romana\/#organization\",\"name\":\"Digital Workflow Masters\",\"url\":\"https:\/\/digitalworkflowmasters.com\/romana\/\",\"logo\":{\"@type\":\"ImageObject\",\"inLanguage\":\"ro-RO\",\"@id\":\"https:\/\/digitalworkflowmasters.com\/romana\/#\/schema\/logo\/image\/\",\"url\":\"https:\/\/digitalworkflowmasters.com\/romana\/wp-content\/uploads\/2025\/08\/1.png\",\"contentUrl\":\"https:\/\/digitalworkflowmasters.com\/romana\/wp-content\/uploads\/2025\/08\/1.png\",\"width\":1080,\"height\":1080,\"caption\":\"Digital Workflow Masters\"},\"image\":{\"@id\":\"https:\/\/digitalworkflowmasters.com\/romana\/#\/schema\/logo\/image\/\"},\"sameAs\":[\"https:\/\/www.facebook.com\/digitalworkflowmasters\/\",\"https:\/\/www.instagram.com\/digitalworkflowmasters\/\"]}]}<\/script>\n<!-- \/ Yoast SEO plugin. -->","yoast_head_json":{"title":"Scanner Intraoral Helios 680 Eighteeth - Digital Workflow Masters","description":"Scanner intraoral Helios 680 Eighteeth \u2013 precizie \u0219i vitez\u0103 pentru amprent\u0103 digital\u0103 \u0219i amprent\u0103 dentar\u0103 3D rapid\u0103 \u0219i confortabil\u0103.","robots":{"index":"index","follow":"follow","max-snippet":"max-snippet:-1","max-image-preview":"max-image-preview:large","max-video-preview":"max-video-preview:-1"},"canonical":"https:\/\/digitalworkflowmasters.com\/romana\/shop\/scanner-intraoral-helios-680-eighteeth\/","og_locale":"ro_RO","og_type":"article","og_title":"Scanner Intraoral Helios 680 Eighteeth - Digital Workflow Masters","og_description":"Scanner intraoral Helios 680 Eighteeth \u2013 precizie \u0219i vitez\u0103 pentru amprent\u0103 digital\u0103 \u0219i amprent\u0103 dentar\u0103 3D rapid\u0103 \u0219i confortabil\u0103.","og_url":"https:\/\/digitalworkflowmasters.com\/romana\/shop\/scanner-intraoral-helios-680-eighteeth\/","og_site_name":"Digital Workflow Masters","article_publisher":"https:\/\/www.facebook.com\/digitalworkflowmasters\/","article_modified_time":"2025-08-20T18:49:47+00:00","og_image":[{"width":1080,"height":1080,"url":"https:\/\/digitalworkflowmasters.com\/romana\/wp-content\/uploads\/2025\/08\/helios680.jpg","type":"image\/jpeg"}],"twitter_card":"summary_large_image","twitter_misc":{"Timp estimat pentru citire":"2 minute"},"schema":{"@context":"https:\/\/schema.org","@graph":[{"@type":"WebPage","@id":"https:\/\/digitalworkflowmasters.com\/romana\/shop\/scanner-intraoral-helios-680-eighteeth\/","url":"https:\/\/digitalworkflowmasters.com\/romana\/shop\/scanner-intraoral-helios-680-eighteeth\/","name":"Scanner Intraoral Helios 680 Eighteeth - Digital Workflow Masters","isPartOf":{"@id":"https:\/\/digitalworkflowmasters.com\/romana\/#website"},"primaryImageOfPage":{"@id":"https:\/\/digitalworkflowmasters.com\/romana\/shop\/scanner-intraoral-helios-680-eighteeth\/#primaryimage"},"image":{"@id":"https:\/\/digitalworkflowmasters.com\/romana\/shop\/scanner-intraoral-helios-680-eighteeth\/#primaryimage"},"thumbnailUrl":"https:\/\/digitalworkflowmasters.com\/romana\/wp-content\/uploads\/2025\/08\/helios680.jpg","datePublished":"2025-08-20T18:43:20+00:00","dateModified":"2025-08-20T18:49:47+00:00","description":"Scanner intraoral Helios 680 Eighteeth \u2013 precizie \u0219i vitez\u0103 pentru amprent\u0103 digital\u0103 \u0219i amprent\u0103 dentar\u0103 3D rapid\u0103 \u0219i confortabil\u0103.","breadcrumb":{"@id":"https:\/\/digitalworkflowmasters.com\/romana\/shop\/scanner-intraoral-helios-680-eighteeth\/#breadcrumb"},"inLanguage":"ro-RO","potentialAction":[{"@type":"ReadAction","target":["https:\/\/digitalworkflowmasters.com\/romana\/shop\/scanner-intraoral-helios-680-eighteeth\/"]}]},{"@type":"ImageObject","inLanguage":"ro-RO","@id":"https:\/\/digitalworkflowmasters.com\/romana\/shop\/scanner-intraoral-helios-680-eighteeth\/#primaryimage","url":"https:\/\/digitalworkflowmasters.com\/romana\/wp-content\/uploads\/2025\/08\/helios680.jpg","contentUrl":"https:\/\/digitalworkflowmasters.com\/romana\/wp-content\/uploads\/2025\/08\/helios680.jpg","width":1080,"height":1080},{"@type":"BreadcrumbList","@id":"https:\/\/digitalworkflowmasters.com\/romana\/shop\/scanner-intraoral-helios-680-eighteeth\/#breadcrumb","itemListElement":[{"@type":"ListItem","position":1,"name":"Home","item":"https:\/\/digitalworkflowmasters.com\/romana\/"},{"@type":"ListItem","position":2,"name":"Products","item":"https:\/\/digitalworkflowmasters.com\/romana\/shop\/"},{"@type":"ListItem","position":3,"name":"CAD CAM","item":"https:\/\/digitalworkflowmasters.com\/romana\/product-category\/cad-cam\/"},{"@type":"ListItem","position":4,"name":"Scannere Intraorale","item":"https:\/\/digitalworkflowmasters.com\/romana\/product-category\/cad-cam\/scannere-intraorale\/"},{"@type":"ListItem","position":5,"name":"Scanner Intraoral Helios 680 Eighteeth"}]},{"@type":"WebSite","@id":"https:\/\/digitalworkflowmasters.com\/romana\/#website","url":"https:\/\/digitalworkflowmasters.com\/romana\/","name":"Digital Workflow Masters","description":"Premium Dental Equipment","publisher":{"@id":"https:\/\/digitalworkflowmasters.com\/romana\/#organization"},"potentialAction":[{"@type":"SearchAction","target":{"@type":"EntryPoint","urlTemplate":"https:\/\/digitalworkflowmasters.com\/romana\/?s={search_term_string}"},"query-input":{"@type":"PropertyValueSpecification","valueRequired":true,"valueName":"search_term_string"}}],"inLanguage":"ro-RO"},{"@type":"Organization","@id":"https:\/\/digitalworkflowmasters.com\/romana\/#organization","name":"Digital Workflow Masters","url":"https:\/\/digitalworkflowmasters.com\/romana\/","logo":{"@type":"ImageObject","inLanguage":"ro-RO","@id":"https:\/\/digitalworkflowmasters.com\/romana\/#\/schema\/logo\/image\/","url":"https:\/\/digitalworkflowmasters.com\/romana\/wp-content\/uploads\/2025\/08\/1.png","contentUrl":"https:\/\/digitalworkflowmasters.com\/romana\/wp-content\/uploads\/2025\/08\/1.png","width":1080,"height":1080,"caption":"Digital Workflow Masters"},"image":{"@id":"https:\/\/digitalworkflowmasters.com\/romana\/#\/schema\/logo\/image\/"},"sameAs":["https:\/\/www.facebook.com\/digitalworkflowmasters\/","https:\/\/www.instagram.com\/digitalworkflowmasters\/"]}]}},"_links":{"self":[{"href":"https:\/\/digitalworkflowmasters.com\/romana\/wp-json\/wp\/v2\/product\/35687","targetHints":{"allow":["GET"]}}],"collection":[{"href":"https:\/\/digitalworkflowmasters.com\/romana\/wp-json\/wp\/v2\/product"}],"about":[{"href":"https:\/\/digitalworkflowmasters.com\/romana\/wp-json\/wp\/v2\/types\/product"}],"version-history":[{"count":0,"href":"https:\/\/digitalworkflowmasters.com\/romana\/wp-json\/wp\/v2\/product\/35687\/revisions"}],"wp:featuredmedia":[{"embeddable":true,"href":"https:\/\/digitalworkflowmasters.com\/romana\/wp-json\/wp\/v2\/media\/35696"}],"wp:attachment":[{"href":"https:\/\/digitalworkflowmasters.com\/romana\/wp-json\/wp\/v2\/media?parent=35687"}],"wp:term":[{"taxonomy":"product_brand","embeddable":true,"href":"https:\/\/digitalworkflowmasters.com\/romana\/wp-json\/wp\/v2\/product_brand?post=35687"},{"taxonomy":"product_cat","embeddable":true,"href":"https:\/\/digitalworkflowmasters.com\/romana\/wp-json\/wp\/v2\/product_cat?post=35687"},{"taxonomy":"product_tag","embeddable":true,"href":"https:\/\/digitalworkflowmasters.com\/romana\/wp-json\/wp\/v2\/product_tag?post=35687"}],"curies":[{"name":"wp","href":"https:\/\/api.w.org\/{rel}","templated":true}]}}