{"id":6086,"date":"2025-03-26T08:33:20","date_gmt":"2025-03-26T08:33:20","guid":{"rendered":"https:\/\/digitalworkflowmasters.com\/?post_type=product&#038;p=6086"},"modified":"2025-06-26T10:58:33","modified_gmt":"2025-06-26T10:58:33","slug":"gmm-p9led-automatic-water-powered-scaler","status":"publish","type":"product","link":"https:\/\/digitalworkflowmasters.com\/romana\/shop\/gmm-p9led-automatic-water-powered-scaler\/","title":{"rendered":"Detartraj extern GMM-P9LED"},"content":{"rendered":"<h3 data-start=\"190\" data-end=\"272\"><strong data-start=\"194\" data-end=\"272\">GMM-P9LED \u2013 Scaler ultrasonic automat cu alimentare pe ap\u0103 \u0219i manoper\u0103 LED<\/strong><\/h3>\n<p data-start=\"274\" data-end=\"601\"><strong data-start=\"274\" data-end=\"287\">GMM-P9LED<\/strong> este un <strong data-start=\"296\" data-end=\"325\">scaler ultrasonic automat<\/strong> de ultim\u0103 genera\u021bie, alimentat cu ap\u0103 \u0219i dotat cu <strong data-start=\"376\" data-end=\"395\">manoper\u0103 cu LED<\/strong>, ideal pentru <strong data-start=\"410\" data-end=\"441\">detartraj ultrasonic extern<\/strong> \u0219i tratamente endodontice. Acest dispozitiv combin\u0103 tehnologia de scalare automat\u0103 cu control inteligent, oferind precizie \u0219i siguran\u021b\u0103 \u00een fiecare interven\u021bie.<\/p>\n<p data-start=\"603\" data-end=\"834\">Unitatea este prev\u0103zut\u0103 cu <strong data-start=\"630\" data-end=\"654\">alimentare integrat\u0103<\/strong>, <strong data-start=\"656\" data-end=\"698\">identificare automat\u0103 a modului scaler<\/strong>, <strong data-start=\"700\" data-end=\"714\">control PC<\/strong> \u0219i <strong data-start=\"718\" data-end=\"752\">urm\u0103rire automat\u0103 a frecven\u021bei<\/strong>, asigur\u00e2nd performan\u021b\u0103 constant\u0103 \u0219i adaptare \u00een timp real la condi\u021biile de lucru.<\/p>\n<p data-start=\"836\" data-end=\"1005\">Manopera din <strong data-start=\"849\" data-end=\"870\">aliaj de aluminiu<\/strong> este deta\u0219abil\u0103 \u0219i complet autoclavabil\u0103 (135\u00b0C, 0,22 MPa), oferind o solu\u021bie igienic\u0103 \u0219i durabil\u0103 pentru utilizare zilnic\u0103 intensiv\u0103.<\/p>\n<hr data-start=\"1007\" data-end=\"1010\" \/>\n<h3 data-start=\"1012\" data-end=\"1043\"><strong data-start=\"1016\" data-end=\"1043\">Caracteristici tehnice:<\/strong><\/h3>\n<ul data-start=\"1045\" data-end=\"1413\">\n<li data-start=\"1045\" data-end=\"1092\">\n<p data-start=\"1047\" data-end=\"1092\"><strong data-start=\"1047\" data-end=\"1090\">Dispozitiv automat cu alimentare pe ap\u0103<\/strong><\/p>\n<\/li>\n<li data-start=\"1093\" data-end=\"1126\">\n<p data-start=\"1095\" data-end=\"1126\">Surs\u0103 de alimentare integrat\u0103<\/p>\n<\/li>\n<li data-start=\"1127\" data-end=\"1169\">\n<p data-start=\"1129\" data-end=\"1169\"><strong data-start=\"1129\" data-end=\"1167\">Manoper\u0103 LED din aliaj de aluminiu<\/strong><\/p>\n<\/li>\n<li data-start=\"1170\" data-end=\"1230\">\n<p data-start=\"1172\" data-end=\"1230\"><strong data-start=\"1172\" data-end=\"1195\">Manoper\u0103 deta\u0219abil\u0103<\/strong>, sterilizabil\u0103 (135\u00b0C, 0,22 MPa)<\/p>\n<\/li>\n<li data-start=\"1231\" data-end=\"1270\">\n<p data-start=\"1233\" data-end=\"1270\">Moduri de lucru: <strong data-start=\"1250\" data-end=\"1268\">Scaling \/ Endo<\/strong><\/p>\n<\/li>\n<li data-start=\"1271\" data-end=\"1320\">\n<p data-start=\"1273\" data-end=\"1320\"><strong data-start=\"1273\" data-end=\"1298\">Identificare automat\u0103<\/strong> a tipului de scaler<\/p>\n<\/li>\n<li data-start=\"1321\" data-end=\"1348\">\n<p data-start=\"1323\" data-end=\"1348\"><strong data-start=\"1323\" data-end=\"1337\">Control PC<\/strong> integrat<\/p>\n<\/li>\n<li data-start=\"1349\" data-end=\"1413\">\n<p data-start=\"1351\" data-end=\"1413\"><strong data-start=\"1351\" data-end=\"1385\">Urm\u0103rire automat\u0103 a frecven\u021bei<\/strong> pentru stabilitate maxim\u0103<\/p>\n<\/li>\n<\/ul>\n<h3><\/h3>\n","protected":false},"excerpt":{"rendered":"<p data-start=\"1448\" data-end=\"1583\">Scaler ultrasonic automat cu ap\u0103 GMM-P9LED, cu manoper\u0103 LED sterilizabil\u0103 \u0219i func\u021bii inteligente pentru detartraj extern \u0219i endodon\u021bie.<\/p>\n","protected":false},"featured_media":32760,"template":"","meta":{"_acf_changed":false,"om_disable_all_campaigns":false},"product_brand":[],"product_cat":[70],"product_tag":[71,72,73,74,75,76,77,78],"class_list":{"0":"post-6086","1":"product","2":"type-product","3":"status-publish","4":"has-post-thumbnail","6":"product_cat-echipament-de-detartraj-dentar-flux-de-aer","7":"product_tag-automatic-water-powered-scaler","8":"product_tag-dental-center-scaler","9":"product_tag-dental-center-scalers","10":"product_tag-dental-unit-scalers","11":"product_tag-gmm-p9-led","12":"product_tag-gmm-p9led","13":"product_tag-gramm-scaler","14":"product_tag-gramm-scalers","16":"first","17":"instock","18":"shipping-taxable","19":"purchasable","20":"product-type-simple"},"acf":[],"yoast_head":"<!-- This site is optimized with the Yoast SEO plugin v25.3 - https:\/\/yoast.com\/wordpress\/plugins\/seo\/ -->\n<title>Detartraj extern GMM-P9LED - Digital Workflow Masters<\/title>\n<meta name=\"description\" content=\"GMM-P9LED \u2013 scaler ultrasonic automat alimentat cu ap\u0103 pentru detartraj ultrasonic \u0219i endodon\u021bie. Manoper\u0103 LED sterilizabil\u0103, frecven\u021b\u0103 automat\u0103, control PC.\" \/>\n<meta name=\"robots\" content=\"index, follow, max-snippet:-1, max-image-preview:large, max-video-preview:-1\" \/>\n<link rel=\"canonical\" href=\"https:\/\/digitalworkflowmasters.com\/romana\/shop\/gmm-p9led-automatic-water-powered-scaler\/\" \/>\n<meta property=\"og:locale\" content=\"ro_RO\" \/>\n<meta property=\"og:type\" content=\"article\" \/>\n<meta property=\"og:title\" content=\"Detartraj extern GMM-P9LED - Digital Workflow Masters\" \/>\n<meta property=\"og:description\" content=\"GMM-P9LED \u2013 scaler ultrasonic automat alimentat cu ap\u0103 pentru detartraj ultrasonic \u0219i endodon\u021bie. Manoper\u0103 LED sterilizabil\u0103, frecven\u021b\u0103 automat\u0103, control PC.\" \/>\n<meta property=\"og:url\" content=\"https:\/\/digitalworkflowmasters.com\/romana\/shop\/gmm-p9led-automatic-water-powered-scaler\/\" \/>\n<meta property=\"og:site_name\" content=\"Digital Workflow Masters\" \/>\n<meta property=\"article:publisher\" content=\"https:\/\/www.facebook.com\/digitalworkflowmasters\/\" \/>\n<meta property=\"article:modified_time\" content=\"2025-06-26T10:58:33+00:00\" \/>\n<meta property=\"og:image\" content=\"https:\/\/digitalworkflowmasters.com\/romana\/wp-content\/uploads\/2025\/03\/white-P9L-neutral-scaled-1-1.jpg\" \/>\n\t<meta property=\"og:image:width\" content=\"2560\" \/>\n\t<meta property=\"og:image:height\" content=\"2560\" \/>\n\t<meta property=\"og:image:type\" content=\"image\/jpeg\" \/>\n<meta name=\"twitter:card\" content=\"summary_large_image\" \/>\n<meta name=\"twitter:label1\" content=\"Timp estimat pentru citire\" \/>\n\t<meta name=\"twitter:data1\" content=\"1 minut\" \/>\n<script type=\"application\/ld+json\" class=\"yoast-schema-graph\">{\"@context\":\"https:\/\/schema.org\",\"@graph\":[{\"@type\":\"WebPage\",\"@id\":\"https:\/\/digitalworkflowmasters.com\/romana\/shop\/gmm-p9led-automatic-water-powered-scaler\/\",\"url\":\"https:\/\/digitalworkflowmasters.com\/romana\/shop\/gmm-p9led-automatic-water-powered-scaler\/\",\"name\":\"Detartraj extern GMM-P9LED - Digital Workflow Masters\",\"isPartOf\":{\"@id\":\"https:\/\/digitalworkflowmasters.com\/romana\/#website\"},\"primaryImageOfPage\":{\"@id\":\"https:\/\/digitalworkflowmasters.com\/romana\/shop\/gmm-p9led-automatic-water-powered-scaler\/#primaryimage\"},\"image\":{\"@id\":\"https:\/\/digitalworkflowmasters.com\/romana\/shop\/gmm-p9led-automatic-water-powered-scaler\/#primaryimage\"},\"thumbnailUrl\":\"https:\/\/digitalworkflowmasters.com\/romana\/wp-content\/uploads\/2025\/03\/white-P9L-neutral-scaled-1-1.jpg\",\"datePublished\":\"2025-03-26T08:33:20+00:00\",\"dateModified\":\"2025-06-26T10:58:33+00:00\",\"description\":\"GMM-P9LED \u2013 scaler ultrasonic automat alimentat cu ap\u0103 pentru detartraj ultrasonic \u0219i endodon\u021bie. Manoper\u0103 LED sterilizabil\u0103, frecven\u021b\u0103 automat\u0103, control PC.\",\"breadcrumb\":{\"@id\":\"https:\/\/digitalworkflowmasters.com\/romana\/shop\/gmm-p9led-automatic-water-powered-scaler\/#breadcrumb\"},\"inLanguage\":\"ro-RO\",\"potentialAction\":[{\"@type\":\"ReadAction\",\"target\":[\"https:\/\/digitalworkflowmasters.com\/romana\/shop\/gmm-p9led-automatic-water-powered-scaler\/\"]}]},{\"@type\":\"ImageObject\",\"inLanguage\":\"ro-RO\",\"@id\":\"https:\/\/digitalworkflowmasters.com\/romana\/shop\/gmm-p9led-automatic-water-powered-scaler\/#primaryimage\",\"url\":\"https:\/\/digitalworkflowmasters.com\/romana\/wp-content\/uploads\/2025\/03\/white-P9L-neutral-scaled-1-1.jpg\",\"contentUrl\":\"https:\/\/digitalworkflowmasters.com\/romana\/wp-content\/uploads\/2025\/03\/white-P9L-neutral-scaled-1-1.jpg\",\"width\":2560,\"height\":2560},{\"@type\":\"BreadcrumbList\",\"@id\":\"https:\/\/digitalworkflowmasters.com\/romana\/shop\/gmm-p9led-automatic-water-powered-scaler\/#breadcrumb\",\"itemListElement\":[{\"@type\":\"ListItem\",\"position\":1,\"name\":\"Home\",\"item\":\"https:\/\/digitalworkflowmasters.com\/romana\/\"},{\"@type\":\"ListItem\",\"position\":2,\"name\":\"Products\",\"item\":\"https:\/\/digitalworkflowmasters.com\/romana\/shop\/\"},{\"@type\":\"ListItem\",\"position\":3,\"name\":\"Profilaxie\",\"item\":\"https:\/\/digitalworkflowmasters.com\/romana\/product-category\/profilaxie\/\"},{\"@type\":\"ListItem\",\"position\":4,\"name\":\"Echipament de detartraj dentar, flux de aer\",\"item\":\"https:\/\/digitalworkflowmasters.com\/romana\/product-category\/profilaxie\/echipament-de-detartraj-dentar-flux-de-aer\/\"},{\"@type\":\"ListItem\",\"position\":5,\"name\":\"Detartraj extern GMM-P9LED\"}]},{\"@type\":\"WebSite\",\"@id\":\"https:\/\/digitalworkflowmasters.com\/romana\/#website\",\"url\":\"https:\/\/digitalworkflowmasters.com\/romana\/\",\"name\":\"Digital Workflow Masters\",\"description\":\"Premium Dental Equipment\",\"publisher\":{\"@id\":\"https:\/\/digitalworkflowmasters.com\/romana\/#organization\"},\"potentialAction\":[{\"@type\":\"SearchAction\",\"target\":{\"@type\":\"EntryPoint\",\"urlTemplate\":\"https:\/\/digitalworkflowmasters.com\/romana\/?s={search_term_string}\"},\"query-input\":{\"@type\":\"PropertyValueSpecification\",\"valueRequired\":true,\"valueName\":\"search_term_string\"}}],\"inLanguage\":\"ro-RO\"},{\"@type\":\"Organization\",\"@id\":\"https:\/\/digitalworkflowmasters.com\/romana\/#organization\",\"name\":\"Digital Workflow Masters\",\"url\":\"https:\/\/digitalworkflowmasters.com\/romana\/\",\"logo\":{\"@type\":\"ImageObject\",\"inLanguage\":\"ro-RO\",\"@id\":\"https:\/\/digitalworkflowmasters.com\/romana\/#\/schema\/logo\/image\/\",\"url\":\"https:\/\/digitalworkflowmasters.com\/romana\/wp-content\/uploads\/2025\/08\/1.png\",\"contentUrl\":\"https:\/\/digitalworkflowmasters.com\/romana\/wp-content\/uploads\/2025\/08\/1.png\",\"width\":1080,\"height\":1080,\"caption\":\"Digital Workflow Masters\"},\"image\":{\"@id\":\"https:\/\/digitalworkflowmasters.com\/romana\/#\/schema\/logo\/image\/\"},\"sameAs\":[\"https:\/\/www.facebook.com\/digitalworkflowmasters\/\",\"https:\/\/www.instagram.com\/digitalworkflowmasters\/\"]}]}<\/script>\n<!-- \/ Yoast SEO plugin. -->","yoast_head_json":{"title":"Detartraj extern GMM-P9LED - Digital Workflow Masters","description":"GMM-P9LED \u2013 scaler ultrasonic automat alimentat cu ap\u0103 pentru detartraj ultrasonic \u0219i endodon\u021bie. Manoper\u0103 LED sterilizabil\u0103, frecven\u021b\u0103 automat\u0103, control PC.","robots":{"index":"index","follow":"follow","max-snippet":"max-snippet:-1","max-image-preview":"max-image-preview:large","max-video-preview":"max-video-preview:-1"},"canonical":"https:\/\/digitalworkflowmasters.com\/romana\/shop\/gmm-p9led-automatic-water-powered-scaler\/","og_locale":"ro_RO","og_type":"article","og_title":"Detartraj extern GMM-P9LED - Digital Workflow Masters","og_description":"GMM-P9LED \u2013 scaler ultrasonic automat alimentat cu ap\u0103 pentru detartraj ultrasonic \u0219i endodon\u021bie. Manoper\u0103 LED sterilizabil\u0103, frecven\u021b\u0103 automat\u0103, control PC.","og_url":"https:\/\/digitalworkflowmasters.com\/romana\/shop\/gmm-p9led-automatic-water-powered-scaler\/","og_site_name":"Digital Workflow Masters","article_publisher":"https:\/\/www.facebook.com\/digitalworkflowmasters\/","article_modified_time":"2025-06-26T10:58:33+00:00","og_image":[{"width":2560,"height":2560,"url":"https:\/\/digitalworkflowmasters.com\/romana\/wp-content\/uploads\/2025\/03\/white-P9L-neutral-scaled-1-1.jpg","type":"image\/jpeg"}],"twitter_card":"summary_large_image","twitter_misc":{"Timp estimat pentru citire":"1 minut"},"schema":{"@context":"https:\/\/schema.org","@graph":[{"@type":"WebPage","@id":"https:\/\/digitalworkflowmasters.com\/romana\/shop\/gmm-p9led-automatic-water-powered-scaler\/","url":"https:\/\/digitalworkflowmasters.com\/romana\/shop\/gmm-p9led-automatic-water-powered-scaler\/","name":"Detartraj extern GMM-P9LED - Digital Workflow Masters","isPartOf":{"@id":"https:\/\/digitalworkflowmasters.com\/romana\/#website"},"primaryImageOfPage":{"@id":"https:\/\/digitalworkflowmasters.com\/romana\/shop\/gmm-p9led-automatic-water-powered-scaler\/#primaryimage"},"image":{"@id":"https:\/\/digitalworkflowmasters.com\/romana\/shop\/gmm-p9led-automatic-water-powered-scaler\/#primaryimage"},"thumbnailUrl":"https:\/\/digitalworkflowmasters.com\/romana\/wp-content\/uploads\/2025\/03\/white-P9L-neutral-scaled-1-1.jpg","datePublished":"2025-03-26T08:33:20+00:00","dateModified":"2025-06-26T10:58:33+00:00","description":"GMM-P9LED \u2013 scaler ultrasonic automat alimentat cu ap\u0103 pentru detartraj ultrasonic \u0219i endodon\u021bie. Manoper\u0103 LED sterilizabil\u0103, frecven\u021b\u0103 automat\u0103, control PC.","breadcrumb":{"@id":"https:\/\/digitalworkflowmasters.com\/romana\/shop\/gmm-p9led-automatic-water-powered-scaler\/#breadcrumb"},"inLanguage":"ro-RO","potentialAction":[{"@type":"ReadAction","target":["https:\/\/digitalworkflowmasters.com\/romana\/shop\/gmm-p9led-automatic-water-powered-scaler\/"]}]},{"@type":"ImageObject","inLanguage":"ro-RO","@id":"https:\/\/digitalworkflowmasters.com\/romana\/shop\/gmm-p9led-automatic-water-powered-scaler\/#primaryimage","url":"https:\/\/digitalworkflowmasters.com\/romana\/wp-content\/uploads\/2025\/03\/white-P9L-neutral-scaled-1-1.jpg","contentUrl":"https:\/\/digitalworkflowmasters.com\/romana\/wp-content\/uploads\/2025\/03\/white-P9L-neutral-scaled-1-1.jpg","width":2560,"height":2560},{"@type":"BreadcrumbList","@id":"https:\/\/digitalworkflowmasters.com\/romana\/shop\/gmm-p9led-automatic-water-powered-scaler\/#breadcrumb","itemListElement":[{"@type":"ListItem","position":1,"name":"Home","item":"https:\/\/digitalworkflowmasters.com\/romana\/"},{"@type":"ListItem","position":2,"name":"Products","item":"https:\/\/digitalworkflowmasters.com\/romana\/shop\/"},{"@type":"ListItem","position":3,"name":"Profilaxie","item":"https:\/\/digitalworkflowmasters.com\/romana\/product-category\/profilaxie\/"},{"@type":"ListItem","position":4,"name":"Echipament de detartraj dentar, flux de aer","item":"https:\/\/digitalworkflowmasters.com\/romana\/product-category\/profilaxie\/echipament-de-detartraj-dentar-flux-de-aer\/"},{"@type":"ListItem","position":5,"name":"Detartraj extern GMM-P9LED"}]},{"@type":"WebSite","@id":"https:\/\/digitalworkflowmasters.com\/romana\/#website","url":"https:\/\/digitalworkflowmasters.com\/romana\/","name":"Digital Workflow Masters","description":"Premium Dental Equipment","publisher":{"@id":"https:\/\/digitalworkflowmasters.com\/romana\/#organization"},"potentialAction":[{"@type":"SearchAction","target":{"@type":"EntryPoint","urlTemplate":"https:\/\/digitalworkflowmasters.com\/romana\/?s={search_term_string}"},"query-input":{"@type":"PropertyValueSpecification","valueRequired":true,"valueName":"search_term_string"}}],"inLanguage":"ro-RO"},{"@type":"Organization","@id":"https:\/\/digitalworkflowmasters.com\/romana\/#organization","name":"Digital Workflow Masters","url":"https:\/\/digitalworkflowmasters.com\/romana\/","logo":{"@type":"ImageObject","inLanguage":"ro-RO","@id":"https:\/\/digitalworkflowmasters.com\/romana\/#\/schema\/logo\/image\/","url":"https:\/\/digitalworkflowmasters.com\/romana\/wp-content\/uploads\/2025\/08\/1.png","contentUrl":"https:\/\/digitalworkflowmasters.com\/romana\/wp-content\/uploads\/2025\/08\/1.png","width":1080,"height":1080,"caption":"Digital Workflow Masters"},"image":{"@id":"https:\/\/digitalworkflowmasters.com\/romana\/#\/schema\/logo\/image\/"},"sameAs":["https:\/\/www.facebook.com\/digitalworkflowmasters\/","https:\/\/www.instagram.com\/digitalworkflowmasters\/"]}]}},"_links":{"self":[{"href":"https:\/\/digitalworkflowmasters.com\/romana\/wp-json\/wp\/v2\/product\/6086","targetHints":{"allow":["GET"]}}],"collection":[{"href":"https:\/\/digitalworkflowmasters.com\/romana\/wp-json\/wp\/v2\/product"}],"about":[{"href":"https:\/\/digitalworkflowmasters.com\/romana\/wp-json\/wp\/v2\/types\/product"}],"version-history":[{"count":0,"href":"https:\/\/digitalworkflowmasters.com\/romana\/wp-json\/wp\/v2\/product\/6086\/revisions"}],"wp:featuredmedia":[{"embeddable":true,"href":"https:\/\/digitalworkflowmasters.com\/romana\/wp-json\/wp\/v2\/media\/32760"}],"wp:attachment":[{"href":"https:\/\/digitalworkflowmasters.com\/romana\/wp-json\/wp\/v2\/media?parent=6086"}],"wp:term":[{"taxonomy":"product_brand","embeddable":true,"href":"https:\/\/digitalworkflowmasters.com\/romana\/wp-json\/wp\/v2\/product_brand?post=6086"},{"taxonomy":"product_cat","embeddable":true,"href":"https:\/\/digitalworkflowmasters.com\/romana\/wp-json\/wp\/v2\/product_cat?post=6086"},{"taxonomy":"product_tag","embeddable":true,"href":"https:\/\/digitalworkflowmasters.com\/romana\/wp-json\/wp\/v2\/product_tag?post=6086"}],"curies":[{"name":"wp","href":"https:\/\/api.w.org\/{rel}","templated":true}]}}