{"id":6124,"date":"2025-03-26T08:33:21","date_gmt":"2025-03-26T08:33:21","guid":{"rendered":"https:\/\/digitalworkflowmasters.com\/?post_type=product&#038;p=6124"},"modified":"2025-08-29T11:56:41","modified_gmt":"2025-08-29T11:56:41","slug":"gmm-2ew-oil-free-air-compressor","status":"publish","type":"product","link":"https:\/\/digitalworkflowmasters.com\/romana\/shop\/gmm-2ew-oil-free-air-compressor\/","title":{"rendered":"Compresor fara ulei GMM 2EW"},"content":{"rendered":"<p data-start=\"467\" data-end=\"500\"><strong data-start=\"467\" data-end=\"500\">GMM 2EW &#8211; Compresor f\u0103r\u0103 ulei<\/strong><\/p>\n<p data-start=\"502\" data-end=\"537\"><strong data-start=\"502\" data-end=\"537\">APLICA\u021aIA COMPRESORULUI GMM-2EW<\/strong><\/p>\n<p data-start=\"539\" data-end=\"776\">C\u0103uta\u021bi un compresor de \u00eencredere, performant, special conceput pentru unitatea dumneavoastr\u0103 stomatologic\u0103? Nu mai c\u0103uta\u021bi! GMM 2EW este compresorul de aer ideal pentru a satisface toate nevoile din practica dumneavoastr\u0103 stomatologic\u0103.<\/p>\n<p data-start=\"778\" data-end=\"1135\">Cu compresorul GMM 2EW, ve\u021bi experimenta o eficien\u021b\u0103 f\u0103r\u0103 egal \u0219i performan\u021be de top. Proiectat cu precizie \u0219i expertiz\u0103, acest compresor garanteaz\u0103 un sistem de flux de aer perfect, asigur\u00e2nd func\u021bionarea optim\u0103 a unit\u0103\u021bii stomatologice. Spune\u021bi adio grijilor legate de un aprovizionare insuficient\u0103 cu aer sau \u00eentreruperi \u00een timpul procedurilor esen\u021biale.<\/p>\n<p data-start=\"1137\" data-end=\"1500\">Compresorul nostru de ultim\u0103 genera\u021bie GMM 2EW este special creat pentru a sprijini o unitate stomatologic\u0103, oferind o solu\u021bie compact\u0103 \u0219i eficient\u0103 pentru practica dumneavoastr\u0103. Designul s\u0103u inovator \u0219i tehnologia avansat\u0103 garanteaz\u0103 un aprovizionare fiabil\u0103 \u0219i constant\u0103 cu aer, permi\u021b\u00e2ndu-v\u0103 s\u0103 v\u0103 concentra\u021bi pe oferirea unei \u00eengrijiri excelente pacien\u021bilor.<\/p>\n<p data-start=\"1502\" data-end=\"1812\">Ce face ca GMM 2EW s\u0103 fie diferit este aten\u021bia sa excep\u021bional\u0103 la detalii, asigur\u00e2nd o operare silen\u021bioas\u0103 care minimizeaz\u0103 zgomotul \u00een mediul stomatologic. Acum pute\u021bi oferi o experien\u021b\u0103 lini\u0219tit\u0103 \u0219i confortabil\u0103 at\u00e2t personalului, c\u00e2t \u0219i pacien\u021bilor, f\u0103r\u0103 a face compromisuri \u00een ceea ce prive\u0219te performan\u021ba.<\/p>\n<p data-start=\"1814\" data-end=\"1866\" data-is-last-node=\"\" data-is-only-node=\"\"><strong data-start=\"1814\" data-end=\"1866\" data-is-last-node=\"\">GMM 2EW Compresor pentru o unitate stomatologic\u0103<\/strong><\/p>\n","protected":false},"excerpt":{"rendered":"<p>Compresorul GMM 2EW este solu\u021bia ideal\u0103 pentru unit\u0103\u021bile stomatologice, oferind performan\u021b\u0103 ridicat\u0103 \u0219i un sistem de aer optimizat, f\u0103r\u0103 ulei, pentru un flux constant \u0219i eficient de aer.<\/p>\n","protected":false},"featured_media":32784,"template":"","meta":{"_acf_changed":false,"om_disable_all_campaigns":false},"product_brand":[],"product_cat":[142],"product_tag":[143,144,145,146,147,148,149,150],"class_list":{"0":"post-6124","1":"product","2":"type-product","3":"status-publish","4":"has-post-thumbnail","6":"product_cat-compresoare","7":"product_tag-air-compressors-for-dental-units","8":"product_tag-dental-unit-air-compressor","9":"product_tag-gmm-2","10":"product_tag-gmm-2ew","11":"product_tag-gramm-air-compressor","12":"product_tag-gramm-air-compressors","13":"product_tag-oil-free-air-compressor","14":"product_tag-oil-free-air-compressors","16":"first","17":"instock","18":"shipping-taxable","19":"purchasable","20":"product-type-simple"},"acf":[],"yoast_head":"<!-- This site is optimized with the Yoast SEO plugin v25.3 - https:\/\/yoast.com\/wordpress\/plugins\/seo\/ -->\n<title>Compresor fara ulei GMM 2EW - Digital Workflow Masters<\/title>\n<meta name=\"description\" content=\"GMM 2EW este un compresor f\u0103r\u0103 ulei, creat pentru unit\u0103\u021bi stomatologice, asigur\u00e2nd un flux de aer constant, silen\u021bios \u0219i eficient, ideal pentru proceduri dentare.\" \/>\n<meta name=\"robots\" content=\"index, follow, max-snippet:-1, max-image-preview:large, max-video-preview:-1\" \/>\n<link rel=\"canonical\" href=\"https:\/\/digitalworkflowmasters.com\/romana\/shop\/gmm-2ew-oil-free-air-compressor\/\" \/>\n<meta property=\"og:locale\" content=\"ro_RO\" \/>\n<meta property=\"og:type\" content=\"article\" \/>\n<meta property=\"og:title\" content=\"Compresor fara ulei GMM 2EW - Digital Workflow Masters\" \/>\n<meta property=\"og:description\" content=\"GMM 2EW este un compresor f\u0103r\u0103 ulei, creat pentru unit\u0103\u021bi stomatologice, asigur\u00e2nd un flux de aer constant, silen\u021bios \u0219i eficient, ideal pentru proceduri dentare.\" \/>\n<meta property=\"og:url\" content=\"https:\/\/digitalworkflowmasters.com\/romana\/shop\/gmm-2ew-oil-free-air-compressor\/\" \/>\n<meta property=\"og:site_name\" content=\"Digital Workflow Masters\" \/>\n<meta property=\"article:publisher\" content=\"https:\/\/www.facebook.com\/digitalworkflowmasters\/\" \/>\n<meta property=\"article:modified_time\" content=\"2025-08-29T11:56:41+00:00\" \/>\n<meta property=\"og:image\" content=\"https:\/\/digitalworkflowmasters.com\/romana\/wp-content\/uploads\/2025\/03\/compresor-aer-gmm-2EW-1.jpg\" \/>\n\t<meta property=\"og:image:width\" content=\"856\" \/>\n\t<meta property=\"og:image:height\" content=\"856\" \/>\n\t<meta property=\"og:image:type\" content=\"image\/jpeg\" \/>\n<meta name=\"twitter:card\" content=\"summary_large_image\" \/>\n<meta name=\"twitter:label1\" content=\"Timp estimat pentru citire\" \/>\n\t<meta name=\"twitter:data1\" content=\"2 minute\" \/>\n<script type=\"application\/ld+json\" class=\"yoast-schema-graph\">{\"@context\":\"https:\/\/schema.org\",\"@graph\":[{\"@type\":\"WebPage\",\"@id\":\"https:\/\/digitalworkflowmasters.com\/romana\/shop\/gmm-2ew-oil-free-air-compressor\/\",\"url\":\"https:\/\/digitalworkflowmasters.com\/romana\/shop\/gmm-2ew-oil-free-air-compressor\/\",\"name\":\"Compresor fara ulei GMM 2EW - Digital Workflow Masters\",\"isPartOf\":{\"@id\":\"https:\/\/digitalworkflowmasters.com\/romana\/#website\"},\"primaryImageOfPage\":{\"@id\":\"https:\/\/digitalworkflowmasters.com\/romana\/shop\/gmm-2ew-oil-free-air-compressor\/#primaryimage\"},\"image\":{\"@id\":\"https:\/\/digitalworkflowmasters.com\/romana\/shop\/gmm-2ew-oil-free-air-compressor\/#primaryimage\"},\"thumbnailUrl\":\"https:\/\/digitalworkflowmasters.com\/romana\/wp-content\/uploads\/2025\/03\/compresor-aer-gmm-2EW-1.jpg\",\"datePublished\":\"2025-03-26T08:33:21+00:00\",\"dateModified\":\"2025-08-29T11:56:41+00:00\",\"description\":\"GMM 2EW este un compresor f\u0103r\u0103 ulei, creat pentru unit\u0103\u021bi stomatologice, asigur\u00e2nd un flux de aer constant, silen\u021bios \u0219i eficient, ideal pentru proceduri dentare.\",\"breadcrumb\":{\"@id\":\"https:\/\/digitalworkflowmasters.com\/romana\/shop\/gmm-2ew-oil-free-air-compressor\/#breadcrumb\"},\"inLanguage\":\"ro-RO\",\"potentialAction\":[{\"@type\":\"ReadAction\",\"target\":[\"https:\/\/digitalworkflowmasters.com\/romana\/shop\/gmm-2ew-oil-free-air-compressor\/\"]}]},{\"@type\":\"ImageObject\",\"inLanguage\":\"ro-RO\",\"@id\":\"https:\/\/digitalworkflowmasters.com\/romana\/shop\/gmm-2ew-oil-free-air-compressor\/#primaryimage\",\"url\":\"https:\/\/digitalworkflowmasters.com\/romana\/wp-content\/uploads\/2025\/03\/compresor-aer-gmm-2EW-1.jpg\",\"contentUrl\":\"https:\/\/digitalworkflowmasters.com\/romana\/wp-content\/uploads\/2025\/03\/compresor-aer-gmm-2EW-1.jpg\",\"width\":856,\"height\":856},{\"@type\":\"BreadcrumbList\",\"@id\":\"https:\/\/digitalworkflowmasters.com\/romana\/shop\/gmm-2ew-oil-free-air-compressor\/#breadcrumb\",\"itemListElement\":[{\"@type\":\"ListItem\",\"position\":1,\"name\":\"Home\",\"item\":\"https:\/\/digitalworkflowmasters.com\/romana\/\"},{\"@type\":\"ListItem\",\"position\":2,\"name\":\"Products\",\"item\":\"https:\/\/digitalworkflowmasters.com\/romana\/shop\/\"},{\"@type\":\"ListItem\",\"position\":3,\"name\":\"Camera Tehnica\",\"item\":\"https:\/\/digitalworkflowmasters.com\/romana\/product-category\/camera-tehnica\/\"},{\"@type\":\"ListItem\",\"position\":4,\"name\":\"Compresoare\",\"item\":\"https:\/\/digitalworkflowmasters.com\/romana\/product-category\/camera-tehnica\/compresoare\/\"},{\"@type\":\"ListItem\",\"position\":5,\"name\":\"Compresor fara ulei GMM 2EW\"}]},{\"@type\":\"WebSite\",\"@id\":\"https:\/\/digitalworkflowmasters.com\/romana\/#website\",\"url\":\"https:\/\/digitalworkflowmasters.com\/romana\/\",\"name\":\"Digital Workflow Masters\",\"description\":\"Premium Dental Equipment\",\"publisher\":{\"@id\":\"https:\/\/digitalworkflowmasters.com\/romana\/#organization\"},\"potentialAction\":[{\"@type\":\"SearchAction\",\"target\":{\"@type\":\"EntryPoint\",\"urlTemplate\":\"https:\/\/digitalworkflowmasters.com\/romana\/?s={search_term_string}\"},\"query-input\":{\"@type\":\"PropertyValueSpecification\",\"valueRequired\":true,\"valueName\":\"search_term_string\"}}],\"inLanguage\":\"ro-RO\"},{\"@type\":\"Organization\",\"@id\":\"https:\/\/digitalworkflowmasters.com\/romana\/#organization\",\"name\":\"Digital Workflow Masters\",\"url\":\"https:\/\/digitalworkflowmasters.com\/romana\/\",\"logo\":{\"@type\":\"ImageObject\",\"inLanguage\":\"ro-RO\",\"@id\":\"https:\/\/digitalworkflowmasters.com\/romana\/#\/schema\/logo\/image\/\",\"url\":\"https:\/\/digitalworkflowmasters.com\/romana\/wp-content\/uploads\/2025\/08\/1.png\",\"contentUrl\":\"https:\/\/digitalworkflowmasters.com\/romana\/wp-content\/uploads\/2025\/08\/1.png\",\"width\":1080,\"height\":1080,\"caption\":\"Digital Workflow Masters\"},\"image\":{\"@id\":\"https:\/\/digitalworkflowmasters.com\/romana\/#\/schema\/logo\/image\/\"},\"sameAs\":[\"https:\/\/www.facebook.com\/digitalworkflowmasters\/\",\"https:\/\/www.instagram.com\/digitalworkflowmasters\/\"]}]}<\/script>\n<!-- \/ Yoast SEO plugin. -->","yoast_head_json":{"title":"Compresor fara ulei GMM 2EW - Digital Workflow Masters","description":"GMM 2EW este un compresor f\u0103r\u0103 ulei, creat pentru unit\u0103\u021bi stomatologice, asigur\u00e2nd un flux de aer constant, silen\u021bios \u0219i eficient, ideal pentru proceduri dentare.","robots":{"index":"index","follow":"follow","max-snippet":"max-snippet:-1","max-image-preview":"max-image-preview:large","max-video-preview":"max-video-preview:-1"},"canonical":"https:\/\/digitalworkflowmasters.com\/romana\/shop\/gmm-2ew-oil-free-air-compressor\/","og_locale":"ro_RO","og_type":"article","og_title":"Compresor fara ulei GMM 2EW - Digital Workflow Masters","og_description":"GMM 2EW este un compresor f\u0103r\u0103 ulei, creat pentru unit\u0103\u021bi stomatologice, asigur\u00e2nd un flux de aer constant, silen\u021bios \u0219i eficient, ideal pentru proceduri dentare.","og_url":"https:\/\/digitalworkflowmasters.com\/romana\/shop\/gmm-2ew-oil-free-air-compressor\/","og_site_name":"Digital Workflow Masters","article_publisher":"https:\/\/www.facebook.com\/digitalworkflowmasters\/","article_modified_time":"2025-08-29T11:56:41+00:00","og_image":[{"width":856,"height":856,"url":"https:\/\/digitalworkflowmasters.com\/romana\/wp-content\/uploads\/2025\/03\/compresor-aer-gmm-2EW-1.jpg","type":"image\/jpeg"}],"twitter_card":"summary_large_image","twitter_misc":{"Timp estimat pentru citire":"2 minute"},"schema":{"@context":"https:\/\/schema.org","@graph":[{"@type":"WebPage","@id":"https:\/\/digitalworkflowmasters.com\/romana\/shop\/gmm-2ew-oil-free-air-compressor\/","url":"https:\/\/digitalworkflowmasters.com\/romana\/shop\/gmm-2ew-oil-free-air-compressor\/","name":"Compresor fara ulei GMM 2EW - Digital Workflow Masters","isPartOf":{"@id":"https:\/\/digitalworkflowmasters.com\/romana\/#website"},"primaryImageOfPage":{"@id":"https:\/\/digitalworkflowmasters.com\/romana\/shop\/gmm-2ew-oil-free-air-compressor\/#primaryimage"},"image":{"@id":"https:\/\/digitalworkflowmasters.com\/romana\/shop\/gmm-2ew-oil-free-air-compressor\/#primaryimage"},"thumbnailUrl":"https:\/\/digitalworkflowmasters.com\/romana\/wp-content\/uploads\/2025\/03\/compresor-aer-gmm-2EW-1.jpg","datePublished":"2025-03-26T08:33:21+00:00","dateModified":"2025-08-29T11:56:41+00:00","description":"GMM 2EW este un compresor f\u0103r\u0103 ulei, creat pentru unit\u0103\u021bi stomatologice, asigur\u00e2nd un flux de aer constant, silen\u021bios \u0219i eficient, ideal pentru proceduri dentare.","breadcrumb":{"@id":"https:\/\/digitalworkflowmasters.com\/romana\/shop\/gmm-2ew-oil-free-air-compressor\/#breadcrumb"},"inLanguage":"ro-RO","potentialAction":[{"@type":"ReadAction","target":["https:\/\/digitalworkflowmasters.com\/romana\/shop\/gmm-2ew-oil-free-air-compressor\/"]}]},{"@type":"ImageObject","inLanguage":"ro-RO","@id":"https:\/\/digitalworkflowmasters.com\/romana\/shop\/gmm-2ew-oil-free-air-compressor\/#primaryimage","url":"https:\/\/digitalworkflowmasters.com\/romana\/wp-content\/uploads\/2025\/03\/compresor-aer-gmm-2EW-1.jpg","contentUrl":"https:\/\/digitalworkflowmasters.com\/romana\/wp-content\/uploads\/2025\/03\/compresor-aer-gmm-2EW-1.jpg","width":856,"height":856},{"@type":"BreadcrumbList","@id":"https:\/\/digitalworkflowmasters.com\/romana\/shop\/gmm-2ew-oil-free-air-compressor\/#breadcrumb","itemListElement":[{"@type":"ListItem","position":1,"name":"Home","item":"https:\/\/digitalworkflowmasters.com\/romana\/"},{"@type":"ListItem","position":2,"name":"Products","item":"https:\/\/digitalworkflowmasters.com\/romana\/shop\/"},{"@type":"ListItem","position":3,"name":"Camera Tehnica","item":"https:\/\/digitalworkflowmasters.com\/romana\/product-category\/camera-tehnica\/"},{"@type":"ListItem","position":4,"name":"Compresoare","item":"https:\/\/digitalworkflowmasters.com\/romana\/product-category\/camera-tehnica\/compresoare\/"},{"@type":"ListItem","position":5,"name":"Compresor fara ulei GMM 2EW"}]},{"@type":"WebSite","@id":"https:\/\/digitalworkflowmasters.com\/romana\/#website","url":"https:\/\/digitalworkflowmasters.com\/romana\/","name":"Digital Workflow Masters","description":"Premium Dental Equipment","publisher":{"@id":"https:\/\/digitalworkflowmasters.com\/romana\/#organization"},"potentialAction":[{"@type":"SearchAction","target":{"@type":"EntryPoint","urlTemplate":"https:\/\/digitalworkflowmasters.com\/romana\/?s={search_term_string}"},"query-input":{"@type":"PropertyValueSpecification","valueRequired":true,"valueName":"search_term_string"}}],"inLanguage":"ro-RO"},{"@type":"Organization","@id":"https:\/\/digitalworkflowmasters.com\/romana\/#organization","name":"Digital Workflow Masters","url":"https:\/\/digitalworkflowmasters.com\/romana\/","logo":{"@type":"ImageObject","inLanguage":"ro-RO","@id":"https:\/\/digitalworkflowmasters.com\/romana\/#\/schema\/logo\/image\/","url":"https:\/\/digitalworkflowmasters.com\/romana\/wp-content\/uploads\/2025\/08\/1.png","contentUrl":"https:\/\/digitalworkflowmasters.com\/romana\/wp-content\/uploads\/2025\/08\/1.png","width":1080,"height":1080,"caption":"Digital Workflow Masters"},"image":{"@id":"https:\/\/digitalworkflowmasters.com\/romana\/#\/schema\/logo\/image\/"},"sameAs":["https:\/\/www.facebook.com\/digitalworkflowmasters\/","https:\/\/www.instagram.com\/digitalworkflowmasters\/"]}]}},"_links":{"self":[{"href":"https:\/\/digitalworkflowmasters.com\/romana\/wp-json\/wp\/v2\/product\/6124","targetHints":{"allow":["GET"]}}],"collection":[{"href":"https:\/\/digitalworkflowmasters.com\/romana\/wp-json\/wp\/v2\/product"}],"about":[{"href":"https:\/\/digitalworkflowmasters.com\/romana\/wp-json\/wp\/v2\/types\/product"}],"version-history":[{"count":0,"href":"https:\/\/digitalworkflowmasters.com\/romana\/wp-json\/wp\/v2\/product\/6124\/revisions"}],"wp:featuredmedia":[{"embeddable":true,"href":"https:\/\/digitalworkflowmasters.com\/romana\/wp-json\/wp\/v2\/media\/32784"}],"wp:attachment":[{"href":"https:\/\/digitalworkflowmasters.com\/romana\/wp-json\/wp\/v2\/media?parent=6124"}],"wp:term":[{"taxonomy":"product_brand","embeddable":true,"href":"https:\/\/digitalworkflowmasters.com\/romana\/wp-json\/wp\/v2\/product_brand?post=6124"},{"taxonomy":"product_cat","embeddable":true,"href":"https:\/\/digitalworkflowmasters.com\/romana\/wp-json\/wp\/v2\/product_cat?post=6124"},{"taxonomy":"product_tag","embeddable":true,"href":"https:\/\/digitalworkflowmasters.com\/romana\/wp-json\/wp\/v2\/product_tag?post=6124"}],"curies":[{"name":"wp","href":"https:\/\/api.w.org\/{rel}","templated":true}]}}