{"id":6128,"date":"2025-03-26T08:33:21","date_gmt":"2025-03-26T08:33:21","guid":{"rendered":"https:\/\/digitalworkflowmasters.com\/?post_type=product&#038;p=6128"},"modified":"2025-08-29T11:56:59","modified_gmt":"2025-08-29T11:56:59","slug":"gmm-4ew-oil-free-air-compressor","status":"publish","type":"product","link":"https:\/\/digitalworkflowmasters.com\/romana\/shop\/gmm-4ew-oil-free-air-compressor\/","title":{"rendered":"Compresor fara ulei GMM 4EW"},"content":{"rendered":"<p data-start=\"485\" data-end=\"518\"><strong data-start=\"485\" data-end=\"518\">GMM 4EW &#8211; Compresor f\u0103r\u0103 ulei<\/strong><\/p>\n<p data-start=\"520\" data-end=\"555\"><strong data-start=\"520\" data-end=\"555\">APLICA\u021aIA COMPRESORULUI GMM-4EW<\/strong><\/p>\n<p data-start=\"557\" data-end=\"916\">Experimenta\u021bi apogeul tehnologiei compresoarelor de aer dentare cu GMM 4EW. Special conceput pentru a r\u0103spunde nevoilor a dou\u0103 unit\u0103\u021bi stomatologice, acest compresor inovator, f\u0103r\u0103 ulei, garanteaz\u0103 o performan\u021b\u0103 excep\u021bional\u0103 \u0219i fiabilitate. Spune\u021bi adio \u00eengrijor\u0103rilor legate de contaminarea cu ulei \u0219i adopta\u021bi un mediu stomatologic mai curat \u0219i mai s\u0103n\u0103tos.<\/p>\n<p data-start=\"918\" data-end=\"979\"><strong data-start=\"918\" data-end=\"979\">Caracteristici cheie ale compresorului GMM 4EW f\u0103r\u0103 ulei:<\/strong><\/p>\n<ul data-start=\"981\" data-end=\"1602\">\n<li data-start=\"981\" data-end=\"1090\">\n<p data-start=\"983\" data-end=\"1090\">Proiectat special pentru dou\u0103 unit\u0103\u021bi stomatologice, asigur\u00e2nd un flux de aer generos pentru ambele scaune.<\/p>\n<\/li>\n<li data-start=\"1091\" data-end=\"1188\">\n<p data-start=\"1093\" data-end=\"1188\">Func\u021bionarea f\u0103r\u0103 ulei elimin\u0103 riscul contamin\u0103rii cu ulei, asigur\u00e2nd un mediu curat \u0219i steril.<\/p>\n<\/li>\n<li data-start=\"1189\" data-end=\"1327\">\n<p data-start=\"1191\" data-end=\"1327\">Tehnologia de ultim\u0103 genera\u021bie garanteaz\u0103 o calitate superioar\u0103 a aerului, respect\u00e2nd standardele riguroase ale domeniului stomatologic.<\/p>\n<\/li>\n<li data-start=\"1328\" data-end=\"1406\">\n<p data-start=\"1330\" data-end=\"1406\">Construc\u021bie robust\u0103 care asigur\u0103 durabilitate \u0219i performan\u021b\u0103 pe termen lung.<\/p>\n<\/li>\n<li data-start=\"1407\" data-end=\"1495\">\n<p data-start=\"1409\" data-end=\"1495\">Flux constant \u0219i fiabil de aer pentru sus\u021binerea procedurilor stomatologice eficiente.<\/p>\n<\/li>\n<li data-start=\"1496\" data-end=\"1602\">\n<p data-start=\"1498\" data-end=\"1602\">Productivitate sporit\u0103 \u0219i un flux de lucru f\u0103r\u0103 \u00eentreruperi pentru practica dumneavoastr\u0103 stomatologic\u0103.<\/p>\n<\/li>\n<\/ul>\n<p data-start=\"1604\" data-end=\"2001\">Investi\u021bi \u00een compresorul GMM 4EW f\u0103r\u0103 ulei \u0219i duce\u021bi practica stomatologic\u0103 la un nou nivel. Cu o performan\u021b\u0103 neegalat\u0103, tehnologie avansat\u0103 \u0219i accent pe siguran\u021ba pacien\u021bilor, acest compresor este alegerea ideal\u0103 pentru profesioni\u0219tii dentari care caut\u0103 excelen\u021ba \u00een solu\u021biile de compresoare de aer. Profita\u021bi de caracteristicile sale inovative \u0219i experimenta\u021bi apogeul compresiei de aer dentare.<\/p>\n<p data-start=\"2003\" data-end=\"2058\" data-is-last-node=\"\" data-is-only-node=\"\"><strong data-start=\"2003\" data-end=\"2058\" data-is-last-node=\"\">GMM 4EW Compresor pentru dou\u0103 unit\u0103\u021bi stomatologice<\/strong><\/p>\n","protected":false},"excerpt":{"rendered":"<p>GMM 4EW este un compresor f\u0103r\u0103 ulei, destinat a dou\u0103 unit\u0103\u021bi stomatologice, oferind un flux de aer constant \u0219i de \u00eenalt\u0103 calitate, pentru un mediu curat \u0219i sigur \u00een cabinetul dumneavoastr\u0103 stomatologic.<\/p>\n","protected":false},"featured_media":32786,"template":"","meta":{"_acf_changed":false,"om_disable_all_campaigns":false},"product_brand":[],"product_cat":[142],"product_tag":[143,144,151,147,148,149,150],"class_list":{"0":"post-6128","1":"product","2":"type-product","3":"status-publish","4":"has-post-thumbnail","6":"product_cat-compresoare","7":"product_tag-air-compressors-for-dental-units","8":"product_tag-dental-unit-air-compressor","9":"product_tag-gmm-4ew","10":"product_tag-gramm-air-compressor","11":"product_tag-gramm-air-compressors","12":"product_tag-oil-free-air-compressor","13":"product_tag-oil-free-air-compressors","15":"first","16":"instock","17":"shipping-taxable","18":"purchasable","19":"product-type-simple"},"acf":[],"yoast_head":"<!-- This site is optimized with the Yoast SEO plugin v25.3 - https:\/\/yoast.com\/wordpress\/plugins\/seo\/ -->\n<title>Compresor fara ulei GMM 4EW - Digital Workflow Masters<\/title>\n<meta name=\"description\" content=\"GMM 4EW este un compresor f\u0103r\u0103 ulei, ideal pentru dou\u0103 unit\u0103\u021bi stomatologice, asigur\u00e2nd un flux constant de aer, performan\u021b\u0103 superioar\u0103 \u0219i siguran\u021b\u0103 pentru pacien\u021bi.\" \/>\n<meta name=\"robots\" content=\"index, follow, max-snippet:-1, max-image-preview:large, max-video-preview:-1\" \/>\n<link rel=\"canonical\" href=\"https:\/\/digitalworkflowmasters.com\/romana\/shop\/gmm-4ew-oil-free-air-compressor\/\" \/>\n<meta property=\"og:locale\" content=\"ro_RO\" \/>\n<meta property=\"og:type\" content=\"article\" \/>\n<meta property=\"og:title\" content=\"Compresor fara ulei GMM 4EW - Digital Workflow Masters\" \/>\n<meta property=\"og:description\" content=\"GMM 4EW este un compresor f\u0103r\u0103 ulei, ideal pentru dou\u0103 unit\u0103\u021bi stomatologice, asigur\u00e2nd un flux constant de aer, performan\u021b\u0103 superioar\u0103 \u0219i siguran\u021b\u0103 pentru pacien\u021bi.\" \/>\n<meta property=\"og:url\" content=\"https:\/\/digitalworkflowmasters.com\/romana\/shop\/gmm-4ew-oil-free-air-compressor\/\" \/>\n<meta property=\"og:site_name\" content=\"Digital Workflow Masters\" \/>\n<meta property=\"article:publisher\" content=\"https:\/\/www.facebook.com\/digitalworkflowmasters\/\" \/>\n<meta property=\"article:modified_time\" content=\"2025-08-29T11:56:59+00:00\" \/>\n<meta property=\"og:image\" content=\"https:\/\/digitalworkflowmasters.com\/romana\/wp-content\/uploads\/2025\/03\/compresor-aer-gmm-4E-1.jpg\" \/>\n\t<meta property=\"og:image:width\" content=\"784\" \/>\n\t<meta property=\"og:image:height\" content=\"784\" \/>\n\t<meta property=\"og:image:type\" content=\"image\/jpeg\" \/>\n<meta name=\"twitter:card\" content=\"summary_large_image\" \/>\n<meta name=\"twitter:label1\" content=\"Timp estimat pentru citire\" \/>\n\t<meta name=\"twitter:data1\" content=\"2 minute\" \/>\n<script type=\"application\/ld+json\" class=\"yoast-schema-graph\">{\"@context\":\"https:\/\/schema.org\",\"@graph\":[{\"@type\":\"WebPage\",\"@id\":\"https:\/\/digitalworkflowmasters.com\/romana\/shop\/gmm-4ew-oil-free-air-compressor\/\",\"url\":\"https:\/\/digitalworkflowmasters.com\/romana\/shop\/gmm-4ew-oil-free-air-compressor\/\",\"name\":\"Compresor fara ulei GMM 4EW - Digital Workflow Masters\",\"isPartOf\":{\"@id\":\"https:\/\/digitalworkflowmasters.com\/romana\/#website\"},\"primaryImageOfPage\":{\"@id\":\"https:\/\/digitalworkflowmasters.com\/romana\/shop\/gmm-4ew-oil-free-air-compressor\/#primaryimage\"},\"image\":{\"@id\":\"https:\/\/digitalworkflowmasters.com\/romana\/shop\/gmm-4ew-oil-free-air-compressor\/#primaryimage\"},\"thumbnailUrl\":\"https:\/\/digitalworkflowmasters.com\/romana\/wp-content\/uploads\/2025\/03\/compresor-aer-gmm-4E-1.jpg\",\"datePublished\":\"2025-03-26T08:33:21+00:00\",\"dateModified\":\"2025-08-29T11:56:59+00:00\",\"description\":\"GMM 4EW este un compresor f\u0103r\u0103 ulei, ideal pentru dou\u0103 unit\u0103\u021bi stomatologice, asigur\u00e2nd un flux constant de aer, performan\u021b\u0103 superioar\u0103 \u0219i siguran\u021b\u0103 pentru pacien\u021bi.\",\"breadcrumb\":{\"@id\":\"https:\/\/digitalworkflowmasters.com\/romana\/shop\/gmm-4ew-oil-free-air-compressor\/#breadcrumb\"},\"inLanguage\":\"ro-RO\",\"potentialAction\":[{\"@type\":\"ReadAction\",\"target\":[\"https:\/\/digitalworkflowmasters.com\/romana\/shop\/gmm-4ew-oil-free-air-compressor\/\"]}]},{\"@type\":\"ImageObject\",\"inLanguage\":\"ro-RO\",\"@id\":\"https:\/\/digitalworkflowmasters.com\/romana\/shop\/gmm-4ew-oil-free-air-compressor\/#primaryimage\",\"url\":\"https:\/\/digitalworkflowmasters.com\/romana\/wp-content\/uploads\/2025\/03\/compresor-aer-gmm-4E-1.jpg\",\"contentUrl\":\"https:\/\/digitalworkflowmasters.com\/romana\/wp-content\/uploads\/2025\/03\/compresor-aer-gmm-4E-1.jpg\",\"width\":784,\"height\":784},{\"@type\":\"BreadcrumbList\",\"@id\":\"https:\/\/digitalworkflowmasters.com\/romana\/shop\/gmm-4ew-oil-free-air-compressor\/#breadcrumb\",\"itemListElement\":[{\"@type\":\"ListItem\",\"position\":1,\"name\":\"Home\",\"item\":\"https:\/\/digitalworkflowmasters.com\/romana\/\"},{\"@type\":\"ListItem\",\"position\":2,\"name\":\"Products\",\"item\":\"https:\/\/digitalworkflowmasters.com\/romana\/shop\/\"},{\"@type\":\"ListItem\",\"position\":3,\"name\":\"Camera Tehnica\",\"item\":\"https:\/\/digitalworkflowmasters.com\/romana\/product-category\/camera-tehnica\/\"},{\"@type\":\"ListItem\",\"position\":4,\"name\":\"Compresoare\",\"item\":\"https:\/\/digitalworkflowmasters.com\/romana\/product-category\/camera-tehnica\/compresoare\/\"},{\"@type\":\"ListItem\",\"position\":5,\"name\":\"Compresor fara ulei GMM 4EW\"}]},{\"@type\":\"WebSite\",\"@id\":\"https:\/\/digitalworkflowmasters.com\/romana\/#website\",\"url\":\"https:\/\/digitalworkflowmasters.com\/romana\/\",\"name\":\"Digital Workflow Masters\",\"description\":\"Premium Dental Equipment\",\"publisher\":{\"@id\":\"https:\/\/digitalworkflowmasters.com\/romana\/#organization\"},\"potentialAction\":[{\"@type\":\"SearchAction\",\"target\":{\"@type\":\"EntryPoint\",\"urlTemplate\":\"https:\/\/digitalworkflowmasters.com\/romana\/?s={search_term_string}\"},\"query-input\":{\"@type\":\"PropertyValueSpecification\",\"valueRequired\":true,\"valueName\":\"search_term_string\"}}],\"inLanguage\":\"ro-RO\"},{\"@type\":\"Organization\",\"@id\":\"https:\/\/digitalworkflowmasters.com\/romana\/#organization\",\"name\":\"Digital Workflow Masters\",\"url\":\"https:\/\/digitalworkflowmasters.com\/romana\/\",\"logo\":{\"@type\":\"ImageObject\",\"inLanguage\":\"ro-RO\",\"@id\":\"https:\/\/digitalworkflowmasters.com\/romana\/#\/schema\/logo\/image\/\",\"url\":\"https:\/\/digitalworkflowmasters.com\/romana\/wp-content\/uploads\/2025\/08\/1.png\",\"contentUrl\":\"https:\/\/digitalworkflowmasters.com\/romana\/wp-content\/uploads\/2025\/08\/1.png\",\"width\":1080,\"height\":1080,\"caption\":\"Digital Workflow Masters\"},\"image\":{\"@id\":\"https:\/\/digitalworkflowmasters.com\/romana\/#\/schema\/logo\/image\/\"},\"sameAs\":[\"https:\/\/www.facebook.com\/digitalworkflowmasters\/\",\"https:\/\/www.instagram.com\/digitalworkflowmasters\/\"]}]}<\/script>\n<!-- \/ Yoast SEO plugin. -->","yoast_head_json":{"title":"Compresor fara ulei GMM 4EW - Digital Workflow Masters","description":"GMM 4EW este un compresor f\u0103r\u0103 ulei, ideal pentru dou\u0103 unit\u0103\u021bi stomatologice, asigur\u00e2nd un flux constant de aer, performan\u021b\u0103 superioar\u0103 \u0219i siguran\u021b\u0103 pentru pacien\u021bi.","robots":{"index":"index","follow":"follow","max-snippet":"max-snippet:-1","max-image-preview":"max-image-preview:large","max-video-preview":"max-video-preview:-1"},"canonical":"https:\/\/digitalworkflowmasters.com\/romana\/shop\/gmm-4ew-oil-free-air-compressor\/","og_locale":"ro_RO","og_type":"article","og_title":"Compresor fara ulei GMM 4EW - Digital Workflow Masters","og_description":"GMM 4EW este un compresor f\u0103r\u0103 ulei, ideal pentru dou\u0103 unit\u0103\u021bi stomatologice, asigur\u00e2nd un flux constant de aer, performan\u021b\u0103 superioar\u0103 \u0219i siguran\u021b\u0103 pentru pacien\u021bi.","og_url":"https:\/\/digitalworkflowmasters.com\/romana\/shop\/gmm-4ew-oil-free-air-compressor\/","og_site_name":"Digital Workflow Masters","article_publisher":"https:\/\/www.facebook.com\/digitalworkflowmasters\/","article_modified_time":"2025-08-29T11:56:59+00:00","og_image":[{"width":784,"height":784,"url":"https:\/\/digitalworkflowmasters.com\/romana\/wp-content\/uploads\/2025\/03\/compresor-aer-gmm-4E-1.jpg","type":"image\/jpeg"}],"twitter_card":"summary_large_image","twitter_misc":{"Timp estimat pentru citire":"2 minute"},"schema":{"@context":"https:\/\/schema.org","@graph":[{"@type":"WebPage","@id":"https:\/\/digitalworkflowmasters.com\/romana\/shop\/gmm-4ew-oil-free-air-compressor\/","url":"https:\/\/digitalworkflowmasters.com\/romana\/shop\/gmm-4ew-oil-free-air-compressor\/","name":"Compresor fara ulei GMM 4EW - Digital Workflow Masters","isPartOf":{"@id":"https:\/\/digitalworkflowmasters.com\/romana\/#website"},"primaryImageOfPage":{"@id":"https:\/\/digitalworkflowmasters.com\/romana\/shop\/gmm-4ew-oil-free-air-compressor\/#primaryimage"},"image":{"@id":"https:\/\/digitalworkflowmasters.com\/romana\/shop\/gmm-4ew-oil-free-air-compressor\/#primaryimage"},"thumbnailUrl":"https:\/\/digitalworkflowmasters.com\/romana\/wp-content\/uploads\/2025\/03\/compresor-aer-gmm-4E-1.jpg","datePublished":"2025-03-26T08:33:21+00:00","dateModified":"2025-08-29T11:56:59+00:00","description":"GMM 4EW este un compresor f\u0103r\u0103 ulei, ideal pentru dou\u0103 unit\u0103\u021bi stomatologice, asigur\u00e2nd un flux constant de aer, performan\u021b\u0103 superioar\u0103 \u0219i siguran\u021b\u0103 pentru pacien\u021bi.","breadcrumb":{"@id":"https:\/\/digitalworkflowmasters.com\/romana\/shop\/gmm-4ew-oil-free-air-compressor\/#breadcrumb"},"inLanguage":"ro-RO","potentialAction":[{"@type":"ReadAction","target":["https:\/\/digitalworkflowmasters.com\/romana\/shop\/gmm-4ew-oil-free-air-compressor\/"]}]},{"@type":"ImageObject","inLanguage":"ro-RO","@id":"https:\/\/digitalworkflowmasters.com\/romana\/shop\/gmm-4ew-oil-free-air-compressor\/#primaryimage","url":"https:\/\/digitalworkflowmasters.com\/romana\/wp-content\/uploads\/2025\/03\/compresor-aer-gmm-4E-1.jpg","contentUrl":"https:\/\/digitalworkflowmasters.com\/romana\/wp-content\/uploads\/2025\/03\/compresor-aer-gmm-4E-1.jpg","width":784,"height":784},{"@type":"BreadcrumbList","@id":"https:\/\/digitalworkflowmasters.com\/romana\/shop\/gmm-4ew-oil-free-air-compressor\/#breadcrumb","itemListElement":[{"@type":"ListItem","position":1,"name":"Home","item":"https:\/\/digitalworkflowmasters.com\/romana\/"},{"@type":"ListItem","position":2,"name":"Products","item":"https:\/\/digitalworkflowmasters.com\/romana\/shop\/"},{"@type":"ListItem","position":3,"name":"Camera Tehnica","item":"https:\/\/digitalworkflowmasters.com\/romana\/product-category\/camera-tehnica\/"},{"@type":"ListItem","position":4,"name":"Compresoare","item":"https:\/\/digitalworkflowmasters.com\/romana\/product-category\/camera-tehnica\/compresoare\/"},{"@type":"ListItem","position":5,"name":"Compresor fara ulei GMM 4EW"}]},{"@type":"WebSite","@id":"https:\/\/digitalworkflowmasters.com\/romana\/#website","url":"https:\/\/digitalworkflowmasters.com\/romana\/","name":"Digital Workflow Masters","description":"Premium Dental Equipment","publisher":{"@id":"https:\/\/digitalworkflowmasters.com\/romana\/#organization"},"potentialAction":[{"@type":"SearchAction","target":{"@type":"EntryPoint","urlTemplate":"https:\/\/digitalworkflowmasters.com\/romana\/?s={search_term_string}"},"query-input":{"@type":"PropertyValueSpecification","valueRequired":true,"valueName":"search_term_string"}}],"inLanguage":"ro-RO"},{"@type":"Organization","@id":"https:\/\/digitalworkflowmasters.com\/romana\/#organization","name":"Digital Workflow Masters","url":"https:\/\/digitalworkflowmasters.com\/romana\/","logo":{"@type":"ImageObject","inLanguage":"ro-RO","@id":"https:\/\/digitalworkflowmasters.com\/romana\/#\/schema\/logo\/image\/","url":"https:\/\/digitalworkflowmasters.com\/romana\/wp-content\/uploads\/2025\/08\/1.png","contentUrl":"https:\/\/digitalworkflowmasters.com\/romana\/wp-content\/uploads\/2025\/08\/1.png","width":1080,"height":1080,"caption":"Digital Workflow Masters"},"image":{"@id":"https:\/\/digitalworkflowmasters.com\/romana\/#\/schema\/logo\/image\/"},"sameAs":["https:\/\/www.facebook.com\/digitalworkflowmasters\/","https:\/\/www.instagram.com\/digitalworkflowmasters\/"]}]}},"_links":{"self":[{"href":"https:\/\/digitalworkflowmasters.com\/romana\/wp-json\/wp\/v2\/product\/6128","targetHints":{"allow":["GET"]}}],"collection":[{"href":"https:\/\/digitalworkflowmasters.com\/romana\/wp-json\/wp\/v2\/product"}],"about":[{"href":"https:\/\/digitalworkflowmasters.com\/romana\/wp-json\/wp\/v2\/types\/product"}],"version-history":[{"count":0,"href":"https:\/\/digitalworkflowmasters.com\/romana\/wp-json\/wp\/v2\/product\/6128\/revisions"}],"wp:featuredmedia":[{"embeddable":true,"href":"https:\/\/digitalworkflowmasters.com\/romana\/wp-json\/wp\/v2\/media\/32786"}],"wp:attachment":[{"href":"https:\/\/digitalworkflowmasters.com\/romana\/wp-json\/wp\/v2\/media?parent=6128"}],"wp:term":[{"taxonomy":"product_brand","embeddable":true,"href":"https:\/\/digitalworkflowmasters.com\/romana\/wp-json\/wp\/v2\/product_brand?post=6128"},{"taxonomy":"product_cat","embeddable":true,"href":"https:\/\/digitalworkflowmasters.com\/romana\/wp-json\/wp\/v2\/product_cat?post=6128"},{"taxonomy":"product_tag","embeddable":true,"href":"https:\/\/digitalworkflowmasters.com\/romana\/wp-json\/wp\/v2\/product_tag?post=6128"}],"curies":[{"name":"wp","href":"https:\/\/api.w.org\/{rel}","templated":true}]}}