{"id":6171,"date":"2025-03-26T08:33:22","date_gmt":"2025-03-26T08:33:22","guid":{"rendered":"https:\/\/digitalworkflowmasters.com\/?post_type=product&#038;p=6171"},"modified":"2025-06-26T09:39:55","modified_gmt":"2025-06-26T09:39:55","slug":"master-flux-inhalosedation-device","status":"publish","type":"product","link":"https:\/\/digitalworkflowmasters.com\/romana\/shop\/master-flux-inhalosedation-device\/","title":{"rendered":"Aparat inhalosedare Master Flux"},"content":{"rendered":"<h2 data-start=\"199\" data-end=\"262\">Aparat de Inhalosedare Master Flux Plus<\/h2>\n<p data-start=\"264\" data-end=\"382\"><span class=\"relative -mx-px my-[-0.2rem] rounded px-px py-[0.2rem] transition-colors duration-100 ease-in-out\">Aparatul de inhalosedare <strong data-start=\"25\" data-end=\"45\">Master Flux Plus<\/strong> este un sistem manual de sedare con\u0219tient\u0103, utiliz\u00e2nd un amestec controlat de oxigen \u0219i protoxid de azot.<\/span> <span class=\"relative -mx-px my-[-0.2rem] rounded px-px py-[0.2rem] transition-colors duration-100 ease-in-out\">Este echipat cu un regulator mecanic de debit, permi\u021b\u00e2nd medicului s\u0103 ajusteze manual propor\u021bia gazelor administrate pacientului.<\/span><\/p>\n<h3 data-start=\"384\" data-end=\"417\">\ud83d\udd39 Avantaje pentru stomatolog<\/h3>\n<ul data-start=\"419\" data-end=\"723\">\n<li data-start=\"419\" data-end=\"487\">\n<p data-start=\"421\" data-end=\"487\"><strong data-start=\"421\" data-end=\"446\">Control manual precis<\/strong>: <span class=\"relative -mx-px my-[-0.2rem] rounded px-px py-[0.2rem] transition-colors duration-100 ease-in-out\">Permite ajustarea direct\u0103 a debitului de gaze, oferind flexibilitate \u00een func\u021bie de nevoile pacientului.<\/span><\/p>\n<\/li>\n<li data-start=\"488\" data-end=\"551\">\n<p data-start=\"490\" data-end=\"551\"><strong data-start=\"490\" data-end=\"510\">U\u0219or de utilizat<\/strong>: <span class=\"relative -mx-px my-[-0.2rem] rounded px-px py-[0.2rem] transition-colors duration-100 ease-in-out\">Design ergonomic \u0219i intuitiv, adaptabil diverselor proceduri stomatologice.<\/span><\/p>\n<\/li>\n<li data-start=\"552\" data-end=\"619\">\n<p data-start=\"554\" data-end=\"619\"><strong data-start=\"554\" data-end=\"578\">Economic \u0219i versatil<\/strong>: <span class=\"relative -mx-px my-[-0.2rem] rounded px-px py-[0.2rem] transition-colors duration-100 ease-in-out\">Ideal pentru cabinetele care doresc s\u0103 implementeze sedarea con\u0219tient\u0103 f\u0103r\u0103 investi\u021bii majore \u00een tehnologie digital\u0103.<\/span><\/p>\n<\/li>\n<li data-start=\"620\" data-end=\"723\">\n<p data-start=\"622\" data-end=\"723\"><strong data-start=\"622\" data-end=\"643\">Siguran\u021b\u0103 sporit\u0103<\/strong>: <span class=\"relative -mx-px my-[-0.2rem] rounded px-px py-[0.2rem] transition-colors duration-100 ease-in-out\">Sistemul mecanic reduce riscul de erori electronice, fiind o op\u021biune fiabil\u0103 \u00een medii cu infrastructur\u0103 tehnologic\u0103 limitat\u0103.<\/span><\/p>\n<\/li>\n<\/ul>\n<h3 data-start=\"725\" data-end=\"755\">\ud83d\udd39 Avantaje pentru pacient<\/h3>\n<ul data-start=\"757\" data-end=\"941\">\n<li data-start=\"757\" data-end=\"834\">\n<p data-start=\"759\" data-end=\"834\"><strong data-start=\"759\" data-end=\"793\">Reducerea anxiet\u0103\u021bii \u0219i fricii<\/strong>: <span class=\"relative -mx-px my-[-0.2rem] rounded px-px py-[0.2rem] transition-colors duration-100 ease-in-out\">Sedarea con\u0219tient\u0103 induce o stare de relaxare, diminu\u00e2nd percep\u021bia durerii \u0219i a stresului.<\/span><\/p>\n<\/li>\n<li data-start=\"835\" data-end=\"941\">\n<p data-start=\"837\" data-end=\"941\"><strong data-start=\"837\" data-end=\"861\">Cre\u0219terea cooper\u0103rii<\/strong>: <span class=\"relative -mx-px my-[-0.2rem] rounded px-px py-[0.2rem] transition-colors duration-100 ease-in-out\">Pacientul r\u0103m\u00e2ne con\u0219tient \u0219i cooperant, men\u021bin\u00e2nd reflexele de protec\u021bie.<\/span><\/p>\n<\/li>\n<\/ul>\n<h3 data-start=\"943\" data-end=\"972\">\ud83d\udd39 Caracteristici tehnice<\/h3>\n<ul data-start=\"974\" data-end=\"1375\">\n<li data-start=\"974\" data-end=\"1050\">\n<p data-start=\"976\" data-end=\"1050\"><strong data-start=\"976\" data-end=\"1009\">Presiune maxim\u0103 de alimentare<\/strong>: <span class=\"relative -mx-px my-[-0.2rem] rounded px-px py-[0.2rem] transition-colors duration-100 ease-in-out\">3.5 bar (50 PSI).<\/span><\/p>\n<\/li>\n<li data-start=\"1051\" data-end=\"1120\">\n<p data-start=\"1053\" data-end=\"1120\"><strong data-start=\"1053\" data-end=\"1079\">Debit maxim de erogare<\/strong>: <span class=\"relative -mx-px my-[-0.2rem] rounded px-px py-[0.2rem] transition-colors duration-100 ease-in-out\">10 l\/min.<\/span><\/p>\n<\/li>\n<li data-start=\"1121\" data-end=\"1176\">\n<p data-start=\"1123\" data-end=\"1176\"><strong data-start=\"1123\" data-end=\"1135\">Greutate<\/strong>: <span class=\"relative -mx-px my-[-0.2rem] rounded px-px py-[0.2rem] transition-colors duration-100 ease-in-out\">42 kg (f\u0103r\u0103 tuburi); 63 kg (cu tuburi de 5 l); 81 kg (cu tuburi de 10 l).<\/span><\/p>\n<\/li>\n<li data-start=\"1177\" data-end=\"1231\">\n<p data-start=\"1179\" data-end=\"1231\"><strong data-start=\"1179\" data-end=\"1190\">Culoare<\/strong>: <span class=\"relative -mx-px my-[-0.2rem] rounded px-px py-[0.2rem] transition-colors duration-100 ease-in-out\">Alb RAL 9002.<\/span><\/p>\n<\/li>\n<li data-start=\"1232\" data-end=\"1375\">\n<p data-start=\"1234\" data-end=\"1248\"><strong data-start=\"1234\" data-end=\"1247\">Autonomie<\/strong>:<\/p>\n<ul data-start=\"1251\" data-end=\"1375\">\n<li data-start=\"1251\" data-end=\"1292\">\n<p data-start=\"1253\" data-end=\"1292\"><span class=\"relative -mx-px my-[-0.2rem] rounded px-px py-[0.2rem] transition-colors duration-100 ease-in-out\">Oxigen: 400 min (la debit de 10 l\/min).<\/span><\/p>\n<\/li>\n<li data-start=\"1295\" data-end=\"1375\">\n<p data-start=\"1297\" data-end=\"1375\"><span class=\"relative -mx-px my-[-0.2rem] rounded px-px py-[0.2rem] transition-colors duration-100 ease-in-out\">Protoxid de azot: 920 min (la debit de 10 l\/min).<\/span><\/p>\n<\/li>\n<\/ul>\n<\/li>\n<\/ul>\n<h3 data-start=\"1377\" data-end=\"1408\">\ud83d\udd39 Accesorii \u0219i consumabile<\/h3>\n<ul data-start=\"1410\" data-end=\"1647\">\n<li data-start=\"1410\" data-end=\"1476\">\n<p data-start=\"1412\" data-end=\"1476\"><strong data-start=\"1412\" data-end=\"1435\">M\u0103\u0219ti autoclavabile<\/strong>: <span class=\"relative -mx-px my-[-0.2rem] rounded px-px py-[0.2rem] transition-colors duration-100 ease-in-out\">Disponibile \u00een patru dimensiuni (XS, S, M, L), confec\u021bionate din silicon \u0219i policarbonat, potrivite pentru copii \u0219i adul\u021bi.<\/span><\/p>\n<\/li>\n<li data-start=\"1477\" data-end=\"1541\">\n<p data-start=\"1479\" data-end=\"1541\"><strong data-start=\"1479\" data-end=\"1500\">Tuburi de circuit<\/strong>: <span class=\"relative -mx-px my-[-0.2rem] rounded px-px py-[0.2rem] transition-colors duration-100 ease-in-out\">Disponibile \u00een variante autoclavabile (1,5 m) sau de unic\u0103 folosin\u021b\u0103 (50 m).<\/span><\/p>\n<\/li>\n<li data-start=\"1542\" data-end=\"1647\">\n<p data-start=\"1544\" data-end=\"1647\"><strong data-start=\"1544\" data-end=\"1567\">Curele \u0219i suporturi<\/strong>: <span class=\"relative -mx-px my-[-0.2rem] rounded px-px py-[0.2rem] transition-colors duration-100 ease-in-out\">Asigur\u0103 stabilitatea m\u0103\u0219tii \u0219i confortul pacientului pe durata procedurii.<\/span><\/p>\n<\/li>\n<\/ul>\n","protected":false},"excerpt":{"rendered":"<p>Aparatul de inhalosedare Master Flux Plus asigur\u0103 sedare con\u0219tient\u0103 prin control manual al amestecului de gaze, ideal pentru reducerea anxiet\u0103\u021bii \u0219i durerei \u00een stomatologie. U\u0219or de folosit, sigur \u0219i eficient, perfect pentru proceduri rapide \u0219i confortabile.<\/p>\n","protected":false},"featured_media":32829,"template":"","meta":{"_acf_changed":false,"om_disable_all_campaigns":false},"product_brand":[],"product_cat":[229],"product_tag":[],"class_list":{"0":"post-6171","1":"product","2":"type-product","3":"status-publish","4":"has-post-thumbnail","6":"product_cat-sedare-prin-inhalare","8":"first","9":"instock","10":"shipping-taxable","11":"purchasable","12":"product-type-simple"},"acf":[],"yoast_head":"<!-- This site is optimized with the Yoast SEO plugin v25.3 - https:\/\/yoast.com\/wordpress\/plugins\/seo\/ -->\n<title>Aparat inhalosedare Master Flux - Digital Workflow Masters<\/title>\n<meta name=\"description\" content=\"Aparat inhalosedare Master Flux Plus pentru sedare con\u0219tient\u0103 \u00een stomatologie, cu control manual al gazelor, oferind siguran\u021b\u0103 \u0219i confort pacien\u021bilor.\" \/>\n<meta name=\"robots\" content=\"index, follow, max-snippet:-1, max-image-preview:large, max-video-preview:-1\" \/>\n<link rel=\"canonical\" href=\"https:\/\/digitalworkflowmasters.com\/romana\/shop\/master-flux-inhalosedation-device\/\" \/>\n<meta property=\"og:locale\" content=\"ro_RO\" \/>\n<meta property=\"og:type\" content=\"article\" \/>\n<meta property=\"og:title\" content=\"Aparat inhalosedare Master Flux - Digital Workflow Masters\" \/>\n<meta property=\"og:description\" content=\"Aparat inhalosedare Master Flux Plus pentru sedare con\u0219tient\u0103 \u00een stomatologie, cu control manual al gazelor, oferind siguran\u021b\u0103 \u0219i confort pacien\u021bilor.\" \/>\n<meta property=\"og:url\" content=\"https:\/\/digitalworkflowmasters.com\/romana\/shop\/master-flux-inhalosedation-device\/\" \/>\n<meta property=\"og:site_name\" content=\"Digital Workflow Masters\" \/>\n<meta property=\"article:publisher\" content=\"https:\/\/www.facebook.com\/digitalworkflowmasters\/\" \/>\n<meta property=\"article:modified_time\" content=\"2025-06-26T09:39:55+00:00\" \/>\n<meta property=\"og:image\" content=\"https:\/\/digitalworkflowmasters.com\/romana\/wp-content\/uploads\/2025\/03\/aparat-de-inhalosedare-master-flux-4.jpg\" \/>\n\t<meta property=\"og:image:width\" content=\"600\" \/>\n\t<meta property=\"og:image:height\" content=\"600\" \/>\n\t<meta property=\"og:image:type\" content=\"image\/jpeg\" \/>\n<meta name=\"twitter:card\" content=\"summary_large_image\" \/>\n<meta name=\"twitter:label1\" content=\"Timp estimat pentru citire\" \/>\n\t<meta name=\"twitter:data1\" content=\"2 minute\" \/>\n<script type=\"application\/ld+json\" class=\"yoast-schema-graph\">{\"@context\":\"https:\/\/schema.org\",\"@graph\":[{\"@type\":\"WebPage\",\"@id\":\"https:\/\/digitalworkflowmasters.com\/romana\/shop\/master-flux-inhalosedation-device\/\",\"url\":\"https:\/\/digitalworkflowmasters.com\/romana\/shop\/master-flux-inhalosedation-device\/\",\"name\":\"Aparat inhalosedare Master Flux - Digital Workflow Masters\",\"isPartOf\":{\"@id\":\"https:\/\/digitalworkflowmasters.com\/romana\/#website\"},\"primaryImageOfPage\":{\"@id\":\"https:\/\/digitalworkflowmasters.com\/romana\/shop\/master-flux-inhalosedation-device\/#primaryimage\"},\"image\":{\"@id\":\"https:\/\/digitalworkflowmasters.com\/romana\/shop\/master-flux-inhalosedation-device\/#primaryimage\"},\"thumbnailUrl\":\"https:\/\/digitalworkflowmasters.com\/romana\/wp-content\/uploads\/2025\/03\/aparat-de-inhalosedare-master-flux-4.jpg\",\"datePublished\":\"2025-03-26T08:33:22+00:00\",\"dateModified\":\"2025-06-26T09:39:55+00:00\",\"description\":\"Aparat inhalosedare Master Flux Plus pentru sedare con\u0219tient\u0103 \u00een stomatologie, cu control manual al gazelor, oferind siguran\u021b\u0103 \u0219i confort pacien\u021bilor.\",\"breadcrumb\":{\"@id\":\"https:\/\/digitalworkflowmasters.com\/romana\/shop\/master-flux-inhalosedation-device\/#breadcrumb\"},\"inLanguage\":\"ro-RO\",\"potentialAction\":[{\"@type\":\"ReadAction\",\"target\":[\"https:\/\/digitalworkflowmasters.com\/romana\/shop\/master-flux-inhalosedation-device\/\"]}]},{\"@type\":\"ImageObject\",\"inLanguage\":\"ro-RO\",\"@id\":\"https:\/\/digitalworkflowmasters.com\/romana\/shop\/master-flux-inhalosedation-device\/#primaryimage\",\"url\":\"https:\/\/digitalworkflowmasters.com\/romana\/wp-content\/uploads\/2025\/03\/aparat-de-inhalosedare-master-flux-4.jpg\",\"contentUrl\":\"https:\/\/digitalworkflowmasters.com\/romana\/wp-content\/uploads\/2025\/03\/aparat-de-inhalosedare-master-flux-4.jpg\",\"width\":600,\"height\":600},{\"@type\":\"BreadcrumbList\",\"@id\":\"https:\/\/digitalworkflowmasters.com\/romana\/shop\/master-flux-inhalosedation-device\/#breadcrumb\",\"itemListElement\":[{\"@type\":\"ListItem\",\"position\":1,\"name\":\"Home\",\"item\":\"https:\/\/digitalworkflowmasters.com\/romana\/\"},{\"@type\":\"ListItem\",\"position\":2,\"name\":\"Products\",\"item\":\"https:\/\/digitalworkflowmasters.com\/romana\/shop\/\"},{\"@type\":\"ListItem\",\"position\":3,\"name\":\"Chirurgie\",\"item\":\"https:\/\/digitalworkflowmasters.com\/romana\/product-category\/chirurgie\/\"},{\"@type\":\"ListItem\",\"position\":4,\"name\":\"Sedare prin inhalare\",\"item\":\"https:\/\/digitalworkflowmasters.com\/romana\/product-category\/chirurgie\/sedare-prin-inhalare\/\"},{\"@type\":\"ListItem\",\"position\":5,\"name\":\"Aparat inhalosedare Master Flux\"}]},{\"@type\":\"WebSite\",\"@id\":\"https:\/\/digitalworkflowmasters.com\/romana\/#website\",\"url\":\"https:\/\/digitalworkflowmasters.com\/romana\/\",\"name\":\"Digital Workflow Masters\",\"description\":\"Premium Dental Equipment\",\"publisher\":{\"@id\":\"https:\/\/digitalworkflowmasters.com\/romana\/#organization\"},\"potentialAction\":[{\"@type\":\"SearchAction\",\"target\":{\"@type\":\"EntryPoint\",\"urlTemplate\":\"https:\/\/digitalworkflowmasters.com\/romana\/?s={search_term_string}\"},\"query-input\":{\"@type\":\"PropertyValueSpecification\",\"valueRequired\":true,\"valueName\":\"search_term_string\"}}],\"inLanguage\":\"ro-RO\"},{\"@type\":\"Organization\",\"@id\":\"https:\/\/digitalworkflowmasters.com\/romana\/#organization\",\"name\":\"Digital Workflow Masters\",\"url\":\"https:\/\/digitalworkflowmasters.com\/romana\/\",\"logo\":{\"@type\":\"ImageObject\",\"inLanguage\":\"ro-RO\",\"@id\":\"https:\/\/digitalworkflowmasters.com\/romana\/#\/schema\/logo\/image\/\",\"url\":\"https:\/\/digitalworkflowmasters.com\/romana\/wp-content\/uploads\/2025\/08\/1.png\",\"contentUrl\":\"https:\/\/digitalworkflowmasters.com\/romana\/wp-content\/uploads\/2025\/08\/1.png\",\"width\":1080,\"height\":1080,\"caption\":\"Digital Workflow Masters\"},\"image\":{\"@id\":\"https:\/\/digitalworkflowmasters.com\/romana\/#\/schema\/logo\/image\/\"},\"sameAs\":[\"https:\/\/www.facebook.com\/digitalworkflowmasters\/\",\"https:\/\/www.instagram.com\/digitalworkflowmasters\/\"]}]}<\/script>\n<!-- \/ Yoast SEO plugin. -->","yoast_head_json":{"title":"Aparat inhalosedare Master Flux - Digital Workflow Masters","description":"Aparat inhalosedare Master Flux Plus pentru sedare con\u0219tient\u0103 \u00een stomatologie, cu control manual al gazelor, oferind siguran\u021b\u0103 \u0219i confort pacien\u021bilor.","robots":{"index":"index","follow":"follow","max-snippet":"max-snippet:-1","max-image-preview":"max-image-preview:large","max-video-preview":"max-video-preview:-1"},"canonical":"https:\/\/digitalworkflowmasters.com\/romana\/shop\/master-flux-inhalosedation-device\/","og_locale":"ro_RO","og_type":"article","og_title":"Aparat inhalosedare Master Flux - Digital Workflow Masters","og_description":"Aparat inhalosedare Master Flux Plus pentru sedare con\u0219tient\u0103 \u00een stomatologie, cu control manual al gazelor, oferind siguran\u021b\u0103 \u0219i confort pacien\u021bilor.","og_url":"https:\/\/digitalworkflowmasters.com\/romana\/shop\/master-flux-inhalosedation-device\/","og_site_name":"Digital Workflow Masters","article_publisher":"https:\/\/www.facebook.com\/digitalworkflowmasters\/","article_modified_time":"2025-06-26T09:39:55+00:00","og_image":[{"width":600,"height":600,"url":"https:\/\/digitalworkflowmasters.com\/romana\/wp-content\/uploads\/2025\/03\/aparat-de-inhalosedare-master-flux-4.jpg","type":"image\/jpeg"}],"twitter_card":"summary_large_image","twitter_misc":{"Timp estimat pentru citire":"2 minute"},"schema":{"@context":"https:\/\/schema.org","@graph":[{"@type":"WebPage","@id":"https:\/\/digitalworkflowmasters.com\/romana\/shop\/master-flux-inhalosedation-device\/","url":"https:\/\/digitalworkflowmasters.com\/romana\/shop\/master-flux-inhalosedation-device\/","name":"Aparat inhalosedare Master Flux - Digital Workflow Masters","isPartOf":{"@id":"https:\/\/digitalworkflowmasters.com\/romana\/#website"},"primaryImageOfPage":{"@id":"https:\/\/digitalworkflowmasters.com\/romana\/shop\/master-flux-inhalosedation-device\/#primaryimage"},"image":{"@id":"https:\/\/digitalworkflowmasters.com\/romana\/shop\/master-flux-inhalosedation-device\/#primaryimage"},"thumbnailUrl":"https:\/\/digitalworkflowmasters.com\/romana\/wp-content\/uploads\/2025\/03\/aparat-de-inhalosedare-master-flux-4.jpg","datePublished":"2025-03-26T08:33:22+00:00","dateModified":"2025-06-26T09:39:55+00:00","description":"Aparat inhalosedare Master Flux Plus pentru sedare con\u0219tient\u0103 \u00een stomatologie, cu control manual al gazelor, oferind siguran\u021b\u0103 \u0219i confort pacien\u021bilor.","breadcrumb":{"@id":"https:\/\/digitalworkflowmasters.com\/romana\/shop\/master-flux-inhalosedation-device\/#breadcrumb"},"inLanguage":"ro-RO","potentialAction":[{"@type":"ReadAction","target":["https:\/\/digitalworkflowmasters.com\/romana\/shop\/master-flux-inhalosedation-device\/"]}]},{"@type":"ImageObject","inLanguage":"ro-RO","@id":"https:\/\/digitalworkflowmasters.com\/romana\/shop\/master-flux-inhalosedation-device\/#primaryimage","url":"https:\/\/digitalworkflowmasters.com\/romana\/wp-content\/uploads\/2025\/03\/aparat-de-inhalosedare-master-flux-4.jpg","contentUrl":"https:\/\/digitalworkflowmasters.com\/romana\/wp-content\/uploads\/2025\/03\/aparat-de-inhalosedare-master-flux-4.jpg","width":600,"height":600},{"@type":"BreadcrumbList","@id":"https:\/\/digitalworkflowmasters.com\/romana\/shop\/master-flux-inhalosedation-device\/#breadcrumb","itemListElement":[{"@type":"ListItem","position":1,"name":"Home","item":"https:\/\/digitalworkflowmasters.com\/romana\/"},{"@type":"ListItem","position":2,"name":"Products","item":"https:\/\/digitalworkflowmasters.com\/romana\/shop\/"},{"@type":"ListItem","position":3,"name":"Chirurgie","item":"https:\/\/digitalworkflowmasters.com\/romana\/product-category\/chirurgie\/"},{"@type":"ListItem","position":4,"name":"Sedare prin inhalare","item":"https:\/\/digitalworkflowmasters.com\/romana\/product-category\/chirurgie\/sedare-prin-inhalare\/"},{"@type":"ListItem","position":5,"name":"Aparat inhalosedare Master Flux"}]},{"@type":"WebSite","@id":"https:\/\/digitalworkflowmasters.com\/romana\/#website","url":"https:\/\/digitalworkflowmasters.com\/romana\/","name":"Digital Workflow Masters","description":"Premium Dental Equipment","publisher":{"@id":"https:\/\/digitalworkflowmasters.com\/romana\/#organization"},"potentialAction":[{"@type":"SearchAction","target":{"@type":"EntryPoint","urlTemplate":"https:\/\/digitalworkflowmasters.com\/romana\/?s={search_term_string}"},"query-input":{"@type":"PropertyValueSpecification","valueRequired":true,"valueName":"search_term_string"}}],"inLanguage":"ro-RO"},{"@type":"Organization","@id":"https:\/\/digitalworkflowmasters.com\/romana\/#organization","name":"Digital Workflow Masters","url":"https:\/\/digitalworkflowmasters.com\/romana\/","logo":{"@type":"ImageObject","inLanguage":"ro-RO","@id":"https:\/\/digitalworkflowmasters.com\/romana\/#\/schema\/logo\/image\/","url":"https:\/\/digitalworkflowmasters.com\/romana\/wp-content\/uploads\/2025\/08\/1.png","contentUrl":"https:\/\/digitalworkflowmasters.com\/romana\/wp-content\/uploads\/2025\/08\/1.png","width":1080,"height":1080,"caption":"Digital Workflow Masters"},"image":{"@id":"https:\/\/digitalworkflowmasters.com\/romana\/#\/schema\/logo\/image\/"},"sameAs":["https:\/\/www.facebook.com\/digitalworkflowmasters\/","https:\/\/www.instagram.com\/digitalworkflowmasters\/"]}]}},"_links":{"self":[{"href":"https:\/\/digitalworkflowmasters.com\/romana\/wp-json\/wp\/v2\/product\/6171","targetHints":{"allow":["GET"]}}],"collection":[{"href":"https:\/\/digitalworkflowmasters.com\/romana\/wp-json\/wp\/v2\/product"}],"about":[{"href":"https:\/\/digitalworkflowmasters.com\/romana\/wp-json\/wp\/v2\/types\/product"}],"version-history":[{"count":0,"href":"https:\/\/digitalworkflowmasters.com\/romana\/wp-json\/wp\/v2\/product\/6171\/revisions"}],"wp:featuredmedia":[{"embeddable":true,"href":"https:\/\/digitalworkflowmasters.com\/romana\/wp-json\/wp\/v2\/media\/32829"}],"wp:attachment":[{"href":"https:\/\/digitalworkflowmasters.com\/romana\/wp-json\/wp\/v2\/media?parent=6171"}],"wp:term":[{"taxonomy":"product_brand","embeddable":true,"href":"https:\/\/digitalworkflowmasters.com\/romana\/wp-json\/wp\/v2\/product_brand?post=6171"},{"taxonomy":"product_cat","embeddable":true,"href":"https:\/\/digitalworkflowmasters.com\/romana\/wp-json\/wp\/v2\/product_cat?post=6171"},{"taxonomy":"product_tag","embeddable":true,"href":"https:\/\/digitalworkflowmasters.com\/romana\/wp-json\/wp\/v2\/product_tag?post=6171"}],"curies":[{"name":"wp","href":"https:\/\/api.w.org\/{rel}","templated":true}]}}