{"id":6187,"date":"2025-03-26T08:33:23","date_gmt":"2025-03-26T08:33:23","guid":{"rendered":"https:\/\/digitalworkflowmasters.com\/?post_type=product&#038;p=6187"},"modified":"2025-06-26T09:12:26","modified_gmt":"2025-06-26T09:12:26","slug":"led-curing-light-3-sec","status":"publish","type":"product","link":"https:\/\/digitalworkflowmasters.com\/romana\/shop\/led-curing-light-3-sec\/","title":{"rendered":"Lampa fotopolimerizare 3 sec"},"content":{"rendered":"<p data-start=\"365\" data-end=\"412\"><strong data-start=\"365\" data-end=\"412\">Lampa LED 3 Secunde pentru Fotopolimerizare<\/strong><\/p>\n<p data-start=\"414\" data-end=\"427\"><strong data-start=\"414\" data-end=\"427\">DESCRIERE<\/strong><\/p>\n<p data-start=\"429\" data-end=\"1234\">Lampa cu cea mai avansat\u0103 tehnologie \u0219i cel mai bun raport calitate-pre\u021b.<br \/>\nLamp\u0103 fotopolimerizare ultra-rapid\u0103 (3 secunde), wireless, cu o intensitate a fasciculului luminos de 2300 mW\/cm2.<br \/>\n\u00cenc\u0103rcare foarte rapid\u0103, 45 de minute pentru o \u00eenc\u0103rcare complet\u0103. Bateria asigur\u0103 o autonomie de 80 de minute de utilizare continu\u0103 la capacitate maxim\u0103.<br \/>\nLED cu un spectru larg de lungimi de und\u0103, capabil s\u0103 polimerizeze orice tip de material dentar.<br \/>\nInterval de lungimi de und\u0103: 385nm &#8211; 515nm.<br \/>\nFasciculul poate fi direc\u021bionat pe 360 de grade.<br \/>\nU\u0219oar\u0103 &#8211; construc\u021bie din aluminiu de \u00eenalt\u0103 calitate, design minimalist, \u00eentreaga lamp\u0103 este controlat\u0103 cu un singur buton, oferind un confort deosebit at\u00e2t pentru dentist, c\u00e2t \u0219i pentru pacient. Lentil\u0103 special\u0103 pentru polimerizare puternic\u0103.<br \/>\nDou\u0103 moduri de func\u021bionare:<\/p>\n<ul data-start=\"1235\" data-end=\"1408\" data-is-last-node=\"\" data-is-only-node=\"\">\n<li data-start=\"1235\" data-end=\"1290\">\n<p data-start=\"1237\" data-end=\"1290\">Mod de 10 secunde &#8211; interval de putere: 0-1200 mW\/cm2<\/p>\n<\/li>\n<li data-start=\"1291\" data-end=\"1408\" data-is-last-node=\"\">\n<p data-start=\"1293\" data-end=\"1408\" data-is-last-node=\"\">Mod extra putere de 3 secunde &#8211; putere: 2300 mW\/cm2<br \/>\nA se utiliza doar de c\u0103tre personal specializat!<\/p>\n<\/li>\n<\/ul>\n","protected":false},"excerpt":{"rendered":"<p>Lamp\u0103 fotopolimerizare rapid\u0103 cu LED, tehnologie avansat\u0103, \u00eenc\u0103rcare rapid\u0103 \u0219i moduri de func\u021bionare pentru performan\u021b\u0103 optim\u0103.<\/p>\n","protected":false},"featured_media":32850,"template":"","meta":{"_acf_changed":false,"om_disable_all_campaigns":false},"product_brand":[],"product_cat":[299],"product_tag":[300,239,301,302,245,303,304,257,305],"class_list":{"0":"post-6187","1":"product","2":"type-product","3":"status-publish","4":"has-post-thumbnail","6":"product_cat-lampi-de-albire-a-dintilor-fotopolimerizare","7":"product_tag-curing-lamp","8":"product_tag-dental-accessories","9":"product_tag-dental-clinic-accessories","10":"product_tag-dental-clinic-instruments","11":"product_tag-dental-instruments","12":"product_tag-gramm-curing-lamp","13":"product_tag-gramm-whitening-lamp","14":"product_tag-medical-accessories","15":"product_tag-whitening-lamp","17":"first","18":"instock","19":"shipping-taxable","20":"purchasable","21":"product-type-simple"},"acf":[],"yoast_head":"<!-- This site is optimized with the Yoast SEO plugin v25.3 - https:\/\/yoast.com\/wordpress\/plugins\/seo\/ -->\n<title>Lampa fotopolimerizare 3 sec - Digital Workflow Masters<\/title>\n<meta name=\"description\" content=\"Lamp\u0103 fotopolimerizare rapid\u0103 cu LED, intensitate 2300 mW\/cm2, \u00eenc\u0103rcare rapid\u0103 \u0219i autonomie de 80 de minute. Moduri de 3 secunde \u0219i 10 secunde pentru utilizare profesional\u0103.\" \/>\n<meta name=\"robots\" content=\"index, follow, max-snippet:-1, max-image-preview:large, max-video-preview:-1\" \/>\n<link rel=\"canonical\" href=\"https:\/\/digitalworkflowmasters.com\/romana\/shop\/led-curing-light-3-sec\/\" \/>\n<meta property=\"og:locale\" content=\"ro_RO\" \/>\n<meta property=\"og:type\" content=\"article\" \/>\n<meta property=\"og:title\" content=\"Lampa fotopolimerizare 3 sec - Digital Workflow Masters\" \/>\n<meta property=\"og:description\" content=\"Lamp\u0103 fotopolimerizare rapid\u0103 cu LED, intensitate 2300 mW\/cm2, \u00eenc\u0103rcare rapid\u0103 \u0219i autonomie de 80 de minute. Moduri de 3 secunde \u0219i 10 secunde pentru utilizare profesional\u0103.\" \/>\n<meta property=\"og:url\" content=\"https:\/\/digitalworkflowmasters.com\/romana\/shop\/led-curing-light-3-sec\/\" \/>\n<meta property=\"og:site_name\" content=\"Digital Workflow Masters\" \/>\n<meta property=\"article:publisher\" content=\"https:\/\/www.facebook.com\/digitalworkflowmasters\/\" \/>\n<meta property=\"article:modified_time\" content=\"2025-06-26T09:12:26+00:00\" \/>\n<meta property=\"og:image\" content=\"https:\/\/digitalworkflowmasters.com\/romana\/wp-content\/uploads\/2025\/03\/lampa-fotopolimerizare-led-3-sec-gramm-3-PhotoRoom-1.png-PhotoRoom-1.png\" \/>\n\t<meta property=\"og:image:width\" content=\"1024\" \/>\n\t<meta property=\"og:image:height\" content=\"1024\" \/>\n\t<meta property=\"og:image:type\" content=\"image\/png\" \/>\n<meta name=\"twitter:card\" content=\"summary_large_image\" \/>\n<meta name=\"twitter:label1\" content=\"Timp estimat pentru citire\" \/>\n\t<meta name=\"twitter:data1\" content=\"1 minut\" \/>\n<script type=\"application\/ld+json\" class=\"yoast-schema-graph\">{\"@context\":\"https:\/\/schema.org\",\"@graph\":[{\"@type\":\"WebPage\",\"@id\":\"https:\/\/digitalworkflowmasters.com\/romana\/shop\/led-curing-light-3-sec\/\",\"url\":\"https:\/\/digitalworkflowmasters.com\/romana\/shop\/led-curing-light-3-sec\/\",\"name\":\"Lampa fotopolimerizare 3 sec - Digital Workflow Masters\",\"isPartOf\":{\"@id\":\"https:\/\/digitalworkflowmasters.com\/romana\/#website\"},\"primaryImageOfPage\":{\"@id\":\"https:\/\/digitalworkflowmasters.com\/romana\/shop\/led-curing-light-3-sec\/#primaryimage\"},\"image\":{\"@id\":\"https:\/\/digitalworkflowmasters.com\/romana\/shop\/led-curing-light-3-sec\/#primaryimage\"},\"thumbnailUrl\":\"https:\/\/digitalworkflowmasters.com\/romana\/wp-content\/uploads\/2025\/03\/lampa-fotopolimerizare-led-3-sec-gramm-3-PhotoRoom-1.png-PhotoRoom-1.png\",\"datePublished\":\"2025-03-26T08:33:23+00:00\",\"dateModified\":\"2025-06-26T09:12:26+00:00\",\"description\":\"Lamp\u0103 fotopolimerizare rapid\u0103 cu LED, intensitate 2300 mW\/cm2, \u00eenc\u0103rcare rapid\u0103 \u0219i autonomie de 80 de minute. Moduri de 3 secunde \u0219i 10 secunde pentru utilizare profesional\u0103.\",\"breadcrumb\":{\"@id\":\"https:\/\/digitalworkflowmasters.com\/romana\/shop\/led-curing-light-3-sec\/#breadcrumb\"},\"inLanguage\":\"ro-RO\",\"potentialAction\":[{\"@type\":\"ReadAction\",\"target\":[\"https:\/\/digitalworkflowmasters.com\/romana\/shop\/led-curing-light-3-sec\/\"]}]},{\"@type\":\"ImageObject\",\"inLanguage\":\"ro-RO\",\"@id\":\"https:\/\/digitalworkflowmasters.com\/romana\/shop\/led-curing-light-3-sec\/#primaryimage\",\"url\":\"https:\/\/digitalworkflowmasters.com\/romana\/wp-content\/uploads\/2025\/03\/lampa-fotopolimerizare-led-3-sec-gramm-3-PhotoRoom-1.png-PhotoRoom-1.png\",\"contentUrl\":\"https:\/\/digitalworkflowmasters.com\/romana\/wp-content\/uploads\/2025\/03\/lampa-fotopolimerizare-led-3-sec-gramm-3-PhotoRoom-1.png-PhotoRoom-1.png\",\"width\":1024,\"height\":1024},{\"@type\":\"BreadcrumbList\",\"@id\":\"https:\/\/digitalworkflowmasters.com\/romana\/shop\/led-curing-light-3-sec\/#breadcrumb\",\"itemListElement\":[{\"@type\":\"ListItem\",\"position\":1,\"name\":\"Home\",\"item\":\"https:\/\/digitalworkflowmasters.com\/romana\/\"},{\"@type\":\"ListItem\",\"position\":2,\"name\":\"Products\",\"item\":\"https:\/\/digitalworkflowmasters.com\/romana\/shop\/\"},{\"@type\":\"ListItem\",\"position\":3,\"name\":\"Profilaxie\",\"item\":\"https:\/\/digitalworkflowmasters.com\/romana\/product-category\/profilaxie\/\"},{\"@type\":\"ListItem\",\"position\":4,\"name\":\"Lamp\u0103 de albire a din\u021bilor, fotopolimerizare\",\"item\":\"https:\/\/digitalworkflowmasters.com\/romana\/product-category\/profilaxie\/lampi-de-albire-a-dintilor-fotopolimerizare\/\"},{\"@type\":\"ListItem\",\"position\":5,\"name\":\"Lampa fotopolimerizare 3 sec\"}]},{\"@type\":\"WebSite\",\"@id\":\"https:\/\/digitalworkflowmasters.com\/romana\/#website\",\"url\":\"https:\/\/digitalworkflowmasters.com\/romana\/\",\"name\":\"Digital Workflow Masters\",\"description\":\"Premium Dental Equipment\",\"publisher\":{\"@id\":\"https:\/\/digitalworkflowmasters.com\/romana\/#organization\"},\"potentialAction\":[{\"@type\":\"SearchAction\",\"target\":{\"@type\":\"EntryPoint\",\"urlTemplate\":\"https:\/\/digitalworkflowmasters.com\/romana\/?s={search_term_string}\"},\"query-input\":{\"@type\":\"PropertyValueSpecification\",\"valueRequired\":true,\"valueName\":\"search_term_string\"}}],\"inLanguage\":\"ro-RO\"},{\"@type\":\"Organization\",\"@id\":\"https:\/\/digitalworkflowmasters.com\/romana\/#organization\",\"name\":\"Digital Workflow Masters\",\"url\":\"https:\/\/digitalworkflowmasters.com\/romana\/\",\"logo\":{\"@type\":\"ImageObject\",\"inLanguage\":\"ro-RO\",\"@id\":\"https:\/\/digitalworkflowmasters.com\/romana\/#\/schema\/logo\/image\/\",\"url\":\"https:\/\/digitalworkflowmasters.com\/romana\/wp-content\/uploads\/2025\/08\/1.png\",\"contentUrl\":\"https:\/\/digitalworkflowmasters.com\/romana\/wp-content\/uploads\/2025\/08\/1.png\",\"width\":1080,\"height\":1080,\"caption\":\"Digital Workflow Masters\"},\"image\":{\"@id\":\"https:\/\/digitalworkflowmasters.com\/romana\/#\/schema\/logo\/image\/\"},\"sameAs\":[\"https:\/\/www.facebook.com\/digitalworkflowmasters\/\",\"https:\/\/www.instagram.com\/digitalworkflowmasters\/\"]}]}<\/script>\n<!-- \/ Yoast SEO plugin. -->","yoast_head_json":{"title":"Lampa fotopolimerizare 3 sec - Digital Workflow Masters","description":"Lamp\u0103 fotopolimerizare rapid\u0103 cu LED, intensitate 2300 mW\/cm2, \u00eenc\u0103rcare rapid\u0103 \u0219i autonomie de 80 de minute. Moduri de 3 secunde \u0219i 10 secunde pentru utilizare profesional\u0103.","robots":{"index":"index","follow":"follow","max-snippet":"max-snippet:-1","max-image-preview":"max-image-preview:large","max-video-preview":"max-video-preview:-1"},"canonical":"https:\/\/digitalworkflowmasters.com\/romana\/shop\/led-curing-light-3-sec\/","og_locale":"ro_RO","og_type":"article","og_title":"Lampa fotopolimerizare 3 sec - Digital Workflow Masters","og_description":"Lamp\u0103 fotopolimerizare rapid\u0103 cu LED, intensitate 2300 mW\/cm2, \u00eenc\u0103rcare rapid\u0103 \u0219i autonomie de 80 de minute. Moduri de 3 secunde \u0219i 10 secunde pentru utilizare profesional\u0103.","og_url":"https:\/\/digitalworkflowmasters.com\/romana\/shop\/led-curing-light-3-sec\/","og_site_name":"Digital Workflow Masters","article_publisher":"https:\/\/www.facebook.com\/digitalworkflowmasters\/","article_modified_time":"2025-06-26T09:12:26+00:00","og_image":[{"width":1024,"height":1024,"url":"https:\/\/digitalworkflowmasters.com\/romana\/wp-content\/uploads\/2025\/03\/lampa-fotopolimerizare-led-3-sec-gramm-3-PhotoRoom-1.png-PhotoRoom-1.png","type":"image\/png"}],"twitter_card":"summary_large_image","twitter_misc":{"Timp estimat pentru citire":"1 minut"},"schema":{"@context":"https:\/\/schema.org","@graph":[{"@type":"WebPage","@id":"https:\/\/digitalworkflowmasters.com\/romana\/shop\/led-curing-light-3-sec\/","url":"https:\/\/digitalworkflowmasters.com\/romana\/shop\/led-curing-light-3-sec\/","name":"Lampa fotopolimerizare 3 sec - Digital Workflow Masters","isPartOf":{"@id":"https:\/\/digitalworkflowmasters.com\/romana\/#website"},"primaryImageOfPage":{"@id":"https:\/\/digitalworkflowmasters.com\/romana\/shop\/led-curing-light-3-sec\/#primaryimage"},"image":{"@id":"https:\/\/digitalworkflowmasters.com\/romana\/shop\/led-curing-light-3-sec\/#primaryimage"},"thumbnailUrl":"https:\/\/digitalworkflowmasters.com\/romana\/wp-content\/uploads\/2025\/03\/lampa-fotopolimerizare-led-3-sec-gramm-3-PhotoRoom-1.png-PhotoRoom-1.png","datePublished":"2025-03-26T08:33:23+00:00","dateModified":"2025-06-26T09:12:26+00:00","description":"Lamp\u0103 fotopolimerizare rapid\u0103 cu LED, intensitate 2300 mW\/cm2, \u00eenc\u0103rcare rapid\u0103 \u0219i autonomie de 80 de minute. Moduri de 3 secunde \u0219i 10 secunde pentru utilizare profesional\u0103.","breadcrumb":{"@id":"https:\/\/digitalworkflowmasters.com\/romana\/shop\/led-curing-light-3-sec\/#breadcrumb"},"inLanguage":"ro-RO","potentialAction":[{"@type":"ReadAction","target":["https:\/\/digitalworkflowmasters.com\/romana\/shop\/led-curing-light-3-sec\/"]}]},{"@type":"ImageObject","inLanguage":"ro-RO","@id":"https:\/\/digitalworkflowmasters.com\/romana\/shop\/led-curing-light-3-sec\/#primaryimage","url":"https:\/\/digitalworkflowmasters.com\/romana\/wp-content\/uploads\/2025\/03\/lampa-fotopolimerizare-led-3-sec-gramm-3-PhotoRoom-1.png-PhotoRoom-1.png","contentUrl":"https:\/\/digitalworkflowmasters.com\/romana\/wp-content\/uploads\/2025\/03\/lampa-fotopolimerizare-led-3-sec-gramm-3-PhotoRoom-1.png-PhotoRoom-1.png","width":1024,"height":1024},{"@type":"BreadcrumbList","@id":"https:\/\/digitalworkflowmasters.com\/romana\/shop\/led-curing-light-3-sec\/#breadcrumb","itemListElement":[{"@type":"ListItem","position":1,"name":"Home","item":"https:\/\/digitalworkflowmasters.com\/romana\/"},{"@type":"ListItem","position":2,"name":"Products","item":"https:\/\/digitalworkflowmasters.com\/romana\/shop\/"},{"@type":"ListItem","position":3,"name":"Profilaxie","item":"https:\/\/digitalworkflowmasters.com\/romana\/product-category\/profilaxie\/"},{"@type":"ListItem","position":4,"name":"Lamp\u0103 de albire a din\u021bilor, fotopolimerizare","item":"https:\/\/digitalworkflowmasters.com\/romana\/product-category\/profilaxie\/lampi-de-albire-a-dintilor-fotopolimerizare\/"},{"@type":"ListItem","position":5,"name":"Lampa fotopolimerizare 3 sec"}]},{"@type":"WebSite","@id":"https:\/\/digitalworkflowmasters.com\/romana\/#website","url":"https:\/\/digitalworkflowmasters.com\/romana\/","name":"Digital Workflow Masters","description":"Premium Dental Equipment","publisher":{"@id":"https:\/\/digitalworkflowmasters.com\/romana\/#organization"},"potentialAction":[{"@type":"SearchAction","target":{"@type":"EntryPoint","urlTemplate":"https:\/\/digitalworkflowmasters.com\/romana\/?s={search_term_string}"},"query-input":{"@type":"PropertyValueSpecification","valueRequired":true,"valueName":"search_term_string"}}],"inLanguage":"ro-RO"},{"@type":"Organization","@id":"https:\/\/digitalworkflowmasters.com\/romana\/#organization","name":"Digital Workflow Masters","url":"https:\/\/digitalworkflowmasters.com\/romana\/","logo":{"@type":"ImageObject","inLanguage":"ro-RO","@id":"https:\/\/digitalworkflowmasters.com\/romana\/#\/schema\/logo\/image\/","url":"https:\/\/digitalworkflowmasters.com\/romana\/wp-content\/uploads\/2025\/08\/1.png","contentUrl":"https:\/\/digitalworkflowmasters.com\/romana\/wp-content\/uploads\/2025\/08\/1.png","width":1080,"height":1080,"caption":"Digital Workflow Masters"},"image":{"@id":"https:\/\/digitalworkflowmasters.com\/romana\/#\/schema\/logo\/image\/"},"sameAs":["https:\/\/www.facebook.com\/digitalworkflowmasters\/","https:\/\/www.instagram.com\/digitalworkflowmasters\/"]}]}},"_links":{"self":[{"href":"https:\/\/digitalworkflowmasters.com\/romana\/wp-json\/wp\/v2\/product\/6187","targetHints":{"allow":["GET"]}}],"collection":[{"href":"https:\/\/digitalworkflowmasters.com\/romana\/wp-json\/wp\/v2\/product"}],"about":[{"href":"https:\/\/digitalworkflowmasters.com\/romana\/wp-json\/wp\/v2\/types\/product"}],"version-history":[{"count":0,"href":"https:\/\/digitalworkflowmasters.com\/romana\/wp-json\/wp\/v2\/product\/6187\/revisions"}],"wp:featuredmedia":[{"embeddable":true,"href":"https:\/\/digitalworkflowmasters.com\/romana\/wp-json\/wp\/v2\/media\/32850"}],"wp:attachment":[{"href":"https:\/\/digitalworkflowmasters.com\/romana\/wp-json\/wp\/v2\/media?parent=6187"}],"wp:term":[{"taxonomy":"product_brand","embeddable":true,"href":"https:\/\/digitalworkflowmasters.com\/romana\/wp-json\/wp\/v2\/product_brand?post=6187"},{"taxonomy":"product_cat","embeddable":true,"href":"https:\/\/digitalworkflowmasters.com\/romana\/wp-json\/wp\/v2\/product_cat?post=6187"},{"taxonomy":"product_tag","embeddable":true,"href":"https:\/\/digitalworkflowmasters.com\/romana\/wp-json\/wp\/v2\/product_tag?post=6187"}],"curies":[{"name":"wp","href":"https:\/\/api.w.org\/{rel}","templated":true}]}}