{"id":6192,"date":"2025-03-26T08:33:23","date_gmt":"2025-03-26T08:33:23","guid":{"rendered":"https:\/\/digitalworkflowmasters.com\/?post_type=product&#038;p=6192"},"modified":"2025-06-26T09:10:59","modified_gmt":"2025-06-26T09:10:59","slug":"intraoral-scanner-aoralscan-shining-3d","status":"publish","type":"product","link":"https:\/\/digitalworkflowmasters.com\/romana\/shop\/intraoral-scanner-aoralscan-shining-3d\/","title":{"rendered":"Scanner intraoral Aoralscan Shining 3D"},"content":{"rendered":"<p data-start=\"577\" data-end=\"2547\"><strong data-start=\"577\" data-end=\"590\">DESCRIERE<\/strong><br data-start=\"590\" data-end=\"593\" \/>Vitez\u0103 de scanare: 15 fps<br data-start=\"618\" data-end=\"621\" \/>Precizie: \u2264 20\u00b5<br data-start=\"636\" data-end=\"639\" \/>Scanare \u00een timp real<br data-start=\"659\" data-end=\"662\" \/>Culoare realist\u0103<br data-start=\"678\" data-end=\"681\" \/>Detalii clare<br data-start=\"694\" data-end=\"697\" \/>Software-ul de scanare dezvoltat integreaz\u0103 func\u021bii de procesare a datelor pentru amprente digitale de \u00eenalt\u0103 calitate<br data-start=\"815\" data-end=\"818\" \/>Design \u00eembun\u0103t\u0103\u021bit<br data-start=\"836\" data-end=\"839\" \/>Vitez\u0103 de scanare rapid\u0103<br data-start=\"863\" data-end=\"866\" \/>Precizie superioar\u0103<br data-start=\"885\" data-end=\"888\" \/>Comunicare intuitiv\u0103<br data-start=\"908\" data-end=\"911\" \/>Procesare AI<br data-start=\"923\" data-end=\"926\" \/>Func\u021bie automat\u0103 de anti-aburire<br data-start=\"958\" data-end=\"961\" \/>Control cu un singur buton<br data-start=\"987\" data-end=\"990\" \/>Design ergonomic pentru o operare optim\u0103<br data-start=\"1030\" data-end=\"1033\" \/>Indicator LED dinamic<br data-start=\"1054\" data-end=\"1057\" \/>U\u0219or \u0219i compact, doar 240g<br data-start=\"1083\" data-end=\"1086\" \/>C\u00e2mp de scanare mai mare, cu 58% mai larg dec\u00e2t Aoralscan 2<br data-start=\"1145\" data-end=\"1148\" \/>Scanare pe ad\u00e2ncime p\u00e2n\u0103 la 22mm \u2013 ideal pentru diverse scenarii clinice, inclusiv scanarea periodontal\u0103 \u0219i scanarea corpurilor de scanare<br data-start=\"1286\" data-end=\"1289\" \/>2 dimensiuni de v\u00e2rfuri: unul pentru adul\u021bi \u0219i unul pentru copii<br data-start=\"1353\" data-end=\"1356\" \/>V\u00e2rfurile pot fi autoclavate p\u00e2n\u0103 la 100 de ori<br data-start=\"1403\" data-end=\"1406\" \/>V\u00e2rfuri mai sub\u021biri \u0219i mai lungi, oferind pacien\u021bilor o experien\u021b\u0103 clinic\u0103 confortabil\u0103<br data-start=\"1493\" data-end=\"1496\" \/>Carucior op\u021bional pentru scenarii de lucru versatile<br data-start=\"1548\" data-end=\"1551\" \/>AI Scan &#8211; \u00eembun\u0103t\u0103\u021be\u0219te viteza de scanare; identific\u0103 \u0219i filtreaz\u0103 automat datele irelevante din \u021besuturile moi \u00een timpul scan\u0103rii, rezult\u00e2nd un proces de scanare mai rapid \u0219i mai curat<br data-start=\"1736\" data-end=\"1739\" \/>Cu algoritmi \u0219i mecanisme de imagistic\u0103 optimizate, Aoralscan 3 ofer\u0103 rezultate cu 30% mai precise dec\u00e2t cele ob\u021binute cu Aoralscan 2, \u00eendeplinind toate cerin\u021bele clinice pentru diverse aplica\u021bii<br data-start=\"1934\" data-end=\"1937\" \/>Scanare de 30% mai rapid\u0103: un arc poate fi scanat \u00een doar 25 secunde, iar un arc complet poate fi scanat \u00eentr-un minut<br data-start=\"2055\" data-end=\"2058\" \/>Instrumentar clinic &#8211; programul ajut\u0103 medicii s\u0103 evalueze \u0219i s\u0103 pre-proiecteze datele scanate \u00een propriul birou, facilit\u00e2nd comunicarea eficient\u0103 cu laboratoarele dentare pentru a oferi pacien\u021bilor lucr\u0103ri dentare de \u00eenalt\u0103 calitate cu eficien\u021b\u0103 maxim\u0103<br data-start=\"2310\" data-end=\"2313\" \/>Platforma SHINING 3D Cloud permite transmiterea datelor, oferind un transfer de date u\u0219or \u0219i o comunicare excelent\u0103 \u00eentre clinici \u0219i laboratoarele dentare<br data-start=\"2467\" data-end=\"2470\" \/>Gama larg\u0103 de indica\u021bii clinice (restaur\u0103ri generale, implanturi, ortodon\u021bie)<\/p>\n<p data-start=\"2549\" data-end=\"2720\"><strong data-start=\"2549\" data-end=\"2571\">Func\u021bionalit\u0103\u021bi AI<\/strong><br data-start=\"2571\" data-end=\"2574\" \/>Folosind AI, software-ul poate identifica \u0219i \u0219terge automat diferite date, precum partea vestibular\u0103\/lingual\u0103, pentru a optimiza automat datele.<\/p>\n<p data-start=\"2722\" data-end=\"2908\">C\u00e2nd o por\u021biune din scanare lipse\u0219te \u00een timpul procesului de scanare, aceast\u0103 func\u021bie permite utilizatorilor s\u0103 revin\u0103 la zona lips\u0103 pentru a o rescana \u0219i \u00eembun\u0103t\u0103\u021bi amprenta digital\u0103.<\/p>\n<p data-start=\"2910\" data-end=\"3154\">Op\u021biunile integrate \u00een software ajut\u0103 utilizatorii s\u0103 evalueze datele scanate \u00een clinici. Acestea includ func\u021bii precum \u201eajustarea ocluziei\u201d, \u201etrasarea marginii\u201d, \u201everificarea mu\u0219c\u0103turii\u201d, \u201emarcarea din\u021bilor\u201d, \u201everificarea spa\u021biului ocluzal\u201d.<\/p>\n<p data-start=\"3156\" data-end=\"3331\">Acestea faciliteaz\u0103 comunicarea eficient\u0103 \u00eentre clinicile dentare \u0219i laboratoare, economisind timp \u0219i asigur\u00e2nd eficien\u021b\u0103 \u0219i calitate maxim\u0103 pentru proiectele de restaurare.<\/p>\n<p data-start=\"3333\" data-end=\"3346\"><strong data-start=\"3333\" data-end=\"3346\">INDICA\u021aII<\/strong><\/p>\n<p data-start=\"3348\" data-end=\"3492\">\u00cendepline\u0219te cerin\u021bele pentru o gam\u0103 larg\u0103 de indica\u021bii, inclusiv coroane individuale, inlays\/onlays, pun\u021bi, fa\u021bete, ortodon\u021bie \u0219i implanturi.<\/p>\n<p data-start=\"3494\" data-end=\"3521\"><strong data-start=\"3494\" data-end=\"3521\">PLATFORMA DE DATE CLOUD<\/strong><\/p>\n<p data-start=\"3523\" data-end=\"3691\" data-is-last-node=\"\" data-is-only-node=\"\">Platforma de date SHINING 3D Cloud permite transmiterea datelor, facilit\u00e2nd urm\u0103rirea cazurilor clinice \u0219i comunicarea \u00eentre clinicile dentare \u0219i laboratoarele dentare.<\/p>\n","protected":false},"excerpt":{"rendered":"<p>Scannerul intraoral 3D SO ofer\u0103 vitez\u0103 de scanare rapid\u0103, precizie superioar\u0103 \u0219i un design ergonomic, fiind ideal pentru aplica\u021bii clinice diverse. Cu tehnologie AI, acesta optimizeaz\u0103 procesul de scanare, oferind impresii digitale de \u00eenalt\u0103 calitate.<\/p>\n","protected":false},"featured_media":32854,"template":"","meta":{"_acf_changed":false,"om_disable_all_campaigns":false},"product_brand":[],"product_cat":[323,436],"product_tag":[],"class_list":{"0":"post-6192","1":"product","2":"type-product","3":"status-publish","4":"has-post-thumbnail","6":"product_cat-cad-cam","7":"product_cat-cad-cam-radiologie","9":"first","10":"instock","11":"sale","12":"shipping-taxable","13":"purchasable","14":"product-type-simple"},"acf":[],"yoast_head":"<!-- This site is optimized with the Yoast SEO plugin v25.3 - https:\/\/yoast.com\/wordpress\/plugins\/seo\/ -->\n<title>Scanner intraoral Aoralscan Shining 3D - Digital Workflow Masters<\/title>\n<meta name=\"description\" content=\"Descoper\u0103 scannerul intraoral 3D SO cu vitez\u0103 mare de scanare, precizie \u00eembun\u0103t\u0103\u021bit\u0103 \u0219i func\u021bii AI. Ideal pentru clinici dentare \u0219i laboratoare, oferind impresii digitale precise \u0219i rapide.\" \/>\n<meta name=\"robots\" content=\"index, follow, max-snippet:-1, max-image-preview:large, max-video-preview:-1\" \/>\n<link rel=\"canonical\" href=\"https:\/\/digitalworkflowmasters.com\/romana\/shop\/intraoral-scanner-aoralscan-shining-3d\/\" \/>\n<meta property=\"og:locale\" content=\"ro_RO\" \/>\n<meta property=\"og:type\" content=\"article\" \/>\n<meta property=\"og:title\" content=\"Scanner intraoral Aoralscan Shining 3D - Digital Workflow Masters\" \/>\n<meta property=\"og:description\" content=\"Descoper\u0103 scannerul intraoral 3D SO cu vitez\u0103 mare de scanare, precizie \u00eembun\u0103t\u0103\u021bit\u0103 \u0219i func\u021bii AI. Ideal pentru clinici dentare \u0219i laboratoare, oferind impresii digitale precise \u0219i rapide.\" \/>\n<meta property=\"og:url\" content=\"https:\/\/digitalworkflowmasters.com\/romana\/shop\/intraoral-scanner-aoralscan-shining-3d\/\" \/>\n<meta property=\"og:site_name\" content=\"Digital Workflow Masters\" \/>\n<meta property=\"article:publisher\" content=\"https:\/\/www.facebook.com\/digitalworkflowmasters\/\" \/>\n<meta property=\"article:modified_time\" content=\"2025-06-26T09:10:59+00:00\" \/>\n<meta property=\"og:image\" content=\"https:\/\/digitalworkflowmasters.com\/romana\/wp-content\/uploads\/2025\/03\/scanner-intraoral-aoralscan-3-shining-3d-1-1-1.jpg\" \/>\n\t<meta property=\"og:image:width\" content=\"800\" \/>\n\t<meta property=\"og:image:height\" content=\"800\" \/>\n\t<meta property=\"og:image:type\" content=\"image\/jpeg\" \/>\n<meta name=\"twitter:card\" content=\"summary_large_image\" \/>\n<meta name=\"twitter:label1\" content=\"Timp estimat pentru citire\" \/>\n\t<meta name=\"twitter:data1\" content=\"3 minute\" \/>\n<script type=\"application\/ld+json\" class=\"yoast-schema-graph\">{\"@context\":\"https:\/\/schema.org\",\"@graph\":[{\"@type\":\"WebPage\",\"@id\":\"https:\/\/digitalworkflowmasters.com\/romana\/shop\/intraoral-scanner-aoralscan-shining-3d\/\",\"url\":\"https:\/\/digitalworkflowmasters.com\/romana\/shop\/intraoral-scanner-aoralscan-shining-3d\/\",\"name\":\"Scanner intraoral Aoralscan Shining 3D - Digital Workflow Masters\",\"isPartOf\":{\"@id\":\"https:\/\/digitalworkflowmasters.com\/romana\/#website\"},\"primaryImageOfPage\":{\"@id\":\"https:\/\/digitalworkflowmasters.com\/romana\/shop\/intraoral-scanner-aoralscan-shining-3d\/#primaryimage\"},\"image\":{\"@id\":\"https:\/\/digitalworkflowmasters.com\/romana\/shop\/intraoral-scanner-aoralscan-shining-3d\/#primaryimage\"},\"thumbnailUrl\":\"https:\/\/digitalworkflowmasters.com\/romana\/wp-content\/uploads\/2025\/03\/scanner-intraoral-aoralscan-3-shining-3d-1-1-1.jpg\",\"datePublished\":\"2025-03-26T08:33:23+00:00\",\"dateModified\":\"2025-06-26T09:10:59+00:00\",\"description\":\"Descoper\u0103 scannerul intraoral 3D SO cu vitez\u0103 mare de scanare, precizie \u00eembun\u0103t\u0103\u021bit\u0103 \u0219i func\u021bii AI. Ideal pentru clinici dentare \u0219i laboratoare, oferind impresii digitale precise \u0219i rapide.\",\"breadcrumb\":{\"@id\":\"https:\/\/digitalworkflowmasters.com\/romana\/shop\/intraoral-scanner-aoralscan-shining-3d\/#breadcrumb\"},\"inLanguage\":\"ro-RO\",\"potentialAction\":[{\"@type\":\"ReadAction\",\"target\":[\"https:\/\/digitalworkflowmasters.com\/romana\/shop\/intraoral-scanner-aoralscan-shining-3d\/\"]}]},{\"@type\":\"ImageObject\",\"inLanguage\":\"ro-RO\",\"@id\":\"https:\/\/digitalworkflowmasters.com\/romana\/shop\/intraoral-scanner-aoralscan-shining-3d\/#primaryimage\",\"url\":\"https:\/\/digitalworkflowmasters.com\/romana\/wp-content\/uploads\/2025\/03\/scanner-intraoral-aoralscan-3-shining-3d-1-1-1.jpg\",\"contentUrl\":\"https:\/\/digitalworkflowmasters.com\/romana\/wp-content\/uploads\/2025\/03\/scanner-intraoral-aoralscan-3-shining-3d-1-1-1.jpg\",\"width\":800,\"height\":800},{\"@type\":\"BreadcrumbList\",\"@id\":\"https:\/\/digitalworkflowmasters.com\/romana\/shop\/intraoral-scanner-aoralscan-shining-3d\/#breadcrumb\",\"itemListElement\":[{\"@type\":\"ListItem\",\"position\":1,\"name\":\"Home\",\"item\":\"https:\/\/digitalworkflowmasters.com\/romana\/\"},{\"@type\":\"ListItem\",\"position\":2,\"name\":\"Products\",\"item\":\"https:\/\/digitalworkflowmasters.com\/romana\/shop\/\"},{\"@type\":\"ListItem\",\"position\":3,\"name\":\"CAD CAM\",\"item\":\"https:\/\/digitalworkflowmasters.com\/romana\/product-category\/cad-cam\/\"},{\"@type\":\"ListItem\",\"position\":4,\"name\":\"Scanner intraoral Aoralscan Shining 3D\"}]},{\"@type\":\"WebSite\",\"@id\":\"https:\/\/digitalworkflowmasters.com\/romana\/#website\",\"url\":\"https:\/\/digitalworkflowmasters.com\/romana\/\",\"name\":\"Digital Workflow Masters\",\"description\":\"Premium Dental Equipment\",\"publisher\":{\"@id\":\"https:\/\/digitalworkflowmasters.com\/romana\/#organization\"},\"potentialAction\":[{\"@type\":\"SearchAction\",\"target\":{\"@type\":\"EntryPoint\",\"urlTemplate\":\"https:\/\/digitalworkflowmasters.com\/romana\/?s={search_term_string}\"},\"query-input\":{\"@type\":\"PropertyValueSpecification\",\"valueRequired\":true,\"valueName\":\"search_term_string\"}}],\"inLanguage\":\"ro-RO\"},{\"@type\":\"Organization\",\"@id\":\"https:\/\/digitalworkflowmasters.com\/romana\/#organization\",\"name\":\"Digital Workflow Masters\",\"url\":\"https:\/\/digitalworkflowmasters.com\/romana\/\",\"logo\":{\"@type\":\"ImageObject\",\"inLanguage\":\"ro-RO\",\"@id\":\"https:\/\/digitalworkflowmasters.com\/romana\/#\/schema\/logo\/image\/\",\"url\":\"https:\/\/digitalworkflowmasters.com\/romana\/wp-content\/uploads\/2025\/08\/1.png\",\"contentUrl\":\"https:\/\/digitalworkflowmasters.com\/romana\/wp-content\/uploads\/2025\/08\/1.png\",\"width\":1080,\"height\":1080,\"caption\":\"Digital Workflow Masters\"},\"image\":{\"@id\":\"https:\/\/digitalworkflowmasters.com\/romana\/#\/schema\/logo\/image\/\"},\"sameAs\":[\"https:\/\/www.facebook.com\/digitalworkflowmasters\/\",\"https:\/\/www.instagram.com\/digitalworkflowmasters\/\"]}]}<\/script>\n<!-- \/ Yoast SEO plugin. -->","yoast_head_json":{"title":"Scanner intraoral Aoralscan Shining 3D - Digital Workflow Masters","description":"Descoper\u0103 scannerul intraoral 3D SO cu vitez\u0103 mare de scanare, precizie \u00eembun\u0103t\u0103\u021bit\u0103 \u0219i func\u021bii AI. Ideal pentru clinici dentare \u0219i laboratoare, oferind impresii digitale precise \u0219i rapide.","robots":{"index":"index","follow":"follow","max-snippet":"max-snippet:-1","max-image-preview":"max-image-preview:large","max-video-preview":"max-video-preview:-1"},"canonical":"https:\/\/digitalworkflowmasters.com\/romana\/shop\/intraoral-scanner-aoralscan-shining-3d\/","og_locale":"ro_RO","og_type":"article","og_title":"Scanner intraoral Aoralscan Shining 3D - Digital Workflow Masters","og_description":"Descoper\u0103 scannerul intraoral 3D SO cu vitez\u0103 mare de scanare, precizie \u00eembun\u0103t\u0103\u021bit\u0103 \u0219i func\u021bii AI. Ideal pentru clinici dentare \u0219i laboratoare, oferind impresii digitale precise \u0219i rapide.","og_url":"https:\/\/digitalworkflowmasters.com\/romana\/shop\/intraoral-scanner-aoralscan-shining-3d\/","og_site_name":"Digital Workflow Masters","article_publisher":"https:\/\/www.facebook.com\/digitalworkflowmasters\/","article_modified_time":"2025-06-26T09:10:59+00:00","og_image":[{"width":800,"height":800,"url":"https:\/\/digitalworkflowmasters.com\/romana\/wp-content\/uploads\/2025\/03\/scanner-intraoral-aoralscan-3-shining-3d-1-1-1.jpg","type":"image\/jpeg"}],"twitter_card":"summary_large_image","twitter_misc":{"Timp estimat pentru citire":"3 minute"},"schema":{"@context":"https:\/\/schema.org","@graph":[{"@type":"WebPage","@id":"https:\/\/digitalworkflowmasters.com\/romana\/shop\/intraoral-scanner-aoralscan-shining-3d\/","url":"https:\/\/digitalworkflowmasters.com\/romana\/shop\/intraoral-scanner-aoralscan-shining-3d\/","name":"Scanner intraoral Aoralscan Shining 3D - Digital Workflow Masters","isPartOf":{"@id":"https:\/\/digitalworkflowmasters.com\/romana\/#website"},"primaryImageOfPage":{"@id":"https:\/\/digitalworkflowmasters.com\/romana\/shop\/intraoral-scanner-aoralscan-shining-3d\/#primaryimage"},"image":{"@id":"https:\/\/digitalworkflowmasters.com\/romana\/shop\/intraoral-scanner-aoralscan-shining-3d\/#primaryimage"},"thumbnailUrl":"https:\/\/digitalworkflowmasters.com\/romana\/wp-content\/uploads\/2025\/03\/scanner-intraoral-aoralscan-3-shining-3d-1-1-1.jpg","datePublished":"2025-03-26T08:33:23+00:00","dateModified":"2025-06-26T09:10:59+00:00","description":"Descoper\u0103 scannerul intraoral 3D SO cu vitez\u0103 mare de scanare, precizie \u00eembun\u0103t\u0103\u021bit\u0103 \u0219i func\u021bii AI. Ideal pentru clinici dentare \u0219i laboratoare, oferind impresii digitale precise \u0219i rapide.","breadcrumb":{"@id":"https:\/\/digitalworkflowmasters.com\/romana\/shop\/intraoral-scanner-aoralscan-shining-3d\/#breadcrumb"},"inLanguage":"ro-RO","potentialAction":[{"@type":"ReadAction","target":["https:\/\/digitalworkflowmasters.com\/romana\/shop\/intraoral-scanner-aoralscan-shining-3d\/"]}]},{"@type":"ImageObject","inLanguage":"ro-RO","@id":"https:\/\/digitalworkflowmasters.com\/romana\/shop\/intraoral-scanner-aoralscan-shining-3d\/#primaryimage","url":"https:\/\/digitalworkflowmasters.com\/romana\/wp-content\/uploads\/2025\/03\/scanner-intraoral-aoralscan-3-shining-3d-1-1-1.jpg","contentUrl":"https:\/\/digitalworkflowmasters.com\/romana\/wp-content\/uploads\/2025\/03\/scanner-intraoral-aoralscan-3-shining-3d-1-1-1.jpg","width":800,"height":800},{"@type":"BreadcrumbList","@id":"https:\/\/digitalworkflowmasters.com\/romana\/shop\/intraoral-scanner-aoralscan-shining-3d\/#breadcrumb","itemListElement":[{"@type":"ListItem","position":1,"name":"Home","item":"https:\/\/digitalworkflowmasters.com\/romana\/"},{"@type":"ListItem","position":2,"name":"Products","item":"https:\/\/digitalworkflowmasters.com\/romana\/shop\/"},{"@type":"ListItem","position":3,"name":"CAD CAM","item":"https:\/\/digitalworkflowmasters.com\/romana\/product-category\/cad-cam\/"},{"@type":"ListItem","position":4,"name":"Scanner intraoral Aoralscan Shining 3D"}]},{"@type":"WebSite","@id":"https:\/\/digitalworkflowmasters.com\/romana\/#website","url":"https:\/\/digitalworkflowmasters.com\/romana\/","name":"Digital Workflow Masters","description":"Premium Dental Equipment","publisher":{"@id":"https:\/\/digitalworkflowmasters.com\/romana\/#organization"},"potentialAction":[{"@type":"SearchAction","target":{"@type":"EntryPoint","urlTemplate":"https:\/\/digitalworkflowmasters.com\/romana\/?s={search_term_string}"},"query-input":{"@type":"PropertyValueSpecification","valueRequired":true,"valueName":"search_term_string"}}],"inLanguage":"ro-RO"},{"@type":"Organization","@id":"https:\/\/digitalworkflowmasters.com\/romana\/#organization","name":"Digital Workflow Masters","url":"https:\/\/digitalworkflowmasters.com\/romana\/","logo":{"@type":"ImageObject","inLanguage":"ro-RO","@id":"https:\/\/digitalworkflowmasters.com\/romana\/#\/schema\/logo\/image\/","url":"https:\/\/digitalworkflowmasters.com\/romana\/wp-content\/uploads\/2025\/08\/1.png","contentUrl":"https:\/\/digitalworkflowmasters.com\/romana\/wp-content\/uploads\/2025\/08\/1.png","width":1080,"height":1080,"caption":"Digital Workflow Masters"},"image":{"@id":"https:\/\/digitalworkflowmasters.com\/romana\/#\/schema\/logo\/image\/"},"sameAs":["https:\/\/www.facebook.com\/digitalworkflowmasters\/","https:\/\/www.instagram.com\/digitalworkflowmasters\/"]}]}},"_links":{"self":[{"href":"https:\/\/digitalworkflowmasters.com\/romana\/wp-json\/wp\/v2\/product\/6192","targetHints":{"allow":["GET"]}}],"collection":[{"href":"https:\/\/digitalworkflowmasters.com\/romana\/wp-json\/wp\/v2\/product"}],"about":[{"href":"https:\/\/digitalworkflowmasters.com\/romana\/wp-json\/wp\/v2\/types\/product"}],"version-history":[{"count":0,"href":"https:\/\/digitalworkflowmasters.com\/romana\/wp-json\/wp\/v2\/product\/6192\/revisions"}],"wp:featuredmedia":[{"embeddable":true,"href":"https:\/\/digitalworkflowmasters.com\/romana\/wp-json\/wp\/v2\/media\/32854"}],"wp:attachment":[{"href":"https:\/\/digitalworkflowmasters.com\/romana\/wp-json\/wp\/v2\/media?parent=6192"}],"wp:term":[{"taxonomy":"product_brand","embeddable":true,"href":"https:\/\/digitalworkflowmasters.com\/romana\/wp-json\/wp\/v2\/product_brand?post=6192"},{"taxonomy":"product_cat","embeddable":true,"href":"https:\/\/digitalworkflowmasters.com\/romana\/wp-json\/wp\/v2\/product_cat?post=6192"},{"taxonomy":"product_tag","embeddable":true,"href":"https:\/\/digitalworkflowmasters.com\/romana\/wp-json\/wp\/v2\/product_tag?post=6192"}],"curies":[{"name":"wp","href":"https:\/\/api.w.org\/{rel}","templated":true}]}}