{"id":6204,"date":"2025-03-26T08:33:24","date_gmt":"2025-03-26T08:33:24","guid":{"rendered":"https:\/\/digitalworkflowmasters.com\/?post_type=product&#038;p=6204"},"modified":"2025-08-29T11:54:40","modified_gmt":"2025-08-29T11:54:40","slug":"metasys-meta-air-250-light-compressor-with-soundproof-housing","status":"publish","type":"product","link":"https:\/\/digitalworkflowmasters.com\/romana\/shop\/metasys-meta-air-250-light-compressor-with-soundproof-housing\/","title":{"rendered":"Compresor Metasys META Air 250 Light cu carcasa insonorizare"},"content":{"rendered":"<h3 data-start=\"278\" data-end=\"349\"><strong data-start=\"282\" data-end=\"347\">Compresor Metasys META Air 250 Light cu carcas\u0103 insonorizant\u0103<\/strong><\/h3>\n<p data-start=\"350\" data-end=\"373\"><strong data-start=\"350\" data-end=\"371\">Garan\u021bie 36 luni!<\/strong><\/p>\n<ul data-start=\"374\" data-end=\"527\">\n<li data-start=\"374\" data-end=\"395\">\n<p data-start=\"376\" data-end=\"395\">Protec\u021bie termic\u0103<\/p>\n<\/li>\n<li data-start=\"396\" data-end=\"431\">\n<p data-start=\"398\" data-end=\"431\">Rezervor interior antibacterian<\/p>\n<\/li>\n<li data-start=\"432\" data-end=\"461\">\n<p data-start=\"434\" data-end=\"461\">Contor ore de func\u021bionare<\/p>\n<\/li>\n<li data-start=\"462\" data-end=\"487\">\n<p data-start=\"464\" data-end=\"487\">Nivel redus de zgomot<\/p>\n<\/li>\n<li data-start=\"488\" data-end=\"527\">\n<p data-start=\"490\" data-end=\"527\">F\u0103r\u0103 sisteme de uscare sau filtrare<\/p>\n<\/li>\n<\/ul>\n<p data-start=\"529\" data-end=\"831\">Compresorul dentar Metasys META Air 250 Light cu carcas\u0103 insonorizant\u0103 este solu\u021bia ideal\u0103 pentru furnizarea aerului comprimat silen\u021bios \u00eentr-o camer\u0103 tehnic\u0103. Acest compresor f\u0103r\u0103 ulei a fost proiectat pentru a asigura un nivel de zgomot sc\u0103zut, f\u0103r\u0103 a perturba activitatea din cabinetul stomatologic.<\/p>\n<p data-start=\"833\" data-end=\"1166\">Datorit\u0103 construc\u021biei sale robuste \u0219i carcasei fonoabsorbante, compresorul Metasys META Air 250 Light este unul dintre cele mai fiabile \u0219i eficiente compresoare de aer comprimat de pe pia\u021b\u0103. Este perfect pentru utilizarea \u00een cabinetele stomatologice \u00een care este necesar un flux constant de aer comprimat curat \u0219i de \u00eenalt\u0103 calitate.<\/p>\n<p data-start=\"1168\" data-end=\"1460\">Prin tehnologia sa avansat\u0103, acest compresor unit dentar asigur\u0103 o performan\u021b\u0103 excep\u021bional\u0103, reduc\u00e2nd zgomotul \u0219i consumul de energie. Este o alegere ideal\u0103 pentru medici care doresc un compresor silen\u021bios, eficient \u0219i sigur, care nu face compromisuri \u00een privin\u021ba calit\u0103\u021bii aerului comprimat.<\/p>\n","protected":false},"excerpt":{"rendered":"<p>Compresor dentar profesional, f\u0103r\u0103 ulei, cu carcas\u0103 insonorizant\u0103 \u0219i rezervor antibacterian \u2013 ideal pentru cabinete stomatologice moderne.<\/p>\n","protected":false},"featured_media":32859,"template":"","meta":{"_acf_changed":false,"om_disable_all_campaigns":false},"product_brand":[],"product_cat":[142],"product_tag":[333,336,148,257,337,335,150],"class_list":{"0":"post-6204","1":"product","2":"type-product","3":"status-publish","4":"has-post-thumbnail","6":"product_cat-compresoare","7":"product_tag-dental-cabinet-accessories","8":"product_tag-dental-unit-air-compressors","9":"product_tag-gramm-air-compressors","10":"product_tag-medical-accessories","11":"product_tag-meta-air-250","12":"product_tag-metasys","13":"product_tag-oil-free-air-compressors","15":"first","16":"instock","17":"shipping-taxable","18":"purchasable","19":"product-type-simple"},"acf":[],"yoast_head":"<!-- This site is optimized with the Yoast SEO plugin v25.3 - https:\/\/yoast.com\/wordpress\/plugins\/seo\/ -->\n<title>Compresor Metasys META Air 250 Light cu carcasa insonorizare - Digital Workflow Masters<\/title>\n<meta name=\"description\" content=\"Compresor dentar Metasys META Air 250 Light cu carcas\u0103 insonorizant\u0103 \u2013 compresor f\u0103r\u0103 ulei, silen\u021bios, eficient. Ideal pentru cabinet stomatologic \u0219i unit dentar. Garan\u021bie 36 luni.\" \/>\n<meta name=\"robots\" content=\"index, follow, max-snippet:-1, max-image-preview:large, max-video-preview:-1\" \/>\n<link rel=\"canonical\" href=\"https:\/\/digitalworkflowmasters.com\/romana\/shop\/metasys-meta-air-250-light-compressor-with-soundproof-housing\/\" \/>\n<meta property=\"og:locale\" content=\"ro_RO\" \/>\n<meta property=\"og:type\" content=\"article\" \/>\n<meta property=\"og:title\" content=\"Compresor Metasys META Air 250 Light cu carcasa insonorizare - Digital Workflow Masters\" \/>\n<meta property=\"og:description\" content=\"Compresor dentar Metasys META Air 250 Light cu carcas\u0103 insonorizant\u0103 \u2013 compresor f\u0103r\u0103 ulei, silen\u021bios, eficient. Ideal pentru cabinet stomatologic \u0219i unit dentar. Garan\u021bie 36 luni.\" \/>\n<meta property=\"og:url\" content=\"https:\/\/digitalworkflowmasters.com\/romana\/shop\/metasys-meta-air-250-light-compressor-with-soundproof-housing\/\" \/>\n<meta property=\"og:site_name\" content=\"Digital Workflow Masters\" \/>\n<meta property=\"article:publisher\" content=\"https:\/\/www.facebook.com\/digitalworkflowmasters\/\" \/>\n<meta property=\"article:modified_time\" content=\"2025-08-29T11:54:40+00:00\" \/>\n<meta property=\"og:image\" content=\"https:\/\/digitalworkflowmasters.com\/romana\/wp-content\/uploads\/2025\/03\/meta-air-250-1.jpg\" \/>\n\t<meta property=\"og:image:width\" content=\"1300\" \/>\n\t<meta property=\"og:image:height\" content=\"868\" \/>\n\t<meta property=\"og:image:type\" content=\"image\/jpeg\" \/>\n<meta name=\"twitter:card\" content=\"summary_large_image\" \/>\n<meta name=\"twitter:label1\" content=\"Timp estimat pentru citire\" \/>\n\t<meta name=\"twitter:data1\" content=\"1 minut\" \/>\n<script type=\"application\/ld+json\" class=\"yoast-schema-graph\">{\"@context\":\"https:\/\/schema.org\",\"@graph\":[{\"@type\":\"WebPage\",\"@id\":\"https:\/\/digitalworkflowmasters.com\/romana\/shop\/metasys-meta-air-250-light-compressor-with-soundproof-housing\/\",\"url\":\"https:\/\/digitalworkflowmasters.com\/romana\/shop\/metasys-meta-air-250-light-compressor-with-soundproof-housing\/\",\"name\":\"Compresor Metasys META Air 250 Light cu carcasa insonorizare - Digital Workflow Masters\",\"isPartOf\":{\"@id\":\"https:\/\/digitalworkflowmasters.com\/romana\/#website\"},\"primaryImageOfPage\":{\"@id\":\"https:\/\/digitalworkflowmasters.com\/romana\/shop\/metasys-meta-air-250-light-compressor-with-soundproof-housing\/#primaryimage\"},\"image\":{\"@id\":\"https:\/\/digitalworkflowmasters.com\/romana\/shop\/metasys-meta-air-250-light-compressor-with-soundproof-housing\/#primaryimage\"},\"thumbnailUrl\":\"https:\/\/digitalworkflowmasters.com\/romana\/wp-content\/uploads\/2025\/03\/meta-air-250-1.jpg\",\"datePublished\":\"2025-03-26T08:33:24+00:00\",\"dateModified\":\"2025-08-29T11:54:40+00:00\",\"description\":\"Compresor dentar Metasys META Air 250 Light cu carcas\u0103 insonorizant\u0103 \u2013 compresor f\u0103r\u0103 ulei, silen\u021bios, eficient. Ideal pentru cabinet stomatologic \u0219i unit dentar. Garan\u021bie 36 luni.\",\"breadcrumb\":{\"@id\":\"https:\/\/digitalworkflowmasters.com\/romana\/shop\/metasys-meta-air-250-light-compressor-with-soundproof-housing\/#breadcrumb\"},\"inLanguage\":\"ro-RO\",\"potentialAction\":[{\"@type\":\"ReadAction\",\"target\":[\"https:\/\/digitalworkflowmasters.com\/romana\/shop\/metasys-meta-air-250-light-compressor-with-soundproof-housing\/\"]}]},{\"@type\":\"ImageObject\",\"inLanguage\":\"ro-RO\",\"@id\":\"https:\/\/digitalworkflowmasters.com\/romana\/shop\/metasys-meta-air-250-light-compressor-with-soundproof-housing\/#primaryimage\",\"url\":\"https:\/\/digitalworkflowmasters.com\/romana\/wp-content\/uploads\/2025\/03\/meta-air-250-1.jpg\",\"contentUrl\":\"https:\/\/digitalworkflowmasters.com\/romana\/wp-content\/uploads\/2025\/03\/meta-air-250-1.jpg\",\"width\":1300,\"height\":868},{\"@type\":\"BreadcrumbList\",\"@id\":\"https:\/\/digitalworkflowmasters.com\/romana\/shop\/metasys-meta-air-250-light-compressor-with-soundproof-housing\/#breadcrumb\",\"itemListElement\":[{\"@type\":\"ListItem\",\"position\":1,\"name\":\"Home\",\"item\":\"https:\/\/digitalworkflowmasters.com\/romana\/\"},{\"@type\":\"ListItem\",\"position\":2,\"name\":\"Products\",\"item\":\"https:\/\/digitalworkflowmasters.com\/romana\/shop\/\"},{\"@type\":\"ListItem\",\"position\":3,\"name\":\"Camera Tehnica\",\"item\":\"https:\/\/digitalworkflowmasters.com\/romana\/product-category\/camera-tehnica\/\"},{\"@type\":\"ListItem\",\"position\":4,\"name\":\"Compresoare\",\"item\":\"https:\/\/digitalworkflowmasters.com\/romana\/product-category\/camera-tehnica\/compresoare\/\"},{\"@type\":\"ListItem\",\"position\":5,\"name\":\"Compresor Metasys META Air 250 Light cu carcasa insonorizare\"}]},{\"@type\":\"WebSite\",\"@id\":\"https:\/\/digitalworkflowmasters.com\/romana\/#website\",\"url\":\"https:\/\/digitalworkflowmasters.com\/romana\/\",\"name\":\"Digital Workflow Masters\",\"description\":\"Premium Dental Equipment\",\"publisher\":{\"@id\":\"https:\/\/digitalworkflowmasters.com\/romana\/#organization\"},\"potentialAction\":[{\"@type\":\"SearchAction\",\"target\":{\"@type\":\"EntryPoint\",\"urlTemplate\":\"https:\/\/digitalworkflowmasters.com\/romana\/?s={search_term_string}\"},\"query-input\":{\"@type\":\"PropertyValueSpecification\",\"valueRequired\":true,\"valueName\":\"search_term_string\"}}],\"inLanguage\":\"ro-RO\"},{\"@type\":\"Organization\",\"@id\":\"https:\/\/digitalworkflowmasters.com\/romana\/#organization\",\"name\":\"Digital Workflow Masters\",\"url\":\"https:\/\/digitalworkflowmasters.com\/romana\/\",\"logo\":{\"@type\":\"ImageObject\",\"inLanguage\":\"ro-RO\",\"@id\":\"https:\/\/digitalworkflowmasters.com\/romana\/#\/schema\/logo\/image\/\",\"url\":\"https:\/\/digitalworkflowmasters.com\/romana\/wp-content\/uploads\/2025\/08\/1.png\",\"contentUrl\":\"https:\/\/digitalworkflowmasters.com\/romana\/wp-content\/uploads\/2025\/08\/1.png\",\"width\":1080,\"height\":1080,\"caption\":\"Digital Workflow Masters\"},\"image\":{\"@id\":\"https:\/\/digitalworkflowmasters.com\/romana\/#\/schema\/logo\/image\/\"},\"sameAs\":[\"https:\/\/www.facebook.com\/digitalworkflowmasters\/\",\"https:\/\/www.instagram.com\/digitalworkflowmasters\/\"]}]}<\/script>\n<!-- \/ Yoast SEO plugin. -->","yoast_head_json":{"title":"Compresor Metasys META Air 250 Light cu carcasa insonorizare - Digital Workflow Masters","description":"Compresor dentar Metasys META Air 250 Light cu carcas\u0103 insonorizant\u0103 \u2013 compresor f\u0103r\u0103 ulei, silen\u021bios, eficient. Ideal pentru cabinet stomatologic \u0219i unit dentar. Garan\u021bie 36 luni.","robots":{"index":"index","follow":"follow","max-snippet":"max-snippet:-1","max-image-preview":"max-image-preview:large","max-video-preview":"max-video-preview:-1"},"canonical":"https:\/\/digitalworkflowmasters.com\/romana\/shop\/metasys-meta-air-250-light-compressor-with-soundproof-housing\/","og_locale":"ro_RO","og_type":"article","og_title":"Compresor Metasys META Air 250 Light cu carcasa insonorizare - Digital Workflow Masters","og_description":"Compresor dentar Metasys META Air 250 Light cu carcas\u0103 insonorizant\u0103 \u2013 compresor f\u0103r\u0103 ulei, silen\u021bios, eficient. Ideal pentru cabinet stomatologic \u0219i unit dentar. Garan\u021bie 36 luni.","og_url":"https:\/\/digitalworkflowmasters.com\/romana\/shop\/metasys-meta-air-250-light-compressor-with-soundproof-housing\/","og_site_name":"Digital Workflow Masters","article_publisher":"https:\/\/www.facebook.com\/digitalworkflowmasters\/","article_modified_time":"2025-08-29T11:54:40+00:00","og_image":[{"width":1300,"height":868,"url":"https:\/\/digitalworkflowmasters.com\/romana\/wp-content\/uploads\/2025\/03\/meta-air-250-1.jpg","type":"image\/jpeg"}],"twitter_card":"summary_large_image","twitter_misc":{"Timp estimat pentru citire":"1 minut"},"schema":{"@context":"https:\/\/schema.org","@graph":[{"@type":"WebPage","@id":"https:\/\/digitalworkflowmasters.com\/romana\/shop\/metasys-meta-air-250-light-compressor-with-soundproof-housing\/","url":"https:\/\/digitalworkflowmasters.com\/romana\/shop\/metasys-meta-air-250-light-compressor-with-soundproof-housing\/","name":"Compresor Metasys META Air 250 Light cu carcasa insonorizare - Digital Workflow Masters","isPartOf":{"@id":"https:\/\/digitalworkflowmasters.com\/romana\/#website"},"primaryImageOfPage":{"@id":"https:\/\/digitalworkflowmasters.com\/romana\/shop\/metasys-meta-air-250-light-compressor-with-soundproof-housing\/#primaryimage"},"image":{"@id":"https:\/\/digitalworkflowmasters.com\/romana\/shop\/metasys-meta-air-250-light-compressor-with-soundproof-housing\/#primaryimage"},"thumbnailUrl":"https:\/\/digitalworkflowmasters.com\/romana\/wp-content\/uploads\/2025\/03\/meta-air-250-1.jpg","datePublished":"2025-03-26T08:33:24+00:00","dateModified":"2025-08-29T11:54:40+00:00","description":"Compresor dentar Metasys META Air 250 Light cu carcas\u0103 insonorizant\u0103 \u2013 compresor f\u0103r\u0103 ulei, silen\u021bios, eficient. Ideal pentru cabinet stomatologic \u0219i unit dentar. Garan\u021bie 36 luni.","breadcrumb":{"@id":"https:\/\/digitalworkflowmasters.com\/romana\/shop\/metasys-meta-air-250-light-compressor-with-soundproof-housing\/#breadcrumb"},"inLanguage":"ro-RO","potentialAction":[{"@type":"ReadAction","target":["https:\/\/digitalworkflowmasters.com\/romana\/shop\/metasys-meta-air-250-light-compressor-with-soundproof-housing\/"]}]},{"@type":"ImageObject","inLanguage":"ro-RO","@id":"https:\/\/digitalworkflowmasters.com\/romana\/shop\/metasys-meta-air-250-light-compressor-with-soundproof-housing\/#primaryimage","url":"https:\/\/digitalworkflowmasters.com\/romana\/wp-content\/uploads\/2025\/03\/meta-air-250-1.jpg","contentUrl":"https:\/\/digitalworkflowmasters.com\/romana\/wp-content\/uploads\/2025\/03\/meta-air-250-1.jpg","width":1300,"height":868},{"@type":"BreadcrumbList","@id":"https:\/\/digitalworkflowmasters.com\/romana\/shop\/metasys-meta-air-250-light-compressor-with-soundproof-housing\/#breadcrumb","itemListElement":[{"@type":"ListItem","position":1,"name":"Home","item":"https:\/\/digitalworkflowmasters.com\/romana\/"},{"@type":"ListItem","position":2,"name":"Products","item":"https:\/\/digitalworkflowmasters.com\/romana\/shop\/"},{"@type":"ListItem","position":3,"name":"Camera Tehnica","item":"https:\/\/digitalworkflowmasters.com\/romana\/product-category\/camera-tehnica\/"},{"@type":"ListItem","position":4,"name":"Compresoare","item":"https:\/\/digitalworkflowmasters.com\/romana\/product-category\/camera-tehnica\/compresoare\/"},{"@type":"ListItem","position":5,"name":"Compresor Metasys META Air 250 Light cu carcasa insonorizare"}]},{"@type":"WebSite","@id":"https:\/\/digitalworkflowmasters.com\/romana\/#website","url":"https:\/\/digitalworkflowmasters.com\/romana\/","name":"Digital Workflow Masters","description":"Premium Dental Equipment","publisher":{"@id":"https:\/\/digitalworkflowmasters.com\/romana\/#organization"},"potentialAction":[{"@type":"SearchAction","target":{"@type":"EntryPoint","urlTemplate":"https:\/\/digitalworkflowmasters.com\/romana\/?s={search_term_string}"},"query-input":{"@type":"PropertyValueSpecification","valueRequired":true,"valueName":"search_term_string"}}],"inLanguage":"ro-RO"},{"@type":"Organization","@id":"https:\/\/digitalworkflowmasters.com\/romana\/#organization","name":"Digital Workflow Masters","url":"https:\/\/digitalworkflowmasters.com\/romana\/","logo":{"@type":"ImageObject","inLanguage":"ro-RO","@id":"https:\/\/digitalworkflowmasters.com\/romana\/#\/schema\/logo\/image\/","url":"https:\/\/digitalworkflowmasters.com\/romana\/wp-content\/uploads\/2025\/08\/1.png","contentUrl":"https:\/\/digitalworkflowmasters.com\/romana\/wp-content\/uploads\/2025\/08\/1.png","width":1080,"height":1080,"caption":"Digital Workflow Masters"},"image":{"@id":"https:\/\/digitalworkflowmasters.com\/romana\/#\/schema\/logo\/image\/"},"sameAs":["https:\/\/www.facebook.com\/digitalworkflowmasters\/","https:\/\/www.instagram.com\/digitalworkflowmasters\/"]}]}},"_links":{"self":[{"href":"https:\/\/digitalworkflowmasters.com\/romana\/wp-json\/wp\/v2\/product\/6204","targetHints":{"allow":["GET"]}}],"collection":[{"href":"https:\/\/digitalworkflowmasters.com\/romana\/wp-json\/wp\/v2\/product"}],"about":[{"href":"https:\/\/digitalworkflowmasters.com\/romana\/wp-json\/wp\/v2\/types\/product"}],"version-history":[{"count":0,"href":"https:\/\/digitalworkflowmasters.com\/romana\/wp-json\/wp\/v2\/product\/6204\/revisions"}],"wp:featuredmedia":[{"embeddable":true,"href":"https:\/\/digitalworkflowmasters.com\/romana\/wp-json\/wp\/v2\/media\/32859"}],"wp:attachment":[{"href":"https:\/\/digitalworkflowmasters.com\/romana\/wp-json\/wp\/v2\/media?parent=6204"}],"wp:term":[{"taxonomy":"product_brand","embeddable":true,"href":"https:\/\/digitalworkflowmasters.com\/romana\/wp-json\/wp\/v2\/product_brand?post=6204"},{"taxonomy":"product_cat","embeddable":true,"href":"https:\/\/digitalworkflowmasters.com\/romana\/wp-json\/wp\/v2\/product_cat?post=6204"},{"taxonomy":"product_tag","embeddable":true,"href":"https:\/\/digitalworkflowmasters.com\/romana\/wp-json\/wp\/v2\/product_tag?post=6204"}],"curies":[{"name":"wp","href":"https:\/\/api.w.org\/{rel}","templated":true}]}}