{"id":6208,"date":"2025-03-26T08:33:24","date_gmt":"2025-03-26T08:33:24","guid":{"rendered":"https:\/\/digitalworkflowmasters.com\/?post_type=product&#038;p=6208"},"modified":"2025-08-29T11:55:41","modified_gmt":"2025-08-29T11:55:41","slug":"metasys-meta-air-150-light-compressor-with-housing","status":"publish","type":"product","link":"https:\/\/digitalworkflowmasters.com\/romana\/shop\/metasys-meta-air-150-light-compressor-with-housing\/","title":{"rendered":"Compresor Metasys META Air 150 Light cu carcasa insonorizare"},"content":{"rendered":"<h3 data-start=\"320\" data-end=\"391\"><strong data-start=\"324\" data-end=\"389\">Compresor Metasys META Air 150 Light cu carcas\u0103 insonorizant\u0103<\/strong><\/h3>\n<p data-start=\"392\" data-end=\"415\"><strong data-start=\"392\" data-end=\"413\">Garan\u021bie 36 luni!<\/strong><\/p>\n<ul data-start=\"416\" data-end=\"576\">\n<li data-start=\"416\" data-end=\"437\">\n<p data-start=\"418\" data-end=\"437\">Protec\u021bie termic\u0103<\/p>\n<\/li>\n<li data-start=\"438\" data-end=\"473\">\n<p data-start=\"440\" data-end=\"473\">Rezervor interior antibacterian<\/p>\n<\/li>\n<li data-start=\"474\" data-end=\"503\">\n<p data-start=\"476\" data-end=\"503\">Contor ore de func\u021bionare<\/p>\n<\/li>\n<li data-start=\"504\" data-end=\"536\">\n<p data-start=\"506\" data-end=\"536\">Nivel de zgomot foarte redus<\/p>\n<\/li>\n<li data-start=\"537\" data-end=\"576\">\n<p data-start=\"539\" data-end=\"576\">F\u0103r\u0103 sisteme de uscare sau filtrare<\/p>\n<\/li>\n<\/ul>\n<p data-start=\"578\" data-end=\"867\">Compresorul stomatologic Metasys META Air 150 Light cu carcas\u0103 insonorizant\u0103 este unul dintre cele mai silen\u021bioase \u0219i eficiente compresoare de aer comprimat disponibile pe pia\u021b\u0103. Designul compact \u0219i carcasa de protec\u021bie asigur\u0103 o func\u021bionare sigur\u0103, silen\u021bioas\u0103 \u0219i o durat\u0103 lung\u0103 de via\u021b\u0103.<\/p>\n<p data-start=\"869\" data-end=\"1148\">Acest compresor f\u0103r\u0103 ulei este ideal pentru utilizarea \u00een laboratoare dentare sau cabinete stomatologice moderne. Tehnologia avansat\u0103 cu care este echipat permite un consum redus de energie \u0219i un zgomot minim, contribuind astfel la reducerea costurilor \u0219i la protejarea mediului.<\/p>\n<p data-start=\"1150\" data-end=\"1450\">META Air 150 Light cu carcas\u0103 se integreaz\u0103 perfect \u00een orice unit dentar sau scaun stomatologic. Fiind performant, fiabil \u0219i u\u0219or de \u00eentre\u021binut, este alegerea ideal\u0103 pentru medicii stomatologi care doresc un compresor profesional, cu aer comprimat curat \u0219i silen\u021bios pentru toate procedurile dentare.<\/p>\n","protected":false},"excerpt":{"rendered":"<p>Compresor stomatologic silen\u021bios, f\u0103r\u0103 ulei, cu carcas\u0103 insonorizant\u0103 \u0219i rezervor antibacterian \u2013 ideal pentru scaune \u0219i unituri dentare moderne.<\/p>\n","protected":false},"featured_media":32857,"template":"","meta":{"_acf_changed":false,"om_disable_all_campaigns":false},"product_brand":[],"product_cat":[142],"product_tag":[239,333,147,148,334,335,150],"class_list":{"0":"post-6208","1":"product","2":"type-product","3":"status-publish","4":"has-post-thumbnail","6":"product_cat-compresoare","7":"product_tag-dental-accessories","8":"product_tag-dental-cabinet-accessories","9":"product_tag-gramm-air-compressor","10":"product_tag-gramm-air-compressors","11":"product_tag-meta-air-150","12":"product_tag-metasys","13":"product_tag-oil-free-air-compressors","15":"first","16":"instock","17":"shipping-taxable","18":"purchasable","19":"product-type-simple"},"acf":[],"yoast_head":"<!-- This site is optimized with the Yoast SEO plugin v25.3 - https:\/\/yoast.com\/wordpress\/plugins\/seo\/ -->\n<title>Compresor Metasys META Air 150 Light cu carcasa insonorizare - Digital Workflow Masters<\/title>\n<meta name=\"description\" content=\"Compresor stomatologic Metasys META Air 150 Light cu carcas\u0103 \u2013 compresor f\u0103r\u0103 ulei, ultra-silen\u021bios, cu rezervor antibacterian. Ideal pentru unituri \u0219i scaune stomatologice. Garan\u021bie 36 luni.\" \/>\n<meta name=\"robots\" content=\"index, follow, max-snippet:-1, max-image-preview:large, max-video-preview:-1\" \/>\n<link rel=\"canonical\" href=\"https:\/\/digitalworkflowmasters.com\/romana\/shop\/metasys-meta-air-150-light-compressor-with-housing\/\" \/>\n<meta property=\"og:locale\" content=\"ro_RO\" \/>\n<meta property=\"og:type\" content=\"article\" \/>\n<meta property=\"og:title\" content=\"Compresor Metasys META Air 150 Light cu carcasa insonorizare - Digital Workflow Masters\" \/>\n<meta property=\"og:description\" content=\"Compresor stomatologic Metasys META Air 150 Light cu carcas\u0103 \u2013 compresor f\u0103r\u0103 ulei, ultra-silen\u021bios, cu rezervor antibacterian. Ideal pentru unituri \u0219i scaune stomatologice. Garan\u021bie 36 luni.\" \/>\n<meta property=\"og:url\" content=\"https:\/\/digitalworkflowmasters.com\/romana\/shop\/metasys-meta-air-150-light-compressor-with-housing\/\" \/>\n<meta property=\"og:site_name\" content=\"Digital Workflow Masters\" \/>\n<meta property=\"article:publisher\" content=\"https:\/\/www.facebook.com\/digitalworkflowmasters\/\" \/>\n<meta property=\"article:modified_time\" content=\"2025-08-29T11:55:41+00:00\" \/>\n<meta property=\"og:image\" content=\"https:\/\/digitalworkflowmasters.com\/romana\/wp-content\/uploads\/2025\/03\/meta-air-150-1.jpg\" \/>\n\t<meta property=\"og:image:width\" content=\"1300\" \/>\n\t<meta property=\"og:image:height\" content=\"868\" \/>\n\t<meta property=\"og:image:type\" content=\"image\/jpeg\" \/>\n<meta name=\"twitter:card\" content=\"summary_large_image\" \/>\n<meta name=\"twitter:label1\" content=\"Timp estimat pentru citire\" \/>\n\t<meta name=\"twitter:data1\" content=\"1 minut\" \/>\n<script type=\"application\/ld+json\" class=\"yoast-schema-graph\">{\"@context\":\"https:\/\/schema.org\",\"@graph\":[{\"@type\":\"WebPage\",\"@id\":\"https:\/\/digitalworkflowmasters.com\/romana\/shop\/metasys-meta-air-150-light-compressor-with-housing\/\",\"url\":\"https:\/\/digitalworkflowmasters.com\/romana\/shop\/metasys-meta-air-150-light-compressor-with-housing\/\",\"name\":\"Compresor Metasys META Air 150 Light cu carcasa insonorizare - Digital Workflow Masters\",\"isPartOf\":{\"@id\":\"https:\/\/digitalworkflowmasters.com\/romana\/#website\"},\"primaryImageOfPage\":{\"@id\":\"https:\/\/digitalworkflowmasters.com\/romana\/shop\/metasys-meta-air-150-light-compressor-with-housing\/#primaryimage\"},\"image\":{\"@id\":\"https:\/\/digitalworkflowmasters.com\/romana\/shop\/metasys-meta-air-150-light-compressor-with-housing\/#primaryimage\"},\"thumbnailUrl\":\"https:\/\/digitalworkflowmasters.com\/romana\/wp-content\/uploads\/2025\/03\/meta-air-150-1.jpg\",\"datePublished\":\"2025-03-26T08:33:24+00:00\",\"dateModified\":\"2025-08-29T11:55:41+00:00\",\"description\":\"Compresor stomatologic Metasys META Air 150 Light cu carcas\u0103 \u2013 compresor f\u0103r\u0103 ulei, ultra-silen\u021bios, cu rezervor antibacterian. Ideal pentru unituri \u0219i scaune stomatologice. Garan\u021bie 36 luni.\",\"breadcrumb\":{\"@id\":\"https:\/\/digitalworkflowmasters.com\/romana\/shop\/metasys-meta-air-150-light-compressor-with-housing\/#breadcrumb\"},\"inLanguage\":\"ro-RO\",\"potentialAction\":[{\"@type\":\"ReadAction\",\"target\":[\"https:\/\/digitalworkflowmasters.com\/romana\/shop\/metasys-meta-air-150-light-compressor-with-housing\/\"]}]},{\"@type\":\"ImageObject\",\"inLanguage\":\"ro-RO\",\"@id\":\"https:\/\/digitalworkflowmasters.com\/romana\/shop\/metasys-meta-air-150-light-compressor-with-housing\/#primaryimage\",\"url\":\"https:\/\/digitalworkflowmasters.com\/romana\/wp-content\/uploads\/2025\/03\/meta-air-150-1.jpg\",\"contentUrl\":\"https:\/\/digitalworkflowmasters.com\/romana\/wp-content\/uploads\/2025\/03\/meta-air-150-1.jpg\",\"width\":1300,\"height\":868},{\"@type\":\"BreadcrumbList\",\"@id\":\"https:\/\/digitalworkflowmasters.com\/romana\/shop\/metasys-meta-air-150-light-compressor-with-housing\/#breadcrumb\",\"itemListElement\":[{\"@type\":\"ListItem\",\"position\":1,\"name\":\"Home\",\"item\":\"https:\/\/digitalworkflowmasters.com\/romana\/\"},{\"@type\":\"ListItem\",\"position\":2,\"name\":\"Products\",\"item\":\"https:\/\/digitalworkflowmasters.com\/romana\/shop\/\"},{\"@type\":\"ListItem\",\"position\":3,\"name\":\"Camera Tehnica\",\"item\":\"https:\/\/digitalworkflowmasters.com\/romana\/product-category\/camera-tehnica\/\"},{\"@type\":\"ListItem\",\"position\":4,\"name\":\"Compresoare\",\"item\":\"https:\/\/digitalworkflowmasters.com\/romana\/product-category\/camera-tehnica\/compresoare\/\"},{\"@type\":\"ListItem\",\"position\":5,\"name\":\"Compresor Metasys META Air 150 Light cu carcasa insonorizare\"}]},{\"@type\":\"WebSite\",\"@id\":\"https:\/\/digitalworkflowmasters.com\/romana\/#website\",\"url\":\"https:\/\/digitalworkflowmasters.com\/romana\/\",\"name\":\"Digital Workflow Masters\",\"description\":\"Premium Dental Equipment\",\"publisher\":{\"@id\":\"https:\/\/digitalworkflowmasters.com\/romana\/#organization\"},\"potentialAction\":[{\"@type\":\"SearchAction\",\"target\":{\"@type\":\"EntryPoint\",\"urlTemplate\":\"https:\/\/digitalworkflowmasters.com\/romana\/?s={search_term_string}\"},\"query-input\":{\"@type\":\"PropertyValueSpecification\",\"valueRequired\":true,\"valueName\":\"search_term_string\"}}],\"inLanguage\":\"ro-RO\"},{\"@type\":\"Organization\",\"@id\":\"https:\/\/digitalworkflowmasters.com\/romana\/#organization\",\"name\":\"Digital Workflow Masters\",\"url\":\"https:\/\/digitalworkflowmasters.com\/romana\/\",\"logo\":{\"@type\":\"ImageObject\",\"inLanguage\":\"ro-RO\",\"@id\":\"https:\/\/digitalworkflowmasters.com\/romana\/#\/schema\/logo\/image\/\",\"url\":\"https:\/\/digitalworkflowmasters.com\/romana\/wp-content\/uploads\/2025\/08\/1.png\",\"contentUrl\":\"https:\/\/digitalworkflowmasters.com\/romana\/wp-content\/uploads\/2025\/08\/1.png\",\"width\":1080,\"height\":1080,\"caption\":\"Digital Workflow Masters\"},\"image\":{\"@id\":\"https:\/\/digitalworkflowmasters.com\/romana\/#\/schema\/logo\/image\/\"},\"sameAs\":[\"https:\/\/www.facebook.com\/digitalworkflowmasters\/\",\"https:\/\/www.instagram.com\/digitalworkflowmasters\/\"]}]}<\/script>\n<!-- \/ Yoast SEO plugin. -->","yoast_head_json":{"title":"Compresor Metasys META Air 150 Light cu carcasa insonorizare - Digital Workflow Masters","description":"Compresor stomatologic Metasys META Air 150 Light cu carcas\u0103 \u2013 compresor f\u0103r\u0103 ulei, ultra-silen\u021bios, cu rezervor antibacterian. Ideal pentru unituri \u0219i scaune stomatologice. Garan\u021bie 36 luni.","robots":{"index":"index","follow":"follow","max-snippet":"max-snippet:-1","max-image-preview":"max-image-preview:large","max-video-preview":"max-video-preview:-1"},"canonical":"https:\/\/digitalworkflowmasters.com\/romana\/shop\/metasys-meta-air-150-light-compressor-with-housing\/","og_locale":"ro_RO","og_type":"article","og_title":"Compresor Metasys META Air 150 Light cu carcasa insonorizare - Digital Workflow Masters","og_description":"Compresor stomatologic Metasys META Air 150 Light cu carcas\u0103 \u2013 compresor f\u0103r\u0103 ulei, ultra-silen\u021bios, cu rezervor antibacterian. Ideal pentru unituri \u0219i scaune stomatologice. Garan\u021bie 36 luni.","og_url":"https:\/\/digitalworkflowmasters.com\/romana\/shop\/metasys-meta-air-150-light-compressor-with-housing\/","og_site_name":"Digital Workflow Masters","article_publisher":"https:\/\/www.facebook.com\/digitalworkflowmasters\/","article_modified_time":"2025-08-29T11:55:41+00:00","og_image":[{"width":1300,"height":868,"url":"https:\/\/digitalworkflowmasters.com\/romana\/wp-content\/uploads\/2025\/03\/meta-air-150-1.jpg","type":"image\/jpeg"}],"twitter_card":"summary_large_image","twitter_misc":{"Timp estimat pentru citire":"1 minut"},"schema":{"@context":"https:\/\/schema.org","@graph":[{"@type":"WebPage","@id":"https:\/\/digitalworkflowmasters.com\/romana\/shop\/metasys-meta-air-150-light-compressor-with-housing\/","url":"https:\/\/digitalworkflowmasters.com\/romana\/shop\/metasys-meta-air-150-light-compressor-with-housing\/","name":"Compresor Metasys META Air 150 Light cu carcasa insonorizare - Digital Workflow Masters","isPartOf":{"@id":"https:\/\/digitalworkflowmasters.com\/romana\/#website"},"primaryImageOfPage":{"@id":"https:\/\/digitalworkflowmasters.com\/romana\/shop\/metasys-meta-air-150-light-compressor-with-housing\/#primaryimage"},"image":{"@id":"https:\/\/digitalworkflowmasters.com\/romana\/shop\/metasys-meta-air-150-light-compressor-with-housing\/#primaryimage"},"thumbnailUrl":"https:\/\/digitalworkflowmasters.com\/romana\/wp-content\/uploads\/2025\/03\/meta-air-150-1.jpg","datePublished":"2025-03-26T08:33:24+00:00","dateModified":"2025-08-29T11:55:41+00:00","description":"Compresor stomatologic Metasys META Air 150 Light cu carcas\u0103 \u2013 compresor f\u0103r\u0103 ulei, ultra-silen\u021bios, cu rezervor antibacterian. Ideal pentru unituri \u0219i scaune stomatologice. Garan\u021bie 36 luni.","breadcrumb":{"@id":"https:\/\/digitalworkflowmasters.com\/romana\/shop\/metasys-meta-air-150-light-compressor-with-housing\/#breadcrumb"},"inLanguage":"ro-RO","potentialAction":[{"@type":"ReadAction","target":["https:\/\/digitalworkflowmasters.com\/romana\/shop\/metasys-meta-air-150-light-compressor-with-housing\/"]}]},{"@type":"ImageObject","inLanguage":"ro-RO","@id":"https:\/\/digitalworkflowmasters.com\/romana\/shop\/metasys-meta-air-150-light-compressor-with-housing\/#primaryimage","url":"https:\/\/digitalworkflowmasters.com\/romana\/wp-content\/uploads\/2025\/03\/meta-air-150-1.jpg","contentUrl":"https:\/\/digitalworkflowmasters.com\/romana\/wp-content\/uploads\/2025\/03\/meta-air-150-1.jpg","width":1300,"height":868},{"@type":"BreadcrumbList","@id":"https:\/\/digitalworkflowmasters.com\/romana\/shop\/metasys-meta-air-150-light-compressor-with-housing\/#breadcrumb","itemListElement":[{"@type":"ListItem","position":1,"name":"Home","item":"https:\/\/digitalworkflowmasters.com\/romana\/"},{"@type":"ListItem","position":2,"name":"Products","item":"https:\/\/digitalworkflowmasters.com\/romana\/shop\/"},{"@type":"ListItem","position":3,"name":"Camera Tehnica","item":"https:\/\/digitalworkflowmasters.com\/romana\/product-category\/camera-tehnica\/"},{"@type":"ListItem","position":4,"name":"Compresoare","item":"https:\/\/digitalworkflowmasters.com\/romana\/product-category\/camera-tehnica\/compresoare\/"},{"@type":"ListItem","position":5,"name":"Compresor Metasys META Air 150 Light cu carcasa insonorizare"}]},{"@type":"WebSite","@id":"https:\/\/digitalworkflowmasters.com\/romana\/#website","url":"https:\/\/digitalworkflowmasters.com\/romana\/","name":"Digital Workflow Masters","description":"Premium Dental Equipment","publisher":{"@id":"https:\/\/digitalworkflowmasters.com\/romana\/#organization"},"potentialAction":[{"@type":"SearchAction","target":{"@type":"EntryPoint","urlTemplate":"https:\/\/digitalworkflowmasters.com\/romana\/?s={search_term_string}"},"query-input":{"@type":"PropertyValueSpecification","valueRequired":true,"valueName":"search_term_string"}}],"inLanguage":"ro-RO"},{"@type":"Organization","@id":"https:\/\/digitalworkflowmasters.com\/romana\/#organization","name":"Digital Workflow Masters","url":"https:\/\/digitalworkflowmasters.com\/romana\/","logo":{"@type":"ImageObject","inLanguage":"ro-RO","@id":"https:\/\/digitalworkflowmasters.com\/romana\/#\/schema\/logo\/image\/","url":"https:\/\/digitalworkflowmasters.com\/romana\/wp-content\/uploads\/2025\/08\/1.png","contentUrl":"https:\/\/digitalworkflowmasters.com\/romana\/wp-content\/uploads\/2025\/08\/1.png","width":1080,"height":1080,"caption":"Digital Workflow Masters"},"image":{"@id":"https:\/\/digitalworkflowmasters.com\/romana\/#\/schema\/logo\/image\/"},"sameAs":["https:\/\/www.facebook.com\/digitalworkflowmasters\/","https:\/\/www.instagram.com\/digitalworkflowmasters\/"]}]}},"_links":{"self":[{"href":"https:\/\/digitalworkflowmasters.com\/romana\/wp-json\/wp\/v2\/product\/6208","targetHints":{"allow":["GET"]}}],"collection":[{"href":"https:\/\/digitalworkflowmasters.com\/romana\/wp-json\/wp\/v2\/product"}],"about":[{"href":"https:\/\/digitalworkflowmasters.com\/romana\/wp-json\/wp\/v2\/types\/product"}],"version-history":[{"count":0,"href":"https:\/\/digitalworkflowmasters.com\/romana\/wp-json\/wp\/v2\/product\/6208\/revisions"}],"wp:featuredmedia":[{"embeddable":true,"href":"https:\/\/digitalworkflowmasters.com\/romana\/wp-json\/wp\/v2\/media\/32857"}],"wp:attachment":[{"href":"https:\/\/digitalworkflowmasters.com\/romana\/wp-json\/wp\/v2\/media?parent=6208"}],"wp:term":[{"taxonomy":"product_brand","embeddable":true,"href":"https:\/\/digitalworkflowmasters.com\/romana\/wp-json\/wp\/v2\/product_brand?post=6208"},{"taxonomy":"product_cat","embeddable":true,"href":"https:\/\/digitalworkflowmasters.com\/romana\/wp-json\/wp\/v2\/product_cat?post=6208"},{"taxonomy":"product_tag","embeddable":true,"href":"https:\/\/digitalworkflowmasters.com\/romana\/wp-json\/wp\/v2\/product_tag?post=6208"}],"curies":[{"name":"wp","href":"https:\/\/api.w.org\/{rel}","templated":true}]}}