{"id":6210,"date":"2025-03-26T08:33:24","date_gmt":"2025-03-26T08:33:24","guid":{"rendered":"https:\/\/digitalworkflowmasters.com\/?post_type=product&#038;p=6210"},"modified":"2025-08-29T11:56:02","modified_gmt":"2025-08-29T11:56:02","slug":"metasys-meta-air-250-light-compressor","status":"publish","type":"product","link":"https:\/\/digitalworkflowmasters.com\/romana\/shop\/metasys-meta-air-250-light-compressor\/","title":{"rendered":"Compresor Metasys META Air 250 Light"},"content":{"rendered":"<h3 data-start=\"291\" data-end=\"337\"><strong data-start=\"295\" data-end=\"335\">Compresor Metasys META Air 250 Light<\/strong><\/h3>\n<p data-start=\"338\" data-end=\"361\"><strong data-start=\"338\" data-end=\"359\">Garan\u021bie 36 luni!<\/strong><\/p>\n<ul data-start=\"362\" data-end=\"515\">\n<li data-start=\"362\" data-end=\"383\">\n<p data-start=\"364\" data-end=\"383\">Protec\u021bie termic\u0103<\/p>\n<\/li>\n<li data-start=\"384\" data-end=\"419\">\n<p data-start=\"386\" data-end=\"419\">Rezervor interior antibacterian<\/p>\n<\/li>\n<li data-start=\"420\" data-end=\"449\">\n<p data-start=\"422\" data-end=\"449\">Contor ore de func\u021bionare<\/p>\n<\/li>\n<li data-start=\"450\" data-end=\"475\">\n<p data-start=\"452\" data-end=\"475\">Nivel redus de zgomot<\/p>\n<\/li>\n<li data-start=\"476\" data-end=\"515\">\n<p data-start=\"478\" data-end=\"515\">F\u0103r\u0103 sisteme de uscare sau filtrare<\/p>\n<\/li>\n<\/ul>\n<p data-start=\"517\" data-end=\"938\">Compresorul stomatologic Metasys META Air 250 Light este un compresor profesional, ideal pentru utilizarea \u00een laboratoarele dentare sau \u00een cadrul uniturilor stomatologice. Datorit\u0103 designului s\u0103u compact \u0219i construc\u021biei robuste, acesta poate fi integrat cu u\u0219urin\u021b\u0103 \u00een orice configura\u021bie de echipamente dentare. \u00cen plus, func\u021bionarea sa silen\u021bioas\u0103 contribuie la un mediu de lucru lini\u0219tit \u0219i confortabil pentru pacien\u021bi.<\/p>\n<p data-start=\"940\" data-end=\"1209\">Acest compresor f\u0103r\u0103 ulei ofer\u0103 performan\u021be excelente \u0219i o calitate superioar\u0103 a aerului comprimat. Este u\u0219or de \u00eentre\u021binut \u0219i de cur\u0103\u021bat, asigur\u00e2nd \u00een permanen\u021b\u0103 func\u021bionarea optim\u0103 \u0219i furnizarea unui aer comprimat curat, esen\u021bial pentru orice procedur\u0103 stomatologic\u0103.<\/p>\n<p data-start=\"1211\" data-end=\"1524\">META Air 250 Light este un compresor pentru scaun stomatologic fiabil, cu o durat\u0103 lung\u0103 de via\u021b\u0103 \u0219i eficien\u021b\u0103 crescut\u0103. Este alegerea perfect\u0103 pentru cabinetele stomatologice care \u00ee\u0219i doresc un compresor silen\u021bios, u\u0219or de utilizat \u0219i capabil s\u0103 livreze aer de \u00eenalt\u0103 calitate pentru toate interven\u021biile dentare.<\/p>\n","protected":false},"excerpt":{"rendered":"<p>Compresor stomatologic profesional, f\u0103r\u0103 ulei, cu rezervor antibacterian \u0219i func\u021bionare silen\u021bioas\u0103 \u2013 ideal pentru unituri \u0219i scaune stomatologice.<\/p>\n","protected":false},"featured_media":32859,"template":"","meta":{"_acf_changed":false,"om_disable_all_campaigns":false},"product_brand":[],"product_cat":[142],"product_tag":[333,336,148,257,337,335,150],"class_list":{"0":"post-6210","1":"product","2":"type-product","3":"status-publish","4":"has-post-thumbnail","6":"product_cat-compresoare","7":"product_tag-dental-cabinet-accessories","8":"product_tag-dental-unit-air-compressors","9":"product_tag-gramm-air-compressors","10":"product_tag-medical-accessories","11":"product_tag-meta-air-250","12":"product_tag-metasys","13":"product_tag-oil-free-air-compressors","15":"first","16":"instock","17":"shipping-taxable","18":"purchasable","19":"product-type-simple"},"acf":[],"yoast_head":"<!-- This site is optimized with the Yoast SEO plugin v25.3 - https:\/\/yoast.com\/wordpress\/plugins\/seo\/ -->\n<title>Compresor Metasys META Air 250 Light - Digital Workflow Masters<\/title>\n<meta name=\"description\" content=\"Compresor stomatologic Metasys META Air 250 Light \u2013 f\u0103r\u0103 ulei, silen\u021bios, cu rezervor antibacterian. Ideal pentru unituri dentare \u0219i scaune stomatologice. Garan\u021bie 36 luni.\" \/>\n<meta name=\"robots\" content=\"index, follow, max-snippet:-1, max-image-preview:large, max-video-preview:-1\" \/>\n<link rel=\"canonical\" href=\"https:\/\/digitalworkflowmasters.com\/romana\/shop\/metasys-meta-air-250-light-compressor\/\" \/>\n<meta property=\"og:locale\" content=\"ro_RO\" \/>\n<meta property=\"og:type\" content=\"article\" \/>\n<meta property=\"og:title\" content=\"Compresor Metasys META Air 250 Light - Digital Workflow Masters\" \/>\n<meta property=\"og:description\" content=\"Compresor stomatologic Metasys META Air 250 Light \u2013 f\u0103r\u0103 ulei, silen\u021bios, cu rezervor antibacterian. Ideal pentru unituri dentare \u0219i scaune stomatologice. Garan\u021bie 36 luni.\" \/>\n<meta property=\"og:url\" content=\"https:\/\/digitalworkflowmasters.com\/romana\/shop\/metasys-meta-air-250-light-compressor\/\" \/>\n<meta property=\"og:site_name\" content=\"Digital Workflow Masters\" \/>\n<meta property=\"article:publisher\" content=\"https:\/\/www.facebook.com\/digitalworkflowmasters\/\" \/>\n<meta property=\"article:modified_time\" content=\"2025-08-29T11:56:02+00:00\" \/>\n<meta property=\"og:image\" content=\"https:\/\/digitalworkflowmasters.com\/romana\/wp-content\/uploads\/2025\/03\/meta-air-250-1.jpg\" \/>\n\t<meta property=\"og:image:width\" content=\"1300\" \/>\n\t<meta property=\"og:image:height\" content=\"868\" \/>\n\t<meta property=\"og:image:type\" content=\"image\/jpeg\" \/>\n<meta name=\"twitter:card\" content=\"summary_large_image\" \/>\n<meta name=\"twitter:label1\" content=\"Timp estimat pentru citire\" \/>\n\t<meta name=\"twitter:data1\" content=\"1 minut\" \/>\n<script type=\"application\/ld+json\" class=\"yoast-schema-graph\">{\"@context\":\"https:\/\/schema.org\",\"@graph\":[{\"@type\":\"WebPage\",\"@id\":\"https:\/\/digitalworkflowmasters.com\/romana\/shop\/metasys-meta-air-250-light-compressor\/\",\"url\":\"https:\/\/digitalworkflowmasters.com\/romana\/shop\/metasys-meta-air-250-light-compressor\/\",\"name\":\"Compresor Metasys META Air 250 Light - Digital Workflow Masters\",\"isPartOf\":{\"@id\":\"https:\/\/digitalworkflowmasters.com\/romana\/#website\"},\"primaryImageOfPage\":{\"@id\":\"https:\/\/digitalworkflowmasters.com\/romana\/shop\/metasys-meta-air-250-light-compressor\/#primaryimage\"},\"image\":{\"@id\":\"https:\/\/digitalworkflowmasters.com\/romana\/shop\/metasys-meta-air-250-light-compressor\/#primaryimage\"},\"thumbnailUrl\":\"https:\/\/digitalworkflowmasters.com\/romana\/wp-content\/uploads\/2025\/03\/meta-air-250-1.jpg\",\"datePublished\":\"2025-03-26T08:33:24+00:00\",\"dateModified\":\"2025-08-29T11:56:02+00:00\",\"description\":\"Compresor stomatologic Metasys META Air 250 Light \u2013 f\u0103r\u0103 ulei, silen\u021bios, cu rezervor antibacterian. Ideal pentru unituri dentare \u0219i scaune stomatologice. Garan\u021bie 36 luni.\",\"breadcrumb\":{\"@id\":\"https:\/\/digitalworkflowmasters.com\/romana\/shop\/metasys-meta-air-250-light-compressor\/#breadcrumb\"},\"inLanguage\":\"ro-RO\",\"potentialAction\":[{\"@type\":\"ReadAction\",\"target\":[\"https:\/\/digitalworkflowmasters.com\/romana\/shop\/metasys-meta-air-250-light-compressor\/\"]}]},{\"@type\":\"ImageObject\",\"inLanguage\":\"ro-RO\",\"@id\":\"https:\/\/digitalworkflowmasters.com\/romana\/shop\/metasys-meta-air-250-light-compressor\/#primaryimage\",\"url\":\"https:\/\/digitalworkflowmasters.com\/romana\/wp-content\/uploads\/2025\/03\/meta-air-250-1.jpg\",\"contentUrl\":\"https:\/\/digitalworkflowmasters.com\/romana\/wp-content\/uploads\/2025\/03\/meta-air-250-1.jpg\",\"width\":1300,\"height\":868},{\"@type\":\"BreadcrumbList\",\"@id\":\"https:\/\/digitalworkflowmasters.com\/romana\/shop\/metasys-meta-air-250-light-compressor\/#breadcrumb\",\"itemListElement\":[{\"@type\":\"ListItem\",\"position\":1,\"name\":\"Home\",\"item\":\"https:\/\/digitalworkflowmasters.com\/romana\/\"},{\"@type\":\"ListItem\",\"position\":2,\"name\":\"Products\",\"item\":\"https:\/\/digitalworkflowmasters.com\/romana\/shop\/\"},{\"@type\":\"ListItem\",\"position\":3,\"name\":\"Camera Tehnica\",\"item\":\"https:\/\/digitalworkflowmasters.com\/romana\/product-category\/camera-tehnica\/\"},{\"@type\":\"ListItem\",\"position\":4,\"name\":\"Compresoare\",\"item\":\"https:\/\/digitalworkflowmasters.com\/romana\/product-category\/camera-tehnica\/compresoare\/\"},{\"@type\":\"ListItem\",\"position\":5,\"name\":\"Compresor Metasys META Air 250 Light\"}]},{\"@type\":\"WebSite\",\"@id\":\"https:\/\/digitalworkflowmasters.com\/romana\/#website\",\"url\":\"https:\/\/digitalworkflowmasters.com\/romana\/\",\"name\":\"Digital Workflow Masters\",\"description\":\"Premium Dental Equipment\",\"publisher\":{\"@id\":\"https:\/\/digitalworkflowmasters.com\/romana\/#organization\"},\"potentialAction\":[{\"@type\":\"SearchAction\",\"target\":{\"@type\":\"EntryPoint\",\"urlTemplate\":\"https:\/\/digitalworkflowmasters.com\/romana\/?s={search_term_string}\"},\"query-input\":{\"@type\":\"PropertyValueSpecification\",\"valueRequired\":true,\"valueName\":\"search_term_string\"}}],\"inLanguage\":\"ro-RO\"},{\"@type\":\"Organization\",\"@id\":\"https:\/\/digitalworkflowmasters.com\/romana\/#organization\",\"name\":\"Digital Workflow Masters\",\"url\":\"https:\/\/digitalworkflowmasters.com\/romana\/\",\"logo\":{\"@type\":\"ImageObject\",\"inLanguage\":\"ro-RO\",\"@id\":\"https:\/\/digitalworkflowmasters.com\/romana\/#\/schema\/logo\/image\/\",\"url\":\"https:\/\/digitalworkflowmasters.com\/romana\/wp-content\/uploads\/2025\/08\/1.png\",\"contentUrl\":\"https:\/\/digitalworkflowmasters.com\/romana\/wp-content\/uploads\/2025\/08\/1.png\",\"width\":1080,\"height\":1080,\"caption\":\"Digital Workflow Masters\"},\"image\":{\"@id\":\"https:\/\/digitalworkflowmasters.com\/romana\/#\/schema\/logo\/image\/\"},\"sameAs\":[\"https:\/\/www.facebook.com\/digitalworkflowmasters\/\",\"https:\/\/www.instagram.com\/digitalworkflowmasters\/\"]}]}<\/script>\n<!-- \/ Yoast SEO plugin. -->","yoast_head_json":{"title":"Compresor Metasys META Air 250 Light - Digital Workflow Masters","description":"Compresor stomatologic Metasys META Air 250 Light \u2013 f\u0103r\u0103 ulei, silen\u021bios, cu rezervor antibacterian. Ideal pentru unituri dentare \u0219i scaune stomatologice. Garan\u021bie 36 luni.","robots":{"index":"index","follow":"follow","max-snippet":"max-snippet:-1","max-image-preview":"max-image-preview:large","max-video-preview":"max-video-preview:-1"},"canonical":"https:\/\/digitalworkflowmasters.com\/romana\/shop\/metasys-meta-air-250-light-compressor\/","og_locale":"ro_RO","og_type":"article","og_title":"Compresor Metasys META Air 250 Light - Digital Workflow Masters","og_description":"Compresor stomatologic Metasys META Air 250 Light \u2013 f\u0103r\u0103 ulei, silen\u021bios, cu rezervor antibacterian. Ideal pentru unituri dentare \u0219i scaune stomatologice. Garan\u021bie 36 luni.","og_url":"https:\/\/digitalworkflowmasters.com\/romana\/shop\/metasys-meta-air-250-light-compressor\/","og_site_name":"Digital Workflow Masters","article_publisher":"https:\/\/www.facebook.com\/digitalworkflowmasters\/","article_modified_time":"2025-08-29T11:56:02+00:00","og_image":[{"width":1300,"height":868,"url":"https:\/\/digitalworkflowmasters.com\/romana\/wp-content\/uploads\/2025\/03\/meta-air-250-1.jpg","type":"image\/jpeg"}],"twitter_card":"summary_large_image","twitter_misc":{"Timp estimat pentru citire":"1 minut"},"schema":{"@context":"https:\/\/schema.org","@graph":[{"@type":"WebPage","@id":"https:\/\/digitalworkflowmasters.com\/romana\/shop\/metasys-meta-air-250-light-compressor\/","url":"https:\/\/digitalworkflowmasters.com\/romana\/shop\/metasys-meta-air-250-light-compressor\/","name":"Compresor Metasys META Air 250 Light - Digital Workflow Masters","isPartOf":{"@id":"https:\/\/digitalworkflowmasters.com\/romana\/#website"},"primaryImageOfPage":{"@id":"https:\/\/digitalworkflowmasters.com\/romana\/shop\/metasys-meta-air-250-light-compressor\/#primaryimage"},"image":{"@id":"https:\/\/digitalworkflowmasters.com\/romana\/shop\/metasys-meta-air-250-light-compressor\/#primaryimage"},"thumbnailUrl":"https:\/\/digitalworkflowmasters.com\/romana\/wp-content\/uploads\/2025\/03\/meta-air-250-1.jpg","datePublished":"2025-03-26T08:33:24+00:00","dateModified":"2025-08-29T11:56:02+00:00","description":"Compresor stomatologic Metasys META Air 250 Light \u2013 f\u0103r\u0103 ulei, silen\u021bios, cu rezervor antibacterian. Ideal pentru unituri dentare \u0219i scaune stomatologice. Garan\u021bie 36 luni.","breadcrumb":{"@id":"https:\/\/digitalworkflowmasters.com\/romana\/shop\/metasys-meta-air-250-light-compressor\/#breadcrumb"},"inLanguage":"ro-RO","potentialAction":[{"@type":"ReadAction","target":["https:\/\/digitalworkflowmasters.com\/romana\/shop\/metasys-meta-air-250-light-compressor\/"]}]},{"@type":"ImageObject","inLanguage":"ro-RO","@id":"https:\/\/digitalworkflowmasters.com\/romana\/shop\/metasys-meta-air-250-light-compressor\/#primaryimage","url":"https:\/\/digitalworkflowmasters.com\/romana\/wp-content\/uploads\/2025\/03\/meta-air-250-1.jpg","contentUrl":"https:\/\/digitalworkflowmasters.com\/romana\/wp-content\/uploads\/2025\/03\/meta-air-250-1.jpg","width":1300,"height":868},{"@type":"BreadcrumbList","@id":"https:\/\/digitalworkflowmasters.com\/romana\/shop\/metasys-meta-air-250-light-compressor\/#breadcrumb","itemListElement":[{"@type":"ListItem","position":1,"name":"Home","item":"https:\/\/digitalworkflowmasters.com\/romana\/"},{"@type":"ListItem","position":2,"name":"Products","item":"https:\/\/digitalworkflowmasters.com\/romana\/shop\/"},{"@type":"ListItem","position":3,"name":"Camera Tehnica","item":"https:\/\/digitalworkflowmasters.com\/romana\/product-category\/camera-tehnica\/"},{"@type":"ListItem","position":4,"name":"Compresoare","item":"https:\/\/digitalworkflowmasters.com\/romana\/product-category\/camera-tehnica\/compresoare\/"},{"@type":"ListItem","position":5,"name":"Compresor Metasys META Air 250 Light"}]},{"@type":"WebSite","@id":"https:\/\/digitalworkflowmasters.com\/romana\/#website","url":"https:\/\/digitalworkflowmasters.com\/romana\/","name":"Digital Workflow Masters","description":"Premium Dental Equipment","publisher":{"@id":"https:\/\/digitalworkflowmasters.com\/romana\/#organization"},"potentialAction":[{"@type":"SearchAction","target":{"@type":"EntryPoint","urlTemplate":"https:\/\/digitalworkflowmasters.com\/romana\/?s={search_term_string}"},"query-input":{"@type":"PropertyValueSpecification","valueRequired":true,"valueName":"search_term_string"}}],"inLanguage":"ro-RO"},{"@type":"Organization","@id":"https:\/\/digitalworkflowmasters.com\/romana\/#organization","name":"Digital Workflow Masters","url":"https:\/\/digitalworkflowmasters.com\/romana\/","logo":{"@type":"ImageObject","inLanguage":"ro-RO","@id":"https:\/\/digitalworkflowmasters.com\/romana\/#\/schema\/logo\/image\/","url":"https:\/\/digitalworkflowmasters.com\/romana\/wp-content\/uploads\/2025\/08\/1.png","contentUrl":"https:\/\/digitalworkflowmasters.com\/romana\/wp-content\/uploads\/2025\/08\/1.png","width":1080,"height":1080,"caption":"Digital Workflow Masters"},"image":{"@id":"https:\/\/digitalworkflowmasters.com\/romana\/#\/schema\/logo\/image\/"},"sameAs":["https:\/\/www.facebook.com\/digitalworkflowmasters\/","https:\/\/www.instagram.com\/digitalworkflowmasters\/"]}]}},"_links":{"self":[{"href":"https:\/\/digitalworkflowmasters.com\/romana\/wp-json\/wp\/v2\/product\/6210","targetHints":{"allow":["GET"]}}],"collection":[{"href":"https:\/\/digitalworkflowmasters.com\/romana\/wp-json\/wp\/v2\/product"}],"about":[{"href":"https:\/\/digitalworkflowmasters.com\/romana\/wp-json\/wp\/v2\/types\/product"}],"version-history":[{"count":0,"href":"https:\/\/digitalworkflowmasters.com\/romana\/wp-json\/wp\/v2\/product\/6210\/revisions"}],"wp:featuredmedia":[{"embeddable":true,"href":"https:\/\/digitalworkflowmasters.com\/romana\/wp-json\/wp\/v2\/media\/32859"}],"wp:attachment":[{"href":"https:\/\/digitalworkflowmasters.com\/romana\/wp-json\/wp\/v2\/media?parent=6210"}],"wp:term":[{"taxonomy":"product_brand","embeddable":true,"href":"https:\/\/digitalworkflowmasters.com\/romana\/wp-json\/wp\/v2\/product_brand?post=6210"},{"taxonomy":"product_cat","embeddable":true,"href":"https:\/\/digitalworkflowmasters.com\/romana\/wp-json\/wp\/v2\/product_cat?post=6210"},{"taxonomy":"product_tag","embeddable":true,"href":"https:\/\/digitalworkflowmasters.com\/romana\/wp-json\/wp\/v2\/product_tag?post=6210"}],"curies":[{"name":"wp","href":"https:\/\/api.w.org\/{rel}","templated":true}]}}