{"id":6220,"date":"2025-03-26T08:33:25","date_gmt":"2025-03-26T08:33:25","guid":{"rendered":"https:\/\/digitalworkflowmasters.com\/?post_type=product&#038;p=6220"},"modified":"2025-08-29T11:48:51","modified_gmt":"2025-08-29T11:48:51","slug":"metasys-excom-hybrid-5","status":"publish","type":"product","link":"https:\/\/digitalworkflowmasters.com\/romana\/shop\/metasys-excom-hybrid-5\/","title":{"rendered":"Pompa umeda Metasys EXCOM hybrid 5"},"content":{"rendered":"<h3 data-start=\"208\" data-end=\"307\"><strong data-start=\"212\" data-end=\"307\">Pompa aspira\u021bie umed\u0103 centralizat\u0103 Metasys EXCOM hybrid 5 \u2013 Pentru 5-6 scaune stomatologice<\/strong><\/h3>\n<p data-start=\"309\" data-end=\"333\"><strong data-start=\"309\" data-end=\"333\">Garan\u021bie 36 de luni!<\/strong><\/p>\n<p data-start=\"335\" data-end=\"755\">Metasys EXCOM hybrid 5 este o <strong data-start=\"365\" data-end=\"390\">pompa aspira\u021bie umed\u0103<\/strong> de mare capacitate, destinat\u0103 cabinetelor sau clinicilor dentare care opereaz\u0103 cu p\u00e2n\u0103 la <strong data-start=\"481\" data-end=\"510\">5\u20136 unituri stomatologice<\/strong> simultan. Fiind un echipament profesional de ultim\u0103 genera\u021bie, aceast\u0103 <strong data-start=\"582\" data-end=\"603\">pompa unit dentar<\/strong> \u00eembin\u0103 performan\u021ba constant\u0103 cu fiabilitatea \u0219i eficien\u021ba energetic\u0103, fiind o alegere excelent\u0103 pentru fluxuri mari de pacien\u021bi \u0219i activitate continu\u0103.<\/p>\n<h3 data-start=\"757\" data-end=\"791\"><strong data-start=\"761\" data-end=\"791\">Caracteristici principale:<\/strong><\/h3>\n<ul data-start=\"792\" data-end=\"1131\">\n<li data-start=\"792\" data-end=\"839\">\n<p data-start=\"794\" data-end=\"839\">Potrivit\u0103 pentru 5\u20136 <strong data-start=\"815\" data-end=\"839\">scaune stomatologice<\/strong><\/p>\n<\/li>\n<li data-start=\"840\" data-end=\"892\">\n<p data-start=\"842\" data-end=\"892\">Tehnologie hibrid\u0103 de aspira\u021bie umed\u0103 centralizat\u0103<\/p>\n<\/li>\n<li data-start=\"893\" data-end=\"942\">\n<p data-start=\"895\" data-end=\"942\">Putere mare de aspirare \u0219i func\u021bionare continu\u0103<\/p>\n<\/li>\n<li data-start=\"943\" data-end=\"978\">\n<p data-start=\"945\" data-end=\"978\">Nivel redus de zgomot \u0219i vibra\u021bii<\/p>\n<\/li>\n<li data-start=\"979\" data-end=\"1028\">\n<p data-start=\"981\" data-end=\"1028\">Eficien\u021b\u0103 energetic\u0103 superioar\u0103 \u0219i durabilitate<\/p>\n<\/li>\n<li data-start=\"1029\" data-end=\"1097\">\n<p data-start=\"1031\" data-end=\"1097\"><strong data-start=\"1031\" data-end=\"1059\">Pompa scaun stomatologic<\/strong> ideal\u0103 pentru clinici dentare extinse<\/p>\n<\/li>\n<li data-start=\"1098\" data-end=\"1131\">\n<p data-start=\"1100\" data-end=\"1131\">Fabricat\u0103 \u00een Austria de Metasys<\/p>\n<\/li>\n<\/ul>\n","protected":false},"excerpt":{"rendered":"<p>Pompa de aspira\u021bie umed\u0103 Metasys EXCOM hybrid 5 este proiectat\u0103 pentru 5\u20136 scaune stomatologice. Ofer\u0103 performan\u021b\u0103 \u00eenalt\u0103, silen\u021biozitate \u0219i fiabilitate, ideal\u0103 pentru clinici mari. Garan\u021bie 36 luni.<\/p>\n","protected":false},"featured_media":32875,"template":"","meta":{"_acf_changed":false,"om_disable_all_campaigns":false},"product_brand":[],"product_cat":[338],"product_tag":[333,257,335,339,340],"class_list":{"0":"post-6220","1":"product","2":"type-product","3":"status-publish","4":"has-post-thumbnail","6":"product_cat-sisteme-de-aspiratie","7":"product_tag-dental-cabinet-accessories","8":"product_tag-medical-accessories","9":"product_tag-metasys","10":"product_tag-suction-pump","11":"product_tag-wet-suction","13":"first","14":"instock","15":"shipping-taxable","16":"purchasable","17":"product-type-simple"},"acf":[],"yoast_head":"<!-- This site is optimized with the Yoast SEO plugin v25.3 - https:\/\/yoast.com\/wordpress\/plugins\/seo\/ -->\n<title>Pompa umeda Metasys EXCOM hybrid 5 - Digital Workflow Masters<\/title>\n<meta name=\"description\" content=\"Pompa aspira\u021bie umed\u0103 Metasys EXCOM hybrid 5 \u2013 pentru 5\u20136 scaune stomatologice. Putere mare, eficien\u021b\u0103 \u0219i tehnologie hibrid\u0103. Pompa unit dentar ideal\u0103 pentru clinici. Garan\u021bie 36 luni.\" \/>\n<meta name=\"robots\" content=\"index, follow, max-snippet:-1, max-image-preview:large, max-video-preview:-1\" \/>\n<link rel=\"canonical\" href=\"https:\/\/digitalworkflowmasters.com\/romana\/shop\/metasys-excom-hybrid-5\/\" \/>\n<meta property=\"og:locale\" content=\"ro_RO\" \/>\n<meta property=\"og:type\" content=\"article\" \/>\n<meta property=\"og:title\" content=\"Pompa umeda Metasys EXCOM hybrid 5 - Digital Workflow Masters\" \/>\n<meta property=\"og:description\" content=\"Pompa aspira\u021bie umed\u0103 Metasys EXCOM hybrid 5 \u2013 pentru 5\u20136 scaune stomatologice. Putere mare, eficien\u021b\u0103 \u0219i tehnologie hibrid\u0103. Pompa unit dentar ideal\u0103 pentru clinici. Garan\u021bie 36 luni.\" \/>\n<meta property=\"og:url\" content=\"https:\/\/digitalworkflowmasters.com\/romana\/shop\/metasys-excom-hybrid-5\/\" \/>\n<meta property=\"og:site_name\" content=\"Digital Workflow Masters\" \/>\n<meta property=\"article:publisher\" content=\"https:\/\/www.facebook.com\/digitalworkflowmasters\/\" \/>\n<meta property=\"article:modified_time\" content=\"2025-08-29T11:48:51+00:00\" \/>\n<meta property=\"og:image\" content=\"https:\/\/digitalworkflowmasters.com\/romana\/wp-content\/uploads\/2025\/03\/hybrid5-1.jpg\" \/>\n\t<meta property=\"og:image:width\" content=\"800\" \/>\n\t<meta property=\"og:image:height\" content=\"800\" \/>\n\t<meta property=\"og:image:type\" content=\"image\/jpeg\" \/>\n<meta name=\"twitter:card\" content=\"summary_large_image\" \/>\n<meta name=\"twitter:label1\" content=\"Timp estimat pentru citire\" \/>\n\t<meta name=\"twitter:data1\" content=\"1 minut\" \/>\n<script type=\"application\/ld+json\" class=\"yoast-schema-graph\">{\"@context\":\"https:\/\/schema.org\",\"@graph\":[{\"@type\":\"WebPage\",\"@id\":\"https:\/\/digitalworkflowmasters.com\/romana\/shop\/metasys-excom-hybrid-5\/\",\"url\":\"https:\/\/digitalworkflowmasters.com\/romana\/shop\/metasys-excom-hybrid-5\/\",\"name\":\"Pompa umeda Metasys EXCOM hybrid 5 - Digital Workflow Masters\",\"isPartOf\":{\"@id\":\"https:\/\/digitalworkflowmasters.com\/romana\/#website\"},\"primaryImageOfPage\":{\"@id\":\"https:\/\/digitalworkflowmasters.com\/romana\/shop\/metasys-excom-hybrid-5\/#primaryimage\"},\"image\":{\"@id\":\"https:\/\/digitalworkflowmasters.com\/romana\/shop\/metasys-excom-hybrid-5\/#primaryimage\"},\"thumbnailUrl\":\"https:\/\/digitalworkflowmasters.com\/romana\/wp-content\/uploads\/2025\/03\/hybrid5-1.jpg\",\"datePublished\":\"2025-03-26T08:33:25+00:00\",\"dateModified\":\"2025-08-29T11:48:51+00:00\",\"description\":\"Pompa aspira\u021bie umed\u0103 Metasys EXCOM hybrid 5 \u2013 pentru 5\u20136 scaune stomatologice. Putere mare, eficien\u021b\u0103 \u0219i tehnologie hibrid\u0103. Pompa unit dentar ideal\u0103 pentru clinici. Garan\u021bie 36 luni.\",\"breadcrumb\":{\"@id\":\"https:\/\/digitalworkflowmasters.com\/romana\/shop\/metasys-excom-hybrid-5\/#breadcrumb\"},\"inLanguage\":\"ro-RO\",\"potentialAction\":[{\"@type\":\"ReadAction\",\"target\":[\"https:\/\/digitalworkflowmasters.com\/romana\/shop\/metasys-excom-hybrid-5\/\"]}]},{\"@type\":\"ImageObject\",\"inLanguage\":\"ro-RO\",\"@id\":\"https:\/\/digitalworkflowmasters.com\/romana\/shop\/metasys-excom-hybrid-5\/#primaryimage\",\"url\":\"https:\/\/digitalworkflowmasters.com\/romana\/wp-content\/uploads\/2025\/03\/hybrid5-1.jpg\",\"contentUrl\":\"https:\/\/digitalworkflowmasters.com\/romana\/wp-content\/uploads\/2025\/03\/hybrid5-1.jpg\",\"width\":800,\"height\":800},{\"@type\":\"BreadcrumbList\",\"@id\":\"https:\/\/digitalworkflowmasters.com\/romana\/shop\/metasys-excom-hybrid-5\/#breadcrumb\",\"itemListElement\":[{\"@type\":\"ListItem\",\"position\":1,\"name\":\"Home\",\"item\":\"https:\/\/digitalworkflowmasters.com\/romana\/\"},{\"@type\":\"ListItem\",\"position\":2,\"name\":\"Products\",\"item\":\"https:\/\/digitalworkflowmasters.com\/romana\/shop\/\"},{\"@type\":\"ListItem\",\"position\":3,\"name\":\"Camera Tehnica\",\"item\":\"https:\/\/digitalworkflowmasters.com\/romana\/product-category\/camera-tehnica\/\"},{\"@type\":\"ListItem\",\"position\":4,\"name\":\"Sisteme de aspiratie\",\"item\":\"https:\/\/digitalworkflowmasters.com\/romana\/product-category\/camera-tehnica\/sisteme-de-aspiratie\/\"},{\"@type\":\"ListItem\",\"position\":5,\"name\":\"Pompa umeda Metasys EXCOM hybrid 5\"}]},{\"@type\":\"WebSite\",\"@id\":\"https:\/\/digitalworkflowmasters.com\/romana\/#website\",\"url\":\"https:\/\/digitalworkflowmasters.com\/romana\/\",\"name\":\"Digital Workflow Masters\",\"description\":\"Premium Dental Equipment\",\"publisher\":{\"@id\":\"https:\/\/digitalworkflowmasters.com\/romana\/#organization\"},\"potentialAction\":[{\"@type\":\"SearchAction\",\"target\":{\"@type\":\"EntryPoint\",\"urlTemplate\":\"https:\/\/digitalworkflowmasters.com\/romana\/?s={search_term_string}\"},\"query-input\":{\"@type\":\"PropertyValueSpecification\",\"valueRequired\":true,\"valueName\":\"search_term_string\"}}],\"inLanguage\":\"ro-RO\"},{\"@type\":\"Organization\",\"@id\":\"https:\/\/digitalworkflowmasters.com\/romana\/#organization\",\"name\":\"Digital Workflow Masters\",\"url\":\"https:\/\/digitalworkflowmasters.com\/romana\/\",\"logo\":{\"@type\":\"ImageObject\",\"inLanguage\":\"ro-RO\",\"@id\":\"https:\/\/digitalworkflowmasters.com\/romana\/#\/schema\/logo\/image\/\",\"url\":\"https:\/\/digitalworkflowmasters.com\/romana\/wp-content\/uploads\/2025\/08\/1.png\",\"contentUrl\":\"https:\/\/digitalworkflowmasters.com\/romana\/wp-content\/uploads\/2025\/08\/1.png\",\"width\":1080,\"height\":1080,\"caption\":\"Digital Workflow Masters\"},\"image\":{\"@id\":\"https:\/\/digitalworkflowmasters.com\/romana\/#\/schema\/logo\/image\/\"},\"sameAs\":[\"https:\/\/www.facebook.com\/digitalworkflowmasters\/\",\"https:\/\/www.instagram.com\/digitalworkflowmasters\/\"]}]}<\/script>\n<!-- \/ Yoast SEO plugin. -->","yoast_head_json":{"title":"Pompa umeda Metasys EXCOM hybrid 5 - Digital Workflow Masters","description":"Pompa aspira\u021bie umed\u0103 Metasys EXCOM hybrid 5 \u2013 pentru 5\u20136 scaune stomatologice. Putere mare, eficien\u021b\u0103 \u0219i tehnologie hibrid\u0103. Pompa unit dentar ideal\u0103 pentru clinici. Garan\u021bie 36 luni.","robots":{"index":"index","follow":"follow","max-snippet":"max-snippet:-1","max-image-preview":"max-image-preview:large","max-video-preview":"max-video-preview:-1"},"canonical":"https:\/\/digitalworkflowmasters.com\/romana\/shop\/metasys-excom-hybrid-5\/","og_locale":"ro_RO","og_type":"article","og_title":"Pompa umeda Metasys EXCOM hybrid 5 - Digital Workflow Masters","og_description":"Pompa aspira\u021bie umed\u0103 Metasys EXCOM hybrid 5 \u2013 pentru 5\u20136 scaune stomatologice. Putere mare, eficien\u021b\u0103 \u0219i tehnologie hibrid\u0103. Pompa unit dentar ideal\u0103 pentru clinici. Garan\u021bie 36 luni.","og_url":"https:\/\/digitalworkflowmasters.com\/romana\/shop\/metasys-excom-hybrid-5\/","og_site_name":"Digital Workflow Masters","article_publisher":"https:\/\/www.facebook.com\/digitalworkflowmasters\/","article_modified_time":"2025-08-29T11:48:51+00:00","og_image":[{"width":800,"height":800,"url":"https:\/\/digitalworkflowmasters.com\/romana\/wp-content\/uploads\/2025\/03\/hybrid5-1.jpg","type":"image\/jpeg"}],"twitter_card":"summary_large_image","twitter_misc":{"Timp estimat pentru citire":"1 minut"},"schema":{"@context":"https:\/\/schema.org","@graph":[{"@type":"WebPage","@id":"https:\/\/digitalworkflowmasters.com\/romana\/shop\/metasys-excom-hybrid-5\/","url":"https:\/\/digitalworkflowmasters.com\/romana\/shop\/metasys-excom-hybrid-5\/","name":"Pompa umeda Metasys EXCOM hybrid 5 - Digital Workflow Masters","isPartOf":{"@id":"https:\/\/digitalworkflowmasters.com\/romana\/#website"},"primaryImageOfPage":{"@id":"https:\/\/digitalworkflowmasters.com\/romana\/shop\/metasys-excom-hybrid-5\/#primaryimage"},"image":{"@id":"https:\/\/digitalworkflowmasters.com\/romana\/shop\/metasys-excom-hybrid-5\/#primaryimage"},"thumbnailUrl":"https:\/\/digitalworkflowmasters.com\/romana\/wp-content\/uploads\/2025\/03\/hybrid5-1.jpg","datePublished":"2025-03-26T08:33:25+00:00","dateModified":"2025-08-29T11:48:51+00:00","description":"Pompa aspira\u021bie umed\u0103 Metasys EXCOM hybrid 5 \u2013 pentru 5\u20136 scaune stomatologice. Putere mare, eficien\u021b\u0103 \u0219i tehnologie hibrid\u0103. Pompa unit dentar ideal\u0103 pentru clinici. Garan\u021bie 36 luni.","breadcrumb":{"@id":"https:\/\/digitalworkflowmasters.com\/romana\/shop\/metasys-excom-hybrid-5\/#breadcrumb"},"inLanguage":"ro-RO","potentialAction":[{"@type":"ReadAction","target":["https:\/\/digitalworkflowmasters.com\/romana\/shop\/metasys-excom-hybrid-5\/"]}]},{"@type":"ImageObject","inLanguage":"ro-RO","@id":"https:\/\/digitalworkflowmasters.com\/romana\/shop\/metasys-excom-hybrid-5\/#primaryimage","url":"https:\/\/digitalworkflowmasters.com\/romana\/wp-content\/uploads\/2025\/03\/hybrid5-1.jpg","contentUrl":"https:\/\/digitalworkflowmasters.com\/romana\/wp-content\/uploads\/2025\/03\/hybrid5-1.jpg","width":800,"height":800},{"@type":"BreadcrumbList","@id":"https:\/\/digitalworkflowmasters.com\/romana\/shop\/metasys-excom-hybrid-5\/#breadcrumb","itemListElement":[{"@type":"ListItem","position":1,"name":"Home","item":"https:\/\/digitalworkflowmasters.com\/romana\/"},{"@type":"ListItem","position":2,"name":"Products","item":"https:\/\/digitalworkflowmasters.com\/romana\/shop\/"},{"@type":"ListItem","position":3,"name":"Camera Tehnica","item":"https:\/\/digitalworkflowmasters.com\/romana\/product-category\/camera-tehnica\/"},{"@type":"ListItem","position":4,"name":"Sisteme de aspiratie","item":"https:\/\/digitalworkflowmasters.com\/romana\/product-category\/camera-tehnica\/sisteme-de-aspiratie\/"},{"@type":"ListItem","position":5,"name":"Pompa umeda Metasys EXCOM hybrid 5"}]},{"@type":"WebSite","@id":"https:\/\/digitalworkflowmasters.com\/romana\/#website","url":"https:\/\/digitalworkflowmasters.com\/romana\/","name":"Digital Workflow Masters","description":"Premium Dental Equipment","publisher":{"@id":"https:\/\/digitalworkflowmasters.com\/romana\/#organization"},"potentialAction":[{"@type":"SearchAction","target":{"@type":"EntryPoint","urlTemplate":"https:\/\/digitalworkflowmasters.com\/romana\/?s={search_term_string}"},"query-input":{"@type":"PropertyValueSpecification","valueRequired":true,"valueName":"search_term_string"}}],"inLanguage":"ro-RO"},{"@type":"Organization","@id":"https:\/\/digitalworkflowmasters.com\/romana\/#organization","name":"Digital Workflow Masters","url":"https:\/\/digitalworkflowmasters.com\/romana\/","logo":{"@type":"ImageObject","inLanguage":"ro-RO","@id":"https:\/\/digitalworkflowmasters.com\/romana\/#\/schema\/logo\/image\/","url":"https:\/\/digitalworkflowmasters.com\/romana\/wp-content\/uploads\/2025\/08\/1.png","contentUrl":"https:\/\/digitalworkflowmasters.com\/romana\/wp-content\/uploads\/2025\/08\/1.png","width":1080,"height":1080,"caption":"Digital Workflow Masters"},"image":{"@id":"https:\/\/digitalworkflowmasters.com\/romana\/#\/schema\/logo\/image\/"},"sameAs":["https:\/\/www.facebook.com\/digitalworkflowmasters\/","https:\/\/www.instagram.com\/digitalworkflowmasters\/"]}]}},"_links":{"self":[{"href":"https:\/\/digitalworkflowmasters.com\/romana\/wp-json\/wp\/v2\/product\/6220","targetHints":{"allow":["GET"]}}],"collection":[{"href":"https:\/\/digitalworkflowmasters.com\/romana\/wp-json\/wp\/v2\/product"}],"about":[{"href":"https:\/\/digitalworkflowmasters.com\/romana\/wp-json\/wp\/v2\/types\/product"}],"version-history":[{"count":0,"href":"https:\/\/digitalworkflowmasters.com\/romana\/wp-json\/wp\/v2\/product\/6220\/revisions"}],"wp:featuredmedia":[{"embeddable":true,"href":"https:\/\/digitalworkflowmasters.com\/romana\/wp-json\/wp\/v2\/media\/32875"}],"wp:attachment":[{"href":"https:\/\/digitalworkflowmasters.com\/romana\/wp-json\/wp\/v2\/media?parent=6220"}],"wp:term":[{"taxonomy":"product_brand","embeddable":true,"href":"https:\/\/digitalworkflowmasters.com\/romana\/wp-json\/wp\/v2\/product_brand?post=6220"},{"taxonomy":"product_cat","embeddable":true,"href":"https:\/\/digitalworkflowmasters.com\/romana\/wp-json\/wp\/v2\/product_cat?post=6220"},{"taxonomy":"product_tag","embeddable":true,"href":"https:\/\/digitalworkflowmasters.com\/romana\/wp-json\/wp\/v2\/product_tag?post=6220"}],"curies":[{"name":"wp","href":"https:\/\/api.w.org\/{rel}","templated":true}]}}