{"id":6222,"date":"2025-03-26T08:33:25","date_gmt":"2025-03-26T08:33:25","guid":{"rendered":"https:\/\/digitalworkflowmasters.com\/?post_type=product&#038;p=6222"},"modified":"2025-08-29T11:49:18","modified_gmt":"2025-08-29T11:49:18","slug":"metasys-excom-hybrid-a2-eco-ii-d","status":"publish","type":"product","link":"https:\/\/digitalworkflowmasters.com\/romana\/shop\/metasys-excom-hybrid-a2-eco-ii-d\/","title":{"rendered":"Pompa umeda Metasys EXCOM hybrid A2 &#8211; ECO II D"},"content":{"rendered":"<h3 data-start=\"250\" data-end=\"359\"><strong data-start=\"254\" data-end=\"359\">Pompa aspira\u021bie umed\u0103 centralizat\u0103 Metasys EXCOM hybrid A2 \u2013 ECO II D \u2013 Pentru 2 scaune stomatologice<\/strong><\/h3>\n<p data-start=\"361\" data-end=\"385\"><strong data-start=\"361\" data-end=\"385\">Garan\u021bie 36 de luni!<\/strong><\/p>\n<p data-start=\"387\" data-end=\"829\">Metasys EXCOM hybrid A2 \u2013 ECO II D este o <strong data-start=\"429\" data-end=\"454\">pompa aspira\u021bie umed\u0103<\/strong> de nou\u0103 genera\u021bie, destinat\u0103 deservirii a p\u00e2n\u0103 la <strong data-start=\"505\" data-end=\"526\">2-3 unituri dentare<\/strong>. Aceast\u0103 <strong data-start=\"536\" data-end=\"557\">pompa unit dentar<\/strong> se remarc\u0103 prin eficien\u021b\u0103 energetic\u0103 superioar\u0103, func\u021bionare silen\u021bioas\u0103 \u0219i fiabilitate ridicat\u0103 \u2013 caracteristici esen\u021biale pentru cabinetele stomatologice moderne. Sistemul ECO II D contribuie la protejarea mediului, reduc\u00e2nd consumul de resurse \u0219i costurile de operare.<\/p>\n<h3 data-start=\"831\" data-end=\"865\"><strong data-start=\"835\" data-end=\"865\">Caracteristici principale:<\/strong><\/h3>\n<ul data-start=\"866\" data-end=\"1173\">\n<li data-start=\"866\" data-end=\"908\">\n<p data-start=\"868\" data-end=\"908\">Ideal\u0103 pentru 2-3 <strong data-start=\"884\" data-end=\"908\">scaune stomatologice<\/strong><\/p>\n<\/li>\n<li data-start=\"909\" data-end=\"957\">\n<p data-start=\"911\" data-end=\"957\">Tehnologie hibrid\u0103 cu sistem ECO II D integrat<\/p>\n<\/li>\n<li data-start=\"958\" data-end=\"1022\">\n<p data-start=\"960\" data-end=\"1022\"><strong data-start=\"960\" data-end=\"985\">Pompa aspira\u021bie umed\u0103<\/strong> cu randament ridicat \u0219i zgomot redus<\/p>\n<\/li>\n<li data-start=\"1023\" data-end=\"1055\">\n<p data-start=\"1025\" data-end=\"1055\">Consum redus de energie \u0219i ap\u0103<\/p>\n<\/li>\n<li data-start=\"1056\" data-end=\"1120\">\n<p data-start=\"1058\" data-end=\"1120\">Proiectat\u0103 pentru utilizare continu\u0103 \u00een cabinete stomatologice<\/p>\n<\/li>\n<li data-start=\"1121\" data-end=\"1173\">\n<p data-start=\"1123\" data-end=\"1173\"><strong data-start=\"1123\" data-end=\"1144\">Pompa unit dentar<\/strong> produs\u0103 de Metasys \u2013 Austria<\/p>\n<\/li>\n<\/ul>\n","protected":false},"excerpt":{"rendered":"<p data-start=\"1206\" data-end=\"1421\">Pompa Metasys EXCOM hybrid A2 \u2013 ECO II D ofer\u0103 aspira\u021bie umed\u0103 eficient\u0103 pentru 2 scaune stomatologice. Echipat\u0103 cu tehnologie ECO, este ideal\u0103 pentru cabinetele care caut\u0103 fiabilitate \u0219i economie. Garan\u021bie 36 luni.<\/p>\n","protected":false},"featured_media":32877,"template":"","meta":{"_acf_changed":false,"om_disable_all_campaigns":false},"product_brand":[],"product_cat":[338],"product_tag":[333,257,335,339,340],"class_list":{"0":"post-6222","1":"product","2":"type-product","3":"status-publish","4":"has-post-thumbnail","6":"product_cat-sisteme-de-aspiratie","7":"product_tag-dental-cabinet-accessories","8":"product_tag-medical-accessories","9":"product_tag-metasys","10":"product_tag-suction-pump","11":"product_tag-wet-suction","13":"first","14":"instock","15":"shipping-taxable","16":"purchasable","17":"product-type-simple"},"acf":[],"yoast_head":"<!-- This site is optimized with the Yoast SEO plugin v25.3 - https:\/\/yoast.com\/wordpress\/plugins\/seo\/ -->\n<title>Pompa umeda Metasys EXCOM hybrid A2 - ECO II D - Digital Workflow Masters<\/title>\n<meta name=\"description\" content=\"Pompa aspira\u021bie umed\u0103 Metasys EXCOM A2 \u2013 ECO II D pentru 2 unituri dentare. Tehnologie ECO, performan\u021b\u0103 hibrid\u0103, consum redus. Pompa unit dentar silen\u021bioas\u0103 \u0219i eficient\u0103, garan\u021bie 36 luni.\" \/>\n<meta name=\"robots\" content=\"index, follow, max-snippet:-1, max-image-preview:large, max-video-preview:-1\" \/>\n<link rel=\"canonical\" href=\"https:\/\/digitalworkflowmasters.com\/romana\/shop\/metasys-excom-hybrid-a2-eco-ii-d\/\" \/>\n<meta property=\"og:locale\" content=\"ro_RO\" \/>\n<meta property=\"og:type\" content=\"article\" \/>\n<meta property=\"og:title\" content=\"Pompa umeda Metasys EXCOM hybrid A2 - ECO II D - Digital Workflow Masters\" \/>\n<meta property=\"og:description\" content=\"Pompa aspira\u021bie umed\u0103 Metasys EXCOM A2 \u2013 ECO II D pentru 2 unituri dentare. Tehnologie ECO, performan\u021b\u0103 hibrid\u0103, consum redus. Pompa unit dentar silen\u021bioas\u0103 \u0219i eficient\u0103, garan\u021bie 36 luni.\" \/>\n<meta property=\"og:url\" content=\"https:\/\/digitalworkflowmasters.com\/romana\/shop\/metasys-excom-hybrid-a2-eco-ii-d\/\" \/>\n<meta property=\"og:site_name\" content=\"Digital Workflow Masters\" \/>\n<meta property=\"article:publisher\" content=\"https:\/\/www.facebook.com\/digitalworkflowmasters\/\" \/>\n<meta property=\"article:modified_time\" content=\"2025-08-29T11:49:18+00:00\" \/>\n<meta property=\"og:image\" content=\"https:\/\/digitalworkflowmasters.com\/romana\/wp-content\/uploads\/2025\/03\/white-hybrid-a5-1.jpg\" \/>\n\t<meta property=\"og:image:width\" content=\"550\" \/>\n\t<meta property=\"og:image:height\" content=\"549\" \/>\n\t<meta property=\"og:image:type\" content=\"image\/jpeg\" \/>\n<meta name=\"twitter:card\" content=\"summary_large_image\" \/>\n<meta name=\"twitter:label1\" content=\"Timp estimat pentru citire\" \/>\n\t<meta name=\"twitter:data1\" content=\"1 minut\" \/>\n<script type=\"application\/ld+json\" class=\"yoast-schema-graph\">{\"@context\":\"https:\/\/schema.org\",\"@graph\":[{\"@type\":\"WebPage\",\"@id\":\"https:\/\/digitalworkflowmasters.com\/romana\/shop\/metasys-excom-hybrid-a2-eco-ii-d\/\",\"url\":\"https:\/\/digitalworkflowmasters.com\/romana\/shop\/metasys-excom-hybrid-a2-eco-ii-d\/\",\"name\":\"Pompa umeda Metasys EXCOM hybrid A2 - ECO II D - Digital Workflow Masters\",\"isPartOf\":{\"@id\":\"https:\/\/digitalworkflowmasters.com\/romana\/#website\"},\"primaryImageOfPage\":{\"@id\":\"https:\/\/digitalworkflowmasters.com\/romana\/shop\/metasys-excom-hybrid-a2-eco-ii-d\/#primaryimage\"},\"image\":{\"@id\":\"https:\/\/digitalworkflowmasters.com\/romana\/shop\/metasys-excom-hybrid-a2-eco-ii-d\/#primaryimage\"},\"thumbnailUrl\":\"https:\/\/digitalworkflowmasters.com\/romana\/wp-content\/uploads\/2025\/03\/white-hybrid-a5-1.jpg\",\"datePublished\":\"2025-03-26T08:33:25+00:00\",\"dateModified\":\"2025-08-29T11:49:18+00:00\",\"description\":\"Pompa aspira\u021bie umed\u0103 Metasys EXCOM A2 \u2013 ECO II D pentru 2 unituri dentare. Tehnologie ECO, performan\u021b\u0103 hibrid\u0103, consum redus. Pompa unit dentar silen\u021bioas\u0103 \u0219i eficient\u0103, garan\u021bie 36 luni.\",\"breadcrumb\":{\"@id\":\"https:\/\/digitalworkflowmasters.com\/romana\/shop\/metasys-excom-hybrid-a2-eco-ii-d\/#breadcrumb\"},\"inLanguage\":\"ro-RO\",\"potentialAction\":[{\"@type\":\"ReadAction\",\"target\":[\"https:\/\/digitalworkflowmasters.com\/romana\/shop\/metasys-excom-hybrid-a2-eco-ii-d\/\"]}]},{\"@type\":\"ImageObject\",\"inLanguage\":\"ro-RO\",\"@id\":\"https:\/\/digitalworkflowmasters.com\/romana\/shop\/metasys-excom-hybrid-a2-eco-ii-d\/#primaryimage\",\"url\":\"https:\/\/digitalworkflowmasters.com\/romana\/wp-content\/uploads\/2025\/03\/white-hybrid-a5-1.jpg\",\"contentUrl\":\"https:\/\/digitalworkflowmasters.com\/romana\/wp-content\/uploads\/2025\/03\/white-hybrid-a5-1.jpg\",\"width\":550,\"height\":549},{\"@type\":\"BreadcrumbList\",\"@id\":\"https:\/\/digitalworkflowmasters.com\/romana\/shop\/metasys-excom-hybrid-a2-eco-ii-d\/#breadcrumb\",\"itemListElement\":[{\"@type\":\"ListItem\",\"position\":1,\"name\":\"Home\",\"item\":\"https:\/\/digitalworkflowmasters.com\/romana\/\"},{\"@type\":\"ListItem\",\"position\":2,\"name\":\"Products\",\"item\":\"https:\/\/digitalworkflowmasters.com\/romana\/shop\/\"},{\"@type\":\"ListItem\",\"position\":3,\"name\":\"Camera Tehnica\",\"item\":\"https:\/\/digitalworkflowmasters.com\/romana\/product-category\/camera-tehnica\/\"},{\"@type\":\"ListItem\",\"position\":4,\"name\":\"Sisteme de aspiratie\",\"item\":\"https:\/\/digitalworkflowmasters.com\/romana\/product-category\/camera-tehnica\/sisteme-de-aspiratie\/\"},{\"@type\":\"ListItem\",\"position\":5,\"name\":\"Pompa umeda Metasys EXCOM hybrid A2 &#8211; ECO II D\"}]},{\"@type\":\"WebSite\",\"@id\":\"https:\/\/digitalworkflowmasters.com\/romana\/#website\",\"url\":\"https:\/\/digitalworkflowmasters.com\/romana\/\",\"name\":\"Digital Workflow Masters\",\"description\":\"Premium Dental Equipment\",\"publisher\":{\"@id\":\"https:\/\/digitalworkflowmasters.com\/romana\/#organization\"},\"potentialAction\":[{\"@type\":\"SearchAction\",\"target\":{\"@type\":\"EntryPoint\",\"urlTemplate\":\"https:\/\/digitalworkflowmasters.com\/romana\/?s={search_term_string}\"},\"query-input\":{\"@type\":\"PropertyValueSpecification\",\"valueRequired\":true,\"valueName\":\"search_term_string\"}}],\"inLanguage\":\"ro-RO\"},{\"@type\":\"Organization\",\"@id\":\"https:\/\/digitalworkflowmasters.com\/romana\/#organization\",\"name\":\"Digital Workflow Masters\",\"url\":\"https:\/\/digitalworkflowmasters.com\/romana\/\",\"logo\":{\"@type\":\"ImageObject\",\"inLanguage\":\"ro-RO\",\"@id\":\"https:\/\/digitalworkflowmasters.com\/romana\/#\/schema\/logo\/image\/\",\"url\":\"https:\/\/digitalworkflowmasters.com\/romana\/wp-content\/uploads\/2025\/08\/1.png\",\"contentUrl\":\"https:\/\/digitalworkflowmasters.com\/romana\/wp-content\/uploads\/2025\/08\/1.png\",\"width\":1080,\"height\":1080,\"caption\":\"Digital Workflow Masters\"},\"image\":{\"@id\":\"https:\/\/digitalworkflowmasters.com\/romana\/#\/schema\/logo\/image\/\"},\"sameAs\":[\"https:\/\/www.facebook.com\/digitalworkflowmasters\/\",\"https:\/\/www.instagram.com\/digitalworkflowmasters\/\"]}]}<\/script>\n<!-- \/ Yoast SEO plugin. -->","yoast_head_json":{"title":"Pompa umeda Metasys EXCOM hybrid A2 - ECO II D - Digital Workflow Masters","description":"Pompa aspira\u021bie umed\u0103 Metasys EXCOM A2 \u2013 ECO II D pentru 2 unituri dentare. Tehnologie ECO, performan\u021b\u0103 hibrid\u0103, consum redus. Pompa unit dentar silen\u021bioas\u0103 \u0219i eficient\u0103, garan\u021bie 36 luni.","robots":{"index":"index","follow":"follow","max-snippet":"max-snippet:-1","max-image-preview":"max-image-preview:large","max-video-preview":"max-video-preview:-1"},"canonical":"https:\/\/digitalworkflowmasters.com\/romana\/shop\/metasys-excom-hybrid-a2-eco-ii-d\/","og_locale":"ro_RO","og_type":"article","og_title":"Pompa umeda Metasys EXCOM hybrid A2 - ECO II D - Digital Workflow Masters","og_description":"Pompa aspira\u021bie umed\u0103 Metasys EXCOM A2 \u2013 ECO II D pentru 2 unituri dentare. Tehnologie ECO, performan\u021b\u0103 hibrid\u0103, consum redus. Pompa unit dentar silen\u021bioas\u0103 \u0219i eficient\u0103, garan\u021bie 36 luni.","og_url":"https:\/\/digitalworkflowmasters.com\/romana\/shop\/metasys-excom-hybrid-a2-eco-ii-d\/","og_site_name":"Digital Workflow Masters","article_publisher":"https:\/\/www.facebook.com\/digitalworkflowmasters\/","article_modified_time":"2025-08-29T11:49:18+00:00","og_image":[{"width":550,"height":549,"url":"https:\/\/digitalworkflowmasters.com\/romana\/wp-content\/uploads\/2025\/03\/white-hybrid-a5-1.jpg","type":"image\/jpeg"}],"twitter_card":"summary_large_image","twitter_misc":{"Timp estimat pentru citire":"1 minut"},"schema":{"@context":"https:\/\/schema.org","@graph":[{"@type":"WebPage","@id":"https:\/\/digitalworkflowmasters.com\/romana\/shop\/metasys-excom-hybrid-a2-eco-ii-d\/","url":"https:\/\/digitalworkflowmasters.com\/romana\/shop\/metasys-excom-hybrid-a2-eco-ii-d\/","name":"Pompa umeda Metasys EXCOM hybrid A2 - ECO II D - Digital Workflow Masters","isPartOf":{"@id":"https:\/\/digitalworkflowmasters.com\/romana\/#website"},"primaryImageOfPage":{"@id":"https:\/\/digitalworkflowmasters.com\/romana\/shop\/metasys-excom-hybrid-a2-eco-ii-d\/#primaryimage"},"image":{"@id":"https:\/\/digitalworkflowmasters.com\/romana\/shop\/metasys-excom-hybrid-a2-eco-ii-d\/#primaryimage"},"thumbnailUrl":"https:\/\/digitalworkflowmasters.com\/romana\/wp-content\/uploads\/2025\/03\/white-hybrid-a5-1.jpg","datePublished":"2025-03-26T08:33:25+00:00","dateModified":"2025-08-29T11:49:18+00:00","description":"Pompa aspira\u021bie umed\u0103 Metasys EXCOM A2 \u2013 ECO II D pentru 2 unituri dentare. Tehnologie ECO, performan\u021b\u0103 hibrid\u0103, consum redus. Pompa unit dentar silen\u021bioas\u0103 \u0219i eficient\u0103, garan\u021bie 36 luni.","breadcrumb":{"@id":"https:\/\/digitalworkflowmasters.com\/romana\/shop\/metasys-excom-hybrid-a2-eco-ii-d\/#breadcrumb"},"inLanguage":"ro-RO","potentialAction":[{"@type":"ReadAction","target":["https:\/\/digitalworkflowmasters.com\/romana\/shop\/metasys-excom-hybrid-a2-eco-ii-d\/"]}]},{"@type":"ImageObject","inLanguage":"ro-RO","@id":"https:\/\/digitalworkflowmasters.com\/romana\/shop\/metasys-excom-hybrid-a2-eco-ii-d\/#primaryimage","url":"https:\/\/digitalworkflowmasters.com\/romana\/wp-content\/uploads\/2025\/03\/white-hybrid-a5-1.jpg","contentUrl":"https:\/\/digitalworkflowmasters.com\/romana\/wp-content\/uploads\/2025\/03\/white-hybrid-a5-1.jpg","width":550,"height":549},{"@type":"BreadcrumbList","@id":"https:\/\/digitalworkflowmasters.com\/romana\/shop\/metasys-excom-hybrid-a2-eco-ii-d\/#breadcrumb","itemListElement":[{"@type":"ListItem","position":1,"name":"Home","item":"https:\/\/digitalworkflowmasters.com\/romana\/"},{"@type":"ListItem","position":2,"name":"Products","item":"https:\/\/digitalworkflowmasters.com\/romana\/shop\/"},{"@type":"ListItem","position":3,"name":"Camera Tehnica","item":"https:\/\/digitalworkflowmasters.com\/romana\/product-category\/camera-tehnica\/"},{"@type":"ListItem","position":4,"name":"Sisteme de aspiratie","item":"https:\/\/digitalworkflowmasters.com\/romana\/product-category\/camera-tehnica\/sisteme-de-aspiratie\/"},{"@type":"ListItem","position":5,"name":"Pompa umeda Metasys EXCOM hybrid A2 &#8211; ECO II D"}]},{"@type":"WebSite","@id":"https:\/\/digitalworkflowmasters.com\/romana\/#website","url":"https:\/\/digitalworkflowmasters.com\/romana\/","name":"Digital Workflow Masters","description":"Premium Dental Equipment","publisher":{"@id":"https:\/\/digitalworkflowmasters.com\/romana\/#organization"},"potentialAction":[{"@type":"SearchAction","target":{"@type":"EntryPoint","urlTemplate":"https:\/\/digitalworkflowmasters.com\/romana\/?s={search_term_string}"},"query-input":{"@type":"PropertyValueSpecification","valueRequired":true,"valueName":"search_term_string"}}],"inLanguage":"ro-RO"},{"@type":"Organization","@id":"https:\/\/digitalworkflowmasters.com\/romana\/#organization","name":"Digital Workflow Masters","url":"https:\/\/digitalworkflowmasters.com\/romana\/","logo":{"@type":"ImageObject","inLanguage":"ro-RO","@id":"https:\/\/digitalworkflowmasters.com\/romana\/#\/schema\/logo\/image\/","url":"https:\/\/digitalworkflowmasters.com\/romana\/wp-content\/uploads\/2025\/08\/1.png","contentUrl":"https:\/\/digitalworkflowmasters.com\/romana\/wp-content\/uploads\/2025\/08\/1.png","width":1080,"height":1080,"caption":"Digital Workflow Masters"},"image":{"@id":"https:\/\/digitalworkflowmasters.com\/romana\/#\/schema\/logo\/image\/"},"sameAs":["https:\/\/www.facebook.com\/digitalworkflowmasters\/","https:\/\/www.instagram.com\/digitalworkflowmasters\/"]}]}},"_links":{"self":[{"href":"https:\/\/digitalworkflowmasters.com\/romana\/wp-json\/wp\/v2\/product\/6222","targetHints":{"allow":["GET"]}}],"collection":[{"href":"https:\/\/digitalworkflowmasters.com\/romana\/wp-json\/wp\/v2\/product"}],"about":[{"href":"https:\/\/digitalworkflowmasters.com\/romana\/wp-json\/wp\/v2\/types\/product"}],"version-history":[{"count":0,"href":"https:\/\/digitalworkflowmasters.com\/romana\/wp-json\/wp\/v2\/product\/6222\/revisions"}],"wp:featuredmedia":[{"embeddable":true,"href":"https:\/\/digitalworkflowmasters.com\/romana\/wp-json\/wp\/v2\/media\/32877"}],"wp:attachment":[{"href":"https:\/\/digitalworkflowmasters.com\/romana\/wp-json\/wp\/v2\/media?parent=6222"}],"wp:term":[{"taxonomy":"product_brand","embeddable":true,"href":"https:\/\/digitalworkflowmasters.com\/romana\/wp-json\/wp\/v2\/product_brand?post=6222"},{"taxonomy":"product_cat","embeddable":true,"href":"https:\/\/digitalworkflowmasters.com\/romana\/wp-json\/wp\/v2\/product_cat?post=6222"},{"taxonomy":"product_tag","embeddable":true,"href":"https:\/\/digitalworkflowmasters.com\/romana\/wp-json\/wp\/v2\/product_tag?post=6222"}],"curies":[{"name":"wp","href":"https:\/\/api.w.org\/{rel}","templated":true}]}}