{"id":8200,"date":"2025-03-26T08:33:27","date_gmt":"2025-03-26T08:33:27","guid":{"rendered":"https:\/\/digitalworkflowmasters.com\/?post_type=product&#038;p=8200"},"modified":"2025-06-25T20:25:42","modified_gmt":"2025-06-25T20:25:42","slug":"dr-mayer-shoe-covers-dispenser","status":"publish","type":"product","link":"https:\/\/digitalworkflowmasters.com\/romana\/shop\/dr-mayer-shoe-covers-dispenser\/","title":{"rendered":"Dispenser Botosi Dr Mayer"},"content":{"rendered":"<h3 data-start=\"206\" data-end=\"269\"><strong data-start=\"210\" data-end=\"269\">Dispenser Boto\u0219i Automat Dr. Mayer<\/strong><\/h3>\n<p data-start=\"271\" data-end=\"692\"><strong data-start=\"271\" data-end=\"314\">Dispenserul automat de boto\u0219i Dr. Mayer<\/strong> este un <strong data-start=\"323\" data-end=\"374\">aparat inteligent pentru \u00eenfoliat \u00eenc\u0103l\u021b\u0103mintea<\/strong>, ideal pentru cabinete stomatologice, clinici medicale, laboratoare \u0219i spa\u021bii unde igiena \u0219i controlul infec\u021biilor sunt prioritare. Acest <strong data-start=\"513\" data-end=\"557\">aparat de \u00eenfoliat pentru cabinet dentar<\/strong> ofer\u0103 un mod rapid, eficient \u0219i igienic de acoperire a \u00eenc\u0103l\u021b\u0103mintei, f\u0103r\u0103 contact manual, reduc\u00e2nd riscul de contaminare \u00eencruci\u0219at\u0103.<\/p>\n<p data-start=\"694\" data-end=\"957\">Dispozitivul <strong data-start=\"707\" data-end=\"761\">taie, \u00eenc\u0103lze\u0219te \u0219i compacteaz\u0103 automat filmul PVC<\/strong> pentru a crea un \u00eenveli\u0219 rezistent \u0219i confortabil \u00een doar c\u00e2teva secunde. Un singur rolon de film asigur\u0103 p\u00e2n\u0103 la <strong data-start=\"876\" data-end=\"897\">1000 de acoperiri<\/strong>, iar schimbarea acestuia dureaz\u0103 aproximativ 30 de secunde.<\/p>\n<p data-start=\"959\" data-end=\"1204\">Aparatul este prev\u0103zut cu <strong data-start=\"985\" data-end=\"1022\">display digital \u0219i semnale sonore<\/strong> care ghideaz\u0103 utilizatorul \u00een timpul utiliz\u0103rii sau al \u00eenlocuirii rolei. Filmul PVC este <strong data-start=\"1112\" data-end=\"1138\">ecologic \u0219i reciclabil<\/strong>, ceea ce face acest dispenser nu doar eficient, ci \u0219i sustenabil.<\/p>\n<hr data-start=\"1206\" data-end=\"1209\" \/>\n<h3 data-start=\"1211\" data-end=\"1257\"><strong data-start=\"1215\" data-end=\"1257\">Utiliz\u0103ri ale dispenserului Dr. Mayer:<\/strong><\/h3>\n<ul data-start=\"1258\" data-end=\"1401\">\n<li data-start=\"1258\" data-end=\"1284\">\n<p data-start=\"1260\" data-end=\"1284\">Cabinete stomatologice<\/p>\n<\/li>\n<li data-start=\"1285\" data-end=\"1320\">\n<p data-start=\"1287\" data-end=\"1320\">Clinici medicale \u0219i laboratoare<\/p>\n<\/li>\n<li data-start=\"1321\" data-end=\"1363\">\n<p data-start=\"1323\" data-end=\"1363\">Spa\u021bii sterile sau cu trafic controlat<\/p>\n<\/li>\n<li data-start=\"1364\" data-end=\"1401\">\n<p data-start=\"1366\" data-end=\"1401\">Zone cu cerin\u021be stricte de igien\u0103<\/p>\n<\/li>\n<\/ul>\n<hr data-start=\"1403\" data-end=\"1406\" \/>\n<h3 data-start=\"1408\" data-end=\"1425\"><strong data-start=\"1412\" data-end=\"1425\">Avantaje:<\/strong><\/h3>\n<ul data-start=\"1426\" data-end=\"1797\">\n<li data-start=\"1426\" data-end=\"1481\">\n<p data-start=\"1428\" data-end=\"1481\"><strong data-start=\"1428\" data-end=\"1479\">Automat: taie, compacteaz\u0103 \u0219i aplic\u0103 filmul PVC<\/strong><\/p>\n<\/li>\n<li data-start=\"1482\" data-end=\"1541\">\n<p data-start=\"1484\" data-end=\"1541\"><strong data-start=\"1484\" data-end=\"1539\">Rapid \u0219i eficient \u2013 aplicare instantanee f\u0103r\u0103 m\u00e2ini<\/strong><\/p>\n<\/li>\n<li data-start=\"1542\" data-end=\"1588\">\n<p data-start=\"1544\" data-end=\"1588\"><strong data-start=\"1544\" data-end=\"1586\">Role u\u0219or de \u00eenlocuit (sub 30 secunde)<\/strong><\/p>\n<\/li>\n<li data-start=\"1589\" data-end=\"1631\">\n<p data-start=\"1591\" data-end=\"1631\"><strong data-start=\"1591\" data-end=\"1629\">P\u00e2n\u0103 la 1000 de \u00eenfolieri per rol\u0103<\/strong><\/p>\n<\/li>\n<li data-start=\"1632\" data-end=\"1679\">\n<p data-start=\"1634\" data-end=\"1679\"><strong data-start=\"1634\" data-end=\"1677\">Film PVC reciclabil \u2013 solu\u021bie ecologic\u0103<\/strong><\/p>\n<\/li>\n<li data-start=\"1680\" data-end=\"1740\">\n<p data-start=\"1682\" data-end=\"1740\"><strong data-start=\"1682\" data-end=\"1738\">Men\u021bine podelele curate \u0219i reduce riscul de infec\u021bii<\/strong><\/p>\n<\/li>\n<li data-start=\"1741\" data-end=\"1797\">\n<p data-start=\"1743\" data-end=\"1797\"><strong data-start=\"1743\" data-end=\"1795\">Display digital \u0219i notific\u0103ri sonore inteligente<\/strong><\/p>\n<\/li>\n<\/ul>\n","protected":false},"excerpt":{"rendered":"<p><strong data-start=\"1850\" data-end=\"1888\">Dr. Mayer Dispenser Automat Boto\u0219i<\/strong> \u2013 aparat pentru \u00eenfoliat \u00eenc\u0103l\u021b\u0103mintea \u00een cabinetul dentar. Igienic, rapid, automat \u0219i compatibil cu film reciclabil.<\/p>\n","protected":false},"featured_media":32945,"template":"","meta":{"_acf_changed":false,"om_disable_all_campaigns":false},"product_brand":[],"product_cat":[449],"product_tag":[],"class_list":{"0":"post-8200","1":"product","2":"type-product","3":"status-publish","4":"has-post-thumbnail","6":"product_cat-dispensere-huse-de-incaltaminte-camera-de-sterilizare","8":"first","9":"instock","10":"shipping-taxable","11":"purchasable","12":"product-type-simple"},"acf":[],"yoast_head":"<!-- This site is optimized with the Yoast SEO plugin v25.3 - https:\/\/yoast.com\/wordpress\/plugins\/seo\/ -->\n<title>Dispenser Botosi Dr Mayer - Digital Workflow Masters<\/title>\n<meta name=\"description\" content=\"Aparat \u00eenfoliat cabinet dentar Dr. Mayer \u2013 dispenser boto\u0219i automat. Aplicare rapid\u0103, role eco, p\u00e2n\u0103 la 1000 acoperiri. Igien\u0103 f\u0103r\u0103 contact \u00een cabinet.\" \/>\n<meta name=\"robots\" content=\"index, follow, max-snippet:-1, max-image-preview:large, max-video-preview:-1\" \/>\n<link rel=\"canonical\" href=\"https:\/\/digitalworkflowmasters.com\/romana\/shop\/dr-mayer-shoe-covers-dispenser\/\" \/>\n<meta property=\"og:locale\" content=\"ro_RO\" \/>\n<meta property=\"og:type\" content=\"article\" \/>\n<meta property=\"og:title\" content=\"Dispenser Botosi Dr Mayer - Digital Workflow Masters\" \/>\n<meta property=\"og:description\" content=\"Aparat \u00eenfoliat cabinet dentar Dr. Mayer \u2013 dispenser boto\u0219i automat. Aplicare rapid\u0103, role eco, p\u00e2n\u0103 la 1000 acoperiri. Igien\u0103 f\u0103r\u0103 contact \u00een cabinet.\" \/>\n<meta property=\"og:url\" content=\"https:\/\/digitalworkflowmasters.com\/romana\/shop\/dr-mayer-shoe-covers-dispenser\/\" \/>\n<meta property=\"og:site_name\" content=\"Digital Workflow Masters\" \/>\n<meta property=\"article:publisher\" content=\"https:\/\/www.facebook.com\/digitalworkflowmasters\/\" \/>\n<meta property=\"article:modified_time\" content=\"2025-06-25T20:25:42+00:00\" \/>\n<meta property=\"og:image\" content=\"https:\/\/digitalworkflowmasters.com\/romana\/wp-content\/uploads\/2025\/03\/dispenser-acoperitori-pantofi-dr-mayer-1.jpg\" \/>\n\t<meta property=\"og:image:width\" content=\"600\" \/>\n\t<meta property=\"og:image:height\" content=\"600\" \/>\n\t<meta property=\"og:image:type\" content=\"image\/jpeg\" \/>\n<meta name=\"twitter:card\" content=\"summary_large_image\" \/>\n<meta name=\"twitter:label1\" content=\"Timp estimat pentru citire\" \/>\n\t<meta name=\"twitter:data1\" content=\"2 minute\" \/>\n<script type=\"application\/ld+json\" class=\"yoast-schema-graph\">{\"@context\":\"https:\/\/schema.org\",\"@graph\":[{\"@type\":\"WebPage\",\"@id\":\"https:\/\/digitalworkflowmasters.com\/romana\/shop\/dr-mayer-shoe-covers-dispenser\/\",\"url\":\"https:\/\/digitalworkflowmasters.com\/romana\/shop\/dr-mayer-shoe-covers-dispenser\/\",\"name\":\"Dispenser Botosi Dr Mayer - Digital Workflow Masters\",\"isPartOf\":{\"@id\":\"https:\/\/digitalworkflowmasters.com\/romana\/#website\"},\"primaryImageOfPage\":{\"@id\":\"https:\/\/digitalworkflowmasters.com\/romana\/shop\/dr-mayer-shoe-covers-dispenser\/#primaryimage\"},\"image\":{\"@id\":\"https:\/\/digitalworkflowmasters.com\/romana\/shop\/dr-mayer-shoe-covers-dispenser\/#primaryimage\"},\"thumbnailUrl\":\"https:\/\/digitalworkflowmasters.com\/romana\/wp-content\/uploads\/2025\/03\/dispenser-acoperitori-pantofi-dr-mayer-1.jpg\",\"datePublished\":\"2025-03-26T08:33:27+00:00\",\"dateModified\":\"2025-06-25T20:25:42+00:00\",\"description\":\"Aparat \u00eenfoliat cabinet dentar Dr. Mayer \u2013 dispenser boto\u0219i automat. Aplicare rapid\u0103, role eco, p\u00e2n\u0103 la 1000 acoperiri. Igien\u0103 f\u0103r\u0103 contact \u00een cabinet.\",\"breadcrumb\":{\"@id\":\"https:\/\/digitalworkflowmasters.com\/romana\/shop\/dr-mayer-shoe-covers-dispenser\/#breadcrumb\"},\"inLanguage\":\"ro-RO\",\"potentialAction\":[{\"@type\":\"ReadAction\",\"target\":[\"https:\/\/digitalworkflowmasters.com\/romana\/shop\/dr-mayer-shoe-covers-dispenser\/\"]}]},{\"@type\":\"ImageObject\",\"inLanguage\":\"ro-RO\",\"@id\":\"https:\/\/digitalworkflowmasters.com\/romana\/shop\/dr-mayer-shoe-covers-dispenser\/#primaryimage\",\"url\":\"https:\/\/digitalworkflowmasters.com\/romana\/wp-content\/uploads\/2025\/03\/dispenser-acoperitori-pantofi-dr-mayer-1.jpg\",\"contentUrl\":\"https:\/\/digitalworkflowmasters.com\/romana\/wp-content\/uploads\/2025\/03\/dispenser-acoperitori-pantofi-dr-mayer-1.jpg\",\"width\":600,\"height\":600},{\"@type\":\"BreadcrumbList\",\"@id\":\"https:\/\/digitalworkflowmasters.com\/romana\/shop\/dr-mayer-shoe-covers-dispenser\/#breadcrumb\",\"itemListElement\":[{\"@type\":\"ListItem\",\"position\":1,\"name\":\"Home\",\"item\":\"https:\/\/digitalworkflowmasters.com\/romana\/\"},{\"@type\":\"ListItem\",\"position\":2,\"name\":\"Products\",\"item\":\"https:\/\/digitalworkflowmasters.com\/romana\/shop\/\"},{\"@type\":\"ListItem\",\"position\":3,\"name\":\"Camera-de-sterilizare\",\"item\":\"https:\/\/digitalworkflowmasters.com\/romana\/product-category\/camera-de-sterilizare\/\"},{\"@type\":\"ListItem\",\"position\":4,\"name\":\"Dispensere huse de \u00eenc\u0103l\u021b\u0103minte, Camer\u0103 de sterilizare\",\"item\":\"https:\/\/digitalworkflowmasters.com\/romana\/product-category\/camera-de-sterilizare\/dispensere-huse-de-incaltaminte-camera-de-sterilizare\/\"},{\"@type\":\"ListItem\",\"position\":5,\"name\":\"Dispenser Botosi Dr Mayer\"}]},{\"@type\":\"WebSite\",\"@id\":\"https:\/\/digitalworkflowmasters.com\/romana\/#website\",\"url\":\"https:\/\/digitalworkflowmasters.com\/romana\/\",\"name\":\"Digital Workflow Masters\",\"description\":\"Premium Dental Equipment\",\"publisher\":{\"@id\":\"https:\/\/digitalworkflowmasters.com\/romana\/#organization\"},\"potentialAction\":[{\"@type\":\"SearchAction\",\"target\":{\"@type\":\"EntryPoint\",\"urlTemplate\":\"https:\/\/digitalworkflowmasters.com\/romana\/?s={search_term_string}\"},\"query-input\":{\"@type\":\"PropertyValueSpecification\",\"valueRequired\":true,\"valueName\":\"search_term_string\"}}],\"inLanguage\":\"ro-RO\"},{\"@type\":\"Organization\",\"@id\":\"https:\/\/digitalworkflowmasters.com\/romana\/#organization\",\"name\":\"Digital Workflow Masters\",\"url\":\"https:\/\/digitalworkflowmasters.com\/romana\/\",\"logo\":{\"@type\":\"ImageObject\",\"inLanguage\":\"ro-RO\",\"@id\":\"https:\/\/digitalworkflowmasters.com\/romana\/#\/schema\/logo\/image\/\",\"url\":\"https:\/\/digitalworkflowmasters.com\/romana\/wp-content\/uploads\/2025\/08\/1.png\",\"contentUrl\":\"https:\/\/digitalworkflowmasters.com\/romana\/wp-content\/uploads\/2025\/08\/1.png\",\"width\":1080,\"height\":1080,\"caption\":\"Digital Workflow Masters\"},\"image\":{\"@id\":\"https:\/\/digitalworkflowmasters.com\/romana\/#\/schema\/logo\/image\/\"},\"sameAs\":[\"https:\/\/www.facebook.com\/digitalworkflowmasters\/\",\"https:\/\/www.instagram.com\/digitalworkflowmasters\/\"]}]}<\/script>\n<!-- \/ Yoast SEO plugin. -->","yoast_head_json":{"title":"Dispenser Botosi Dr Mayer - Digital Workflow Masters","description":"Aparat \u00eenfoliat cabinet dentar Dr. Mayer \u2013 dispenser boto\u0219i automat. Aplicare rapid\u0103, role eco, p\u00e2n\u0103 la 1000 acoperiri. Igien\u0103 f\u0103r\u0103 contact \u00een cabinet.","robots":{"index":"index","follow":"follow","max-snippet":"max-snippet:-1","max-image-preview":"max-image-preview:large","max-video-preview":"max-video-preview:-1"},"canonical":"https:\/\/digitalworkflowmasters.com\/romana\/shop\/dr-mayer-shoe-covers-dispenser\/","og_locale":"ro_RO","og_type":"article","og_title":"Dispenser Botosi Dr Mayer - Digital Workflow Masters","og_description":"Aparat \u00eenfoliat cabinet dentar Dr. Mayer \u2013 dispenser boto\u0219i automat. Aplicare rapid\u0103, role eco, p\u00e2n\u0103 la 1000 acoperiri. Igien\u0103 f\u0103r\u0103 contact \u00een cabinet.","og_url":"https:\/\/digitalworkflowmasters.com\/romana\/shop\/dr-mayer-shoe-covers-dispenser\/","og_site_name":"Digital Workflow Masters","article_publisher":"https:\/\/www.facebook.com\/digitalworkflowmasters\/","article_modified_time":"2025-06-25T20:25:42+00:00","og_image":[{"width":600,"height":600,"url":"https:\/\/digitalworkflowmasters.com\/romana\/wp-content\/uploads\/2025\/03\/dispenser-acoperitori-pantofi-dr-mayer-1.jpg","type":"image\/jpeg"}],"twitter_card":"summary_large_image","twitter_misc":{"Timp estimat pentru citire":"2 minute"},"schema":{"@context":"https:\/\/schema.org","@graph":[{"@type":"WebPage","@id":"https:\/\/digitalworkflowmasters.com\/romana\/shop\/dr-mayer-shoe-covers-dispenser\/","url":"https:\/\/digitalworkflowmasters.com\/romana\/shop\/dr-mayer-shoe-covers-dispenser\/","name":"Dispenser Botosi Dr Mayer - Digital Workflow Masters","isPartOf":{"@id":"https:\/\/digitalworkflowmasters.com\/romana\/#website"},"primaryImageOfPage":{"@id":"https:\/\/digitalworkflowmasters.com\/romana\/shop\/dr-mayer-shoe-covers-dispenser\/#primaryimage"},"image":{"@id":"https:\/\/digitalworkflowmasters.com\/romana\/shop\/dr-mayer-shoe-covers-dispenser\/#primaryimage"},"thumbnailUrl":"https:\/\/digitalworkflowmasters.com\/romana\/wp-content\/uploads\/2025\/03\/dispenser-acoperitori-pantofi-dr-mayer-1.jpg","datePublished":"2025-03-26T08:33:27+00:00","dateModified":"2025-06-25T20:25:42+00:00","description":"Aparat \u00eenfoliat cabinet dentar Dr. Mayer \u2013 dispenser boto\u0219i automat. Aplicare rapid\u0103, role eco, p\u00e2n\u0103 la 1000 acoperiri. Igien\u0103 f\u0103r\u0103 contact \u00een cabinet.","breadcrumb":{"@id":"https:\/\/digitalworkflowmasters.com\/romana\/shop\/dr-mayer-shoe-covers-dispenser\/#breadcrumb"},"inLanguage":"ro-RO","potentialAction":[{"@type":"ReadAction","target":["https:\/\/digitalworkflowmasters.com\/romana\/shop\/dr-mayer-shoe-covers-dispenser\/"]}]},{"@type":"ImageObject","inLanguage":"ro-RO","@id":"https:\/\/digitalworkflowmasters.com\/romana\/shop\/dr-mayer-shoe-covers-dispenser\/#primaryimage","url":"https:\/\/digitalworkflowmasters.com\/romana\/wp-content\/uploads\/2025\/03\/dispenser-acoperitori-pantofi-dr-mayer-1.jpg","contentUrl":"https:\/\/digitalworkflowmasters.com\/romana\/wp-content\/uploads\/2025\/03\/dispenser-acoperitori-pantofi-dr-mayer-1.jpg","width":600,"height":600},{"@type":"BreadcrumbList","@id":"https:\/\/digitalworkflowmasters.com\/romana\/shop\/dr-mayer-shoe-covers-dispenser\/#breadcrumb","itemListElement":[{"@type":"ListItem","position":1,"name":"Home","item":"https:\/\/digitalworkflowmasters.com\/romana\/"},{"@type":"ListItem","position":2,"name":"Products","item":"https:\/\/digitalworkflowmasters.com\/romana\/shop\/"},{"@type":"ListItem","position":3,"name":"Camera-de-sterilizare","item":"https:\/\/digitalworkflowmasters.com\/romana\/product-category\/camera-de-sterilizare\/"},{"@type":"ListItem","position":4,"name":"Dispensere huse de \u00eenc\u0103l\u021b\u0103minte, Camer\u0103 de sterilizare","item":"https:\/\/digitalworkflowmasters.com\/romana\/product-category\/camera-de-sterilizare\/dispensere-huse-de-incaltaminte-camera-de-sterilizare\/"},{"@type":"ListItem","position":5,"name":"Dispenser Botosi Dr Mayer"}]},{"@type":"WebSite","@id":"https:\/\/digitalworkflowmasters.com\/romana\/#website","url":"https:\/\/digitalworkflowmasters.com\/romana\/","name":"Digital Workflow Masters","description":"Premium Dental Equipment","publisher":{"@id":"https:\/\/digitalworkflowmasters.com\/romana\/#organization"},"potentialAction":[{"@type":"SearchAction","target":{"@type":"EntryPoint","urlTemplate":"https:\/\/digitalworkflowmasters.com\/romana\/?s={search_term_string}"},"query-input":{"@type":"PropertyValueSpecification","valueRequired":true,"valueName":"search_term_string"}}],"inLanguage":"ro-RO"},{"@type":"Organization","@id":"https:\/\/digitalworkflowmasters.com\/romana\/#organization","name":"Digital Workflow Masters","url":"https:\/\/digitalworkflowmasters.com\/romana\/","logo":{"@type":"ImageObject","inLanguage":"ro-RO","@id":"https:\/\/digitalworkflowmasters.com\/romana\/#\/schema\/logo\/image\/","url":"https:\/\/digitalworkflowmasters.com\/romana\/wp-content\/uploads\/2025\/08\/1.png","contentUrl":"https:\/\/digitalworkflowmasters.com\/romana\/wp-content\/uploads\/2025\/08\/1.png","width":1080,"height":1080,"caption":"Digital Workflow Masters"},"image":{"@id":"https:\/\/digitalworkflowmasters.com\/romana\/#\/schema\/logo\/image\/"},"sameAs":["https:\/\/www.facebook.com\/digitalworkflowmasters\/","https:\/\/www.instagram.com\/digitalworkflowmasters\/"]}]}},"_links":{"self":[{"href":"https:\/\/digitalworkflowmasters.com\/romana\/wp-json\/wp\/v2\/product\/8200","targetHints":{"allow":["GET"]}}],"collection":[{"href":"https:\/\/digitalworkflowmasters.com\/romana\/wp-json\/wp\/v2\/product"}],"about":[{"href":"https:\/\/digitalworkflowmasters.com\/romana\/wp-json\/wp\/v2\/types\/product"}],"version-history":[{"count":0,"href":"https:\/\/digitalworkflowmasters.com\/romana\/wp-json\/wp\/v2\/product\/8200\/revisions"}],"wp:featuredmedia":[{"embeddable":true,"href":"https:\/\/digitalworkflowmasters.com\/romana\/wp-json\/wp\/v2\/media\/32945"}],"wp:attachment":[{"href":"https:\/\/digitalworkflowmasters.com\/romana\/wp-json\/wp\/v2\/media?parent=8200"}],"wp:term":[{"taxonomy":"product_brand","embeddable":true,"href":"https:\/\/digitalworkflowmasters.com\/romana\/wp-json\/wp\/v2\/product_brand?post=8200"},{"taxonomy":"product_cat","embeddable":true,"href":"https:\/\/digitalworkflowmasters.com\/romana\/wp-json\/wp\/v2\/product_cat?post=8200"},{"taxonomy":"product_tag","embeddable":true,"href":"https:\/\/digitalworkflowmasters.com\/romana\/wp-json\/wp\/v2\/product_tag?post=8200"}],"curies":[{"name":"wp","href":"https:\/\/api.w.org\/{rel}","templated":true}]}}