{"id":8206,"date":"2025-03-26T08:33:27","date_gmt":"2025-03-26T08:33:27","guid":{"rendered":"https:\/\/digitalworkflowmasters.com\/?post_type=product&#038;p=8206"},"modified":"2025-06-25T20:27:14","modified_gmt":"2025-06-25T20:27:14","slug":"meladest-65-distiller","status":"publish","type":"product","link":"https:\/\/digitalworkflowmasters.com\/romana\/shop\/meladest-65-distiller\/","title":{"rendered":"Distilator MELAdest 65"},"content":{"rendered":"<h3 data-start=\"213\" data-end=\"264\"><strong data-start=\"217\" data-end=\"264\">Distilator MELAdest 65<\/strong><\/h3>\n<p data-start=\"266\" data-end=\"637\"><strong data-start=\"266\" data-end=\"281\">MELAdest 65<\/strong> este un <strong data-start=\"290\" data-end=\"324\">distilator compact \u0219i eficient<\/strong>, ideal pentru <strong data-start=\"339\" data-end=\"390\">producerea rapid\u0103 \u0219i economic\u0103 a apei distilate<\/strong> necesare \u00een procesul de <strong data-start=\"415\" data-end=\"472\">sterilizare a instrumentarului \u00eentr-un cabinet dentar<\/strong>. Utiliz\u00e2nd una dintre cele mai vechi \u0219i sigure metode de purificare, aparatul asigur\u0103 ap\u0103 de cea mai \u00eenalt\u0103 calitate, f\u0103r\u0103 impurit\u0103\u021bi, s\u0103ruri sau substan\u021be chimice.<\/p>\n<p data-start=\"639\" data-end=\"918\">Procesul se desf\u0103\u0219oar\u0103 prin \u00eenc\u0103lzirea apei p\u00e2n\u0103 la punctul de fierbere (100\u202f\u00b0C), urmat\u0103 de condensarea vaporilor, \u00een timp ce impurit\u0103\u021bile r\u0103m\u00e2n \u00een rezervor. Rezultatul este o ap\u0103 pur\u0103, ideal\u0103 pentru utilizare \u00een <strong data-start=\"852\" data-end=\"917\">autoclave, unituri dentare \u0219i alte echipamente de sterilizare<\/strong>.<\/p>\n<p data-start=\"920\" data-end=\"1162\">Cu o <strong data-start=\"925\" data-end=\"965\">capacitate a rezervorului de 4 litri<\/strong> \u0219i o <strong data-start=\"971\" data-end=\"1012\">rat\u0103 de produc\u021bie de 0,7 litri pe or\u0103<\/strong>, MELAdest 65 este perfect pentru cabinetele care au nevoie de o surs\u0103 constant\u0103 \u0219i sigur\u0103 de ap\u0103 distilat\u0103, f\u0103r\u0103 a depinde de achizi\u021bionarea extern\u0103.<\/p>\n<hr data-start=\"1164\" data-end=\"1167\" \/>\n<h3 data-start=\"1169\" data-end=\"1203\"><strong data-start=\"1173\" data-end=\"1203\">Utiliz\u0103ri ale MELAdest 65:<\/strong><\/h3>\n<ul data-start=\"1204\" data-end=\"1453\">\n<li data-start=\"1204\" data-end=\"1272\">\n<p data-start=\"1206\" data-end=\"1272\">Producerea apei distilate pentru <strong data-start=\"1239\" data-end=\"1270\">autoclave \u0219i sterilizatoare<\/strong><\/p>\n<\/li>\n<li data-start=\"1273\" data-end=\"1319\">\n<p data-start=\"1275\" data-end=\"1319\">Alimentarea uniturilor dentare cu ap\u0103 pur\u0103<\/p>\n<\/li>\n<li data-start=\"1320\" data-end=\"1393\">\n<p data-start=\"1322\" data-end=\"1393\">\u00centre\u021binerea echipamentelor medicale care necesit\u0103 ap\u0103 demineralizat\u0103<\/p>\n<\/li>\n<li data-start=\"1394\" data-end=\"1453\">\n<p data-start=\"1396\" data-end=\"1453\">Utilizare general\u0103 \u00een laborator \u0219i cabinet stomatologic<\/p>\n<\/li>\n<\/ul>\n<hr data-start=\"1455\" data-end=\"1458\" \/>\n<h3 data-start=\"1460\" data-end=\"1477\"><strong data-start=\"1464\" data-end=\"1477\">Avantaje:<\/strong><\/h3>\n<ul data-start=\"1478\" data-end=\"1828\">\n<li data-start=\"1478\" data-end=\"1520\">\n<p data-start=\"1480\" data-end=\"1520\"><strong data-start=\"1480\" data-end=\"1518\">Produc\u021bie rapid\u0103: 0,7 litri pe or\u0103<\/strong><\/p>\n<\/li>\n<li data-start=\"1521\" data-end=\"1557\">\n<p data-start=\"1523\" data-end=\"1557\"><strong data-start=\"1523\" data-end=\"1555\">Capacitate rezervor: 4 litri<\/strong><\/p>\n<\/li>\n<li data-start=\"1558\" data-end=\"1614\">\n<p data-start=\"1560\" data-end=\"1614\"><strong data-start=\"1560\" data-end=\"1612\">Purificare complet\u0103 prin evaporare \u0219i condensare<\/strong><\/p>\n<\/li>\n<li data-start=\"1615\" data-end=\"1667\">\n<p data-start=\"1617\" data-end=\"1667\"><strong data-start=\"1617\" data-end=\"1665\">\u00cendep\u0103rteaz\u0103 s\u0103ruri, chimicale \u0219i impurit\u0103\u021bi<\/strong><\/p>\n<\/li>\n<li data-start=\"1668\" data-end=\"1712\">\n<p data-start=\"1670\" data-end=\"1712\"><strong data-start=\"1670\" data-end=\"1710\">Func\u021bionare economic\u0103 \u0219i silen\u021bioas\u0103<\/strong><\/p>\n<\/li>\n<li data-start=\"1713\" data-end=\"1765\">\n<p data-start=\"1715\" data-end=\"1765\"><strong data-start=\"1715\" data-end=\"1763\">Ideal pentru sterilizare \u00een cabinetul dentar<\/strong><\/p>\n<\/li>\n<li data-start=\"1766\" data-end=\"1828\">\n<p data-start=\"1768\" data-end=\"1828\"><strong data-start=\"1768\" data-end=\"1826\">Construc\u021bie compact\u0103, u\u0219or de amplasat \u00een orice spa\u021biu<\/strong><\/p>\n<\/li>\n<\/ul>\n","protected":false},"excerpt":{"rendered":"<p data-start=\"1881\" data-end=\"2045\"><strong data-start=\"1881\" data-end=\"1896\">MELAdest 65<\/strong> este un distilator de ap\u0103 compact pentru sterilizare dentar\u0103, cu produc\u021bie rapid\u0103 \u0219i eficient\u0103 de ap\u0103 purificat\u0103, ideal pentru autoclave \u0219i unituri.<\/p>\n","protected":false},"featured_media":32949,"template":"","meta":{"_acf_changed":false,"om_disable_all_campaigns":false},"product_brand":[],"product_cat":[432],"product_tag":[],"class_list":{"0":"post-8206","1":"product","2":"type-product","3":"status-publish","4":"has-post-thumbnail","6":"product_cat-distilatoare-masini-de-sigilare-camera-de-sterilizare","8":"first","9":"instock","10":"shipping-taxable","11":"purchasable","12":"product-type-simple"},"acf":[],"yoast_head":"<!-- This site is optimized with the Yoast SEO plugin v25.3 - https:\/\/yoast.com\/wordpress\/plugins\/seo\/ -->\n<title>Distilator MELAdest 65 - Digital Workflow Masters<\/title>\n<meta name=\"description\" content=\"Distilator MELAdest 65 \u2013 distilator ap\u0103 pentru sterilizare cabinet dentar. Produc\u021bie 0.7L\/h, rezervor 4L, ap\u0103 pur\u0103 pentru autoclave \u0219i unituri stomatologice.\" \/>\n<meta name=\"robots\" content=\"index, follow, max-snippet:-1, max-image-preview:large, max-video-preview:-1\" \/>\n<link rel=\"canonical\" href=\"https:\/\/digitalworkflowmasters.com\/romana\/shop\/meladest-65-distiller\/\" \/>\n<meta property=\"og:locale\" content=\"ro_RO\" \/>\n<meta property=\"og:type\" content=\"article\" \/>\n<meta property=\"og:title\" content=\"Distilator MELAdest 65 - Digital Workflow Masters\" \/>\n<meta property=\"og:description\" content=\"Distilator MELAdest 65 \u2013 distilator ap\u0103 pentru sterilizare cabinet dentar. Produc\u021bie 0.7L\/h, rezervor 4L, ap\u0103 pur\u0103 pentru autoclave \u0219i unituri stomatologice.\" \/>\n<meta property=\"og:url\" content=\"https:\/\/digitalworkflowmasters.com\/romana\/shop\/meladest-65-distiller\/\" \/>\n<meta property=\"og:site_name\" content=\"Digital Workflow Masters\" \/>\n<meta property=\"article:publisher\" content=\"https:\/\/www.facebook.com\/digitalworkflowmasters\/\" \/>\n<meta property=\"article:modified_time\" content=\"2025-06-25T20:27:14+00:00\" \/>\n<meta property=\"og:image\" content=\"https:\/\/digitalworkflowmasters.com\/romana\/wp-content\/uploads\/2025\/03\/Distilator-MELAdest-65-1.jpg\" \/>\n\t<meta property=\"og:image:width\" content=\"624\" \/>\n\t<meta property=\"og:image:height\" content=\"624\" \/>\n\t<meta property=\"og:image:type\" content=\"image\/jpeg\" \/>\n<meta name=\"twitter:card\" content=\"summary_large_image\" \/>\n<meta name=\"twitter:label1\" content=\"Timp estimat pentru citire\" \/>\n\t<meta name=\"twitter:data1\" content=\"2 minute\" \/>\n<script type=\"application\/ld+json\" class=\"yoast-schema-graph\">{\"@context\":\"https:\/\/schema.org\",\"@graph\":[{\"@type\":\"WebPage\",\"@id\":\"https:\/\/digitalworkflowmasters.com\/romana\/shop\/meladest-65-distiller\/\",\"url\":\"https:\/\/digitalworkflowmasters.com\/romana\/shop\/meladest-65-distiller\/\",\"name\":\"Distilator MELAdest 65 - Digital Workflow Masters\",\"isPartOf\":{\"@id\":\"https:\/\/digitalworkflowmasters.com\/romana\/#website\"},\"primaryImageOfPage\":{\"@id\":\"https:\/\/digitalworkflowmasters.com\/romana\/shop\/meladest-65-distiller\/#primaryimage\"},\"image\":{\"@id\":\"https:\/\/digitalworkflowmasters.com\/romana\/shop\/meladest-65-distiller\/#primaryimage\"},\"thumbnailUrl\":\"https:\/\/digitalworkflowmasters.com\/romana\/wp-content\/uploads\/2025\/03\/Distilator-MELAdest-65-1.jpg\",\"datePublished\":\"2025-03-26T08:33:27+00:00\",\"dateModified\":\"2025-06-25T20:27:14+00:00\",\"description\":\"Distilator MELAdest 65 \u2013 distilator ap\u0103 pentru sterilizare cabinet dentar. Produc\u021bie 0.7L\/h, rezervor 4L, ap\u0103 pur\u0103 pentru autoclave \u0219i unituri stomatologice.\",\"breadcrumb\":{\"@id\":\"https:\/\/digitalworkflowmasters.com\/romana\/shop\/meladest-65-distiller\/#breadcrumb\"},\"inLanguage\":\"ro-RO\",\"potentialAction\":[{\"@type\":\"ReadAction\",\"target\":[\"https:\/\/digitalworkflowmasters.com\/romana\/shop\/meladest-65-distiller\/\"]}]},{\"@type\":\"ImageObject\",\"inLanguage\":\"ro-RO\",\"@id\":\"https:\/\/digitalworkflowmasters.com\/romana\/shop\/meladest-65-distiller\/#primaryimage\",\"url\":\"https:\/\/digitalworkflowmasters.com\/romana\/wp-content\/uploads\/2025\/03\/Distilator-MELAdest-65-1.jpg\",\"contentUrl\":\"https:\/\/digitalworkflowmasters.com\/romana\/wp-content\/uploads\/2025\/03\/Distilator-MELAdest-65-1.jpg\",\"width\":624,\"height\":624},{\"@type\":\"BreadcrumbList\",\"@id\":\"https:\/\/digitalworkflowmasters.com\/romana\/shop\/meladest-65-distiller\/#breadcrumb\",\"itemListElement\":[{\"@type\":\"ListItem\",\"position\":1,\"name\":\"Home\",\"item\":\"https:\/\/digitalworkflowmasters.com\/romana\/\"},{\"@type\":\"ListItem\",\"position\":2,\"name\":\"Products\",\"item\":\"https:\/\/digitalworkflowmasters.com\/romana\/shop\/\"},{\"@type\":\"ListItem\",\"position\":3,\"name\":\"Camera-de-sterilizare\",\"item\":\"https:\/\/digitalworkflowmasters.com\/romana\/product-category\/camera-de-sterilizare\/\"},{\"@type\":\"ListItem\",\"position\":4,\"name\":\"Distilatoare, Ma\u0219ini de sigilare, Camer\u0103 de sterilizare\",\"item\":\"https:\/\/digitalworkflowmasters.com\/romana\/product-category\/camera-de-sterilizare\/distilatoare-masini-de-sigilare-camera-de-sterilizare\/\"},{\"@type\":\"ListItem\",\"position\":5,\"name\":\"Distilator MELAdest 65\"}]},{\"@type\":\"WebSite\",\"@id\":\"https:\/\/digitalworkflowmasters.com\/romana\/#website\",\"url\":\"https:\/\/digitalworkflowmasters.com\/romana\/\",\"name\":\"Digital Workflow Masters\",\"description\":\"Premium Dental Equipment\",\"publisher\":{\"@id\":\"https:\/\/digitalworkflowmasters.com\/romana\/#organization\"},\"potentialAction\":[{\"@type\":\"SearchAction\",\"target\":{\"@type\":\"EntryPoint\",\"urlTemplate\":\"https:\/\/digitalworkflowmasters.com\/romana\/?s={search_term_string}\"},\"query-input\":{\"@type\":\"PropertyValueSpecification\",\"valueRequired\":true,\"valueName\":\"search_term_string\"}}],\"inLanguage\":\"ro-RO\"},{\"@type\":\"Organization\",\"@id\":\"https:\/\/digitalworkflowmasters.com\/romana\/#organization\",\"name\":\"Digital Workflow Masters\",\"url\":\"https:\/\/digitalworkflowmasters.com\/romana\/\",\"logo\":{\"@type\":\"ImageObject\",\"inLanguage\":\"ro-RO\",\"@id\":\"https:\/\/digitalworkflowmasters.com\/romana\/#\/schema\/logo\/image\/\",\"url\":\"https:\/\/digitalworkflowmasters.com\/romana\/wp-content\/uploads\/2025\/08\/1.png\",\"contentUrl\":\"https:\/\/digitalworkflowmasters.com\/romana\/wp-content\/uploads\/2025\/08\/1.png\",\"width\":1080,\"height\":1080,\"caption\":\"Digital Workflow Masters\"},\"image\":{\"@id\":\"https:\/\/digitalworkflowmasters.com\/romana\/#\/schema\/logo\/image\/\"},\"sameAs\":[\"https:\/\/www.facebook.com\/digitalworkflowmasters\/\",\"https:\/\/www.instagram.com\/digitalworkflowmasters\/\"]}]}<\/script>\n<!-- \/ Yoast SEO plugin. -->","yoast_head_json":{"title":"Distilator MELAdest 65 - Digital Workflow Masters","description":"Distilator MELAdest 65 \u2013 distilator ap\u0103 pentru sterilizare cabinet dentar. Produc\u021bie 0.7L\/h, rezervor 4L, ap\u0103 pur\u0103 pentru autoclave \u0219i unituri stomatologice.","robots":{"index":"index","follow":"follow","max-snippet":"max-snippet:-1","max-image-preview":"max-image-preview:large","max-video-preview":"max-video-preview:-1"},"canonical":"https:\/\/digitalworkflowmasters.com\/romana\/shop\/meladest-65-distiller\/","og_locale":"ro_RO","og_type":"article","og_title":"Distilator MELAdest 65 - Digital Workflow Masters","og_description":"Distilator MELAdest 65 \u2013 distilator ap\u0103 pentru sterilizare cabinet dentar. Produc\u021bie 0.7L\/h, rezervor 4L, ap\u0103 pur\u0103 pentru autoclave \u0219i unituri stomatologice.","og_url":"https:\/\/digitalworkflowmasters.com\/romana\/shop\/meladest-65-distiller\/","og_site_name":"Digital Workflow Masters","article_publisher":"https:\/\/www.facebook.com\/digitalworkflowmasters\/","article_modified_time":"2025-06-25T20:27:14+00:00","og_image":[{"width":624,"height":624,"url":"https:\/\/digitalworkflowmasters.com\/romana\/wp-content\/uploads\/2025\/03\/Distilator-MELAdest-65-1.jpg","type":"image\/jpeg"}],"twitter_card":"summary_large_image","twitter_misc":{"Timp estimat pentru citire":"2 minute"},"schema":{"@context":"https:\/\/schema.org","@graph":[{"@type":"WebPage","@id":"https:\/\/digitalworkflowmasters.com\/romana\/shop\/meladest-65-distiller\/","url":"https:\/\/digitalworkflowmasters.com\/romana\/shop\/meladest-65-distiller\/","name":"Distilator MELAdest 65 - Digital Workflow Masters","isPartOf":{"@id":"https:\/\/digitalworkflowmasters.com\/romana\/#website"},"primaryImageOfPage":{"@id":"https:\/\/digitalworkflowmasters.com\/romana\/shop\/meladest-65-distiller\/#primaryimage"},"image":{"@id":"https:\/\/digitalworkflowmasters.com\/romana\/shop\/meladest-65-distiller\/#primaryimage"},"thumbnailUrl":"https:\/\/digitalworkflowmasters.com\/romana\/wp-content\/uploads\/2025\/03\/Distilator-MELAdest-65-1.jpg","datePublished":"2025-03-26T08:33:27+00:00","dateModified":"2025-06-25T20:27:14+00:00","description":"Distilator MELAdest 65 \u2013 distilator ap\u0103 pentru sterilizare cabinet dentar. Produc\u021bie 0.7L\/h, rezervor 4L, ap\u0103 pur\u0103 pentru autoclave \u0219i unituri stomatologice.","breadcrumb":{"@id":"https:\/\/digitalworkflowmasters.com\/romana\/shop\/meladest-65-distiller\/#breadcrumb"},"inLanguage":"ro-RO","potentialAction":[{"@type":"ReadAction","target":["https:\/\/digitalworkflowmasters.com\/romana\/shop\/meladest-65-distiller\/"]}]},{"@type":"ImageObject","inLanguage":"ro-RO","@id":"https:\/\/digitalworkflowmasters.com\/romana\/shop\/meladest-65-distiller\/#primaryimage","url":"https:\/\/digitalworkflowmasters.com\/romana\/wp-content\/uploads\/2025\/03\/Distilator-MELAdest-65-1.jpg","contentUrl":"https:\/\/digitalworkflowmasters.com\/romana\/wp-content\/uploads\/2025\/03\/Distilator-MELAdest-65-1.jpg","width":624,"height":624},{"@type":"BreadcrumbList","@id":"https:\/\/digitalworkflowmasters.com\/romana\/shop\/meladest-65-distiller\/#breadcrumb","itemListElement":[{"@type":"ListItem","position":1,"name":"Home","item":"https:\/\/digitalworkflowmasters.com\/romana\/"},{"@type":"ListItem","position":2,"name":"Products","item":"https:\/\/digitalworkflowmasters.com\/romana\/shop\/"},{"@type":"ListItem","position":3,"name":"Camera-de-sterilizare","item":"https:\/\/digitalworkflowmasters.com\/romana\/product-category\/camera-de-sterilizare\/"},{"@type":"ListItem","position":4,"name":"Distilatoare, Ma\u0219ini de sigilare, Camer\u0103 de sterilizare","item":"https:\/\/digitalworkflowmasters.com\/romana\/product-category\/camera-de-sterilizare\/distilatoare-masini-de-sigilare-camera-de-sterilizare\/"},{"@type":"ListItem","position":5,"name":"Distilator MELAdest 65"}]},{"@type":"WebSite","@id":"https:\/\/digitalworkflowmasters.com\/romana\/#website","url":"https:\/\/digitalworkflowmasters.com\/romana\/","name":"Digital Workflow Masters","description":"Premium Dental Equipment","publisher":{"@id":"https:\/\/digitalworkflowmasters.com\/romana\/#organization"},"potentialAction":[{"@type":"SearchAction","target":{"@type":"EntryPoint","urlTemplate":"https:\/\/digitalworkflowmasters.com\/romana\/?s={search_term_string}"},"query-input":{"@type":"PropertyValueSpecification","valueRequired":true,"valueName":"search_term_string"}}],"inLanguage":"ro-RO"},{"@type":"Organization","@id":"https:\/\/digitalworkflowmasters.com\/romana\/#organization","name":"Digital Workflow Masters","url":"https:\/\/digitalworkflowmasters.com\/romana\/","logo":{"@type":"ImageObject","inLanguage":"ro-RO","@id":"https:\/\/digitalworkflowmasters.com\/romana\/#\/schema\/logo\/image\/","url":"https:\/\/digitalworkflowmasters.com\/romana\/wp-content\/uploads\/2025\/08\/1.png","contentUrl":"https:\/\/digitalworkflowmasters.com\/romana\/wp-content\/uploads\/2025\/08\/1.png","width":1080,"height":1080,"caption":"Digital Workflow Masters"},"image":{"@id":"https:\/\/digitalworkflowmasters.com\/romana\/#\/schema\/logo\/image\/"},"sameAs":["https:\/\/www.facebook.com\/digitalworkflowmasters\/","https:\/\/www.instagram.com\/digitalworkflowmasters\/"]}]}},"_links":{"self":[{"href":"https:\/\/digitalworkflowmasters.com\/romana\/wp-json\/wp\/v2\/product\/8206","targetHints":{"allow":["GET"]}}],"collection":[{"href":"https:\/\/digitalworkflowmasters.com\/romana\/wp-json\/wp\/v2\/product"}],"about":[{"href":"https:\/\/digitalworkflowmasters.com\/romana\/wp-json\/wp\/v2\/types\/product"}],"version-history":[{"count":0,"href":"https:\/\/digitalworkflowmasters.com\/romana\/wp-json\/wp\/v2\/product\/8206\/revisions"}],"wp:featuredmedia":[{"embeddable":true,"href":"https:\/\/digitalworkflowmasters.com\/romana\/wp-json\/wp\/v2\/media\/32949"}],"wp:attachment":[{"href":"https:\/\/digitalworkflowmasters.com\/romana\/wp-json\/wp\/v2\/media?parent=8206"}],"wp:term":[{"taxonomy":"product_brand","embeddable":true,"href":"https:\/\/digitalworkflowmasters.com\/romana\/wp-json\/wp\/v2\/product_brand?post=8206"},{"taxonomy":"product_cat","embeddable":true,"href":"https:\/\/digitalworkflowmasters.com\/romana\/wp-json\/wp\/v2\/product_cat?post=8206"},{"taxonomy":"product_tag","embeddable":true,"href":"https:\/\/digitalworkflowmasters.com\/romana\/wp-json\/wp\/v2\/product_tag?post=8206"}],"curies":[{"name":"wp","href":"https:\/\/api.w.org\/{rel}","templated":true}]}}