{"id":8227,"date":"2025-03-26T08:33:27","date_gmt":"2025-03-26T08:33:27","guid":{"rendered":"https:\/\/digitalworkflowmasters.com\/?post_type=product&#038;p=8227"},"modified":"2025-06-25T20:31:31","modified_gmt":"2025-06-25T20:31:31","slug":"bien-air-chiropro-3rd-gen-physiodispenser","status":"publish","type":"product","link":"https:\/\/digitalworkflowmasters.com\/romana\/shop\/bien-air-chiropro-3rd-gen-physiodispenser\/","title":{"rendered":"Fiziodispenser Bien Air Chiropro 3rd Gen"},"content":{"rendered":"<h3 data-start=\"240\" data-end=\"309\"><strong data-start=\"244\" data-end=\"309\">Fiziodispenser Bien-Air Chiropro 3rd Gen<\/strong><\/h3>\n<p data-start=\"311\" data-end=\"686\"><strong data-start=\"311\" data-end=\"340\">Bien-Air Chiropro 3rd Gen<\/strong> este un <strong data-start=\"349\" data-end=\"428\">fiziodispenser de \u00eenalt\u0103 precizie pentru chirurgie dentar\u0103 \u0219i implantologie<\/strong>, conceput pentru a oferi un control total asupra parametrilor clinici esen\u021biali: <strong data-start=\"510\" data-end=\"556\">vitez\u0103, cuplu, iriga\u021bie \u0219i sensul rota\u021biei<\/strong>. Este alegerea ideal\u0103 pentru profesioni\u0219ti care doresc fiabilitate, ergonomie \u0219i performan\u021b\u0103 \u00een interven\u021biile chirurgicale orale.<\/p>\n<p data-start=\"688\" data-end=\"1019\">Echipamentul integreaz\u0103 un <strong data-start=\"715\" data-end=\"760\">micromotor electric puternic \u0219i silen\u021bios<\/strong>, capabil s\u0103 sus\u021bin\u0103 o gam\u0103 variat\u0103 de proceduri chirurgicale. <strong data-start=\"823\" data-end=\"855\">Pompa peristaltic\u0103 eficient\u0103<\/strong> asigur\u0103 irigare constant\u0103 \u0219i precis\u0103, iar <strong data-start=\"898\" data-end=\"925\">pedala multifunc\u021bional\u0103<\/strong> permite controlul complet al opera\u021biunilor, f\u0103r\u0103 a compromite sterilitatea c\u00e2mpului operator.<\/p>\n<p data-start=\"1021\" data-end=\"1301\">Interfa\u021ba intuitiv\u0103, cu ecran LCD, ofer\u0103 acces rapid la <strong data-start=\"1077\" data-end=\"1121\">programele presetate sau personalizabile<\/strong>, fiind compatibil cu majoritatea sistemelor de implanturi. Chiropro 3rd Gen permite <strong data-start=\"1206\" data-end=\"1238\">standardizarea tratamentului<\/strong>, \u00eembun\u0103t\u0103\u021bind siguran\u021ba \u0219i eficien\u021ba \u00een cadrul interven\u021biilor.<\/p>\n<hr data-start=\"1303\" data-end=\"1306\" \/>\n<h3 data-start=\"1308\" data-end=\"1356\"><strong data-start=\"1312\" data-end=\"1356\">Utiliz\u0103ri ale Bien-Air Chiropro 3rd Gen:<\/strong><\/h3>\n<ul data-start=\"1357\" data-end=\"1563\">\n<li data-start=\"1357\" data-end=\"1392\">\n<p data-start=\"1359\" data-end=\"1392\">Inserarea implanturilor dentare<\/p>\n<\/li>\n<li data-start=\"1393\" data-end=\"1443\">\n<p data-start=\"1395\" data-end=\"1443\">Chirurgie oral\u0103 \u0219i osoas\u0103 cu iriga\u021bie continu\u0103<\/p>\n<\/li>\n<li data-start=\"1444\" data-end=\"1509\">\n<p data-start=\"1446\" data-end=\"1509\">Proceduri care necesit\u0103 control precis al cuplului \u0219i vitezei<\/p>\n<\/li>\n<li data-start=\"1510\" data-end=\"1563\">\n<p data-start=\"1512\" data-end=\"1563\">Interven\u021bii repetate bazate pe protocoale salvate<\/p>\n<\/li>\n<\/ul>\n<hr data-start=\"1565\" data-end=\"1568\" \/>\n<h3 data-start=\"1570\" data-end=\"1587\"><strong data-start=\"1574\" data-end=\"1587\">Avantaje:<\/strong><\/h3>\n<ul data-start=\"1588\" data-end=\"1993\">\n<li data-start=\"1588\" data-end=\"1632\">\n<p data-start=\"1590\" data-end=\"1632\"><strong data-start=\"1590\" data-end=\"1630\">Micromotor electric fiabil \u0219i precis<\/strong><\/p>\n<\/li>\n<li data-start=\"1633\" data-end=\"1701\">\n<p data-start=\"1635\" data-end=\"1701\"><strong data-start=\"1635\" data-end=\"1699\">Pompa peristaltic\u0103 integrat\u0103 \u2013 irigare continu\u0103 \u0219i eficient\u0103<\/strong><\/p>\n<\/li>\n<li data-start=\"1702\" data-end=\"1752\">\n<p data-start=\"1704\" data-end=\"1752\"><strong data-start=\"1704\" data-end=\"1750\">Control total prin pedal\u0103 multifunc\u021bional\u0103<\/strong><\/p>\n<\/li>\n<li data-start=\"1753\" data-end=\"1812\">\n<p data-start=\"1755\" data-end=\"1812\"><strong data-start=\"1755\" data-end=\"1810\">Compatibil cu o gam\u0103 larg\u0103 de sisteme de implanturi<\/strong><\/p>\n<\/li>\n<li data-start=\"1813\" data-end=\"1857\">\n<p data-start=\"1815\" data-end=\"1857\"><strong data-start=\"1815\" data-end=\"1855\">Interfa\u021b\u0103 prietenoas\u0103 cu afi\u0219aj clar<\/strong><\/p>\n<\/li>\n<li data-start=\"1858\" data-end=\"1919\">\n<p data-start=\"1860\" data-end=\"1919\"><strong data-start=\"1860\" data-end=\"1917\">Programare simpl\u0103 \u0219i salvare protocoale personalizate<\/strong><\/p>\n<\/li>\n<li data-start=\"1920\" data-end=\"1993\">\n<p data-start=\"1922\" data-end=\"1993\"><strong data-start=\"1922\" data-end=\"1991\">Construc\u021bie robust\u0103 \u2013 ideal pentru utilizare intensiv\u0103 \u00een cabinet<\/strong><\/p>\n<\/li>\n<\/ul>\n","protected":false},"excerpt":{"rendered":"<p><strong data-start=\"2046\" data-end=\"2066\">Chiropro 3rd Gen<\/strong> este un fiziodispenser de \u00eenalt\u0103 precizie pentru implanturi dentare, cu iriga\u021bie constant\u0103, pedal\u0103 multifunc\u021bional\u0103 \u0219i interfa\u021b\u0103 intuitiv\u0103.<\/p>\n","protected":false},"featured_media":32964,"template":"","meta":{"_acf_changed":false,"om_disable_all_campaigns":false},"product_brand":[],"product_cat":[452],"product_tag":[],"class_list":{"0":"post-8227","1":"product","2":"type-product","3":"status-publish","4":"has-post-thumbnail","6":"product_cat-fiziodispensere-chirurgie","8":"first","9":"instock","10":"shipping-taxable","11":"purchasable","12":"product-type-simple"},"acf":[],"yoast_head":"<!-- This site is optimized with the Yoast SEO plugin v25.3 - https:\/\/yoast.com\/wordpress\/plugins\/seo\/ -->\n<title>Fiziodispenser Bien Air Chiropro 3rd Gen - Digital Workflow Masters<\/title>\n<meta name=\"description\" content=\"Fiziodispenser Bien-Air Chiropro 3rd Gen \u2013 motor implant dentar cu iriga\u021bie eficient\u0103, pedal\u0103 inteligent\u0103 \u0219i control precis pentru chirurgie dentar\u0103 avansat\u0103.\" \/>\n<meta name=\"robots\" content=\"index, follow, max-snippet:-1, max-image-preview:large, max-video-preview:-1\" \/>\n<link rel=\"canonical\" href=\"https:\/\/digitalworkflowmasters.com\/romana\/shop\/bien-air-chiropro-3rd-gen-physiodispenser\/\" \/>\n<meta property=\"og:locale\" content=\"ro_RO\" \/>\n<meta property=\"og:type\" content=\"article\" \/>\n<meta property=\"og:title\" content=\"Fiziodispenser Bien Air Chiropro 3rd Gen - Digital Workflow Masters\" \/>\n<meta property=\"og:description\" content=\"Fiziodispenser Bien-Air Chiropro 3rd Gen \u2013 motor implant dentar cu iriga\u021bie eficient\u0103, pedal\u0103 inteligent\u0103 \u0219i control precis pentru chirurgie dentar\u0103 avansat\u0103.\" \/>\n<meta property=\"og:url\" content=\"https:\/\/digitalworkflowmasters.com\/romana\/shop\/bien-air-chiropro-3rd-gen-physiodispenser\/\" \/>\n<meta property=\"og:site_name\" content=\"Digital Workflow Masters\" \/>\n<meta property=\"article:publisher\" content=\"https:\/\/www.facebook.com\/digitalworkflowmasters\/\" \/>\n<meta property=\"article:modified_time\" content=\"2025-06-25T20:31:31+00:00\" \/>\n<meta property=\"og:image\" content=\"https:\/\/digitalworkflowmasters.com\/romana\/wp-content\/uploads\/2025\/03\/Fiziodispenser-Bien-Air-Chiropro-3rd-Gen-1-1.jpg\" \/>\n\t<meta property=\"og:image:width\" content=\"1000\" \/>\n\t<meta property=\"og:image:height\" content=\"1000\" \/>\n\t<meta property=\"og:image:type\" content=\"image\/jpeg\" \/>\n<meta name=\"twitter:card\" content=\"summary_large_image\" \/>\n<meta name=\"twitter:label1\" content=\"Timp estimat pentru citire\" \/>\n\t<meta name=\"twitter:data1\" content=\"2 minute\" \/>\n<script type=\"application\/ld+json\" class=\"yoast-schema-graph\">{\"@context\":\"https:\/\/schema.org\",\"@graph\":[{\"@type\":\"WebPage\",\"@id\":\"https:\/\/digitalworkflowmasters.com\/romana\/shop\/bien-air-chiropro-3rd-gen-physiodispenser\/\",\"url\":\"https:\/\/digitalworkflowmasters.com\/romana\/shop\/bien-air-chiropro-3rd-gen-physiodispenser\/\",\"name\":\"Fiziodispenser Bien Air Chiropro 3rd Gen - Digital Workflow Masters\",\"isPartOf\":{\"@id\":\"https:\/\/digitalworkflowmasters.com\/romana\/#website\"},\"primaryImageOfPage\":{\"@id\":\"https:\/\/digitalworkflowmasters.com\/romana\/shop\/bien-air-chiropro-3rd-gen-physiodispenser\/#primaryimage\"},\"image\":{\"@id\":\"https:\/\/digitalworkflowmasters.com\/romana\/shop\/bien-air-chiropro-3rd-gen-physiodispenser\/#primaryimage\"},\"thumbnailUrl\":\"https:\/\/digitalworkflowmasters.com\/romana\/wp-content\/uploads\/2025\/03\/Fiziodispenser-Bien-Air-Chiropro-3rd-Gen-1-1.jpg\",\"datePublished\":\"2025-03-26T08:33:27+00:00\",\"dateModified\":\"2025-06-25T20:31:31+00:00\",\"description\":\"Fiziodispenser Bien-Air Chiropro 3rd Gen \u2013 motor implant dentar cu iriga\u021bie eficient\u0103, pedal\u0103 inteligent\u0103 \u0219i control precis pentru chirurgie dentar\u0103 avansat\u0103.\",\"breadcrumb\":{\"@id\":\"https:\/\/digitalworkflowmasters.com\/romana\/shop\/bien-air-chiropro-3rd-gen-physiodispenser\/#breadcrumb\"},\"inLanguage\":\"ro-RO\",\"potentialAction\":[{\"@type\":\"ReadAction\",\"target\":[\"https:\/\/digitalworkflowmasters.com\/romana\/shop\/bien-air-chiropro-3rd-gen-physiodispenser\/\"]}]},{\"@type\":\"ImageObject\",\"inLanguage\":\"ro-RO\",\"@id\":\"https:\/\/digitalworkflowmasters.com\/romana\/shop\/bien-air-chiropro-3rd-gen-physiodispenser\/#primaryimage\",\"url\":\"https:\/\/digitalworkflowmasters.com\/romana\/wp-content\/uploads\/2025\/03\/Fiziodispenser-Bien-Air-Chiropro-3rd-Gen-1-1.jpg\",\"contentUrl\":\"https:\/\/digitalworkflowmasters.com\/romana\/wp-content\/uploads\/2025\/03\/Fiziodispenser-Bien-Air-Chiropro-3rd-Gen-1-1.jpg\",\"width\":1000,\"height\":1000},{\"@type\":\"BreadcrumbList\",\"@id\":\"https:\/\/digitalworkflowmasters.com\/romana\/shop\/bien-air-chiropro-3rd-gen-physiodispenser\/#breadcrumb\",\"itemListElement\":[{\"@type\":\"ListItem\",\"position\":1,\"name\":\"Home\",\"item\":\"https:\/\/digitalworkflowmasters.com\/romana\/\"},{\"@type\":\"ListItem\",\"position\":2,\"name\":\"Products\",\"item\":\"https:\/\/digitalworkflowmasters.com\/romana\/shop\/\"},{\"@type\":\"ListItem\",\"position\":3,\"name\":\"Chirurgie\",\"item\":\"https:\/\/digitalworkflowmasters.com\/romana\/product-category\/chirurgie\/\"},{\"@type\":\"ListItem\",\"position\":4,\"name\":\"Fiziodispensere, Chirurgie\",\"item\":\"https:\/\/digitalworkflowmasters.com\/romana\/product-category\/chirurgie\/fiziodispensere-chirurgie\/\"},{\"@type\":\"ListItem\",\"position\":5,\"name\":\"Fiziodispenser Bien Air Chiropro 3rd Gen\"}]},{\"@type\":\"WebSite\",\"@id\":\"https:\/\/digitalworkflowmasters.com\/romana\/#website\",\"url\":\"https:\/\/digitalworkflowmasters.com\/romana\/\",\"name\":\"Digital Workflow Masters\",\"description\":\"Premium Dental Equipment\",\"publisher\":{\"@id\":\"https:\/\/digitalworkflowmasters.com\/romana\/#organization\"},\"potentialAction\":[{\"@type\":\"SearchAction\",\"target\":{\"@type\":\"EntryPoint\",\"urlTemplate\":\"https:\/\/digitalworkflowmasters.com\/romana\/?s={search_term_string}\"},\"query-input\":{\"@type\":\"PropertyValueSpecification\",\"valueRequired\":true,\"valueName\":\"search_term_string\"}}],\"inLanguage\":\"ro-RO\"},{\"@type\":\"Organization\",\"@id\":\"https:\/\/digitalworkflowmasters.com\/romana\/#organization\",\"name\":\"Digital Workflow Masters\",\"url\":\"https:\/\/digitalworkflowmasters.com\/romana\/\",\"logo\":{\"@type\":\"ImageObject\",\"inLanguage\":\"ro-RO\",\"@id\":\"https:\/\/digitalworkflowmasters.com\/romana\/#\/schema\/logo\/image\/\",\"url\":\"https:\/\/digitalworkflowmasters.com\/romana\/wp-content\/uploads\/2025\/08\/1.png\",\"contentUrl\":\"https:\/\/digitalworkflowmasters.com\/romana\/wp-content\/uploads\/2025\/08\/1.png\",\"width\":1080,\"height\":1080,\"caption\":\"Digital Workflow Masters\"},\"image\":{\"@id\":\"https:\/\/digitalworkflowmasters.com\/romana\/#\/schema\/logo\/image\/\"},\"sameAs\":[\"https:\/\/www.facebook.com\/digitalworkflowmasters\/\",\"https:\/\/www.instagram.com\/digitalworkflowmasters\/\"]}]}<\/script>\n<!-- \/ Yoast SEO plugin. -->","yoast_head_json":{"title":"Fiziodispenser Bien Air Chiropro 3rd Gen - Digital Workflow Masters","description":"Fiziodispenser Bien-Air Chiropro 3rd Gen \u2013 motor implant dentar cu iriga\u021bie eficient\u0103, pedal\u0103 inteligent\u0103 \u0219i control precis pentru chirurgie dentar\u0103 avansat\u0103.","robots":{"index":"index","follow":"follow","max-snippet":"max-snippet:-1","max-image-preview":"max-image-preview:large","max-video-preview":"max-video-preview:-1"},"canonical":"https:\/\/digitalworkflowmasters.com\/romana\/shop\/bien-air-chiropro-3rd-gen-physiodispenser\/","og_locale":"ro_RO","og_type":"article","og_title":"Fiziodispenser Bien Air Chiropro 3rd Gen - Digital Workflow Masters","og_description":"Fiziodispenser Bien-Air Chiropro 3rd Gen \u2013 motor implant dentar cu iriga\u021bie eficient\u0103, pedal\u0103 inteligent\u0103 \u0219i control precis pentru chirurgie dentar\u0103 avansat\u0103.","og_url":"https:\/\/digitalworkflowmasters.com\/romana\/shop\/bien-air-chiropro-3rd-gen-physiodispenser\/","og_site_name":"Digital Workflow Masters","article_publisher":"https:\/\/www.facebook.com\/digitalworkflowmasters\/","article_modified_time":"2025-06-25T20:31:31+00:00","og_image":[{"width":1000,"height":1000,"url":"https:\/\/digitalworkflowmasters.com\/romana\/wp-content\/uploads\/2025\/03\/Fiziodispenser-Bien-Air-Chiropro-3rd-Gen-1-1.jpg","type":"image\/jpeg"}],"twitter_card":"summary_large_image","twitter_misc":{"Timp estimat pentru citire":"2 minute"},"schema":{"@context":"https:\/\/schema.org","@graph":[{"@type":"WebPage","@id":"https:\/\/digitalworkflowmasters.com\/romana\/shop\/bien-air-chiropro-3rd-gen-physiodispenser\/","url":"https:\/\/digitalworkflowmasters.com\/romana\/shop\/bien-air-chiropro-3rd-gen-physiodispenser\/","name":"Fiziodispenser Bien Air Chiropro 3rd Gen - Digital Workflow Masters","isPartOf":{"@id":"https:\/\/digitalworkflowmasters.com\/romana\/#website"},"primaryImageOfPage":{"@id":"https:\/\/digitalworkflowmasters.com\/romana\/shop\/bien-air-chiropro-3rd-gen-physiodispenser\/#primaryimage"},"image":{"@id":"https:\/\/digitalworkflowmasters.com\/romana\/shop\/bien-air-chiropro-3rd-gen-physiodispenser\/#primaryimage"},"thumbnailUrl":"https:\/\/digitalworkflowmasters.com\/romana\/wp-content\/uploads\/2025\/03\/Fiziodispenser-Bien-Air-Chiropro-3rd-Gen-1-1.jpg","datePublished":"2025-03-26T08:33:27+00:00","dateModified":"2025-06-25T20:31:31+00:00","description":"Fiziodispenser Bien-Air Chiropro 3rd Gen \u2013 motor implant dentar cu iriga\u021bie eficient\u0103, pedal\u0103 inteligent\u0103 \u0219i control precis pentru chirurgie dentar\u0103 avansat\u0103.","breadcrumb":{"@id":"https:\/\/digitalworkflowmasters.com\/romana\/shop\/bien-air-chiropro-3rd-gen-physiodispenser\/#breadcrumb"},"inLanguage":"ro-RO","potentialAction":[{"@type":"ReadAction","target":["https:\/\/digitalworkflowmasters.com\/romana\/shop\/bien-air-chiropro-3rd-gen-physiodispenser\/"]}]},{"@type":"ImageObject","inLanguage":"ro-RO","@id":"https:\/\/digitalworkflowmasters.com\/romana\/shop\/bien-air-chiropro-3rd-gen-physiodispenser\/#primaryimage","url":"https:\/\/digitalworkflowmasters.com\/romana\/wp-content\/uploads\/2025\/03\/Fiziodispenser-Bien-Air-Chiropro-3rd-Gen-1-1.jpg","contentUrl":"https:\/\/digitalworkflowmasters.com\/romana\/wp-content\/uploads\/2025\/03\/Fiziodispenser-Bien-Air-Chiropro-3rd-Gen-1-1.jpg","width":1000,"height":1000},{"@type":"BreadcrumbList","@id":"https:\/\/digitalworkflowmasters.com\/romana\/shop\/bien-air-chiropro-3rd-gen-physiodispenser\/#breadcrumb","itemListElement":[{"@type":"ListItem","position":1,"name":"Home","item":"https:\/\/digitalworkflowmasters.com\/romana\/"},{"@type":"ListItem","position":2,"name":"Products","item":"https:\/\/digitalworkflowmasters.com\/romana\/shop\/"},{"@type":"ListItem","position":3,"name":"Chirurgie","item":"https:\/\/digitalworkflowmasters.com\/romana\/product-category\/chirurgie\/"},{"@type":"ListItem","position":4,"name":"Fiziodispensere, Chirurgie","item":"https:\/\/digitalworkflowmasters.com\/romana\/product-category\/chirurgie\/fiziodispensere-chirurgie\/"},{"@type":"ListItem","position":5,"name":"Fiziodispenser Bien Air Chiropro 3rd Gen"}]},{"@type":"WebSite","@id":"https:\/\/digitalworkflowmasters.com\/romana\/#website","url":"https:\/\/digitalworkflowmasters.com\/romana\/","name":"Digital Workflow Masters","description":"Premium Dental Equipment","publisher":{"@id":"https:\/\/digitalworkflowmasters.com\/romana\/#organization"},"potentialAction":[{"@type":"SearchAction","target":{"@type":"EntryPoint","urlTemplate":"https:\/\/digitalworkflowmasters.com\/romana\/?s={search_term_string}"},"query-input":{"@type":"PropertyValueSpecification","valueRequired":true,"valueName":"search_term_string"}}],"inLanguage":"ro-RO"},{"@type":"Organization","@id":"https:\/\/digitalworkflowmasters.com\/romana\/#organization","name":"Digital Workflow Masters","url":"https:\/\/digitalworkflowmasters.com\/romana\/","logo":{"@type":"ImageObject","inLanguage":"ro-RO","@id":"https:\/\/digitalworkflowmasters.com\/romana\/#\/schema\/logo\/image\/","url":"https:\/\/digitalworkflowmasters.com\/romana\/wp-content\/uploads\/2025\/08\/1.png","contentUrl":"https:\/\/digitalworkflowmasters.com\/romana\/wp-content\/uploads\/2025\/08\/1.png","width":1080,"height":1080,"caption":"Digital Workflow Masters"},"image":{"@id":"https:\/\/digitalworkflowmasters.com\/romana\/#\/schema\/logo\/image\/"},"sameAs":["https:\/\/www.facebook.com\/digitalworkflowmasters\/","https:\/\/www.instagram.com\/digitalworkflowmasters\/"]}]}},"_links":{"self":[{"href":"https:\/\/digitalworkflowmasters.com\/romana\/wp-json\/wp\/v2\/product\/8227","targetHints":{"allow":["GET"]}}],"collection":[{"href":"https:\/\/digitalworkflowmasters.com\/romana\/wp-json\/wp\/v2\/product"}],"about":[{"href":"https:\/\/digitalworkflowmasters.com\/romana\/wp-json\/wp\/v2\/types\/product"}],"version-history":[{"count":0,"href":"https:\/\/digitalworkflowmasters.com\/romana\/wp-json\/wp\/v2\/product\/8227\/revisions"}],"wp:featuredmedia":[{"embeddable":true,"href":"https:\/\/digitalworkflowmasters.com\/romana\/wp-json\/wp\/v2\/media\/32964"}],"wp:attachment":[{"href":"https:\/\/digitalworkflowmasters.com\/romana\/wp-json\/wp\/v2\/media?parent=8227"}],"wp:term":[{"taxonomy":"product_brand","embeddable":true,"href":"https:\/\/digitalworkflowmasters.com\/romana\/wp-json\/wp\/v2\/product_brand?post=8227"},{"taxonomy":"product_cat","embeddable":true,"href":"https:\/\/digitalworkflowmasters.com\/romana\/wp-json\/wp\/v2\/product_cat?post=8227"},{"taxonomy":"product_tag","embeddable":true,"href":"https:\/\/digitalworkflowmasters.com\/romana\/wp-json\/wp\/v2\/product_tag?post=8227"}],"curies":[{"name":"wp","href":"https:\/\/api.w.org\/{rel}","templated":true}]}}