{"id":8237,"date":"2025-03-26T08:33:27","date_gmt":"2025-03-26T08:33:27","guid":{"rendered":"https:\/\/digitalworkflowmasters.com\/?post_type=product&#038;p=8237"},"modified":"2025-06-25T20:28:58","modified_gmt":"2025-06-25T20:28:58","slug":"bien-air-ichiropro-physiodispenser","status":"publish","type":"product","link":"https:\/\/digitalworkflowmasters.com\/romana\/shop\/bien-air-ichiropro-physiodispenser\/","title":{"rendered":"Fiziodispenser Bien Air iCHIROPRO"},"content":{"rendered":"<ul>\n<li>\n<h3 data-start=\"233\" data-end=\"295\"><strong data-start=\"237\" data-end=\"295\">Fiziodispenser Bien-Air iChiropro<\/strong><\/h3>\n<p data-start=\"297\" data-end=\"685\"><strong data-start=\"297\" data-end=\"319\">Bien-Air iChiropro<\/strong> este un <strong data-start=\"328\" data-end=\"396\">fiziodispenser premium pentru chirurgie dentar\u0103 \u0219i implantologie<\/strong>, proiectat pentru a oferi un control excep\u021bional, precizie \u0219i versatilitate \u00een proceduri complexe. Este un <strong data-start=\"504\" data-end=\"535\">motor pentru implant dentar<\/strong> de ultim\u0103 genera\u021bie, care \u00eembin\u0103 performan\u021ba unui micromotor puternic cu o interfa\u021b\u0103 digital\u0103 intuitiv\u0103 \u0219i control complet prin <strong data-start=\"664\" data-end=\"684\">iPad Air \/ Air 2<\/strong>.<\/p>\n<p data-start=\"687\" data-end=\"973\">Dispozitivul ofer\u0103 <strong data-start=\"706\" data-end=\"744\">peste 20 de programe personalizate<\/strong> \u0219i posibilitatea de a crea protocoale noi pentru diverse sisteme de implanturi. Pompa peristaltic\u0103 inovatoare permite un <strong data-start=\"866\" data-end=\"904\">debit reglabil \u00eentre 30\u2013125 ml\/min<\/strong>, asigur\u00e2nd o iriga\u021bie eficient\u0103 \u0219i constant\u0103 \u00een timpul interven\u021biei.<\/p>\n<p data-start=\"975\" data-end=\"1320\">Pedala multifunc\u021bional\u0103 permite <strong data-start=\"1007\" data-end=\"1041\">controlul progresiv al vitezei<\/strong>, activarea\/dezactivarea pompei, selec\u021bia programelor \u0219i schimbarea sensului de rota\u021bie al micromotorului \u2014 totul <strong data-start=\"1155\" data-end=\"1202\">f\u0103r\u0103 a ridica m\u00e2inile de pe c\u00e2mpul operator<\/strong>. Contraunghiul inclus are <strong data-start=\"1229\" data-end=\"1262\">cel mai mic cap din industrie<\/strong>, oferind acces excelent chiar \u0219i \u00een zonele greu vizibile.<\/p>\n<hr data-start=\"1322\" data-end=\"1325\" \/>\n<h3 data-start=\"1327\" data-end=\"1368\"><strong data-start=\"1331\" data-end=\"1368\">Utiliz\u0103ri ale Bien-Air iChiropro:<\/strong><\/h3>\n<ul data-start=\"1369\" data-end=\"1622\">\n<li data-start=\"1369\" data-end=\"1413\">\n<p data-start=\"1371\" data-end=\"1413\">Chirurgie oral\u0103 \u0219i implantologie dentar\u0103<\/p>\n<\/li>\n<li data-start=\"1414\" data-end=\"1482\">\n<p data-start=\"1416\" data-end=\"1482\">Inserarea implanturilor cu control precis al cuplului \u0219i vitezei<\/p>\n<\/li>\n<li data-start=\"1483\" data-end=\"1551\">\n<p data-start=\"1485\" data-end=\"1551\">Proceduri chirurgicale complexe cu necesar de iriga\u021bie constant\u0103<\/p>\n<\/li>\n<li data-start=\"1552\" data-end=\"1622\">\n<p data-start=\"1554\" data-end=\"1622\">Personalizarea protocoalelor pentru diverse branduri de implanturi<\/p>\n<\/li>\n<\/ul>\n<hr data-start=\"1624\" data-end=\"1627\" \/>\n<h3 data-start=\"1629\" data-end=\"1646\"><strong data-start=\"1633\" data-end=\"1646\">Avantaje:<\/strong><\/h3>\n<ul data-start=\"1647\" data-end=\"2074\">\n<li data-start=\"1647\" data-end=\"1717\">\n<p data-start=\"1649\" data-end=\"1717\"><strong data-start=\"1649\" data-end=\"1715\">Peste 20 de programe preconfigurate + op\u021biuni de personalizare<\/strong><\/p>\n<\/li>\n<li data-start=\"1718\" data-end=\"1787\">\n<p data-start=\"1720\" data-end=\"1787\"><strong data-start=\"1720\" data-end=\"1785\">Compatibil cu iPad Air \/ Air 2 pentru control digital complet<\/strong><\/p>\n<\/li>\n<li data-start=\"1788\" data-end=\"1849\">\n<p data-start=\"1790\" data-end=\"1849\"><strong data-start=\"1790\" data-end=\"1847\">Pompa peristaltic\u0103 silen\u021bioas\u0103 cu debit 30\u2013125 ml\/min<\/strong><\/p>\n<\/li>\n<li data-start=\"1850\" data-end=\"1909\">\n<p data-start=\"1852\" data-end=\"1909\"><strong data-start=\"1852\" data-end=\"1907\">Pedal\u0103 multifunc\u021bional\u0103 cu control total hands-free<\/strong><\/p>\n<\/li>\n<li data-start=\"1910\" data-end=\"1956\">\n<p data-start=\"1912\" data-end=\"1956\"><strong data-start=\"1912\" data-end=\"1954\">Micromotor compact, fiabil \u0219i puternic<\/strong><\/p>\n<\/li>\n<li data-start=\"1957\" data-end=\"2019\">\n<p data-start=\"1959\" data-end=\"2019\"><strong data-start=\"1959\" data-end=\"2017\">Contraunghi cu cap ultra-compact \u2013 vizibilitate optim\u0103<\/strong><\/p>\n<\/li>\n<li data-start=\"2020\" data-end=\"2074\">\n<p data-start=\"2022\" data-end=\"2074\"><strong data-start=\"2022\" data-end=\"2072\">Interfa\u021b\u0103 simpl\u0103 \u0219i intuitiv\u0103 \u2013 operare rapid\u0103<\/strong><\/p>\n<\/li>\n<\/ul>\n<\/li>\n<\/ul>\n","protected":false},"excerpt":{"rendered":"<p data-start=\"2127\" data-end=\"2301\"><strong data-start=\"2127\" data-end=\"2149\">Bien-Air iChiropro<\/strong> este un fiziodispenser de top pentru chirurgie dentar\u0103 \u0219i implantologie, cu control digital prin iPad, iriga\u021bie performant\u0103 \u0219i pedal\u0103 multifunc\u021bional\u0103.<\/p>\n","protected":false},"featured_media":32972,"template":"","meta":{"_acf_changed":false,"om_disable_all_campaigns":false},"product_brand":[],"product_cat":[452],"product_tag":[],"class_list":{"0":"post-8237","1":"product","2":"type-product","3":"status-publish","4":"has-post-thumbnail","6":"product_cat-fiziodispensere-chirurgie","8":"first","9":"instock","10":"shipping-taxable","11":"purchasable","12":"product-type-simple"},"acf":[],"yoast_head":"<!-- This site is optimized with the Yoast SEO plugin v25.3 - https:\/\/yoast.com\/wordpress\/plugins\/seo\/ -->\n<title>Fiziodispenser Bien Air iCHIROPRO - Digital Workflow Masters<\/title>\n<meta name=\"description\" content=\"Fiziodispenser Bien-Air iChiropro \u2013 motor implant dentar digital. Control iPad, pedal\u0103 inteligent\u0103, iriga\u021bie 125 ml\/min. Precizie pentru chirurgie dentar\u0103.\" \/>\n<meta name=\"robots\" content=\"index, follow, max-snippet:-1, max-image-preview:large, max-video-preview:-1\" \/>\n<link rel=\"canonical\" href=\"https:\/\/digitalworkflowmasters.com\/romana\/shop\/bien-air-ichiropro-physiodispenser\/\" \/>\n<meta property=\"og:locale\" content=\"ro_RO\" \/>\n<meta property=\"og:type\" content=\"article\" \/>\n<meta property=\"og:title\" content=\"Fiziodispenser Bien Air iCHIROPRO - Digital Workflow Masters\" \/>\n<meta property=\"og:description\" content=\"Fiziodispenser Bien-Air iChiropro \u2013 motor implant dentar digital. Control iPad, pedal\u0103 inteligent\u0103, iriga\u021bie 125 ml\/min. Precizie pentru chirurgie dentar\u0103.\" \/>\n<meta property=\"og:url\" content=\"https:\/\/digitalworkflowmasters.com\/romana\/shop\/bien-air-ichiropro-physiodispenser\/\" \/>\n<meta property=\"og:site_name\" content=\"Digital Workflow Masters\" \/>\n<meta property=\"article:publisher\" content=\"https:\/\/www.facebook.com\/digitalworkflowmasters\/\" \/>\n<meta property=\"article:modified_time\" content=\"2025-06-25T20:28:58+00:00\" \/>\n<meta property=\"og:image\" content=\"https:\/\/digitalworkflowmasters.com\/romana\/wp-content\/uploads\/2025\/03\/Fiziodispenser-Bien-Air-iCHIROPRO-2-1.jpg\" \/>\n\t<meta property=\"og:image:width\" content=\"1000\" \/>\n\t<meta property=\"og:image:height\" content=\"1000\" \/>\n\t<meta property=\"og:image:type\" content=\"image\/jpeg\" \/>\n<meta name=\"twitter:card\" content=\"summary_large_image\" \/>\n<meta name=\"twitter:label1\" content=\"Timp estimat pentru citire\" \/>\n\t<meta name=\"twitter:data1\" content=\"2 minute\" \/>\n<script type=\"application\/ld+json\" class=\"yoast-schema-graph\">{\"@context\":\"https:\/\/schema.org\",\"@graph\":[{\"@type\":\"WebPage\",\"@id\":\"https:\/\/digitalworkflowmasters.com\/romana\/shop\/bien-air-ichiropro-physiodispenser\/\",\"url\":\"https:\/\/digitalworkflowmasters.com\/romana\/shop\/bien-air-ichiropro-physiodispenser\/\",\"name\":\"Fiziodispenser Bien Air iCHIROPRO - Digital Workflow Masters\",\"isPartOf\":{\"@id\":\"https:\/\/digitalworkflowmasters.com\/romana\/#website\"},\"primaryImageOfPage\":{\"@id\":\"https:\/\/digitalworkflowmasters.com\/romana\/shop\/bien-air-ichiropro-physiodispenser\/#primaryimage\"},\"image\":{\"@id\":\"https:\/\/digitalworkflowmasters.com\/romana\/shop\/bien-air-ichiropro-physiodispenser\/#primaryimage\"},\"thumbnailUrl\":\"https:\/\/digitalworkflowmasters.com\/romana\/wp-content\/uploads\/2025\/03\/Fiziodispenser-Bien-Air-iCHIROPRO-2-1.jpg\",\"datePublished\":\"2025-03-26T08:33:27+00:00\",\"dateModified\":\"2025-06-25T20:28:58+00:00\",\"description\":\"Fiziodispenser Bien-Air iChiropro \u2013 motor implant dentar digital. Control iPad, pedal\u0103 inteligent\u0103, iriga\u021bie 125 ml\/min. Precizie pentru chirurgie dentar\u0103.\",\"breadcrumb\":{\"@id\":\"https:\/\/digitalworkflowmasters.com\/romana\/shop\/bien-air-ichiropro-physiodispenser\/#breadcrumb\"},\"inLanguage\":\"ro-RO\",\"potentialAction\":[{\"@type\":\"ReadAction\",\"target\":[\"https:\/\/digitalworkflowmasters.com\/romana\/shop\/bien-air-ichiropro-physiodispenser\/\"]}]},{\"@type\":\"ImageObject\",\"inLanguage\":\"ro-RO\",\"@id\":\"https:\/\/digitalworkflowmasters.com\/romana\/shop\/bien-air-ichiropro-physiodispenser\/#primaryimage\",\"url\":\"https:\/\/digitalworkflowmasters.com\/romana\/wp-content\/uploads\/2025\/03\/Fiziodispenser-Bien-Air-iCHIROPRO-2-1.jpg\",\"contentUrl\":\"https:\/\/digitalworkflowmasters.com\/romana\/wp-content\/uploads\/2025\/03\/Fiziodispenser-Bien-Air-iCHIROPRO-2-1.jpg\",\"width\":1000,\"height\":1000},{\"@type\":\"BreadcrumbList\",\"@id\":\"https:\/\/digitalworkflowmasters.com\/romana\/shop\/bien-air-ichiropro-physiodispenser\/#breadcrumb\",\"itemListElement\":[{\"@type\":\"ListItem\",\"position\":1,\"name\":\"Home\",\"item\":\"https:\/\/digitalworkflowmasters.com\/romana\/\"},{\"@type\":\"ListItem\",\"position\":2,\"name\":\"Products\",\"item\":\"https:\/\/digitalworkflowmasters.com\/romana\/shop\/\"},{\"@type\":\"ListItem\",\"position\":3,\"name\":\"Chirurgie\",\"item\":\"https:\/\/digitalworkflowmasters.com\/romana\/product-category\/chirurgie\/\"},{\"@type\":\"ListItem\",\"position\":4,\"name\":\"Fiziodispensere, Chirurgie\",\"item\":\"https:\/\/digitalworkflowmasters.com\/romana\/product-category\/chirurgie\/fiziodispensere-chirurgie\/\"},{\"@type\":\"ListItem\",\"position\":5,\"name\":\"Fiziodispenser Bien Air iCHIROPRO\"}]},{\"@type\":\"WebSite\",\"@id\":\"https:\/\/digitalworkflowmasters.com\/romana\/#website\",\"url\":\"https:\/\/digitalworkflowmasters.com\/romana\/\",\"name\":\"Digital Workflow Masters\",\"description\":\"Premium Dental Equipment\",\"publisher\":{\"@id\":\"https:\/\/digitalworkflowmasters.com\/romana\/#organization\"},\"potentialAction\":[{\"@type\":\"SearchAction\",\"target\":{\"@type\":\"EntryPoint\",\"urlTemplate\":\"https:\/\/digitalworkflowmasters.com\/romana\/?s={search_term_string}\"},\"query-input\":{\"@type\":\"PropertyValueSpecification\",\"valueRequired\":true,\"valueName\":\"search_term_string\"}}],\"inLanguage\":\"ro-RO\"},{\"@type\":\"Organization\",\"@id\":\"https:\/\/digitalworkflowmasters.com\/romana\/#organization\",\"name\":\"Digital Workflow Masters\",\"url\":\"https:\/\/digitalworkflowmasters.com\/romana\/\",\"logo\":{\"@type\":\"ImageObject\",\"inLanguage\":\"ro-RO\",\"@id\":\"https:\/\/digitalworkflowmasters.com\/romana\/#\/schema\/logo\/image\/\",\"url\":\"https:\/\/digitalworkflowmasters.com\/romana\/wp-content\/uploads\/2025\/08\/1.png\",\"contentUrl\":\"https:\/\/digitalworkflowmasters.com\/romana\/wp-content\/uploads\/2025\/08\/1.png\",\"width\":1080,\"height\":1080,\"caption\":\"Digital Workflow Masters\"},\"image\":{\"@id\":\"https:\/\/digitalworkflowmasters.com\/romana\/#\/schema\/logo\/image\/\"},\"sameAs\":[\"https:\/\/www.facebook.com\/digitalworkflowmasters\/\",\"https:\/\/www.instagram.com\/digitalworkflowmasters\/\"]}]}<\/script>\n<!-- \/ Yoast SEO plugin. -->","yoast_head_json":{"title":"Fiziodispenser Bien Air iCHIROPRO - Digital Workflow Masters","description":"Fiziodispenser Bien-Air iChiropro \u2013 motor implant dentar digital. Control iPad, pedal\u0103 inteligent\u0103, iriga\u021bie 125 ml\/min. Precizie pentru chirurgie dentar\u0103.","robots":{"index":"index","follow":"follow","max-snippet":"max-snippet:-1","max-image-preview":"max-image-preview:large","max-video-preview":"max-video-preview:-1"},"canonical":"https:\/\/digitalworkflowmasters.com\/romana\/shop\/bien-air-ichiropro-physiodispenser\/","og_locale":"ro_RO","og_type":"article","og_title":"Fiziodispenser Bien Air iCHIROPRO - Digital Workflow Masters","og_description":"Fiziodispenser Bien-Air iChiropro \u2013 motor implant dentar digital. Control iPad, pedal\u0103 inteligent\u0103, iriga\u021bie 125 ml\/min. Precizie pentru chirurgie dentar\u0103.","og_url":"https:\/\/digitalworkflowmasters.com\/romana\/shop\/bien-air-ichiropro-physiodispenser\/","og_site_name":"Digital Workflow Masters","article_publisher":"https:\/\/www.facebook.com\/digitalworkflowmasters\/","article_modified_time":"2025-06-25T20:28:58+00:00","og_image":[{"width":1000,"height":1000,"url":"https:\/\/digitalworkflowmasters.com\/romana\/wp-content\/uploads\/2025\/03\/Fiziodispenser-Bien-Air-iCHIROPRO-2-1.jpg","type":"image\/jpeg"}],"twitter_card":"summary_large_image","twitter_misc":{"Timp estimat pentru citire":"2 minute"},"schema":{"@context":"https:\/\/schema.org","@graph":[{"@type":"WebPage","@id":"https:\/\/digitalworkflowmasters.com\/romana\/shop\/bien-air-ichiropro-physiodispenser\/","url":"https:\/\/digitalworkflowmasters.com\/romana\/shop\/bien-air-ichiropro-physiodispenser\/","name":"Fiziodispenser Bien Air iCHIROPRO - Digital Workflow Masters","isPartOf":{"@id":"https:\/\/digitalworkflowmasters.com\/romana\/#website"},"primaryImageOfPage":{"@id":"https:\/\/digitalworkflowmasters.com\/romana\/shop\/bien-air-ichiropro-physiodispenser\/#primaryimage"},"image":{"@id":"https:\/\/digitalworkflowmasters.com\/romana\/shop\/bien-air-ichiropro-physiodispenser\/#primaryimage"},"thumbnailUrl":"https:\/\/digitalworkflowmasters.com\/romana\/wp-content\/uploads\/2025\/03\/Fiziodispenser-Bien-Air-iCHIROPRO-2-1.jpg","datePublished":"2025-03-26T08:33:27+00:00","dateModified":"2025-06-25T20:28:58+00:00","description":"Fiziodispenser Bien-Air iChiropro \u2013 motor implant dentar digital. Control iPad, pedal\u0103 inteligent\u0103, iriga\u021bie 125 ml\/min. Precizie pentru chirurgie dentar\u0103.","breadcrumb":{"@id":"https:\/\/digitalworkflowmasters.com\/romana\/shop\/bien-air-ichiropro-physiodispenser\/#breadcrumb"},"inLanguage":"ro-RO","potentialAction":[{"@type":"ReadAction","target":["https:\/\/digitalworkflowmasters.com\/romana\/shop\/bien-air-ichiropro-physiodispenser\/"]}]},{"@type":"ImageObject","inLanguage":"ro-RO","@id":"https:\/\/digitalworkflowmasters.com\/romana\/shop\/bien-air-ichiropro-physiodispenser\/#primaryimage","url":"https:\/\/digitalworkflowmasters.com\/romana\/wp-content\/uploads\/2025\/03\/Fiziodispenser-Bien-Air-iCHIROPRO-2-1.jpg","contentUrl":"https:\/\/digitalworkflowmasters.com\/romana\/wp-content\/uploads\/2025\/03\/Fiziodispenser-Bien-Air-iCHIROPRO-2-1.jpg","width":1000,"height":1000},{"@type":"BreadcrumbList","@id":"https:\/\/digitalworkflowmasters.com\/romana\/shop\/bien-air-ichiropro-physiodispenser\/#breadcrumb","itemListElement":[{"@type":"ListItem","position":1,"name":"Home","item":"https:\/\/digitalworkflowmasters.com\/romana\/"},{"@type":"ListItem","position":2,"name":"Products","item":"https:\/\/digitalworkflowmasters.com\/romana\/shop\/"},{"@type":"ListItem","position":3,"name":"Chirurgie","item":"https:\/\/digitalworkflowmasters.com\/romana\/product-category\/chirurgie\/"},{"@type":"ListItem","position":4,"name":"Fiziodispensere, Chirurgie","item":"https:\/\/digitalworkflowmasters.com\/romana\/product-category\/chirurgie\/fiziodispensere-chirurgie\/"},{"@type":"ListItem","position":5,"name":"Fiziodispenser Bien Air iCHIROPRO"}]},{"@type":"WebSite","@id":"https:\/\/digitalworkflowmasters.com\/romana\/#website","url":"https:\/\/digitalworkflowmasters.com\/romana\/","name":"Digital Workflow Masters","description":"Premium Dental Equipment","publisher":{"@id":"https:\/\/digitalworkflowmasters.com\/romana\/#organization"},"potentialAction":[{"@type":"SearchAction","target":{"@type":"EntryPoint","urlTemplate":"https:\/\/digitalworkflowmasters.com\/romana\/?s={search_term_string}"},"query-input":{"@type":"PropertyValueSpecification","valueRequired":true,"valueName":"search_term_string"}}],"inLanguage":"ro-RO"},{"@type":"Organization","@id":"https:\/\/digitalworkflowmasters.com\/romana\/#organization","name":"Digital Workflow Masters","url":"https:\/\/digitalworkflowmasters.com\/romana\/","logo":{"@type":"ImageObject","inLanguage":"ro-RO","@id":"https:\/\/digitalworkflowmasters.com\/romana\/#\/schema\/logo\/image\/","url":"https:\/\/digitalworkflowmasters.com\/romana\/wp-content\/uploads\/2025\/08\/1.png","contentUrl":"https:\/\/digitalworkflowmasters.com\/romana\/wp-content\/uploads\/2025\/08\/1.png","width":1080,"height":1080,"caption":"Digital Workflow Masters"},"image":{"@id":"https:\/\/digitalworkflowmasters.com\/romana\/#\/schema\/logo\/image\/"},"sameAs":["https:\/\/www.facebook.com\/digitalworkflowmasters\/","https:\/\/www.instagram.com\/digitalworkflowmasters\/"]}]}},"_links":{"self":[{"href":"https:\/\/digitalworkflowmasters.com\/romana\/wp-json\/wp\/v2\/product\/8237","targetHints":{"allow":["GET"]}}],"collection":[{"href":"https:\/\/digitalworkflowmasters.com\/romana\/wp-json\/wp\/v2\/product"}],"about":[{"href":"https:\/\/digitalworkflowmasters.com\/romana\/wp-json\/wp\/v2\/types\/product"}],"version-history":[{"count":0,"href":"https:\/\/digitalworkflowmasters.com\/romana\/wp-json\/wp\/v2\/product\/8237\/revisions"}],"wp:featuredmedia":[{"embeddable":true,"href":"https:\/\/digitalworkflowmasters.com\/romana\/wp-json\/wp\/v2\/media\/32972"}],"wp:attachment":[{"href":"https:\/\/digitalworkflowmasters.com\/romana\/wp-json\/wp\/v2\/media?parent=8237"}],"wp:term":[{"taxonomy":"product_brand","embeddable":true,"href":"https:\/\/digitalworkflowmasters.com\/romana\/wp-json\/wp\/v2\/product_brand?post=8237"},{"taxonomy":"product_cat","embeddable":true,"href":"https:\/\/digitalworkflowmasters.com\/romana\/wp-json\/wp\/v2\/product_cat?post=8237"},{"taxonomy":"product_tag","embeddable":true,"href":"https:\/\/digitalworkflowmasters.com\/romana\/wp-json\/wp\/v2\/product_tag?post=8237"}],"curies":[{"name":"wp","href":"https:\/\/api.w.org\/{rel}","templated":true}]}}