{"id":8249,"date":"2025-03-26T08:33:28","date_gmt":"2025-03-26T08:33:28","guid":{"rendered":"https:\/\/digitalworkflowmasters.com\/?post_type=product&#038;p=8249"},"modified":"2025-06-26T07:23:29","modified_gmt":"2025-06-26T07:23:29","slug":"kls-martin-mco-25-plus","status":"publish","type":"product","link":"https:\/\/digitalworkflowmasters.com\/romana\/shop\/kls-martin-mco-25-plus\/","title":{"rendered":"Laser KLS Martin MCO 25 Plus"},"content":{"rendered":"<h3 data-start=\"44\" data-end=\"74\">\u2705 Tehnologie &amp; Performan\u021b\u0103<\/h3>\n<ul data-start=\"75\" data-end=\"311\">\n<li data-start=\"75\" data-end=\"153\">\n<p data-start=\"77\" data-end=\"153\"><span class=\"relative -mx-px my-[-0.2rem] rounded px-px py-[0.2rem] transition-colors duration-100 ease-in-out\">Laserul CO\u2082 MCO\u202f25\u202fPlus utilizeaz\u0103 o tub\u0103 sigilat\u0103 cu CO\u2082 10600\u202fnm, cu puteri reglabile \u00eentre <strong data-start=\"94\" data-end=\"104\">2\u201325\u202fW<\/strong> \u00een mod CW, superpulse, pulsa\u021bie unic\u0103 sau ciclic\u0103<\/span>.<\/p>\n<\/li>\n<li data-start=\"154\" data-end=\"232\">\n<p data-start=\"156\" data-end=\"232\"><span class=\"relative -mx-px my-[-0.2rem] rounded px-px py-[0.2rem] transition-colors duration-100 ease-in-out\">Modul <strong data-start=\"6\" data-end=\"20\">Superpulse<\/strong> folose\u0219te impulsuri ultracurte (&lt;\u202f0,3\u202fms), limit\u00e2nd trauma termic\u0103 \u0219i protej\u00e2nd \u021besuturile adiacente<\/span>.<\/p>\n<\/li>\n<li data-start=\"233\" data-end=\"311\">\n<p data-start=\"235\" data-end=\"311\"><span class=\"relative -mx-px my-[-0.2rem] rounded px-px py-[0.2rem] transition-colors duration-100 ease-in-out\">Diametrul fasciculului variaz\u0103 \u00een func\u021bie de distan\u021ba focal\u0103: 0,15\u202fmm (50\u202fmm focal), 0,20\u202fmm (127\u202fmm), 0,30\u202fmm (200\u202fmm)<\/span>.<\/p>\n<\/li>\n<\/ul>\n<hr data-start=\"313\" data-end=\"316\" \/>\n<h3 data-start=\"318\" data-end=\"344\">\ud83d\udee0 Interfa\u021b\u0103 &amp; Control<\/h3>\n<ul data-start=\"345\" data-end=\"587\">\n<li data-start=\"345\" data-end=\"423\">\n<p data-start=\"347\" data-end=\"423\"><span class=\"relative -mx-px my-[-0.2rem] rounded px-px py-[0.2rem] transition-colors duration-100 ease-in-out\"><strong data-start=\"0\" data-end=\"29\" data-is-only-node=\"\">Panoul Quick\u202fTip Bluemode<\/strong> afi\u0219eaz\u0103 doar parametrii relevan\u021bi modulului activ, simplific\u00e2nd utilizarea<\/span>.<\/p>\n<\/li>\n<li data-start=\"424\" data-end=\"504\">\n<p data-start=\"426\" data-end=\"504\"><span class=\"relative -mx-px my-[-0.2rem] rounded px-px py-[0.2rem] transition-colors duration-100 ease-in-out\">Control microprocesat \u0219i memorie pentru <strong data-start=\"40\" data-end=\"66\">5 set\u0103ri personalizate<\/strong>, utile \u00een proceduri repetate<\/span>.<\/p>\n<\/li>\n<li data-start=\"505\" data-end=\"587\">\n<p data-start=\"507\" data-end=\"587\"><span class=\"relative -mx-px my-[-0.2rem] rounded px-px py-[0.2rem] transition-colors duration-100 ease-in-out\">Picioru\u0219 (foot-switch) op\u021bional, pentru activare hands\u2011free<\/span>.<\/p>\n<\/li>\n<\/ul>\n<hr data-start=\"589\" data-end=\"592\" \/>\n<h3 data-start=\"594\" data-end=\"622\">\ud83d\udd01 Scanner &amp; Microscopie<\/h3>\n<ul data-start=\"623\" data-end=\"871\">\n<li data-start=\"623\" data-end=\"705\">\n<p data-start=\"625\" data-end=\"705\"><span class=\"relative -mx-px my-[-0.2rem] rounded px-px py-[0.2rem] transition-colors duration-100 ease-in-out\"><strong data-start=\"0\" data-end=\"19\" data-is-only-node=\"\">SoftScan plus\u202fR<\/strong>, scanner integrat pentru abla\u021bie controlat\u0103, cu modele multiple (6 scan\u0103ri, 3 linii), reglare electronic\u0103 \u0219i eficien\u021b\u0103 \u00een estetic\u0103 \u0219i chirurgie general\u0103.<\/span><\/p>\n<\/li>\n<li data-start=\"706\" data-end=\"788\">\n<p data-start=\"708\" data-end=\"788\"><span class=\"relative -mx-px my-[-0.2rem] rounded px-px py-[0.2rem] transition-colors duration-100 ease-in-out\"><strong data-start=\"0\" data-end=\"12\" data-is-only-node=\"\">LineScan<\/strong>, func\u021bie special\u0103 pentru microchirurgie robotic\u0103 pe corzile vocale<\/span>.<\/p>\n<\/li>\n<li data-start=\"789\" data-end=\"871\">\n<p data-start=\"791\" data-end=\"871\"><span class=\"relative -mx-px my-[-0.2rem] rounded px-px py-[0.2rem] transition-colors duration-100 ease-in-out\">Mod <strong data-start=\"4\" data-end=\"17\">microscan<\/strong> pentru proceduri otologice (ex. chirurgie stapedial\u0103)<\/span>.<\/p>\n<\/li>\n<\/ul>\n<hr data-start=\"873\" data-end=\"876\" \/>\n<h3 data-start=\"878\" data-end=\"915\">\ud83d\udd0e Micromanipulatoare &amp; Accesorii<\/h3>\n<ul data-start=\"916\" data-end=\"1081\">\n<li data-start=\"916\" data-end=\"998\">\n<p data-start=\"918\" data-end=\"998\"><span class=\"relative -mx-px my-[-0.2rem] rounded px-px py-[0.2rem] transition-colors duration-100 ease-in-out\"><strong data-start=\"0\" data-end=\"17\" data-is-only-node=\"\">Micro\u202fPoint\u202f2<\/strong>: distan\u021b\u0103 focal\u0103 225\u2013500\u202fmm, diametru spot 0,11\u20130,15\u202fmm, densitate de putere de p\u00e2n\u0103 la 263\u202fkW\/cm\u00b2<\/span>.<\/p>\n<\/li>\n<li data-start=\"999\" data-end=\"1081\">\n<p data-start=\"1001\" data-end=\"1081\"><span class=\"relative -mx-px my-[-0.2rem] rounded px-px py-[0.2rem] transition-colors duration-100 ease-in-out\">Accesorii variate: <strong data-start=\"19\" data-end=\"33\">Mini\u202fPoint<\/strong>, adaptoare pentru microscoape (Zeiss, Leica, Olympus), module ENT\/nasal, optic 90\u00b0\/120\u00b0, scannere retrofit etc<\/span>.<\/p>\n<\/li>\n<\/ul>\n<hr data-start=\"1083\" data-end=\"1086\" \/>\n<h3 data-start=\"1088\" data-end=\"1117\">\ud83d\udcd0 Dimensiuni &amp; Ergonomie<\/h3>\n<ul>\n<li style=\"list-style-type: none;\">\n<ul data-start=\"1118\" data-end=\"1283\">\n<li data-start=\"1118\" data-end=\"1200\">\n<p data-start=\"1120\" data-end=\"1200\"><span class=\"relative -mx-px my-[-0.2rem] rounded px-px py-[0.2rem] transition-colors duration-100 ease-in-out\">Bra\u021b articulat cu 7 articula\u021bii, lung de 1.300\u202fmm, cu blocare \u00een dou\u0103 pozi\u021bii, pentru stabilitate \u0219i versatilitate<\/span>.<\/p>\n<\/li>\n<li data-start=\"1201\" data-end=\"1283\">\n<p data-start=\"1203\" data-end=\"1283\"><span class=\"relative -mx-px my-[-0.2rem] rounded px-px py-[0.2rem] transition-colors duration-100 ease-in-out\">Greutate: ~57\u202fkg; dimensiuni: 290\u00d7450\u00d71.950\u202fmm (\u00een\u0103l\u021bime cu bra\u021b pliat: 1\u202f180\u202fmm)<\/span>.<\/p>\n<\/li>\n<\/ul>\n<\/li>\n<\/ul>\n","protected":false},"excerpt":{"rendered":"<p>Laserul CO\u2082 KLS\u202fMartin MCO\u202f25\u202fPlus ofer\u0103 parametri personalizabili prin panoul Quick\u202fTip, func\u021bii avansate de scanare \u0219i un micromanipulator de \u00eenalt\u0103 precizie, fiind ideal pentru aplica\u021bii diverse \u00een \u021besuturi dure \u0219i chirurgie.<\/p>\n","protected":false},"featured_media":32981,"template":"","meta":{"_acf_changed":false,"om_disable_all_campaigns":false},"product_brand":[],"product_cat":[453],"product_tag":[],"class_list":{"0":"post-8249","1":"product","2":"type-product","3":"status-publish","4":"has-post-thumbnail","6":"product_cat-laser-chirurgie","8":"first","9":"instock","10":"shipping-taxable","11":"product-type-simple"},"acf":[],"yoast_head":"<!-- This site is optimized with the Yoast SEO plugin v25.3 - https:\/\/yoast.com\/wordpress\/plugins\/seo\/ -->\n<title>Laser KLS Martin MCO 25 Plus - Digital Workflow Masters<\/title>\n<meta name=\"description\" content=\"Descoper\u0103 laserul CO\u2082 KLS\u202fMartin MCO\u202f25\u202fPlus \u2013 cu Quick\u202fTip, multiple moduri opera\u021bionale, scanare avansat\u0103 \u0219i micromanipulator de precizie. Ideal pentru aplica\u021bii pe \u021besut dur.\" \/>\n<meta name=\"robots\" content=\"index, follow, max-snippet:-1, max-image-preview:large, max-video-preview:-1\" \/>\n<link rel=\"canonical\" href=\"https:\/\/digitalworkflowmasters.com\/romana\/shop\/kls-martin-mco-25-plus\/\" \/>\n<meta property=\"og:locale\" content=\"ro_RO\" \/>\n<meta property=\"og:type\" content=\"article\" \/>\n<meta property=\"og:title\" content=\"Laser KLS Martin MCO 25 Plus - Digital Workflow Masters\" \/>\n<meta property=\"og:description\" content=\"Descoper\u0103 laserul CO\u2082 KLS\u202fMartin MCO\u202f25\u202fPlus \u2013 cu Quick\u202fTip, multiple moduri opera\u021bionale, scanare avansat\u0103 \u0219i micromanipulator de precizie. Ideal pentru aplica\u021bii pe \u021besut dur.\" \/>\n<meta property=\"og:url\" content=\"https:\/\/digitalworkflowmasters.com\/romana\/shop\/kls-martin-mco-25-plus\/\" \/>\n<meta property=\"og:site_name\" content=\"Digital Workflow Masters\" \/>\n<meta property=\"article:publisher\" content=\"https:\/\/www.facebook.com\/digitalworkflowmasters\/\" \/>\n<meta property=\"article:modified_time\" content=\"2025-06-26T07:23:29+00:00\" \/>\n<meta property=\"og:image\" content=\"https:\/\/digitalworkflowmasters.com\/romana\/wp-content\/uploads\/2025\/03\/KLS-Martin-MCO-25-Plus-gramm-PhotoRoom-1.jpg\" \/>\n\t<meta property=\"og:image:width\" content=\"1200\" \/>\n\t<meta property=\"og:image:height\" content=\"1200\" \/>\n\t<meta property=\"og:image:type\" content=\"image\/jpeg\" \/>\n<meta name=\"twitter:card\" content=\"summary_large_image\" \/>\n<meta name=\"twitter:label1\" content=\"Timp estimat pentru citire\" \/>\n\t<meta name=\"twitter:data1\" content=\"2 minute\" \/>\n<script type=\"application\/ld+json\" class=\"yoast-schema-graph\">{\"@context\":\"https:\/\/schema.org\",\"@graph\":[{\"@type\":\"WebPage\",\"@id\":\"https:\/\/digitalworkflowmasters.com\/romana\/shop\/kls-martin-mco-25-plus\/\",\"url\":\"https:\/\/digitalworkflowmasters.com\/romana\/shop\/kls-martin-mco-25-plus\/\",\"name\":\"Laser KLS Martin MCO 25 Plus - Digital Workflow Masters\",\"isPartOf\":{\"@id\":\"https:\/\/digitalworkflowmasters.com\/romana\/#website\"},\"primaryImageOfPage\":{\"@id\":\"https:\/\/digitalworkflowmasters.com\/romana\/shop\/kls-martin-mco-25-plus\/#primaryimage\"},\"image\":{\"@id\":\"https:\/\/digitalworkflowmasters.com\/romana\/shop\/kls-martin-mco-25-plus\/#primaryimage\"},\"thumbnailUrl\":\"https:\/\/digitalworkflowmasters.com\/romana\/wp-content\/uploads\/2025\/03\/KLS-Martin-MCO-25-Plus-gramm-PhotoRoom-1.jpg\",\"datePublished\":\"2025-03-26T08:33:28+00:00\",\"dateModified\":\"2025-06-26T07:23:29+00:00\",\"description\":\"Descoper\u0103 laserul CO\u2082 KLS\u202fMartin MCO\u202f25\u202fPlus \u2013 cu Quick\u202fTip, multiple moduri opera\u021bionale, scanare avansat\u0103 \u0219i micromanipulator de precizie. Ideal pentru aplica\u021bii pe \u021besut dur.\",\"breadcrumb\":{\"@id\":\"https:\/\/digitalworkflowmasters.com\/romana\/shop\/kls-martin-mco-25-plus\/#breadcrumb\"},\"inLanguage\":\"ro-RO\",\"potentialAction\":[{\"@type\":\"ReadAction\",\"target\":[\"https:\/\/digitalworkflowmasters.com\/romana\/shop\/kls-martin-mco-25-plus\/\"]}]},{\"@type\":\"ImageObject\",\"inLanguage\":\"ro-RO\",\"@id\":\"https:\/\/digitalworkflowmasters.com\/romana\/shop\/kls-martin-mco-25-plus\/#primaryimage\",\"url\":\"https:\/\/digitalworkflowmasters.com\/romana\/wp-content\/uploads\/2025\/03\/KLS-Martin-MCO-25-Plus-gramm-PhotoRoom-1.jpg\",\"contentUrl\":\"https:\/\/digitalworkflowmasters.com\/romana\/wp-content\/uploads\/2025\/03\/KLS-Martin-MCO-25-Plus-gramm-PhotoRoom-1.jpg\",\"width\":1200,\"height\":1200},{\"@type\":\"BreadcrumbList\",\"@id\":\"https:\/\/digitalworkflowmasters.com\/romana\/shop\/kls-martin-mco-25-plus\/#breadcrumb\",\"itemListElement\":[{\"@type\":\"ListItem\",\"position\":1,\"name\":\"Home\",\"item\":\"https:\/\/digitalworkflowmasters.com\/romana\/\"},{\"@type\":\"ListItem\",\"position\":2,\"name\":\"Products\",\"item\":\"https:\/\/digitalworkflowmasters.com\/romana\/shop\/\"},{\"@type\":\"ListItem\",\"position\":3,\"name\":\"Chirurgie\",\"item\":\"https:\/\/digitalworkflowmasters.com\/romana\/product-category\/chirurgie\/\"},{\"@type\":\"ListItem\",\"position\":4,\"name\":\"Laser, Chirurgie\",\"item\":\"https:\/\/digitalworkflowmasters.com\/romana\/product-category\/chirurgie\/laser-chirurgie\/\"},{\"@type\":\"ListItem\",\"position\":5,\"name\":\"Laser KLS Martin MCO 25 Plus\"}]},{\"@type\":\"WebSite\",\"@id\":\"https:\/\/digitalworkflowmasters.com\/romana\/#website\",\"url\":\"https:\/\/digitalworkflowmasters.com\/romana\/\",\"name\":\"Digital Workflow Masters\",\"description\":\"Premium Dental Equipment\",\"publisher\":{\"@id\":\"https:\/\/digitalworkflowmasters.com\/romana\/#organization\"},\"potentialAction\":[{\"@type\":\"SearchAction\",\"target\":{\"@type\":\"EntryPoint\",\"urlTemplate\":\"https:\/\/digitalworkflowmasters.com\/romana\/?s={search_term_string}\"},\"query-input\":{\"@type\":\"PropertyValueSpecification\",\"valueRequired\":true,\"valueName\":\"search_term_string\"}}],\"inLanguage\":\"ro-RO\"},{\"@type\":\"Organization\",\"@id\":\"https:\/\/digitalworkflowmasters.com\/romana\/#organization\",\"name\":\"Digital Workflow Masters\",\"url\":\"https:\/\/digitalworkflowmasters.com\/romana\/\",\"logo\":{\"@type\":\"ImageObject\",\"inLanguage\":\"ro-RO\",\"@id\":\"https:\/\/digitalworkflowmasters.com\/romana\/#\/schema\/logo\/image\/\",\"url\":\"https:\/\/digitalworkflowmasters.com\/romana\/wp-content\/uploads\/2025\/08\/1.png\",\"contentUrl\":\"https:\/\/digitalworkflowmasters.com\/romana\/wp-content\/uploads\/2025\/08\/1.png\",\"width\":1080,\"height\":1080,\"caption\":\"Digital Workflow Masters\"},\"image\":{\"@id\":\"https:\/\/digitalworkflowmasters.com\/romana\/#\/schema\/logo\/image\/\"},\"sameAs\":[\"https:\/\/www.facebook.com\/digitalworkflowmasters\/\",\"https:\/\/www.instagram.com\/digitalworkflowmasters\/\"]}]}<\/script>\n<!-- \/ Yoast SEO plugin. -->","yoast_head_json":{"title":"Laser KLS Martin MCO 25 Plus - Digital Workflow Masters","description":"Descoper\u0103 laserul CO\u2082 KLS\u202fMartin MCO\u202f25\u202fPlus \u2013 cu Quick\u202fTip, multiple moduri opera\u021bionale, scanare avansat\u0103 \u0219i micromanipulator de precizie. Ideal pentru aplica\u021bii pe \u021besut dur.","robots":{"index":"index","follow":"follow","max-snippet":"max-snippet:-1","max-image-preview":"max-image-preview:large","max-video-preview":"max-video-preview:-1"},"canonical":"https:\/\/digitalworkflowmasters.com\/romana\/shop\/kls-martin-mco-25-plus\/","og_locale":"ro_RO","og_type":"article","og_title":"Laser KLS Martin MCO 25 Plus - Digital Workflow Masters","og_description":"Descoper\u0103 laserul CO\u2082 KLS\u202fMartin MCO\u202f25\u202fPlus \u2013 cu Quick\u202fTip, multiple moduri opera\u021bionale, scanare avansat\u0103 \u0219i micromanipulator de precizie. Ideal pentru aplica\u021bii pe \u021besut dur.","og_url":"https:\/\/digitalworkflowmasters.com\/romana\/shop\/kls-martin-mco-25-plus\/","og_site_name":"Digital Workflow Masters","article_publisher":"https:\/\/www.facebook.com\/digitalworkflowmasters\/","article_modified_time":"2025-06-26T07:23:29+00:00","og_image":[{"width":1200,"height":1200,"url":"https:\/\/digitalworkflowmasters.com\/romana\/wp-content\/uploads\/2025\/03\/KLS-Martin-MCO-25-Plus-gramm-PhotoRoom-1.jpg","type":"image\/jpeg"}],"twitter_card":"summary_large_image","twitter_misc":{"Timp estimat pentru citire":"2 minute"},"schema":{"@context":"https:\/\/schema.org","@graph":[{"@type":"WebPage","@id":"https:\/\/digitalworkflowmasters.com\/romana\/shop\/kls-martin-mco-25-plus\/","url":"https:\/\/digitalworkflowmasters.com\/romana\/shop\/kls-martin-mco-25-plus\/","name":"Laser KLS Martin MCO 25 Plus - Digital Workflow Masters","isPartOf":{"@id":"https:\/\/digitalworkflowmasters.com\/romana\/#website"},"primaryImageOfPage":{"@id":"https:\/\/digitalworkflowmasters.com\/romana\/shop\/kls-martin-mco-25-plus\/#primaryimage"},"image":{"@id":"https:\/\/digitalworkflowmasters.com\/romana\/shop\/kls-martin-mco-25-plus\/#primaryimage"},"thumbnailUrl":"https:\/\/digitalworkflowmasters.com\/romana\/wp-content\/uploads\/2025\/03\/KLS-Martin-MCO-25-Plus-gramm-PhotoRoom-1.jpg","datePublished":"2025-03-26T08:33:28+00:00","dateModified":"2025-06-26T07:23:29+00:00","description":"Descoper\u0103 laserul CO\u2082 KLS\u202fMartin MCO\u202f25\u202fPlus \u2013 cu Quick\u202fTip, multiple moduri opera\u021bionale, scanare avansat\u0103 \u0219i micromanipulator de precizie. Ideal pentru aplica\u021bii pe \u021besut dur.","breadcrumb":{"@id":"https:\/\/digitalworkflowmasters.com\/romana\/shop\/kls-martin-mco-25-plus\/#breadcrumb"},"inLanguage":"ro-RO","potentialAction":[{"@type":"ReadAction","target":["https:\/\/digitalworkflowmasters.com\/romana\/shop\/kls-martin-mco-25-plus\/"]}]},{"@type":"ImageObject","inLanguage":"ro-RO","@id":"https:\/\/digitalworkflowmasters.com\/romana\/shop\/kls-martin-mco-25-plus\/#primaryimage","url":"https:\/\/digitalworkflowmasters.com\/romana\/wp-content\/uploads\/2025\/03\/KLS-Martin-MCO-25-Plus-gramm-PhotoRoom-1.jpg","contentUrl":"https:\/\/digitalworkflowmasters.com\/romana\/wp-content\/uploads\/2025\/03\/KLS-Martin-MCO-25-Plus-gramm-PhotoRoom-1.jpg","width":1200,"height":1200},{"@type":"BreadcrumbList","@id":"https:\/\/digitalworkflowmasters.com\/romana\/shop\/kls-martin-mco-25-plus\/#breadcrumb","itemListElement":[{"@type":"ListItem","position":1,"name":"Home","item":"https:\/\/digitalworkflowmasters.com\/romana\/"},{"@type":"ListItem","position":2,"name":"Products","item":"https:\/\/digitalworkflowmasters.com\/romana\/shop\/"},{"@type":"ListItem","position":3,"name":"Chirurgie","item":"https:\/\/digitalworkflowmasters.com\/romana\/product-category\/chirurgie\/"},{"@type":"ListItem","position":4,"name":"Laser, Chirurgie","item":"https:\/\/digitalworkflowmasters.com\/romana\/product-category\/chirurgie\/laser-chirurgie\/"},{"@type":"ListItem","position":5,"name":"Laser KLS Martin MCO 25 Plus"}]},{"@type":"WebSite","@id":"https:\/\/digitalworkflowmasters.com\/romana\/#website","url":"https:\/\/digitalworkflowmasters.com\/romana\/","name":"Digital Workflow Masters","description":"Premium Dental Equipment","publisher":{"@id":"https:\/\/digitalworkflowmasters.com\/romana\/#organization"},"potentialAction":[{"@type":"SearchAction","target":{"@type":"EntryPoint","urlTemplate":"https:\/\/digitalworkflowmasters.com\/romana\/?s={search_term_string}"},"query-input":{"@type":"PropertyValueSpecification","valueRequired":true,"valueName":"search_term_string"}}],"inLanguage":"ro-RO"},{"@type":"Organization","@id":"https:\/\/digitalworkflowmasters.com\/romana\/#organization","name":"Digital Workflow Masters","url":"https:\/\/digitalworkflowmasters.com\/romana\/","logo":{"@type":"ImageObject","inLanguage":"ro-RO","@id":"https:\/\/digitalworkflowmasters.com\/romana\/#\/schema\/logo\/image\/","url":"https:\/\/digitalworkflowmasters.com\/romana\/wp-content\/uploads\/2025\/08\/1.png","contentUrl":"https:\/\/digitalworkflowmasters.com\/romana\/wp-content\/uploads\/2025\/08\/1.png","width":1080,"height":1080,"caption":"Digital Workflow Masters"},"image":{"@id":"https:\/\/digitalworkflowmasters.com\/romana\/#\/schema\/logo\/image\/"},"sameAs":["https:\/\/www.facebook.com\/digitalworkflowmasters\/","https:\/\/www.instagram.com\/digitalworkflowmasters\/"]}]}},"_links":{"self":[{"href":"https:\/\/digitalworkflowmasters.com\/romana\/wp-json\/wp\/v2\/product\/8249","targetHints":{"allow":["GET"]}}],"collection":[{"href":"https:\/\/digitalworkflowmasters.com\/romana\/wp-json\/wp\/v2\/product"}],"about":[{"href":"https:\/\/digitalworkflowmasters.com\/romana\/wp-json\/wp\/v2\/types\/product"}],"version-history":[{"count":0,"href":"https:\/\/digitalworkflowmasters.com\/romana\/wp-json\/wp\/v2\/product\/8249\/revisions"}],"wp:featuredmedia":[{"embeddable":true,"href":"https:\/\/digitalworkflowmasters.com\/romana\/wp-json\/wp\/v2\/media\/32981"}],"wp:attachment":[{"href":"https:\/\/digitalworkflowmasters.com\/romana\/wp-json\/wp\/v2\/media?parent=8249"}],"wp:term":[{"taxonomy":"product_brand","embeddable":true,"href":"https:\/\/digitalworkflowmasters.com\/romana\/wp-json\/wp\/v2\/product_brand?post=8249"},{"taxonomy":"product_cat","embeddable":true,"href":"https:\/\/digitalworkflowmasters.com\/romana\/wp-json\/wp\/v2\/product_cat?post=8249"},{"taxonomy":"product_tag","embeddable":true,"href":"https:\/\/digitalworkflowmasters.com\/romana\/wp-json\/wp\/v2\/product_tag?post=8249"}],"curies":[{"name":"wp","href":"https:\/\/api.w.org\/{rel}","templated":true}]}}