{"id":8331,"date":"2025-03-26T08:33:30","date_gmt":"2025-03-26T08:33:30","guid":{"rendered":"https:\/\/digitalworkflowmasters.com\/?post_type=product&#038;p=8331"},"modified":"2025-03-26T12:23:04","modified_gmt":"2025-03-26T12:23:04","slug":"electric-micromotor-bien-air-mc3-led","status":"publish","type":"product","link":"https:\/\/digitalworkflowmasters.com\/romana\/shop\/electric-micromotor-bien-air-mc3-led\/","title":{"rendered":"Electric micromotor Bien Air MC3 LED"},"content":{"rendered":"<p>The electric micromotor Bien Air MC3 LED represents one of the most efficient micromotors on the market.<\/p>\n<ul>\n<li>Maximum torque: 2.8 Ncm<\/li>\n<li>Rotations: 60 &#8211; 40,000 rpm<\/li>\n<li>Brushes or magnetic induction: with brushes<\/li>\n<li>Illumination: LED<\/li>\n<li>Autoclavable: detachable and autoclavable casing<\/li>\n<\/ul>\n","protected":false},"excerpt":{"rendered":"<p><span style=\"color: #f78d28;\"><b>Can&#8217;t be ordered separately. It comes together only with the Dental Unit.<b><\/b><\/b><\/span><br \/>\nThe electric micromotor Bien Air MC3 LED represents one of the most efficient micromotors on the market.<\/p>\n","protected":false},"featured_media":33037,"template":"","meta":{"_acf_changed":false,"om_disable_all_campaigns":false},"product_brand":[],"product_cat":[460],"product_tag":[],"class_list":{"0":"post-8331","1":"product","2":"type-product","3":"status-publish","4":"has-post-thumbnail","6":"product_cat-micromotoare-piese-de-mana-piese-de-mana","8":"first","9":"instock","10":"shipping-taxable","11":"purchasable","12":"product-type-simple"},"acf":[],"yoast_head":"<!-- This site is optimized with the Yoast SEO plugin v25.3 - https:\/\/yoast.com\/wordpress\/plugins\/seo\/ -->\n<title>Electric micromotor Bien Air MC3 LED - Digital Workflow Masters<\/title>\n<meta name=\"robots\" content=\"index, follow, max-snippet:-1, max-image-preview:large, max-video-preview:-1\" \/>\n<link rel=\"canonical\" href=\"https:\/\/digitalworkflowmasters.com\/romana\/shop\/electric-micromotor-bien-air-mc3-led\/\" \/>\n<meta property=\"og:locale\" content=\"ro_RO\" \/>\n<meta property=\"og:type\" content=\"article\" \/>\n<meta property=\"og:title\" content=\"Electric micromotor Bien Air MC3 LED - Digital Workflow Masters\" \/>\n<meta property=\"og:description\" content=\"Can&#039;t be ordered separately. It comes together only with the Dental Unit. The electric micromotor Bien Air MC3 LED represents one of the most efficient micromotors on the market.\" \/>\n<meta property=\"og:url\" content=\"https:\/\/digitalworkflowmasters.com\/romana\/shop\/electric-micromotor-bien-air-mc3-led\/\" \/>\n<meta property=\"og:site_name\" content=\"Digital Workflow Masters\" \/>\n<meta property=\"article:publisher\" content=\"https:\/\/www.facebook.com\/digitalworkflowmasters\/\" \/>\n<meta property=\"article:modified_time\" content=\"2025-03-26T12:23:04+00:00\" \/>\n<meta property=\"og:image\" content=\"https:\/\/digitalworkflowmasters.com\/romana\/wp-content\/uploads\/2025\/03\/Micromotor-electric-Bien-Air-MC3-LED-1.jpg\" \/>\n\t<meta property=\"og:image:width\" content=\"1000\" \/>\n\t<meta property=\"og:image:height\" content=\"1000\" \/>\n\t<meta property=\"og:image:type\" content=\"image\/jpeg\" \/>\n<meta name=\"twitter:card\" content=\"summary_large_image\" \/>\n<script type=\"application\/ld+json\" class=\"yoast-schema-graph\">{\"@context\":\"https:\/\/schema.org\",\"@graph\":[{\"@type\":\"WebPage\",\"@id\":\"https:\/\/digitalworkflowmasters.com\/romana\/shop\/electric-micromotor-bien-air-mc3-led\/\",\"url\":\"https:\/\/digitalworkflowmasters.com\/romana\/shop\/electric-micromotor-bien-air-mc3-led\/\",\"name\":\"Electric micromotor Bien Air MC3 LED - Digital Workflow Masters\",\"isPartOf\":{\"@id\":\"https:\/\/digitalworkflowmasters.com\/romana\/#website\"},\"primaryImageOfPage\":{\"@id\":\"https:\/\/digitalworkflowmasters.com\/romana\/shop\/electric-micromotor-bien-air-mc3-led\/#primaryimage\"},\"image\":{\"@id\":\"https:\/\/digitalworkflowmasters.com\/romana\/shop\/electric-micromotor-bien-air-mc3-led\/#primaryimage\"},\"thumbnailUrl\":\"https:\/\/digitalworkflowmasters.com\/romana\/wp-content\/uploads\/2025\/03\/Micromotor-electric-Bien-Air-MC3-LED-1.jpg\",\"datePublished\":\"2025-03-26T08:33:30+00:00\",\"dateModified\":\"2025-03-26T12:23:04+00:00\",\"breadcrumb\":{\"@id\":\"https:\/\/digitalworkflowmasters.com\/romana\/shop\/electric-micromotor-bien-air-mc3-led\/#breadcrumb\"},\"inLanguage\":\"ro-RO\",\"potentialAction\":[{\"@type\":\"ReadAction\",\"target\":[\"https:\/\/digitalworkflowmasters.com\/romana\/shop\/electric-micromotor-bien-air-mc3-led\/\"]}]},{\"@type\":\"ImageObject\",\"inLanguage\":\"ro-RO\",\"@id\":\"https:\/\/digitalworkflowmasters.com\/romana\/shop\/electric-micromotor-bien-air-mc3-led\/#primaryimage\",\"url\":\"https:\/\/digitalworkflowmasters.com\/romana\/wp-content\/uploads\/2025\/03\/Micromotor-electric-Bien-Air-MC3-LED-1.jpg\",\"contentUrl\":\"https:\/\/digitalworkflowmasters.com\/romana\/wp-content\/uploads\/2025\/03\/Micromotor-electric-Bien-Air-MC3-LED-1.jpg\",\"width\":1000,\"height\":1000},{\"@type\":\"BreadcrumbList\",\"@id\":\"https:\/\/digitalworkflowmasters.com\/romana\/shop\/electric-micromotor-bien-air-mc3-led\/#breadcrumb\",\"itemListElement\":[{\"@type\":\"ListItem\",\"position\":1,\"name\":\"Home\",\"item\":\"https:\/\/digitalworkflowmasters.com\/romana\/\"},{\"@type\":\"ListItem\",\"position\":2,\"name\":\"Products\",\"item\":\"https:\/\/digitalworkflowmasters.com\/romana\/shop\/\"},{\"@type\":\"ListItem\",\"position\":3,\"name\":\"Piese de m\u00e2n\u0103, Piese de m\u00e2n\u0103\",\"item\":\"https:\/\/digitalworkflowmasters.com\/romana\/product-category\/piese-de-mana-piese-de-mana\/\"},{\"@type\":\"ListItem\",\"position\":4,\"name\":\"Micromotoare\",\"item\":\"https:\/\/digitalworkflowmasters.com\/romana\/product-category\/piese-de-mana-piese-de-mana\/micromotoare-piese-de-mana-piese-de-mana\/\"},{\"@type\":\"ListItem\",\"position\":5,\"name\":\"Electric micromotor Bien Air MC3 LED\"}]},{\"@type\":\"WebSite\",\"@id\":\"https:\/\/digitalworkflowmasters.com\/romana\/#website\",\"url\":\"https:\/\/digitalworkflowmasters.com\/romana\/\",\"name\":\"Digital Workflow Masters\",\"description\":\"Premium Dental Equipment\",\"publisher\":{\"@id\":\"https:\/\/digitalworkflowmasters.com\/romana\/#organization\"},\"potentialAction\":[{\"@type\":\"SearchAction\",\"target\":{\"@type\":\"EntryPoint\",\"urlTemplate\":\"https:\/\/digitalworkflowmasters.com\/romana\/?s={search_term_string}\"},\"query-input\":{\"@type\":\"PropertyValueSpecification\",\"valueRequired\":true,\"valueName\":\"search_term_string\"}}],\"inLanguage\":\"ro-RO\"},{\"@type\":\"Organization\",\"@id\":\"https:\/\/digitalworkflowmasters.com\/romana\/#organization\",\"name\":\"Digital Workflow Masters\",\"url\":\"https:\/\/digitalworkflowmasters.com\/romana\/\",\"logo\":{\"@type\":\"ImageObject\",\"inLanguage\":\"ro-RO\",\"@id\":\"https:\/\/digitalworkflowmasters.com\/romana\/#\/schema\/logo\/image\/\",\"url\":\"https:\/\/digitalworkflowmasters.com\/romana\/wp-content\/uploads\/2025\/08\/1.png\",\"contentUrl\":\"https:\/\/digitalworkflowmasters.com\/romana\/wp-content\/uploads\/2025\/08\/1.png\",\"width\":1080,\"height\":1080,\"caption\":\"Digital Workflow Masters\"},\"image\":{\"@id\":\"https:\/\/digitalworkflowmasters.com\/romana\/#\/schema\/logo\/image\/\"},\"sameAs\":[\"https:\/\/www.facebook.com\/digitalworkflowmasters\/\",\"https:\/\/www.instagram.com\/digitalworkflowmasters\/\"]}]}<\/script>\n<!-- \/ Yoast SEO plugin. -->","yoast_head_json":{"title":"Electric micromotor Bien Air MC3 LED - Digital Workflow Masters","robots":{"index":"index","follow":"follow","max-snippet":"max-snippet:-1","max-image-preview":"max-image-preview:large","max-video-preview":"max-video-preview:-1"},"canonical":"https:\/\/digitalworkflowmasters.com\/romana\/shop\/electric-micromotor-bien-air-mc3-led\/","og_locale":"ro_RO","og_type":"article","og_title":"Electric micromotor Bien Air MC3 LED - Digital Workflow Masters","og_description":"Can't be ordered separately. It comes together only with the Dental Unit. The electric micromotor Bien Air MC3 LED represents one of the most efficient micromotors on the market.","og_url":"https:\/\/digitalworkflowmasters.com\/romana\/shop\/electric-micromotor-bien-air-mc3-led\/","og_site_name":"Digital Workflow Masters","article_publisher":"https:\/\/www.facebook.com\/digitalworkflowmasters\/","article_modified_time":"2025-03-26T12:23:04+00:00","og_image":[{"width":1000,"height":1000,"url":"https:\/\/digitalworkflowmasters.com\/romana\/wp-content\/uploads\/2025\/03\/Micromotor-electric-Bien-Air-MC3-LED-1.jpg","type":"image\/jpeg"}],"twitter_card":"summary_large_image","schema":{"@context":"https:\/\/schema.org","@graph":[{"@type":"WebPage","@id":"https:\/\/digitalworkflowmasters.com\/romana\/shop\/electric-micromotor-bien-air-mc3-led\/","url":"https:\/\/digitalworkflowmasters.com\/romana\/shop\/electric-micromotor-bien-air-mc3-led\/","name":"Electric micromotor Bien Air MC3 LED - Digital Workflow Masters","isPartOf":{"@id":"https:\/\/digitalworkflowmasters.com\/romana\/#website"},"primaryImageOfPage":{"@id":"https:\/\/digitalworkflowmasters.com\/romana\/shop\/electric-micromotor-bien-air-mc3-led\/#primaryimage"},"image":{"@id":"https:\/\/digitalworkflowmasters.com\/romana\/shop\/electric-micromotor-bien-air-mc3-led\/#primaryimage"},"thumbnailUrl":"https:\/\/digitalworkflowmasters.com\/romana\/wp-content\/uploads\/2025\/03\/Micromotor-electric-Bien-Air-MC3-LED-1.jpg","datePublished":"2025-03-26T08:33:30+00:00","dateModified":"2025-03-26T12:23:04+00:00","breadcrumb":{"@id":"https:\/\/digitalworkflowmasters.com\/romana\/shop\/electric-micromotor-bien-air-mc3-led\/#breadcrumb"},"inLanguage":"ro-RO","potentialAction":[{"@type":"ReadAction","target":["https:\/\/digitalworkflowmasters.com\/romana\/shop\/electric-micromotor-bien-air-mc3-led\/"]}]},{"@type":"ImageObject","inLanguage":"ro-RO","@id":"https:\/\/digitalworkflowmasters.com\/romana\/shop\/electric-micromotor-bien-air-mc3-led\/#primaryimage","url":"https:\/\/digitalworkflowmasters.com\/romana\/wp-content\/uploads\/2025\/03\/Micromotor-electric-Bien-Air-MC3-LED-1.jpg","contentUrl":"https:\/\/digitalworkflowmasters.com\/romana\/wp-content\/uploads\/2025\/03\/Micromotor-electric-Bien-Air-MC3-LED-1.jpg","width":1000,"height":1000},{"@type":"BreadcrumbList","@id":"https:\/\/digitalworkflowmasters.com\/romana\/shop\/electric-micromotor-bien-air-mc3-led\/#breadcrumb","itemListElement":[{"@type":"ListItem","position":1,"name":"Home","item":"https:\/\/digitalworkflowmasters.com\/romana\/"},{"@type":"ListItem","position":2,"name":"Products","item":"https:\/\/digitalworkflowmasters.com\/romana\/shop\/"},{"@type":"ListItem","position":3,"name":"Piese de m\u00e2n\u0103, Piese de m\u00e2n\u0103","item":"https:\/\/digitalworkflowmasters.com\/romana\/product-category\/piese-de-mana-piese-de-mana\/"},{"@type":"ListItem","position":4,"name":"Micromotoare","item":"https:\/\/digitalworkflowmasters.com\/romana\/product-category\/piese-de-mana-piese-de-mana\/micromotoare-piese-de-mana-piese-de-mana\/"},{"@type":"ListItem","position":5,"name":"Electric micromotor Bien Air MC3 LED"}]},{"@type":"WebSite","@id":"https:\/\/digitalworkflowmasters.com\/romana\/#website","url":"https:\/\/digitalworkflowmasters.com\/romana\/","name":"Digital Workflow Masters","description":"Premium Dental Equipment","publisher":{"@id":"https:\/\/digitalworkflowmasters.com\/romana\/#organization"},"potentialAction":[{"@type":"SearchAction","target":{"@type":"EntryPoint","urlTemplate":"https:\/\/digitalworkflowmasters.com\/romana\/?s={search_term_string}"},"query-input":{"@type":"PropertyValueSpecification","valueRequired":true,"valueName":"search_term_string"}}],"inLanguage":"ro-RO"},{"@type":"Organization","@id":"https:\/\/digitalworkflowmasters.com\/romana\/#organization","name":"Digital Workflow Masters","url":"https:\/\/digitalworkflowmasters.com\/romana\/","logo":{"@type":"ImageObject","inLanguage":"ro-RO","@id":"https:\/\/digitalworkflowmasters.com\/romana\/#\/schema\/logo\/image\/","url":"https:\/\/digitalworkflowmasters.com\/romana\/wp-content\/uploads\/2025\/08\/1.png","contentUrl":"https:\/\/digitalworkflowmasters.com\/romana\/wp-content\/uploads\/2025\/08\/1.png","width":1080,"height":1080,"caption":"Digital Workflow Masters"},"image":{"@id":"https:\/\/digitalworkflowmasters.com\/romana\/#\/schema\/logo\/image\/"},"sameAs":["https:\/\/www.facebook.com\/digitalworkflowmasters\/","https:\/\/www.instagram.com\/digitalworkflowmasters\/"]}]}},"_links":{"self":[{"href":"https:\/\/digitalworkflowmasters.com\/romana\/wp-json\/wp\/v2\/product\/8331","targetHints":{"allow":["GET"]}}],"collection":[{"href":"https:\/\/digitalworkflowmasters.com\/romana\/wp-json\/wp\/v2\/product"}],"about":[{"href":"https:\/\/digitalworkflowmasters.com\/romana\/wp-json\/wp\/v2\/types\/product"}],"version-history":[{"count":0,"href":"https:\/\/digitalworkflowmasters.com\/romana\/wp-json\/wp\/v2\/product\/8331\/revisions"}],"wp:featuredmedia":[{"embeddable":true,"href":"https:\/\/digitalworkflowmasters.com\/romana\/wp-json\/wp\/v2\/media\/33037"}],"wp:attachment":[{"href":"https:\/\/digitalworkflowmasters.com\/romana\/wp-json\/wp\/v2\/media?parent=8331"}],"wp:term":[{"taxonomy":"product_brand","embeddable":true,"href":"https:\/\/digitalworkflowmasters.com\/romana\/wp-json\/wp\/v2\/product_brand?post=8331"},{"taxonomy":"product_cat","embeddable":true,"href":"https:\/\/digitalworkflowmasters.com\/romana\/wp-json\/wp\/v2\/product_cat?post=8331"},{"taxonomy":"product_tag","embeddable":true,"href":"https:\/\/digitalworkflowmasters.com\/romana\/wp-json\/wp\/v2\/product_tag?post=8331"}],"curies":[{"name":"wp","href":"https:\/\/api.w.org\/{rel}","templated":true}]}}