{"id":8367,"date":"2025-03-26T08:33:31","date_gmt":"2025-03-26T08:33:31","guid":{"rendered":"https:\/\/digitalworkflowmasters.com\/?post_type=product&#038;p=8367"},"modified":"2025-03-26T12:23:04","modified_gmt":"2025-03-26T12:23:04","slug":"bien-air-11-ext-straight-handpiece","status":"publish","type":"product","link":"https:\/\/digitalworkflowmasters.com\/romana\/shop\/bien-air-11-ext-straight-handpiece\/","title":{"rendered":"Bien Air 1:1 Ext straight handpiece"},"content":{"rendered":"<p>The Bien Air 1:1 EXT straight handpiece is dedicated to implantology and oral surgery, known for its precision, safety, and quiet operation. It is designed to withstand repetitive demands that result from lateral pressure while maintaining exceptional accuracy.<\/p>\n<p><strong>Features:<\/strong><\/p>\n<ul>\n<li>Ratio: 1:1<\/li>\n<li>Locking ring bur system<\/li>\n<li>Autoclavable at 1350\u00b0C<\/li>\n<\/ul>\n<p>Ratio Type: 1:1 (blue)<br \/>\nBody Size: Standard<br \/>\nFiber Optics: No<\/p>\n","protected":false},"excerpt":{"rendered":"<p><span style=\"color: #f78d28;\"><b>Can&#8217;t be ordered separately. It comes together only with the Dental Unit.<b><\/b><\/b><\/span><br \/>\nThe Bien Air 1:1 EXT straight handpiece is dedicated to implantology and oral surgery, known for its precision, safety, and quiet operation. It is designed to withstand repetitive demands that result from lateral pressure while maintaining exceptional accuracy.<\/p>\n","protected":false},"featured_media":33061,"template":"","meta":{"_acf_changed":false,"om_disable_all_campaigns":false},"product_brand":[],"product_cat":[462],"product_tag":[],"class_list":{"0":"post-8367","1":"product","2":"type-product","3":"status-publish","4":"has-post-thumbnail","6":"product_cat-piese-de-mana-drepte","8":"first","9":"instock","10":"shipping-taxable","11":"purchasable","12":"product-type-simple"},"acf":[],"yoast_head":"<!-- This site is optimized with the Yoast SEO plugin v25.3 - https:\/\/yoast.com\/wordpress\/plugins\/seo\/ -->\n<title>Bien Air 1:1 Ext straight handpiece - Digital Workflow Masters<\/title>\n<meta name=\"robots\" content=\"index, follow, max-snippet:-1, max-image-preview:large, max-video-preview:-1\" \/>\n<link rel=\"canonical\" href=\"https:\/\/digitalworkflowmasters.com\/romana\/shop\/bien-air-11-ext-straight-handpiece\/\" \/>\n<meta property=\"og:locale\" content=\"ro_RO\" \/>\n<meta property=\"og:type\" content=\"article\" \/>\n<meta property=\"og:title\" content=\"Bien Air 1:1 Ext straight handpiece - Digital Workflow Masters\" \/>\n<meta property=\"og:description\" content=\"Can&#039;t be ordered separately. It comes together only with the Dental Unit. The Bien Air 1:1 EXT straight handpiece is dedicated to implantology and oral surgery, known for its precision, safety, and quiet operation. It is designed to withstand repetitive demands that result from lateral pressure while maintaining exceptional accuracy.\" \/>\n<meta property=\"og:url\" content=\"https:\/\/digitalworkflowmasters.com\/romana\/shop\/bien-air-11-ext-straight-handpiece\/\" \/>\n<meta property=\"og:site_name\" content=\"Digital Workflow Masters\" \/>\n<meta property=\"article:publisher\" content=\"https:\/\/www.facebook.com\/digitalworkflowmasters\/\" \/>\n<meta property=\"article:modified_time\" content=\"2025-03-26T12:23:04+00:00\" \/>\n<meta property=\"og:image\" content=\"https:\/\/digitalworkflowmasters.com\/romana\/wp-content\/uploads\/2025\/03\/Piesa-dreapta-Bien-Air-1-la-1-Ext-1.png\" \/>\n\t<meta property=\"og:image:width\" content=\"1000\" \/>\n\t<meta property=\"og:image:height\" content=\"1000\" \/>\n\t<meta property=\"og:image:type\" content=\"image\/png\" \/>\n<meta name=\"twitter:card\" content=\"summary_large_image\" \/>\n<script type=\"application\/ld+json\" class=\"yoast-schema-graph\">{\"@context\":\"https:\/\/schema.org\",\"@graph\":[{\"@type\":\"WebPage\",\"@id\":\"https:\/\/digitalworkflowmasters.com\/romana\/shop\/bien-air-11-ext-straight-handpiece\/\",\"url\":\"https:\/\/digitalworkflowmasters.com\/romana\/shop\/bien-air-11-ext-straight-handpiece\/\",\"name\":\"Bien Air 1:1 Ext straight handpiece - Digital Workflow Masters\",\"isPartOf\":{\"@id\":\"https:\/\/digitalworkflowmasters.com\/romana\/#website\"},\"primaryImageOfPage\":{\"@id\":\"https:\/\/digitalworkflowmasters.com\/romana\/shop\/bien-air-11-ext-straight-handpiece\/#primaryimage\"},\"image\":{\"@id\":\"https:\/\/digitalworkflowmasters.com\/romana\/shop\/bien-air-11-ext-straight-handpiece\/#primaryimage\"},\"thumbnailUrl\":\"https:\/\/digitalworkflowmasters.com\/romana\/wp-content\/uploads\/2025\/03\/Piesa-dreapta-Bien-Air-1-la-1-Ext-1.png\",\"datePublished\":\"2025-03-26T08:33:31+00:00\",\"dateModified\":\"2025-03-26T12:23:04+00:00\",\"breadcrumb\":{\"@id\":\"https:\/\/digitalworkflowmasters.com\/romana\/shop\/bien-air-11-ext-straight-handpiece\/#breadcrumb\"},\"inLanguage\":\"ro-RO\",\"potentialAction\":[{\"@type\":\"ReadAction\",\"target\":[\"https:\/\/digitalworkflowmasters.com\/romana\/shop\/bien-air-11-ext-straight-handpiece\/\"]}]},{\"@type\":\"ImageObject\",\"inLanguage\":\"ro-RO\",\"@id\":\"https:\/\/digitalworkflowmasters.com\/romana\/shop\/bien-air-11-ext-straight-handpiece\/#primaryimage\",\"url\":\"https:\/\/digitalworkflowmasters.com\/romana\/wp-content\/uploads\/2025\/03\/Piesa-dreapta-Bien-Air-1-la-1-Ext-1.png\",\"contentUrl\":\"https:\/\/digitalworkflowmasters.com\/romana\/wp-content\/uploads\/2025\/03\/Piesa-dreapta-Bien-Air-1-la-1-Ext-1.png\",\"width\":1000,\"height\":1000},{\"@type\":\"BreadcrumbList\",\"@id\":\"https:\/\/digitalworkflowmasters.com\/romana\/shop\/bien-air-11-ext-straight-handpiece\/#breadcrumb\",\"itemListElement\":[{\"@type\":\"ListItem\",\"position\":1,\"name\":\"Home\",\"item\":\"https:\/\/digitalworkflowmasters.com\/romana\/\"},{\"@type\":\"ListItem\",\"position\":2,\"name\":\"Products\",\"item\":\"https:\/\/digitalworkflowmasters.com\/romana\/shop\/\"},{\"@type\":\"ListItem\",\"position\":3,\"name\":\"Piese de m\u00e2n\u0103, Piese de m\u00e2n\u0103\",\"item\":\"https:\/\/digitalworkflowmasters.com\/romana\/product-category\/piese-de-mana-piese-de-mana\/\"},{\"@type\":\"ListItem\",\"position\":4,\"name\":\"Piese de m\u00e2n\u0103 drepte\",\"item\":\"https:\/\/digitalworkflowmasters.com\/romana\/product-category\/piese-de-mana-piese-de-mana\/piese-de-mana-drepte\/\"},{\"@type\":\"ListItem\",\"position\":5,\"name\":\"Bien Air 1:1 Ext straight handpiece\"}]},{\"@type\":\"WebSite\",\"@id\":\"https:\/\/digitalworkflowmasters.com\/romana\/#website\",\"url\":\"https:\/\/digitalworkflowmasters.com\/romana\/\",\"name\":\"Digital Workflow Masters\",\"description\":\"Premium Dental Equipment\",\"publisher\":{\"@id\":\"https:\/\/digitalworkflowmasters.com\/romana\/#organization\"},\"potentialAction\":[{\"@type\":\"SearchAction\",\"target\":{\"@type\":\"EntryPoint\",\"urlTemplate\":\"https:\/\/digitalworkflowmasters.com\/romana\/?s={search_term_string}\"},\"query-input\":{\"@type\":\"PropertyValueSpecification\",\"valueRequired\":true,\"valueName\":\"search_term_string\"}}],\"inLanguage\":\"ro-RO\"},{\"@type\":\"Organization\",\"@id\":\"https:\/\/digitalworkflowmasters.com\/romana\/#organization\",\"name\":\"Digital Workflow Masters\",\"url\":\"https:\/\/digitalworkflowmasters.com\/romana\/\",\"logo\":{\"@type\":\"ImageObject\",\"inLanguage\":\"ro-RO\",\"@id\":\"https:\/\/digitalworkflowmasters.com\/romana\/#\/schema\/logo\/image\/\",\"url\":\"https:\/\/digitalworkflowmasters.com\/romana\/wp-content\/uploads\/2025\/08\/1.png\",\"contentUrl\":\"https:\/\/digitalworkflowmasters.com\/romana\/wp-content\/uploads\/2025\/08\/1.png\",\"width\":1080,\"height\":1080,\"caption\":\"Digital Workflow Masters\"},\"image\":{\"@id\":\"https:\/\/digitalworkflowmasters.com\/romana\/#\/schema\/logo\/image\/\"},\"sameAs\":[\"https:\/\/www.facebook.com\/digitalworkflowmasters\/\",\"https:\/\/www.instagram.com\/digitalworkflowmasters\/\"]}]}<\/script>\n<!-- \/ Yoast SEO plugin. -->","yoast_head_json":{"title":"Bien Air 1:1 Ext straight handpiece - Digital Workflow Masters","robots":{"index":"index","follow":"follow","max-snippet":"max-snippet:-1","max-image-preview":"max-image-preview:large","max-video-preview":"max-video-preview:-1"},"canonical":"https:\/\/digitalworkflowmasters.com\/romana\/shop\/bien-air-11-ext-straight-handpiece\/","og_locale":"ro_RO","og_type":"article","og_title":"Bien Air 1:1 Ext straight handpiece - Digital Workflow Masters","og_description":"Can't be ordered separately. It comes together only with the Dental Unit. The Bien Air 1:1 EXT straight handpiece is dedicated to implantology and oral surgery, known for its precision, safety, and quiet operation. It is designed to withstand repetitive demands that result from lateral pressure while maintaining exceptional accuracy.","og_url":"https:\/\/digitalworkflowmasters.com\/romana\/shop\/bien-air-11-ext-straight-handpiece\/","og_site_name":"Digital Workflow Masters","article_publisher":"https:\/\/www.facebook.com\/digitalworkflowmasters\/","article_modified_time":"2025-03-26T12:23:04+00:00","og_image":[{"width":1000,"height":1000,"url":"https:\/\/digitalworkflowmasters.com\/romana\/wp-content\/uploads\/2025\/03\/Piesa-dreapta-Bien-Air-1-la-1-Ext-1.png","type":"image\/png"}],"twitter_card":"summary_large_image","schema":{"@context":"https:\/\/schema.org","@graph":[{"@type":"WebPage","@id":"https:\/\/digitalworkflowmasters.com\/romana\/shop\/bien-air-11-ext-straight-handpiece\/","url":"https:\/\/digitalworkflowmasters.com\/romana\/shop\/bien-air-11-ext-straight-handpiece\/","name":"Bien Air 1:1 Ext straight handpiece - Digital Workflow Masters","isPartOf":{"@id":"https:\/\/digitalworkflowmasters.com\/romana\/#website"},"primaryImageOfPage":{"@id":"https:\/\/digitalworkflowmasters.com\/romana\/shop\/bien-air-11-ext-straight-handpiece\/#primaryimage"},"image":{"@id":"https:\/\/digitalworkflowmasters.com\/romana\/shop\/bien-air-11-ext-straight-handpiece\/#primaryimage"},"thumbnailUrl":"https:\/\/digitalworkflowmasters.com\/romana\/wp-content\/uploads\/2025\/03\/Piesa-dreapta-Bien-Air-1-la-1-Ext-1.png","datePublished":"2025-03-26T08:33:31+00:00","dateModified":"2025-03-26T12:23:04+00:00","breadcrumb":{"@id":"https:\/\/digitalworkflowmasters.com\/romana\/shop\/bien-air-11-ext-straight-handpiece\/#breadcrumb"},"inLanguage":"ro-RO","potentialAction":[{"@type":"ReadAction","target":["https:\/\/digitalworkflowmasters.com\/romana\/shop\/bien-air-11-ext-straight-handpiece\/"]}]},{"@type":"ImageObject","inLanguage":"ro-RO","@id":"https:\/\/digitalworkflowmasters.com\/romana\/shop\/bien-air-11-ext-straight-handpiece\/#primaryimage","url":"https:\/\/digitalworkflowmasters.com\/romana\/wp-content\/uploads\/2025\/03\/Piesa-dreapta-Bien-Air-1-la-1-Ext-1.png","contentUrl":"https:\/\/digitalworkflowmasters.com\/romana\/wp-content\/uploads\/2025\/03\/Piesa-dreapta-Bien-Air-1-la-1-Ext-1.png","width":1000,"height":1000},{"@type":"BreadcrumbList","@id":"https:\/\/digitalworkflowmasters.com\/romana\/shop\/bien-air-11-ext-straight-handpiece\/#breadcrumb","itemListElement":[{"@type":"ListItem","position":1,"name":"Home","item":"https:\/\/digitalworkflowmasters.com\/romana\/"},{"@type":"ListItem","position":2,"name":"Products","item":"https:\/\/digitalworkflowmasters.com\/romana\/shop\/"},{"@type":"ListItem","position":3,"name":"Piese de m\u00e2n\u0103, Piese de m\u00e2n\u0103","item":"https:\/\/digitalworkflowmasters.com\/romana\/product-category\/piese-de-mana-piese-de-mana\/"},{"@type":"ListItem","position":4,"name":"Piese de m\u00e2n\u0103 drepte","item":"https:\/\/digitalworkflowmasters.com\/romana\/product-category\/piese-de-mana-piese-de-mana\/piese-de-mana-drepte\/"},{"@type":"ListItem","position":5,"name":"Bien Air 1:1 Ext straight handpiece"}]},{"@type":"WebSite","@id":"https:\/\/digitalworkflowmasters.com\/romana\/#website","url":"https:\/\/digitalworkflowmasters.com\/romana\/","name":"Digital Workflow Masters","description":"Premium Dental Equipment","publisher":{"@id":"https:\/\/digitalworkflowmasters.com\/romana\/#organization"},"potentialAction":[{"@type":"SearchAction","target":{"@type":"EntryPoint","urlTemplate":"https:\/\/digitalworkflowmasters.com\/romana\/?s={search_term_string}"},"query-input":{"@type":"PropertyValueSpecification","valueRequired":true,"valueName":"search_term_string"}}],"inLanguage":"ro-RO"},{"@type":"Organization","@id":"https:\/\/digitalworkflowmasters.com\/romana\/#organization","name":"Digital Workflow Masters","url":"https:\/\/digitalworkflowmasters.com\/romana\/","logo":{"@type":"ImageObject","inLanguage":"ro-RO","@id":"https:\/\/digitalworkflowmasters.com\/romana\/#\/schema\/logo\/image\/","url":"https:\/\/digitalworkflowmasters.com\/romana\/wp-content\/uploads\/2025\/08\/1.png","contentUrl":"https:\/\/digitalworkflowmasters.com\/romana\/wp-content\/uploads\/2025\/08\/1.png","width":1080,"height":1080,"caption":"Digital Workflow Masters"},"image":{"@id":"https:\/\/digitalworkflowmasters.com\/romana\/#\/schema\/logo\/image\/"},"sameAs":["https:\/\/www.facebook.com\/digitalworkflowmasters\/","https:\/\/www.instagram.com\/digitalworkflowmasters\/"]}]}},"_links":{"self":[{"href":"https:\/\/digitalworkflowmasters.com\/romana\/wp-json\/wp\/v2\/product\/8367","targetHints":{"allow":["GET"]}}],"collection":[{"href":"https:\/\/digitalworkflowmasters.com\/romana\/wp-json\/wp\/v2\/product"}],"about":[{"href":"https:\/\/digitalworkflowmasters.com\/romana\/wp-json\/wp\/v2\/types\/product"}],"version-history":[{"count":0,"href":"https:\/\/digitalworkflowmasters.com\/romana\/wp-json\/wp\/v2\/product\/8367\/revisions"}],"wp:featuredmedia":[{"embeddable":true,"href":"https:\/\/digitalworkflowmasters.com\/romana\/wp-json\/wp\/v2\/media\/33061"}],"wp:attachment":[{"href":"https:\/\/digitalworkflowmasters.com\/romana\/wp-json\/wp\/v2\/media?parent=8367"}],"wp:term":[{"taxonomy":"product_brand","embeddable":true,"href":"https:\/\/digitalworkflowmasters.com\/romana\/wp-json\/wp\/v2\/product_brand?post=8367"},{"taxonomy":"product_cat","embeddable":true,"href":"https:\/\/digitalworkflowmasters.com\/romana\/wp-json\/wp\/v2\/product_cat?post=8367"},{"taxonomy":"product_tag","embeddable":true,"href":"https:\/\/digitalworkflowmasters.com\/romana\/wp-json\/wp\/v2\/product_tag?post=8367"}],"curies":[{"name":"wp","href":"https:\/\/api.w.org\/{rel}","templated":true}]}}