{"id":8486,"date":"2025-03-26T08:33:34","date_gmt":"2025-03-26T08:33:34","guid":{"rendered":"https:\/\/digitalworkflowmasters.com\/?post_type=product&#038;p=8486"},"modified":"2025-06-25T20:06:50","modified_gmt":"2025-06-25T20:06:50","slug":"sirona-scanner","status":"publish","type":"product","link":"https:\/\/digitalworkflowmasters.com\/romana\/shop\/sirona-scanner\/","title":{"rendered":"Scanner Intraoral Sirona Primescan"},"content":{"rendered":"<h3 data-start=\"234\" data-end=\"317\"><strong data-start=\"238\" data-end=\"317\">Scanner intraoral Sirona Primescan (Primescan Connect)<\/strong><\/h3>\n<p data-start=\"319\" data-end=\"715\"><strong data-start=\"319\" data-end=\"339\">Sirona Primescan<\/strong> este un <strong data-start=\"348\" data-end=\"389\">scanner intraoral de ultim\u0103 genera\u021bie<\/strong>, conceput pentru a oferi amprente digitale rapide, precise \u0219i u\u0219or de realizat, indiferent de tipul de material sau de zona scanat\u0103. Cu <strong data-start=\"526\" data-end=\"564\">tehnologie de captare ultra-rapid\u0103<\/strong>, Primescan poate scana o arcad\u0103 complet\u0103 \u00een <strong data-start=\"609\" data-end=\"634\">mai pu\u021bin de un minut<\/strong>, proces\u00e2nd peste <strong data-start=\"652\" data-end=\"684\">50.000 de imagini pe secund\u0103<\/strong> pentru rezultate excep\u021bionale.<\/p>\n<p data-start=\"717\" data-end=\"1089\">Modelul <strong data-start=\"725\" data-end=\"746\">Primescan Connect<\/strong> este o solu\u021bie compact\u0103 \u0219i eficient\u0103, care se integreaz\u0103 perfect \u00een fluxurile digitale moderne prin <strong data-start=\"847\" data-end=\"868\">platforma DS Core<\/strong>, permi\u021b\u00e2nd transmiterea imediat\u0103 a cazurilor c\u0103tre laboratoare partenere. Tehnologia sa avansat\u0103 de <strong data-start=\"969\" data-end=\"1001\">auto\u00eenc\u0103lzire \u0219i antiaburire<\/strong> asigur\u0103 o scanare continu\u0103, f\u0103r\u0103 \u00eentreruperi, chiar \u0219i \u00een condi\u021bii intraorale dificile.<\/p>\n<p data-start=\"1091\" data-end=\"1393\">Scannerul este ideal pentru clinici dentare care doresc s\u0103 elimine amprentele tradi\u021bionale \u0219i s\u0103 adopte un <strong data-start=\"1198\" data-end=\"1219\">flux 100% digital<\/strong>, fie pentru restaur\u0103ri protetice, aliniatori, implanturi sau ghiduri chirurgicale. Este intuitiv, ergonomic \u0219i necesit\u0103 <strong data-start=\"1340\" data-end=\"1370\">un singur abonament per PC<\/strong>, f\u0103r\u0103 costuri ascunse.<\/p>\n<hr data-start=\"1395\" data-end=\"1398\" \/>\n<h3 data-start=\"1400\" data-end=\"1439\"><strong data-start=\"1404\" data-end=\"1439\">Utiliz\u0103ri ale Sirona Primescan:<\/strong><\/h3>\n<ul data-start=\"1440\" data-end=\"1702\">\n<li data-start=\"1440\" data-end=\"1498\">\n<p data-start=\"1442\" data-end=\"1498\">Amprent\u0103 digital\u0103 complet\u0103 pentru restaur\u0103ri protetice<\/p>\n<\/li>\n<li data-start=\"1499\" data-end=\"1551\">\n<p data-start=\"1501\" data-end=\"1551\">Scanare pentru aliniatori ortodontici \u0219i gutiere<\/p>\n<\/li>\n<li data-start=\"1552\" data-end=\"1599\">\n<p data-start=\"1554\" data-end=\"1599\">Planific\u0103ri implantare \u0219i chirurgie ghidat\u0103<\/p>\n<\/li>\n<li data-start=\"1600\" data-end=\"1651\">\n<p data-start=\"1602\" data-end=\"1651\">Colaborare digital\u0103 cu laboratoare prin DS Core<\/p>\n<\/li>\n<li data-start=\"1652\" data-end=\"1702\">\n<p data-start=\"1654\" data-end=\"1702\">Scanare de toate tipurile de materiale dentare<\/p>\n<\/li>\n<\/ul>\n<hr data-start=\"1704\" data-end=\"1707\" \/>\n<h3 data-start=\"1709\" data-end=\"1726\"><strong data-start=\"1713\" data-end=\"1726\">Avantaje:<\/strong><\/h3>\n<ul data-start=\"1727\" data-end=\"2087\">\n<li data-start=\"1727\" data-end=\"1764\">\n<p data-start=\"1729\" data-end=\"1764\"><strong data-start=\"1729\" data-end=\"1762\">Scanare full-arch sub 1 minut<\/strong><\/p>\n<\/li>\n<li data-start=\"1765\" data-end=\"1820\">\n<p data-start=\"1767\" data-end=\"1820\"><strong data-start=\"1767\" data-end=\"1818\">Procesare ultra-rapid\u0103: 50.000+ imagini\/secund\u0103<\/strong><\/p>\n<\/li>\n<li data-start=\"1821\" data-end=\"1870\">\n<p data-start=\"1823\" data-end=\"1870\"><strong data-start=\"1823\" data-end=\"1868\">Compatibil cu toate tipurile de materiale<\/strong><\/p>\n<\/li>\n<li data-start=\"1871\" data-end=\"1934\">\n<p data-start=\"1873\" data-end=\"1934\"><strong data-start=\"1873\" data-end=\"1905\">Auto\u00eenc\u0103lzire \u0219i antiaburire<\/strong> \u2013 scanare f\u0103r\u0103 \u00eentreruperi<\/p>\n<\/li>\n<li data-start=\"1935\" data-end=\"1978\">\n<p data-start=\"1937\" data-end=\"1978\"><strong data-start=\"1937\" data-end=\"1976\">Conectivitate digital\u0103 prin DS Core<\/strong><\/p>\n<\/li>\n<li data-start=\"1979\" data-end=\"2024\">\n<p data-start=\"1981\" data-end=\"2024\"><strong data-start=\"1981\" data-end=\"2022\">U\u0219or de utilizat, interfa\u021b\u0103 intuitiv\u0103<\/strong><\/p>\n<\/li>\n<li data-start=\"2025\" data-end=\"2087\">\n<p data-start=\"2027\" data-end=\"2087\"><strong data-start=\"2027\" data-end=\"2085\">Un singur abonament per PC \u2013 f\u0103r\u0103 costuri suplimentare<\/strong><\/p>\n<\/li>\n<\/ul>\n","protected":false},"excerpt":{"rendered":"<p data-start=\"2140\" data-end=\"2299\"><strong data-start=\"2140\" data-end=\"2160\">Sirona Primescan<\/strong> este un scanner intraoral performant pentru amprente digitale rapide, precise \u0219i f\u0103r\u0103 disconfort. Ideal pentru fluxuri digitale integrate.<\/p>\n","protected":false},"featured_media":33141,"template":"","meta":{"_acf_changed":false,"om_disable_all_campaigns":false},"product_brand":[],"product_cat":[482],"product_tag":[],"class_list":{"0":"post-8486","1":"product","2":"type-product","3":"status-publish","4":"has-post-thumbnail","6":"product_cat-scannere-intraorale","8":"first","9":"instock","10":"shipping-taxable","11":"purchasable","12":"product-type-simple"},"acf":[],"yoast_head":"<!-- This site is optimized with the Yoast SEO plugin v25.3 - https:\/\/yoast.com\/wordpress\/plugins\/seo\/ -->\n<title>Scanner Intraoral Sirona Primescan - Digital Workflow Masters<\/title>\n<meta name=\"description\" content=\"Scanner intraoral Sirona Primescan \u2013 amprent\u0103 digital\u0103 rapid\u0103 \u0219i precis\u0103. Scanare full-arch sub 1 minut, conectivitate DS Core, compatibilitate total\u0103 materiale.\" \/>\n<meta name=\"robots\" content=\"index, follow, max-snippet:-1, max-image-preview:large, max-video-preview:-1\" \/>\n<link rel=\"canonical\" href=\"https:\/\/digitalworkflowmasters.com\/romana\/shop\/sirona-scanner\/\" \/>\n<meta property=\"og:locale\" content=\"ro_RO\" \/>\n<meta property=\"og:type\" content=\"article\" \/>\n<meta property=\"og:title\" content=\"Scanner Intraoral Sirona Primescan - Digital Workflow Masters\" \/>\n<meta property=\"og:description\" content=\"Scanner intraoral Sirona Primescan \u2013 amprent\u0103 digital\u0103 rapid\u0103 \u0219i precis\u0103. Scanare full-arch sub 1 minut, conectivitate DS Core, compatibilitate total\u0103 materiale.\" \/>\n<meta property=\"og:url\" content=\"https:\/\/digitalworkflowmasters.com\/romana\/shop\/sirona-scanner\/\" \/>\n<meta property=\"og:site_name\" content=\"Digital Workflow Masters\" \/>\n<meta property=\"article:publisher\" content=\"https:\/\/www.facebook.com\/digitalworkflowmasters\/\" \/>\n<meta property=\"article:modified_time\" content=\"2025-06-25T20:06:50+00:00\" \/>\n<meta property=\"og:image\" content=\"https:\/\/digitalworkflowmasters.com\/romana\/wp-content\/uploads\/2025\/03\/primescan-connect-sirona-1.jpg\" \/>\n\t<meta property=\"og:image:width\" content=\"800\" \/>\n\t<meta property=\"og:image:height\" content=\"800\" \/>\n\t<meta property=\"og:image:type\" content=\"image\/jpeg\" \/>\n<meta name=\"twitter:card\" content=\"summary_large_image\" \/>\n<meta name=\"twitter:label1\" content=\"Timp estimat pentru citire\" \/>\n\t<meta name=\"twitter:data1\" content=\"2 minute\" \/>\n<script type=\"application\/ld+json\" class=\"yoast-schema-graph\">{\"@context\":\"https:\/\/schema.org\",\"@graph\":[{\"@type\":\"WebPage\",\"@id\":\"https:\/\/digitalworkflowmasters.com\/romana\/shop\/sirona-scanner\/\",\"url\":\"https:\/\/digitalworkflowmasters.com\/romana\/shop\/sirona-scanner\/\",\"name\":\"Scanner Intraoral Sirona Primescan - Digital Workflow Masters\",\"isPartOf\":{\"@id\":\"https:\/\/digitalworkflowmasters.com\/romana\/#website\"},\"primaryImageOfPage\":{\"@id\":\"https:\/\/digitalworkflowmasters.com\/romana\/shop\/sirona-scanner\/#primaryimage\"},\"image\":{\"@id\":\"https:\/\/digitalworkflowmasters.com\/romana\/shop\/sirona-scanner\/#primaryimage\"},\"thumbnailUrl\":\"https:\/\/digitalworkflowmasters.com\/romana\/wp-content\/uploads\/2025\/03\/primescan-connect-sirona-1.jpg\",\"datePublished\":\"2025-03-26T08:33:34+00:00\",\"dateModified\":\"2025-06-25T20:06:50+00:00\",\"description\":\"Scanner intraoral Sirona Primescan \u2013 amprent\u0103 digital\u0103 rapid\u0103 \u0219i precis\u0103. Scanare full-arch sub 1 minut, conectivitate DS Core, compatibilitate total\u0103 materiale.\",\"breadcrumb\":{\"@id\":\"https:\/\/digitalworkflowmasters.com\/romana\/shop\/sirona-scanner\/#breadcrumb\"},\"inLanguage\":\"ro-RO\",\"potentialAction\":[{\"@type\":\"ReadAction\",\"target\":[\"https:\/\/digitalworkflowmasters.com\/romana\/shop\/sirona-scanner\/\"]}]},{\"@type\":\"ImageObject\",\"inLanguage\":\"ro-RO\",\"@id\":\"https:\/\/digitalworkflowmasters.com\/romana\/shop\/sirona-scanner\/#primaryimage\",\"url\":\"https:\/\/digitalworkflowmasters.com\/romana\/wp-content\/uploads\/2025\/03\/primescan-connect-sirona-1.jpg\",\"contentUrl\":\"https:\/\/digitalworkflowmasters.com\/romana\/wp-content\/uploads\/2025\/03\/primescan-connect-sirona-1.jpg\",\"width\":800,\"height\":800},{\"@type\":\"BreadcrumbList\",\"@id\":\"https:\/\/digitalworkflowmasters.com\/romana\/shop\/sirona-scanner\/#breadcrumb\",\"itemListElement\":[{\"@type\":\"ListItem\",\"position\":1,\"name\":\"Home\",\"item\":\"https:\/\/digitalworkflowmasters.com\/romana\/\"},{\"@type\":\"ListItem\",\"position\":2,\"name\":\"Products\",\"item\":\"https:\/\/digitalworkflowmasters.com\/romana\/shop\/\"},{\"@type\":\"ListItem\",\"position\":3,\"name\":\"CAD CAM\",\"item\":\"https:\/\/digitalworkflowmasters.com\/romana\/product-category\/cad-cam\/\"},{\"@type\":\"ListItem\",\"position\":4,\"name\":\"Scannere Intraorale\",\"item\":\"https:\/\/digitalworkflowmasters.com\/romana\/product-category\/cad-cam\/scannere-intraorale\/\"},{\"@type\":\"ListItem\",\"position\":5,\"name\":\"Scanner Intraoral Sirona Primescan\"}]},{\"@type\":\"WebSite\",\"@id\":\"https:\/\/digitalworkflowmasters.com\/romana\/#website\",\"url\":\"https:\/\/digitalworkflowmasters.com\/romana\/\",\"name\":\"Digital Workflow Masters\",\"description\":\"Premium Dental Equipment\",\"publisher\":{\"@id\":\"https:\/\/digitalworkflowmasters.com\/romana\/#organization\"},\"potentialAction\":[{\"@type\":\"SearchAction\",\"target\":{\"@type\":\"EntryPoint\",\"urlTemplate\":\"https:\/\/digitalworkflowmasters.com\/romana\/?s={search_term_string}\"},\"query-input\":{\"@type\":\"PropertyValueSpecification\",\"valueRequired\":true,\"valueName\":\"search_term_string\"}}],\"inLanguage\":\"ro-RO\"},{\"@type\":\"Organization\",\"@id\":\"https:\/\/digitalworkflowmasters.com\/romana\/#organization\",\"name\":\"Digital Workflow Masters\",\"url\":\"https:\/\/digitalworkflowmasters.com\/romana\/\",\"logo\":{\"@type\":\"ImageObject\",\"inLanguage\":\"ro-RO\",\"@id\":\"https:\/\/digitalworkflowmasters.com\/romana\/#\/schema\/logo\/image\/\",\"url\":\"https:\/\/digitalworkflowmasters.com\/romana\/wp-content\/uploads\/2025\/08\/1.png\",\"contentUrl\":\"https:\/\/digitalworkflowmasters.com\/romana\/wp-content\/uploads\/2025\/08\/1.png\",\"width\":1080,\"height\":1080,\"caption\":\"Digital Workflow Masters\"},\"image\":{\"@id\":\"https:\/\/digitalworkflowmasters.com\/romana\/#\/schema\/logo\/image\/\"},\"sameAs\":[\"https:\/\/www.facebook.com\/digitalworkflowmasters\/\",\"https:\/\/www.instagram.com\/digitalworkflowmasters\/\"]}]}<\/script>\n<!-- \/ Yoast SEO plugin. -->","yoast_head_json":{"title":"Scanner Intraoral Sirona Primescan - Digital Workflow Masters","description":"Scanner intraoral Sirona Primescan \u2013 amprent\u0103 digital\u0103 rapid\u0103 \u0219i precis\u0103. Scanare full-arch sub 1 minut, conectivitate DS Core, compatibilitate total\u0103 materiale.","robots":{"index":"index","follow":"follow","max-snippet":"max-snippet:-1","max-image-preview":"max-image-preview:large","max-video-preview":"max-video-preview:-1"},"canonical":"https:\/\/digitalworkflowmasters.com\/romana\/shop\/sirona-scanner\/","og_locale":"ro_RO","og_type":"article","og_title":"Scanner Intraoral Sirona Primescan - Digital Workflow Masters","og_description":"Scanner intraoral Sirona Primescan \u2013 amprent\u0103 digital\u0103 rapid\u0103 \u0219i precis\u0103. Scanare full-arch sub 1 minut, conectivitate DS Core, compatibilitate total\u0103 materiale.","og_url":"https:\/\/digitalworkflowmasters.com\/romana\/shop\/sirona-scanner\/","og_site_name":"Digital Workflow Masters","article_publisher":"https:\/\/www.facebook.com\/digitalworkflowmasters\/","article_modified_time":"2025-06-25T20:06:50+00:00","og_image":[{"width":800,"height":800,"url":"https:\/\/digitalworkflowmasters.com\/romana\/wp-content\/uploads\/2025\/03\/primescan-connect-sirona-1.jpg","type":"image\/jpeg"}],"twitter_card":"summary_large_image","twitter_misc":{"Timp estimat pentru citire":"2 minute"},"schema":{"@context":"https:\/\/schema.org","@graph":[{"@type":"WebPage","@id":"https:\/\/digitalworkflowmasters.com\/romana\/shop\/sirona-scanner\/","url":"https:\/\/digitalworkflowmasters.com\/romana\/shop\/sirona-scanner\/","name":"Scanner Intraoral Sirona Primescan - Digital Workflow Masters","isPartOf":{"@id":"https:\/\/digitalworkflowmasters.com\/romana\/#website"},"primaryImageOfPage":{"@id":"https:\/\/digitalworkflowmasters.com\/romana\/shop\/sirona-scanner\/#primaryimage"},"image":{"@id":"https:\/\/digitalworkflowmasters.com\/romana\/shop\/sirona-scanner\/#primaryimage"},"thumbnailUrl":"https:\/\/digitalworkflowmasters.com\/romana\/wp-content\/uploads\/2025\/03\/primescan-connect-sirona-1.jpg","datePublished":"2025-03-26T08:33:34+00:00","dateModified":"2025-06-25T20:06:50+00:00","description":"Scanner intraoral Sirona Primescan \u2013 amprent\u0103 digital\u0103 rapid\u0103 \u0219i precis\u0103. Scanare full-arch sub 1 minut, conectivitate DS Core, compatibilitate total\u0103 materiale.","breadcrumb":{"@id":"https:\/\/digitalworkflowmasters.com\/romana\/shop\/sirona-scanner\/#breadcrumb"},"inLanguage":"ro-RO","potentialAction":[{"@type":"ReadAction","target":["https:\/\/digitalworkflowmasters.com\/romana\/shop\/sirona-scanner\/"]}]},{"@type":"ImageObject","inLanguage":"ro-RO","@id":"https:\/\/digitalworkflowmasters.com\/romana\/shop\/sirona-scanner\/#primaryimage","url":"https:\/\/digitalworkflowmasters.com\/romana\/wp-content\/uploads\/2025\/03\/primescan-connect-sirona-1.jpg","contentUrl":"https:\/\/digitalworkflowmasters.com\/romana\/wp-content\/uploads\/2025\/03\/primescan-connect-sirona-1.jpg","width":800,"height":800},{"@type":"BreadcrumbList","@id":"https:\/\/digitalworkflowmasters.com\/romana\/shop\/sirona-scanner\/#breadcrumb","itemListElement":[{"@type":"ListItem","position":1,"name":"Home","item":"https:\/\/digitalworkflowmasters.com\/romana\/"},{"@type":"ListItem","position":2,"name":"Products","item":"https:\/\/digitalworkflowmasters.com\/romana\/shop\/"},{"@type":"ListItem","position":3,"name":"CAD CAM","item":"https:\/\/digitalworkflowmasters.com\/romana\/product-category\/cad-cam\/"},{"@type":"ListItem","position":4,"name":"Scannere Intraorale","item":"https:\/\/digitalworkflowmasters.com\/romana\/product-category\/cad-cam\/scannere-intraorale\/"},{"@type":"ListItem","position":5,"name":"Scanner Intraoral Sirona Primescan"}]},{"@type":"WebSite","@id":"https:\/\/digitalworkflowmasters.com\/romana\/#website","url":"https:\/\/digitalworkflowmasters.com\/romana\/","name":"Digital Workflow Masters","description":"Premium Dental Equipment","publisher":{"@id":"https:\/\/digitalworkflowmasters.com\/romana\/#organization"},"potentialAction":[{"@type":"SearchAction","target":{"@type":"EntryPoint","urlTemplate":"https:\/\/digitalworkflowmasters.com\/romana\/?s={search_term_string}"},"query-input":{"@type":"PropertyValueSpecification","valueRequired":true,"valueName":"search_term_string"}}],"inLanguage":"ro-RO"},{"@type":"Organization","@id":"https:\/\/digitalworkflowmasters.com\/romana\/#organization","name":"Digital Workflow Masters","url":"https:\/\/digitalworkflowmasters.com\/romana\/","logo":{"@type":"ImageObject","inLanguage":"ro-RO","@id":"https:\/\/digitalworkflowmasters.com\/romana\/#\/schema\/logo\/image\/","url":"https:\/\/digitalworkflowmasters.com\/romana\/wp-content\/uploads\/2025\/08\/1.png","contentUrl":"https:\/\/digitalworkflowmasters.com\/romana\/wp-content\/uploads\/2025\/08\/1.png","width":1080,"height":1080,"caption":"Digital Workflow Masters"},"image":{"@id":"https:\/\/digitalworkflowmasters.com\/romana\/#\/schema\/logo\/image\/"},"sameAs":["https:\/\/www.facebook.com\/digitalworkflowmasters\/","https:\/\/www.instagram.com\/digitalworkflowmasters\/"]}]}},"_links":{"self":[{"href":"https:\/\/digitalworkflowmasters.com\/romana\/wp-json\/wp\/v2\/product\/8486","targetHints":{"allow":["GET"]}}],"collection":[{"href":"https:\/\/digitalworkflowmasters.com\/romana\/wp-json\/wp\/v2\/product"}],"about":[{"href":"https:\/\/digitalworkflowmasters.com\/romana\/wp-json\/wp\/v2\/types\/product"}],"version-history":[{"count":0,"href":"https:\/\/digitalworkflowmasters.com\/romana\/wp-json\/wp\/v2\/product\/8486\/revisions"}],"wp:featuredmedia":[{"embeddable":true,"href":"https:\/\/digitalworkflowmasters.com\/romana\/wp-json\/wp\/v2\/media\/33141"}],"wp:attachment":[{"href":"https:\/\/digitalworkflowmasters.com\/romana\/wp-json\/wp\/v2\/media?parent=8486"}],"wp:term":[{"taxonomy":"product_brand","embeddable":true,"href":"https:\/\/digitalworkflowmasters.com\/romana\/wp-json\/wp\/v2\/product_brand?post=8486"},{"taxonomy":"product_cat","embeddable":true,"href":"https:\/\/digitalworkflowmasters.com\/romana\/wp-json\/wp\/v2\/product_cat?post=8486"},{"taxonomy":"product_tag","embeddable":true,"href":"https:\/\/digitalworkflowmasters.com\/romana\/wp-json\/wp\/v2\/product_tag?post=8486"}],"curies":[{"name":"wp","href":"https:\/\/api.w.org\/{rel}","templated":true}]}}