{"id":8516,"date":"2025-03-26T08:33:35","date_gmt":"2025-03-26T08:33:35","guid":{"rendered":"https:\/\/digitalworkflowmasters.com\/?post_type=product&#038;p=8516"},"modified":"2025-06-25T20:00:30","modified_gmt":"2025-06-25T20:00:30","slug":"ez3di-dental-imaging-software","status":"publish","type":"product","link":"https:\/\/digitalworkflowmasters.com\/romana\/shop\/ez3di-dental-imaging-software\/","title":{"rendered":"Software imagistica dentara Ez3Di"},"content":{"rendered":"<h3 data-start=\"129\" data-end=\"194\"><strong data-start=\"133\" data-end=\"194\">Software de imagistic\u0103 dentar\u0103 Ez3Di<\/strong><\/h3>\n<p data-start=\"196\" data-end=\"492\"><strong data-start=\"196\" data-end=\"205\">Ez3Di<\/strong> este un software intuitiv \u0219i performant de <strong data-start=\"249\" data-end=\"333\">vizualizare \u0219i analiz\u0103 a imaginilor dentare CBCT (Cone Beam Computed Tomography)<\/strong>, dezvoltat de Vatech pentru a oferi profesioni\u0219tilor din domeniul stomatologic un instrument precis \u0219i eficient \u00een diagnosticul \u0219i planificarea tratamentului.<\/p>\n<p data-start=\"494\" data-end=\"927\">Ez3Di permite interpretarea rapid\u0103 a imaginilor 3D, oferind vizualizare multiplanar\u0103 (MPR), reconstruc\u021bii panoramice \u0219i transversale, precum \u0219i func\u021bii avansate pentru <strong data-start=\"662\" data-end=\"772\">planificarea implanturilor, m\u0103sur\u0103tori anatomice, evaluarea canalelor radiculare \u0219i a sinusurilor maxilare<\/strong>. Interfa\u021ba este prietenoas\u0103 \u0219i u\u0219or de utilizat, ceea ce face software-ul accesibil at\u00e2t \u00een cabinetele individuale, c\u00e2t \u0219i \u00een clinicile multidisciplinare.<\/p>\n<p data-start=\"929\" data-end=\"1162\">Fiind compatibil cu imagistica CBCT produs\u0103 de echipamentele <strong data-start=\"990\" data-end=\"1000\">Vatech<\/strong>, Ez3Di ofer\u0103 integrare complet\u0103 cu scanerele din seria PaX-i \u0219i PaX-i3D, dar suport\u0103 \u0219i importul fi\u0219ierelor <strong data-start=\"1109\" data-end=\"1118\">DICOM<\/strong> pentru vizualizarea datelor din alte surse.<\/p>\n<hr data-start=\"1164\" data-end=\"1167\" \/>\n<h3 data-start=\"1169\" data-end=\"1197\"><strong data-start=\"1173\" data-end=\"1197\">Utiliz\u0103ri ale Ez3Di:<\/strong><\/h3>\n<ul data-start=\"1198\" data-end=\"1449\">\n<li data-start=\"1198\" data-end=\"1251\">\n<p data-start=\"1200\" data-end=\"1251\">Vizualizare \u0219i analiz\u0103 a imaginilor CBCT 2D \u0219i 3D<\/p>\n<\/li>\n<li data-start=\"1252\" data-end=\"1293\">\n<p data-start=\"1254\" data-end=\"1293\">Planificare pentru implanturi dentare<\/p>\n<\/li>\n<li data-start=\"1294\" data-end=\"1332\">\n<p data-start=\"1296\" data-end=\"1332\">Analiz\u0103 endodontic\u0103 \u0219i ortodontic\u0103<\/p>\n<\/li>\n<li data-start=\"1333\" data-end=\"1382\">\n<p data-start=\"1335\" data-end=\"1382\">M\u0103sur\u0103tori \u0219i reconstruc\u021bii anatomice precise<\/p>\n<\/li>\n<li data-start=\"1383\" data-end=\"1449\">\n<p data-start=\"1385\" data-end=\"1449\">Export \u0219i partajare de imagini \u0219i rapoarte \u00een format DICOM\/PDF<\/p>\n<\/li>\n<\/ul>\n<hr data-start=\"1451\" data-end=\"1454\" \/>\n<h3 data-start=\"1456\" data-end=\"1473\"><strong data-start=\"1460\" data-end=\"1473\">Avantaje:<\/strong><\/h3>\n<ul data-start=\"1474\" data-end=\"1768\">\n<li data-start=\"1474\" data-end=\"1520\">\n<p data-start=\"1476\" data-end=\"1520\"><strong data-start=\"1476\" data-end=\"1518\">Interfa\u021b\u0103 intuitiv\u0103 \u0219i u\u0219or de folosit<\/strong><\/p>\n<\/li>\n<li data-start=\"1521\" data-end=\"1604\">\n<p data-start=\"1523\" data-end=\"1604\"><strong data-start=\"1523\" data-end=\"1602\">Instrumente clinice dedicate pentru implantologie, endodon\u021bie \u0219i ortodon\u021bie<\/strong><\/p>\n<\/li>\n<li data-start=\"1605\" data-end=\"1645\">\n<p data-start=\"1607\" data-end=\"1645\"><strong data-start=\"1607\" data-end=\"1643\">Compatibilitate cu fi\u0219iere DICOM<\/strong><\/p>\n<\/li>\n<li data-start=\"1646\" data-end=\"1700\">\n<p data-start=\"1648\" data-end=\"1700\"><strong data-start=\"1648\" data-end=\"1698\">Reconstruc\u021bii panoramice \u0219i sec\u021bionale precise<\/strong><\/p>\n<\/li>\n<li data-start=\"1701\" data-end=\"1768\">\n<p data-start=\"1703\" data-end=\"1768\"><strong data-start=\"1703\" data-end=\"1766\">Integrare perfect\u0103 cu echipamentele Vatech (PaX-i, PaX-i3D)<\/strong><\/p>\n<\/li>\n<\/ul>\n","protected":false},"excerpt":{"rendered":"<p><strong data-start=\"1821\" data-end=\"1830\">Ez3Di<\/strong> este un software inteligent de imagistic\u0103 dentar\u0103 3D, ideal pentru vizualizare CBCT, planificare implanturi \u0219i diagnostic avansat. Rapid, precis, intuitiv.<\/p>\n","protected":false},"featured_media":33163,"template":"","meta":{"_acf_changed":false,"om_disable_all_campaigns":false},"product_brand":[],"product_cat":[471],"product_tag":[],"class_list":{"0":"post-8516","1":"product","2":"type-product","3":"status-publish","4":"has-post-thumbnail","6":"product_cat-software-radiology-radiology","8":"first","9":"instock","10":"shipping-taxable","11":"product-type-simple"},"acf":[],"yoast_head":"<!-- This site is optimized with the Yoast SEO plugin v25.3 - https:\/\/yoast.com\/wordpress\/plugins\/seo\/ -->\n<title>Software imagistica dentara Ez3Di - Digital Workflow Masters<\/title>\n<meta name=\"description\" content=\"Ez3Di \u2013 software de imagistic\u0103 dentar\u0103 CBCT. Vizualizare 3D, planificare implanturi \u0219i analiz\u0103 precis\u0103. Compatibil DICOM, integrat cu sistemele Vatech.\" \/>\n<meta name=\"robots\" content=\"index, follow, max-snippet:-1, max-image-preview:large, max-video-preview:-1\" \/>\n<link rel=\"canonical\" href=\"https:\/\/digitalworkflowmasters.com\/romana\/shop\/ez3di-dental-imaging-software\/\" \/>\n<meta property=\"og:locale\" content=\"ro_RO\" \/>\n<meta property=\"og:type\" content=\"article\" \/>\n<meta property=\"og:title\" content=\"Software imagistica dentara Ez3Di - Digital Workflow Masters\" \/>\n<meta property=\"og:description\" content=\"Ez3Di \u2013 software de imagistic\u0103 dentar\u0103 CBCT. Vizualizare 3D, planificare implanturi \u0219i analiz\u0103 precis\u0103. Compatibil DICOM, integrat cu sistemele Vatech.\" \/>\n<meta property=\"og:url\" content=\"https:\/\/digitalworkflowmasters.com\/romana\/shop\/ez3di-dental-imaging-software\/\" \/>\n<meta property=\"og:site_name\" content=\"Digital Workflow Masters\" \/>\n<meta property=\"article:publisher\" content=\"https:\/\/www.facebook.com\/digitalworkflowmasters\/\" \/>\n<meta property=\"article:modified_time\" content=\"2025-06-25T20:00:30+00:00\" \/>\n<meta property=\"og:image\" content=\"https:\/\/digitalworkflowmasters.com\/romana\/wp-content\/uploads\/2025\/03\/Software-Ez3Di-1-1.jpg\" \/>\n\t<meta property=\"og:image:width\" content=\"1200\" \/>\n\t<meta property=\"og:image:height\" content=\"1200\" \/>\n\t<meta property=\"og:image:type\" content=\"image\/jpeg\" \/>\n<meta name=\"twitter:card\" content=\"summary_large_image\" \/>\n<meta name=\"twitter:label1\" content=\"Timp estimat pentru citire\" \/>\n\t<meta name=\"twitter:data1\" content=\"2 minute\" \/>\n<script type=\"application\/ld+json\" class=\"yoast-schema-graph\">{\"@context\":\"https:\/\/schema.org\",\"@graph\":[{\"@type\":\"WebPage\",\"@id\":\"https:\/\/digitalworkflowmasters.com\/romana\/shop\/ez3di-dental-imaging-software\/\",\"url\":\"https:\/\/digitalworkflowmasters.com\/romana\/shop\/ez3di-dental-imaging-software\/\",\"name\":\"Software imagistica dentara Ez3Di - Digital Workflow Masters\",\"isPartOf\":{\"@id\":\"https:\/\/digitalworkflowmasters.com\/romana\/#website\"},\"primaryImageOfPage\":{\"@id\":\"https:\/\/digitalworkflowmasters.com\/romana\/shop\/ez3di-dental-imaging-software\/#primaryimage\"},\"image\":{\"@id\":\"https:\/\/digitalworkflowmasters.com\/romana\/shop\/ez3di-dental-imaging-software\/#primaryimage\"},\"thumbnailUrl\":\"https:\/\/digitalworkflowmasters.com\/romana\/wp-content\/uploads\/2025\/03\/Software-Ez3Di-1-1.jpg\",\"datePublished\":\"2025-03-26T08:33:35+00:00\",\"dateModified\":\"2025-06-25T20:00:30+00:00\",\"description\":\"Ez3Di \u2013 software de imagistic\u0103 dentar\u0103 CBCT. Vizualizare 3D, planificare implanturi \u0219i analiz\u0103 precis\u0103. Compatibil DICOM, integrat cu sistemele Vatech.\",\"breadcrumb\":{\"@id\":\"https:\/\/digitalworkflowmasters.com\/romana\/shop\/ez3di-dental-imaging-software\/#breadcrumb\"},\"inLanguage\":\"ro-RO\",\"potentialAction\":[{\"@type\":\"ReadAction\",\"target\":[\"https:\/\/digitalworkflowmasters.com\/romana\/shop\/ez3di-dental-imaging-software\/\"]}]},{\"@type\":\"ImageObject\",\"inLanguage\":\"ro-RO\",\"@id\":\"https:\/\/digitalworkflowmasters.com\/romana\/shop\/ez3di-dental-imaging-software\/#primaryimage\",\"url\":\"https:\/\/digitalworkflowmasters.com\/romana\/wp-content\/uploads\/2025\/03\/Software-Ez3Di-1-1.jpg\",\"contentUrl\":\"https:\/\/digitalworkflowmasters.com\/romana\/wp-content\/uploads\/2025\/03\/Software-Ez3Di-1-1.jpg\",\"width\":1200,\"height\":1200},{\"@type\":\"BreadcrumbList\",\"@id\":\"https:\/\/digitalworkflowmasters.com\/romana\/shop\/ez3di-dental-imaging-software\/#breadcrumb\",\"itemListElement\":[{\"@type\":\"ListItem\",\"position\":1,\"name\":\"Home\",\"item\":\"https:\/\/digitalworkflowmasters.com\/romana\/\"},{\"@type\":\"ListItem\",\"position\":2,\"name\":\"Products\",\"item\":\"https:\/\/digitalworkflowmasters.com\/romana\/shop\/\"},{\"@type\":\"ListItem\",\"position\":3,\"name\":\"Radiology, Radiology\",\"item\":\"https:\/\/digitalworkflowmasters.com\/romana\/product-category\/radiology-radiology\/\"},{\"@type\":\"ListItem\",\"position\":4,\"name\":\"Software\",\"item\":\"https:\/\/digitalworkflowmasters.com\/romana\/product-category\/radiology-radiology\/software-radiology-radiology\/\"},{\"@type\":\"ListItem\",\"position\":5,\"name\":\"Software imagistica dentara Ez3Di\"}]},{\"@type\":\"WebSite\",\"@id\":\"https:\/\/digitalworkflowmasters.com\/romana\/#website\",\"url\":\"https:\/\/digitalworkflowmasters.com\/romana\/\",\"name\":\"Digital Workflow Masters\",\"description\":\"Premium Dental Equipment\",\"publisher\":{\"@id\":\"https:\/\/digitalworkflowmasters.com\/romana\/#organization\"},\"potentialAction\":[{\"@type\":\"SearchAction\",\"target\":{\"@type\":\"EntryPoint\",\"urlTemplate\":\"https:\/\/digitalworkflowmasters.com\/romana\/?s={search_term_string}\"},\"query-input\":{\"@type\":\"PropertyValueSpecification\",\"valueRequired\":true,\"valueName\":\"search_term_string\"}}],\"inLanguage\":\"ro-RO\"},{\"@type\":\"Organization\",\"@id\":\"https:\/\/digitalworkflowmasters.com\/romana\/#organization\",\"name\":\"Digital Workflow Masters\",\"url\":\"https:\/\/digitalworkflowmasters.com\/romana\/\",\"logo\":{\"@type\":\"ImageObject\",\"inLanguage\":\"ro-RO\",\"@id\":\"https:\/\/digitalworkflowmasters.com\/romana\/#\/schema\/logo\/image\/\",\"url\":\"https:\/\/digitalworkflowmasters.com\/romana\/wp-content\/uploads\/2025\/08\/1.png\",\"contentUrl\":\"https:\/\/digitalworkflowmasters.com\/romana\/wp-content\/uploads\/2025\/08\/1.png\",\"width\":1080,\"height\":1080,\"caption\":\"Digital Workflow Masters\"},\"image\":{\"@id\":\"https:\/\/digitalworkflowmasters.com\/romana\/#\/schema\/logo\/image\/\"},\"sameAs\":[\"https:\/\/www.facebook.com\/digitalworkflowmasters\/\",\"https:\/\/www.instagram.com\/digitalworkflowmasters\/\"]}]}<\/script>\n<!-- \/ Yoast SEO plugin. -->","yoast_head_json":{"title":"Software imagistica dentara Ez3Di - Digital Workflow Masters","description":"Ez3Di \u2013 software de imagistic\u0103 dentar\u0103 CBCT. Vizualizare 3D, planificare implanturi \u0219i analiz\u0103 precis\u0103. Compatibil DICOM, integrat cu sistemele Vatech.","robots":{"index":"index","follow":"follow","max-snippet":"max-snippet:-1","max-image-preview":"max-image-preview:large","max-video-preview":"max-video-preview:-1"},"canonical":"https:\/\/digitalworkflowmasters.com\/romana\/shop\/ez3di-dental-imaging-software\/","og_locale":"ro_RO","og_type":"article","og_title":"Software imagistica dentara Ez3Di - Digital Workflow Masters","og_description":"Ez3Di \u2013 software de imagistic\u0103 dentar\u0103 CBCT. Vizualizare 3D, planificare implanturi \u0219i analiz\u0103 precis\u0103. Compatibil DICOM, integrat cu sistemele Vatech.","og_url":"https:\/\/digitalworkflowmasters.com\/romana\/shop\/ez3di-dental-imaging-software\/","og_site_name":"Digital Workflow Masters","article_publisher":"https:\/\/www.facebook.com\/digitalworkflowmasters\/","article_modified_time":"2025-06-25T20:00:30+00:00","og_image":[{"width":1200,"height":1200,"url":"https:\/\/digitalworkflowmasters.com\/romana\/wp-content\/uploads\/2025\/03\/Software-Ez3Di-1-1.jpg","type":"image\/jpeg"}],"twitter_card":"summary_large_image","twitter_misc":{"Timp estimat pentru citire":"2 minute"},"schema":{"@context":"https:\/\/schema.org","@graph":[{"@type":"WebPage","@id":"https:\/\/digitalworkflowmasters.com\/romana\/shop\/ez3di-dental-imaging-software\/","url":"https:\/\/digitalworkflowmasters.com\/romana\/shop\/ez3di-dental-imaging-software\/","name":"Software imagistica dentara Ez3Di - Digital Workflow Masters","isPartOf":{"@id":"https:\/\/digitalworkflowmasters.com\/romana\/#website"},"primaryImageOfPage":{"@id":"https:\/\/digitalworkflowmasters.com\/romana\/shop\/ez3di-dental-imaging-software\/#primaryimage"},"image":{"@id":"https:\/\/digitalworkflowmasters.com\/romana\/shop\/ez3di-dental-imaging-software\/#primaryimage"},"thumbnailUrl":"https:\/\/digitalworkflowmasters.com\/romana\/wp-content\/uploads\/2025\/03\/Software-Ez3Di-1-1.jpg","datePublished":"2025-03-26T08:33:35+00:00","dateModified":"2025-06-25T20:00:30+00:00","description":"Ez3Di \u2013 software de imagistic\u0103 dentar\u0103 CBCT. Vizualizare 3D, planificare implanturi \u0219i analiz\u0103 precis\u0103. Compatibil DICOM, integrat cu sistemele Vatech.","breadcrumb":{"@id":"https:\/\/digitalworkflowmasters.com\/romana\/shop\/ez3di-dental-imaging-software\/#breadcrumb"},"inLanguage":"ro-RO","potentialAction":[{"@type":"ReadAction","target":["https:\/\/digitalworkflowmasters.com\/romana\/shop\/ez3di-dental-imaging-software\/"]}]},{"@type":"ImageObject","inLanguage":"ro-RO","@id":"https:\/\/digitalworkflowmasters.com\/romana\/shop\/ez3di-dental-imaging-software\/#primaryimage","url":"https:\/\/digitalworkflowmasters.com\/romana\/wp-content\/uploads\/2025\/03\/Software-Ez3Di-1-1.jpg","contentUrl":"https:\/\/digitalworkflowmasters.com\/romana\/wp-content\/uploads\/2025\/03\/Software-Ez3Di-1-1.jpg","width":1200,"height":1200},{"@type":"BreadcrumbList","@id":"https:\/\/digitalworkflowmasters.com\/romana\/shop\/ez3di-dental-imaging-software\/#breadcrumb","itemListElement":[{"@type":"ListItem","position":1,"name":"Home","item":"https:\/\/digitalworkflowmasters.com\/romana\/"},{"@type":"ListItem","position":2,"name":"Products","item":"https:\/\/digitalworkflowmasters.com\/romana\/shop\/"},{"@type":"ListItem","position":3,"name":"Radiology, Radiology","item":"https:\/\/digitalworkflowmasters.com\/romana\/product-category\/radiology-radiology\/"},{"@type":"ListItem","position":4,"name":"Software","item":"https:\/\/digitalworkflowmasters.com\/romana\/product-category\/radiology-radiology\/software-radiology-radiology\/"},{"@type":"ListItem","position":5,"name":"Software imagistica dentara Ez3Di"}]},{"@type":"WebSite","@id":"https:\/\/digitalworkflowmasters.com\/romana\/#website","url":"https:\/\/digitalworkflowmasters.com\/romana\/","name":"Digital Workflow Masters","description":"Premium Dental Equipment","publisher":{"@id":"https:\/\/digitalworkflowmasters.com\/romana\/#organization"},"potentialAction":[{"@type":"SearchAction","target":{"@type":"EntryPoint","urlTemplate":"https:\/\/digitalworkflowmasters.com\/romana\/?s={search_term_string}"},"query-input":{"@type":"PropertyValueSpecification","valueRequired":true,"valueName":"search_term_string"}}],"inLanguage":"ro-RO"},{"@type":"Organization","@id":"https:\/\/digitalworkflowmasters.com\/romana\/#organization","name":"Digital Workflow Masters","url":"https:\/\/digitalworkflowmasters.com\/romana\/","logo":{"@type":"ImageObject","inLanguage":"ro-RO","@id":"https:\/\/digitalworkflowmasters.com\/romana\/#\/schema\/logo\/image\/","url":"https:\/\/digitalworkflowmasters.com\/romana\/wp-content\/uploads\/2025\/08\/1.png","contentUrl":"https:\/\/digitalworkflowmasters.com\/romana\/wp-content\/uploads\/2025\/08\/1.png","width":1080,"height":1080,"caption":"Digital Workflow Masters"},"image":{"@id":"https:\/\/digitalworkflowmasters.com\/romana\/#\/schema\/logo\/image\/"},"sameAs":["https:\/\/www.facebook.com\/digitalworkflowmasters\/","https:\/\/www.instagram.com\/digitalworkflowmasters\/"]}]}},"_links":{"self":[{"href":"https:\/\/digitalworkflowmasters.com\/romana\/wp-json\/wp\/v2\/product\/8516","targetHints":{"allow":["GET"]}}],"collection":[{"href":"https:\/\/digitalworkflowmasters.com\/romana\/wp-json\/wp\/v2\/product"}],"about":[{"href":"https:\/\/digitalworkflowmasters.com\/romana\/wp-json\/wp\/v2\/types\/product"}],"version-history":[{"count":0,"href":"https:\/\/digitalworkflowmasters.com\/romana\/wp-json\/wp\/v2\/product\/8516\/revisions"}],"wp:featuredmedia":[{"embeddable":true,"href":"https:\/\/digitalworkflowmasters.com\/romana\/wp-json\/wp\/v2\/media\/33163"}],"wp:attachment":[{"href":"https:\/\/digitalworkflowmasters.com\/romana\/wp-json\/wp\/v2\/media?parent=8516"}],"wp:term":[{"taxonomy":"product_brand","embeddable":true,"href":"https:\/\/digitalworkflowmasters.com\/romana\/wp-json\/wp\/v2\/product_brand?post=8516"},{"taxonomy":"product_cat","embeddable":true,"href":"https:\/\/digitalworkflowmasters.com\/romana\/wp-json\/wp\/v2\/product_cat?post=8516"},{"taxonomy":"product_tag","embeddable":true,"href":"https:\/\/digitalworkflowmasters.com\/romana\/wp-json\/wp\/v2\/product_tag?post=8516"}],"curies":[{"name":"wp","href":"https:\/\/api.w.org\/{rel}","templated":true}]}}