{"id":9805,"date":"2025-03-26T08:33:36","date_gmt":"2025-03-26T08:33:36","guid":{"rendered":"https:\/\/digitalworkflowmasters.com\/?post_type=product&#038;p=9805"},"modified":"2025-03-26T12:23:04","modified_gmt":"2025-03-26T12:23:04","slug":"bien-air-11l-microseries-contra-angle-handpiece","status":"publish","type":"product","link":"https:\/\/digitalworkflowmasters.com\/romana\/shop\/bien-air-11l-microseries-contra-angle-handpiece\/","title":{"rendered":"Bien Air 1:1L MicroSeries contra-angle handpiece"},"content":{"rendered":"<p>The Bien Air 1:1L MicroSeries contra-angle handpiece with fiber optics is compatible with the entire range of Bien Air micromotors and is the perfect solution for dentists seeking precision and reliability.<br \/>\nThe Bien Air 1:1L MicroSeries contra-angle handpiece stands out for its precision, safety, and silence, featuring dual illumination through DuaLook LIGHT technology and 3 separate water\/air channels.<br \/>\nThe Bien Air 1:1L MicroSeries contra-angle handpiece is ergonomic, ensuring excellent grip and perfect maneuverability.<br \/>\nWith Bien Air micromotors and contra-angle handpieces, only two contra-angle handpieces are needed for most dental interventions, one with a direct 1:1 ratio and one with a 1:5 multiplication ratio.<br \/>\nThe Bien Air 1:1L MicroSeries contra-angle handpiece is up to 40% shorter and 33% lighter, providing a perfect balance and exceptional power without compromising performance.<br \/>\nBien Air contra-angle handpieces incorporate the best technologies ever developed in the field, guaranteeing unique performance and reliability.<\/p>\n<p><strong>Features:<\/strong><\/p>\n<ul>\n<li>MicroSeries<\/li>\n<li>Fiber optics<\/li>\n<li>Ratio: 1:1<\/li>\n<li>Push-button<\/li>\n<li>Maximum speed: 40,000 rpm<\/li>\n<li>Noise level: 57dB(A)<\/li>\n<li>Internal cooling<\/li>\n<li>Autoclavable at 135 degrees Celsius<\/li>\n<\/ul>\n","protected":false},"excerpt":{"rendered":"<p><span style=\"color: #f78d28;\"><b>Can&#8217;t be ordered separately. It comes together only with the Dental Unit.<b><\/b><\/b><\/span><br \/>\nThe Bien Air 1:1L MicroSeries contra-angle handpiece with fiber optics is compatible with the entire range of Bien Air micromotors and is the perfect solution for dentists seeking precision and reliability.<\/p>\n","protected":false},"featured_media":33209,"template":"","meta":{"_acf_changed":false,"om_disable_all_campaigns":false},"product_brand":[],"product_cat":[461],"product_tag":[],"class_list":{"0":"post-9805","1":"product","2":"type-product","3":"status-publish","4":"has-post-thumbnail","6":"product_cat-piese-de-mana-contraunghi-piese-de-mana","8":"first","9":"instock","10":"shipping-taxable","11":"purchasable","12":"product-type-simple"},"acf":[],"yoast_head":"<!-- This site is optimized with the Yoast SEO plugin v25.3 - https:\/\/yoast.com\/wordpress\/plugins\/seo\/ -->\n<title>Bien Air 1:1L MicroSeries contra-angle handpiece - Digital Workflow Masters<\/title>\n<meta name=\"robots\" content=\"index, follow, max-snippet:-1, max-image-preview:large, max-video-preview:-1\" \/>\n<link rel=\"canonical\" href=\"https:\/\/digitalworkflowmasters.com\/romana\/shop\/bien-air-11l-microseries-contra-angle-handpiece\/\" \/>\n<meta property=\"og:locale\" content=\"ro_RO\" \/>\n<meta property=\"og:type\" content=\"article\" \/>\n<meta property=\"og:title\" content=\"Bien Air 1:1L MicroSeries contra-angle handpiece - Digital Workflow Masters\" \/>\n<meta property=\"og:description\" content=\"Can&#039;t be ordered separately. It comes together only with the Dental Unit. The Bien Air 1:1L MicroSeries contra-angle handpiece with fiber optics is compatible with the entire range of Bien Air micromotors and is the perfect solution for dentists seeking precision and reliability.\" \/>\n<meta property=\"og:url\" content=\"https:\/\/digitalworkflowmasters.com\/romana\/shop\/bien-air-11l-microseries-contra-angle-handpiece\/\" \/>\n<meta property=\"og:site_name\" content=\"Digital Workflow Masters\" \/>\n<meta property=\"article:publisher\" content=\"https:\/\/www.facebook.com\/digitalworkflowmasters\/\" \/>\n<meta property=\"article:modified_time\" content=\"2025-03-26T12:23:04+00:00\" \/>\n<meta property=\"og:image\" content=\"https:\/\/digitalworkflowmasters.com\/romana\/wp-content\/uploads\/2025\/03\/halmadent-piesa-contraunghi-bienair-1-1L-microseries_1600691-001-1.jpg\" \/>\n\t<meta property=\"og:image:width\" content=\"1000\" \/>\n\t<meta property=\"og:image:height\" content=\"1000\" \/>\n\t<meta property=\"og:image:type\" content=\"image\/jpeg\" \/>\n<meta name=\"twitter:card\" content=\"summary_large_image\" \/>\n<meta name=\"twitter:label1\" content=\"Timp estimat pentru citire\" \/>\n\t<meta name=\"twitter:data1\" content=\"1 minut\" \/>\n<script type=\"application\/ld+json\" class=\"yoast-schema-graph\">{\"@context\":\"https:\/\/schema.org\",\"@graph\":[{\"@type\":\"WebPage\",\"@id\":\"https:\/\/digitalworkflowmasters.com\/romana\/shop\/bien-air-11l-microseries-contra-angle-handpiece\/\",\"url\":\"https:\/\/digitalworkflowmasters.com\/romana\/shop\/bien-air-11l-microseries-contra-angle-handpiece\/\",\"name\":\"Bien Air 1:1L MicroSeries contra-angle handpiece - Digital Workflow Masters\",\"isPartOf\":{\"@id\":\"https:\/\/digitalworkflowmasters.com\/romana\/#website\"},\"primaryImageOfPage\":{\"@id\":\"https:\/\/digitalworkflowmasters.com\/romana\/shop\/bien-air-11l-microseries-contra-angle-handpiece\/#primaryimage\"},\"image\":{\"@id\":\"https:\/\/digitalworkflowmasters.com\/romana\/shop\/bien-air-11l-microseries-contra-angle-handpiece\/#primaryimage\"},\"thumbnailUrl\":\"https:\/\/digitalworkflowmasters.com\/romana\/wp-content\/uploads\/2025\/03\/halmadent-piesa-contraunghi-bienair-1-1L-microseries_1600691-001-1.jpg\",\"datePublished\":\"2025-03-26T08:33:36+00:00\",\"dateModified\":\"2025-03-26T12:23:04+00:00\",\"breadcrumb\":{\"@id\":\"https:\/\/digitalworkflowmasters.com\/romana\/shop\/bien-air-11l-microseries-contra-angle-handpiece\/#breadcrumb\"},\"inLanguage\":\"ro-RO\",\"potentialAction\":[{\"@type\":\"ReadAction\",\"target\":[\"https:\/\/digitalworkflowmasters.com\/romana\/shop\/bien-air-11l-microseries-contra-angle-handpiece\/\"]}]},{\"@type\":\"ImageObject\",\"inLanguage\":\"ro-RO\",\"@id\":\"https:\/\/digitalworkflowmasters.com\/romana\/shop\/bien-air-11l-microseries-contra-angle-handpiece\/#primaryimage\",\"url\":\"https:\/\/digitalworkflowmasters.com\/romana\/wp-content\/uploads\/2025\/03\/halmadent-piesa-contraunghi-bienair-1-1L-microseries_1600691-001-1.jpg\",\"contentUrl\":\"https:\/\/digitalworkflowmasters.com\/romana\/wp-content\/uploads\/2025\/03\/halmadent-piesa-contraunghi-bienair-1-1L-microseries_1600691-001-1.jpg\",\"width\":1000,\"height\":1000},{\"@type\":\"BreadcrumbList\",\"@id\":\"https:\/\/digitalworkflowmasters.com\/romana\/shop\/bien-air-11l-microseries-contra-angle-handpiece\/#breadcrumb\",\"itemListElement\":[{\"@type\":\"ListItem\",\"position\":1,\"name\":\"Home\",\"item\":\"https:\/\/digitalworkflowmasters.com\/romana\/\"},{\"@type\":\"ListItem\",\"position\":2,\"name\":\"Products\",\"item\":\"https:\/\/digitalworkflowmasters.com\/romana\/shop\/\"},{\"@type\":\"ListItem\",\"position\":3,\"name\":\"Piese de m\u00e2n\u0103\",\"item\":\"https:\/\/digitalworkflowmasters.com\/romana\/product-category\/piese-de-mana\/\"},{\"@type\":\"ListItem\",\"position\":4,\"name\":\"Piese de m\u00e2n\u0103 contraunghi, Piese de m\u00e2n\u0103\",\"item\":\"https:\/\/digitalworkflowmasters.com\/romana\/product-category\/piese-de-mana\/piese-de-mana-contraunghi-piese-de-mana\/\"},{\"@type\":\"ListItem\",\"position\":5,\"name\":\"Bien Air 1:1L MicroSeries contra-angle handpiece\"}]},{\"@type\":\"WebSite\",\"@id\":\"https:\/\/digitalworkflowmasters.com\/romana\/#website\",\"url\":\"https:\/\/digitalworkflowmasters.com\/romana\/\",\"name\":\"Digital Workflow Masters\",\"description\":\"Premium Dental Equipment\",\"publisher\":{\"@id\":\"https:\/\/digitalworkflowmasters.com\/romana\/#organization\"},\"potentialAction\":[{\"@type\":\"SearchAction\",\"target\":{\"@type\":\"EntryPoint\",\"urlTemplate\":\"https:\/\/digitalworkflowmasters.com\/romana\/?s={search_term_string}\"},\"query-input\":{\"@type\":\"PropertyValueSpecification\",\"valueRequired\":true,\"valueName\":\"search_term_string\"}}],\"inLanguage\":\"ro-RO\"},{\"@type\":\"Organization\",\"@id\":\"https:\/\/digitalworkflowmasters.com\/romana\/#organization\",\"name\":\"Digital Workflow Masters\",\"url\":\"https:\/\/digitalworkflowmasters.com\/romana\/\",\"logo\":{\"@type\":\"ImageObject\",\"inLanguage\":\"ro-RO\",\"@id\":\"https:\/\/digitalworkflowmasters.com\/romana\/#\/schema\/logo\/image\/\",\"url\":\"https:\/\/digitalworkflowmasters.com\/romana\/wp-content\/uploads\/2025\/08\/1.png\",\"contentUrl\":\"https:\/\/digitalworkflowmasters.com\/romana\/wp-content\/uploads\/2025\/08\/1.png\",\"width\":1080,\"height\":1080,\"caption\":\"Digital Workflow Masters\"},\"image\":{\"@id\":\"https:\/\/digitalworkflowmasters.com\/romana\/#\/schema\/logo\/image\/\"},\"sameAs\":[\"https:\/\/www.facebook.com\/digitalworkflowmasters\/\",\"https:\/\/www.instagram.com\/digitalworkflowmasters\/\"]}]}<\/script>\n<!-- \/ Yoast SEO plugin. -->","yoast_head_json":{"title":"Bien Air 1:1L MicroSeries contra-angle handpiece - Digital Workflow Masters","robots":{"index":"index","follow":"follow","max-snippet":"max-snippet:-1","max-image-preview":"max-image-preview:large","max-video-preview":"max-video-preview:-1"},"canonical":"https:\/\/digitalworkflowmasters.com\/romana\/shop\/bien-air-11l-microseries-contra-angle-handpiece\/","og_locale":"ro_RO","og_type":"article","og_title":"Bien Air 1:1L MicroSeries contra-angle handpiece - Digital Workflow Masters","og_description":"Can't be ordered separately. It comes together only with the Dental Unit. The Bien Air 1:1L MicroSeries contra-angle handpiece with fiber optics is compatible with the entire range of Bien Air micromotors and is the perfect solution for dentists seeking precision and reliability.","og_url":"https:\/\/digitalworkflowmasters.com\/romana\/shop\/bien-air-11l-microseries-contra-angle-handpiece\/","og_site_name":"Digital Workflow Masters","article_publisher":"https:\/\/www.facebook.com\/digitalworkflowmasters\/","article_modified_time":"2025-03-26T12:23:04+00:00","og_image":[{"width":1000,"height":1000,"url":"https:\/\/digitalworkflowmasters.com\/romana\/wp-content\/uploads\/2025\/03\/halmadent-piesa-contraunghi-bienair-1-1L-microseries_1600691-001-1.jpg","type":"image\/jpeg"}],"twitter_card":"summary_large_image","twitter_misc":{"Timp estimat pentru citire":"1 minut"},"schema":{"@context":"https:\/\/schema.org","@graph":[{"@type":"WebPage","@id":"https:\/\/digitalworkflowmasters.com\/romana\/shop\/bien-air-11l-microseries-contra-angle-handpiece\/","url":"https:\/\/digitalworkflowmasters.com\/romana\/shop\/bien-air-11l-microseries-contra-angle-handpiece\/","name":"Bien Air 1:1L MicroSeries contra-angle handpiece - Digital Workflow Masters","isPartOf":{"@id":"https:\/\/digitalworkflowmasters.com\/romana\/#website"},"primaryImageOfPage":{"@id":"https:\/\/digitalworkflowmasters.com\/romana\/shop\/bien-air-11l-microseries-contra-angle-handpiece\/#primaryimage"},"image":{"@id":"https:\/\/digitalworkflowmasters.com\/romana\/shop\/bien-air-11l-microseries-contra-angle-handpiece\/#primaryimage"},"thumbnailUrl":"https:\/\/digitalworkflowmasters.com\/romana\/wp-content\/uploads\/2025\/03\/halmadent-piesa-contraunghi-bienair-1-1L-microseries_1600691-001-1.jpg","datePublished":"2025-03-26T08:33:36+00:00","dateModified":"2025-03-26T12:23:04+00:00","breadcrumb":{"@id":"https:\/\/digitalworkflowmasters.com\/romana\/shop\/bien-air-11l-microseries-contra-angle-handpiece\/#breadcrumb"},"inLanguage":"ro-RO","potentialAction":[{"@type":"ReadAction","target":["https:\/\/digitalworkflowmasters.com\/romana\/shop\/bien-air-11l-microseries-contra-angle-handpiece\/"]}]},{"@type":"ImageObject","inLanguage":"ro-RO","@id":"https:\/\/digitalworkflowmasters.com\/romana\/shop\/bien-air-11l-microseries-contra-angle-handpiece\/#primaryimage","url":"https:\/\/digitalworkflowmasters.com\/romana\/wp-content\/uploads\/2025\/03\/halmadent-piesa-contraunghi-bienair-1-1L-microseries_1600691-001-1.jpg","contentUrl":"https:\/\/digitalworkflowmasters.com\/romana\/wp-content\/uploads\/2025\/03\/halmadent-piesa-contraunghi-bienair-1-1L-microseries_1600691-001-1.jpg","width":1000,"height":1000},{"@type":"BreadcrumbList","@id":"https:\/\/digitalworkflowmasters.com\/romana\/shop\/bien-air-11l-microseries-contra-angle-handpiece\/#breadcrumb","itemListElement":[{"@type":"ListItem","position":1,"name":"Home","item":"https:\/\/digitalworkflowmasters.com\/romana\/"},{"@type":"ListItem","position":2,"name":"Products","item":"https:\/\/digitalworkflowmasters.com\/romana\/shop\/"},{"@type":"ListItem","position":3,"name":"Piese de m\u00e2n\u0103","item":"https:\/\/digitalworkflowmasters.com\/romana\/product-category\/piese-de-mana\/"},{"@type":"ListItem","position":4,"name":"Piese de m\u00e2n\u0103 contraunghi, Piese de m\u00e2n\u0103","item":"https:\/\/digitalworkflowmasters.com\/romana\/product-category\/piese-de-mana\/piese-de-mana-contraunghi-piese-de-mana\/"},{"@type":"ListItem","position":5,"name":"Bien Air 1:1L MicroSeries contra-angle handpiece"}]},{"@type":"WebSite","@id":"https:\/\/digitalworkflowmasters.com\/romana\/#website","url":"https:\/\/digitalworkflowmasters.com\/romana\/","name":"Digital Workflow Masters","description":"Premium Dental Equipment","publisher":{"@id":"https:\/\/digitalworkflowmasters.com\/romana\/#organization"},"potentialAction":[{"@type":"SearchAction","target":{"@type":"EntryPoint","urlTemplate":"https:\/\/digitalworkflowmasters.com\/romana\/?s={search_term_string}"},"query-input":{"@type":"PropertyValueSpecification","valueRequired":true,"valueName":"search_term_string"}}],"inLanguage":"ro-RO"},{"@type":"Organization","@id":"https:\/\/digitalworkflowmasters.com\/romana\/#organization","name":"Digital Workflow Masters","url":"https:\/\/digitalworkflowmasters.com\/romana\/","logo":{"@type":"ImageObject","inLanguage":"ro-RO","@id":"https:\/\/digitalworkflowmasters.com\/romana\/#\/schema\/logo\/image\/","url":"https:\/\/digitalworkflowmasters.com\/romana\/wp-content\/uploads\/2025\/08\/1.png","contentUrl":"https:\/\/digitalworkflowmasters.com\/romana\/wp-content\/uploads\/2025\/08\/1.png","width":1080,"height":1080,"caption":"Digital Workflow Masters"},"image":{"@id":"https:\/\/digitalworkflowmasters.com\/romana\/#\/schema\/logo\/image\/"},"sameAs":["https:\/\/www.facebook.com\/digitalworkflowmasters\/","https:\/\/www.instagram.com\/digitalworkflowmasters\/"]}]}},"_links":{"self":[{"href":"https:\/\/digitalworkflowmasters.com\/romana\/wp-json\/wp\/v2\/product\/9805","targetHints":{"allow":["GET"]}}],"collection":[{"href":"https:\/\/digitalworkflowmasters.com\/romana\/wp-json\/wp\/v2\/product"}],"about":[{"href":"https:\/\/digitalworkflowmasters.com\/romana\/wp-json\/wp\/v2\/types\/product"}],"version-history":[{"count":0,"href":"https:\/\/digitalworkflowmasters.com\/romana\/wp-json\/wp\/v2\/product\/9805\/revisions"}],"wp:featuredmedia":[{"embeddable":true,"href":"https:\/\/digitalworkflowmasters.com\/romana\/wp-json\/wp\/v2\/media\/33209"}],"wp:attachment":[{"href":"https:\/\/digitalworkflowmasters.com\/romana\/wp-json\/wp\/v2\/media?parent=9805"}],"wp:term":[{"taxonomy":"product_brand","embeddable":true,"href":"https:\/\/digitalworkflowmasters.com\/romana\/wp-json\/wp\/v2\/product_brand?post=9805"},{"taxonomy":"product_cat","embeddable":true,"href":"https:\/\/digitalworkflowmasters.com\/romana\/wp-json\/wp\/v2\/product_cat?post=9805"},{"taxonomy":"product_tag","embeddable":true,"href":"https:\/\/digitalworkflowmasters.com\/romana\/wp-json\/wp\/v2\/product_tag?post=9805"}],"curies":[{"name":"wp","href":"https:\/\/api.w.org\/{rel}","templated":true}]}}